{"id":15540,"date":"2021-11-03T10:20:36","date_gmt":"2021-11-03T10:20:36","guid":{"rendered":"https:\/\/www.electroluxprofessional.com\/?page_id=2876"},"modified":"2026-04-20T10:25:32","modified_gmt":"2026-04-20T10:25:32","slug":"accesorios-consumibles","status":"publish","type":"page","link":"https:\/\/www.electroluxprofessional.com\/es\/accesorios-consumibles\/","title":{"rendered":"Accesorios y consumibles"},"content":{"rendered":"<p>[vc_row full_width=&#8221;electroluxpro-full-width-no-padding&#8221; css=&#8221;.vc_custom_1618363637527{margin-top: -40px !important;border-top-width: -40px !important;padding-top: -40px !important;}&#8221;][vc_column][elx_full_banner title=&#8221;Accesorios y consumibles&#8221; set_as_h1=&#8221;true&#8221; background_image_media_library=&#8221;15526&#8243; background_image_media_library_mobile=&#8221;15527&#8243; link=&#8221;url:%23contact|title:Descubre%20m%C3%A1s||&#8221;][vc_row_inner full_width=&#8221;electroluxpro-full-width&#8221; gap=&#8221;15&#8243;][vc_column_inner width=&#8221;1\/5&#8243;][elx_download_block text=&#8221;Accessories for protection, sanitizing and cleaning catalogue&#8221; document_type=&#8221;cat&#8221; file_picker=&#8221;24892&#8243; background_color=&#8221;electrolux-blue&#8221; background_hover_color=&#8221;lighter-hover&#8221; ca_document_number=&#8221;CAT10&#8243;][\/vc_column_inner][vc_column_inner width=&#8221;1\/5&#8243;][elx_download_block text=&#8221;Replacement Parts catalogue&#8221; document_type=&#8221;cat&#8221; file_picker=&#8221;24892&#8243; background_color=&#8221;electrolux-blue&#8221; background_hover_color=&#8221;lighter-hover&#8221; ca_document_number=&#8221;CAT7&#8243;][\/vc_column_inner][vc_column_inner width=&#8221;1\/5&#8243;][elx_download_block text=&#8221;Accessories &amp; Consumables catalogue&#8221; document_type=&#8221;cat&#8221; file_picker=&#8221;24892&#8243; background_color=&#8221;electrolux-blue&#8221; background_hover_color=&#8221;lighter-hover&#8221; ca_document_number=&#8221;CAT8&#8243;][\/vc_column_inner][vc_column_inner width=&#8221;1\/5&#8243;][elx_download_block text=&#8221;Spare Part Kits catalogue&#8221; document_type=&#8221;cat&#8221; file_picker=&#8221;24892&#8243; background_color=&#8221;electrolux-blue&#8221; background_hover_color=&#8221;lighter-hover&#8221; ca_document_number=&#8221;CAT9&#8243;][\/vc_column_inner][vc_column_inner width=&#8221;1\/5&#8243;][elx_download_block text=&#8221;Professional cleaning detergents Section Guide&#8221; file_picker=&#8221;35121&#8243; background_color=&#8221;electrolux-blue&#8221; background_hover_color=&#8221;lighter-hover&#8221;][\/vc_column_inner][\/vc_row_inner][\/vc_column][\/vc_row][vc_row][vc_column][elx_menu][\/vc_column][\/vc_row][vc_row][vc_column][elx_heading text_color=&#8221;electrolux-blue&#8221; text_align=&#8221;text-center&#8221;]Soluciones inteligentes para las necesidades de negocio del cliente[\/elx_heading][vc_column_text]<\/p>\n<p style=\"text-align: center;\">Nuestros accesorios y consumibles, sometidos al examen riguroso de expertos de Electrolux Professional, garantizan <strong>el rendimiento \u00f3ptimo de tus equipos<\/strong>. Un valor a\u00f1adido para tu negocio, ya que la durabilidad y la eficiencia de tus equipos est\u00e1 asegurada. Con el uso de accesorios y consumibles originales, el rendimiento de tu equipo seguir\u00e1 siendo de m\u00e1xima calidad y <strong>aumentar\u00e1 la eficiencia y rentabilidad<\/strong>.<\/p>\n<p>[\/vc_column_text][vc_empty_space][\/vc_column][\/vc_row][vc_row css=&#8221;.vc_custom_1523535531732{background-color: #f4f4f4 !important;}&#8221;][vc_column width=&#8221;1\/3&#8243;][vc_empty_space][elx_simple_link_block link=&#8221;url:https%3A%2F%2Fwww.electroluxprofessional.com%2Fes%2Faccesorios-y-consumibles-coccion-modular%2F|title:Modular%20cooking||&#8221; text_align=&#8221;text-left&#8221; text_color=&#8221;inherit&#8221; background_color=&#8221;inherit&#8221; background_hover_color=&#8221;darker-hover&#8221; extra_class=&#8221;&#8221; reveal_effect=&#8221;&#8221; reveal_duration=&#8221;&#8221; reveal_delay=&#8221;&#8221;][vc_single_image image=&#8221;789&#8243; img_size=&#8221;360*120&#8243;][elx_heading font_size=&#8221;h5&#8243; text_color=&#8221;inherit&#8221;]Cocci\u00f3n modular[\/elx_heading][vc_column_text]Cocedores de pasta, desengrasante profesional para superficies calientes, parrillas y freidoras.[\/vc_column_text][\/elx_simple_link_block][\/vc_column][vc_column width=&#8221;1\/3&#8243;][vc_empty_space][elx_simple_link_block link=&#8221;url:https%3A%2F%2Fwww.electroluxprofessional.com%2Fes%2Fspeedelight%2F|title:SpeeDelight||&#8221; text_align=&#8221;text-left&#8221; text_color=&#8221;inherit&#8221; background_color=&#8221;inherit&#8221; background_hover_color=&#8221;darker-hover&#8221; extra_class=&#8221;&#8221; reveal_effect=&#8221;&#8221; reveal_duration=&#8221;&#8221; reveal_delay=&#8221;&#8221;][vc_single_image image=&#8221;12053&#8243; img_size=&#8221;360*120&#8243;][elx_heading font_size=&#8221;h5&#8243; text_color=&#8221;inherit&#8221;]SpeeDelight[\/elx_heading][vc_column_text]Mant\u00e9n tu SpeeDelight en forma para que funcione a pleno rendimiento.[\/vc_column_text][\/elx_simple_link_block][\/vc_column][vc_column width=&#8221;1\/3&#8243;][vc_empty_space][elx_simple_link_block link=&#8221;url:https%3A%2F%2Fwww.electroluxprofessional.com%2Fes%2Fequipamiento-cocinas-profesionales%2Fcook-and-chill-cocinar-y-abatir%2F|title:Cook%20%26%20Chill||&#8221; text_align=&#8221;text-left&#8221; text_color=&#8221;inherit&#8221; background_color=&#8221;inherit&#8221; background_hover_color=&#8221;darker-hover&#8221; extra_class=&#8221;&#8221; reveal_effect=&#8221;&#8221; reveal_duration=&#8221;&#8221; reveal_delay=&#8221;&#8221;][vc_single_image image=&#8221;12054&#8243; img_size=&#8221;360*120&#8243;][elx_heading font_size=&#8221;h5&#8243; text_color=&#8221;inherit&#8221;]Cook and Chill[\/elx_heading][vc_column_text]Rejillas, filtros, cocci\u00f3n al vac\u00edo y ahumadores, entre muchas otras cosas.[\/vc_column_text][\/elx_simple_link_block][\/vc_column][\/vc_row][vc_row css=&#8221;.vc_custom_1523535559178{background-color: #f4f4f4 !important;}&#8221;][vc_column width=&#8221;1\/3&#8243;][elx_simple_link_block link=&#8221;url:https%3A%2F%2Fwww.electroluxprofessional.com%2Fes%2Faccesorios-y-consumibles-refrigeracion%2F|title:Refrigeration&#8221; text_align=&#8221;text-left&#8221; text_color=&#8221;inherit&#8221; background_color=&#8221;inherit&#8221; background_hover_color=&#8221;darker-hover&#8221; extra_class=&#8221;&#8221; reveal_effect=&#8221;&#8221; reveal_duration=&#8221;&#8221; reveal_delay=&#8221;&#8221;][vc_single_image image=&#8221;353&#8243; img_size=&#8221;360*120&#8243;][elx_heading font_size=&#8221;h5&#8243; text_color=&#8221;inherit&#8221;]Refrigeraci\u00f3n[\/elx_heading][vc_column_text]El activo m\u00e1s valioso en tu cocina para conservar los alimentos son los accesorios de refrigeraci\u00f3n.[\/vc_column_text][\/elx_simple_link_block][\/vc_column][vc_column width=&#8221;1\/3&#8243;][elx_simple_link_block link=&#8221;url:https%3A%2F%2Fwww.electroluxprofessional.com%2Fes%2Fequipos-lavavajillas%2F|title:Dishwashing%20equipment&#8221; text_align=&#8221;text-left&#8221; text_color=&#8221;inherit&#8221; background_color=&#8221;inherit&#8221; background_hover_color=&#8221;darker-hover&#8221; extra_class=&#8221;&#8221; reveal_effect=&#8221;&#8221; reveal_duration=&#8221;&#8221; reveal_delay=&#8221;&#8221;][vc_single_image image=&#8221;12055&#8243; img_size=&#8221;360*120&#8243;][elx_heading font_size=&#8221;h5&#8243; text_color=&#8221;inherit&#8221;]Equipos lavavajillas[\/elx_heading][vc_column_text]Elige entre una gran variedad de accesorios para complementar tu zona de lavado de vajilla.[\/vc_column_text][\/elx_simple_link_block][\/vc_column][vc_column width=&#8221;1\/3&#8243;][elx_simple_link_block link=&#8221;url:https%3A%2F%2Fwww.electroluxprofessional.com%2Fes%2Flavanderia%2F|title:Laundry||&#8221; text_align=&#8221;text-left&#8221; text_color=&#8221;inherit&#8221; background_color=&#8221;inherit&#8221; background_hover_color=&#8221;darker-hover&#8221; extra_class=&#8221;&#8221; reveal_effect=&#8221;&#8221; reveal_duration=&#8221;&#8221; reveal_delay=&#8221;&#8221;][vc_single_image image=&#8221;15538&#8243; img_size=&#8221;360*120&#8243;][elx_heading font_size=&#8221;h5&#8243; text_color=&#8221;inherit&#8221;]Lavander\u00eda[\/elx_heading][vc_column_text]Para que la lavander\u00eda tenga \u00e9xito, es importante que tambi\u00e9n las cosas peque\u00f1as funcionen seg\u00fan lo previsto.[\/vc_column_text][\/elx_simple_link_block][\/vc_column][\/vc_row][vc_row full_width=&#8221;electroluxpro-full-width&#8221;][vc_column][elx_hero_slider label_text_color=&#8221;inherit&#8221; images=&#8221;13876&#8243;][elx_heading text_color=&#8221;inherit&#8221;]Coronavirus: estudios cient\u00edficos sobre su desactivaci\u00f3n[\/elx_heading][\/elx_hero_slider][vc_row_inner][vc_column_inner][vc_empty_space][vc_column_text]La infecciosidad del coronavirus es sensible (1), (2) a:<br \/>\n\u25ba Productos qu\u00edmicos con valores de pH extremos (altamente \u00e1cidos o alcalinos)<br \/>\n\u25ba Exposici\u00f3n a temperaturas elevadas durante un periodo determinado[\/vc_column_text][vc_empty_space][\/vc_column_inner][\/vc_row_inner][vc_row_inner][vc_column_inner width=&#8221;1\/2&#8243;][vc_single_image image=&#8221;15539&#8243; img_size=&#8221;full&#8221;][\/vc_column_inner][vc_column_inner width=&#8221;1\/2&#8243;][vc_column_text]<\/p>\n<h3>La combinaci\u00f3n de nuestros equipos y de nuestros productos qu\u00edmicos seleccionados puede ofrecer al mercado una soluci\u00f3n v\u00e1lida y eficaz\u00a0para que t\u00fa, tus clientes y tu personal<br \/>\nconfi\u00e9is en que ten\u00e9is el bienestar asegurado en todo momento.<\/h3>\n<p style=\"font-size: 10px;\">* Escala logar\u00edtmica de la concentraci\u00f3n de coronavirus tras la exposici\u00f3n a sustancias qu\u00edmicas y temperaturas. T\u00e9ngase en cuenta que la seguridad est\u00e1 por debajo de\u00a0la l\u00ednea de concentraci\u00f3n log10(1) que corresponde a cero unidades.<br \/>\n(1) M. E. R. Darnell et al., Inactivaci\u00f3n del coronavirus que induce a un severo s\u00edndrome respiratorio agudo, SARS-CoV, Journal of Virological Methods 121\u00a0(2004) 85-91.<br \/>\n(2) Bio Basic Europe, verificaci\u00f3n bibliogr\u00e1fica centrada en evaluar la eficacia virucida de los procesos y productos utilizados durante los ciclos de lavado y enjuague\u00a0con lavavajillas de Electrolux Professional, 17 de julio de 2020.[\/vc_column_text][\/vc_column_inner][\/vc_row_inner][\/vc_column][\/vc_row][vc_row][vc_column][vc_empty_space][elx_heading text_color=&#8221;inherit&#8221;]\u00bfNo encuentras lo que necesitas? Ponte en contacto con nuestros partners de tu zona[\/elx_heading][elx_o2000_locator l=&#8221;en&#8221; request=&#8221;Hi, I am interested in original accessories and consumables. Please contact me within `{`&#8230;`}` via mobile \/ whatsapp \/ email. Thanks in advance.&#8221;][\/vc_column][\/vc_row][vc_row][vc_column width=&#8221;1\/3&#8243;][elx_heading text_color=&#8221;inherit&#8221;]Accesorios y consumibles originales[\/elx_heading][vc_column_text]L\u00edderes en calidad, te ofrecemos accesorios y consumibles originales para garantizar rendimiento y resultados excelentes en cuanto a higiene.[\/vc_column_text][\/vc_column][vc_column width=&#8221;1\/3&#8243;][elx_heading text_color=&#8221;inherit&#8221;]Rendimiento y calidad de larga duraci\u00f3n[\/elx_heading][vc_column_text]Prestamos especial atenci\u00f3n al ciclo de vida del rendimiento del producto. Nuestros accesorios y consumibles garantizan la calidad y la uniformidad del rendimiento.[\/vc_column_text][\/vc_column][vc_column width=&#8221;1\/3&#8243;][elx_heading text_color=&#8221;inherit&#8221;]Env\u00edos r\u00e1pidos a todo el mundo[\/elx_heading][vc_column_text]Nuestra amplia red mundial de existencias y distribuci\u00f3n garantiza que tus accesorios y consumibles originales llegar\u00e1n a tus manos en el momento preciso.[\/vc_column_text][\/vc_column][\/vc_row][vc_row el_id=&#8221;contact&#8221;][vc_column][vc_empty_space][elx_heading text_color=&#8221;inherit&#8221;]Ponte en contacto con nosotros para recibir m\u00e1s informaci\u00f3n sobre nuestros accesorios[\/elx_heading][elx_o2000_contact_us][\/vc_column][\/vc_row]<\/p>\n","protected":false},"excerpt":{"rendered":"<p>[vc_row full_width=&#8221;electroluxpro-full-width-no-padding&#8221; css=&#8221;.vc_custom_1618363637527{margin-top: -40px !important;border-top-width: -40px !important;padding-top: -40px !important;}&#8221;][vc_column][elx_full_banner title=&#8221;Accesorios y consumibles&#8221; set_as_h1=&#8221;true&#8221; background_image_media_library=&#8221;15526&#8243; background_image_media_library_mobile=&#8221;15527&#8243; link=&#8221;url:%23contact|title:Descubre%20m%C3%A1s||&#8221;][vc_row_inner full_width=&#8221;electroluxpro-full-width&#8221; gap=&#8221;15&#8243;][vc_column_inner width=&#8221;1\/5&#8243;][elx_download_block text=&#8221;Accessories for protection, sanitizing and cleaning catalogue&#8221; document_type=&#8221;cat&#8221; file_picker=&#8221;24892&#8243; background_color=&#8221;electrolux-blue&#8221; background_hover_color=&#8221;lighter-hover&#8221; ca_document_number=&#8221;CAT10&#8243;][\/vc_column_inner][vc_column_inner width=&#8221;1\/5&#8243;][elx_download_block text=&#8221;Replacement Parts catalogue&#8221; document_type=&#8221;cat&#8221; file_picker=&#8221;24892&#8243; background_color=&#8221;electrolux-blue&#8221; background_hover_color=&#8221;lighter-hover&#8221; ca_document_number=&#8221;CAT7&#8243;][\/vc_column_inner][vc_column_inner width=&#8221;1\/5&#8243;][elx_download_block text=&#8221;Accessories &amp; Consumables catalogue&#8221; document_type=&#8221;cat&#8221; file_picker=&#8221;24892&#8243; background_color=&#8221;electrolux-blue&#8221; background_hover_color=&#8221;lighter-hover&#8221; ca_document_number=&#8221;CAT8&#8243;][\/vc_column_inner][vc_column_inner width=&#8221;1\/5&#8243;][elx_download_block text=&#8221;Spare Part Kits catalogue&#8221; [&hellip;]<\/p>\n","protected":false},"author":243,"featured_media":335,"parent":0,"menu_order":0,"comment_status":"closed","ping_status":"closed","template":"","meta":{"footnotes":""},"class_list":["post-15540","page","type-page","status-publish","has-post-thumbnail","hentry"],"acf":[],"yoast_head":"<!-- This site is optimized with the Yoast SEO plugin v23.4 - https:\/\/yoast.com\/wordpress\/plugins\/seo\/ -->\n<title>Accesorios y consumibles | Electrolux Professional<\/title>\n<meta name=\"description\" content=\"Original Accessories and Consumables guarantee the best performance minimizing machine downtime and boosting the highest profitability. DOWNLOAD the official catalogue.\" \/>\n<meta name=\"robots\" content=\"index, follow, max-snippet:-1, max-image-preview:large, max-video-preview:-1\" \/>\n<link rel=\"canonical\" href=\"https:\/\/www.electroluxprofessional.com\/es\/accesorios-consumibles\/\" \/>\n<meta property=\"og:locale\" content=\"es_ES\" \/>\n<meta property=\"og:type\" content=\"article\" \/>\n<meta property=\"og:title\" content=\"Accesorios y consumibles | Electrolux Professional\" \/>\n<meta property=\"og:description\" content=\"Original Accessories and Consumables guarantee the best performance minimizing machine downtime and boosting the highest profitability. DOWNLOAD the official catalogue.\" \/>\n<meta property=\"og:url\" content=\"https:\/\/www.electroluxprofessional.com\/es\/accesorios-consumibles\/\" \/>\n<meta property=\"og:site_name\" content=\"Electrolux Professional Espa\u00f1a\" \/>\n<meta property=\"article:modified_time\" content=\"2026-04-20T10:25:32+00:00\" \/>\n<meta property=\"og:image\" content=\"https:\/\/www.electroluxprofessional.com\/es\/wp-content\/uploads\/2016\/11\/IMG_9959-as-Smart-Object-1.jpg\" \/>\n\t<meta property=\"og:image:width\" content=\"1920\" \/>\n\t<meta property=\"og:image:height\" content=\"2560\" \/>\n\t<meta property=\"og:image:type\" content=\"image\/jpeg\" \/>\n<meta name=\"twitter:card\" content=\"summary_large_image\" \/>\n<meta name=\"twitter:label1\" content=\"Tiempo de lectura\" \/>\n\t<meta name=\"twitter:data1\" content=\"4 minutos\" \/>\n<script type=\"application\/ld+json\" class=\"yoast-schema-graph\">{\"@context\":\"https:\/\/schema.org\",\"@graph\":[{\"@type\":\"WebPage\",\"@id\":\"https:\/\/www.electroluxprofessional.com\/es\/accesorios-consumibles\/\",\"url\":\"https:\/\/www.electroluxprofessional.com\/es\/accesorios-consumibles\/\",\"name\":\"Accesorios y consumibles | Electrolux Professional\",\"isPartOf\":{\"@id\":\"https:\/\/www.electroluxprofessional.com\/es\/#website\"},\"primaryImageOfPage\":{\"@id\":\"https:\/\/www.electroluxprofessional.com\/es\/accesorios-consumibles\/#primaryimage\"},\"image\":{\"@id\":\"https:\/\/www.electroluxprofessional.com\/es\/accesorios-consumibles\/#primaryimage\"},\"thumbnailUrl\":\"https:\/\/www.electroluxprofessional.com\/es\/wp-content\/uploads\/2016\/11\/IMG_9959-as-Smart-Object-1.jpg\",\"datePublished\":\"2021-11-03T10:20:36+00:00\",\"dateModified\":\"2026-04-20T10:25:32+00:00\",\"description\":\"Original Accessories and Consumables guarantee the best performance minimizing machine downtime and boosting the highest profitability. DOWNLOAD the official catalogue.\",\"breadcrumb\":{\"@id\":\"https:\/\/www.electroluxprofessional.com\/es\/accesorios-consumibles\/#breadcrumb\"},\"inLanguage\":\"es\",\"potentialAction\":[{\"@type\":\"ReadAction\",\"target\":[\"https:\/\/www.electroluxprofessional.com\/es\/accesorios-consumibles\/\"]}]},{\"@type\":\"ImageObject\",\"inLanguage\":\"es\",\"@id\":\"https:\/\/www.electroluxprofessional.com\/es\/accesorios-consumibles\/#primaryimage\",\"url\":\"https:\/\/www.electroluxprofessional.com\/es\/wp-content\/uploads\/2016\/11\/IMG_9959-as-Smart-Object-1.jpg\",\"contentUrl\":\"https:\/\/www.electroluxprofessional.com\/es\/wp-content\/uploads\/2016\/11\/IMG_9959-as-Smart-Object-1.jpg\",\"width\":1920,\"height\":2560,\"caption\":\"Eataly - Expo 2015\"},{\"@type\":\"BreadcrumbList\",\"@id\":\"https:\/\/www.electroluxprofessional.com\/es\/accesorios-consumibles\/#breadcrumb\",\"itemListElement\":[{\"@type\":\"ListItem\",\"position\":1,\"name\":\"Home\",\"item\":\"https:\/\/www.electroluxprofessional.com\/es\/\"},{\"@type\":\"ListItem\",\"position\":2,\"name\":\"Accesorios y consumibles\"}]},{\"@type\":\"WebSite\",\"@id\":\"https:\/\/www.electroluxprofessional.com\/es\/#website\",\"url\":\"https:\/\/www.electroluxprofessional.com\/es\/\",\"name\":\"Electrolux Professional Espa\u00f1a\",\"description\":\"Equipamiento cocinas profesionales y lavander\u00edas comerciales. Excelencia en el suministro de soluciones profesionales.\",\"potentialAction\":[{\"@type\":\"SearchAction\",\"target\":{\"@type\":\"EntryPoint\",\"urlTemplate\":\"https:\/\/www.electroluxprofessional.com\/es\/?src={search_term_string}\"},\"query-input\":{\"@type\":\"PropertyValueSpecification\",\"valueRequired\":true,\"valueName\":\"search_term_string\"}}],\"inLanguage\":\"es\"}]}<\/script>\n<!-- \/ Yoast SEO plugin. -->","yoast_head_json":{"title":"Accesorios y consumibles | Electrolux Professional","description":"Original Accessories and Consumables guarantee the best performance minimizing machine downtime and boosting the highest profitability. DOWNLOAD the official catalogue.","robots":{"index":"index","follow":"follow","max-snippet":"max-snippet:-1","max-image-preview":"max-image-preview:large","max-video-preview":"max-video-preview:-1"},"canonical":"https:\/\/www.electroluxprofessional.com\/es\/accesorios-consumibles\/","og_locale":"es_ES","og_type":"article","og_title":"Accesorios y consumibles | Electrolux Professional","og_description":"Original Accessories and Consumables guarantee the best performance minimizing machine downtime and boosting the highest profitability. DOWNLOAD the official catalogue.","og_url":"https:\/\/www.electroluxprofessional.com\/es\/accesorios-consumibles\/","og_site_name":"Electrolux Professional Espa\u00f1a","article_modified_time":"2026-04-20T10:25:32+00:00","og_image":[{"width":1920,"height":2560,"url":"https:\/\/www.electroluxprofessional.com\/es\/wp-content\/uploads\/2016\/11\/IMG_9959-as-Smart-Object-1.jpg","type":"image\/jpeg"}],"twitter_card":"summary_large_image","twitter_misc":{"Tiempo de lectura":"4 minutos"},"schema":{"@context":"https:\/\/schema.org","@graph":[{"@type":"WebPage","@id":"https:\/\/www.electroluxprofessional.com\/es\/accesorios-consumibles\/","url":"https:\/\/www.electroluxprofessional.com\/es\/accesorios-consumibles\/","name":"Accesorios y consumibles | Electrolux Professional","isPartOf":{"@id":"https:\/\/www.electroluxprofessional.com\/es\/#website"},"primaryImageOfPage":{"@id":"https:\/\/www.electroluxprofessional.com\/es\/accesorios-consumibles\/#primaryimage"},"image":{"@id":"https:\/\/www.electroluxprofessional.com\/es\/accesorios-consumibles\/#primaryimage"},"thumbnailUrl":"https:\/\/www.electroluxprofessional.com\/es\/wp-content\/uploads\/2016\/11\/IMG_9959-as-Smart-Object-1.jpg","datePublished":"2021-11-03T10:20:36+00:00","dateModified":"2026-04-20T10:25:32+00:00","description":"Original Accessories and Consumables guarantee the best performance minimizing machine downtime and boosting the highest profitability. DOWNLOAD the official catalogue.","breadcrumb":{"@id":"https:\/\/www.electroluxprofessional.com\/es\/accesorios-consumibles\/#breadcrumb"},"inLanguage":"es","potentialAction":[{"@type":"ReadAction","target":["https:\/\/www.electroluxprofessional.com\/es\/accesorios-consumibles\/"]}]},{"@type":"ImageObject","inLanguage":"es","@id":"https:\/\/www.electroluxprofessional.com\/es\/accesorios-consumibles\/#primaryimage","url":"https:\/\/www.electroluxprofessional.com\/es\/wp-content\/uploads\/2016\/11\/IMG_9959-as-Smart-Object-1.jpg","contentUrl":"https:\/\/www.electroluxprofessional.com\/es\/wp-content\/uploads\/2016\/11\/IMG_9959-as-Smart-Object-1.jpg","width":1920,"height":2560,"caption":"Eataly - Expo 2015"},{"@type":"BreadcrumbList","@id":"https:\/\/www.electroluxprofessional.com\/es\/accesorios-consumibles\/#breadcrumb","itemListElement":[{"@type":"ListItem","position":1,"name":"Home","item":"https:\/\/www.electroluxprofessional.com\/es\/"},{"@type":"ListItem","position":2,"name":"Accesorios y consumibles"}]},{"@type":"WebSite","@id":"https:\/\/www.electroluxprofessional.com\/es\/#website","url":"https:\/\/www.electroluxprofessional.com\/es\/","name":"Electrolux Professional Espa\u00f1a","description":"Equipamiento cocinas profesionales y lavander\u00edas comerciales. Excelencia en el suministro de soluciones profesionales.","potentialAction":[{"@type":"SearchAction","target":{"@type":"EntryPoint","urlTemplate":"https:\/\/www.electroluxprofessional.com\/es\/?src={search_term_string}"},"query-input":{"@type":"PropertyValueSpecification","valueRequired":true,"valueName":"search_term_string"}}],"inLanguage":"es"}]}},"_links":{"self":[{"href":"https:\/\/www.electroluxprofessional.com\/es\/wp-json\/wp\/v2\/pages\/15540"}],"collection":[{"href":"https:\/\/www.electroluxprofessional.com\/es\/wp-json\/wp\/v2\/pages"}],"about":[{"href":"https:\/\/www.electroluxprofessional.com\/es\/wp-json\/wp\/v2\/types\/page"}],"author":[{"embeddable":true,"href":"https:\/\/www.electroluxprofessional.com\/es\/wp-json\/wp\/v2\/users\/243"}],"replies":[{"embeddable":true,"href":"https:\/\/www.electroluxprofessional.com\/es\/wp-json\/wp\/v2\/comments?post=15540"}],"version-history":[{"count":17,"href":"https:\/\/www.electroluxprofessional.com\/es\/wp-json\/wp\/v2\/pages\/15540\/revisions"}],"predecessor-version":[{"id":26180,"href":"https:\/\/www.electroluxprofessional.com\/es\/wp-json\/wp\/v2\/pages\/15540\/revisions\/26180"}],"wp:featuredmedia":[{"embeddable":true,"href":"https:\/\/www.electroluxprofessional.com\/es\/wp-json\/wp\/v2\/media\/335"}],"wp:attachment":[{"href":"https:\/\/www.electroluxprofessional.com\/es\/wp-json\/wp\/v2\/media?parent=15540"}],"curies":[{"name":"wp","href":"https:\/\/api.w.org\/{rel}","templated":true}]}}