{"id":15246,"date":"2021-09-14T08:07:59","date_gmt":"2021-09-14T08:07:59","guid":{"rendered":"https:\/\/www.electroluxprofessional.com\/?page_id=5948"},"modified":"2025-02-26T10:27:43","modified_gmt":"2025-02-26T10:27:43","slug":"guia-de-seleccion-de-discos-de-corte","status":"publish","type":"page","link":"https:\/\/www.electroluxprofessional.com\/es\/guia-de-seleccion-de-discos-de-corte\/","title":{"rendered":"Gu\u00eda de selecci\u00f3n de discos de corte"},"content":{"rendered":"<p>[vc_row full_width=&#8221;electroluxpro-full-width-no-padding&#8221;][vc_column][vc_single_image image=&#8221;1211&#8243; img_size=&#8221;2000&#215;350&#8243; alignment=&#8221;center&#8221;][\/vc_column][\/vc_row][vc_row][vc_column][vc_empty_space][elx_heading font_container=&#8221;h1&#8243; font_size=&#8221;h3&#8243; text_color=&#8221;inherit&#8221; text_align=&#8221;text-left&#8221;]Gu\u00eda de selecci\u00f3n de discos de corte[\/elx_heading][elx_heading font_size=&#8221;h5&#8243; text_color=&#8221;inherit&#8221; text_align=&#8221;text-left&#8221;]Se ha creado una nueva gu\u00eda interactiva para ayudarte a elegir el equipo de corte para la unidad TRK, TRS, TR200 o TR210 que mejor se adapte a tus necesidades.[\/elx_heading][vc_empty_space][vc_row_inner][vc_column_inner width=&#8221;2\/3&#8243;][vc_column_text]<\/p>\n<div>\n<p style=\"text-align: left;\">Explora la gama seg\u00fan los ingredientes que desees procesar o el tama\u00f1o y tipo del disco de corte.<\/p>\n<\/div>\n<p>[\/vc_column_text][elx_button button_text=&#8221;Descubre nuestras ofertas para cortar, mezclar y rebanar&#8221; button_style=&#8221;icon&#8221; button_link=&#8221;url:https%3A%2F%2Fwww.electroluxprofessional.com%2Fes%2Fcorta-mezcla-rebana%2F|title:Preparaci%C3%B3n%20din%C3%A1mica%3A%20corta%2C%20mezcla%20y%20rebana||&#8221;][elx_button button_text=&#8221;Descubre nuestra gama de peladoras, lavaverduras y centrifugadoras&#8221; button_style=&#8221;icon&#8221; button_link=&#8221;url:https%3A%2F%2Fwww.electroluxprofessional.com%2Fes%2Fpelado-lavado-centrifugado%2F|title:Preparaci%C3%B3n%20din%C3%A1mica%3A%20Pela%2C%20lava%2C%20centrifuga||&#8221;][\/vc_column_inner][vc_column_inner width=&#8221;1\/3&#8243;][elx_download_block text=&#8221;Gu\u00eda de corte TRS\/TRK&#8221; document_type=&#8221;leaflets&#8221; file_picker=&#8221;21911&#8243; background_color=&#8221;cat-create&#8221; reveal_effect=&#8221;&#8221; reveal_duration=&#8221;&#8221; reveal_delay=&#8221;&#8221;][\/vc_column_inner][\/vc_row_inner][\/vc_column][\/vc_row][vc_row][vc_column][elx_o2000_cutting_guide][\/vc_column][\/vc_row][vc_row css=&#8221;.vc_custom_1555577086019{background-color: #eeeeee !important;}&#8221;][vc_column][elx_heading font_size=&#8221;h3&#8243; text_color=&#8221;inherit&#8221; text_align=&#8221;text-left&#8221;]Busca la combinaci\u00f3n perfecta para tu negocio[\/elx_heading][vc_row_inner][vc_column_inner width=&#8221;1\/3&#8243;][elx_maylike_box id_box=&#8221;3881&#8243;][\/vc_column_inner][vc_column_inner width=&#8221;1\/3&#8243;][elx_maylike_box id_box=&#8221;3888&#8243;][\/vc_column_inner][vc_column_inner width=&#8221;1\/3&#8243;][elx_maylike_box id_box=&#8221;5060, 5766&#8243;][\/vc_column_inner][\/vc_row_inner][\/vc_column][\/vc_row][vc_row][vc_column][vc_empty_space height=&#8221;50px&#8221;][elx_heading font_size=&#8221;h3&#8243; text_color=&#8221;inherit&#8221; text_align=&#8221;text-left&#8221;]Descubre lo que Electrolux Professional puede hacer por tu negocio[\/elx_heading][elx_o2000_contact_us s=&#8221;Request of information about Food preparation&#8221; container=&#8221;elxcontactus1480324839&#8243; r=&#8221;I would like to find out more about I would like to find out more about Food Preparation and the Cutting Disc Selection Guide, please get in touch with us.&#8221;][\/vc_column][\/vc_row][vc_row][vc_column][vc_empty_space height=&#8221;50px&#8221;][\/vc_column][\/vc_row]<\/p>\n","protected":false},"excerpt":{"rendered":"<p>[vc_row full_width=&#8221;electroluxpro-full-width-no-padding&#8221;][vc_column][vc_single_image image=&#8221;1211&#8243; img_size=&#8221;2000&#215;350&#8243; alignment=&#8221;center&#8221;][\/vc_column][\/vc_row][vc_row][vc_column][vc_empty_space][elx_heading font_container=&#8221;h1&#8243; font_size=&#8221;h3&#8243; text_color=&#8221;inherit&#8221; text_align=&#8221;text-left&#8221;]Gu\u00eda de selecci\u00f3n de discos de corte[\/elx_heading][elx_heading font_size=&#8221;h5&#8243; text_color=&#8221;inherit&#8221; text_align=&#8221;text-left&#8221;]Se ha creado una nueva gu\u00eda interactiva para ayudarte a elegir el equipo de corte para la unidad TRK, TRS, TR200 o TR210 que mejor se adapte a tus necesidades.[\/elx_heading][vc_empty_space][vc_row_inner][vc_column_inner width=&#8221;2\/3&#8243;][vc_column_text] Explora la gama seg\u00fan los ingredientes que [&hellip;]<\/p>\n","protected":false},"author":243,"featured_media":1211,"parent":0,"menu_order":0,"comment_status":"closed","ping_status":"closed","template":"","meta":{"footnotes":""},"class_list":["post-15246","page","type-page","status-publish","has-post-thumbnail","hentry"],"acf":[],"yoast_head":"<!-- This site is optimized with the Yoast SEO plugin v23.4 - https:\/\/yoast.com\/wordpress\/plugins\/seo\/ -->\n<title>Gu\u00eda de selecci\u00f3n de discos de corte - Electrolux Professional Espa\u00f1a<\/title>\n<meta name=\"description\" content=\"The new cutting disc selection guide helps you choosing the equipment for the TRK, TRS, TR200 and TR210 series that best matches your needs.\" \/>\n<meta name=\"robots\" content=\"index, follow, max-snippet:-1, max-image-preview:large, max-video-preview:-1\" \/>\n<link rel=\"canonical\" href=\"https:\/\/www.electroluxprofessional.com\/es\/guia-de-seleccion-de-discos-de-corte\/\" \/>\n<meta property=\"og:locale\" content=\"es_ES\" \/>\n<meta property=\"og:type\" content=\"article\" \/>\n<meta property=\"og:title\" content=\"Gu\u00eda de selecci\u00f3n de discos de corte - Electrolux Professional Espa\u00f1a\" \/>\n<meta property=\"og:description\" content=\"The new cutting disc selection guide helps you choosing the equipment for the TRK, TRS, TR200 and TR210 series that best matches your needs.\" \/>\n<meta property=\"og:url\" content=\"https:\/\/www.electroluxprofessional.com\/es\/guia-de-seleccion-de-discos-de-corte\/\" \/>\n<meta property=\"og:site_name\" content=\"Electrolux Professional Espa\u00f1a\" \/>\n<meta property=\"article:modified_time\" content=\"2025-02-26T10:27:43+00:00\" \/>\n<meta property=\"og:image\" content=\"https:\/\/www.electroluxprofessional.com\/es\/wp-content\/uploads\/2016\/11\/banner-10-1.jpg\" \/>\n\t<meta property=\"og:image:width\" content=\"2000\" \/>\n\t<meta property=\"og:image:height\" content=\"1688\" \/>\n\t<meta property=\"og:image:type\" content=\"image\/jpeg\" \/>\n<meta name=\"twitter:card\" content=\"summary_large_image\" \/>\n<meta name=\"twitter:label1\" content=\"Tiempo de lectura\" \/>\n\t<meta name=\"twitter:data1\" content=\"2 minutos\" \/>\n<script type=\"application\/ld+json\" class=\"yoast-schema-graph\">{\"@context\":\"https:\/\/schema.org\",\"@graph\":[{\"@type\":\"WebPage\",\"@id\":\"https:\/\/www.electroluxprofessional.com\/es\/guia-de-seleccion-de-discos-de-corte\/\",\"url\":\"https:\/\/www.electroluxprofessional.com\/es\/guia-de-seleccion-de-discos-de-corte\/\",\"name\":\"Gu\u00eda de selecci\u00f3n de discos de corte - Electrolux Professional Espa\u00f1a\",\"isPartOf\":{\"@id\":\"https:\/\/www.electroluxprofessional.com\/es\/#website\"},\"primaryImageOfPage\":{\"@id\":\"https:\/\/www.electroluxprofessional.com\/es\/guia-de-seleccion-de-discos-de-corte\/#primaryimage\"},\"image\":{\"@id\":\"https:\/\/www.electroluxprofessional.com\/es\/guia-de-seleccion-de-discos-de-corte\/#primaryimage\"},\"thumbnailUrl\":\"https:\/\/www.electroluxprofessional.com\/es\/wp-content\/uploads\/2016\/11\/banner-10-1.jpg\",\"datePublished\":\"2021-09-14T08:07:59+00:00\",\"dateModified\":\"2025-02-26T10:27:43+00:00\",\"description\":\"The new cutting disc selection guide helps you choosing the equipment for the TRK, TRS, TR200 and TR210 series that best matches your needs.\",\"breadcrumb\":{\"@id\":\"https:\/\/www.electroluxprofessional.com\/es\/guia-de-seleccion-de-discos-de-corte\/#breadcrumb\"},\"inLanguage\":\"es\",\"potentialAction\":[{\"@type\":\"ReadAction\",\"target\":[\"https:\/\/www.electroluxprofessional.com\/es\/guia-de-seleccion-de-discos-de-corte\/\"]}]},{\"@type\":\"ImageObject\",\"inLanguage\":\"es\",\"@id\":\"https:\/\/www.electroluxprofessional.com\/es\/guia-de-seleccion-de-discos-de-corte\/#primaryimage\",\"url\":\"https:\/\/www.electroluxprofessional.com\/es\/wp-content\/uploads\/2016\/11\/banner-10-1.jpg\",\"contentUrl\":\"https:\/\/www.electroluxprofessional.com\/es\/wp-content\/uploads\/2016\/11\/banner-10-1.jpg\",\"width\":2000,\"height\":1688,\"caption\":\"food preparation\"},{\"@type\":\"BreadcrumbList\",\"@id\":\"https:\/\/www.electroluxprofessional.com\/es\/guia-de-seleccion-de-discos-de-corte\/#breadcrumb\",\"itemListElement\":[{\"@type\":\"ListItem\",\"position\":1,\"name\":\"Home\",\"item\":\"https:\/\/www.electroluxprofessional.com\/es\/\"},{\"@type\":\"ListItem\",\"position\":2,\"name\":\"Gu\u00eda de selecci\u00f3n de discos de corte\"}]},{\"@type\":\"WebSite\",\"@id\":\"https:\/\/www.electroluxprofessional.com\/es\/#website\",\"url\":\"https:\/\/www.electroluxprofessional.com\/es\/\",\"name\":\"Electrolux Professional Espa\u00f1a\",\"description\":\"Equipamiento cocinas profesionales y lavander\u00edas comerciales. Excelencia en el suministro de soluciones profesionales.\",\"potentialAction\":[{\"@type\":\"SearchAction\",\"target\":{\"@type\":\"EntryPoint\",\"urlTemplate\":\"https:\/\/www.electroluxprofessional.com\/es\/?src={search_term_string}\"},\"query-input\":{\"@type\":\"PropertyValueSpecification\",\"valueRequired\":true,\"valueName\":\"search_term_string\"}}],\"inLanguage\":\"es\"}]}<\/script>\n<!-- \/ Yoast SEO plugin. -->","yoast_head_json":{"title":"Gu\u00eda de selecci\u00f3n de discos de corte - Electrolux Professional Espa\u00f1a","description":"The new cutting disc selection guide helps you choosing the equipment for the TRK, TRS, TR200 and TR210 series that best matches your needs.","robots":{"index":"index","follow":"follow","max-snippet":"max-snippet:-1","max-image-preview":"max-image-preview:large","max-video-preview":"max-video-preview:-1"},"canonical":"https:\/\/www.electroluxprofessional.com\/es\/guia-de-seleccion-de-discos-de-corte\/","og_locale":"es_ES","og_type":"article","og_title":"Gu\u00eda de selecci\u00f3n de discos de corte - Electrolux Professional Espa\u00f1a","og_description":"The new cutting disc selection guide helps you choosing the equipment for the TRK, TRS, TR200 and TR210 series that best matches your needs.","og_url":"https:\/\/www.electroluxprofessional.com\/es\/guia-de-seleccion-de-discos-de-corte\/","og_site_name":"Electrolux Professional Espa\u00f1a","article_modified_time":"2025-02-26T10:27:43+00:00","og_image":[{"width":2000,"height":1688,"url":"https:\/\/www.electroluxprofessional.com\/es\/wp-content\/uploads\/2016\/11\/banner-10-1.jpg","type":"image\/jpeg"}],"twitter_card":"summary_large_image","twitter_misc":{"Tiempo de lectura":"2 minutos"},"schema":{"@context":"https:\/\/schema.org","@graph":[{"@type":"WebPage","@id":"https:\/\/www.electroluxprofessional.com\/es\/guia-de-seleccion-de-discos-de-corte\/","url":"https:\/\/www.electroluxprofessional.com\/es\/guia-de-seleccion-de-discos-de-corte\/","name":"Gu\u00eda de selecci\u00f3n de discos de corte - Electrolux Professional Espa\u00f1a","isPartOf":{"@id":"https:\/\/www.electroluxprofessional.com\/es\/#website"},"primaryImageOfPage":{"@id":"https:\/\/www.electroluxprofessional.com\/es\/guia-de-seleccion-de-discos-de-corte\/#primaryimage"},"image":{"@id":"https:\/\/www.electroluxprofessional.com\/es\/guia-de-seleccion-de-discos-de-corte\/#primaryimage"},"thumbnailUrl":"https:\/\/www.electroluxprofessional.com\/es\/wp-content\/uploads\/2016\/11\/banner-10-1.jpg","datePublished":"2021-09-14T08:07:59+00:00","dateModified":"2025-02-26T10:27:43+00:00","description":"The new cutting disc selection guide helps you choosing the equipment for the TRK, TRS, TR200 and TR210 series that best matches your needs.","breadcrumb":{"@id":"https:\/\/www.electroluxprofessional.com\/es\/guia-de-seleccion-de-discos-de-corte\/#breadcrumb"},"inLanguage":"es","potentialAction":[{"@type":"ReadAction","target":["https:\/\/www.electroluxprofessional.com\/es\/guia-de-seleccion-de-discos-de-corte\/"]}]},{"@type":"ImageObject","inLanguage":"es","@id":"https:\/\/www.electroluxprofessional.com\/es\/guia-de-seleccion-de-discos-de-corte\/#primaryimage","url":"https:\/\/www.electroluxprofessional.com\/es\/wp-content\/uploads\/2016\/11\/banner-10-1.jpg","contentUrl":"https:\/\/www.electroluxprofessional.com\/es\/wp-content\/uploads\/2016\/11\/banner-10-1.jpg","width":2000,"height":1688,"caption":"food preparation"},{"@type":"BreadcrumbList","@id":"https:\/\/www.electroluxprofessional.com\/es\/guia-de-seleccion-de-discos-de-corte\/#breadcrumb","itemListElement":[{"@type":"ListItem","position":1,"name":"Home","item":"https:\/\/www.electroluxprofessional.com\/es\/"},{"@type":"ListItem","position":2,"name":"Gu\u00eda de selecci\u00f3n de discos de corte"}]},{"@type":"WebSite","@id":"https:\/\/www.electroluxprofessional.com\/es\/#website","url":"https:\/\/www.electroluxprofessional.com\/es\/","name":"Electrolux Professional Espa\u00f1a","description":"Equipamiento cocinas profesionales y lavander\u00edas comerciales. Excelencia en el suministro de soluciones profesionales.","potentialAction":[{"@type":"SearchAction","target":{"@type":"EntryPoint","urlTemplate":"https:\/\/www.electroluxprofessional.com\/es\/?src={search_term_string}"},"query-input":{"@type":"PropertyValueSpecification","valueRequired":true,"valueName":"search_term_string"}}],"inLanguage":"es"}]}},"_links":{"self":[{"href":"https:\/\/www.electroluxprofessional.com\/es\/wp-json\/wp\/v2\/pages\/15246"}],"collection":[{"href":"https:\/\/www.electroluxprofessional.com\/es\/wp-json\/wp\/v2\/pages"}],"about":[{"href":"https:\/\/www.electroluxprofessional.com\/es\/wp-json\/wp\/v2\/types\/page"}],"author":[{"embeddable":true,"href":"https:\/\/www.electroluxprofessional.com\/es\/wp-json\/wp\/v2\/users\/243"}],"replies":[{"embeddable":true,"href":"https:\/\/www.electroluxprofessional.com\/es\/wp-json\/wp\/v2\/comments?post=15246"}],"version-history":[{"count":7,"href":"https:\/\/www.electroluxprofessional.com\/es\/wp-json\/wp\/v2\/pages\/15246\/revisions"}],"predecessor-version":[{"id":21913,"href":"https:\/\/www.electroluxprofessional.com\/es\/wp-json\/wp\/v2\/pages\/15246\/revisions\/21913"}],"wp:featuredmedia":[{"embeddable":true,"href":"https:\/\/www.electroluxprofessional.com\/es\/wp-json\/wp\/v2\/media\/1211"}],"wp:attachment":[{"href":"https:\/\/www.electroluxprofessional.com\/es\/wp-json\/wp\/v2\/media?parent=15246"}],"curies":[{"name":"wp","href":"https:\/\/api.w.org\/{rel}","templated":true}]}}