{"id":15245,"date":"2021-09-14T08:07:52","date_gmt":"2021-09-14T08:07:52","guid":{"rendered":"https:\/\/www.electroluxprofessional.com\/?page_id=9364"},"modified":"2026-03-29T16:25:54","modified_gmt":"2026-03-29T16:25:54","slug":"soluciones-alimentos-textura-modificada","status":"publish","type":"page","link":"https:\/\/www.electroluxprofessional.com\/es\/soluciones-alimentos-textura-modificada\/","title":{"rendered":"Soluciones para alimentos con textura modificada"},"content":{"rendered":"<p>[vc_row full_width=&#8221;electroluxpro-full-width-no-padding&#8221;][vc_column][vc_single_image image=&#8221;2807&#8243; img_size=&#8221;2000&#215;350&#8243; alignment=&#8221;center&#8221;][\/vc_column][\/vc_row][vc_row][vc_column][vc_empty_space][elx_heading font_container=&#8221;h1&#8243; font_size=&#8221;h3&#8243; text_color=&#8221;inherit&#8221;]Soluciones para alimentos con textura modificada[\/elx_heading][elx_heading font_size=&#8221;h5&#8243; text_color=&#8221;inherit&#8221;]Elabora texturas a tu gusto<br \/>\nconserva el sabor, los aromas y los nutrientes[\/elx_heading][vc_empty_space][\/vc_column][\/vc_row][vc_row][vc_column width=&#8221;1\/2&#8243;][vc_column_text]Cada vez que probamos nuestros equipos, descubrimos que ofrecen nuevas posibilidades.<\/p>\n<p>Utilizando el rascador y la velocidad m\u00e1xima de 3700 rpm, logramos <strong>una homogeneizaci\u00f3n excelente<\/strong> para preparar <strong>platos aptos para cuchara <\/strong>o<strong> para la alimentaci\u00f3n semil\u00edquida<\/strong> de pacientes que no puedan masticar alimentos s\u00f3lidos.[\/vc_column_text][\/vc_column][vc_column width=&#8221;1\/2&#8243;][elx_heading font_container=&#8221;h3&#8243; font_size=&#8221;h5&#8243; text_color=&#8221;inherit&#8221; text_align=&#8221;text-left&#8221;]V\u00eddeos de recetas[\/elx_heading][elx_video_block background_image=&#8221;2659&#8243; video_link=&#8221;https:\/\/www.youtube.com\/watch?v=RJHFjlZd2p8&amp;list=PLn-GI5LWCZdR1riCStpsI2l8-khQ9aBq9&#8243; minimum_height=&#8221;260px&#8221;][\/vc_column][\/vc_row][vc_row][vc_column width=&#8221;1\/2&#8243;][vc_single_image image=&#8221;2806&#8243; img_size=&#8221;full&#8221;][\/vc_column][vc_column width=&#8221;1\/2&#8243;][vc_empty_space height=&#8221;50px&#8221;][vc_column_text]Adem\u00e1s, no necesitamos preparar los alimentos de una manera especial. Simplemente, los cocinamos de la manera habitual y despu\u00e9s los homogeneizamos con nuestros procesadores de alimentos K45\/K55\/K70. Esto nos permite<strong> conservar todas las propiedades nutricionales, el sabor y el color<\/strong>. El resultado final es agradable para la vista y el paladar. Esto puede ser muy importante para que los pacientes en recuperaci\u00f3n recobren el sentido del gusto.<\/p>\n<p>Adem\u00e1s, el proceso de homogeneizaci\u00f3n es fundamental en la preparaci\u00f3n de alimentos para beb\u00e9s adem\u00e1s de para ancianos.[\/vc_column_text][elx_button button_text=&#8221;Preparaci\u00f3n din\u00e1mica: corta, mezcla y rebana&#8221; button_style=&#8221;icon&#8221; button_link=&#8221;url:https%3A%2F%2Fwww.electroluxprofessional.com%2Fes%2Fcorta-mezcla-rebana%2F|title:Food%20preparation%3A%20cut%2C%20mix%2C%20slice||&#8221;][\/vc_column][\/vc_row][vc_row][vc_column][vc_empty_space][\/vc_column][\/vc_row][vc_row][vc_column][elx_heading font_size=&#8221;h3&#8243; text_color=&#8221;inherit&#8221;]Descubre lo que pueden aportar a tu negocio las soluciones para alimentos con textura modificada[\/elx_heading][elx_o2000_contact_us s=&#8221;Request of information about texture modified meals solutions and food processors&#8221; container=&#8221;elxcontactus1487067782&#8243; r=&#8221;I would like to find out more about texture modified meals solutions and food proecessors. Please get in touch with me.&#8221;][\/vc_column][\/vc_row]<\/p>\n","protected":false},"excerpt":{"rendered":"<p>[vc_row full_width=&#8221;electroluxpro-full-width-no-padding&#8221;][vc_column][vc_single_image image=&#8221;2807&#8243; img_size=&#8221;2000&#215;350&#8243; alignment=&#8221;center&#8221;][\/vc_column][\/vc_row][vc_row][vc_column][vc_empty_space][elx_heading font_container=&#8221;h1&#8243; font_size=&#8221;h3&#8243; text_color=&#8221;inherit&#8221;]Soluciones para alimentos con textura modificada[\/elx_heading][elx_heading font_size=&#8221;h5&#8243; text_color=&#8221;inherit&#8221;]Elabora texturas a tu gusto conserva el sabor, los aromas y los nutrientes[\/elx_heading][vc_empty_space][\/vc_column][\/vc_row][vc_row][vc_column width=&#8221;1\/2&#8243;][vc_column_text]Cada vez que probamos nuestros equipos, descubrimos que ofrecen nuevas posibilidades. Utilizando el rascador y la velocidad m\u00e1xima de 3700 rpm, logramos una homogeneizaci\u00f3n excelente para preparar platos [&hellip;]<\/p>\n","protected":false},"author":243,"featured_media":2807,"parent":0,"menu_order":0,"comment_status":"closed","ping_status":"closed","template":"","meta":{"footnotes":""},"class_list":["post-15245","page","type-page","status-publish","has-post-thumbnail","hentry"],"acf":[],"yoast_head":"<!-- This site is optimized with the Yoast SEO plugin v23.4 - https:\/\/yoast.com\/wordpress\/plugins\/seo\/ -->\n<title>Soluciones alimentos textura modificada | Electrolux Profession<\/title>\n<meta name=\"description\" content=\"Excellent homogenisation to prepare plates for spoon-feeding or semi-liquid feeding for recovering patients. Discover our texture modified meals solutions.\" \/>\n<meta name=\"robots\" content=\"index, follow, max-snippet:-1, max-image-preview:large, max-video-preview:-1\" \/>\n<link rel=\"canonical\" href=\"https:\/\/www.electroluxprofessional.com\/es\/soluciones-alimentos-textura-modificada\/\" \/>\n<meta property=\"og:locale\" content=\"es_ES\" \/>\n<meta property=\"og:type\" content=\"article\" \/>\n<meta property=\"og:title\" content=\"Soluciones alimentos textura modificada | Electrolux Profession\" \/>\n<meta property=\"og:description\" content=\"Excellent homogenisation to prepare plates for spoon-feeding or semi-liquid feeding for recovering patients. Discover our texture modified meals solutions.\" \/>\n<meta property=\"og:url\" content=\"https:\/\/www.electroluxprofessional.com\/es\/soluciones-alimentos-textura-modificada\/\" \/>\n<meta property=\"og:site_name\" content=\"Electrolux Professional Espa\u00f1a\" \/>\n<meta property=\"article:modified_time\" content=\"2026-03-29T16:25:54+00:00\" \/>\n<meta property=\"og:image\" content=\"https:\/\/www.electroluxprofessional.com\/es\/wp-content\/uploads\/2017\/02\/food1.jpg\" \/>\n\t<meta property=\"og:image:width\" content=\"2000\" \/>\n\t<meta property=\"og:image:height\" content=\"1483\" \/>\n\t<meta property=\"og:image:type\" content=\"image\/jpeg\" \/>\n<meta name=\"twitter:card\" content=\"summary_large_image\" \/>\n<meta name=\"twitter:label1\" content=\"Tiempo de lectura\" \/>\n\t<meta name=\"twitter:data1\" content=\"2 minutos\" \/>\n<script type=\"application\/ld+json\" class=\"yoast-schema-graph\">{\"@context\":\"https:\/\/schema.org\",\"@graph\":[{\"@type\":\"WebPage\",\"@id\":\"https:\/\/www.electroluxprofessional.com\/es\/soluciones-alimentos-textura-modificada\/\",\"url\":\"https:\/\/www.electroluxprofessional.com\/es\/soluciones-alimentos-textura-modificada\/\",\"name\":\"Soluciones alimentos textura modificada | Electrolux Profession\",\"isPartOf\":{\"@id\":\"https:\/\/www.electroluxprofessional.com\/es\/#website\"},\"primaryImageOfPage\":{\"@id\":\"https:\/\/www.electroluxprofessional.com\/es\/soluciones-alimentos-textura-modificada\/#primaryimage\"},\"image\":{\"@id\":\"https:\/\/www.electroluxprofessional.com\/es\/soluciones-alimentos-textura-modificada\/#primaryimage\"},\"thumbnailUrl\":\"https:\/\/www.electroluxprofessional.com\/es\/wp-content\/uploads\/2017\/02\/food1.jpg\",\"datePublished\":\"2021-09-14T08:07:52+00:00\",\"dateModified\":\"2026-03-29T16:25:54+00:00\",\"description\":\"Excellent homogenisation to prepare plates for spoon-feeding or semi-liquid feeding for recovering patients. Discover our texture modified meals solutions.\",\"breadcrumb\":{\"@id\":\"https:\/\/www.electroluxprofessional.com\/es\/soluciones-alimentos-textura-modificada\/#breadcrumb\"},\"inLanguage\":\"es\",\"potentialAction\":[{\"@type\":\"ReadAction\",\"target\":[\"https:\/\/www.electroluxprofessional.com\/es\/soluciones-alimentos-textura-modificada\/\"]}]},{\"@type\":\"ImageObject\",\"inLanguage\":\"es\",\"@id\":\"https:\/\/www.electroluxprofessional.com\/es\/soluciones-alimentos-textura-modificada\/#primaryimage\",\"url\":\"https:\/\/www.electroluxprofessional.com\/es\/wp-content\/uploads\/2017\/02\/food1.jpg\",\"contentUrl\":\"https:\/\/www.electroluxprofessional.com\/es\/wp-content\/uploads\/2017\/02\/food1.jpg\",\"width\":2000,\"height\":1483,\"caption\":\"food1\"},{\"@type\":\"BreadcrumbList\",\"@id\":\"https:\/\/www.electroluxprofessional.com\/es\/soluciones-alimentos-textura-modificada\/#breadcrumb\",\"itemListElement\":[{\"@type\":\"ListItem\",\"position\":1,\"name\":\"Home\",\"item\":\"https:\/\/www.electroluxprofessional.com\/es\/\"},{\"@type\":\"ListItem\",\"position\":2,\"name\":\"Soluciones para alimentos con textura modificada\"}]},{\"@type\":\"WebSite\",\"@id\":\"https:\/\/www.electroluxprofessional.com\/es\/#website\",\"url\":\"https:\/\/www.electroluxprofessional.com\/es\/\",\"name\":\"Electrolux Professional Espa\u00f1a\",\"description\":\"Equipamiento cocinas profesionales y lavander\u00edas comerciales. Excelencia en el suministro de soluciones profesionales.\",\"potentialAction\":[{\"@type\":\"SearchAction\",\"target\":{\"@type\":\"EntryPoint\",\"urlTemplate\":\"https:\/\/www.electroluxprofessional.com\/es\/?src={search_term_string}\"},\"query-input\":{\"@type\":\"PropertyValueSpecification\",\"valueRequired\":true,\"valueName\":\"search_term_string\"}}],\"inLanguage\":\"es\"}]}<\/script>\n<!-- \/ Yoast SEO plugin. -->","yoast_head_json":{"title":"Soluciones alimentos textura modificada | Electrolux Profession","description":"Excellent homogenisation to prepare plates for spoon-feeding or semi-liquid feeding for recovering patients. Discover our texture modified meals solutions.","robots":{"index":"index","follow":"follow","max-snippet":"max-snippet:-1","max-image-preview":"max-image-preview:large","max-video-preview":"max-video-preview:-1"},"canonical":"https:\/\/www.electroluxprofessional.com\/es\/soluciones-alimentos-textura-modificada\/","og_locale":"es_ES","og_type":"article","og_title":"Soluciones alimentos textura modificada | Electrolux Profession","og_description":"Excellent homogenisation to prepare plates for spoon-feeding or semi-liquid feeding for recovering patients. Discover our texture modified meals solutions.","og_url":"https:\/\/www.electroluxprofessional.com\/es\/soluciones-alimentos-textura-modificada\/","og_site_name":"Electrolux Professional Espa\u00f1a","article_modified_time":"2026-03-29T16:25:54+00:00","og_image":[{"width":2000,"height":1483,"url":"https:\/\/www.electroluxprofessional.com\/es\/wp-content\/uploads\/2017\/02\/food1.jpg","type":"image\/jpeg"}],"twitter_card":"summary_large_image","twitter_misc":{"Tiempo de lectura":"2 minutos"},"schema":{"@context":"https:\/\/schema.org","@graph":[{"@type":"WebPage","@id":"https:\/\/www.electroluxprofessional.com\/es\/soluciones-alimentos-textura-modificada\/","url":"https:\/\/www.electroluxprofessional.com\/es\/soluciones-alimentos-textura-modificada\/","name":"Soluciones alimentos textura modificada | Electrolux Profession","isPartOf":{"@id":"https:\/\/www.electroluxprofessional.com\/es\/#website"},"primaryImageOfPage":{"@id":"https:\/\/www.electroluxprofessional.com\/es\/soluciones-alimentos-textura-modificada\/#primaryimage"},"image":{"@id":"https:\/\/www.electroluxprofessional.com\/es\/soluciones-alimentos-textura-modificada\/#primaryimage"},"thumbnailUrl":"https:\/\/www.electroluxprofessional.com\/es\/wp-content\/uploads\/2017\/02\/food1.jpg","datePublished":"2021-09-14T08:07:52+00:00","dateModified":"2026-03-29T16:25:54+00:00","description":"Excellent homogenisation to prepare plates for spoon-feeding or semi-liquid feeding for recovering patients. Discover our texture modified meals solutions.","breadcrumb":{"@id":"https:\/\/www.electroluxprofessional.com\/es\/soluciones-alimentos-textura-modificada\/#breadcrumb"},"inLanguage":"es","potentialAction":[{"@type":"ReadAction","target":["https:\/\/www.electroluxprofessional.com\/es\/soluciones-alimentos-textura-modificada\/"]}]},{"@type":"ImageObject","inLanguage":"es","@id":"https:\/\/www.electroluxprofessional.com\/es\/soluciones-alimentos-textura-modificada\/#primaryimage","url":"https:\/\/www.electroluxprofessional.com\/es\/wp-content\/uploads\/2017\/02\/food1.jpg","contentUrl":"https:\/\/www.electroluxprofessional.com\/es\/wp-content\/uploads\/2017\/02\/food1.jpg","width":2000,"height":1483,"caption":"food1"},{"@type":"BreadcrumbList","@id":"https:\/\/www.electroluxprofessional.com\/es\/soluciones-alimentos-textura-modificada\/#breadcrumb","itemListElement":[{"@type":"ListItem","position":1,"name":"Home","item":"https:\/\/www.electroluxprofessional.com\/es\/"},{"@type":"ListItem","position":2,"name":"Soluciones para alimentos con textura modificada"}]},{"@type":"WebSite","@id":"https:\/\/www.electroluxprofessional.com\/es\/#website","url":"https:\/\/www.electroluxprofessional.com\/es\/","name":"Electrolux Professional Espa\u00f1a","description":"Equipamiento cocinas profesionales y lavander\u00edas comerciales. Excelencia en el suministro de soluciones profesionales.","potentialAction":[{"@type":"SearchAction","target":{"@type":"EntryPoint","urlTemplate":"https:\/\/www.electroluxprofessional.com\/es\/?src={search_term_string}"},"query-input":{"@type":"PropertyValueSpecification","valueRequired":true,"valueName":"search_term_string"}}],"inLanguage":"es"}]}},"_links":{"self":[{"href":"https:\/\/www.electroluxprofessional.com\/es\/wp-json\/wp\/v2\/pages\/15245"}],"collection":[{"href":"https:\/\/www.electroluxprofessional.com\/es\/wp-json\/wp\/v2\/pages"}],"about":[{"href":"https:\/\/www.electroluxprofessional.com\/es\/wp-json\/wp\/v2\/types\/page"}],"author":[{"embeddable":true,"href":"https:\/\/www.electroluxprofessional.com\/es\/wp-json\/wp\/v2\/users\/243"}],"replies":[{"embeddable":true,"href":"https:\/\/www.electroluxprofessional.com\/es\/wp-json\/wp\/v2\/comments?post=15245"}],"version-history":[{"count":3,"href":"https:\/\/www.electroluxprofessional.com\/es\/wp-json\/wp\/v2\/pages\/15245\/revisions"}],"predecessor-version":[{"id":26041,"href":"https:\/\/www.electroluxprofessional.com\/es\/wp-json\/wp\/v2\/pages\/15245\/revisions\/26041"}],"wp:featuredmedia":[{"embeddable":true,"href":"https:\/\/www.electroluxprofessional.com\/es\/wp-json\/wp\/v2\/media\/2807"}],"wp:attachment":[{"href":"https:\/\/www.electroluxprofessional.com\/es\/wp-json\/wp\/v2\/media?parent=15245"}],"curies":[{"name":"wp","href":"https:\/\/api.w.org\/{rel}","templated":true}]}}