{"id":13879,"date":"2021-03-15T12:22:33","date_gmt":"2021-03-15T12:22:33","guid":{"rendered":"https:\/\/www.electroluxprofessional.com\/?page_id=33927"},"modified":"2021-03-15T16:28:22","modified_gmt":"2021-03-15T16:28:22","slug":"lavanderia-aclarado-seguro","status":"publish","type":"page","link":"https:\/\/www.electroluxprofessional.com\/es\/lavanderia-aclarado-seguro\/","title":{"rendered":"Lavander\u00eda con aclarado seguro"},"content":{"rendered":"<p>[vc_row full_width=&#8221;electroluxpro-full-width-no-padding&#8221; equal_height=&#8221;yes&#8221; css=&#8221;.vc_custom_1604054607517{margin-top: -30px !important;border-top-width: -30px !important;padding-top: -30px !important;}&#8221;][vc_column][elx_full_banner title=&#8221;Simplificando una lavander\u00eda segura*&#8221; background_image_media_library=&#8221;13877&#8243; background_image_media_library_mobile=&#8221;13878&#8243; link=&#8221;url:%23contact|title:Cont%C3%A1ctanos||&#8221;][\/vc_column][\/vc_row][vc_row][vc_column][vc_empty_space][elx_heading font_container=&#8221;h1&#8243; text_color=&#8221;electrolux-blue&#8221; text_align=&#8221;text-center&#8221;]El combate contra los enemigos invisibles[\/elx_heading][vc_empty_space][vc_column_text]<\/p>\n<p style=\"text-align: center;\">\u00daltimamente nos enfrentamos a dificultades sin precedentes como consecuencia de la <strong>situaci\u00f3n sanitaria<\/strong> <strong>mundial<\/strong>. Nuestra prioridad actual es ofrecerte a ti, a tus clientes y empleados la confianza en que vuestro bienestar est\u00e1 protegido y que os permita administrar el negocio de la mejor manera posible y en todo momento.<\/p>\n<p>[\/vc_column_text][vc_empty_space][\/vc_column][\/vc_row][vc_row full_width=&#8221;electroluxpro-full-width&#8221; css=&#8221;.vc_custom_1611845778413{background-color: #d8d8d8 !important;}&#8221;][vc_column width=&#8221;1\/5&#8243;][vc_empty_space][vc_single_image image=&#8221;13749&#8243; img_size=&#8221;medium&#8221;][vc_empty_space][\/vc_column][vc_column width=&#8221;2\/5&#8243;][vc_empty_space][vc_column_text]<\/p>\n<h2>Electrolux Professional se ha asociado con Rise AB<\/h2>\n<p>[\/vc_column_text][vc_empty_space][vc_column_text]para identificar y validar el protocolo m\u00e1s adecuado que permita la<br \/>\ndesactivaci\u00f3n de microorganismos pat\u00f3genos de los tejidos mediante el proceso de lavander\u00eda.[\/vc_column_text][vc_empty_space][\/vc_column][vc_column width=&#8221;2\/5&#8243;][vc_empty_space][vc_column_text]<\/p>\n<h2><strong><img loading=\"lazy\" decoding=\"async\" class=\"alignnone wp-image-13889\" src=\"https:\/\/www.electroluxprofessional.com\/es\/wp-content\/uploads\/2021\/03\/cross.png\" alt=\"\" width=\"83\" height=\"78\" \/><\/strong>Higiene fiable<strong><br \/>\n<\/strong><\/h2>\n<p>[\/vc_column_text][vc_empty_space][vc_column_text]Conf\u00eda en que la ropa se desinfectar\u00e1 de manera eficaz en cada ciclo para obtener un resultado seguro.[\/vc_column_text][\/vc_column][\/vc_row][vc_row][vc_column width=&#8221;1\/2&#8243;][vc_empty_space][vc_column_text]<\/p>\n<p style=\"text-align: left;\"><strong>RISE<\/strong> es un instituto de investigaci\u00f3n sueco y un socio para la innovaci\u00f3n. Mediante programas de colaboraci\u00f3n internacional con la industria, las universidades y el sector p\u00fablico.<\/p>\n<p style=\"text-align: left;\">Asegura la competitividad de la comunidad empresarial sueca a nivel internacional y contribuye al impulso de una sociedad sostenible. Cuenta con 2.800 empleados que participan con su apoyo en todo tipo de procesos de innovaci\u00f3n.<\/p>\n<p>[\/vc_column_text][vc_empty_space][\/vc_column][vc_column width=&#8221;1\/2&#8243;][vc_empty_space][vc_column_text]<\/p>\n<p style=\"text-align: left;\"><strong>RISE<\/strong> es un instituto de investigaci\u00f3n estatal independiente que ofrece conocimientos exclusivos y m\u00e1s de 100 plataformas de pruebas y entornos de demostraci\u00f3n de tecnolog\u00edas, productos y servicios de futuro asegurado.<\/p>\n<p style=\"text-align: left;\">Es desde hace mucho tiempo socio de Electrolux Professional en el desarrollo y validaci\u00f3n de soluciones espec\u00edficas para el mercado de lavander\u00eda.<\/p>\n<p>[\/vc_column_text][vc_empty_space][\/vc_column][\/vc_row][vc_row full_width=&#8221;electroluxpro-full-width-no-padding&#8221;][vc_column][elx_hero_slider label_text_color=&#8221;inherit&#8221; images=&#8221;13876&#8243;][elx_heading text_color=&#8221;inherit&#8221;]La gama Line 6000 est\u00e1 equipada con el conjunto de programas Global Hygiene Advanced de Electrolux Professional[\/elx_heading][vc_column_text]para garantizar la desactivaci\u00f3n log 6* del virus SARS-CoV-2 mediante la combinaci\u00f3n de lavado y secado, o de ciclos de lavado y planchado.<br \/>\nCon los programas Global Hygiene Advanced de Electrolux Professional puedes suministrar ropa limpia y desinfectada en todo tipo de instalaciones de lavander\u00eda.[\/vc_column_text][\/elx_hero_slider][\/vc_column][\/vc_row][vc_row css=&#8221;.vc_custom_1611801765238{background-color: #e2e2e2 !important;}&#8221;][vc_column][vc_empty_space][elx_heading font_container=&#8221;h1&#8243; text_color=&#8221;electrolux-blue&#8221; text_align=&#8221;text-center&#8221;]Tranquilidad absoluta en tus instalaciones de lavander\u00eda[\/elx_heading][vc_empty_space][vc_column_text]<\/p>\n<p style=\"text-align: center;\">Actualmente, la demanda de ropa desinfectada es fundamental en todos los entornos de lavander\u00eda, como las lavander\u00edas comerciales, multifamiliares, de hoteles o de hospitales. Al elegir Electrolux Professional dispondr\u00e1s de un proceso completo que abarca m\u00e1quinas, programas, detergentes y sistemas de trazabilidad para garantizar la m\u00e1xima desinfecci\u00f3n posible de todo tipo de prendas y tejidos<\/p>\n<p>[\/vc_column_text][vc_empty_space][\/vc_column][\/vc_row][vc_row full_width=&#8221;electroluxpro-container-no-padding&#8221; css=&#8221;.vc_custom_1611802906384{padding-right: 50px !important;}&#8221;][vc_column width=&#8221;1\/4&#8243;][vc_empty_space][elx_heading text_color=&#8221;inherit&#8221;]Una gama completa de soluciones a tu servicio[\/elx_heading][vc_empty_space][vc_column_text]<strong>Imagina que puedas <\/strong><strong>ofrecer el confort de <\/strong><strong>prendas inmaculadas y la <\/strong><strong>tranquilidad de la desactivaci\u00f3n demostrada y <\/strong><strong>profunda <\/strong><strong>de los pat\u00f3genos.<\/strong>[\/vc_column_text][vc_empty_space][\/vc_column][vc_column width=&#8221;3\/4&#8243;][vc_empty_space][vc_column_text]<strong>Las lavadoras, secadoras y calandras Line 6000, mediante los programas y protocolos de procesos de higiene Global Hygiene Advanced de Electrolux Professional<\/strong> te ofrecen todo lo necesario para que administres tu lavander\u00eda sin preocupaci\u00f3n alguna.<\/p>\n<p>Las exhaustivas pruebas realizadas en nuestros laboratorios de I+D y la minuciosa evidencia cient\u00edfica<br \/>\nobtenida en los an\u00e1lisis de RISE, nos permitieron ajustar con precisi\u00f3n cada par\u00e1metro, no solo de temperatura y tiempo, sino tambi\u00e9n del nivel del agua y de la carga.<\/p>\n<p>Por eso podemos ofrecerte <strong>una higiene demostrada en soluciones contrastadas, adaptadas y validadas, suministradas de f\u00e1brica como Plug&amp;Play<\/strong> desde el primer d\u00eda. Determinados tejidos, con independencia de las caracter\u00edsticas espec\u00edficas de los programas actuales, se evaluar\u00e1n por separado.[\/vc_column_text][vc_empty_space][\/vc_column][\/vc_row][vc_row full_width=&#8221;electroluxpro-full-width-no-padding&#8221;][vc_column][elx_hero_slider text_position=&#8221;hero_slider_text_align_right&#8221; label_text_color=&#8221;inherit&#8221; images=&#8221;13752&#8243;][elx_heading text_color=&#8221;inherit&#8221;]* La reducci\u00f3n a 6 log equivale a una disminuci\u00f3n de la infectividad viral del 99,9999%.[\/elx_heading][vc_column_text]La eficacia de la reducci\u00f3n del virus <strong>SARS-CoV-2<\/strong> en los tejidos procesados con el equipo Line 6000 est\u00e1 avalada por RISE (el instituto de investigaci\u00f3n sueco) bas\u00e1ndose en los datos de laboratorio aportados por Electrolux Professional.[\/vc_column_text][\/elx_hero_slider][\/vc_column][\/vc_row][vc_row el_id=&#8221;contact&#8221;][vc_column][vc_empty_space][elx_heading font_container=&#8221;h3&#8243; text_color=&#8221;white&#8221; text_align=&#8221;text-center&#8221;]M\u00e1s informaci\u00f3n. Ponte en contacto con nuestros expertos.[\/elx_heading][elx_o2000_contact_us r=&#8221;I would like to find out more about multi-housing laundry&#8221; s=&#8221;Request of information about multi-housing laundry&#8221; l=&#8221;en&#8221; b=&#8221;laundry&#8221; container=&#8221;elxcontactus1482242857&#8243;][\/vc_column][\/vc_row]<\/p>\n","protected":false},"excerpt":{"rendered":"<p>[vc_row full_width=&#8221;electroluxpro-full-width-no-padding&#8221; equal_height=&#8221;yes&#8221; css=&#8221;.vc_custom_1604054607517{margin-top: -30px !important;border-top-width: -30px !important;padding-top: -30px !important;}&#8221;][vc_column][elx_full_banner title=&#8221;Simplificando una lavander\u00eda segura*&#8221; background_image_media_library=&#8221;13877&#8243; background_image_media_library_mobile=&#8221;13878&#8243; link=&#8221;url:%23contact|title:Cont%C3%A1ctanos||&#8221;][\/vc_column][\/vc_row][vc_row][vc_column][vc_empty_space][elx_heading font_container=&#8221;h1&#8243; text_color=&#8221;electrolux-blue&#8221; text_align=&#8221;text-center&#8221;]El combate contra los enemigos invisibles[\/elx_heading][vc_empty_space][vc_column_text] \u00daltimamente nos enfrentamos a dificultades sin precedentes como consecuencia de la situaci\u00f3n sanitaria mundial. Nuestra prioridad actual es ofrecerte a ti, a tus clientes y empleados la confianza en que [&hellip;]<\/p>\n","protected":false},"author":21,"featured_media":13875,"parent":0,"menu_order":0,"comment_status":"closed","ping_status":"closed","template":"","meta":{"footnotes":""},"class_list":["post-13879","page","type-page","status-publish","has-post-thumbnail","hentry"],"acf":[],"yoast_head":"<!-- This site is optimized with the Yoast SEO plugin v23.4 - https:\/\/yoast.com\/wordpress\/plugins\/seo\/ -->\n<title>Lavander\u00eda con aclarado seguro - Electrolux Professional Espa\u00f1a<\/title>\n<meta name=\"description\" content=\"Today our priority is to provide you, your customers and your staff with theconfidence that your well-being is safeguarded allowing you to operate your businessin the best possible way at all times.\" \/>\n<meta name=\"robots\" content=\"index, follow, max-snippet:-1, max-image-preview:large, max-video-preview:-1\" \/>\n<link rel=\"canonical\" href=\"https:\/\/www.electroluxprofessional.com\/es\/lavanderia-aclarado-seguro\/\" \/>\n<meta property=\"og:locale\" content=\"es_ES\" \/>\n<meta property=\"og:type\" content=\"article\" \/>\n<meta property=\"og:title\" content=\"Lavander\u00eda con aclarado seguro - Electrolux Professional Espa\u00f1a\" \/>\n<meta property=\"og:description\" content=\"Today our priority is to provide you, your customers and your staff with theconfidence that your well-being is safeguarded allowing you to operate your businessin the best possible way at all times.\" \/>\n<meta property=\"og:url\" content=\"https:\/\/www.electroluxprofessional.com\/es\/lavanderia-aclarado-seguro\/\" \/>\n<meta property=\"og:site_name\" content=\"Electrolux Professional Espa\u00f1a\" \/>\n<meta property=\"article:modified_time\" content=\"2021-03-15T16:28:22+00:00\" \/>\n<meta property=\"og:image\" content=\"https:\/\/www.electroluxprofessional.com\/es\/wp-content\/uploads\/2021\/03\/rise.jpg\" \/>\n\t<meta property=\"og:image:width\" content=\"200\" \/>\n\t<meta property=\"og:image:height\" content=\"200\" \/>\n\t<meta property=\"og:image:type\" content=\"image\/jpeg\" \/>\n<meta name=\"twitter:card\" content=\"summary_large_image\" \/>\n<meta name=\"twitter:label1\" content=\"Tiempo de lectura\" \/>\n\t<meta name=\"twitter:data1\" content=\"5 minutos\" \/>\n<script type=\"application\/ld+json\" class=\"yoast-schema-graph\">{\"@context\":\"https:\/\/schema.org\",\"@graph\":[{\"@type\":\"WebPage\",\"@id\":\"https:\/\/www.electroluxprofessional.com\/es\/lavanderia-aclarado-seguro\/\",\"url\":\"https:\/\/www.electroluxprofessional.com\/es\/lavanderia-aclarado-seguro\/\",\"name\":\"Lavander\u00eda con aclarado seguro - Electrolux Professional Espa\u00f1a\",\"isPartOf\":{\"@id\":\"https:\/\/www.electroluxprofessional.com\/es\/#website\"},\"primaryImageOfPage\":{\"@id\":\"https:\/\/www.electroluxprofessional.com\/es\/lavanderia-aclarado-seguro\/#primaryimage\"},\"image\":{\"@id\":\"https:\/\/www.electroluxprofessional.com\/es\/lavanderia-aclarado-seguro\/#primaryimage\"},\"thumbnailUrl\":\"https:\/\/www.electroluxprofessional.com\/es\/wp-content\/uploads\/2021\/03\/rise.jpg\",\"datePublished\":\"2021-03-15T12:22:33+00:00\",\"dateModified\":\"2021-03-15T16:28:22+00:00\",\"description\":\"Today our priority is to provide you, your customers and your staff with theconfidence that your well-being is safeguarded allowing you to operate your businessin the best possible way at all times.\",\"breadcrumb\":{\"@id\":\"https:\/\/www.electroluxprofessional.com\/es\/lavanderia-aclarado-seguro\/#breadcrumb\"},\"inLanguage\":\"es\",\"potentialAction\":[{\"@type\":\"ReadAction\",\"target\":[\"https:\/\/www.electroluxprofessional.com\/es\/lavanderia-aclarado-seguro\/\"]}]},{\"@type\":\"ImageObject\",\"inLanguage\":\"es\",\"@id\":\"https:\/\/www.electroluxprofessional.com\/es\/lavanderia-aclarado-seguro\/#primaryimage\",\"url\":\"https:\/\/www.electroluxprofessional.com\/es\/wp-content\/uploads\/2021\/03\/rise.jpg\",\"contentUrl\":\"https:\/\/www.electroluxprofessional.com\/es\/wp-content\/uploads\/2021\/03\/rise.jpg\",\"width\":200,\"height\":200,\"caption\":\"rise\"},{\"@type\":\"BreadcrumbList\",\"@id\":\"https:\/\/www.electroluxprofessional.com\/es\/lavanderia-aclarado-seguro\/#breadcrumb\",\"itemListElement\":[{\"@type\":\"ListItem\",\"position\":1,\"name\":\"Home\",\"item\":\"https:\/\/www.electroluxprofessional.com\/es\/\"},{\"@type\":\"ListItem\",\"position\":2,\"name\":\"Lavander\u00eda con aclarado seguro\"}]},{\"@type\":\"WebSite\",\"@id\":\"https:\/\/www.electroluxprofessional.com\/es\/#website\",\"url\":\"https:\/\/www.electroluxprofessional.com\/es\/\",\"name\":\"Electrolux Professional Espa\u00f1a\",\"description\":\"Equipamiento cocinas profesionales y lavander\u00edas comerciales. Excelencia en el suministro de soluciones profesionales.\",\"potentialAction\":[{\"@type\":\"SearchAction\",\"target\":{\"@type\":\"EntryPoint\",\"urlTemplate\":\"https:\/\/www.electroluxprofessional.com\/es\/?src={search_term_string}\"},\"query-input\":{\"@type\":\"PropertyValueSpecification\",\"valueRequired\":true,\"valueName\":\"search_term_string\"}}],\"inLanguage\":\"es\"}]}<\/script>\n<!-- \/ Yoast SEO plugin. -->","yoast_head_json":{"title":"Lavander\u00eda con aclarado seguro - Electrolux Professional Espa\u00f1a","description":"Today our priority is to provide you, your customers and your staff with theconfidence that your well-being is safeguarded allowing you to operate your businessin the best possible way at all times.","robots":{"index":"index","follow":"follow","max-snippet":"max-snippet:-1","max-image-preview":"max-image-preview:large","max-video-preview":"max-video-preview:-1"},"canonical":"https:\/\/www.electroluxprofessional.com\/es\/lavanderia-aclarado-seguro\/","og_locale":"es_ES","og_type":"article","og_title":"Lavander\u00eda con aclarado seguro - Electrolux Professional Espa\u00f1a","og_description":"Today our priority is to provide you, your customers and your staff with theconfidence that your well-being is safeguarded allowing you to operate your businessin the best possible way at all times.","og_url":"https:\/\/www.electroluxprofessional.com\/es\/lavanderia-aclarado-seguro\/","og_site_name":"Electrolux Professional Espa\u00f1a","article_modified_time":"2021-03-15T16:28:22+00:00","og_image":[{"width":200,"height":200,"url":"https:\/\/www.electroluxprofessional.com\/es\/wp-content\/uploads\/2021\/03\/rise.jpg","type":"image\/jpeg"}],"twitter_card":"summary_large_image","twitter_misc":{"Tiempo de lectura":"5 minutos"},"schema":{"@context":"https:\/\/schema.org","@graph":[{"@type":"WebPage","@id":"https:\/\/www.electroluxprofessional.com\/es\/lavanderia-aclarado-seguro\/","url":"https:\/\/www.electroluxprofessional.com\/es\/lavanderia-aclarado-seguro\/","name":"Lavander\u00eda con aclarado seguro - Electrolux Professional Espa\u00f1a","isPartOf":{"@id":"https:\/\/www.electroluxprofessional.com\/es\/#website"},"primaryImageOfPage":{"@id":"https:\/\/www.electroluxprofessional.com\/es\/lavanderia-aclarado-seguro\/#primaryimage"},"image":{"@id":"https:\/\/www.electroluxprofessional.com\/es\/lavanderia-aclarado-seguro\/#primaryimage"},"thumbnailUrl":"https:\/\/www.electroluxprofessional.com\/es\/wp-content\/uploads\/2021\/03\/rise.jpg","datePublished":"2021-03-15T12:22:33+00:00","dateModified":"2021-03-15T16:28:22+00:00","description":"Today our priority is to provide you, your customers and your staff with theconfidence that your well-being is safeguarded allowing you to operate your businessin the best possible way at all times.","breadcrumb":{"@id":"https:\/\/www.electroluxprofessional.com\/es\/lavanderia-aclarado-seguro\/#breadcrumb"},"inLanguage":"es","potentialAction":[{"@type":"ReadAction","target":["https:\/\/www.electroluxprofessional.com\/es\/lavanderia-aclarado-seguro\/"]}]},{"@type":"ImageObject","inLanguage":"es","@id":"https:\/\/www.electroluxprofessional.com\/es\/lavanderia-aclarado-seguro\/#primaryimage","url":"https:\/\/www.electroluxprofessional.com\/es\/wp-content\/uploads\/2021\/03\/rise.jpg","contentUrl":"https:\/\/www.electroluxprofessional.com\/es\/wp-content\/uploads\/2021\/03\/rise.jpg","width":200,"height":200,"caption":"rise"},{"@type":"BreadcrumbList","@id":"https:\/\/www.electroluxprofessional.com\/es\/lavanderia-aclarado-seguro\/#breadcrumb","itemListElement":[{"@type":"ListItem","position":1,"name":"Home","item":"https:\/\/www.electroluxprofessional.com\/es\/"},{"@type":"ListItem","position":2,"name":"Lavander\u00eda con aclarado seguro"}]},{"@type":"WebSite","@id":"https:\/\/www.electroluxprofessional.com\/es\/#website","url":"https:\/\/www.electroluxprofessional.com\/es\/","name":"Electrolux Professional Espa\u00f1a","description":"Equipamiento cocinas profesionales y lavander\u00edas comerciales. Excelencia en el suministro de soluciones profesionales.","potentialAction":[{"@type":"SearchAction","target":{"@type":"EntryPoint","urlTemplate":"https:\/\/www.electroluxprofessional.com\/es\/?src={search_term_string}"},"query-input":{"@type":"PropertyValueSpecification","valueRequired":true,"valueName":"search_term_string"}}],"inLanguage":"es"}]}},"_links":{"self":[{"href":"https:\/\/www.electroluxprofessional.com\/es\/wp-json\/wp\/v2\/pages\/13879"}],"collection":[{"href":"https:\/\/www.electroluxprofessional.com\/es\/wp-json\/wp\/v2\/pages"}],"about":[{"href":"https:\/\/www.electroluxprofessional.com\/es\/wp-json\/wp\/v2\/types\/page"}],"author":[{"embeddable":true,"href":"https:\/\/www.electroluxprofessional.com\/es\/wp-json\/wp\/v2\/users\/21"}],"replies":[{"embeddable":true,"href":"https:\/\/www.electroluxprofessional.com\/es\/wp-json\/wp\/v2\/comments?post=13879"}],"version-history":[{"count":8,"href":"https:\/\/www.electroluxprofessional.com\/es\/wp-json\/wp\/v2\/pages\/13879\/revisions"}],"predecessor-version":[{"id":13895,"href":"https:\/\/www.electroluxprofessional.com\/es\/wp-json\/wp\/v2\/pages\/13879\/revisions\/13895"}],"wp:featuredmedia":[{"embeddable":true,"href":"https:\/\/www.electroluxprofessional.com\/es\/wp-json\/wp\/v2\/media\/13875"}],"wp:attachment":[{"href":"https:\/\/www.electroluxprofessional.com\/es\/wp-json\/wp\/v2\/media?parent=13879"}],"curies":[{"name":"wp","href":"https:\/\/api.w.org\/{rel}","templated":true}]}}