{"id":13762,"date":"2021-02-23T13:09:19","date_gmt":"2021-02-23T13:09:19","guid":{"rendered":"https:\/\/www.electroluxprofessional.com\/?page_id=33855"},"modified":"2024-10-15T12:53:06","modified_gmt":"2024-10-15T12:53:06","slug":"equipamiento-lavanderia-comercial-soluciones-linea-6000","status":"publish","type":"page","link":"https:\/\/www.electroluxprofessional.com\/es\/equipamiento-lavanderia-comercial-soluciones-linea-6000\/","title":{"rendered":"Soluciones L\u00ednea 6000"},"content":{"rendered":"<p>[vc_row full_width=&#8221;electroluxpro-full-width-no-padding&#8221; equal_height=&#8221;yes&#8221; css=&#8221;.vc_custom_1604054607517{margin-top: -30px !important;border-top-width: -30px !important;padding-top: -30px !important;}&#8221;][vc_column][elx_full_banner title=&#8221;Simplificando la lavander\u00eda del futuro&#8221; background_image_media_library=&#8221;13750&#8243; background_image_media_library_mobile=&#8221;13752&#8243; link=&#8221;url:%23contact|title:Lavadoras%20y%20Secadoras%20L%C3%ADnea%206000%20||&#8221;][\/vc_column][\/vc_row][vc_row css=&#8221;.vc_custom_1614333424022{background-color: #14133b !important;}&#8221;][vc_column width=&#8221;1\/2&#8243;][vc_empty_space][vc_empty_space][vc_column_text]<span style=\"color: #ffffff;\">El mundo del cuidado profesional de los textiles ha evolucionado constantemente. A medida que la forma de lavar la ropa ha cambiado, tambi\u00e9n lo ha hecho la industria de producci\u00f3n. Electrolux Professional siempre ha estado a la vanguardia en la oferta de soluciones sostenibles, ergon\u00f3micas y de f\u00e1cil uso.<\/span><\/p>\n<p><span style=\"color: #ffffff;\"><strong>120 a\u00f1os de tradici\u00f3n, experiencia e innovaci\u00f3n.<\/strong><\/span>[\/vc_column_text][vc_empty_space][\/vc_column][vc_column width=&#8221;1\/2&#8243;][vc_empty_space][vc_empty_space][vc_column_text]<img loading=\"lazy\" decoding=\"async\" class=\"alignnone size-full wp-image-16396\" src=\"https:\/\/www.electroluxprofessional.com\/es\/wp-content\/uploads\/2022\/05\/EPR-logo-120yrs-white-300x182-1.png\" alt=\"Logo 120 a\u00f1os\" width=\"300\" height=\"182\" \/>[\/vc_column_text][vc_empty_space][\/vc_column][\/vc_row][vc_row full_width=&#8221;electroluxpro-container-no-padding&#8221;][vc_column][vc_empty_space][vc_row_inner css=&#8221;.vc_custom_1611591149653{padding-left: 50px !important;}&#8221;][vc_column_inner][vc_empty_space][elx_heading text_color=&#8221;inherit&#8221; text_align=&#8221;text-center&#8221;]La innovaci\u00f3n impulsa un gran rendimiento[\/elx_heading][\/vc_column_inner][\/vc_row_inner][vc_row_inner full_width=&#8221;electroluxpro-full-width&#8221; gap=&#8221;10&#8243; css=&#8221;.vc_custom_1614583810200{padding-left: 50px !important;}&#8221;][vc_column_inner width=&#8221;1\/5&#8243; css=&#8221;.vc_custom_1614583117558{padding-right: 10px !important;padding-left: 10px !important;}&#8221;][vc_empty_space][vc_single_image image=&#8221;13812&#8243; img_size=&#8221;154&#215;154&#8243; alignment=&#8221;center&#8221;][elx_heading text_color=&#8221;electrolux-blue&#8221; text_align=&#8221;text-center&#8221;]M\u00e1s f\u00e1cil, saludable y seguro[\/elx_heading][vc_column_text]<\/p>\n<p style=\"text-align: center;\">Dise\u00f1o ergon\u00f3mico m\u00e1s sencillo, m\u00e1s saludable y de seguridad certificada, con un enfoque centrado en las personas, para lograr una magn\u00edfica experiencia de usuario.<\/p>\n<p>[\/vc_column_text][\/vc_column_inner][vc_column_inner width=&#8221;1\/5&#8243; css=&#8221;.vc_custom_1614583127796{padding-right: 10px !important;padding-left: 10px !important;}&#8221;][vc_empty_space][vc_single_image image=&#8221;13814&#8243; img_size=&#8221;154&#215;154&#8243; alignment=&#8221;center&#8221;][elx_heading text_color=&#8221;electrolux-blue&#8221; text_align=&#8221;text-center&#8221;]Higiene fiable[\/elx_heading][vc_column_text]<\/p>\n<p style=\"text-align: center;\">Conf\u00eda en que la ropa se desinfectar\u00e1 de manera eficaz en cada ciclo para obtener un resultado seguro.<\/p>\n<p>[\/vc_column_text][\/vc_column_inner][vc_column_inner width=&#8221;1\/5&#8243; css=&#8221;.vc_custom_1614583136574{padding-right: 10px !important;padding-left: 10px !important;}&#8221;][vc_empty_space][vc_single_image image=&#8221;13815&#8243; img_size=&#8221;154&#215;154&#8243; alignment=&#8221;center&#8221;][elx_heading text_color=&#8221;electrolux-blue&#8221; text_align=&#8221;text-center&#8221;]Productividad extraordinaria[\/elx_heading][vc_column_text]<\/p>\n<p style=\"text-align: center;\">Puedes lavar y secar m\u00e1s ropa en menos tiempo.<\/p>\n<p>[\/vc_column_text][\/vc_column_inner][vc_column_inner width=&#8221;1\/5&#8243; css=&#8221;.vc_custom_1614583146973{padding-right: 10px !important;padding-left: 10px !important;}&#8221;][vc_empty_space][vc_single_image image=&#8221;13816&#8243; img_size=&#8221;154&#215;154&#8243; alignment=&#8221;center&#8221;][elx_heading text_color=&#8221;electrolux-blue&#8221; text_align=&#8221;text-center&#8221;]Soluciones en tiempo real[\/elx_heading][vc_column_text]<\/p>\n<p style=\"text-align: center;\">Supervisa el estado de tu equipo desde cualquier lugar y aplica medidas para mejorar tu negocio eliminando los periodos de inactividad.<\/p>\n<p>[\/vc_column_text][\/vc_column_inner][vc_column_inner width=&#8221;1\/5&#8243; css=&#8221;.vc_custom_1614583159055{padding-right: 10px !important;padding-left: 10px !important;}&#8221;][vc_empty_space][vc_single_image image=&#8221;13817&#8243; img_size=&#8221;154&#215;154&#8243; alignment=&#8221;center&#8221;][elx_heading text_color=&#8221;electrolux-blue&#8221; text_align=&#8221;text-center&#8221;]Ahorro a largo plazo[\/elx_heading][vc_column_text]<\/p>\n<p style=\"text-align: center;\">Funciones innovadoras para ahorrar tiempo y dinero y adoptar un estilo de vida sostenible.<\/p>\n<p>[\/vc_column_text][\/vc_column_inner][\/vc_row_inner][vc_row_inner][vc_column_inner][vc_empty_space height=&#8221;50px&#8221;][\/vc_column_inner][\/vc_row_inner][\/vc_column][\/vc_row][vc_row css=&#8221;.vc_custom_1611595319937{background-color: #e8eff5 !important;}&#8221;][vc_column width=&#8221;1\/5&#8243;][vc_empty_space][vc_single_image image=&#8221;7684&#8243; img_size=&#8221;medium&#8221;][vc_empty_space][\/vc_column][vc_column width=&#8221;1\/5&#8243;][vc_empty_space][vc_column_text]<\/p>\n<h3>Experiencia<\/h3>\n<h1>4 estrellas<\/h1>\n<h3>con <em>ClarusVibe<\/em><\/h3>\n<p>[\/vc_column_text][vc_single_image image=&#8221;13746&#8243; img_size=&#8221;full&#8221;][vc_empty_space][\/vc_column][vc_column width=&#8221;3\/5&#8243;][vc_empty_space][elx_heading font_container=&#8221;h3&#8243; text_color=&#8221;inherit&#8221;]Confort certificado[\/elx_heading][vc_column_text]Todas las lavadoras y secadoras de la gama Line 6000 est\u00e1n homologadas por las normas internacionales de ergonom\u00eda y dise\u00f1o centrado en las personas. Esto significa que han sido sometidas a prueba por usuarios para garantizar que tus operarios se sometan a menos tensi\u00f3n y esfuerzo, para que ellos, y tu empresa, prosperen. La versi\u00f3n ClarusVibe de lavadoras y algunos modelos de secadoras han obtenido la prestigiosa calificaci\u00f3n ERGOCERT 4 estrellas, la m\u00e1xima en ergonom\u00eda.[\/vc_column_text][vc_empty_space][\/vc_column][\/vc_row][vc_row][vc_column][vc_empty_space][elx_heading text_color=&#8221;electrolux-blue&#8221; text_align=&#8221;text-center&#8221;]Cada paso es intuitivo y sencillo[\/elx_heading][vc_empty_space][\/vc_column][\/vc_row][vc_row][vc_column width=&#8221;1\/2&#8243;][vc_empty_space][vc_single_image image=&#8221;13747&#8243; img_size=&#8221;medium&#8221;][vc_empty_space][vc_column_text]Control ClarusVibe, la m\u00e1s moderna y eficiente de las interfaces, garantiza una experiencia intuitiva y una relajada interacci\u00f3n, y supone una manera inteligente y sin esfuerzo de gestionar el proceso de lavado. Sumamente sencillo, ahorra tiempo e incrementa la productividad al facilitar a los usuarios un manejo correcto desde el primer intento. ClarusVibe se suministra con todos los programas necesarios predefinidos, de acuerdo con las normas locales y las caracter\u00edsticas espec\u00edficas de tu negocio.[\/vc_column_text][vc_empty_space][\/vc_column][vc_column width=&#8221;1\/2&#8243;][vc_empty_space][vc_single_image image=&#8221;13748&#8243; img_size=&#8221;medium&#8221;][vc_empty_space][vc_column_text]CompassPro, la m\u00e1s tradicional de las dos interfaces, se suministra con un nuevo dise\u00f1o que mejora la experiencia del usuario. Flexible y personalizable, se ofrece con programas predefinidos y espacios para programas gratuitos. Hasta 18 idiomas disponibles.[\/vc_column_text][vc_empty_space][\/vc_column][\/vc_row][vc_row full_width=&#8221;electroluxpro-container-no-padding&#8221; css=&#8221;.vc_custom_1612195451501{padding: 50px !important;background-color: #d8d8d8 !important;}&#8221;][vc_column width=&#8221;1\/5&#8243;][vc_empty_space][vc_single_image image=&#8221;13749&#8243; img_size=&#8221;medium&#8221;][vc_empty_space][\/vc_column][vc_column width=&#8221;1\/5&#8243;][vc_empty_space][vc_column_text]<\/p>\n<h3>Electrolux<br \/>\nProfessional<br \/>\nse ha asociado con<br \/>\nRise AB<\/h3>\n<p>[\/vc_column_text][vc_column_text]para identificar y validar el protocolo m\u00e1s adecuado que permita la desactivaci\u00f3n de microorganismos pat\u00f3genos de los tejidos mediante el proceso de lavander\u00eda.[\/vc_column_text][vc_empty_space][\/vc_column][vc_column width=&#8221;3\/5&#8243;][vc_empty_space][elx_heading font_container=&#8221;h3&#8243; text_color=&#8221;inherit&#8221;]Confort certificado[\/elx_heading][vc_column_text]<strong>RISE<\/strong> es un instituto de investigaci\u00f3n sueco y un socio para la innovaci\u00f3n. Mediante programas de colaboraci\u00f3n internacional con la industria, las universidades y el sector p\u00fablico, RISE asegura la competitividad de la comunidad empresarial sueca a nivel internacional y contribuye al impulso de una sociedad sostenible. Cuenta con 2.800 empleados que participan con su apoyo en todo tipo de procesos de innovaci\u00f3n. <strong>RISE<\/strong> es un instituto de investigaci\u00f3n estatal independiente que ofrece conocimientos exclusivos y m\u00e1s de 100 plataformas de pruebas y entornos de demostraci\u00f3n de tecnolog\u00edas, productos y servicios de futuro asegurado.<br \/>\n<strong>RISE<\/strong> es desde hace mucho tiempo socio de Electrolux Professional en el desarrollo y validaci\u00f3n de soluciones espec\u00edficas para el mercado de lavander\u00eda.[\/vc_column_text][vc_empty_space][elx_button button_text=&#8221;Descubre Rise&#8221; button_link=&#8221;url:https%3A%2F%2Fwww.electroluxprofessional.com%2Fes%2Flavanderia-aclarado-seguro%2F|title:DESCUBRE%20RISE||&#8221;][vc_empty_space][\/vc_column][\/vc_row][vc_row][vc_column][vc_empty_space][elx_heading font_container=&#8221;h1&#8243; font_size=&#8221;h1&#8243; text_color=&#8221;inherit&#8221; text_align=&#8221;text-center&#8221;]Conoce mejor los dem\u00e1s productos<br \/>\nde la gama L\u00ednea 6000[\/elx_heading][vc_empty_space][\/vc_column][\/vc_row][vc_row][vc_column][vc_empty_space][elx_heading font_container=&#8221;h1&#8243; font_size=&#8221;h2&#8243; text_color=&#8221;inherit&#8221; text_align=&#8221;text-center&#8221;]Lavadoras L\u00ednea 6000[\/elx_heading][elx_double_banner title_1=&#8221;Lavadoras Comerciales&#8221; title_2=&#8221;Lavadoras de Barrera&#8221; link_1=&#8221;url:https%3A%2F%2Fwww.electroluxprofessional.com%2Fes%2Flavadoras-comerciales%2F|title:DESCUBRE%20M%C3%81S||&#8221; background_image_media_library_1=&#8221;13754&#8243; link_2=&#8221;url:https%3A%2F%2Fwww.electroluxprofessional.com%2Fes%2Fequipamiento-lavanderia-comercial%2Flavadoras-de-barrera-sanitaria%2F|title:Descubre%20m%C3%A1s||&#8221; background_image_media_library_2=&#8221;13758&#8243; background_image_media_library_mobile_1=&#8221;13756&#8243; background_image_media_library_mobile_2=&#8221;13760&#8243;][vc_empty_space][\/vc_column][\/vc_row][vc_row][vc_column][vc_empty_space][elx_heading font_container=&#8221;h1&#8243; font_size=&#8221;h2&#8243; text_color=&#8221;inherit&#8221; text_align=&#8221;text-center&#8221;]Secadoras L\u00ednea 6000[\/elx_heading][elx_double_banner title_1=&#8221;Secadoras&#8221; title_2=&#8221;Cabinas de secado&#8221; link_1=&#8221;url:https%3A%2F%2Fwww.electroluxprofessional.com%2Fes%2Fsecadoras%2F|title:DESCUBRE%20M%C3%81S&#8221; background_image_media_library_1=&#8221;13755&#8243; link_2=&#8221;url:https%3A%2F%2Fwww.electroluxprofessional.com%2Fes%2Fcabinas-de-secado%2F|title:Descubre%20m%C3%A1s||&#8221; background_image_media_library_2=&#8221;13759&#8243; background_image_media_library_mobile_1=&#8221;13757&#8243; background_image_media_library_mobile_2=&#8221;13761&#8243;][vc_empty_space][\/vc_column][\/vc_row][vc_row][vc_column][vc_empty_space][elx_heading font_size=&#8221;h1&#8243; text_color=&#8221;inherit&#8221; text_align=&#8221;text-center&#8221;]Calandras L\u00ednea 6000[\/elx_heading][elx_single_banner layout=&#8221;layout-two&#8221; title=&#8221;Calandras&#8221; text=&#8221;&#8221; text_mobile=&#8221;&#8221; link=&#8221;url:https%3A%2F%2Fwww.electroluxprofessional.com%2Fes%2Fcalandras%2F|title:Descubre%20m%C3%A1s||&#8221; background_image_media_library=&#8221;13751&#8243; background_image_media_library_mobile=&#8221;13753&#8243;][vc_empty_space][\/vc_column][\/vc_row][vc_row el_id=&#8221;contact&#8221;][vc_column][vc_empty_space][elx_heading font_container=&#8221;h3&#8243; text_color=&#8221;electrolux-blue&#8221; text_align=&#8221;text-center&#8221;]M\u00e1s informaci\u00f3n. Ponte en contacto con nuestros expertos.[\/elx_heading][elx_o2000_contact_us s=&#8221;Petici\u00f3n de informaci\u00f3n sobre Lavander\u00eda&#8221; b=&#8221;laundry&#8221; container=&#8221;elxcontactus1482242857&#8243; r=&#8221;Me gustar\u00eda tener m\u00e1s informaci\u00f3n sobre:&#8221; l=&#8221;en&#8221;][\/vc_column][\/vc_row][vc_row][vc_column][vc_column_text][\/vc_column_text][\/vc_column][\/vc_row]<\/p>\n","protected":false},"excerpt":{"rendered":"<p>[vc_row full_width=&#8221;electroluxpro-full-width-no-padding&#8221; equal_height=&#8221;yes&#8221; css=&#8221;.vc_custom_1604054607517{margin-top: -30px !important;border-top-width: -30px !important;padding-top: -30px !important;}&#8221;][vc_column][elx_full_banner title=&#8221;Simplificando la lavander\u00eda del futuro&#8221; background_image_media_library=&#8221;13750&#8243; background_image_media_library_mobile=&#8221;13752&#8243; link=&#8221;url:%23contact|title:Lavadoras%20y%20Secadoras%20L%C3%ADnea%206000%20||&#8221;][\/vc_column][\/vc_row][vc_row css=&#8221;.vc_custom_1614333424022{background-color: #14133b !important;}&#8221;][vc_column width=&#8221;1\/2&#8243;][vc_empty_space][vc_empty_space][vc_column_text]El mundo del cuidado profesional de los textiles ha evolucionado constantemente. A medida que la forma de lavar la ropa ha cambiado, tambi\u00e9n lo ha hecho la industria de producci\u00f3n. Electrolux Professional siempre ha [&hellip;]<\/p>\n","protected":false},"author":21,"featured_media":13656,"parent":0,"menu_order":0,"comment_status":"closed","ping_status":"closed","template":"","meta":{"footnotes":""},"class_list":["post-13762","page","type-page","status-publish","has-post-thumbnail","hentry"],"acf":[],"yoast_head":"<!-- This site is optimized with the Yoast SEO plugin v23.4 - https:\/\/yoast.com\/wordpress\/plugins\/seo\/ -->\n<title>Soluciones L\u00ednea 6000 - Electrolux Professional Espa\u00f1a<\/title>\n<meta name=\"description\" content=\"La l\u00ednea 6000 le ahorrar\u00e1 dinero, se anticipar\u00e1 a sus necesidades y superar\u00e1 sus expectativas. Nuestros intensos esfuerzos de investigaci\u00f3n y desarrollo de productos de vanguardia han dado como resultado una gama excepcional de productos, capaces de ahorrarle dinero, aumentar su productividad y hacer que su operaci\u00f3n sea segura, sin esfuerzo y totalmente controlada cada d\u00eda.\" \/>\n<meta name=\"robots\" content=\"index, follow, max-snippet:-1, max-image-preview:large, max-video-preview:-1\" \/>\n<link rel=\"canonical\" href=\"https:\/\/www.electroluxprofessional.com\/es\/equipamiento-lavanderia-comercial-soluciones-linea-6000\/\" \/>\n<meta property=\"og:locale\" content=\"es_ES\" \/>\n<meta property=\"og:type\" content=\"article\" \/>\n<meta property=\"og:title\" content=\"Soluciones L\u00ednea 6000 - Electrolux Professional Espa\u00f1a\" \/>\n<meta property=\"og:description\" content=\"La l\u00ednea 6000 le ahorrar\u00e1 dinero, se anticipar\u00e1 a sus necesidades y superar\u00e1 sus expectativas. Nuestros intensos esfuerzos de investigaci\u00f3n y desarrollo de productos de vanguardia han dado como resultado una gama excepcional de productos, capaces de ahorrarle dinero, aumentar su productividad y hacer que su operaci\u00f3n sea segura, sin esfuerzo y totalmente controlada cada d\u00eda.\" \/>\n<meta property=\"og:url\" content=\"https:\/\/www.electroluxprofessional.com\/es\/equipamiento-lavanderia-comercial-soluciones-linea-6000\/\" \/>\n<meta property=\"og:site_name\" content=\"Electrolux Professional Espa\u00f1a\" \/>\n<meta property=\"article:modified_time\" content=\"2024-10-15T12:53:06+00:00\" \/>\n<meta property=\"og:image\" content=\"https:\/\/www.electroluxprofessional.com\/es\/wp-content\/uploads\/2021\/02\/maylike-multihousing.jpg\" \/>\n\t<meta property=\"og:image:width\" content=\"700\" \/>\n\t<meta property=\"og:image:height\" content=\"700\" \/>\n\t<meta property=\"og:image:type\" content=\"image\/jpeg\" \/>\n<meta name=\"twitter:card\" content=\"summary_large_image\" \/>\n<meta name=\"twitter:label1\" content=\"Tiempo de lectura\" \/>\n\t<meta name=\"twitter:data1\" content=\"4 minutos\" \/>\n<script type=\"application\/ld+json\" class=\"yoast-schema-graph\">{\"@context\":\"https:\/\/schema.org\",\"@graph\":[{\"@type\":\"WebPage\",\"@id\":\"https:\/\/www.electroluxprofessional.com\/es\/equipamiento-lavanderia-comercial-soluciones-linea-6000\/\",\"url\":\"https:\/\/www.electroluxprofessional.com\/es\/equipamiento-lavanderia-comercial-soluciones-linea-6000\/\",\"name\":\"Soluciones L\u00ednea 6000 - Electrolux Professional Espa\u00f1a\",\"isPartOf\":{\"@id\":\"https:\/\/www.electroluxprofessional.com\/es\/#website\"},\"primaryImageOfPage\":{\"@id\":\"https:\/\/www.electroluxprofessional.com\/es\/equipamiento-lavanderia-comercial-soluciones-linea-6000\/#primaryimage\"},\"image\":{\"@id\":\"https:\/\/www.electroluxprofessional.com\/es\/equipamiento-lavanderia-comercial-soluciones-linea-6000\/#primaryimage\"},\"thumbnailUrl\":\"https:\/\/www.electroluxprofessional.com\/es\/wp-content\/uploads\/2021\/02\/maylike-multihousing.jpg\",\"datePublished\":\"2021-02-23T13:09:19+00:00\",\"dateModified\":\"2024-10-15T12:53:06+00:00\",\"description\":\"La l\u00ednea 6000 le ahorrar\u00e1 dinero, se anticipar\u00e1 a sus necesidades y superar\u00e1 sus expectativas. Nuestros intensos esfuerzos de investigaci\u00f3n y desarrollo de productos de vanguardia han dado como resultado una gama excepcional de productos, capaces de ahorrarle dinero, aumentar su productividad y hacer que su operaci\u00f3n sea segura, sin esfuerzo y totalmente controlada cada d\u00eda.\",\"breadcrumb\":{\"@id\":\"https:\/\/www.electroluxprofessional.com\/es\/equipamiento-lavanderia-comercial-soluciones-linea-6000\/#breadcrumb\"},\"inLanguage\":\"es\",\"potentialAction\":[{\"@type\":\"ReadAction\",\"target\":[\"https:\/\/www.electroluxprofessional.com\/es\/equipamiento-lavanderia-comercial-soluciones-linea-6000\/\"]}]},{\"@type\":\"ImageObject\",\"inLanguage\":\"es\",\"@id\":\"https:\/\/www.electroluxprofessional.com\/es\/equipamiento-lavanderia-comercial-soluciones-linea-6000\/#primaryimage\",\"url\":\"https:\/\/www.electroluxprofessional.com\/es\/wp-content\/uploads\/2021\/02\/maylike-multihousing.jpg\",\"contentUrl\":\"https:\/\/www.electroluxprofessional.com\/es\/wp-content\/uploads\/2021\/02\/maylike-multihousing.jpg\",\"width\":700,\"height\":700,\"caption\":\"maylike-multihousing\"},{\"@type\":\"BreadcrumbList\",\"@id\":\"https:\/\/www.electroluxprofessional.com\/es\/equipamiento-lavanderia-comercial-soluciones-linea-6000\/#breadcrumb\",\"itemListElement\":[{\"@type\":\"ListItem\",\"position\":1,\"name\":\"Home\",\"item\":\"https:\/\/www.electroluxprofessional.com\/es\/\"},{\"@type\":\"ListItem\",\"position\":2,\"name\":\"Soluciones L\u00ednea 6000\"}]},{\"@type\":\"WebSite\",\"@id\":\"https:\/\/www.electroluxprofessional.com\/es\/#website\",\"url\":\"https:\/\/www.electroluxprofessional.com\/es\/\",\"name\":\"Electrolux Professional Espa\u00f1a\",\"description\":\"Equipamiento cocinas profesionales y lavander\u00edas comerciales. Excelencia en el suministro de soluciones profesionales.\",\"potentialAction\":[{\"@type\":\"SearchAction\",\"target\":{\"@type\":\"EntryPoint\",\"urlTemplate\":\"https:\/\/www.electroluxprofessional.com\/es\/?src={search_term_string}\"},\"query-input\":{\"@type\":\"PropertyValueSpecification\",\"valueRequired\":true,\"valueName\":\"search_term_string\"}}],\"inLanguage\":\"es\"}]}<\/script>\n<!-- \/ Yoast SEO plugin. -->","yoast_head_json":{"title":"Soluciones L\u00ednea 6000 - Electrolux Professional Espa\u00f1a","description":"La l\u00ednea 6000 le ahorrar\u00e1 dinero, se anticipar\u00e1 a sus necesidades y superar\u00e1 sus expectativas. Nuestros intensos esfuerzos de investigaci\u00f3n y desarrollo de productos de vanguardia han dado como resultado una gama excepcional de productos, capaces de ahorrarle dinero, aumentar su productividad y hacer que su operaci\u00f3n sea segura, sin esfuerzo y totalmente controlada cada d\u00eda.","robots":{"index":"index","follow":"follow","max-snippet":"max-snippet:-1","max-image-preview":"max-image-preview:large","max-video-preview":"max-video-preview:-1"},"canonical":"https:\/\/www.electroluxprofessional.com\/es\/equipamiento-lavanderia-comercial-soluciones-linea-6000\/","og_locale":"es_ES","og_type":"article","og_title":"Soluciones L\u00ednea 6000 - Electrolux Professional Espa\u00f1a","og_description":"La l\u00ednea 6000 le ahorrar\u00e1 dinero, se anticipar\u00e1 a sus necesidades y superar\u00e1 sus expectativas. Nuestros intensos esfuerzos de investigaci\u00f3n y desarrollo de productos de vanguardia han dado como resultado una gama excepcional de productos, capaces de ahorrarle dinero, aumentar su productividad y hacer que su operaci\u00f3n sea segura, sin esfuerzo y totalmente controlada cada d\u00eda.","og_url":"https:\/\/www.electroluxprofessional.com\/es\/equipamiento-lavanderia-comercial-soluciones-linea-6000\/","og_site_name":"Electrolux Professional Espa\u00f1a","article_modified_time":"2024-10-15T12:53:06+00:00","og_image":[{"width":700,"height":700,"url":"https:\/\/www.electroluxprofessional.com\/es\/wp-content\/uploads\/2021\/02\/maylike-multihousing.jpg","type":"image\/jpeg"}],"twitter_card":"summary_large_image","twitter_misc":{"Tiempo de lectura":"4 minutos"},"schema":{"@context":"https:\/\/schema.org","@graph":[{"@type":"WebPage","@id":"https:\/\/www.electroluxprofessional.com\/es\/equipamiento-lavanderia-comercial-soluciones-linea-6000\/","url":"https:\/\/www.electroluxprofessional.com\/es\/equipamiento-lavanderia-comercial-soluciones-linea-6000\/","name":"Soluciones L\u00ednea 6000 - Electrolux Professional Espa\u00f1a","isPartOf":{"@id":"https:\/\/www.electroluxprofessional.com\/es\/#website"},"primaryImageOfPage":{"@id":"https:\/\/www.electroluxprofessional.com\/es\/equipamiento-lavanderia-comercial-soluciones-linea-6000\/#primaryimage"},"image":{"@id":"https:\/\/www.electroluxprofessional.com\/es\/equipamiento-lavanderia-comercial-soluciones-linea-6000\/#primaryimage"},"thumbnailUrl":"https:\/\/www.electroluxprofessional.com\/es\/wp-content\/uploads\/2021\/02\/maylike-multihousing.jpg","datePublished":"2021-02-23T13:09:19+00:00","dateModified":"2024-10-15T12:53:06+00:00","description":"La l\u00ednea 6000 le ahorrar\u00e1 dinero, se anticipar\u00e1 a sus necesidades y superar\u00e1 sus expectativas. Nuestros intensos esfuerzos de investigaci\u00f3n y desarrollo de productos de vanguardia han dado como resultado una gama excepcional de productos, capaces de ahorrarle dinero, aumentar su productividad y hacer que su operaci\u00f3n sea segura, sin esfuerzo y totalmente controlada cada d\u00eda.","breadcrumb":{"@id":"https:\/\/www.electroluxprofessional.com\/es\/equipamiento-lavanderia-comercial-soluciones-linea-6000\/#breadcrumb"},"inLanguage":"es","potentialAction":[{"@type":"ReadAction","target":["https:\/\/www.electroluxprofessional.com\/es\/equipamiento-lavanderia-comercial-soluciones-linea-6000\/"]}]},{"@type":"ImageObject","inLanguage":"es","@id":"https:\/\/www.electroluxprofessional.com\/es\/equipamiento-lavanderia-comercial-soluciones-linea-6000\/#primaryimage","url":"https:\/\/www.electroluxprofessional.com\/es\/wp-content\/uploads\/2021\/02\/maylike-multihousing.jpg","contentUrl":"https:\/\/www.electroluxprofessional.com\/es\/wp-content\/uploads\/2021\/02\/maylike-multihousing.jpg","width":700,"height":700,"caption":"maylike-multihousing"},{"@type":"BreadcrumbList","@id":"https:\/\/www.electroluxprofessional.com\/es\/equipamiento-lavanderia-comercial-soluciones-linea-6000\/#breadcrumb","itemListElement":[{"@type":"ListItem","position":1,"name":"Home","item":"https:\/\/www.electroluxprofessional.com\/es\/"},{"@type":"ListItem","position":2,"name":"Soluciones L\u00ednea 6000"}]},{"@type":"WebSite","@id":"https:\/\/www.electroluxprofessional.com\/es\/#website","url":"https:\/\/www.electroluxprofessional.com\/es\/","name":"Electrolux Professional Espa\u00f1a","description":"Equipamiento cocinas profesionales y lavander\u00edas comerciales. Excelencia en el suministro de soluciones profesionales.","potentialAction":[{"@type":"SearchAction","target":{"@type":"EntryPoint","urlTemplate":"https:\/\/www.electroluxprofessional.com\/es\/?src={search_term_string}"},"query-input":{"@type":"PropertyValueSpecification","valueRequired":true,"valueName":"search_term_string"}}],"inLanguage":"es"}]}},"_links":{"self":[{"href":"https:\/\/www.electroluxprofessional.com\/es\/wp-json\/wp\/v2\/pages\/13762"}],"collection":[{"href":"https:\/\/www.electroluxprofessional.com\/es\/wp-json\/wp\/v2\/pages"}],"about":[{"href":"https:\/\/www.electroluxprofessional.com\/es\/wp-json\/wp\/v2\/types\/page"}],"author":[{"embeddable":true,"href":"https:\/\/www.electroluxprofessional.com\/es\/wp-json\/wp\/v2\/users\/21"}],"replies":[{"embeddable":true,"href":"https:\/\/www.electroluxprofessional.com\/es\/wp-json\/wp\/v2\/comments?post=13762"}],"version-history":[{"count":21,"href":"https:\/\/www.electroluxprofessional.com\/es\/wp-json\/wp\/v2\/pages\/13762\/revisions"}],"predecessor-version":[{"id":20510,"href":"https:\/\/www.electroluxprofessional.com\/es\/wp-json\/wp\/v2\/pages\/13762\/revisions\/20510"}],"wp:featuredmedia":[{"embeddable":true,"href":"https:\/\/www.electroluxprofessional.com\/es\/wp-json\/wp\/v2\/media\/13656"}],"wp:attachment":[{"href":"https:\/\/www.electroluxprofessional.com\/es\/wp-json\/wp\/v2\/media?parent=13762"}],"curies":[{"name":"wp","href":"https:\/\/api.w.org\/{rel}","templated":true}]}}