{"id":1364,"date":"2017-01-25T15:17:22","date_gmt":"2017-01-25T15:17:22","guid":{"rendered":"https:\/\/www.electroluxprofessional.com\/es\/?page_id=1364"},"modified":"2026-03-28T11:08:38","modified_gmt":"2026-03-28T11:08:38","slug":"hoteles","status":"publish","type":"page","link":"https:\/\/www.electroluxprofessional.com\/es\/tu-negocio\/hoteles\/","title":{"rendered":"Hoteles"},"content":{"rendered":"<p>[vc_row full_width=&#8221;electroluxpro-full-width-no-padding&#8221; equal_height=&#8221;yes&#8221;][vc_column reveal_effect=&#8221;&#8221; width=&#8221;1\/2&#8243;][elx_citation name=&#8221;Davinder Kumar, Vice-presidente F&amp;B Production &amp; Executive Chef en Le M\u00e9ridien&#8221; company=&#8221;Nueva Delhi, India&#8221;][elx_heading font_container=&#8221;h1&#8243; font_size=&#8221;h2&#8243; text_color=&#8221;inherit&#8221;]Soluciones Integrales para Hoteles[\/elx_heading][\/elx_citation][\/vc_column][vc_column reveal_effect=&#8221;&#8221; width=&#8221;1\/2&#8243;][elx_image_block background_image=&#8221;452&#8243; minimum_height=&#8221;700px&#8221;][\/vc_column][\/vc_row][vc_row][vc_column][elx_heading text_color=&#8221;inherit&#8221;]<\/p>\n<p style=\"text-align: center;\"><span style=\"color: #bed143;\">Hoteles<\/span><\/p>\n<p>[\/elx_heading][\/vc_column][\/vc_row][vc_row][vc_column][vc_empty_space height=&#8221;50px&#8221;][\/vc_column][\/vc_row][vc_row full_width=&#8221;electroluxpro-full-width-no-padding&#8221; equal_height=&#8221;yes&#8221; css=&#8221;.vc_custom_1465551113072{background-color: #edeff2 !important;}&#8221;][vc_column width=&#8221;1\/2&#8243;][elx_simple_block background_color=&#8221;inherit&#8221;][vc_column_text]<\/p>\n<h3 style=\"text-align: left;\">\u00bfSab\u00edas que es posible un servicio 5 estrellas sin desperdiciar?<\/h3>\n<p>[\/vc_column_text][vc_column_text]Sea cual sea tu necesidad, Electrolux Professional tiene una soluci\u00f3n completa que te ayudar\u00e1 a aumentar tu productividad y sostenibilidad.<\/p>\n<p><strong>Pensamos tanto en cadenas hoteleras como en hoteles independientes.<\/strong>[\/vc_column_text][\/elx_simple_block][\/vc_column][vc_column width=&#8221;1\/2&#8243;][elx_image_block background_image=&#8221;746&#8243; minimum_height=&#8221;600px&#8221;][\/vc_column][\/vc_row][vc_row][vc_column][vc_empty_space height=&#8221;50px&#8221;][\/vc_column][\/vc_row][vc_row full_width=&#8221;electroluxpro-full-width-no-padding&#8221; equal_height=&#8221;yes&#8221; css=&#8221;.vc_custom_1465563192639{background-color: #edeff2 !important;}&#8221;][vc_column width=&#8221;1\/2&#8243;][elx_image_block background_image=&#8221;747&#8243; minimum_height=&#8221;600px&#8221;][\/vc_column][vc_column width=&#8221;1\/2&#8243;][elx_simple_block background_color=&#8221;inherit&#8221;][vc_column_text]<\/p>\n<h3 style=\"text-align: left;\">\u00bfSabes lo que m\u00e1s le importa a los hu\u00e9spedes de un hotel?<\/h3>\n<p>[\/vc_column_text][vc_column_text]Los \u00faltimos estudios de la industria muestran que:<\/p>\n<ul>\n<li>el 99% de los hu\u00e9spedes encuestados considera que las toallas y una ropa de cama de buena calidad son muy importantes<\/li>\n<li>el 96% dice que no volver\u00eda a un hotel si las toallas o la ropa de cama son de mala calidad o tienen manchas.<\/li>\n<\/ul>\n<p>No dejes que esto suceda, toma el control y aseg\u00farate una higiene y limpieza perfectas con una lavander\u00eda Electrolux Professional.[\/vc_column_text][\/elx_simple_block][\/vc_column][\/vc_row][vc_row][vc_column][vc_empty_space height=&#8221;50px&#8221;][\/vc_column][\/vc_row][vc_row][vc_column][elx_heading font_size=&#8221;h3&#8243; text_color=&#8221;inherit&#8221;]<\/p>\n<p style=\"text-align: center;\">Nuestras soluciones para la cocina de tu Hotel<\/p>\n<p>[\/elx_heading][\/vc_column][\/vc_row][vc_row css=&#8221;.vc_custom_1493117835433{padding-top: 20px !important;padding-bottom: 20px !important;}&#8221;][vc_column width=&#8221;1\/3&#8243;][vc_single_image image=&#8221;748&#8243; img_size=&#8221;full&#8221; alignment=&#8221;center&#8221;][elx_heading font_container=&#8221;h3&#8243; text_color=&#8221;inherit&#8221; text_align=&#8221;text-left&#8221;]therma<em>line<\/em><br \/>\n[\/elx_heading][vc_column_text]<\/p>\n<ul>\n<li>Hasta un 60% de ahorro de costes energ\u00e9ticos y mejoras de rendimiento con la gama de cocci\u00f3n premium thermaline<\/li>\n<li>La inducci\u00f3n de superficie completa permite cocinar muchos productos a la vez, m\u00e1s f\u00e1cil que nunca.<\/li>\n<\/ul>\n<p>[\/vc_column_text][elx_button button_text=&#8221;thermaline&#8221; button_style=&#8221;icon&#8221; button_link=&#8221;url:https%3A%2F%2Fprofessional.electrolux.es%2Fequipamiento-cocinas-profesionales%2Fthermaline%2F|title:thermaline||&#8221;][\/vc_column][vc_column width=&#8221;1\/3&#8243;][vc_single_image image=&#8221;749&#8243; img_size=&#8221;large&#8221; alignment=&#8221;center&#8221;][elx_heading font_container=&#8221;h3&#8243; text_color=&#8221;inherit&#8221; text_align=&#8221;text-center&#8221;]Cook&amp;Chill<br \/>\n[\/elx_heading][vc_column_text]<\/p>\n<ul>\n<li>Cocina de forma respetuosa con el medio ambiente con air-o-steam Touchline, el horno mixto m\u00e1s ecol\u00f3gico del mercado.<\/li>\n<li>men\u00fas m\u00e1s flexibles, flujos de trabajo m\u00e1s simplificados y reducidos, tiempo mejor aprovechado, ahorro de energ\u00eda<\/li>\n<\/ul>\n<p>[\/vc_column_text][elx_button button_text=&#8221;Cook&amp;Chill&#8221; button_style=&#8221;icon&#8221; button_link=&#8221;url:https%3A%2F%2Fprofessional.electrolux.es%2Fequipamiento-cocinas-profesionales%2Fcook-and-chill%2F|title:Cook%20and%20Chill||&#8221;][\/vc_column][vc_column width=&#8221;1\/3&#8243;][vc_single_image image=&#8221;4555&#8243; img_size=&#8221;large&#8221;][elx_heading font_container=&#8221;h3&#8243; text_color=&#8221;inherit&#8221; text_align=&#8221;text-center&#8221;]Refrigeraci\u00f3n<br \/>\n[\/elx_heading][vc_column_text]<\/p>\n<ul>\n<li>Mant\u00e9n los alimentos frescos en los armarios frigor\u00edficos ecostore con la mejor eficiencia energ\u00e9tica de su clase<\/li>\n<li>ayudan a que tu cocina sea m\u00e1s sostenible y productiva.<\/li>\n<\/ul>\n<p>[\/vc_column_text][elx_button button_text=&#8221;Armarios refrigerados&#8221; button_style=&#8221;icon&#8221; button_link=&#8221;url:https%3A%2F%2Fprofessional.electrolux.es%2Fequipamiento-cocinas-profesionales%2Farmarios-refrigerados%2F|title:Refrigeration%20equipment||&#8221;][\/vc_column][\/vc_row][vc_row][vc_column][vc_empty_space][elx_heading font_container=&#8221;h3&#8243; text_color=&#8221;inherit&#8221;]Contacta con un experto en cocinas profesionales.[\/elx_heading][elx_o2000_contact_us s=&#8221;Petici\u00f3n de informaci\u00f3n sobre cocinas para hoteles&#8221; country=&#8221;Spain&#8221; b=&#8221;food&#8221; container=&#8221;elxcontactus1466430938&#8243; r=&#8221;Me gustar\u00eda tener m\u00e1s informaci\u00f3n sobre soluciones de cocinas para hoteles.&#8221; l=&#8221;es&#8221; e=&#8221;foodservice@electrolux.es&#8221;][\/vc_column][\/vc_row][vc_row][vc_column][elx_heading font_size=&#8221;h3&#8243; text_color=&#8221;inherit&#8221;]<\/p>\n<p style=\"text-align: center;\">\u00bfPorqu\u00e9 un Hotel necesita su propia lavander\u00eda?<\/p>\n<p>[\/elx_heading][\/vc_column][\/vc_row][vc_row][vc_column][vc_empty_space height=&#8221;50px&#8221;][\/vc_column][\/vc_row][vc_row][vc_column width=&#8221;1\/3&#8243;][vc_single_image image=&#8221;751&#8243; img_size=&#8221;full&#8221; css=&#8221;.vc_custom_1465554828866{border-radius: 35px !important;}&#8221;][elx_heading font_container=&#8221;h3&#8243; text_color=&#8221;inherit&#8221;]<\/p>\n<p style=\"text-align: center;\">Limpieza Excelente<\/p>\n<p>[\/elx_heading][vc_column_text]<\/p>\n<ul>\n<li>Limpieza e higiene excelentes gracias a programas y procesos de lavado personalizados<\/li>\n<li>te da un control real sobre los procesos y costes.<\/li>\n<\/ul>\n<p>[\/vc_column_text][\/vc_column][vc_column width=&#8221;1\/3&#8243;][vc_single_image image=&#8221;752&#8243; img_size=&#8221;full&#8221;][elx_heading font_container=&#8221;h3&#8243; text_color=&#8221;inherit&#8221;]<\/p>\n<p style=\"text-align: center;\">Control preciso<\/p>\n<p>[\/elx_heading][vc_column_text]<\/p>\n<ul>\n<li>Con Certus Management Information System (CMIS) tienes un control preciso sobre la higiene y los costes<\/li>\n<li>Hasta un 50% menos de costes de funcionamiento con Automatic Saving System y la tecnolog\u00eda de Bomba de Calor.<\/li>\n<\/ul>\n<p>[\/vc_column_text][\/vc_column][vc_column width=&#8221;1\/3&#8243;][vc_single_image image=&#8221;753&#8243; img_size=&#8221;full&#8221;][elx_heading font_container=&#8221;h3&#8243; text_color=&#8221;inherit&#8221;]<\/p>\n<p style=\"text-align: center;\">Mayor Disponibilidad<\/p>\n<p>[\/elx_heading][vc_column_text]<\/p>\n<ul>\n<li>Cambio de ropa m\u00e1s r\u00e1pido lo que significa mayor disponibilidad y costes de trabajo menores<\/li>\n<li>reducci\u00f3n del consumo de agua y energ\u00eda.<\/li>\n<\/ul>\n<p>[\/vc_column_text][\/vc_column][\/vc_row][vc_row][vc_column][vc_empty_space height=&#8221;50px&#8221;][\/vc_column][\/vc_row][vc_row][vc_column][elx_heading text_color=&#8221;inherit&#8221;]<\/p>\n<p style=\"text-align: center;\"><span style=\"color: #bed143;\">El hotel ecol\u00f3gico<\/span><\/p>\n<p>[\/elx_heading][\/vc_column][\/vc_row][vc_row full_width=&#8221;electroluxpro-full-width-no-padding&#8221; equal_height=&#8221;yes&#8221; css=&#8221;.vc_custom_1465563255634{background-color: #edeff2 !important;}&#8221;][vc_column width=&#8221;1\/2&#8243;][elx_image_block background_image=&#8221;629&#8243; minimum_height=&#8221;700px&#8221;][\/vc_column][vc_column width=&#8221;1\/2&#8243;][elx_simple_block background_color=&#8221;inherit&#8221;][elx_heading text_color=&#8221;inherit&#8221;]lagoon\u00ae Advanced Care: el poder del agua[\/elx_heading][vc_column_text]<\/p>\n<h4>Sostenible<\/h4>\n<p>Respetuoso con el medio ambiente, sin productos qu\u00edmicos, el agua es el disolvente.<\/p>\n<h4>Delicado con lo delicado<\/h4>\n<p>Resultados excepcionales con la mayor\u00eda de los tejidos y con lana fina etiquetada para limpieza en seco.<\/p>\n<h4>Un servicio completo de limpieza en 55 minutos<\/h4>\n<p>La vanguardia de la limpieza en h\u00famedo: todos los beneficios del agua con la rapidez y sencillez de la limpieza tradicional.[\/vc_column_text][elx_button button_text=&#8221;lagoon\u00ae Advanced Care&#8221; button_style=&#8221;icon&#8221; button_link=&#8221;url:https%3A%2F%2Fprofessional.electrolux.es%2Fequipamiento-lavanderia-comercial%2Flagoon-advanced-care%2F|title:Laundry%20Shops%20||&#8221;][\/elx_simple_block][\/vc_column][\/vc_row][vc_row][vc_column][vc_empty_space height=&#8221;50px&#8221;][\/vc_column][\/vc_row][vc_row][vc_column][elx_heading text_color=&#8221;inherit&#8221;]<\/p>\n<p style=\"text-align: center;\">La voz del cliente<\/p>\n<p>[\/elx_heading][\/vc_column][\/vc_row][vc_row][vc_column][vc_empty_space height=&#8221;50px&#8221;][\/vc_column][\/vc_row][vc_row][vc_column width=&#8221;1\/2&#8243;][vc_single_image image=&#8221;754&#8243; img_size=&#8221;full&#8221; alignment=&#8221;center&#8221;][\/vc_column][vc_column width=&#8221;1\/2&#8243;][elx_heading font_container=&#8221;h3&#8243; text_color=&#8221;inherit&#8221;]Cuando se trata de limpieza es mejor hacerla nosotros mismos[\/elx_heading][vc_column_text]&#8221;<em>La lavander\u00eda es una prioridad. Tener una lavander\u00eda propia nos da un control total sobre la calidad de nuestra lencer\u00eda, el olor y la frescura de la ropa de cama son detalles importantes que nos ayudan a mantener la imagen lujosa de nuestras instalaciones. Las m\u00e1quinas son f\u00e1ciles de usar y funcionan de forma consistente<\/em>&#8220;.<\/p>\n<p><strong>Lionel Chatard, Director &amp; Gerente del Middlethorpe Hall Hotel &#8211; York, Reino Unido<\/strong>[\/vc_column_text][\/vc_column][\/vc_row][vc_row][vc_column][vc_empty_space][elx_heading font_container=&#8221;h3&#8243; text_color=&#8221;inherit&#8221;]Contacta con un experto en lavander\u00eda.[\/elx_heading][elx_o2000_contact_us s=&#8221;Petici\u00f3n de informaci\u00f3n sobre soluciones de lavander\u00eda para hoteles&#8221; country=&#8221;Spain&#8221; b=&#8221;laundry&#8221; container=&#8221;elxcontactus1493118116&#8243; r=&#8221;Me gustar\u00eda tener m\u00e1s informaci\u00f3n sobre soluciones de lavander\u00eda para hoteles&#8221; l=&#8221;es&#8221; e=&#8221;foodservice@electrolux.es&#8221;][vc_empty_space][\/vc_column][\/vc_row]<\/p>\n","protected":false},"excerpt":{"rendered":"<p>[vc_row full_width=&#8221;electroluxpro-full-width-no-padding&#8221; equal_height=&#8221;yes&#8221;][vc_column reveal_effect=&#8221;&#8221; width=&#8221;1\/2&#8243;][elx_citation name=&#8221;Davinder Kumar, Vice-presidente F&amp;B Production &amp; Executive Chef en Le M\u00e9ridien&#8221; company=&#8221;Nueva Delhi, India&#8221;][elx_heading font_container=&#8221;h1&#8243; font_size=&#8221;h2&#8243; text_color=&#8221;inherit&#8221;]Soluciones Integrales para Hoteles[\/elx_heading][\/elx_citation][\/vc_column][vc_column reveal_effect=&#8221;&#8221; width=&#8221;1\/2&#8243;][elx_image_block background_image=&#8221;452&#8243; minimum_height=&#8221;700px&#8221;][\/vc_column][\/vc_row][vc_row][vc_column][elx_heading text_color=&#8221;inherit&#8221;] Hoteles [\/elx_heading][\/vc_column][\/vc_row][vc_row][vc_column][vc_empty_space height=&#8221;50px&#8221;][\/vc_column][\/vc_row][vc_row full_width=&#8221;electroluxpro-full-width-no-padding&#8221; equal_height=&#8221;yes&#8221; css=&#8221;.vc_custom_1465551113072{background-color: #edeff2 !important;}&#8221;][vc_column width=&#8221;1\/2&#8243;][elx_simple_block background_color=&#8221;inherit&#8221;][vc_column_text] \u00bfSab\u00edas que es posible un servicio 5 estrellas sin desperdiciar? [\/vc_column_text][vc_column_text]Sea cual sea tu necesidad, [&hellip;]<\/p>\n","protected":false},"author":3,"featured_media":0,"parent":3874,"menu_order":0,"comment_status":"closed","ping_status":"closed","template":"","meta":{"footnotes":""},"class_list":["post-1364","page","type-page","status-publish","hentry"],"acf":[],"yoast_head":"<!-- This site is optimized with the Yoast SEO plugin v23.4 - https:\/\/yoast.com\/wordpress\/plugins\/seo\/ -->\n<title>Soluciones para Hoteles | Electrolux Professional<\/title>\n<meta name=\"description\" content=\"Soluciones completas de cocina y lavander\u00eda para hoteles. Equipos que garantizan el servicio de alta calidad y la satisfacci\u00f3n de sus hu\u00e9spedes.\" \/>\n<meta name=\"robots\" content=\"index, follow, max-snippet:-1, max-image-preview:large, max-video-preview:-1\" \/>\n<link rel=\"canonical\" href=\"https:\/\/www.electroluxprofessional.com\/es\/tu-negocio\/hoteles\/\" \/>\n<meta property=\"og:locale\" content=\"es_ES\" \/>\n<meta property=\"og:type\" content=\"article\" \/>\n<meta property=\"og:title\" content=\"Soluciones para Hoteles | Electrolux Professional\" \/>\n<meta property=\"og:description\" content=\"Soluciones completas de cocina y lavander\u00eda para hoteles. Equipos que garantizan el servicio de alta calidad y la satisfacci\u00f3n de sus hu\u00e9spedes.\" \/>\n<meta property=\"og:url\" content=\"https:\/\/www.electroluxprofessional.com\/es\/tu-negocio\/hoteles\/\" \/>\n<meta property=\"og:site_name\" content=\"Electrolux Professional Espa\u00f1a\" \/>\n<meta property=\"article:modified_time\" content=\"2026-03-28T11:08:38+00:00\" \/>\n<meta name=\"twitter:card\" content=\"summary_large_image\" \/>\n<meta name=\"twitter:label1\" content=\"Tiempo de lectura\" \/>\n\t<meta name=\"twitter:data1\" content=\"6 minutos\" \/>\n<script type=\"application\/ld+json\" class=\"yoast-schema-graph\">{\"@context\":\"https:\/\/schema.org\",\"@graph\":[{\"@type\":\"WebPage\",\"@id\":\"https:\/\/www.electroluxprofessional.com\/es\/tu-negocio\/hoteles\/\",\"url\":\"https:\/\/www.electroluxprofessional.com\/es\/tu-negocio\/hoteles\/\",\"name\":\"Soluciones para Hoteles | Electrolux Professional\",\"isPartOf\":{\"@id\":\"https:\/\/www.electroluxprofessional.com\/es\/#website\"},\"datePublished\":\"2017-01-25T15:17:22+00:00\",\"dateModified\":\"2026-03-28T11:08:38+00:00\",\"description\":\"Soluciones completas de cocina y lavander\u00eda para hoteles. Equipos que garantizan el servicio de alta calidad y la satisfacci\u00f3n de sus hu\u00e9spedes.\",\"breadcrumb\":{\"@id\":\"https:\/\/www.electroluxprofessional.com\/es\/tu-negocio\/hoteles\/#breadcrumb\"},\"inLanguage\":\"es\",\"potentialAction\":[{\"@type\":\"ReadAction\",\"target\":[\"https:\/\/www.electroluxprofessional.com\/es\/tu-negocio\/hoteles\/\"]}]},{\"@type\":\"BreadcrumbList\",\"@id\":\"https:\/\/www.electroluxprofessional.com\/es\/tu-negocio\/hoteles\/#breadcrumb\",\"itemListElement\":[{\"@type\":\"ListItem\",\"position\":1,\"name\":\"Home\",\"item\":\"https:\/\/www.electroluxprofessional.com\/es\/\"},{\"@type\":\"ListItem\",\"position\":2,\"name\":\"Tu negocio\",\"item\":\"https:\/\/www.electroluxprofessional.com\/es\/tu-negocio\/\"},{\"@type\":\"ListItem\",\"position\":3,\"name\":\"Hoteles\"}]},{\"@type\":\"WebSite\",\"@id\":\"https:\/\/www.electroluxprofessional.com\/es\/#website\",\"url\":\"https:\/\/www.electroluxprofessional.com\/es\/\",\"name\":\"Electrolux Professional Espa\u00f1a\",\"description\":\"Equipamiento cocinas profesionales y lavander\u00edas comerciales. Excelencia en el suministro de soluciones profesionales.\",\"potentialAction\":[{\"@type\":\"SearchAction\",\"target\":{\"@type\":\"EntryPoint\",\"urlTemplate\":\"https:\/\/www.electroluxprofessional.com\/es\/?src={search_term_string}\"},\"query-input\":{\"@type\":\"PropertyValueSpecification\",\"valueRequired\":true,\"valueName\":\"search_term_string\"}}],\"inLanguage\":\"es\"}]}<\/script>\n<!-- \/ Yoast SEO plugin. -->","yoast_head_json":{"title":"Soluciones para Hoteles | Electrolux Professional","description":"Soluciones completas de cocina y lavander\u00eda para hoteles. Equipos que garantizan el servicio de alta calidad y la satisfacci\u00f3n de sus hu\u00e9spedes.","robots":{"index":"index","follow":"follow","max-snippet":"max-snippet:-1","max-image-preview":"max-image-preview:large","max-video-preview":"max-video-preview:-1"},"canonical":"https:\/\/www.electroluxprofessional.com\/es\/tu-negocio\/hoteles\/","og_locale":"es_ES","og_type":"article","og_title":"Soluciones para Hoteles | Electrolux Professional","og_description":"Soluciones completas de cocina y lavander\u00eda para hoteles. Equipos que garantizan el servicio de alta calidad y la satisfacci\u00f3n de sus hu\u00e9spedes.","og_url":"https:\/\/www.electroluxprofessional.com\/es\/tu-negocio\/hoteles\/","og_site_name":"Electrolux Professional Espa\u00f1a","article_modified_time":"2026-03-28T11:08:38+00:00","twitter_card":"summary_large_image","twitter_misc":{"Tiempo de lectura":"6 minutos"},"schema":{"@context":"https:\/\/schema.org","@graph":[{"@type":"WebPage","@id":"https:\/\/www.electroluxprofessional.com\/es\/tu-negocio\/hoteles\/","url":"https:\/\/www.electroluxprofessional.com\/es\/tu-negocio\/hoteles\/","name":"Soluciones para Hoteles | Electrolux Professional","isPartOf":{"@id":"https:\/\/www.electroluxprofessional.com\/es\/#website"},"datePublished":"2017-01-25T15:17:22+00:00","dateModified":"2026-03-28T11:08:38+00:00","description":"Soluciones completas de cocina y lavander\u00eda para hoteles. Equipos que garantizan el servicio de alta calidad y la satisfacci\u00f3n de sus hu\u00e9spedes.","breadcrumb":{"@id":"https:\/\/www.electroluxprofessional.com\/es\/tu-negocio\/hoteles\/#breadcrumb"},"inLanguage":"es","potentialAction":[{"@type":"ReadAction","target":["https:\/\/www.electroluxprofessional.com\/es\/tu-negocio\/hoteles\/"]}]},{"@type":"BreadcrumbList","@id":"https:\/\/www.electroluxprofessional.com\/es\/tu-negocio\/hoteles\/#breadcrumb","itemListElement":[{"@type":"ListItem","position":1,"name":"Home","item":"https:\/\/www.electroluxprofessional.com\/es\/"},{"@type":"ListItem","position":2,"name":"Tu negocio","item":"https:\/\/www.electroluxprofessional.com\/es\/tu-negocio\/"},{"@type":"ListItem","position":3,"name":"Hoteles"}]},{"@type":"WebSite","@id":"https:\/\/www.electroluxprofessional.com\/es\/#website","url":"https:\/\/www.electroluxprofessional.com\/es\/","name":"Electrolux Professional Espa\u00f1a","description":"Equipamiento cocinas profesionales y lavander\u00edas comerciales. Excelencia en el suministro de soluciones profesionales.","potentialAction":[{"@type":"SearchAction","target":{"@type":"EntryPoint","urlTemplate":"https:\/\/www.electroluxprofessional.com\/es\/?src={search_term_string}"},"query-input":{"@type":"PropertyValueSpecification","valueRequired":true,"valueName":"search_term_string"}}],"inLanguage":"es"}]}},"_links":{"self":[{"href":"https:\/\/www.electroluxprofessional.com\/es\/wp-json\/wp\/v2\/pages\/1364"}],"collection":[{"href":"https:\/\/www.electroluxprofessional.com\/es\/wp-json\/wp\/v2\/pages"}],"about":[{"href":"https:\/\/www.electroluxprofessional.com\/es\/wp-json\/wp\/v2\/types\/page"}],"author":[{"embeddable":true,"href":"https:\/\/www.electroluxprofessional.com\/es\/wp-json\/wp\/v2\/users\/3"}],"replies":[{"embeddable":true,"href":"https:\/\/www.electroluxprofessional.com\/es\/wp-json\/wp\/v2\/comments?post=1364"}],"version-history":[{"count":33,"href":"https:\/\/www.electroluxprofessional.com\/es\/wp-json\/wp\/v2\/pages\/1364\/revisions"}],"predecessor-version":[{"id":25972,"href":"https:\/\/www.electroluxprofessional.com\/es\/wp-json\/wp\/v2\/pages\/1364\/revisions\/25972"}],"up":[{"embeddable":true,"href":"https:\/\/www.electroluxprofessional.com\/es\/wp-json\/wp\/v2\/pages\/3874"}],"wp:attachment":[{"href":"https:\/\/www.electroluxprofessional.com\/es\/wp-json\/wp\/v2\/media?parent=1364"}],"curies":[{"name":"wp","href":"https:\/\/api.w.org\/{rel}","templated":true}]}}