{"id":13236,"date":"2020-12-14T15:07:50","date_gmt":"2020-12-14T15:07:50","guid":{"rendered":"https:\/\/www.electroluxprofessional.com\/?page_id=22125"},"modified":"2026-03-29T16:26:28","modified_gmt":"2026-03-29T16:26:28","slug":"soluciones-de-bebidas","status":"publish","type":"page","link":"https:\/\/www.electroluxprofessional.com\/es\/soluciones-de-bebidas\/","title":{"rendered":"Soluciones de bebidas"},"content":{"rendered":"<p>[vc_row full_width=&#8221;electroluxpro-full-width-no-padding&#8221;][vc_column][vc_single_image image=&#8221;13233&#8243; img_size=&#8221;2000&#215;350&#8243; alignment=&#8221;center&#8221;][\/vc_column][\/vc_row][vc_row][vc_column][vc_empty_space][elx_heading font_container=&#8221;h1&#8243; font_size=&#8221;h3&#8243; text_color=&#8221;inherit&#8221; text_align=&#8221;text-left&#8221;]Soluciones de bebidas[\/elx_heading][vc_column_text]Electrolux Professional presenta las nuevas <strong>soluciones de bebidas<\/strong> creadas para ampliar tu oferta y para reducir desechos, simplificar el uso y sorprender a tus clientes con bebidas deliciosas y de gran calidad.[\/vc_column_text][vc_empty_space height=&#8221;80px&#8221;][\/vc_column][\/vc_row][vc_row][vc_column width=&#8221;1\/4&#8243;][elx_navigation_branch menu_list=&#8221;19125&#8243; image=&#8221;13234&#8243;][\/vc_column][vc_column width=&#8221;1\/4&#8243;][elx_navigation_branch menu_list=&#8221;19135&#8243; image=&#8221;12260&#8243;][\/vc_column][vc_column width=&#8221;1\/4&#8243;][elx_navigation_branch menu_list=&#8221;19142&#8243; image=&#8221;13235&#8243;][\/vc_column][vc_column width=&#8221;1\/4&#8243;][elx_navigation_branch menu_list=&#8221;19144&#8243; image=&#8221;16952&#8243;][\/vc_column][\/vc_row][vc_row css=&#8221;.vc_custom_1697555456704{border-top-width: 1px !important;background-color: #ffffff !important;border-top-color: #eeeeee !important;}&#8221;][vc_column reveal_effect=&#8221;&#8221;][vc_empty_space height=&#8221;70px&#8221;][elx_heading font_size=&#8221;h3&#8243; text_color=&#8221;inherit&#8221; text_align=&#8221;text-center&#8221;]Conoce mejor nuestras soluciones de bebidas[\/elx_heading][vc_empty_space height=&#8221;10px&#8221;][elx_o2000_contact_us s=&#8221;Petici\u00f3n de informaci\u00f3n sobre soluciones de bebidas&#8221; country=&#8221;Spain&#8221; b=&#8221;beverage&#8221; r=&#8221;Me gustar\u00eda tener m\u00e1s informaci\u00f3n sobre soluciones de Bebidas. Por favor, contacten conmigo.&#8221; l=&#8221;en&#8221;][\/vc_column][\/vc_row][vc_row][vc_column][vc_empty_space height=&#8221;100px&#8221;][elx_heading font_size=&#8221;h3&#8243; text_color=&#8221;inherit&#8221; text_align=&#8221;text-left&#8221;]Encuentra tu soluci\u00f3n completa[\/elx_heading][\/vc_column][\/vc_row][vc_row][vc_column width=&#8221;1\/3&#8243;][elx_maylike_box id_box=&#8221;3881&#8243;][\/vc_column][vc_column width=&#8221;1\/3&#8243;][elx_maylike_box id_box=&#8221;3888&#8243;][\/vc_column][vc_column width=&#8221;1\/3&#8243;][elx_maylike_box id_box=&#8221;4073&#8243;][\/vc_column][\/vc_row]<\/p>\n","protected":false},"excerpt":{"rendered":"<p>[vc_row full_width=&#8221;electroluxpro-full-width-no-padding&#8221;][vc_column][vc_single_image image=&#8221;13233&#8243; img_size=&#8221;2000&#215;350&#8243; alignment=&#8221;center&#8221;][\/vc_column][\/vc_row][vc_row][vc_column][vc_empty_space][elx_heading font_container=&#8221;h1&#8243; font_size=&#8221;h3&#8243; text_color=&#8221;inherit&#8221; text_align=&#8221;text-left&#8221;]Soluciones de bebidas[\/elx_heading][vc_column_text]Electrolux Professional presenta las nuevas soluciones de bebidas creadas para ampliar tu oferta y para reducir desechos, simplificar el uso y sorprender a tus clientes con bebidas deliciosas y de gran calidad.[\/vc_column_text][vc_empty_space height=&#8221;80px&#8221;][\/vc_column][\/vc_row][vc_row][vc_column width=&#8221;1\/4&#8243;][elx_navigation_branch menu_list=&#8221;19125&#8243; image=&#8221;13234&#8243;][\/vc_column][vc_column width=&#8221;1\/4&#8243;][elx_navigation_branch menu_list=&#8221;19135&#8243; image=&#8221;12260&#8243;][\/vc_column][vc_column width=&#8221;1\/4&#8243;][elx_navigation_branch menu_list=&#8221;19142&#8243; image=&#8221;13235&#8243;][\/vc_column][vc_column width=&#8221;1\/4&#8243;][elx_navigation_branch menu_list=&#8221;19144&#8243; image=&#8221;16952&#8243;][\/vc_column][\/vc_row][vc_row [&hellip;]<\/p>\n","protected":false},"author":21,"featured_media":0,"parent":0,"menu_order":0,"comment_status":"closed","ping_status":"closed","template":"","meta":{"footnotes":""},"class_list":["post-13236","page","type-page","status-publish","hentry"],"acf":[],"yoast_head":"<!-- This site is optimized with the Yoast SEO plugin v23.4 - https:\/\/yoast.com\/wordpress\/plugins\/seo\/ -->\n<title>Soluciones de bebidas | Electrolux Professional<\/title>\n<meta name=\"description\" content=\"Electrolux Professional te trae soluciones en bebidas. Soluciones profesionales de Electrolux Espa\u00f1a para tu negocio \u00a1inf\u00f3rmate!\" \/>\n<meta name=\"robots\" content=\"index, follow, max-snippet:-1, max-image-preview:large, max-video-preview:-1\" \/>\n<link rel=\"canonical\" href=\"https:\/\/www.electroluxprofessional.com\/es\/soluciones-de-bebidas\/\" \/>\n<meta property=\"og:locale\" content=\"es_ES\" \/>\n<meta property=\"og:type\" content=\"article\" \/>\n<meta property=\"og:title\" content=\"Soluciones de bebidas | Electrolux Professional\" \/>\n<meta property=\"og:description\" content=\"Electrolux Professional te trae soluciones en bebidas. Soluciones profesionales de Electrolux Espa\u00f1a para tu negocio \u00a1inf\u00f3rmate!\" \/>\n<meta property=\"og:url\" content=\"https:\/\/www.electroluxprofessional.com\/es\/soluciones-de-bebidas\/\" \/>\n<meta property=\"og:site_name\" content=\"Electrolux Professional Espa\u00f1a\" \/>\n<meta property=\"article:modified_time\" content=\"2026-03-29T16:26:28+00:00\" \/>\n<meta name=\"twitter:card\" content=\"summary_large_image\" \/>\n<meta name=\"twitter:label1\" content=\"Tiempo de lectura\" \/>\n\t<meta name=\"twitter:data1\" content=\"2 minutos\" \/>\n<script type=\"application\/ld+json\" class=\"yoast-schema-graph\">{\"@context\":\"https:\/\/schema.org\",\"@graph\":[{\"@type\":\"WebPage\",\"@id\":\"https:\/\/www.electroluxprofessional.com\/es\/soluciones-de-bebidas\/\",\"url\":\"https:\/\/www.electroluxprofessional.com\/es\/soluciones-de-bebidas\/\",\"name\":\"Soluciones de bebidas | Electrolux Professional\",\"isPartOf\":{\"@id\":\"https:\/\/www.electroluxprofessional.com\/es\/#website\"},\"datePublished\":\"2020-12-14T15:07:50+00:00\",\"dateModified\":\"2026-03-29T16:26:28+00:00\",\"description\":\"Electrolux Professional te trae soluciones en bebidas. Soluciones profesionales de Electrolux Espa\u00f1a para tu negocio \u00a1inf\u00f3rmate!\",\"breadcrumb\":{\"@id\":\"https:\/\/www.electroluxprofessional.com\/es\/soluciones-de-bebidas\/#breadcrumb\"},\"inLanguage\":\"es\",\"potentialAction\":[{\"@type\":\"ReadAction\",\"target\":[\"https:\/\/www.electroluxprofessional.com\/es\/soluciones-de-bebidas\/\"]}]},{\"@type\":\"BreadcrumbList\",\"@id\":\"https:\/\/www.electroluxprofessional.com\/es\/soluciones-de-bebidas\/#breadcrumb\",\"itemListElement\":[{\"@type\":\"ListItem\",\"position\":1,\"name\":\"Home\",\"item\":\"https:\/\/www.electroluxprofessional.com\/es\/\"},{\"@type\":\"ListItem\",\"position\":2,\"name\":\"Soluciones de bebidas\"}]},{\"@type\":\"WebSite\",\"@id\":\"https:\/\/www.electroluxprofessional.com\/es\/#website\",\"url\":\"https:\/\/www.electroluxprofessional.com\/es\/\",\"name\":\"Electrolux Professional Espa\u00f1a\",\"description\":\"Equipamiento cocinas profesionales y lavander\u00edas comerciales. Excelencia en el suministro de soluciones profesionales.\",\"potentialAction\":[{\"@type\":\"SearchAction\",\"target\":{\"@type\":\"EntryPoint\",\"urlTemplate\":\"https:\/\/www.electroluxprofessional.com\/es\/?src={search_term_string}\"},\"query-input\":{\"@type\":\"PropertyValueSpecification\",\"valueRequired\":true,\"valueName\":\"search_term_string\"}}],\"inLanguage\":\"es\"}]}<\/script>\n<!-- \/ Yoast SEO plugin. -->","yoast_head_json":{"title":"Soluciones de bebidas | Electrolux Professional","description":"Electrolux Professional te trae soluciones en bebidas. Soluciones profesionales de Electrolux Espa\u00f1a para tu negocio \u00a1inf\u00f3rmate!","robots":{"index":"index","follow":"follow","max-snippet":"max-snippet:-1","max-image-preview":"max-image-preview:large","max-video-preview":"max-video-preview:-1"},"canonical":"https:\/\/www.electroluxprofessional.com\/es\/soluciones-de-bebidas\/","og_locale":"es_ES","og_type":"article","og_title":"Soluciones de bebidas | Electrolux Professional","og_description":"Electrolux Professional te trae soluciones en bebidas. Soluciones profesionales de Electrolux Espa\u00f1a para tu negocio \u00a1inf\u00f3rmate!","og_url":"https:\/\/www.electroluxprofessional.com\/es\/soluciones-de-bebidas\/","og_site_name":"Electrolux Professional Espa\u00f1a","article_modified_time":"2026-03-29T16:26:28+00:00","twitter_card":"summary_large_image","twitter_misc":{"Tiempo de lectura":"2 minutos"},"schema":{"@context":"https:\/\/schema.org","@graph":[{"@type":"WebPage","@id":"https:\/\/www.electroluxprofessional.com\/es\/soluciones-de-bebidas\/","url":"https:\/\/www.electroluxprofessional.com\/es\/soluciones-de-bebidas\/","name":"Soluciones de bebidas | Electrolux Professional","isPartOf":{"@id":"https:\/\/www.electroluxprofessional.com\/es\/#website"},"datePublished":"2020-12-14T15:07:50+00:00","dateModified":"2026-03-29T16:26:28+00:00","description":"Electrolux Professional te trae soluciones en bebidas. Soluciones profesionales de Electrolux Espa\u00f1a para tu negocio \u00a1inf\u00f3rmate!","breadcrumb":{"@id":"https:\/\/www.electroluxprofessional.com\/es\/soluciones-de-bebidas\/#breadcrumb"},"inLanguage":"es","potentialAction":[{"@type":"ReadAction","target":["https:\/\/www.electroluxprofessional.com\/es\/soluciones-de-bebidas\/"]}]},{"@type":"BreadcrumbList","@id":"https:\/\/www.electroluxprofessional.com\/es\/soluciones-de-bebidas\/#breadcrumb","itemListElement":[{"@type":"ListItem","position":1,"name":"Home","item":"https:\/\/www.electroluxprofessional.com\/es\/"},{"@type":"ListItem","position":2,"name":"Soluciones de bebidas"}]},{"@type":"WebSite","@id":"https:\/\/www.electroluxprofessional.com\/es\/#website","url":"https:\/\/www.electroluxprofessional.com\/es\/","name":"Electrolux Professional Espa\u00f1a","description":"Equipamiento cocinas profesionales y lavander\u00edas comerciales. Excelencia en el suministro de soluciones profesionales.","potentialAction":[{"@type":"SearchAction","target":{"@type":"EntryPoint","urlTemplate":"https:\/\/www.electroluxprofessional.com\/es\/?src={search_term_string}"},"query-input":{"@type":"PropertyValueSpecification","valueRequired":true,"valueName":"search_term_string"}}],"inLanguage":"es"}]}},"_links":{"self":[{"href":"https:\/\/www.electroluxprofessional.com\/es\/wp-json\/wp\/v2\/pages\/13236"}],"collection":[{"href":"https:\/\/www.electroluxprofessional.com\/es\/wp-json\/wp\/v2\/pages"}],"about":[{"href":"https:\/\/www.electroluxprofessional.com\/es\/wp-json\/wp\/v2\/types\/page"}],"author":[{"embeddable":true,"href":"https:\/\/www.electroluxprofessional.com\/es\/wp-json\/wp\/v2\/users\/21"}],"replies":[{"embeddable":true,"href":"https:\/\/www.electroluxprofessional.com\/es\/wp-json\/wp\/v2\/comments?post=13236"}],"version-history":[{"count":6,"href":"https:\/\/www.electroluxprofessional.com\/es\/wp-json\/wp\/v2\/pages\/13236\/revisions"}],"predecessor-version":[{"id":26042,"href":"https:\/\/www.electroluxprofessional.com\/es\/wp-json\/wp\/v2\/pages\/13236\/revisions\/26042"}],"wp:attachment":[{"href":"https:\/\/www.electroluxprofessional.com\/es\/wp-json\/wp\/v2\/media?parent=13236"}],"curies":[{"name":"wp","href":"https:\/\/api.w.org\/{rel}","templated":true}]}}