{"id":13230,"date":"2020-12-14T15:05:41","date_gmt":"2020-12-14T15:05:41","guid":{"rendered":"https:\/\/www.electroluxprofessional.com\/?page_id=12554"},"modified":"2026-03-31T07:09:22","modified_gmt":"2026-03-31T07:09:22","slug":"videos-conceptos-culinarios","status":"publish","type":"page","link":"https:\/\/www.electroluxprofessional.com\/es\/videos-conceptos-culinarios\/","title":{"rendered":"V\u00eddeos sobre conceptos culinarios"},"content":{"rendered":"<p>[vc_row full_width=&#8221;electroluxpro-full-width-no-padding&#8221;][vc_column][elx_hero_title label=&#8221;&#8221; background_image=&#8221;13222&#8243;][elx_heading font_container=&#8221;h3&#8243; font_size=&#8221;h3&#8243; text_color=&#8221;white&#8221;]Del Concepto<br \/>\nal Consumidor[\/elx_heading][\/elx_hero_title][\/vc_column][\/vc_row][vc_row][vc_column][vc_empty_space][\/vc_column][\/vc_row][vc_row][vc_column][elx_heading font_container=&#8221;h3&#8243; font_size=&#8221;h3&#8243; text_color=&#8221;orange&#8221;] <b>Frying Concept<\/b> y<b> Pasta Concept<\/b>.[\/elx_heading][elx_heading font_container=&#8221;h3&#8243; font_size=&#8221;h3&#8243; text_color=&#8221;inherit&#8221;]Amplia gama de soluciones para[\/elx_heading][elx_heading font_container=&#8221;h1&#8243; font_size=&#8221;h3&#8243; text_color=&#8221;inherit&#8221;]preparar, cocinar y conservar alimentos.[\/elx_heading][vc_empty_space height=&#8221;50px&#8221;][\/vc_column][\/vc_row][vc_row][vc_column width=&#8221;1\/4&#8243;][vc_single_image image=&#8221;13223&#8243; alignment=&#8221;center&#8221;][vc_column_text]<\/p>\n<h4 style=\"text-align: center;\">Alta calidad<\/h4>\n<p>[\/vc_column_text][\/vc_column][vc_column width=&#8221;1\/4&#8243;][vc_single_image image=&#8221;13224&#8243; alignment=&#8221;center&#8221;][vc_column_text]<\/p>\n<h4 style=\"text-align: center;\">Ahorro de tiempo<\/h4>\n<p>[\/vc_column_text][\/vc_column][vc_column width=&#8221;1\/4&#8243;][vc_single_image image=&#8221;13225&#8243; alignment=&#8221;center&#8221;][vc_column_text]<\/p>\n<h4 style=\"text-align: center;\">Ahorro de dinero<\/h4>\n<p>[\/vc_column_text][\/vc_column][vc_column width=&#8221;1\/4&#8243;][vc_single_image image=&#8221;13226&#8243; alignment=&#8221;center&#8221;][vc_column_text]<\/p>\n<h4 style=\"text-align: center;\">Cero desechos<\/h4>\n<p>[\/vc_column_text][\/vc_column][\/vc_row][vc_row][vc_column][vc_empty_space][vc_column_text]Revelamos nuevos conceptos para preparar, cocinar y conservar alimentos de manera m\u00e1s r\u00e1pida, barata y eficiente para satisfacer a nuestros clientes. Desde cafeter\u00edas industriales a las peque\u00f1as tiendas de barrio, estos conceptos convertir\u00e1n a tu negocio en el favorito de los clientes.<\/p>\n<h4><span style=\"color: #eb6852;\"><strong>\u00a1Sigue atento para descubrir m\u00e1s!<\/strong><\/span><\/h4>\n<p>[\/vc_column_text][vc_empty_space][\/vc_column][\/vc_row][vc_row][vc_column width=&#8221;1\/4&#8243;][vc_empty_space][elx_heading font_container=&#8221;h3&#8243; font_size=&#8221;h3&#8243; text_color=&#8221;orange&#8221;]<br \/>\n<b>Frying<br \/>\nConcept<\/b>[\/elx_heading][vc_column_text]Pela hasta 160 kg\/hora.<br \/>\nCorta hasta 1500 kg\/hora.<br \/>\nFr\u00ede hasta 38 kg\/hora.[\/vc_column_text][\/vc_column][vc_column width=&#8221;3\/4&#8243;][elx_video_block background_image=&#8221;13227&#8243; minimum_height=&#8221;370px&#8221; video_link=&#8221;https:\/\/www.youtube.com\/watch?v=hs8jn_Y_o6M&#8221;][\/vc_column][\/vc_row][vc_row][vc_column width=&#8221;1\/4&#8243;][vc_empty_space][elx_heading font_container=&#8221;h3&#8243; font_size=&#8221;h3&#8243; text_color=&#8221;orange&#8221;]<br \/>\n<b>Pasta<br \/>\nConcept<\/b>[\/elx_heading][vc_column_text]Cocina hasta 10 kg\/hora de pasta.<br \/>\nAmpl\u00eda la duraci\u00f3n de los alimentos a la vez que conservas su calidad.[\/vc_column_text][\/vc_column][vc_column width=&#8221;3\/4&#8243;][vc_empty_space][elx_video_block background_image=&#8221;13228&#8243; minimum_height=&#8221;370px&#8221; video_link=&#8221;https:\/\/www.youtube.com\/embed\/fmSlIQs76IE&#8221;][\/vc_column][\/vc_row][vc_row][vc_column][vc_empty_space height=&#8221;60px&#8221;][elx_heading text_color=&#8221;inherit&#8221;]Revoluciona tu negocio[\/elx_heading][elx_o2000_contact_us r=&#8221;I would like to find out more about the Frying and Pasta Concept. Please, get in touch with me.&#8221; s=&#8221;Request of information about the Frying and Pasta Concept&#8221;][\/vc_column][\/vc_row][vc_row][vc_column][vc_empty_space][elx_heading font_container=&#8221;h3&#8243; text_color=&#8221;inherit&#8221;]Tambi\u00e9n te puede interesar:[\/elx_heading][\/vc_column][\/vc_row][vc_row][vc_column width=&#8221;1\/3&#8243;][elx_maylike_box id_box=&#8221;13229&#8243;][\/vc_column][vc_column width=&#8221;1\/3&#8243;][elx_maylike_box id_box=&#8221;3881&#8243;][\/vc_column][vc_column width=&#8221;1\/3&#8243;][elx_maylike_box id_box=&#8221;4780&#8243;][\/vc_column][\/vc_row]<\/p>\n","protected":false},"excerpt":{"rendered":"<p>[vc_row full_width=&#8221;electroluxpro-full-width-no-padding&#8221;][vc_column][elx_hero_title label=&#8221;&#8221; background_image=&#8221;13222&#8243;][elx_heading font_container=&#8221;h3&#8243; font_size=&#8221;h3&#8243; text_color=&#8221;white&#8221;]Del Concepto al Consumidor[\/elx_heading][\/elx_hero_title][\/vc_column][\/vc_row][vc_row][vc_column][vc_empty_space][\/vc_column][\/vc_row][vc_row][vc_column][elx_heading font_container=&#8221;h3&#8243; font_size=&#8221;h3&#8243; text_color=&#8221;orange&#8221;] Frying Concept y Pasta Concept.[\/elx_heading][elx_heading font_container=&#8221;h3&#8243; font_size=&#8221;h3&#8243; text_color=&#8221;inherit&#8221;]Amplia gama de soluciones para[\/elx_heading][elx_heading font_container=&#8221;h1&#8243; font_size=&#8221;h3&#8243; text_color=&#8221;inherit&#8221;]preparar, cocinar y conservar alimentos.[\/elx_heading][vc_empty_space height=&#8221;50px&#8221;][\/vc_column][\/vc_row][vc_row][vc_column width=&#8221;1\/4&#8243;][vc_single_image image=&#8221;13223&#8243; alignment=&#8221;center&#8221;][vc_column_text] Alta calidad [\/vc_column_text][\/vc_column][vc_column width=&#8221;1\/4&#8243;][vc_single_image image=&#8221;13224&#8243; alignment=&#8221;center&#8221;][vc_column_text] Ahorro de tiempo [\/vc_column_text][\/vc_column][vc_column width=&#8221;1\/4&#8243;][vc_single_image image=&#8221;13225&#8243; alignment=&#8221;center&#8221;][vc_column_text] Ahorro de dinero [\/vc_column_text][\/vc_column][vc_column width=&#8221;1\/4&#8243;][vc_single_image image=&#8221;13226&#8243; [&hellip;]<\/p>\n","protected":false},"author":21,"featured_media":13222,"parent":0,"menu_order":0,"comment_status":"closed","ping_status":"closed","template":"","meta":{"footnotes":""},"class_list":["post-13230","page","type-page","status-publish","has-post-thumbnail","hentry"],"acf":[],"yoast_head":"<!-- This site is optimized with the Yoast SEO plugin v23.4 - https:\/\/yoast.com\/wordpress\/plugins\/seo\/ -->\n<title>Conceptos culinarios: v\u00eddeos profesionales | Electrolux Professional<\/title>\n<meta name=\"description\" content=\"Electrolux Professional ofrece soluciones innovadoras para preparar, cocinar y conservar alimentos. Accede a nuestros v\u00eddeos sobre conceptos culinarios para lograr alta calidad y ahorrar tiempo.\" \/>\n<meta name=\"robots\" content=\"index, follow, max-snippet:-1, max-image-preview:large, max-video-preview:-1\" \/>\n<link rel=\"canonical\" href=\"https:\/\/www.electroluxprofessional.com\/es\/videos-conceptos-culinarios\/\" \/>\n<meta property=\"og:locale\" content=\"es_ES\" \/>\n<meta property=\"og:type\" content=\"article\" \/>\n<meta property=\"og:title\" content=\"Conceptos culinarios: v\u00eddeos profesionales | Electrolux Professional\" \/>\n<meta property=\"og:description\" content=\"Electrolux Professional ofrece soluciones innovadoras para preparar, cocinar y conservar alimentos. Accede a nuestros v\u00eddeos sobre conceptos culinarios para lograr alta calidad y ahorrar tiempo.\" \/>\n<meta property=\"og:url\" content=\"https:\/\/www.electroluxprofessional.com\/es\/videos-conceptos-culinarios\/\" \/>\n<meta property=\"og:site_name\" content=\"Electrolux Professional Espa\u00f1a\" \/>\n<meta property=\"article:modified_time\" content=\"2026-03-31T07:09:22+00:00\" \/>\n<meta property=\"og:image\" content=\"https:\/\/www.electroluxprofessional.com\/es\/wp-content\/uploads\/2020\/12\/The-frying-concept.jpg\" \/>\n\t<meta property=\"og:image:width\" content=\"2000\" \/>\n\t<meta property=\"og:image:height\" content=\"1335\" \/>\n\t<meta property=\"og:image:type\" content=\"image\/jpeg\" \/>\n<meta name=\"twitter:card\" content=\"summary_large_image\" \/>\n<meta name=\"twitter:label1\" content=\"Tiempo de lectura\" \/>\n\t<meta name=\"twitter:data1\" content=\"2 minutos\" \/>\n<script type=\"application\/ld+json\" class=\"yoast-schema-graph\">{\"@context\":\"https:\/\/schema.org\",\"@graph\":[{\"@type\":\"WebPage\",\"@id\":\"https:\/\/www.electroluxprofessional.com\/es\/videos-conceptos-culinarios\/\",\"url\":\"https:\/\/www.electroluxprofessional.com\/es\/videos-conceptos-culinarios\/\",\"name\":\"Conceptos culinarios: v\u00eddeos profesionales | Electrolux Professional\",\"isPartOf\":{\"@id\":\"https:\/\/www.electroluxprofessional.com\/es\/#website\"},\"primaryImageOfPage\":{\"@id\":\"https:\/\/www.electroluxprofessional.com\/es\/videos-conceptos-culinarios\/#primaryimage\"},\"image\":{\"@id\":\"https:\/\/www.electroluxprofessional.com\/es\/videos-conceptos-culinarios\/#primaryimage\"},\"thumbnailUrl\":\"https:\/\/www.electroluxprofessional.com\/es\/wp-content\/uploads\/2020\/12\/The-frying-concept.jpg\",\"datePublished\":\"2020-12-14T15:05:41+00:00\",\"dateModified\":\"2026-03-31T07:09:22+00:00\",\"description\":\"Electrolux Professional ofrece soluciones innovadoras para preparar, cocinar y conservar alimentos. Accede a nuestros v\u00eddeos sobre conceptos culinarios para lograr alta calidad y ahorrar tiempo.\",\"breadcrumb\":{\"@id\":\"https:\/\/www.electroluxprofessional.com\/es\/videos-conceptos-culinarios\/#breadcrumb\"},\"inLanguage\":\"es\",\"potentialAction\":[{\"@type\":\"ReadAction\",\"target\":[\"https:\/\/www.electroluxprofessional.com\/es\/videos-conceptos-culinarios\/\"]}]},{\"@type\":\"ImageObject\",\"inLanguage\":\"es\",\"@id\":\"https:\/\/www.electroluxprofessional.com\/es\/videos-conceptos-culinarios\/#primaryimage\",\"url\":\"https:\/\/www.electroluxprofessional.com\/es\/wp-content\/uploads\/2020\/12\/The-frying-concept.jpg\",\"contentUrl\":\"https:\/\/www.electroluxprofessional.com\/es\/wp-content\/uploads\/2020\/12\/The-frying-concept.jpg\",\"width\":2000,\"height\":1335,\"caption\":\"From Concept to Consumer\"},{\"@type\":\"BreadcrumbList\",\"@id\":\"https:\/\/www.electroluxprofessional.com\/es\/videos-conceptos-culinarios\/#breadcrumb\",\"itemListElement\":[{\"@type\":\"ListItem\",\"position\":1,\"name\":\"Home\",\"item\":\"https:\/\/www.electroluxprofessional.com\/es\/\"},{\"@type\":\"ListItem\",\"position\":2,\"name\":\"V\u00eddeos sobre conceptos culinarios\"}]},{\"@type\":\"WebSite\",\"@id\":\"https:\/\/www.electroluxprofessional.com\/es\/#website\",\"url\":\"https:\/\/www.electroluxprofessional.com\/es\/\",\"name\":\"Electrolux Professional Espa\u00f1a\",\"description\":\"Equipamiento cocinas profesionales y lavander\u00edas comerciales. Excelencia en el suministro de soluciones profesionales.\",\"potentialAction\":[{\"@type\":\"SearchAction\",\"target\":{\"@type\":\"EntryPoint\",\"urlTemplate\":\"https:\/\/www.electroluxprofessional.com\/es\/?src={search_term_string}\"},\"query-input\":{\"@type\":\"PropertyValueSpecification\",\"valueRequired\":true,\"valueName\":\"search_term_string\"}}],\"inLanguage\":\"es\"}]}<\/script>\n<!-- \/ Yoast SEO plugin. -->","yoast_head_json":{"title":"Conceptos culinarios: v\u00eddeos profesionales | Electrolux Professional","description":"Electrolux Professional ofrece soluciones innovadoras para preparar, cocinar y conservar alimentos. Accede a nuestros v\u00eddeos sobre conceptos culinarios para lograr alta calidad y ahorrar tiempo.","robots":{"index":"index","follow":"follow","max-snippet":"max-snippet:-1","max-image-preview":"max-image-preview:large","max-video-preview":"max-video-preview:-1"},"canonical":"https:\/\/www.electroluxprofessional.com\/es\/videos-conceptos-culinarios\/","og_locale":"es_ES","og_type":"article","og_title":"Conceptos culinarios: v\u00eddeos profesionales | Electrolux Professional","og_description":"Electrolux Professional ofrece soluciones innovadoras para preparar, cocinar y conservar alimentos. Accede a nuestros v\u00eddeos sobre conceptos culinarios para lograr alta calidad y ahorrar tiempo.","og_url":"https:\/\/www.electroluxprofessional.com\/es\/videos-conceptos-culinarios\/","og_site_name":"Electrolux Professional Espa\u00f1a","article_modified_time":"2026-03-31T07:09:22+00:00","og_image":[{"width":2000,"height":1335,"url":"https:\/\/www.electroluxprofessional.com\/es\/wp-content\/uploads\/2020\/12\/The-frying-concept.jpg","type":"image\/jpeg"}],"twitter_card":"summary_large_image","twitter_misc":{"Tiempo de lectura":"2 minutos"},"schema":{"@context":"https:\/\/schema.org","@graph":[{"@type":"WebPage","@id":"https:\/\/www.electroluxprofessional.com\/es\/videos-conceptos-culinarios\/","url":"https:\/\/www.electroluxprofessional.com\/es\/videos-conceptos-culinarios\/","name":"Conceptos culinarios: v\u00eddeos profesionales | Electrolux Professional","isPartOf":{"@id":"https:\/\/www.electroluxprofessional.com\/es\/#website"},"primaryImageOfPage":{"@id":"https:\/\/www.electroluxprofessional.com\/es\/videos-conceptos-culinarios\/#primaryimage"},"image":{"@id":"https:\/\/www.electroluxprofessional.com\/es\/videos-conceptos-culinarios\/#primaryimage"},"thumbnailUrl":"https:\/\/www.electroluxprofessional.com\/es\/wp-content\/uploads\/2020\/12\/The-frying-concept.jpg","datePublished":"2020-12-14T15:05:41+00:00","dateModified":"2026-03-31T07:09:22+00:00","description":"Electrolux Professional ofrece soluciones innovadoras para preparar, cocinar y conservar alimentos. Accede a nuestros v\u00eddeos sobre conceptos culinarios para lograr alta calidad y ahorrar tiempo.","breadcrumb":{"@id":"https:\/\/www.electroluxprofessional.com\/es\/videos-conceptos-culinarios\/#breadcrumb"},"inLanguage":"es","potentialAction":[{"@type":"ReadAction","target":["https:\/\/www.electroluxprofessional.com\/es\/videos-conceptos-culinarios\/"]}]},{"@type":"ImageObject","inLanguage":"es","@id":"https:\/\/www.electroluxprofessional.com\/es\/videos-conceptos-culinarios\/#primaryimage","url":"https:\/\/www.electroluxprofessional.com\/es\/wp-content\/uploads\/2020\/12\/The-frying-concept.jpg","contentUrl":"https:\/\/www.electroluxprofessional.com\/es\/wp-content\/uploads\/2020\/12\/The-frying-concept.jpg","width":2000,"height":1335,"caption":"From Concept to Consumer"},{"@type":"BreadcrumbList","@id":"https:\/\/www.electroluxprofessional.com\/es\/videos-conceptos-culinarios\/#breadcrumb","itemListElement":[{"@type":"ListItem","position":1,"name":"Home","item":"https:\/\/www.electroluxprofessional.com\/es\/"},{"@type":"ListItem","position":2,"name":"V\u00eddeos sobre conceptos culinarios"}]},{"@type":"WebSite","@id":"https:\/\/www.electroluxprofessional.com\/es\/#website","url":"https:\/\/www.electroluxprofessional.com\/es\/","name":"Electrolux Professional Espa\u00f1a","description":"Equipamiento cocinas profesionales y lavander\u00edas comerciales. Excelencia en el suministro de soluciones profesionales.","potentialAction":[{"@type":"SearchAction","target":{"@type":"EntryPoint","urlTemplate":"https:\/\/www.electroluxprofessional.com\/es\/?src={search_term_string}"},"query-input":{"@type":"PropertyValueSpecification","valueRequired":true,"valueName":"search_term_string"}}],"inLanguage":"es"}]}},"_links":{"self":[{"href":"https:\/\/www.electroluxprofessional.com\/es\/wp-json\/wp\/v2\/pages\/13230"}],"collection":[{"href":"https:\/\/www.electroluxprofessional.com\/es\/wp-json\/wp\/v2\/pages"}],"about":[{"href":"https:\/\/www.electroluxprofessional.com\/es\/wp-json\/wp\/v2\/types\/page"}],"author":[{"embeddable":true,"href":"https:\/\/www.electroluxprofessional.com\/es\/wp-json\/wp\/v2\/users\/21"}],"replies":[{"embeddable":true,"href":"https:\/\/www.electroluxprofessional.com\/es\/wp-json\/wp\/v2\/comments?post=13230"}],"version-history":[{"count":4,"href":"https:\/\/www.electroluxprofessional.com\/es\/wp-json\/wp\/v2\/pages\/13230\/revisions"}],"predecessor-version":[{"id":26078,"href":"https:\/\/www.electroluxprofessional.com\/es\/wp-json\/wp\/v2\/pages\/13230\/revisions\/26078"}],"wp:featuredmedia":[{"embeddable":true,"href":"https:\/\/www.electroluxprofessional.com\/es\/wp-json\/wp\/v2\/media\/13222"}],"wp:attachment":[{"href":"https:\/\/www.electroluxprofessional.com\/es\/wp-json\/wp\/v2\/media?parent=13230"}],"curies":[{"name":"wp","href":"https:\/\/api.w.org\/{rel}","templated":true}]}}