{"id":13221,"date":"2020-12-14T15:03:18","date_gmt":"2020-12-14T15:03:18","guid":{"rendered":"https:\/\/www.electroluxprofessional.com\/?page_id=23483"},"modified":"2025-09-10T14:29:22","modified_gmt":"2025-09-10T14:29:22","slug":"oportunidades-profesionales","status":"publish","type":"page","link":"https:\/\/www.electroluxprofessional.com\/es\/oportunidades-profesionales\/","title":{"rendered":"Oportunidades profesionales"},"content":{"rendered":"<p>[vc_row full_width=&#8221;electroluxpro-full-width-no-padding&#8221;][vc_column][vc_single_image image=&#8221;13216&#8243; img_size=&#8221;2000*350&#8243; alignment=&#8221;center&#8221;][\/vc_column][\/vc_row][vc_row][vc_column][vc_empty_space][\/vc_column][\/vc_row][vc_row disable_element=&#8221;yes&#8221;][vc_column width=&#8221;5\/6&#8243;][elx_video_block background_image=&#8221;13219&#8243; minimum_height=&#8221;400px&#8221;][\/vc_column][vc_column width=&#8221;1\/6&#8243;][\/vc_column][\/vc_row][vc_row][vc_column][elx_heading font_container=&#8221;h1&#8243; text_color=&#8221;inherit&#8221;]\u00danete a nosotros[\/elx_heading][vc_column_text]Electrolux Professional invita a las personas apasionadas, con mentalidad empresarial, a unirse a nuestra familia.<br \/>\nConsulta nuestra p\u00e1gina de oportunidades profesionales para informarte mejor.[\/vc_column_text][elx_button button_text=&#8221;Follow us on LinkedIn&#8221; button_style=&#8221;icon&#8221; button_link=&#8221;url:https%3A%2F%2Fwww.linkedin.com%2Fcompany%2Felectrolux-professional%2F||target:%20_blank|&#8221;][elx_button button_text=&#8221;Job Opportunities&#8221; button_style=&#8221;icon&#8221; button_link=&#8221;url:https%3A%2F%2Felectroluxprofessional.bamboohr.com%2Fjobs%2F|title:Job%20and%20career%20opportunities%20in%20Electrolux%20Professional|target:%20_blank|&#8221;][vc_empty_space][\/vc_column][\/vc_row][vc_row][vc_column][elx_heading text_color=&#8221;inherit&#8221;]Gente profesional[\/elx_heading][\/vc_column][\/vc_row][vc_row][vc_column width=&#8221;2\/3&#8243;][elx_video_block background_image=&#8221;13220&#8243; video_link=&#8221;https:\/\/www.youtube.com\/watch?v=SztTQyFCEGQ&#8221; minimum_height=&#8221;400px&#8221;][\/vc_column][vc_column width=&#8221;1\/3&#8243;][vc_column_text]Conoce a fondo c\u00f3mo es trabajar en Electrolux Professional a trav\u00e9s de los&amp; testimonios de nuestros empleados.[\/vc_column_text][elx_button button_text=&#8221;Explore more&#8221; button_style=&#8221;icon&#8221; button_link=&#8221;url:https%3A%2F%2Fwww.electroluxprofessional.com%2Fblog%2Fcategory%2Fpeople-of-professional%2F|title:People%20of%20Professional||&#8221;][\/vc_column][\/vc_row][vc_row][vc_column][vc_empty_space][\/vc_column][\/vc_row][vc_row][vc_column width=&#8221;1\/2&#8243;][elx_heading text_color=&#8221;inherit&#8221;]Periodos de pr\u00e1cticas &amp; Programas para el inicio profesional[\/elx_heading][vc_empty_space][vc_single_image image=&#8221;13217&#8243; img_size=&#8221;700&#215;350&#8243;][vc_column_text]Se ofrece a los estudiantes y titulados recientes la oportunidad de profundizar en los intereses profesionales y desarrollar aptitudes laborales mediante experiencias de trabajo reales en nuestros distintos centros. Las oportunidades abarcan el dise\u00f1o t\u00e9cnico, la gesti\u00f3n de proyectos, las finanzas, el marketing y las ventas.[\/vc_column_text][elx_button button_text=&#8221;Stories of our interns&#8221; button_style=&#8221;icon&#8221; button_link=&#8221;url:https%3A%2F%2Fwww.electroluxprofessional.com%2Fblog%2Fcategory%2Fpeople-of-professional%2F|title:Stories%20of%20our%20interns||&#8221;][vc_empty_space][vc_column_text]Cons\u00faltanos para saber m\u00e1s sobre:<\/p>\n<ul>\n<li><a href=\"mailto:internships@electroluxprofessional.com\" rel=\"noopener\">Pr\u00e1cticas en Italia<\/a><\/li>\n<li><a href=\"mailto:alvin.zhu@electrolux.com\" rel=\"noopener\">Pr\u00e1cticas en China<\/a><\/li>\n<li><a href=\"https:\/\/www.yousty.ch\/de-CH\/lehrstellen\/firmen\/850744-electrolux-professional-ag\" target=\"_blank\" rel=\"noopener noreferrer\">Aprendizaje en Suiza<\/a><\/li>\n<\/ul>\n<p>[\/vc_column_text][\/vc_column][vc_column width=&#8221;1\/2&#8243;][elx_heading text_color=&#8221;inherit&#8221;]The Research Hub de Electrolux Professional[\/elx_heading][vc_single_image image=&#8221;13218&#8243; img_size=&#8221;700&#215;350&#8243;][vc_column_text]A trav\u00e9s de universidades asociadas, cada a\u00f1o ofrecemos diversas becas para distintos campos. Si disfrutas con la investigaci\u00f3n en un entorno internacional y te gustar\u00eda participar en el desarrollo de equipos m\u00e1s inteligentes, mejores y m\u00e1s sostenibles para el futuro, pulsa en los v\u00ednculos y descubre m\u00e1s informaci\u00f3n.[\/vc_column_text][elx_button button_text=&#8221;Explore more&#8221; button_style=&#8221;icon&#8221; button_link=&#8221;url:https%3A%2F%2Fwww.electroluxprofessionalgroup.com%2Fen%2Four-business%2Fresearch-and-innovation%2F&#8221;][\/vc_column][\/vc_row][vc_row][vc_column][vc_empty_space][\/vc_column][\/vc_row]<\/p>\n","protected":false},"excerpt":{"rendered":"<p>[vc_row full_width=&#8221;electroluxpro-full-width-no-padding&#8221;][vc_column][vc_single_image image=&#8221;13216&#8243; img_size=&#8221;2000*350&#8243; alignment=&#8221;center&#8221;][\/vc_column][\/vc_row][vc_row][vc_column][vc_empty_space][\/vc_column][\/vc_row][vc_row disable_element=&#8221;yes&#8221;][vc_column width=&#8221;5\/6&#8243;][elx_video_block background_image=&#8221;13219&#8243; minimum_height=&#8221;400px&#8221;][\/vc_column][vc_column width=&#8221;1\/6&#8243;][\/vc_column][\/vc_row][vc_row][vc_column][elx_heading font_container=&#8221;h1&#8243; text_color=&#8221;inherit&#8221;]\u00danete a nosotros[\/elx_heading][vc_column_text]Electrolux Professional invita a las personas apasionadas, con mentalidad empresarial, a unirse a nuestra familia. Consulta nuestra p\u00e1gina de oportunidades profesionales para informarte mejor.[\/vc_column_text][elx_button button_text=&#8221;Follow us on LinkedIn&#8221; button_style=&#8221;icon&#8221; button_link=&#8221;url:https%3A%2F%2Fwww.linkedin.com%2Fcompany%2Felectrolux-professional%2F||target:%20_blank|&#8221;][elx_button button_text=&#8221;Job Opportunities&#8221; button_style=&#8221;icon&#8221; button_link=&#8221;url:https%3A%2F%2Felectroluxprofessional.bamboohr.com%2Fjobs%2F|title:Job%20and%20career%20opportunities%20in%20Electrolux%20Professional|target:%20_blank|&#8221;][vc_empty_space][\/vc_column][\/vc_row][vc_row][vc_column][elx_heading text_color=&#8221;inherit&#8221;]Gente profesional[\/elx_heading][\/vc_column][\/vc_row][vc_row][vc_column width=&#8221;2\/3&#8243;][elx_video_block background_image=&#8221;13220&#8243; video_link=&#8221;https:\/\/www.youtube.com\/watch?v=SztTQyFCEGQ&#8221; minimum_height=&#8221;400px&#8221;][\/vc_column][vc_column width=&#8221;1\/3&#8243;][vc_column_text]Conoce a [&hellip;]<\/p>\n","protected":false},"author":21,"featured_media":0,"parent":0,"menu_order":0,"comment_status":"closed","ping_status":"closed","template":"","meta":{"footnotes":""},"class_list":["post-13221","page","type-page","status-publish","hentry"],"acf":[],"yoast_head":"<!-- This site is optimized with the Yoast SEO plugin v23.4 - https:\/\/yoast.com\/wordpress\/plugins\/seo\/ -->\n<title>Trabaja en Electrolux Professional Ofertas de empleo<\/title>\n<meta name=\"description\" content=\"Electrolux Professional te trae oportunidades profesionales. Ideales para empresas de todo tama\u00f1o con la garant\u00eda Electrolux\" \/>\n<meta name=\"robots\" content=\"index, follow, max-snippet:-1, max-image-preview:large, max-video-preview:-1\" \/>\n<link rel=\"canonical\" href=\"https:\/\/www.electroluxprofessional.com\/es\/oportunidades-profesionales\/\" \/>\n<meta property=\"og:locale\" content=\"es_ES\" \/>\n<meta property=\"og:type\" content=\"article\" \/>\n<meta property=\"og:title\" content=\"Trabaja en Electrolux Professional Ofertas de empleo\" \/>\n<meta property=\"og:description\" content=\"Electrolux Professional te trae oportunidades profesionales. Ideales para empresas de todo tama\u00f1o con la garant\u00eda Electrolux\" \/>\n<meta property=\"og:url\" content=\"https:\/\/www.electroluxprofessional.com\/es\/oportunidades-profesionales\/\" \/>\n<meta property=\"og:site_name\" content=\"Electrolux Professional Espa\u00f1a\" \/>\n<meta property=\"article:modified_time\" content=\"2025-09-10T14:29:22+00:00\" \/>\n<meta name=\"twitter:card\" content=\"summary_large_image\" \/>\n<meta name=\"twitter:label1\" content=\"Tiempo de lectura\" \/>\n\t<meta name=\"twitter:data1\" content=\"3 minutos\" \/>\n<script type=\"application\/ld+json\" class=\"yoast-schema-graph\">{\"@context\":\"https:\/\/schema.org\",\"@graph\":[{\"@type\":\"WebPage\",\"@id\":\"https:\/\/www.electroluxprofessional.com\/es\/oportunidades-profesionales\/\",\"url\":\"https:\/\/www.electroluxprofessional.com\/es\/oportunidades-profesionales\/\",\"name\":\"Trabaja en Electrolux Professional Ofertas de empleo\",\"isPartOf\":{\"@id\":\"https:\/\/www.electroluxprofessional.com\/es\/#website\"},\"datePublished\":\"2020-12-14T15:03:18+00:00\",\"dateModified\":\"2025-09-10T14:29:22+00:00\",\"description\":\"Electrolux Professional te trae oportunidades profesionales. Ideales para empresas de todo tama\u00f1o con la garant\u00eda Electrolux\",\"breadcrumb\":{\"@id\":\"https:\/\/www.electroluxprofessional.com\/es\/oportunidades-profesionales\/#breadcrumb\"},\"inLanguage\":\"es\",\"potentialAction\":[{\"@type\":\"ReadAction\",\"target\":[\"https:\/\/www.electroluxprofessional.com\/es\/oportunidades-profesionales\/\"]}]},{\"@type\":\"BreadcrumbList\",\"@id\":\"https:\/\/www.electroluxprofessional.com\/es\/oportunidades-profesionales\/#breadcrumb\",\"itemListElement\":[{\"@type\":\"ListItem\",\"position\":1,\"name\":\"Home\",\"item\":\"https:\/\/www.electroluxprofessional.com\/es\/\"},{\"@type\":\"ListItem\",\"position\":2,\"name\":\"Oportunidades profesionales\"}]},{\"@type\":\"WebSite\",\"@id\":\"https:\/\/www.electroluxprofessional.com\/es\/#website\",\"url\":\"https:\/\/www.electroluxprofessional.com\/es\/\",\"name\":\"Electrolux Professional Espa\u00f1a\",\"description\":\"Equipamiento cocinas profesionales y lavander\u00edas comerciales. Excelencia en el suministro de soluciones profesionales.\",\"potentialAction\":[{\"@type\":\"SearchAction\",\"target\":{\"@type\":\"EntryPoint\",\"urlTemplate\":\"https:\/\/www.electroluxprofessional.com\/es\/?src={search_term_string}\"},\"query-input\":{\"@type\":\"PropertyValueSpecification\",\"valueRequired\":true,\"valueName\":\"search_term_string\"}}],\"inLanguage\":\"es\"}]}<\/script>\n<!-- \/ Yoast SEO plugin. -->","yoast_head_json":{"title":"Trabaja en Electrolux Professional Ofertas de empleo","description":"Electrolux Professional te trae oportunidades profesionales. Ideales para empresas de todo tama\u00f1o con la garant\u00eda Electrolux","robots":{"index":"index","follow":"follow","max-snippet":"max-snippet:-1","max-image-preview":"max-image-preview:large","max-video-preview":"max-video-preview:-1"},"canonical":"https:\/\/www.electroluxprofessional.com\/es\/oportunidades-profesionales\/","og_locale":"es_ES","og_type":"article","og_title":"Trabaja en Electrolux Professional Ofertas de empleo","og_description":"Electrolux Professional te trae oportunidades profesionales. Ideales para empresas de todo tama\u00f1o con la garant\u00eda Electrolux","og_url":"https:\/\/www.electroluxprofessional.com\/es\/oportunidades-profesionales\/","og_site_name":"Electrolux Professional Espa\u00f1a","article_modified_time":"2025-09-10T14:29:22+00:00","twitter_card":"summary_large_image","twitter_misc":{"Tiempo de lectura":"3 minutos"},"schema":{"@context":"https:\/\/schema.org","@graph":[{"@type":"WebPage","@id":"https:\/\/www.electroluxprofessional.com\/es\/oportunidades-profesionales\/","url":"https:\/\/www.electroluxprofessional.com\/es\/oportunidades-profesionales\/","name":"Trabaja en Electrolux Professional Ofertas de empleo","isPartOf":{"@id":"https:\/\/www.electroluxprofessional.com\/es\/#website"},"datePublished":"2020-12-14T15:03:18+00:00","dateModified":"2025-09-10T14:29:22+00:00","description":"Electrolux Professional te trae oportunidades profesionales. Ideales para empresas de todo tama\u00f1o con la garant\u00eda Electrolux","breadcrumb":{"@id":"https:\/\/www.electroluxprofessional.com\/es\/oportunidades-profesionales\/#breadcrumb"},"inLanguage":"es","potentialAction":[{"@type":"ReadAction","target":["https:\/\/www.electroluxprofessional.com\/es\/oportunidades-profesionales\/"]}]},{"@type":"BreadcrumbList","@id":"https:\/\/www.electroluxprofessional.com\/es\/oportunidades-profesionales\/#breadcrumb","itemListElement":[{"@type":"ListItem","position":1,"name":"Home","item":"https:\/\/www.electroluxprofessional.com\/es\/"},{"@type":"ListItem","position":2,"name":"Oportunidades profesionales"}]},{"@type":"WebSite","@id":"https:\/\/www.electroluxprofessional.com\/es\/#website","url":"https:\/\/www.electroluxprofessional.com\/es\/","name":"Electrolux Professional Espa\u00f1a","description":"Equipamiento cocinas profesionales y lavander\u00edas comerciales. Excelencia en el suministro de soluciones profesionales.","potentialAction":[{"@type":"SearchAction","target":{"@type":"EntryPoint","urlTemplate":"https:\/\/www.electroluxprofessional.com\/es\/?src={search_term_string}"},"query-input":{"@type":"PropertyValueSpecification","valueRequired":true,"valueName":"search_term_string"}}],"inLanguage":"es"}]}},"_links":{"self":[{"href":"https:\/\/www.electroluxprofessional.com\/es\/wp-json\/wp\/v2\/pages\/13221"}],"collection":[{"href":"https:\/\/www.electroluxprofessional.com\/es\/wp-json\/wp\/v2\/pages"}],"about":[{"href":"https:\/\/www.electroluxprofessional.com\/es\/wp-json\/wp\/v2\/types\/page"}],"author":[{"embeddable":true,"href":"https:\/\/www.electroluxprofessional.com\/es\/wp-json\/wp\/v2\/users\/21"}],"replies":[{"embeddable":true,"href":"https:\/\/www.electroluxprofessional.com\/es\/wp-json\/wp\/v2\/comments?post=13221"}],"version-history":[{"count":6,"href":"https:\/\/www.electroluxprofessional.com\/es\/wp-json\/wp\/v2\/pages\/13221\/revisions"}],"predecessor-version":[{"id":23648,"href":"https:\/\/www.electroluxprofessional.com\/es\/wp-json\/wp\/v2\/pages\/13221\/revisions\/23648"}],"wp:attachment":[{"href":"https:\/\/www.electroluxprofessional.com\/es\/wp-json\/wp\/v2\/media?parent=13221"}],"curies":[{"name":"wp","href":"https:\/\/api.w.org\/{rel}","templated":true}]}}