{"id":12706,"date":"2020-10-22T12:17:17","date_gmt":"2020-10-22T12:17:17","guid":{"rendered":"https:\/\/www.electroluxprofessional.com\/?page_id=5890"},"modified":"2026-03-28T18:34:21","modified_gmt":"2026-03-28T18:34:21","slug":"amasar-batir-laminar","status":"publish","type":"page","link":"https:\/\/www.electroluxprofessional.com\/es\/equipamiento-cocinas-profesionales\/amasar-batir-laminar\/","title":{"rendered":"Preparaci\u00f3n de alimentos: amasado, batido y laminado"},"content":{"rendered":"<p>[vc_row full_width=&#8221;electroluxpro-full-width-no-padding&#8221;][vc_column][elx_image_block background_image=&#8221;2674&#8243; minimum_height=&#8221;350px&#8221;][\/vc_column][\/vc_row][vc_row][vc_column][vc_empty_space][elx_heading font_container=&#8221;h1&#8243; font_size=&#8221;h3&#8243; text_color=&#8221;inherit&#8221; text_align=&#8221;text-left&#8221;]Amasar, Batir y Laminar[\/elx_heading][vc_empty_space][\/vc_column][\/vc_row][vc_row][vc_column width=&#8221;1\/3&#8243;][vc_single_image image=&#8221;22060&#8243; img_size=&#8221;full&#8221;][elx_heading font_size=&#8221;h3&#8243; text_color=&#8221;inherit&#8221; text_align=&#8221;text-left&#8221;]Batidoras planetarias[\/elx_heading][vc_column_text]M\u00e1ximo rendimiento. Compactas y potentes. Solidez por encima de todo.<\/p>\n<p>Amplia gama de batidoras planetarias: <strong>de 5 a 80 litros de capacidad<\/strong>.<br \/>\nF\u00e1cil incorporaci\u00f3n de ingredientes durante el proceso.<br \/>\nUn sistema de encaje, sin tornillos, facilita la extracci\u00f3n y limpieza de la protecci\u00f3n contra salpicaduras.[\/vc_column_text][vc_column_text]Excelencia en el amasado, el batido y el laminado debido a:<\/p>\n<ul>\n<li>dise\u00f1o exclusivo<\/li>\n<li>rotaci\u00f3n de velocidad variable<\/li>\n<li>herramientas que se adaptan perfectamente a la cuba para la mezcla uniforme, incluso de cantidades m\u00ednimas<\/li>\n<li>herramientas, cuba y protecci\u00f3n contra salpicaduras 100% aptas para lavavajillas<\/li>\n<\/ul>\n<p>[\/vc_column_text][\/vc_column][vc_column width=&#8221;1\/3&#8243;][vc_single_image image=&#8221;22061&#8243; img_size=&#8221;360*360&#8243;][elx_heading font_size=&#8221;h3&#8243; text_color=&#8221;inherit&#8221; text_align=&#8221;text-left&#8221;]Amasadoras[\/elx_heading][vc_column_text]Siempre la mezcla perfecta.<\/p>\n<p><strong>Las amasadoras<\/strong> son la mejor opci\u00f3n para panader\u00edas y pizzer\u00edas profesionales. Ofrecemos <strong>amasadoras de horquilla o de espiral<\/strong> para la preparaci\u00f3n de pan, bases de pizza y pasteles especiales.<\/p>\n<p><strong>El amasado \u00f3ptimo<\/strong> se obtiene en todas las ocasiones mediante baja velocidad para masa tradicional o una velocidad alternativa para un amasado r\u00e1pido.<\/p>\n<p>Los equipos de amasado cuentan con un sencillo panel t\u00e1ctil y un temporizador<strong> que permite un control preciso<\/strong>.<\/p>\n<p>Adem\u00e1s, un <strong>dispositivo de seguridad<\/strong> detiene el equipo cuando se abre la rejilla de protecci\u00f3n.[\/vc_column_text][\/vc_column][vc_column width=&#8221;1\/3&#8243;][vc_single_image image=&#8221;2678&#8243; img_size=&#8221;360*360&#8243;][vc_empty_space height=&#8221;50px&#8221;][elx_heading font_size=&#8221;h3&#8243; text_color=&#8221;inherit&#8221; text_align=&#8221;text-left&#8221;]Laminadoras[\/elx_heading][elx_heading font_container=&#8221;h3&#8243; font_size=&#8221;h5&#8243; text_color=&#8221;inherit&#8221; text_align=&#8221;text-left&#8221;]Manual[\/elx_heading][vc_column_text]<\/p>\n<ul>\n<li>Compacta y f\u00e1cil de desplazar<\/li>\n<li>Cilindros revestidos de tefl\u00f3n (\u00d8 60 mm)<\/li>\n<li>Anchura de trabajo: 400 mm<\/li>\n<li>Rampas de acero oxidable extra\u00edbles<\/li>\n<\/ul>\n<p>[\/vc_column_text][elx_heading font_container=&#8221;h3&#8243; font_size=&#8221;h5&#8243; text_color=&#8221;inherit&#8221; text_align=&#8221;text-left&#8221;]Motorizada[\/elx_heading][vc_column_text]<\/p>\n<ul>\n<li>Rejilla de seguridad<\/li>\n<li>Las rampas extra\u00edbles revestidas de tefl\u00f3n facilitan el desplazamiento de la masa<\/li>\n<li>Los cilindros de acero cromado (\u00d8 60 mm) pueden regularse en funci\u00f3n del grosor que sea necesario<\/li>\n<li>Palanca manual para invertir la rotaci\u00f3n del cilindro<\/li>\n<li>Contenedor de harina fijado a la parte superior del equipo<\/li>\n<li>Pedal remoto para cambiar la direcci\u00f3n de los rodillos<br \/>\n(accesorio opcional).<\/li>\n<\/ul>\n<p>[\/vc_column_text][elx_heading font_container=&#8221;h3&#8243; font_size=&#8221;h5&#8243; text_color=&#8221;inherit&#8221; text_align=&#8221;text-left&#8221;]Correa motorizada[\/elx_heading][vc_column_text]<\/p>\n<ul>\n<li>Modelos de 1 velocidad o velocidad variable<\/li>\n<li>Las mesas se pueden elevar para ahorrar espacio<\/li>\n<li>Rejillas con microinterruptor para detener el motor si<br \/>\nse elevan por encima de un nivel determinado<\/li>\n<li>Palanca manual para invertir la rotaci\u00f3n del cilindro<\/li>\n<li>Anchuras de trabajo: 500 mm o 600 mm<br \/>\n(dependiendo del modelo)<\/li>\n<li>Contenedor de harina fijado a la parte superior del equipo<\/li>\n<li>Pedal remoto para cambiar la direcci\u00f3n de los rodillos<br \/>\n(accesorio opcional).<\/li>\n<\/ul>\n<p>[\/vc_column_text][\/vc_column][\/vc_row][vc_row][vc_column][elx_download_block text=&#8221;Cat\u00e1logo Preparaci\u00f3n<br \/>\nDin\u00e1mica&#8221; document_type=&#8221;brochures&#8221; link=&#8221;http:\/\/files.professional.electrolux.com\/docs\/?n=BR-9JE00129&amp;b=5&amp;l=1&#8243; background_color=&#8221;cat-create&#8221; reveal_effect=&#8221;&#8221; reveal_duration=&#8221;&#8221; reveal_delay=&#8221;&#8221; br_document_number=&#8221;BR-9JE00190&#8243;][\/vc_column][\/vc_row][vc_row css=&#8221;.vc_custom_1517829302842{background-color: #eeeeee !important;}&#8221;][vc_column][vc_empty_space height=&#8221;50px&#8221;][elx_heading font_size=&#8221;h3&#8243; text_color=&#8221;inherit&#8221; text_align=&#8221;text-left&#8221;]Busca la combinaci\u00f3n adecuada para tu negocio[\/elx_heading][\/vc_column][\/vc_row][vc_row css=&#8221;.vc_custom_1517829312963{background-color: #eeeeee !important;}&#8221;][vc_column width=&#8221;1\/3&#8243;][elx_maylike_box id_box=&#8221;3881&#8243;][\/vc_column][vc_column width=&#8221;1\/3&#8243;][elx_maylike_box id_box=&#8221;4780&#8243;][\/vc_column][vc_column width=&#8221;1\/3&#8243;][elx_maylike_box id_box=&#8221;3888&#8243;][\/vc_column][\/vc_row][vc_row][vc_column][vc_empty_space height=&#8221;50px&#8221;][elx_heading font_size=&#8221;h3&#8243; text_color=&#8221;inherit&#8221; text_align=&#8221;text-left&#8221;]Descubre lo que nuestros productos pueden aportar a tu negocio[\/elx_heading][elx_o2000_contact_us s=&#8221;Request of information about knead, whip and sheet&#8221; container=&#8221;elxcontactus1480081277&#8243; r=&#8221;I would like to find out more about knead, whip and sheet. Please get in touch with me.&#8221;][vc_empty_space height=&#8221;50px&#8221;][elx_heading font_container=&#8221;h3&#8243; font_size=&#8221;h3&#8243; text_color=&#8221;inherit&#8221; text_align=&#8221;text-left&#8221;]Amasado, batido y laminado[\/elx_heading][\/vc_column][\/vc_row]<\/p>\n","protected":false},"excerpt":{"rendered":"<p>[vc_row full_width=&#8221;electroluxpro-full-width-no-padding&#8221;][vc_column][elx_image_block background_image=&#8221;2674&#8243; minimum_height=&#8221;350px&#8221;][\/vc_column][\/vc_row][vc_row][vc_column][vc_empty_space][elx_heading font_container=&#8221;h1&#8243; font_size=&#8221;h3&#8243; text_color=&#8221;inherit&#8221; text_align=&#8221;text-left&#8221;]Amasar, Batir y Laminar[\/elx_heading][vc_empty_space][\/vc_column][\/vc_row][vc_row][vc_column width=&#8221;1\/3&#8243;][vc_single_image image=&#8221;22060&#8243; img_size=&#8221;full&#8221;][elx_heading font_size=&#8221;h3&#8243; text_color=&#8221;inherit&#8221; text_align=&#8221;text-left&#8221;]Batidoras planetarias[\/elx_heading][vc_column_text]M\u00e1ximo rendimiento. Compactas y potentes. Solidez por encima de todo. Amplia gama de batidoras planetarias: de 5 a 80 litros de capacidad. F\u00e1cil incorporaci\u00f3n de ingredientes durante el proceso. Un sistema de encaje, sin tornillos, facilita la extracci\u00f3n [&hellip;]<\/p>\n","protected":false},"author":21,"featured_media":2674,"parent":4096,"menu_order":0,"comment_status":"closed","ping_status":"closed","template":"","meta":{"footnotes":""},"class_list":["post-12706","page","type-page","status-publish","has-post-thumbnail","hentry"],"acf":[],"yoast_head":"<!-- This site is optimized with the Yoast SEO plugin v23.4 - https:\/\/yoast.com\/wordpress\/plugins\/seo\/ -->\n<title>Amasar, Batir y Laminar | Electrolux Professional<\/title>\n<meta name=\"description\" content=\"Equipos profesionales para amasar, batir y laminar. La tecnolog\u00eda ideal para la panader\u00eda y pasteler\u00eda que busca resultados consistentes y perfectos.\" \/>\n<meta name=\"robots\" content=\"index, follow, max-snippet:-1, max-image-preview:large, max-video-preview:-1\" \/>\n<link rel=\"canonical\" href=\"https:\/\/www.electroluxprofessional.com\/es\/equipamiento-cocinas-profesionales\/amasar-batir-laminar\/\" \/>\n<meta property=\"og:locale\" content=\"es_ES\" \/>\n<meta property=\"og:type\" content=\"article\" \/>\n<meta property=\"og:title\" content=\"Amasar, Batir y Laminar | Electrolux Professional\" \/>\n<meta property=\"og:description\" content=\"Equipos profesionales para amasar, batir y laminar. La tecnolog\u00eda ideal para la panader\u00eda y pasteler\u00eda que busca resultados consistentes y perfectos.\" \/>\n<meta property=\"og:url\" content=\"https:\/\/www.electroluxprofessional.com\/es\/equipamiento-cocinas-profesionales\/amasar-batir-laminar\/\" \/>\n<meta property=\"og:site_name\" content=\"Electrolux Professional Espa\u00f1a\" \/>\n<meta property=\"article:modified_time\" content=\"2026-03-28T18:34:21+00:00\" \/>\n<meta property=\"og:image\" content=\"https:\/\/www.electroluxprofessional.com\/es\/wp-content\/uploads\/2017\/02\/food-prep1.jpg\" \/>\n\t<meta property=\"og:image:width\" content=\"2000\" \/>\n\t<meta property=\"og:image:height\" content=\"1333\" \/>\n\t<meta property=\"og:image:type\" content=\"image\/jpeg\" \/>\n<meta name=\"twitter:card\" content=\"summary_large_image\" \/>\n<meta name=\"twitter:label1\" content=\"Tiempo de lectura\" \/>\n\t<meta name=\"twitter:data1\" content=\"4 minutos\" \/>\n<script type=\"application\/ld+json\" class=\"yoast-schema-graph\">{\"@context\":\"https:\/\/schema.org\",\"@graph\":[{\"@type\":\"WebPage\",\"@id\":\"https:\/\/www.electroluxprofessional.com\/es\/equipamiento-cocinas-profesionales\/amasar-batir-laminar\/\",\"url\":\"https:\/\/www.electroluxprofessional.com\/es\/equipamiento-cocinas-profesionales\/amasar-batir-laminar\/\",\"name\":\"Amasar, Batir y Laminar | Electrolux Professional\",\"isPartOf\":{\"@id\":\"https:\/\/www.electroluxprofessional.com\/es\/#website\"},\"primaryImageOfPage\":{\"@id\":\"https:\/\/www.electroluxprofessional.com\/es\/equipamiento-cocinas-profesionales\/amasar-batir-laminar\/#primaryimage\"},\"image\":{\"@id\":\"https:\/\/www.electroluxprofessional.com\/es\/equipamiento-cocinas-profesionales\/amasar-batir-laminar\/#primaryimage\"},\"thumbnailUrl\":\"https:\/\/www.electroluxprofessional.com\/es\/wp-content\/uploads\/2017\/02\/food-prep1.jpg\",\"datePublished\":\"2020-10-22T12:17:17+00:00\",\"dateModified\":\"2026-03-28T18:34:21+00:00\",\"description\":\"Equipos profesionales para amasar, batir y laminar. La tecnolog\u00eda ideal para la panader\u00eda y pasteler\u00eda que busca resultados consistentes y perfectos.\",\"breadcrumb\":{\"@id\":\"https:\/\/www.electroluxprofessional.com\/es\/equipamiento-cocinas-profesionales\/amasar-batir-laminar\/#breadcrumb\"},\"inLanguage\":\"es\",\"potentialAction\":[{\"@type\":\"ReadAction\",\"target\":[\"https:\/\/www.electroluxprofessional.com\/es\/equipamiento-cocinas-profesionales\/amasar-batir-laminar\/\"]}]},{\"@type\":\"ImageObject\",\"inLanguage\":\"es\",\"@id\":\"https:\/\/www.electroluxprofessional.com\/es\/equipamiento-cocinas-profesionales\/amasar-batir-laminar\/#primaryimage\",\"url\":\"https:\/\/www.electroluxprofessional.com\/es\/wp-content\/uploads\/2017\/02\/food-prep1.jpg\",\"contentUrl\":\"https:\/\/www.electroluxprofessional.com\/es\/wp-content\/uploads\/2017\/02\/food-prep1.jpg\",\"width\":2000,\"height\":1333,\"caption\":\"food-prep1\"},{\"@type\":\"BreadcrumbList\",\"@id\":\"https:\/\/www.electroluxprofessional.com\/es\/equipamiento-cocinas-profesionales\/amasar-batir-laminar\/#breadcrumb\",\"itemListElement\":[{\"@type\":\"ListItem\",\"position\":1,\"name\":\"Home\",\"item\":\"https:\/\/www.electroluxprofessional.com\/es\/\"},{\"@type\":\"ListItem\",\"position\":2,\"name\":\"Equipamiento de Cocinas\",\"item\":\"https:\/\/www.electroluxprofessional.com\/es\/equipamiento-cocinas-profesionales\/\"},{\"@type\":\"ListItem\",\"position\":3,\"name\":\"Preparaci\u00f3n de alimentos: amasado, batido y laminado\"}]},{\"@type\":\"WebSite\",\"@id\":\"https:\/\/www.electroluxprofessional.com\/es\/#website\",\"url\":\"https:\/\/www.electroluxprofessional.com\/es\/\",\"name\":\"Electrolux Professional Espa\u00f1a\",\"description\":\"Equipamiento cocinas profesionales y lavander\u00edas comerciales. Excelencia en el suministro de soluciones profesionales.\",\"potentialAction\":[{\"@type\":\"SearchAction\",\"target\":{\"@type\":\"EntryPoint\",\"urlTemplate\":\"https:\/\/www.electroluxprofessional.com\/es\/?src={search_term_string}\"},\"query-input\":{\"@type\":\"PropertyValueSpecification\",\"valueRequired\":true,\"valueName\":\"search_term_string\"}}],\"inLanguage\":\"es\"}]}<\/script>\n<!-- \/ Yoast SEO plugin. -->","yoast_head_json":{"title":"Amasar, Batir y Laminar | Electrolux Professional","description":"Equipos profesionales para amasar, batir y laminar. La tecnolog\u00eda ideal para la panader\u00eda y pasteler\u00eda que busca resultados consistentes y perfectos.","robots":{"index":"index","follow":"follow","max-snippet":"max-snippet:-1","max-image-preview":"max-image-preview:large","max-video-preview":"max-video-preview:-1"},"canonical":"https:\/\/www.electroluxprofessional.com\/es\/equipamiento-cocinas-profesionales\/amasar-batir-laminar\/","og_locale":"es_ES","og_type":"article","og_title":"Amasar, Batir y Laminar | Electrolux Professional","og_description":"Equipos profesionales para amasar, batir y laminar. La tecnolog\u00eda ideal para la panader\u00eda y pasteler\u00eda que busca resultados consistentes y perfectos.","og_url":"https:\/\/www.electroluxprofessional.com\/es\/equipamiento-cocinas-profesionales\/amasar-batir-laminar\/","og_site_name":"Electrolux Professional Espa\u00f1a","article_modified_time":"2026-03-28T18:34:21+00:00","og_image":[{"width":2000,"height":1333,"url":"https:\/\/www.electroluxprofessional.com\/es\/wp-content\/uploads\/2017\/02\/food-prep1.jpg","type":"image\/jpeg"}],"twitter_card":"summary_large_image","twitter_misc":{"Tiempo de lectura":"4 minutos"},"schema":{"@context":"https:\/\/schema.org","@graph":[{"@type":"WebPage","@id":"https:\/\/www.electroluxprofessional.com\/es\/equipamiento-cocinas-profesionales\/amasar-batir-laminar\/","url":"https:\/\/www.electroluxprofessional.com\/es\/equipamiento-cocinas-profesionales\/amasar-batir-laminar\/","name":"Amasar, Batir y Laminar | Electrolux Professional","isPartOf":{"@id":"https:\/\/www.electroluxprofessional.com\/es\/#website"},"primaryImageOfPage":{"@id":"https:\/\/www.electroluxprofessional.com\/es\/equipamiento-cocinas-profesionales\/amasar-batir-laminar\/#primaryimage"},"image":{"@id":"https:\/\/www.electroluxprofessional.com\/es\/equipamiento-cocinas-profesionales\/amasar-batir-laminar\/#primaryimage"},"thumbnailUrl":"https:\/\/www.electroluxprofessional.com\/es\/wp-content\/uploads\/2017\/02\/food-prep1.jpg","datePublished":"2020-10-22T12:17:17+00:00","dateModified":"2026-03-28T18:34:21+00:00","description":"Equipos profesionales para amasar, batir y laminar. La tecnolog\u00eda ideal para la panader\u00eda y pasteler\u00eda que busca resultados consistentes y perfectos.","breadcrumb":{"@id":"https:\/\/www.electroluxprofessional.com\/es\/equipamiento-cocinas-profesionales\/amasar-batir-laminar\/#breadcrumb"},"inLanguage":"es","potentialAction":[{"@type":"ReadAction","target":["https:\/\/www.electroluxprofessional.com\/es\/equipamiento-cocinas-profesionales\/amasar-batir-laminar\/"]}]},{"@type":"ImageObject","inLanguage":"es","@id":"https:\/\/www.electroluxprofessional.com\/es\/equipamiento-cocinas-profesionales\/amasar-batir-laminar\/#primaryimage","url":"https:\/\/www.electroluxprofessional.com\/es\/wp-content\/uploads\/2017\/02\/food-prep1.jpg","contentUrl":"https:\/\/www.electroluxprofessional.com\/es\/wp-content\/uploads\/2017\/02\/food-prep1.jpg","width":2000,"height":1333,"caption":"food-prep1"},{"@type":"BreadcrumbList","@id":"https:\/\/www.electroluxprofessional.com\/es\/equipamiento-cocinas-profesionales\/amasar-batir-laminar\/#breadcrumb","itemListElement":[{"@type":"ListItem","position":1,"name":"Home","item":"https:\/\/www.electroluxprofessional.com\/es\/"},{"@type":"ListItem","position":2,"name":"Equipamiento de Cocinas","item":"https:\/\/www.electroluxprofessional.com\/es\/equipamiento-cocinas-profesionales\/"},{"@type":"ListItem","position":3,"name":"Preparaci\u00f3n de alimentos: amasado, batido y laminado"}]},{"@type":"WebSite","@id":"https:\/\/www.electroluxprofessional.com\/es\/#website","url":"https:\/\/www.electroluxprofessional.com\/es\/","name":"Electrolux Professional Espa\u00f1a","description":"Equipamiento cocinas profesionales y lavander\u00edas comerciales. Excelencia en el suministro de soluciones profesionales.","potentialAction":[{"@type":"SearchAction","target":{"@type":"EntryPoint","urlTemplate":"https:\/\/www.electroluxprofessional.com\/es\/?src={search_term_string}"},"query-input":{"@type":"PropertyValueSpecification","valueRequired":true,"valueName":"search_term_string"}}],"inLanguage":"es"}]}},"_links":{"self":[{"href":"https:\/\/www.electroluxprofessional.com\/es\/wp-json\/wp\/v2\/pages\/12706"}],"collection":[{"href":"https:\/\/www.electroluxprofessional.com\/es\/wp-json\/wp\/v2\/pages"}],"about":[{"href":"https:\/\/www.electroluxprofessional.com\/es\/wp-json\/wp\/v2\/types\/page"}],"author":[{"embeddable":true,"href":"https:\/\/www.electroluxprofessional.com\/es\/wp-json\/wp\/v2\/users\/21"}],"replies":[{"embeddable":true,"href":"https:\/\/www.electroluxprofessional.com\/es\/wp-json\/wp\/v2\/comments?post=12706"}],"version-history":[{"count":10,"href":"https:\/\/www.electroluxprofessional.com\/es\/wp-json\/wp\/v2\/pages\/12706\/revisions"}],"predecessor-version":[{"id":26009,"href":"https:\/\/www.electroluxprofessional.com\/es\/wp-json\/wp\/v2\/pages\/12706\/revisions\/26009"}],"up":[{"embeddable":true,"href":"https:\/\/www.electroluxprofessional.com\/es\/wp-json\/wp\/v2\/pages\/4096"}],"wp:featuredmedia":[{"embeddable":true,"href":"https:\/\/www.electroluxprofessional.com\/es\/wp-json\/wp\/v2\/media\/2674"}],"wp:attachment":[{"href":"https:\/\/www.electroluxprofessional.com\/es\/wp-json\/wp\/v2\/media?parent=12706"}],"curies":[{"name":"wp","href":"https:\/\/api.w.org\/{rel}","templated":true}]}}