{"id":12704,"date":"2020-10-22T12:16:04","date_gmt":"2020-10-22T12:16:04","guid":{"rendered":"https:\/\/www.electroluxprofessional.com\/?page_id=31502"},"modified":"2024-10-16T09:12:05","modified_gmt":"2024-10-16T09:12:05","slug":"lavavajillas-rack-type-aclarado-unico","status":"publish","type":"page","link":"https:\/\/www.electroluxprofessional.com\/es\/lavavajillas-rack-type-aclarado-unico\/","title":{"rendered":"Lavavajillas Rack Type green&#038;clean con aclarado \u00fanico"},"content":{"rendered":"<p>[vc_row full_width=&#8221;electroluxpro-full-width-no-padding&#8221;][vc_column][vc_single_image image=&#8221;12699&#8243; img_size=&#8221;full&#8221; alignment=&#8221;center&#8221;][\/vc_column][\/vc_row][vc_row css=&#8221;.vc_custom_1584873188665{background-color: #f7f7f7 !important;}&#8221; el_id=&#8221;single rinse&#8221;][vc_column][vc_empty_space height=&#8221;64px&#8221;][elx_heading font_container=&#8221;h1&#8243; font_size=&#8221;h1&#8243; text_color=&#8221;inherit&#8221; text_align=&#8221;text-center&#8221;]Lavavajillas Rack Type green&amp;clean con aclarado \u00fanico<br \/>\n(100 cestos\/hora)[\/elx_heading][vc_empty_space height=&#8221;64px&#8221;][\/vc_column][\/vc_row][vc_row][vc_column width=&#8221;1\/2&#8243;][vc_empty_space height=&#8221;64px&#8221;][vc_column_text]El lavavajillas Rack Type <strong>green&amp;clean con aclarado \u00fanico <\/strong>ofrece excelencia en rendimiento, ahorro y facilidad de uso con una soluci\u00f3n compacta. <strong>Personaliza<\/strong>\u00a0tu lavavajillas Rack Type green&amp;clean con aclarado \u00fanico a\u00f1adiendo diversas opciones y actualizaciones cuando lo desees, incluso en el lugar de trabajo.[\/vc_column_text][elx_heading font_container=&#8221;h3&#8243; text_color=&#8221;inherit&#8221;]Aumento de beneficios superior al +36%[\/elx_heading][vc_empty_space][vc_column_text]<strong>Ahorra 3.530\u20ac al a\u00f1o<\/strong> con el innovador m\u00f3dulo de aclarado green&amp;clean, que consume menos agua, electricidad, detergente y abrillantador.[\/vc_column_text][vc_empty_space][vc_row_inner][vc_column_inner width=&#8221;1\/3&#8243;][vc_single_image image=&#8221;4181&#8243; img_size=&#8221;100&#215;100&#8243;][vc_column_text]Ahorra el 53% de agua con el uso de solo 1,5 litros\/cesto.[\/vc_column_text][\/vc_column_inner][vc_column_inner width=&#8221;1\/3&#8243;][vc_single_image image=&#8221;4182&#8243; img_size=&#8221;100&#215;100&#8243;][vc_column_text]Reduce un 19% el consumo de energ\u00eda.[\/vc_column_text][\/vc_column_inner][vc_column_inner width=&#8221;1\/3&#8243;][vc_single_image image=&#8221;4183&#8243; img_size=&#8221;100&#215;100&#8243;][vc_column_text]Utiliza un 53% menos de detergente y abrillantador[\/vc_column_text][\/vc_column_inner][\/vc_row_inner][vc_empty_space height=&#8221;64px&#8221;][vc_column_text]<span style=\"font-size: small;\">Electrolux Professional Lab se encarga de calcular el ahorro de costes y cuenta con la certificaci\u00f3n de UL e Intertek.Comparaci\u00f3n obtenida entre un lavavajillas Rack Type green&amp;clean y un lavavajillas convencional equivalente que utiliza 300 l\/hora por aclarado a una temperatura de entrada de 10 \u00b0C.En un restaurante que sirve 200 comidas cada hora punta en un periodo de 360 d\u00edas.<\/span>[\/vc_column_text][\/vc_column][vc_column width=&#8221;1\/2&#8243;][vc_empty_space height=&#8221;64px&#8221;][elx_image_block background_image=&#8221;10599&#8243; minimum_height=&#8221;350px&#8221;][vc_empty_space height=&#8221;16px&#8221;][elx_heading font_container=&#8221;h3&#8243; text_color=&#8221;inherit&#8221;]App OnE, tu aliado personal digital[\/elx_heading][vc_empty_space height=&#8221;16px&#8221;][vc_column_text]<strong>App OnE Connected<\/strong>, la nueva plataforma web avanzada de Electrolux Professional monitoriza tu trabajo 24\/7 y te ayuda a crear la <strong>configuraci\u00f3n adecuada para tu zona de lavado<\/strong>. One Connected te ofrece informaci\u00f3n para ayudarte a organizar mejor el personal y a <a href=\"https:\/\/www.electroluxprofessional.com\/es\/flujo-de-trabajo-en-las-cocinas-comerciales\/\">optimizar tu flujo de trabajo<\/a>, evitando as\u00ed las horas muertas.[\/vc_column_text][vc_empty_space][vc_row_inner][vc_column_inner width=&#8221;1\/2&#8243; matched_labels_action=&#8221;hide&#8221;][elx_download_block text=&#8221;Descargar Lavavajillas<br \/>\nSingle&amp;Dual Rinse Rack Type&#8221; document_type=&#8221;brochures&#8221; background_color=&#8221;electrolux-blue&#8221; background_image=&#8221;4173&#8243; br_document_number=&#8221;BR-9JE00164&#8243;][\/vc_column_inner][vc_column_inner width=&#8221;1\/2&#8243;][elx_download_block text=&#8221;Download<br \/>\nWater Treatment Solution Brochure&#8221; document_type=&#8221;leaflets&#8221; background_color=&#8221;electrolux-blue&#8221; le_document_number=&#8221;CLF-9JER12&#8243; background_image=&#8221;12702&#8243;][\/vc_column_inner][\/vc_row_inner][\/vc_column][\/vc_row][vc_row][vc_column width=&#8221;1\/4&#8243;][elx_heading text_color=&#8221;inherit&#8221;]Limpieza f\u00e1cil,<br \/>\ninstalaci\u00f3n r\u00e1pida[\/elx_heading][vc_empty_space][vc_column_text]Solo necesitar\u00e1s <strong>10 minutos<\/strong> al d\u00eda para ocuparte de tu lavavajillas Rack Type green&amp;clean con aclarado \u00fanico.\u00a0Adem\u00e1s, la configuraci\u00f3n segura es r\u00e1pida gracias a la facilidad de las conexiones externas (agua, electricidad y productos qu\u00edmicos).[\/vc_column_text][\/vc_column][vc_column width=&#8221;3\/4&#8243;][elx_video_block background_image=&#8221;12967&#8243; video_link=&#8221;https:\/\/www.youtube.com\/embed\/WqSYP13B0LE&#8221; minimum_height=&#8221;400px&#8221;][\/vc_column][\/vc_row][vc_row][vc_column][elx_heading font_container=&#8221;h3&#8243; text_color=&#8221;inherit&#8221;]Sigue lavando, sin interrupciones[\/elx_heading][\/vc_column][\/vc_row][vc_row][vc_column width=&#8221;1\/6&#8243;][vc_empty_space][vc_single_image image=&#8221;10603&#8243; img_size=&#8221;120&#215;120&#8243; alignment=&#8221;right&#8221;][\/vc_column][vc_column width=&#8221;1\/2&#8243;][vc_empty_space][vc_column_text]Gracias al modo backup autom\u00e1tico Non-Stop podr\u00e1s continuar con el lavado aunque algo falle.\u00a0<strong>No m\u00e1s tiempo de inactividad<\/strong> ni lavados a mano mientras llega el servicio t\u00e9cnico.[\/vc_column_text][\/vc_column][vc_column width=&#8221;1\/3&#8243;][vc_single_image image=&#8221;10604&#8243; img_size=&#8221;medium&#8221; alignment=&#8221;right&#8221;][vc_empty_space][\/vc_column][\/vc_row][vc_row css=&#8221;.vc_custom_1596572586815{background-color: #f4f4f4 !important;}&#8221;][vc_column][vc_empty_space height=&#8221;16px&#8221;][elx_heading font_size=&#8221;h1&#8243; text_color=&#8221;inherit&#8221; text_align=&#8221;text-center&#8221;]Descubre el resto de nuestra gama Rack Type:<br \/>\nAclarado Doble y Multiaclarado[\/elx_heading][vc_empty_space][\/vc_column][\/vc_row][vc_row][vc_column reveal_effect=&#8221;&#8221; css_animation=&#8221;none&#8221; width=&#8221;1\/2&#8243;][elx_heading text_color=&#8221;inherit&#8221; text_align=&#8221;text-center&#8221;]Aclarado doble<br \/>\nde 150 a 250 cestos\/hora[\/elx_heading][vc_single_image image=&#8221;12700&#8243; img_size=&#8221;full&#8221; alignment=&#8221;center&#8221; css_animation=&#8221;none&#8221;][vc_column_text]Los nuevos <strong>lavavajillas Rack Type green&amp;clean con aclarado doble<\/strong> garantizan uno de los costes de funcionamiento m\u00e1s bajos de su tipo y resultados uniformes carga tras carga. El ejemplo perfecto de sostenibilidad, fiabilidad y facilidad de uso.[\/vc_column_text][vc_empty_space][elx_button button_text=&#8221;Descubre Dual Rinse Rack Type&#8221; button_display_block=&#8221;display_block_on&#8221; button_alignment=&#8221;align_center&#8221; button_link=&#8221;url:https%3A%2F%2Fwww.electroluxprofessional.com%2Fes%2Flavavajillas-rack-type-aclarado-doble%2F|title:Dual%20Rinse%20Rack%20Type%20Dishwashers&#8221;][vc_empty_space][\/vc_column][vc_column reveal_effect=&#8221;&#8221; width=&#8221;1\/2&#8243;][elx_heading text_color=&#8221;inherit&#8221; text_align=&#8221;text-center&#8221;]Multiaclarado<br \/>\nde 150 a 300 cestos\/hora[\/elx_heading][vc_single_image image=&#8221;12701&#8243; img_size=&#8221;full&#8221; alignment=&#8221;center&#8221;][vc_column_text]Con el nuevo lavavajillas Rack Type <strong>green&amp;clean<\/strong> de <strong>multiaclarado, un vaso de agua es todo lo que necesitas para limpiar y desinfectar un cesto lleno de platos sucios.<\/strong> Este lavavajillas Rack Type tiene capacidad para 150 a 300 cestos\/hora.[\/vc_column_text][vc_empty_space][elx_button button_text=&#8221;Descubre Multi Rinse Rack Type&#8221; button_display_block=&#8221;display_block_on&#8221; button_alignment=&#8221;align_center&#8221; button_link=&#8221;url:https%3A%2F%2Fwww.electroluxprofessional.com%2Fes%2Flavavajillas-rack-type-multiaclarado%2F|title:Multi%20Rinse%20Rack%20Type%20Dishwashers&#8221;][vc_empty_space][\/vc_column][\/vc_row][vc_row css=&#8221;.vc_custom_1570022648665{background-color: #eeeeee !important;}&#8221; el_id=&#8221;accessories and consumables&#8221;][vc_column][vc_empty_space][elx_heading text_color=&#8221;inherit&#8221; text_align=&#8221;text-left&#8221;]Accesorios para lavavajillas Rack Type[\/elx_heading][vc_empty_space][\/vc_column][\/vc_row][vc_row css=&#8221;.vc_custom_1570022662951{background-color: #eeeeee !important;}&#8221;][vc_column width=&#8221;1\/3&#8243;][vc_single_image image=&#8221;10607&#8243; img_size=&#8221;full&#8221;][vc_empty_space][\/vc_column][vc_column width=&#8221;1\/6&#8243;][vc_single_image image=&#8221;10608&#8243; img_size=&#8221;90&#215;90&#8243;][vc_column_text]Cestos para cristaler\u00eda[\/vc_column_text][vc_single_image image=&#8221;10609&#8243; img_size=&#8221;90&#215;90&#8243;][vc_column_text]Portacubiertos y\u00a0portautensilios[\/vc_column_text][\/vc_column][vc_column width=&#8221;1\/6&#8243;][vc_single_image image=&#8221;10610&#8243; img_size=&#8221;90&#215;90&#8243;][vc_column_text]Cestos para platos[\/vc_column_text][vc_single_image image=&#8221;10611&#8243; img_size=&#8221;90&#215;90&#8243;][vc_column_text]Cestos para bandejas[\/vc_column_text][\/vc_column][vc_column width=&#8221;1\/3&#8243;][vc_empty_space][elx_download_block text=&#8221;Download<br \/>\nAccessories and Consumables catalogue&#8221; file_picker=&#8221;24892&#8243; background_color=&#8221;electrolux-blue&#8221; background_image=&#8221;12703&#8243;][\/vc_column][\/vc_row][vc_row][vc_column][vc_empty_space][elx_heading text_color=&#8221;inherit&#8221; text_align=&#8221;text-left&#8221;]Ponte en contacto con nosotros para recibir m\u00e1s informaci\u00f3n sobre los lavavajillas Rack Type green&amp;clean[\/elx_heading][elx_o2000_contact_us s=&#8221;Request of information about Rack Type Dishwasher&#8221; container=&#8221;elxcontactus1485360056&#8243; r=&#8221;I would like to find out more about Rack Type Dishwasher. Please get in touch with me.&#8221;][\/vc_column][\/vc_row][vc_row][vc_column][vc_empty_space height=&#8221;22px&#8221;][elx_heading text_color=&#8221;inherit&#8221;]Equipos de lavavajillas[\/elx_heading][\/vc_column][\/vc_row][vc_row el_id=&#8221;products&#8221;][vc_column][\/vc_column][\/vc_row][vc_row][vc_column][vc_column_text][\/vc_column_text][\/vc_column][\/vc_row][vc_row][vc_column width=&#8221;1\/3&#8243;][vc_empty_space][\/vc_column][vc_column width=&#8221;1\/3&#8243;][vc_empty_space][vc_single_image image=&#8221;12122&#8243; img_size=&#8221;300*300&#8243; alignment=&#8221;center&#8221;][vc_column_text]<\/p>\n<p style=\"text-align: center;\">Nuestro equipo, a tu servicio. En cualquier momento, en cualquier lugar<\/p>\n<p>[\/vc_column_text][vc_empty_space][\/vc_column][vc_column width=&#8221;1\/3&#8243;][\/vc_column][\/vc_row][vc_row][vc_column][vc_column_text][\/vc_column_text][\/vc_column][\/vc_row][vc_row css=&#8221;.vc_custom_1523543977412{background-color: #041e41 !important;}&#8221;][vc_column width=&#8221;1\/3&#8243;][vc_empty_space][elx_heading text_color=&#8221;white&#8221;]<span style=\"color: #ffffff;\">Descubre Essentia<\/span>[\/elx_heading][vc_column_text]<span style=\"color: #ffffff;\">Ofrece la asistencia que necesitas y se ocupa de los procesos a trav\u00e9s de una red de servicios fiable, una gama de servicios exclusivos a medida y una tecnolog\u00eda innovadora.<\/span>[\/vc_column_text][\/vc_column][vc_column width=&#8221;1\/3&#8243;][vc_empty_space][elx_heading text_color=&#8221;white&#8221;]Contratos de servicio[\/elx_heading][vc_column_text]<span style=\"color: #ffffff;\">Elige entre contratos flexibles y a medida. Reduce los tiempos de inactividad de tu negocio, manteniendo un rendimiento m\u00e1ximo.<\/span>[\/vc_column_text][\/vc_column][vc_column width=&#8221;1\/3&#8243;][vc_empty_space][elx_heading text_color=&#8221;white&#8221;]<span style=\"color: #ffffff;\">El coraz\u00f3n de OnE<\/span>[\/elx_heading][vc_column_text]<span style=\"color: #ffffff;\">Un exclusivo partner de confianza para todas<br \/>\ntus operaciones relacionadas con alimentaci\u00f3n, bebidas y lavander\u00eda. Desde la planificaci\u00f3n y la instalaci\u00f3n, hasta la formaci\u00f3n personalizada y el servicio espec\u00edfico. Con The OnE optimizamos el flujo de trabajo y evitamos interrupciones para incrementar tu productividad y rendimiento.<br \/>\n<\/span>[\/vc_column_text][\/vc_column][\/vc_row][vc_row][vc_column][vc_column_text][\/vc_column_text][\/vc_column][\/vc_row][vc_row css=&#8221;.vc_custom_1523543977412{background-color: #041e41 !important;}&#8221;][vc_column width=&#8221;1\/3&#8243;][vc_empty_space][elx_button button_text=&#8221;Accesorios and Consumibles&#8221; button_link=&#8221;url:https%3A%2F%2Fwww.electroluxprofessional.com%2Fmodular-cooking%2F|title:Service%20agreements&#8221;][\/vc_column][vc_column width=&#8221;1\/3&#8243;][vc_empty_space][elx_button button_text=&#8221;ELEVATE TUS ESTANDARD&#8221; button_link=&#8221;url:https%3A%2F%2Fwww.electroluxprofessional.com%2Fes%2Fcustomer-care%2F|title:Service%20agreements||&#8221;][\/vc_column][vc_column width=&#8221;1\/3&#8243;][vc_empty_space][elx_button button_text=&#8221;Descubre OnE&#8221; button_link=&#8221;url:https%3A%2F%2Fwww.electroluxprofessional.com%2Fes%2Fsupporting-customer-through-the-coronavirus-crisis%2F|title:Service%20agreements||&#8221;][\/vc_column][\/vc_row][vc_row css=&#8221;.vc_custom_1523543977412{background-color: #041e41 !important;}&#8221;][vc_column][vc_empty_space][vc_column_text]<\/p>\n<p style=\"text-align: center;\"><span style=\"color: #ffffff;\"><strong>Electrolux Professional es el partner de confianza The OnE que hace tu vida laboral<br \/>\ncada d\u00eda m\u00e1s f\u00e1cil, m\u00e1s rentable y realmente sostenible.<\/strong><\/span>[\/vc_column_text][vc_empty_space][vc_single_image image=&#8221;11975&#8243; img_size=&#8221;150&#215;150&#8243; alignment=&#8221;center&#8221;][vc_empty_space][\/vc_column][\/vc_row][vc_row][vc_column][vc_column_text][\/vc_column_text][\/vc_column][\/vc_row][vc_row css=&#8221;.vc_custom_1518607985769{background-color: #eeeeee !important;}&#8221;][vc_column][elx_heading text_color=&#8221;inherit&#8221; text_align=&#8221;text-left&#8221;]Encuentra tu soluci\u00f3n completa[\/elx_heading][\/vc_column][\/vc_row][vc_row css=&#8221;.vc_custom_1518607993347{background-color: #eeeeee !important;}&#8221;][vc_column width=&#8221;1\/3&#8243;][elx_maylike_box id_box=&#8221;3888&#8243;][\/vc_column][vc_column width=&#8221;1\/3&#8243;][elx_maylike_box id_box=&#8221;4073&#8243;][\/vc_column][vc_column width=&#8221;1\/3&#8243;][elx_maylike_box id_box=&#8221;9323&#8243;][\/vc_column][\/vc_row]<\/p>\n","protected":false},"excerpt":{"rendered":"<p>[vc_row full_width=&#8221;electroluxpro-full-width-no-padding&#8221;][vc_column][vc_single_image image=&#8221;12699&#8243; img_size=&#8221;full&#8221; alignment=&#8221;center&#8221;][\/vc_column][\/vc_row][vc_row css=&#8221;.vc_custom_1584873188665{background-color: #f7f7f7 !important;}&#8221; el_id=&#8221;single rinse&#8221;][vc_column][vc_empty_space height=&#8221;64px&#8221;][elx_heading font_container=&#8221;h1&#8243; font_size=&#8221;h1&#8243; text_color=&#8221;inherit&#8221; text_align=&#8221;text-center&#8221;]Lavavajillas Rack Type green&amp;clean con aclarado \u00fanico (100 cestos\/hora)[\/elx_heading][vc_empty_space height=&#8221;64px&#8221;][\/vc_column][\/vc_row][vc_row][vc_column width=&#8221;1\/2&#8243;][vc_empty_space height=&#8221;64px&#8221;][vc_column_text]El lavavajillas Rack Type green&amp;clean con aclarado \u00fanico ofrece excelencia en rendimiento, ahorro y facilidad de uso con una soluci\u00f3n compacta. Personaliza\u00a0tu lavavajillas Rack Type green&amp;clean con aclarado \u00fanico a\u00f1adiendo [&hellip;]<\/p>\n","protected":false},"author":21,"featured_media":12698,"parent":0,"menu_order":0,"comment_status":"closed","ping_status":"closed","template":"","meta":{"footnotes":""},"class_list":["post-12704","page","type-page","status-publish","has-post-thumbnail","hentry"],"acf":[],"yoast_head":"<!-- This site is optimized with the Yoast SEO plugin v23.4 - https:\/\/yoast.com\/wordpress\/plugins\/seo\/ -->\n<title>Lavavajillas Rack Type green&amp;clean con aclarado \u00fanico - Electrolux Professional Espa\u00f1a<\/title>\n<meta name=\"description\" content=\"Electrolux Professional te trae los lavavajillas single rinse rack type. Soluciones profesionales de Electrolux Espa\u00f1a para tu negocio \u00a1inf\u00f3rmate!\" \/>\n<meta name=\"robots\" content=\"index, follow, max-snippet:-1, max-image-preview:large, max-video-preview:-1\" \/>\n<link rel=\"canonical\" href=\"https:\/\/www.electroluxprofessional.com\/es\/lavavajillas-rack-type-aclarado-unico\/\" \/>\n<meta property=\"og:locale\" content=\"es_ES\" \/>\n<meta property=\"og:type\" content=\"article\" \/>\n<meta property=\"og:title\" content=\"Lavavajillas Rack Type green&amp;clean con aclarado \u00fanico - Electrolux Professional Espa\u00f1a\" \/>\n<meta property=\"og:description\" content=\"Electrolux Professional te trae los lavavajillas single rinse rack type. Soluciones profesionales de Electrolux Espa\u00f1a para tu negocio \u00a1inf\u00f3rmate!\" \/>\n<meta property=\"og:url\" content=\"https:\/\/www.electroluxprofessional.com\/es\/lavavajillas-rack-type-aclarado-unico\/\" \/>\n<meta property=\"og:site_name\" content=\"Electrolux Professional Espa\u00f1a\" \/>\n<meta property=\"article:modified_time\" content=\"2024-10-16T09:12:05+00:00\" \/>\n<meta property=\"og:image\" content=\"https:\/\/www.electroluxprofessional.com\/es\/wp-content\/uploads\/2020\/10\/banner-racktype-2000x350-11.jpg\" \/>\n\t<meta property=\"og:image:width\" content=\"2000\" \/>\n\t<meta property=\"og:image:height\" content=\"349\" \/>\n\t<meta property=\"og:image:type\" content=\"image\/jpeg\" \/>\n<meta name=\"twitter:card\" content=\"summary_large_image\" \/>\n<meta name=\"twitter:label1\" content=\"Tiempo de lectura\" \/>\n\t<meta name=\"twitter:data1\" content=\"4 minutos\" \/>\n<script type=\"application\/ld+json\" class=\"yoast-schema-graph\">{\"@context\":\"https:\/\/schema.org\",\"@graph\":[{\"@type\":\"WebPage\",\"@id\":\"https:\/\/www.electroluxprofessional.com\/es\/lavavajillas-rack-type-aclarado-unico\/\",\"url\":\"https:\/\/www.electroluxprofessional.com\/es\/lavavajillas-rack-type-aclarado-unico\/\",\"name\":\"Lavavajillas Rack Type green&clean con aclarado \u00fanico - Electrolux Professional Espa\u00f1a\",\"isPartOf\":{\"@id\":\"https:\/\/www.electroluxprofessional.com\/es\/#website\"},\"primaryImageOfPage\":{\"@id\":\"https:\/\/www.electroluxprofessional.com\/es\/lavavajillas-rack-type-aclarado-unico\/#primaryimage\"},\"image\":{\"@id\":\"https:\/\/www.electroluxprofessional.com\/es\/lavavajillas-rack-type-aclarado-unico\/#primaryimage\"},\"thumbnailUrl\":\"https:\/\/www.electroluxprofessional.com\/es\/wp-content\/uploads\/2020\/10\/banner-racktype-2000x350-11.jpg\",\"datePublished\":\"2020-10-22T12:16:04+00:00\",\"dateModified\":\"2024-10-16T09:12:05+00:00\",\"description\":\"Electrolux Professional te trae los lavavajillas single rinse rack type. Soluciones profesionales de Electrolux Espa\u00f1a para tu negocio \u00a1inf\u00f3rmate!\",\"breadcrumb\":{\"@id\":\"https:\/\/www.electroluxprofessional.com\/es\/lavavajillas-rack-type-aclarado-unico\/#breadcrumb\"},\"inLanguage\":\"es\",\"potentialAction\":[{\"@type\":\"ReadAction\",\"target\":[\"https:\/\/www.electroluxprofessional.com\/es\/lavavajillas-rack-type-aclarado-unico\/\"]}]},{\"@type\":\"ImageObject\",\"inLanguage\":\"es\",\"@id\":\"https:\/\/www.electroluxprofessional.com\/es\/lavavajillas-rack-type-aclarado-unico\/#primaryimage\",\"url\":\"https:\/\/www.electroluxprofessional.com\/es\/wp-content\/uploads\/2020\/10\/banner-racktype-2000x350-11.jpg\",\"contentUrl\":\"https:\/\/www.electroluxprofessional.com\/es\/wp-content\/uploads\/2020\/10\/banner-racktype-2000x350-11.jpg\",\"width\":2000,\"height\":349,\"caption\":\"banner-racktype-2000x350-1[1]\"},{\"@type\":\"BreadcrumbList\",\"@id\":\"https:\/\/www.electroluxprofessional.com\/es\/lavavajillas-rack-type-aclarado-unico\/#breadcrumb\",\"itemListElement\":[{\"@type\":\"ListItem\",\"position\":1,\"name\":\"Home\",\"item\":\"https:\/\/www.electroluxprofessional.com\/es\/\"},{\"@type\":\"ListItem\",\"position\":2,\"name\":\"Lavavajillas Rack Type green&#038;clean con aclarado \u00fanico\"}]},{\"@type\":\"WebSite\",\"@id\":\"https:\/\/www.electroluxprofessional.com\/es\/#website\",\"url\":\"https:\/\/www.electroluxprofessional.com\/es\/\",\"name\":\"Electrolux Professional Espa\u00f1a\",\"description\":\"Equipamiento cocinas profesionales y lavander\u00edas comerciales. Excelencia en el suministro de soluciones profesionales.\",\"potentialAction\":[{\"@type\":\"SearchAction\",\"target\":{\"@type\":\"EntryPoint\",\"urlTemplate\":\"https:\/\/www.electroluxprofessional.com\/es\/?src={search_term_string}\"},\"query-input\":{\"@type\":\"PropertyValueSpecification\",\"valueRequired\":true,\"valueName\":\"search_term_string\"}}],\"inLanguage\":\"es\"}]}<\/script>\n<!-- \/ Yoast SEO plugin. -->","yoast_head_json":{"title":"Lavavajillas Rack Type green&clean con aclarado \u00fanico - Electrolux Professional Espa\u00f1a","description":"Electrolux Professional te trae los lavavajillas single rinse rack type. Soluciones profesionales de Electrolux Espa\u00f1a para tu negocio \u00a1inf\u00f3rmate!","robots":{"index":"index","follow":"follow","max-snippet":"max-snippet:-1","max-image-preview":"max-image-preview:large","max-video-preview":"max-video-preview:-1"},"canonical":"https:\/\/www.electroluxprofessional.com\/es\/lavavajillas-rack-type-aclarado-unico\/","og_locale":"es_ES","og_type":"article","og_title":"Lavavajillas Rack Type green&clean con aclarado \u00fanico - Electrolux Professional Espa\u00f1a","og_description":"Electrolux Professional te trae los lavavajillas single rinse rack type. Soluciones profesionales de Electrolux Espa\u00f1a para tu negocio \u00a1inf\u00f3rmate!","og_url":"https:\/\/www.electroluxprofessional.com\/es\/lavavajillas-rack-type-aclarado-unico\/","og_site_name":"Electrolux Professional Espa\u00f1a","article_modified_time":"2024-10-16T09:12:05+00:00","og_image":[{"width":2000,"height":349,"url":"https:\/\/www.electroluxprofessional.com\/es\/wp-content\/uploads\/2020\/10\/banner-racktype-2000x350-11.jpg","type":"image\/jpeg"}],"twitter_card":"summary_large_image","twitter_misc":{"Tiempo de lectura":"4 minutos"},"schema":{"@context":"https:\/\/schema.org","@graph":[{"@type":"WebPage","@id":"https:\/\/www.electroluxprofessional.com\/es\/lavavajillas-rack-type-aclarado-unico\/","url":"https:\/\/www.electroluxprofessional.com\/es\/lavavajillas-rack-type-aclarado-unico\/","name":"Lavavajillas Rack Type green&clean con aclarado \u00fanico - Electrolux Professional Espa\u00f1a","isPartOf":{"@id":"https:\/\/www.electroluxprofessional.com\/es\/#website"},"primaryImageOfPage":{"@id":"https:\/\/www.electroluxprofessional.com\/es\/lavavajillas-rack-type-aclarado-unico\/#primaryimage"},"image":{"@id":"https:\/\/www.electroluxprofessional.com\/es\/lavavajillas-rack-type-aclarado-unico\/#primaryimage"},"thumbnailUrl":"https:\/\/www.electroluxprofessional.com\/es\/wp-content\/uploads\/2020\/10\/banner-racktype-2000x350-11.jpg","datePublished":"2020-10-22T12:16:04+00:00","dateModified":"2024-10-16T09:12:05+00:00","description":"Electrolux Professional te trae los lavavajillas single rinse rack type. Soluciones profesionales de Electrolux Espa\u00f1a para tu negocio \u00a1inf\u00f3rmate!","breadcrumb":{"@id":"https:\/\/www.electroluxprofessional.com\/es\/lavavajillas-rack-type-aclarado-unico\/#breadcrumb"},"inLanguage":"es","potentialAction":[{"@type":"ReadAction","target":["https:\/\/www.electroluxprofessional.com\/es\/lavavajillas-rack-type-aclarado-unico\/"]}]},{"@type":"ImageObject","inLanguage":"es","@id":"https:\/\/www.electroluxprofessional.com\/es\/lavavajillas-rack-type-aclarado-unico\/#primaryimage","url":"https:\/\/www.electroluxprofessional.com\/es\/wp-content\/uploads\/2020\/10\/banner-racktype-2000x350-11.jpg","contentUrl":"https:\/\/www.electroluxprofessional.com\/es\/wp-content\/uploads\/2020\/10\/banner-racktype-2000x350-11.jpg","width":2000,"height":349,"caption":"banner-racktype-2000x350-1[1]"},{"@type":"BreadcrumbList","@id":"https:\/\/www.electroluxprofessional.com\/es\/lavavajillas-rack-type-aclarado-unico\/#breadcrumb","itemListElement":[{"@type":"ListItem","position":1,"name":"Home","item":"https:\/\/www.electroluxprofessional.com\/es\/"},{"@type":"ListItem","position":2,"name":"Lavavajillas Rack Type green&#038;clean con aclarado \u00fanico"}]},{"@type":"WebSite","@id":"https:\/\/www.electroluxprofessional.com\/es\/#website","url":"https:\/\/www.electroluxprofessional.com\/es\/","name":"Electrolux Professional Espa\u00f1a","description":"Equipamiento cocinas profesionales y lavander\u00edas comerciales. Excelencia en el suministro de soluciones profesionales.","potentialAction":[{"@type":"SearchAction","target":{"@type":"EntryPoint","urlTemplate":"https:\/\/www.electroluxprofessional.com\/es\/?src={search_term_string}"},"query-input":{"@type":"PropertyValueSpecification","valueRequired":true,"valueName":"search_term_string"}}],"inLanguage":"es"}]}},"_links":{"self":[{"href":"https:\/\/www.electroluxprofessional.com\/es\/wp-json\/wp\/v2\/pages\/12704"}],"collection":[{"href":"https:\/\/www.electroluxprofessional.com\/es\/wp-json\/wp\/v2\/pages"}],"about":[{"href":"https:\/\/www.electroluxprofessional.com\/es\/wp-json\/wp\/v2\/types\/page"}],"author":[{"embeddable":true,"href":"https:\/\/www.electroluxprofessional.com\/es\/wp-json\/wp\/v2\/users\/21"}],"replies":[{"embeddable":true,"href":"https:\/\/www.electroluxprofessional.com\/es\/wp-json\/wp\/v2\/comments?post=12704"}],"version-history":[{"count":25,"href":"https:\/\/www.electroluxprofessional.com\/es\/wp-json\/wp\/v2\/pages\/12704\/revisions"}],"predecessor-version":[{"id":20522,"href":"https:\/\/www.electroluxprofessional.com\/es\/wp-json\/wp\/v2\/pages\/12704\/revisions\/20522"}],"wp:featuredmedia":[{"embeddable":true,"href":"https:\/\/www.electroluxprofessional.com\/es\/wp-json\/wp\/v2\/media\/12698"}],"wp:attachment":[{"href":"https:\/\/www.electroluxprofessional.com\/es\/wp-json\/wp\/v2\/media?parent=12704"}],"curies":[{"name":"wp","href":"https:\/\/api.w.org\/{rel}","templated":true}]}}