{"id":1256,"date":"2017-01-17T16:13:03","date_gmt":"2017-01-17T16:13:03","guid":{"rendered":"https:\/\/www.electroluxprofessional.com\/es\/?page_id=1256"},"modified":"2025-07-23T08:36:54","modified_gmt":"2025-07-23T08:36:54","slug":"equipamiento-lavanderia-comercial","status":"publish","type":"page","link":"https:\/\/www.electroluxprofessional.com\/es\/equipamiento-lavanderia-comercial\/","title":{"rendered":"Equipamiento de Lavander\u00eda"},"content":{"rendered":"<p>[vc_row][vc_column][elx_heading font_container=&#8221;h1&#8243; font_size=&#8221;h3&#8243; text_color=&#8221;inherit&#8221;]Equipamiento de lavander\u00eda comercial[\/elx_heading][vc_column_text]Electrolux Professional desarrolla las <strong>soluciones de Lavander\u00eda comercial<\/strong> m\u00e1s sostenibles y flexibles del mundo usando la percepci\u00f3n del cliente para mejorar la funcionalidad, productividad y ergonom\u00eda.[\/vc_column_text][\/vc_column][\/vc_row][vc_row content_placement=&#8221;middle&#8221;][vc_column][vc_empty_space height=&#8221;80px&#8221;][elx_button button_text=&#8221;Contacta con nosotros&#8221; button_display_block=&#8221;display_block_on&#8221; button_alignment=&#8221;align_center&#8221; button_alignment_mobile=&#8221;text-center-mobile&#8221; button_link=&#8221;url:%23contact&#8221;][vc_empty_space height=&#8221;80px&#8221;][\/vc_column][\/vc_row][vc_row][vc_column width=&#8221;1\/4&#8243;][elx_navigation_branch title_link=&#8221;title-linkable&#8221; image=&#8221;23225&#8243; menu_list=&#8221;19148&#8243;][\/vc_column][vc_column width=&#8221;1\/4&#8243;][elx_navigation_branch image=&#8221;21925&#8243; menu_list=&#8221;19151&#8243;][\/vc_column][vc_column width=&#8221;1\/4&#8243;][elx_navigation_branch image=&#8221;21931&#8243; menu_list=&#8221;19157&#8243;][\/vc_column][vc_column width=&#8221;1\/4&#8243;][elx_navigation_branch image=&#8221;21929&#8243; menu_list=&#8221;19164&#8243;][\/vc_column][\/vc_row][vc_row][vc_column][vc_empty_space height=&#8221;80px&#8221;][\/vc_column][\/vc_row][vc_row][vc_column width=&#8221;1\/4&#8243;][elx_navigation_branch title_link=&#8221;title-linkable&#8221; image=&#8221;21928&#8243; menu_list=&#8221;19166&#8243;][\/vc_column][vc_column width=&#8221;1\/4&#8243;][elx_navigation_branch image=&#8221;21924&#8243; menu_list=&#8221;19167&#8243;][\/vc_column][vc_column width=&#8221;1\/4&#8243;][elx_navigation_branch image=&#8221;18595&#8243; menu_list=&#8221;19172&#8243;][\/vc_column][vc_column width=&#8221;1\/4&#8243;][elx_navigation_branch title_link=&#8221;title-linkable&#8221; image=&#8221;21922&#8243; menu_list=&#8221;23370&#8243;][\/vc_column][\/vc_row][vc_row][vc_column][vc_empty_space height=&#8221;80px&#8221;][\/vc_column][\/vc_row][vc_row][vc_column width=&#8221;1\/4&#8243;][elx_navigation_branch title_link=&#8221;title-linkable&#8221; image=&#8221;21923&#8243; menu_list=&#8221;23191&#8243;][\/vc_column][vc_column width=&#8221;1\/4&#8243;][elx_navigation_branch image=&#8221;21926&#8243; menu_list=&#8221;19188&#8243;][\/vc_column][vc_column width=&#8221;1\/4&#8243;][\/vc_column][vc_column width=&#8221;1\/4&#8243;][\/vc_column][\/vc_row][vc_row][vc_column][vc_empty_space height=&#8221;70px&#8221;][elx_heading font_size=&#8221;h3&#8243; text_color=&#8221;inherit&#8221; text_align=&#8221;text-center&#8221;]Conoce mejor nuestras soluciones de lavander\u00eda comercial[\/elx_heading][elx_o2000_contact_us s=&#8221;Petici\u00f3n de informaci\u00f3n sobre soluciones de lavander\u00eda comercial&#8221; country=&#8221;Spain&#8221; b=&#8221;food&#8221; r=&#8221;Me gustar\u00eda tener m\u00e1s informaci\u00f3n sobre soluciones de lavander\u00eda comercial. Por favor, contacten conmigo.&#8221;][vc_empty_space height=&#8221;100px&#8221;][\/vc_column][\/vc_row][vc_row css=&#8221;.vc_custom_1751895899412{background-color: #eeeeee !important;}&#8221;][vc_column][elx_heading font_size=&#8221;h3&#8243; text_color=&#8221;inherit&#8221; text_align=&#8221;text-left&#8221;]Encuentra tu soluci\u00f3n completa[\/elx_heading][\/vc_column][\/vc_row][vc_row css=&#8221;.vc_custom_1751895907508{background-color: #eeeeee !important;}&#8221;][vc_column width=&#8221;1\/4&#8243;][elx_maylike_box id_box=&#8221;3888&#8243; hide_text=&#8221;self&#8221; link_target=&#8221;blank&#8221;][\/vc_column][vc_column width=&#8221;1\/4&#8243;][elx_maylike_box id_box=&#8221;9323&#8243; hide_text=&#8221;self&#8221; link_target=&#8221;blank&#8221;][\/vc_column][vc_column width=&#8221;1\/4&#8243;][elx_maylike_box id_box=&#8221;4073&#8243; hide_text=&#8221;self&#8221; link_target=&#8221;blank&#8221;][\/vc_column][vc_column width=&#8221;1\/4&#8243;][elx_maylike_box id_box=&#8221;7518&#8243; hide_text=&#8221;self&#8221; link_target=&#8221;blank&#8221;][\/vc_column][\/vc_row][vc_row css=&#8221;.vc_custom_1751896049382{background-color: #eeeeee !important;}&#8221;][vc_column][vc_empty_space][\/vc_column][\/vc_row]<\/p>\n","protected":false},"excerpt":{"rendered":"<p>[vc_row][vc_column][elx_heading font_container=&#8221;h1&#8243; font_size=&#8221;h3&#8243; text_color=&#8221;inherit&#8221;]Equipamiento de lavander\u00eda comercial[\/elx_heading][vc_column_text]Electrolux Professional desarrolla las soluciones de Lavander\u00eda comercial m\u00e1s sostenibles y flexibles del mundo usando la percepci\u00f3n del cliente para mejorar la funcionalidad, productividad y ergonom\u00eda.[\/vc_column_text][\/vc_column][\/vc_row][vc_row content_placement=&#8221;middle&#8221;][vc_column][vc_empty_space height=&#8221;80px&#8221;][elx_button button_text=&#8221;Contacta con nosotros&#8221; button_display_block=&#8221;display_block_on&#8221; button_alignment=&#8221;align_center&#8221; button_alignment_mobile=&#8221;text-center-mobile&#8221; button_link=&#8221;url:%23contact&#8221;][vc_empty_space height=&#8221;80px&#8221;][\/vc_column][\/vc_row][vc_row][vc_column width=&#8221;1\/4&#8243;][elx_navigation_branch title_link=&#8221;title-linkable&#8221; image=&#8221;23225&#8243; menu_list=&#8221;19148&#8243;][\/vc_column][vc_column width=&#8221;1\/4&#8243;][elx_navigation_branch image=&#8221;21925&#8243; menu_list=&#8221;19151&#8243;][\/vc_column][vc_column width=&#8221;1\/4&#8243;][elx_navigation_branch image=&#8221;21931&#8243; menu_list=&#8221;19157&#8243;][\/vc_column][vc_column width=&#8221;1\/4&#8243;][elx_navigation_branch image=&#8221;21929&#8243; menu_list=&#8221;19164&#8243;][\/vc_column][\/vc_row][vc_row][vc_column][vc_empty_space [&hellip;]<\/p>\n","protected":false},"author":3,"featured_media":0,"parent":0,"menu_order":0,"comment_status":"closed","ping_status":"closed","template":"","meta":{"footnotes":""},"class_list":["post-1256","page","type-page","status-publish","hentry"],"acf":[],"yoast_head":"<!-- This site is optimized with the Yoast SEO plugin v23.4 - https:\/\/yoast.com\/wordpress\/plugins\/seo\/ -->\n<title>Equipamiento de Lavander\u00eda - Electrolux Professional Espa\u00f1a<\/title>\n<meta name=\"description\" content=\"Soluciones de lavander\u00eda comercial que utilizan menos agua, energ\u00eda y detergente para que los ciclos de lavado y secado sean m\u00e1s eficientes.\" \/>\n<meta name=\"robots\" content=\"index, follow, max-snippet:-1, max-image-preview:large, max-video-preview:-1\" \/>\n<link rel=\"canonical\" href=\"https:\/\/www.electroluxprofessional.com\/es\/equipamiento-lavanderia-comercial\/\" \/>\n<meta property=\"og:locale\" content=\"es_ES\" \/>\n<meta property=\"og:type\" content=\"article\" \/>\n<meta property=\"og:title\" content=\"Equipamiento de Lavander\u00eda - Electrolux Professional Espa\u00f1a\" \/>\n<meta property=\"og:description\" content=\"Soluciones de lavander\u00eda comercial que utilizan menos agua, energ\u00eda y detergente para que los ciclos de lavado y secado sean m\u00e1s eficientes.\" \/>\n<meta property=\"og:url\" content=\"https:\/\/www.electroluxprofessional.com\/es\/equipamiento-lavanderia-comercial\/\" \/>\n<meta property=\"og:site_name\" content=\"Electrolux Professional Espa\u00f1a\" \/>\n<meta property=\"article:modified_time\" content=\"2025-07-23T08:36:54+00:00\" \/>\n<meta name=\"twitter:card\" content=\"summary_large_image\" \/>\n<meta name=\"twitter:label1\" content=\"Tiempo de lectura\" \/>\n\t<meta name=\"twitter:data1\" content=\"3 minutos\" \/>\n<script type=\"application\/ld+json\" class=\"yoast-schema-graph\">{\"@context\":\"https:\/\/schema.org\",\"@graph\":[{\"@type\":\"WebPage\",\"@id\":\"https:\/\/www.electroluxprofessional.com\/es\/equipamiento-lavanderia-comercial\/\",\"url\":\"https:\/\/www.electroluxprofessional.com\/es\/equipamiento-lavanderia-comercial\/\",\"name\":\"Equipamiento de Lavander\u00eda - Electrolux Professional Espa\u00f1a\",\"isPartOf\":{\"@id\":\"https:\/\/www.electroluxprofessional.com\/es\/#website\"},\"datePublished\":\"2017-01-17T16:13:03+00:00\",\"dateModified\":\"2025-07-23T08:36:54+00:00\",\"description\":\"Soluciones de lavander\u00eda comercial que utilizan menos agua, energ\u00eda y detergente para que los ciclos de lavado y secado sean m\u00e1s eficientes.\",\"breadcrumb\":{\"@id\":\"https:\/\/www.electroluxprofessional.com\/es\/equipamiento-lavanderia-comercial\/#breadcrumb\"},\"inLanguage\":\"es\",\"potentialAction\":[{\"@type\":\"ReadAction\",\"target\":[\"https:\/\/www.electroluxprofessional.com\/es\/equipamiento-lavanderia-comercial\/\"]}]},{\"@type\":\"BreadcrumbList\",\"@id\":\"https:\/\/www.electroluxprofessional.com\/es\/equipamiento-lavanderia-comercial\/#breadcrumb\",\"itemListElement\":[{\"@type\":\"ListItem\",\"position\":1,\"name\":\"Home\",\"item\":\"https:\/\/www.electroluxprofessional.com\/es\/\"},{\"@type\":\"ListItem\",\"position\":2,\"name\":\"Equipamiento de Lavander\u00eda\"}]},{\"@type\":\"WebSite\",\"@id\":\"https:\/\/www.electroluxprofessional.com\/es\/#website\",\"url\":\"https:\/\/www.electroluxprofessional.com\/es\/\",\"name\":\"Electrolux Professional Espa\u00f1a\",\"description\":\"Equipamiento cocinas profesionales y lavander\u00edas comerciales. Excelencia en el suministro de soluciones profesionales.\",\"potentialAction\":[{\"@type\":\"SearchAction\",\"target\":{\"@type\":\"EntryPoint\",\"urlTemplate\":\"https:\/\/www.electroluxprofessional.com\/es\/?src={search_term_string}\"},\"query-input\":{\"@type\":\"PropertyValueSpecification\",\"valueRequired\":true,\"valueName\":\"search_term_string\"}}],\"inLanguage\":\"es\"}]}<\/script>\n<!-- \/ Yoast SEO plugin. -->","yoast_head_json":{"title":"Equipamiento de Lavander\u00eda - Electrolux Professional Espa\u00f1a","description":"Soluciones de lavander\u00eda comercial que utilizan menos agua, energ\u00eda y detergente para que los ciclos de lavado y secado sean m\u00e1s eficientes.","robots":{"index":"index","follow":"follow","max-snippet":"max-snippet:-1","max-image-preview":"max-image-preview:large","max-video-preview":"max-video-preview:-1"},"canonical":"https:\/\/www.electroluxprofessional.com\/es\/equipamiento-lavanderia-comercial\/","og_locale":"es_ES","og_type":"article","og_title":"Equipamiento de Lavander\u00eda - Electrolux Professional Espa\u00f1a","og_description":"Soluciones de lavander\u00eda comercial que utilizan menos agua, energ\u00eda y detergente para que los ciclos de lavado y secado sean m\u00e1s eficientes.","og_url":"https:\/\/www.electroluxprofessional.com\/es\/equipamiento-lavanderia-comercial\/","og_site_name":"Electrolux Professional Espa\u00f1a","article_modified_time":"2025-07-23T08:36:54+00:00","twitter_card":"summary_large_image","twitter_misc":{"Tiempo de lectura":"3 minutos"},"schema":{"@context":"https:\/\/schema.org","@graph":[{"@type":"WebPage","@id":"https:\/\/www.electroluxprofessional.com\/es\/equipamiento-lavanderia-comercial\/","url":"https:\/\/www.electroluxprofessional.com\/es\/equipamiento-lavanderia-comercial\/","name":"Equipamiento de Lavander\u00eda - Electrolux Professional Espa\u00f1a","isPartOf":{"@id":"https:\/\/www.electroluxprofessional.com\/es\/#website"},"datePublished":"2017-01-17T16:13:03+00:00","dateModified":"2025-07-23T08:36:54+00:00","description":"Soluciones de lavander\u00eda comercial que utilizan menos agua, energ\u00eda y detergente para que los ciclos de lavado y secado sean m\u00e1s eficientes.","breadcrumb":{"@id":"https:\/\/www.electroluxprofessional.com\/es\/equipamiento-lavanderia-comercial\/#breadcrumb"},"inLanguage":"es","potentialAction":[{"@type":"ReadAction","target":["https:\/\/www.electroluxprofessional.com\/es\/equipamiento-lavanderia-comercial\/"]}]},{"@type":"BreadcrumbList","@id":"https:\/\/www.electroluxprofessional.com\/es\/equipamiento-lavanderia-comercial\/#breadcrumb","itemListElement":[{"@type":"ListItem","position":1,"name":"Home","item":"https:\/\/www.electroluxprofessional.com\/es\/"},{"@type":"ListItem","position":2,"name":"Equipamiento de Lavander\u00eda"}]},{"@type":"WebSite","@id":"https:\/\/www.electroluxprofessional.com\/es\/#website","url":"https:\/\/www.electroluxprofessional.com\/es\/","name":"Electrolux Professional Espa\u00f1a","description":"Equipamiento cocinas profesionales y lavander\u00edas comerciales. Excelencia en el suministro de soluciones profesionales.","potentialAction":[{"@type":"SearchAction","target":{"@type":"EntryPoint","urlTemplate":"https:\/\/www.electroluxprofessional.com\/es\/?src={search_term_string}"},"query-input":{"@type":"PropertyValueSpecification","valueRequired":true,"valueName":"search_term_string"}}],"inLanguage":"es"}]}},"_links":{"self":[{"href":"https:\/\/www.electroluxprofessional.com\/es\/wp-json\/wp\/v2\/pages\/1256"}],"collection":[{"href":"https:\/\/www.electroluxprofessional.com\/es\/wp-json\/wp\/v2\/pages"}],"about":[{"href":"https:\/\/www.electroluxprofessional.com\/es\/wp-json\/wp\/v2\/types\/page"}],"author":[{"embeddable":true,"href":"https:\/\/www.electroluxprofessional.com\/es\/wp-json\/wp\/v2\/users\/3"}],"replies":[{"embeddable":true,"href":"https:\/\/www.electroluxprofessional.com\/es\/wp-json\/wp\/v2\/comments?post=1256"}],"version-history":[{"count":57,"href":"https:\/\/www.electroluxprofessional.com\/es\/wp-json\/wp\/v2\/pages\/1256\/revisions"}],"predecessor-version":[{"id":23415,"href":"https:\/\/www.electroluxprofessional.com\/es\/wp-json\/wp\/v2\/pages\/1256\/revisions\/23415"}],"wp:attachment":[{"href":"https:\/\/www.electroluxprofessional.com\/es\/wp-json\/wp\/v2\/media?parent=1256"}],"curies":[{"name":"wp","href":"https:\/\/api.w.org\/{rel}","templated":true}]}}