{"id":12479,"date":"2020-09-29T14:22:41","date_gmt":"2020-09-29T14:22:41","guid":{"rendered":"https:\/\/www.electroluxprofessional.com\/?page_id=22294"},"modified":"2026-03-28T18:41:25","modified_gmt":"2026-03-28T18:41:25","slug":"helados-suaves","status":"publish","type":"page","link":"https:\/\/www.electroluxprofessional.com\/es\/soluciones-de-bebidas\/helados-suaves\/","title":{"rendered":"Helados Suaves"},"content":{"rendered":"<p>[vc_row full_width=&#8221;electroluxpro-full-width-no-padding&#8221;][vc_column][elx_image_block background_image=&#8221;10517&#8243; minimum_height=&#8221;350px&#8221;][vc_empty_space][\/vc_column][\/vc_row][vc_row][vc_column][elx_heading font_container=&#8221;h1&#8243; text_color=&#8221;electrolux-blue&#8221; text_align=&#8221;text-left&#8221;]M\u00e1quinas de Helado Suave Soft Serve[\/elx_heading][vc_column_text]Los dispensadores de helados suaves peque\u00f1os, silenciosos y potentes dar\u00e1n nuevo impulso a tu negocio.[\/vc_column_text][vc_empty_space][\/vc_column][\/vc_row][vc_row][vc_column width=&#8221;1\/3&#8243;][vc_single_image image=&#8221;12473&#8243; img_size=&#8221;&#8221; alignment=&#8221;center&#8221;][elx_heading font_container=&#8221;h3&#8243; font_size=&#8221;h3&#8243; text_color=&#8221;inherit&#8221; text_align=&#8221;text-center&#8221;]Rendimiento[\/elx_heading][vc_column_text]<\/p>\n<p style=\"text-align: center;\">El producto perfecto servido siempre en solo 10 minutos.<\/p>\n<p>[\/vc_column_text][\/vc_column][vc_column width=&#8221;1\/3&#8243;][vc_single_image image=&#8221;10519&#8243; img_size=&#8221;120&#215;120&#8243; alignment=&#8221;center&#8221;][elx_heading font_container=&#8221;h3&#8243; font_size=&#8221;h3&#8243; text_color=&#8221;inherit&#8221; text_align=&#8221;text-center&#8221;]Silencioso y compacto[\/elx_heading][vc_column_text]<\/p>\n<p style=\"text-align: center;\">Ideal para espacios reducidos.<\/p>\n<p>[\/vc_column_text][\/vc_column][vc_column width=&#8221;1\/3&#8243;][vc_empty_space][elx_download_block text=&#8221;Cat\u00e1logo Soluciones<br \/>\nde Bebidas&#8221; document_type=&#8221;brochures&#8221; link=&#8221;http:\/\/files.professional.electrolux.com\/docs\/?n=BR-9JE00131&amp;b=5&amp;l=1&#8243; background_color=&#8221;electrolux-blue&#8221; background_image=&#8221;10518&#8243; br_document_number=&#8221;BR-9JE00131&#8243;][\/vc_column][\/vc_row][vc_row][vc_column][vc_empty_space height=&#8221;15px&#8221;][vc_empty_space height=&#8221;15px&#8221;][\/vc_column][\/vc_row][vc_row css=&#8221;.vc_custom_1589897511672{background-color: #e8f0f7 !important;}&#8221;][vc_column css=&#8221;.vc_custom_1589897429056{border-radius: 1px !important;}&#8221;][vc_empty_space height=&#8221;12px&#8221;][elx_heading font_size=&#8221;h1&#8243; text_color=&#8221;inherit&#8221; text_align=&#8221;text-center&#8221;]Dispensadores compactos de helados suaves[\/elx_heading][vc_empty_space][\/vc_column][\/vc_row][vc_row][vc_column][vc_empty_space height=&#8221;15px&#8221;][vc_empty_space height=&#8221;15px&#8221;][\/vc_column][\/vc_row][vc_row][vc_column width=&#8221;1\/2&#8243;][elx_heading font_size=&#8221;h1&#8243; text_color=&#8221;electrolux-blue&#8221; text_align=&#8221;text-left&#8221;]Dispensadores de helados suaves, hasta 85 conos\/hora[\/elx_heading][elx_heading font_container=&#8221;h3&#8243; font_size=&#8221;h5&#8243; text_color=&#8221;electrolux-blue&#8221; text_align=&#8221;text-left&#8221;]Calidad profesional y ahorro de espacio[\/elx_heading][vc_column_text]Electrolux Professional ha creado esta nueva gama <strong>compacta<\/strong> para servicio en mostrador de <strong>helados y yogur helado<\/strong> que es perfecta para espacios reducidos. El dispensador de helados suaves es <strong>f\u00e1cil de usar<\/strong>, pr\u00e1ctico y fiable, <strong>silencioso<\/strong> y <strong>f\u00e1cil de limpiar<\/strong>. Disponible con sistema por gravedad o por bomba.[\/vc_column_text][vc_empty_space height=&#8221;50px&#8221;][\/vc_column][vc_column width=&#8221;1\/2&#8243;][vc_empty_space][vc_single_image image=&#8221;12474&#8243; img_size=&#8221;&#8221; alignment=&#8221;center&#8221;][vc_empty_space][\/vc_column][\/vc_row][vc_row][vc_column width=&#8221;1\/2&#8243;][elx_heading font_size=&#8221;h1&#8243; text_color=&#8221;electrolux-blue&#8221; text_align=&#8221;text-left&#8221;]Dispensadores de helados suaves, hasta 150 conos\/hora[\/elx_heading][elx_heading font_container=&#8221;h3&#8243; font_size=&#8221;h5&#8243; text_color=&#8221;electrolux-blue&#8221; text_align=&#8221;text-left&#8221;]Helado suave de gran calidad para locales de gran volumen[\/elx_heading][vc_column_text]Esta gama es una de <strong>las m\u00e1s peque\u00f1as y econ\u00f3micas del<\/strong> mercado. La innovadora tolva enfriada garantiza una elevada producci\u00f3n con el mantenimiento de la calidad.<br \/>\nElige entre dos sistemas de alimentaci\u00f3n: <strong>por gravedad<\/strong> o <strong>por bomba<\/strong>.[\/vc_column_text][vc_empty_space height=&#8221;50px&#8221;][\/vc_column][vc_column width=&#8221;1\/2&#8243;][vc_empty_space][vc_single_image image=&#8221;10522&#8243; img_size=&#8221;medium&#8221; alignment=&#8221;center&#8221;][vc_empty_space][\/vc_column][\/vc_row][vc_row css=&#8221;.vc_custom_1589897577643{background-color: #e8f0f7 !important;}&#8221;][vc_column][vc_empty_space height=&#8221;12px&#8221;][elx_heading font_size=&#8221;h1&#8243; text_color=&#8221;inherit&#8221; text_align=&#8221;text-center&#8221;]Dispensador de helados suaves de alta capacidad[\/elx_heading][vc_empty_space][\/vc_column][\/vc_row][vc_row][vc_column width=&#8221;1\/2&#8243;][elx_heading font_size=&#8221;h3&#8243; text_color=&#8221;electrolux-blue&#8221; text_align=&#8221;text-left&#8221;]Helados suaves y yogur helado, hasta 290 conos*\/hora[\/elx_heading][elx_heading text_color=&#8221;inherit&#8221;]M\u00e1quina de mostrador de un sabor para servir a tus clientes su helado suave favorito[\/elx_heading][vc_empty_space][vc_column_text]La gama Capri de dispensadores de helados suaves de gran volumen es la soluci\u00f3n perfecta para un servicio r\u00e1pido, sencillo y rentable.[\/vc_column_text][vc_empty_space height=&#8221;50px&#8221;][\/vc_column][vc_column width=&#8221;1\/2&#8243;][vc_empty_space][vc_single_image image=&#8221;12475&#8243; img_size=&#8221;&#8221; alignment=&#8221;center&#8221;][elx_heading font_container=&#8221;h3&#8243; font_size=&#8221;h5&#8243; text_color=&#8221;electrolux-blue&#8221; text_align=&#8221;text-center&#8221;]Capri[\/elx_heading][\/vc_column][\/vc_row][vc_row][vc_column width=&#8221;1\/2&#8243;][elx_heading font_size=&#8221;h3&#8243; text_color=&#8221;electrolux-blue&#8221; text_align=&#8221;text-left&#8221;]Dispensadores de helados suaves, hasta 380 conos*\/hora[\/elx_heading][elx_heading text_color=&#8221;inherit&#8221;]M\u00e1quina de suelo de un sabor para servir m\u00e1s cantidad de tu sabor insignia[\/elx_heading][vc_empty_space][vc_column_text]La gama Firenze te ofrece nuestros <strong>dispensadores de helados suaves de un sabor con m\u00e1ximo volumen<\/strong>. El dep\u00f3sito de 13 litros y el cilindro de 1,95 L te aseguran que puedes atender las demandas de tus clientes.[\/vc_column_text][vc_empty_space height=&#8221;50px&#8221;][\/vc_column][vc_column width=&#8221;1\/2&#8243;][vc_empty_space][vc_single_image image=&#8221;12476&#8243; img_size=&#8221;&#8221; alignment=&#8221;center&#8221;][elx_heading font_container=&#8221;h3&#8243; font_size=&#8221;h5&#8243; text_color=&#8221;electrolux-blue&#8221; text_align=&#8221;text-center&#8221;]Firenze[\/elx_heading][\/vc_column][\/vc_row][vc_row][vc_column width=&#8221;1\/2&#8243;][elx_heading font_size=&#8221;h3&#8243; text_color=&#8221;electrolux-blue&#8221; text_align=&#8221;text-left&#8221;]Dispensadores de helados suaves, hasta 600 conos*\/hora[\/elx_heading][elx_heading text_color=&#8221;inherit&#8221;]M\u00e1quina de mostrador de dos sabores para despertar tu creatividad[\/elx_heading][vc_empty_space][vc_column_text]La gama Portofino de dispensadores de helados suaves de gran volumen te permite <strong>servir dos sabores<\/strong> <strong>e incluso entrelazarlos<\/strong> en una creativa tercera opci\u00f3n. Los <strong>intuitivos controles digitales de la pantalla t\u00e1ctil<\/strong> facilitan el ajuste y la supervisi\u00f3n del equipo.[\/vc_column_text][vc_empty_space height=&#8221;50px&#8221;][\/vc_column][vc_column width=&#8221;1\/2&#8243;][vc_empty_space][vc_single_image image=&#8221;12477&#8243; img_size=&#8221;&#8221; alignment=&#8221;center&#8221;][elx_heading font_container=&#8221;h3&#8243; font_size=&#8221;h5&#8243; text_color=&#8221;electrolux-blue&#8221; text_align=&#8221;text-center&#8221;]Portofino[\/elx_heading][\/vc_column][\/vc_row][vc_row][vc_column width=&#8221;1\/2&#8243;][elx_heading font_size=&#8221;h3&#8243; text_color=&#8221;electrolux-blue&#8221; text_align=&#8221;text-left&#8221;]Dispensadores de helados suaves, hasta 650 conos*\/hora[\/elx_heading][elx_heading text_color=&#8221;inherit&#8221;]Equipo de suelo de dos sabores para maximizar tu capacidad de servicio[\/elx_heading][vc_empty_space][vc_column_text]La gama Roma te ofrece nuestros dispensadores de helados suaves de <strong>dos sabores con m\u00e1ximo volumen y la opci\u00f3n de entrelazar los sabores<\/strong>. Los dos dep\u00f3sitos de 13 litros y los dos cilindros de 1,95 L te garantizan una capacidad de conservaci\u00f3n y servicio \u00f3ptima incluso en los d\u00edas de mayor demanda.[\/vc_column_text][vc_empty_space height=&#8221;50px&#8221;][\/vc_column][vc_column width=&#8221;1\/2&#8243;][vc_empty_space][vc_single_image image=&#8221;12478&#8243; img_size=&#8221;&#8221; alignment=&#8221;center&#8221;][elx_heading font_container=&#8221;h3&#8243; font_size=&#8221;h5&#8243; text_color=&#8221;electrolux-blue&#8221; text_align=&#8221;text-center&#8221;]Roma[\/elx_heading][\/vc_column][\/vc_row][vc_row][vc_column][vc_empty_space height=&#8221;15px&#8221;][\/vc_column][\/vc_row][vc_row][vc_column width=&#8221;1\/5&#8243; css=&#8221;.vc_custom_1589901831710{background-color: #e8f0f7 !important;}&#8221;][\/vc_column][vc_column width=&#8221;3\/5&#8243; css=&#8221;.vc_custom_1589901822131{background-color: #e8f0f7 !important;}&#8221;][vc_empty_space height=&#8221;15px&#8221;][elx_heading text_color=&#8221;inherit&#8221; text_align=&#8221;text-center&#8221;]Todos los dispensadores de helados suaves de alta capacidad est\u00e1n disponibles con sistema de alimentaci\u00f3n por gravedad o por bomba. Elige el<br \/>\nsistema adecuado para ti.[\/elx_heading][vc_column_text]<\/p>\n<p style=\"text-align: center;\">El sistema por bomba te permite conseguir una alta esponjosidad al incorporar m\u00e1s aire al producto helado, para obtener una textura m\u00e1s suave y ligera con una rentabilidad \u00f3ptima. El eficiente sistema de enfriamiento por aire no precisa conexi\u00f3n de agua, por lo que la instalaci\u00f3n es sencilla y econ\u00f3mica.<\/p>\n<p>[\/vc_column_text][vc_empty_space height=&#8221;15px&#8221;][\/vc_column][vc_column width=&#8221;1\/5&#8243; css=&#8221;.vc_custom_1589901841201{background-color: #e8f0f7 !important;}&#8221;][\/vc_column][\/vc_row][vc_row][vc_column][vc_empty_space height=&#8221;42px&#8221;]<div class=\"com21-product-filter-container 98\">[\/vc_column][\/vc_row][vc_row css=&#8221;.vc_custom_1516904946877{border-top-width: 1px !important;background-color: #ffffff !important;border-top-color: #eeeeee !important;border-top-style: solid !important;}&#8221;][vc_column reveal_effect=&#8221;&#8221;][vc_empty_space height=&#8221;80px&#8221;][elx_heading font_size=&#8221;h3&#8243; text_color=&#8221;inherit&#8221; text_align=&#8221;text-left&#8221;]Descubre m\u00e1s sobre nuestros dispensadores de helados suaves[\/elx_heading][elx_o2000_contact_us s=&#8221;Solicitud de informaci\u00f3n sobre dispensadores de helados suaves&#8221; country=&#8221;Spain&#8221; b=&#8221;beverage&#8221; r=&#8221;Me gustar\u00eda saber m\u00e1s sobre sus dispensadores de m\u00e1quinas de helados suaves. Por favor, p\u00f3nganse en contacto conmigo. Gracias.&#8221; l=&#8221;es&#8221;][\/vc_column][\/vc_row][vc_row][vc_column][vc_empty_space height=&#8221;100px&#8221;][elx_heading font_size=&#8221;h3&#8243; text_color=&#8221;inherit&#8221; text_align=&#8221;text-left&#8221;]Encuentra tu soluci\u00f3n completa[\/elx_heading][\/vc_column][\/vc_row][vc_row][vc_column width=&#8221;1\/3&#8243;][elx_maylike_box id_box=&#8221;3881&#8243;][\/vc_column][vc_column width=&#8221;1\/3&#8243;][elx_maylike_box id_box=&#8221;3888&#8243;][\/vc_column][vc_column width=&#8221;1\/3&#8243;][elx_maylike_box id_box=&#8221;4073&#8243;][\/vc_column][\/vc_row]<\/p>\n","protected":false},"excerpt":{"rendered":"<p>[vc_row full_width=&#8221;electroluxpro-full-width-no-padding&#8221;][vc_column][elx_image_block background_image=&#8221;10517&#8243; minimum_height=&#8221;350px&#8221;][vc_empty_space][\/vc_column][\/vc_row][vc_row][vc_column][elx_heading font_container=&#8221;h1&#8243; text_color=&#8221;electrolux-blue&#8221; text_align=&#8221;text-left&#8221;]M\u00e1quinas de Helado Suave Soft Serve[\/elx_heading][vc_column_text]Los dispensadores de helados suaves peque\u00f1os, silenciosos y potentes dar\u00e1n nuevo impulso a tu negocio.[\/vc_column_text][vc_empty_space][\/vc_column][\/vc_row][vc_row][vc_column width=&#8221;1\/3&#8243;][vc_single_image image=&#8221;12473&#8243; img_size=&#8221;&#8221; alignment=&#8221;center&#8221;][elx_heading font_container=&#8221;h3&#8243; font_size=&#8221;h3&#8243; text_color=&#8221;inherit&#8221; text_align=&#8221;text-center&#8221;]Rendimiento[\/elx_heading][vc_column_text] El producto perfecto servido siempre en solo 10 minutos. [\/vc_column_text][\/vc_column][vc_column width=&#8221;1\/3&#8243;][vc_single_image image=&#8221;10519&#8243; img_size=&#8221;120&#215;120&#8243; alignment=&#8221;center&#8221;][elx_heading font_container=&#8221;h3&#8243; font_size=&#8221;h3&#8243; text_color=&#8221;inherit&#8221; text_align=&#8221;text-center&#8221;]Silencioso y compacto[\/elx_heading][vc_column_text] Ideal [&hellip;]<\/p>\n","protected":false},"author":21,"featured_media":10517,"parent":13236,"menu_order":0,"comment_status":"closed","ping_status":"closed","template":"","meta":{"footnotes":""},"class_list":["post-12479","page","type-page","status-publish","has-post-thumbnail","hentry"],"acf":[],"yoast_head":"<!-- This site is optimized with the Yoast SEO plugin v23.4 - https:\/\/yoast.com\/wordpress\/plugins\/seo\/ -->\n<title>M\u00e1quinas de Helados Suaves | Electrolux Professional<\/title>\n<meta name=\"description\" content=\"Descubre dispensadores de bebidas calientes de alta calidad y rendimiento dise\u00f1ados para ofrecer a tus clientes un servicio r\u00e1pido y delicioso en tu local.\" \/>\n<meta name=\"robots\" content=\"index, follow, max-snippet:-1, max-image-preview:large, max-video-preview:-1\" \/>\n<link rel=\"canonical\" href=\"https:\/\/www.electroluxprofessional.com\/es\/soluciones-de-bebidas\/helados-suaves\/\" \/>\n<meta property=\"og:locale\" content=\"es_ES\" \/>\n<meta property=\"og:type\" content=\"article\" \/>\n<meta property=\"og:title\" content=\"M\u00e1quinas de Helados Suaves | Electrolux Professional\" \/>\n<meta property=\"og:description\" content=\"Descubre dispensadores de bebidas calientes de alta calidad y rendimiento dise\u00f1ados para ofrecer a tus clientes un servicio r\u00e1pido y delicioso en tu local.\" \/>\n<meta property=\"og:url\" content=\"https:\/\/www.electroluxprofessional.com\/es\/soluciones-de-bebidas\/helados-suaves\/\" \/>\n<meta property=\"og:site_name\" content=\"Electrolux Professional Espa\u00f1a\" \/>\n<meta property=\"article:modified_time\" content=\"2026-03-28T18:41:25+00:00\" \/>\n<meta property=\"og:image\" content=\"https:\/\/www.electroluxprofessional.com\/es\/wp-content\/uploads\/2019\/03\/fruity-frozen-yogurt-banner-2000x350.jpg\" \/>\n\t<meta property=\"og:image:width\" content=\"2000\" \/>\n\t<meta property=\"og:image:height\" content=\"350\" \/>\n\t<meta property=\"og:image:type\" content=\"image\/jpeg\" \/>\n<meta name=\"twitter:card\" content=\"summary_large_image\" \/>\n<meta name=\"twitter:label1\" content=\"Tiempo de lectura\" \/>\n\t<meta name=\"twitter:data1\" content=\"6 minutos\" \/>\n<script type=\"application\/ld+json\" class=\"yoast-schema-graph\">{\"@context\":\"https:\/\/schema.org\",\"@graph\":[{\"@type\":\"WebPage\",\"@id\":\"https:\/\/www.electroluxprofessional.com\/es\/soluciones-de-bebidas\/helados-suaves\/\",\"url\":\"https:\/\/www.electroluxprofessional.com\/es\/soluciones-de-bebidas\/helados-suaves\/\",\"name\":\"M\u00e1quinas de Helados Suaves | Electrolux Professional\",\"isPartOf\":{\"@id\":\"https:\/\/www.electroluxprofessional.com\/es\/#website\"},\"primaryImageOfPage\":{\"@id\":\"https:\/\/www.electroluxprofessional.com\/es\/soluciones-de-bebidas\/helados-suaves\/#primaryimage\"},\"image\":{\"@id\":\"https:\/\/www.electroluxprofessional.com\/es\/soluciones-de-bebidas\/helados-suaves\/#primaryimage\"},\"thumbnailUrl\":\"https:\/\/www.electroluxprofessional.com\/es\/wp-content\/uploads\/2019\/03\/fruity-frozen-yogurt-banner-2000x350.jpg\",\"datePublished\":\"2020-09-29T14:22:41+00:00\",\"dateModified\":\"2026-03-28T18:41:25+00:00\",\"description\":\"Descubre dispensadores de bebidas calientes de alta calidad y rendimiento dise\u00f1ados para ofrecer a tus clientes un servicio r\u00e1pido y delicioso en tu local.\",\"breadcrumb\":{\"@id\":\"https:\/\/www.electroluxprofessional.com\/es\/soluciones-de-bebidas\/helados-suaves\/#breadcrumb\"},\"inLanguage\":\"es\",\"potentialAction\":[{\"@type\":\"ReadAction\",\"target\":[\"https:\/\/www.electroluxprofessional.com\/es\/soluciones-de-bebidas\/helados-suaves\/\"]}]},{\"@type\":\"ImageObject\",\"inLanguage\":\"es\",\"@id\":\"https:\/\/www.electroluxprofessional.com\/es\/soluciones-de-bebidas\/helados-suaves\/#primaryimage\",\"url\":\"https:\/\/www.electroluxprofessional.com\/es\/wp-content\/uploads\/2019\/03\/fruity-frozen-yogurt-banner-2000x350.jpg\",\"contentUrl\":\"https:\/\/www.electroluxprofessional.com\/es\/wp-content\/uploads\/2019\/03\/fruity-frozen-yogurt-banner-2000x350.jpg\",\"width\":2000,\"height\":350,\"caption\":\"Fruity Frozen Yogurt Dessert with redcurrants and blueberries in a glass;\"},{\"@type\":\"BreadcrumbList\",\"@id\":\"https:\/\/www.electroluxprofessional.com\/es\/soluciones-de-bebidas\/helados-suaves\/#breadcrumb\",\"itemListElement\":[{\"@type\":\"ListItem\",\"position\":1,\"name\":\"Home\",\"item\":\"https:\/\/www.electroluxprofessional.com\/es\/\"},{\"@type\":\"ListItem\",\"position\":2,\"name\":\"Soluciones de bebidas\",\"item\":\"https:\/\/www.electroluxprofessional.com\/es\/soluciones-de-bebidas\/\"},{\"@type\":\"ListItem\",\"position\":3,\"name\":\"Helados Suaves\"}]},{\"@type\":\"WebSite\",\"@id\":\"https:\/\/www.electroluxprofessional.com\/es\/#website\",\"url\":\"https:\/\/www.electroluxprofessional.com\/es\/\",\"name\":\"Electrolux Professional Espa\u00f1a\",\"description\":\"Equipamiento cocinas profesionales y lavander\u00edas comerciales. Excelencia en el suministro de soluciones profesionales.\",\"potentialAction\":[{\"@type\":\"SearchAction\",\"target\":{\"@type\":\"EntryPoint\",\"urlTemplate\":\"https:\/\/www.electroluxprofessional.com\/es\/?src={search_term_string}\"},\"query-input\":{\"@type\":\"PropertyValueSpecification\",\"valueRequired\":true,\"valueName\":\"search_term_string\"}}],\"inLanguage\":\"es\"}]}<\/script>\n<!-- \/ Yoast SEO plugin. -->","yoast_head_json":{"title":"M\u00e1quinas de Helados Suaves | Electrolux Professional","description":"Descubre dispensadores de bebidas calientes de alta calidad y rendimiento dise\u00f1ados para ofrecer a tus clientes un servicio r\u00e1pido y delicioso en tu local.","robots":{"index":"index","follow":"follow","max-snippet":"max-snippet:-1","max-image-preview":"max-image-preview:large","max-video-preview":"max-video-preview:-1"},"canonical":"https:\/\/www.electroluxprofessional.com\/es\/soluciones-de-bebidas\/helados-suaves\/","og_locale":"es_ES","og_type":"article","og_title":"M\u00e1quinas de Helados Suaves | Electrolux Professional","og_description":"Descubre dispensadores de bebidas calientes de alta calidad y rendimiento dise\u00f1ados para ofrecer a tus clientes un servicio r\u00e1pido y delicioso en tu local.","og_url":"https:\/\/www.electroluxprofessional.com\/es\/soluciones-de-bebidas\/helados-suaves\/","og_site_name":"Electrolux Professional Espa\u00f1a","article_modified_time":"2026-03-28T18:41:25+00:00","og_image":[{"width":2000,"height":350,"url":"https:\/\/www.electroluxprofessional.com\/es\/wp-content\/uploads\/2019\/03\/fruity-frozen-yogurt-banner-2000x350.jpg","type":"image\/jpeg"}],"twitter_card":"summary_large_image","twitter_misc":{"Tiempo de lectura":"6 minutos"},"schema":{"@context":"https:\/\/schema.org","@graph":[{"@type":"WebPage","@id":"https:\/\/www.electroluxprofessional.com\/es\/soluciones-de-bebidas\/helados-suaves\/","url":"https:\/\/www.electroluxprofessional.com\/es\/soluciones-de-bebidas\/helados-suaves\/","name":"M\u00e1quinas de Helados Suaves | Electrolux Professional","isPartOf":{"@id":"https:\/\/www.electroluxprofessional.com\/es\/#website"},"primaryImageOfPage":{"@id":"https:\/\/www.electroluxprofessional.com\/es\/soluciones-de-bebidas\/helados-suaves\/#primaryimage"},"image":{"@id":"https:\/\/www.electroluxprofessional.com\/es\/soluciones-de-bebidas\/helados-suaves\/#primaryimage"},"thumbnailUrl":"https:\/\/www.electroluxprofessional.com\/es\/wp-content\/uploads\/2019\/03\/fruity-frozen-yogurt-banner-2000x350.jpg","datePublished":"2020-09-29T14:22:41+00:00","dateModified":"2026-03-28T18:41:25+00:00","description":"Descubre dispensadores de bebidas calientes de alta calidad y rendimiento dise\u00f1ados para ofrecer a tus clientes un servicio r\u00e1pido y delicioso en tu local.","breadcrumb":{"@id":"https:\/\/www.electroluxprofessional.com\/es\/soluciones-de-bebidas\/helados-suaves\/#breadcrumb"},"inLanguage":"es","potentialAction":[{"@type":"ReadAction","target":["https:\/\/www.electroluxprofessional.com\/es\/soluciones-de-bebidas\/helados-suaves\/"]}]},{"@type":"ImageObject","inLanguage":"es","@id":"https:\/\/www.electroluxprofessional.com\/es\/soluciones-de-bebidas\/helados-suaves\/#primaryimage","url":"https:\/\/www.electroluxprofessional.com\/es\/wp-content\/uploads\/2019\/03\/fruity-frozen-yogurt-banner-2000x350.jpg","contentUrl":"https:\/\/www.electroluxprofessional.com\/es\/wp-content\/uploads\/2019\/03\/fruity-frozen-yogurt-banner-2000x350.jpg","width":2000,"height":350,"caption":"Fruity Frozen Yogurt Dessert with redcurrants and blueberries in a glass;"},{"@type":"BreadcrumbList","@id":"https:\/\/www.electroluxprofessional.com\/es\/soluciones-de-bebidas\/helados-suaves\/#breadcrumb","itemListElement":[{"@type":"ListItem","position":1,"name":"Home","item":"https:\/\/www.electroluxprofessional.com\/es\/"},{"@type":"ListItem","position":2,"name":"Soluciones de bebidas","item":"https:\/\/www.electroluxprofessional.com\/es\/soluciones-de-bebidas\/"},{"@type":"ListItem","position":3,"name":"Helados Suaves"}]},{"@type":"WebSite","@id":"https:\/\/www.electroluxprofessional.com\/es\/#website","url":"https:\/\/www.electroluxprofessional.com\/es\/","name":"Electrolux Professional Espa\u00f1a","description":"Equipamiento cocinas profesionales y lavander\u00edas comerciales. Excelencia en el suministro de soluciones profesionales.","potentialAction":[{"@type":"SearchAction","target":{"@type":"EntryPoint","urlTemplate":"https:\/\/www.electroluxprofessional.com\/es\/?src={search_term_string}"},"query-input":{"@type":"PropertyValueSpecification","valueRequired":true,"valueName":"search_term_string"}}],"inLanguage":"es"}]}},"_links":{"self":[{"href":"https:\/\/www.electroluxprofessional.com\/es\/wp-json\/wp\/v2\/pages\/12479"}],"collection":[{"href":"https:\/\/www.electroluxprofessional.com\/es\/wp-json\/wp\/v2\/pages"}],"about":[{"href":"https:\/\/www.electroluxprofessional.com\/es\/wp-json\/wp\/v2\/types\/page"}],"author":[{"embeddable":true,"href":"https:\/\/www.electroluxprofessional.com\/es\/wp-json\/wp\/v2\/users\/21"}],"replies":[{"embeddable":true,"href":"https:\/\/www.electroluxprofessional.com\/es\/wp-json\/wp\/v2\/comments?post=12479"}],"version-history":[{"count":6,"href":"https:\/\/www.electroluxprofessional.com\/es\/wp-json\/wp\/v2\/pages\/12479\/revisions"}],"predecessor-version":[{"id":26016,"href":"https:\/\/www.electroluxprofessional.com\/es\/wp-json\/wp\/v2\/pages\/12479\/revisions\/26016"}],"up":[{"embeddable":true,"href":"https:\/\/www.electroluxprofessional.com\/es\/wp-json\/wp\/v2\/pages\/13236"}],"wp:featuredmedia":[{"embeddable":true,"href":"https:\/\/www.electroluxprofessional.com\/es\/wp-json\/wp\/v2\/media\/10517"}],"wp:attachment":[{"href":"https:\/\/www.electroluxprofessional.com\/es\/wp-json\/wp\/v2\/media?parent=12479"}],"curies":[{"name":"wp","href":"https:\/\/api.w.org\/{rel}","templated":true}]}}