{"id":12421,"date":"2020-09-21T08:49:06","date_gmt":"2020-09-21T08:49:06","guid":{"rendered":"https:\/\/www.electroluxprofessional.com\/?page_id=30895"},"modified":"2021-02-22T09:15:20","modified_gmt":"2021-02-22T09:15:20","slug":"serenity-cabinets-the-ultimate-way-to-safe-shopping","status":"publish","type":"page","link":"https:\/\/www.electroluxprofessional.com\/es\/serenity-cabinets-the-ultimate-way-to-safe-shopping\/","title":{"rendered":"Cabinas de planchado Serenity &#8211; La mejor manera de disfrutar de las compras"},"content":{"rendered":"<p>[vc_row full_width=&#8221;electroluxpro-full-width-no-padding&#8221;][vc_column][vc_single_image image=&#8221;12356&#8243; img_size=&#8221;full&#8221; alignment=&#8221;center&#8221;][\/vc_column][\/vc_row][vc_row][vc_column][vc_empty_space][elx_heading font_container=&#8221;h1&#8243; text_color=&#8221;inherit&#8221;]El combate contra los enemigos invisibles[\/elx_heading][vc_column_text]En los \u00faltimos meses nos hemos enfrentado a dificultades sin precedentes como consecuencia de la situaci\u00f3n sanitaria mundial. Nuestra prioridad actual es ofrecerte a ti, a tus clientes y empleados la confianza en que vuestro bienestar est\u00e1 protegido en todo momento.[\/vc_column_text][vc_empty_space][\/vc_column][\/vc_row][vc_row][vc_column width=&#8221;1\/2&#8243;][vc_empty_space height=&#8221;40px&#8221;][vc_single_image image=&#8221;12357&#8243; img_size=&#8221;full&#8221; alignment=&#8221;center&#8221;][\/vc_column][vc_column width=&#8221;1\/2&#8243;][elx_heading font_size=&#8221;h1&#8243; text_color=&#8221;inherit&#8221;]Las preocupaciones se evaporan<br \/>\nal instante[\/elx_heading][elx_heading text_color=&#8221;inherit&#8221;]En menos de 10 minutos puedes desinfectar hasta 30 art\u00edculos con un ciclo totalmente autom\u00e1tico que combina vapor a alta presi\u00f3n, temperatura y un potente flujo de aire.[\/elx_heading][vc_column_text]La <strong>cabina de planchado Serenity<\/strong> es una soluci\u00f3n eficiente que proporciona una reducci\u00f3n de la infectividad viral de SARS-CoV-2 de 6 log en pocos minutos. Tus clientes pueden elegir y probarse todo lo que quieran con total tranquilidad.[\/vc_column_text][vc_empty_space height=&#8221;40px&#8221;][vc_column_text]La reducci\u00f3n de 6 log equivale a una disminuci\u00f3n de la infectividad viral del 99,9999%. La eficacia de la reducci\u00f3n de la infectividad viral de SARS-CoV-2 en los tejidos situados en la cabina de planchado Serenity est\u00e1 confirmada por el instituto RISE (Research Institute of Sweden) bas\u00e1ndose en los datos de laboratorio aportados por Electrolux Professional.[\/vc_column_text][vc_empty_space height=&#8221;40px&#8221;][\/vc_column][\/vc_row][vc_row][vc_column][vc_empty_space][elx_heading font_size=&#8221;h1&#8243; text_color=&#8221;inherit&#8221; text_align=&#8221;text-center&#8221;]Puedes probarte la ropa con absoluta tranquilidad[\/elx_heading][vc_empty_space][\/vc_column][\/vc_row][vc_row equal_height=&#8221;yes&#8221; content_placement=&#8221;middle&#8221;][vc_column width=&#8221;1\/2&#8243;][vc_single_image image=&#8221;12358&#8243; img_size=&#8221;full&#8221; alignment=&#8221;center&#8221;][vc_empty_space][vc_column_text]<\/p>\n<p style=\"text-align: center;\">Te interesa que tus clientes sepan cu\u00e1nto te preocupa su salud y su seguridad. <strong>Te proporcionamos un adhesivo especial<\/strong> para conozcan el exclusivo sistema de desinfecci\u00f3n que aplicas a cada colecci\u00f3n.<\/p>\n<p>[\/vc_column_text][vc_empty_space][\/vc_column][vc_column width=&#8221;1\/2&#8243;][vc_empty_space][vc_single_image image=&#8221;12359&#8243; img_size=&#8221;full&#8221; alignment=&#8221;center&#8221;][vc_empty_space][elx_download_block text=&#8221;Descargar leaflet<br \/>\nCabinas de planchado Serenity&#8221; document_type=&#8221;leaflets&#8221; background_color=&#8221;electrolux-blue&#8221; le_document_number=&#8221;CLF-9JE00262&#8243;][\/vc_column][\/vc_row][vc_row][vc_column][vc_empty_space][\/vc_column][\/vc_row][vc_row][vc_column css=&#8221;.vc_custom_1593014113282{background-color: #adceda !important;}&#8221;][vc_empty_space][elx_heading font_size=&#8221;h1&#8243; text_color=&#8221;white&#8221; text_align=&#8221;text-center&#8221;]\u00a1La tranquilidad de Serenity en sencillos pasos! [\/elx_heading][vc_empty_space][\/vc_column][\/vc_row][vc_row][vc_column width=&#8221;1\/3&#8243; css=&#8221;.vc_custom_1593014132332{background-color: #adceda !important;}&#8221;][vc_single_image image=&#8221;12360&#8243; img_size=&#8221;full&#8221; alignment=&#8221;center&#8221;][vc_empty_space][\/vc_column][vc_column width=&#8221;1\/3&#8243; css=&#8221;.vc_custom_1593014142848{background-color: #adceda !important;}&#8221;][vc_single_image image=&#8221;12355&#8243; img_size=&#8221;full&#8221; alignment=&#8221;center&#8221;][vc_empty_space][\/vc_column][vc_column width=&#8221;1\/3&#8243; css=&#8221;.vc_custom_1593014151647{background-color: #adceda !important;}&#8221;][vc_single_image image=&#8221;12361&#8243; img_size=&#8221;full&#8221; alignment=&#8221;center&#8221;][vc_empty_space][\/vc_column][\/vc_row][vc_row][vc_column css=&#8221;.vc_custom_1593014113282{background-color: #adceda !important;}&#8221;][elx_heading font_size=&#8221;h1&#8243; text_color=&#8221;white&#8221; text_align=&#8221;text-center&#8221;]\u00a1Mira el v\u00eddeo![\/elx_heading][\/vc_column][\/vc_row][vc_row][vc_column css=&#8221;.vc_custom_1593014113282{background-color: #adceda !important;}&#8221;][vc_empty_space][elx_video_block background_image=&#8221;12363&#8243; minimum_height=&#8221;500px&#8221; video_link=&#8221;https:\/\/www.youtube.com\/watch?v=PCxXGazXIoU&#8221;][vc_empty_space][\/vc_column][\/vc_row][vc_row][vc_column width=&#8221;1\/3&#8243;][vc_empty_space][vc_single_image image=&#8221;12362&#8243; img_size=&#8221;full&#8221; alignment=&#8221;center&#8221;][\/vc_column][vc_column width=&#8221;2\/3&#8243;][vc_empty_space][elx_heading text_color=&#8221;inherit&#8221;]Caracter\u00edsticas y ventajas[\/elx_heading][vc_empty_space][vc_column_text]\u25ba Hasta 30 art\u00edculos desinfectados por ciclo.<br \/>\n\u25ba Ciclos de 6 a 10 minutos.<br \/>\n\u25ba Se aplica vapor a 130 &#8211; 140 \u00b0C a las prendas y se mantienen en c\u00edrculo cerrado durante el 80% del ciclo.<br \/>\n\u25ba Se mantiene una temperatura de 70 a 85 \u00b0C durante todo el ciclo.<br \/>\n\u25ba Calentamiento el\u00e9ctrico, trif\u00e1sico.<br \/>\n\u25ba Proceso totalmente autom\u00e1tico configurado en la f\u00e1brica.<br \/>\n\u25ba Programas para distintos tipos de tejidos.<br \/>\n\u25ba Solo requiere una formaci\u00f3n m\u00ednima.<br \/>\n\u25ba Incluye comunicaci\u00f3n en los escaparates.[\/vc_column_text][\/vc_column][\/vc_row][vc_row][vc_column][vc_empty_space][elx_heading text_color=&#8221;inherit&#8221;]Contacta con nosotros para obtener m\u00e1s informaci\u00f3n sobre la cabina de planchado Serenity[\/elx_heading][vc_empty_space][elx_o2000_contact_us r=&#8221;Me gustar\u00eda saber m\u00e1s sobre Serenety Cabinet&#8221; s=&#8221;Request of information&#8221; country=&#8221;Spain&#8221; l=&#8221;es&#8221;][\/vc_column][\/vc_row][vc_row][vc_column]<div class=\"product-list-item\"><div class=\"single-product-content\"><a href=\"https:\/\/www.electroluxprofessional.com\/es\/pd\/maquinaria-de-acabado\/cabinas-de-acabado\/cabinas-de-acabado\/FC48\/\" target=\"_blank\"><figure class=\"wow fadeIn\"><img decoding=\"async\" src=\"https:\/\/tools.electroluxprofessional.com\/Mirror\/Doc\/ELS%2FPH_255x255%2FFC48.jpg\" alt=\"FC48\"><\/figure><h3>FC48<\/h3><\/a><div class=\"product-description\">Cabina de acabado, tiempo total para una carga completa 6 min.<\/div><\/div><hr><div class=\"pre-actions\"><div class=\"reviews\"><\/div><\/div><div class=\"action\"><a href=\"https:\/\/www.electroluxprofessional.com\/es\/pd\/maquinaria-de-acabado\/cabinas-de-acabado\/cabinas-de-acabado\/FC48\/\" target=\"_blank\" class=\"btn btn-primary\">M\u00e1s info<\/a><\/div><\/div>[\/vc_column][\/vc_row][vc_row css=&#8221;.vc_custom_1593017910705{background-color: #eeeeee !important;}&#8221;][vc_column][elx_heading text_color=&#8221;inherit&#8221;]Encuentra tu soluci\u00f3n completa[\/elx_heading][vc_empty_space][\/vc_column][\/vc_row][vc_row css=&#8221;.vc_custom_1593017921192{background-color: #eeeeee !important;}&#8221;][vc_column width=&#8221;1\/3&#8243;][elx_maylike_box id_box=&#8221;12364&#8243;][\/vc_column][vc_column width=&#8221;1\/3&#8243;][elx_maylike_box id_box=&#8221;7082&#8243;][\/vc_column][vc_column width=&#8221;1\/3&#8243;][elx_maylike_box id_box=&#8221;11976&#8243;][\/vc_column][\/vc_row]<\/p>\n","protected":false},"excerpt":{"rendered":"<p>[vc_row full_width=&#8221;electroluxpro-full-width-no-padding&#8221;][vc_column][vc_single_image image=&#8221;12356&#8243; img_size=&#8221;full&#8221; alignment=&#8221;center&#8221;][\/vc_column][\/vc_row][vc_row][vc_column][vc_empty_space][elx_heading font_container=&#8221;h1&#8243; text_color=&#8221;inherit&#8221;]El combate contra los enemigos invisibles[\/elx_heading][vc_column_text]En los \u00faltimos meses nos hemos enfrentado a dificultades sin precedentes como consecuencia de la situaci\u00f3n sanitaria mundial. Nuestra prioridad actual es ofrecerte a ti, a tus clientes y empleados la confianza en que vuestro bienestar est\u00e1 protegido en todo momento.[\/vc_column_text][vc_empty_space][\/vc_column][\/vc_row][vc_row][vc_column width=&#8221;1\/2&#8243;][vc_empty_space height=&#8221;40px&#8221;][vc_single_image image=&#8221;12357&#8243; [&hellip;]<\/p>\n","protected":false},"author":21,"featured_media":12355,"parent":0,"menu_order":0,"comment_status":"closed","ping_status":"closed","template":"","meta":{"footnotes":""},"class_list":["post-12421","page","type-page","status-publish","has-post-thumbnail","hentry"],"acf":[],"yoast_head":"<!-- This site is optimized with the Yoast SEO plugin v23.4 - https:\/\/yoast.com\/wordpress\/plugins\/seo\/ -->\n<title>Cabinas de planchado Serenity - La mejor manera de disfrutar de las compras - Electrolux Professional Espa\u00f1a<\/title>\n<meta name=\"description\" content=\"Electrolux Professional te cuenta c\u00f3mo son las serenity cabinets la soluci\u00f3n definitiva para comprar con seguridad. Soluciones necesarias para vender.\" \/>\n<meta name=\"robots\" content=\"index, follow, max-snippet:-1, max-image-preview:large, max-video-preview:-1\" \/>\n<link rel=\"canonical\" href=\"https:\/\/www.electroluxprofessional.com\/es\/serenity-cabinets-the-ultimate-way-to-safe-shopping\/\" \/>\n<meta property=\"og:locale\" content=\"es_ES\" \/>\n<meta property=\"og:type\" content=\"article\" \/>\n<meta property=\"og:title\" content=\"Cabinas de planchado Serenity - La mejor manera de disfrutar de las compras - Electrolux Professional Espa\u00f1a\" \/>\n<meta property=\"og:description\" content=\"Electrolux Professional te cuenta c\u00f3mo son las serenity cabinets la soluci\u00f3n definitiva para comprar con seguridad. Soluciones necesarias para vender.\" \/>\n<meta property=\"og:url\" content=\"https:\/\/www.electroluxprofessional.com\/es\/serenity-cabinets-the-ultimate-way-to-safe-shopping\/\" \/>\n<meta property=\"og:site_name\" content=\"Electrolux Professional Espa\u00f1a\" \/>\n<meta property=\"article:modified_time\" content=\"2021-02-22T09:15:20+00:00\" \/>\n<meta property=\"og:image\" content=\"https:\/\/www.electroluxprofessional.com\/es\/wp-content\/uploads\/2020\/09\/serenity-cabinets-step2.jpg\" \/>\n\t<meta property=\"og:image:width\" content=\"500\" \/>\n\t<meta property=\"og:image:height\" content=\"500\" \/>\n\t<meta property=\"og:image:type\" content=\"image\/jpeg\" \/>\n<meta name=\"twitter:card\" content=\"summary_large_image\" \/>\n<meta name=\"twitter:label1\" content=\"Tiempo de lectura\" \/>\n\t<meta name=\"twitter:data1\" content=\"4 minutos\" \/>\n<script type=\"application\/ld+json\" class=\"yoast-schema-graph\">{\"@context\":\"https:\/\/schema.org\",\"@graph\":[{\"@type\":\"WebPage\",\"@id\":\"https:\/\/www.electroluxprofessional.com\/es\/serenity-cabinets-the-ultimate-way-to-safe-shopping\/\",\"url\":\"https:\/\/www.electroluxprofessional.com\/es\/serenity-cabinets-the-ultimate-way-to-safe-shopping\/\",\"name\":\"Cabinas de planchado Serenity - La mejor manera de disfrutar de las compras - Electrolux Professional Espa\u00f1a\",\"isPartOf\":{\"@id\":\"https:\/\/www.electroluxprofessional.com\/es\/#website\"},\"primaryImageOfPage\":{\"@id\":\"https:\/\/www.electroluxprofessional.com\/es\/serenity-cabinets-the-ultimate-way-to-safe-shopping\/#primaryimage\"},\"image\":{\"@id\":\"https:\/\/www.electroluxprofessional.com\/es\/serenity-cabinets-the-ultimate-way-to-safe-shopping\/#primaryimage\"},\"thumbnailUrl\":\"https:\/\/www.electroluxprofessional.com\/es\/wp-content\/uploads\/2020\/09\/serenity-cabinets-step2.jpg\",\"datePublished\":\"2020-09-21T08:49:06+00:00\",\"dateModified\":\"2021-02-22T09:15:20+00:00\",\"description\":\"Electrolux Professional te cuenta c\u00f3mo son las serenity cabinets la soluci\u00f3n definitiva para comprar con seguridad. Soluciones necesarias para vender.\",\"breadcrumb\":{\"@id\":\"https:\/\/www.electroluxprofessional.com\/es\/serenity-cabinets-the-ultimate-way-to-safe-shopping\/#breadcrumb\"},\"inLanguage\":\"es\",\"potentialAction\":[{\"@type\":\"ReadAction\",\"target\":[\"https:\/\/www.electroluxprofessional.com\/es\/serenity-cabinets-the-ultimate-way-to-safe-shopping\/\"]}]},{\"@type\":\"ImageObject\",\"inLanguage\":\"es\",\"@id\":\"https:\/\/www.electroluxprofessional.com\/es\/serenity-cabinets-the-ultimate-way-to-safe-shopping\/#primaryimage\",\"url\":\"https:\/\/www.electroluxprofessional.com\/es\/wp-content\/uploads\/2020\/09\/serenity-cabinets-step2.jpg\",\"contentUrl\":\"https:\/\/www.electroluxprofessional.com\/es\/wp-content\/uploads\/2020\/09\/serenity-cabinets-step2.jpg\",\"width\":500,\"height\":500,\"caption\":\"serenity-cabinets-step2\"},{\"@type\":\"BreadcrumbList\",\"@id\":\"https:\/\/www.electroluxprofessional.com\/es\/serenity-cabinets-the-ultimate-way-to-safe-shopping\/#breadcrumb\",\"itemListElement\":[{\"@type\":\"ListItem\",\"position\":1,\"name\":\"Home\",\"item\":\"https:\/\/www.electroluxprofessional.com\/es\/\"},{\"@type\":\"ListItem\",\"position\":2,\"name\":\"Cabinas de planchado Serenity &#8211; La mejor manera de disfrutar de las compras\"}]},{\"@type\":\"WebSite\",\"@id\":\"https:\/\/www.electroluxprofessional.com\/es\/#website\",\"url\":\"https:\/\/www.electroluxprofessional.com\/es\/\",\"name\":\"Electrolux Professional Espa\u00f1a\",\"description\":\"Equipamiento cocinas profesionales y lavander\u00edas comerciales. Excelencia en el suministro de soluciones profesionales.\",\"potentialAction\":[{\"@type\":\"SearchAction\",\"target\":{\"@type\":\"EntryPoint\",\"urlTemplate\":\"https:\/\/www.electroluxprofessional.com\/es\/?src={search_term_string}\"},\"query-input\":{\"@type\":\"PropertyValueSpecification\",\"valueRequired\":true,\"valueName\":\"search_term_string\"}}],\"inLanguage\":\"es\"}]}<\/script>\n<!-- \/ Yoast SEO plugin. -->","yoast_head_json":{"title":"Cabinas de planchado Serenity - La mejor manera de disfrutar de las compras - Electrolux Professional Espa\u00f1a","description":"Electrolux Professional te cuenta c\u00f3mo son las serenity cabinets la soluci\u00f3n definitiva para comprar con seguridad. Soluciones necesarias para vender.","robots":{"index":"index","follow":"follow","max-snippet":"max-snippet:-1","max-image-preview":"max-image-preview:large","max-video-preview":"max-video-preview:-1"},"canonical":"https:\/\/www.electroluxprofessional.com\/es\/serenity-cabinets-the-ultimate-way-to-safe-shopping\/","og_locale":"es_ES","og_type":"article","og_title":"Cabinas de planchado Serenity - La mejor manera de disfrutar de las compras - Electrolux Professional Espa\u00f1a","og_description":"Electrolux Professional te cuenta c\u00f3mo son las serenity cabinets la soluci\u00f3n definitiva para comprar con seguridad. Soluciones necesarias para vender.","og_url":"https:\/\/www.electroluxprofessional.com\/es\/serenity-cabinets-the-ultimate-way-to-safe-shopping\/","og_site_name":"Electrolux Professional Espa\u00f1a","article_modified_time":"2021-02-22T09:15:20+00:00","og_image":[{"width":500,"height":500,"url":"https:\/\/www.electroluxprofessional.com\/es\/wp-content\/uploads\/2020\/09\/serenity-cabinets-step2.jpg","type":"image\/jpeg"}],"twitter_card":"summary_large_image","twitter_misc":{"Tiempo de lectura":"4 minutos"},"schema":{"@context":"https:\/\/schema.org","@graph":[{"@type":"WebPage","@id":"https:\/\/www.electroluxprofessional.com\/es\/serenity-cabinets-the-ultimate-way-to-safe-shopping\/","url":"https:\/\/www.electroluxprofessional.com\/es\/serenity-cabinets-the-ultimate-way-to-safe-shopping\/","name":"Cabinas de planchado Serenity - La mejor manera de disfrutar de las compras - Electrolux Professional Espa\u00f1a","isPartOf":{"@id":"https:\/\/www.electroluxprofessional.com\/es\/#website"},"primaryImageOfPage":{"@id":"https:\/\/www.electroluxprofessional.com\/es\/serenity-cabinets-the-ultimate-way-to-safe-shopping\/#primaryimage"},"image":{"@id":"https:\/\/www.electroluxprofessional.com\/es\/serenity-cabinets-the-ultimate-way-to-safe-shopping\/#primaryimage"},"thumbnailUrl":"https:\/\/www.electroluxprofessional.com\/es\/wp-content\/uploads\/2020\/09\/serenity-cabinets-step2.jpg","datePublished":"2020-09-21T08:49:06+00:00","dateModified":"2021-02-22T09:15:20+00:00","description":"Electrolux Professional te cuenta c\u00f3mo son las serenity cabinets la soluci\u00f3n definitiva para comprar con seguridad. Soluciones necesarias para vender.","breadcrumb":{"@id":"https:\/\/www.electroluxprofessional.com\/es\/serenity-cabinets-the-ultimate-way-to-safe-shopping\/#breadcrumb"},"inLanguage":"es","potentialAction":[{"@type":"ReadAction","target":["https:\/\/www.electroluxprofessional.com\/es\/serenity-cabinets-the-ultimate-way-to-safe-shopping\/"]}]},{"@type":"ImageObject","inLanguage":"es","@id":"https:\/\/www.electroluxprofessional.com\/es\/serenity-cabinets-the-ultimate-way-to-safe-shopping\/#primaryimage","url":"https:\/\/www.electroluxprofessional.com\/es\/wp-content\/uploads\/2020\/09\/serenity-cabinets-step2.jpg","contentUrl":"https:\/\/www.electroluxprofessional.com\/es\/wp-content\/uploads\/2020\/09\/serenity-cabinets-step2.jpg","width":500,"height":500,"caption":"serenity-cabinets-step2"},{"@type":"BreadcrumbList","@id":"https:\/\/www.electroluxprofessional.com\/es\/serenity-cabinets-the-ultimate-way-to-safe-shopping\/#breadcrumb","itemListElement":[{"@type":"ListItem","position":1,"name":"Home","item":"https:\/\/www.electroluxprofessional.com\/es\/"},{"@type":"ListItem","position":2,"name":"Cabinas de planchado Serenity &#8211; La mejor manera de disfrutar de las compras"}]},{"@type":"WebSite","@id":"https:\/\/www.electroluxprofessional.com\/es\/#website","url":"https:\/\/www.electroluxprofessional.com\/es\/","name":"Electrolux Professional Espa\u00f1a","description":"Equipamiento cocinas profesionales y lavander\u00edas comerciales. Excelencia en el suministro de soluciones profesionales.","potentialAction":[{"@type":"SearchAction","target":{"@type":"EntryPoint","urlTemplate":"https:\/\/www.electroluxprofessional.com\/es\/?src={search_term_string}"},"query-input":{"@type":"PropertyValueSpecification","valueRequired":true,"valueName":"search_term_string"}}],"inLanguage":"es"}]}},"_links":{"self":[{"href":"https:\/\/www.electroluxprofessional.com\/es\/wp-json\/wp\/v2\/pages\/12421"}],"collection":[{"href":"https:\/\/www.electroluxprofessional.com\/es\/wp-json\/wp\/v2\/pages"}],"about":[{"href":"https:\/\/www.electroluxprofessional.com\/es\/wp-json\/wp\/v2\/types\/page"}],"author":[{"embeddable":true,"href":"https:\/\/www.electroluxprofessional.com\/es\/wp-json\/wp\/v2\/users\/21"}],"replies":[{"embeddable":true,"href":"https:\/\/www.electroluxprofessional.com\/es\/wp-json\/wp\/v2\/comments?post=12421"}],"version-history":[{"count":5,"href":"https:\/\/www.electroluxprofessional.com\/es\/wp-json\/wp\/v2\/pages\/12421\/revisions"}],"predecessor-version":[{"id":12540,"href":"https:\/\/www.electroluxprofessional.com\/es\/wp-json\/wp\/v2\/pages\/12421\/revisions\/12540"}],"wp:featuredmedia":[{"embeddable":true,"href":"https:\/\/www.electroluxprofessional.com\/es\/wp-json\/wp\/v2\/media\/12355"}],"wp:attachment":[{"href":"https:\/\/www.electroluxprofessional.com\/es\/wp-json\/wp\/v2\/media?parent=12421"}],"curies":[{"name":"wp","href":"https:\/\/api.w.org\/{rel}","templated":true}]}}