{"id":12262,"date":"2016-11-14T09:01:16","date_gmt":"2016-11-14T09:01:16","guid":{"rendered":"https:\/\/www.electroluxprofessional.com\/?page_id=5133"},"modified":"2026-03-28T11:03:26","modified_gmt":"2026-03-28T11:03:26","slug":"educacion-ocio-y-deportes","status":"publish","type":"page","link":"https:\/\/www.electroluxprofessional.com\/es\/tu-negocio\/educacion-ocio-y-deportes\/","title":{"rendered":"Educaci\u00f3n, Ocio &#038; Deportes"},"content":{"rendered":"<p>[vc_row full_width=&#8221;electroluxpro-full-width-no-padding&#8221; css=&#8221;.vc_custom_1665128281316{margin-top: -50px !important;}&#8221;][vc_column][elx_full_banner title=&#8221;Educaci\u00f3n, Ocio y Deportes&#8221; background_image_media_library=&#8221;16973&#8243; background_image_media_library_mobile=&#8221;16974&#8243;][\/vc_column][\/vc_row][vc_row][vc_column width=&#8221;1\/4&#8243;][\/vc_column][vc_column width=&#8221;3\/4&#8243;][elx_heading font_container=&#8221;h1&#8243; font_size=&#8221;h3&#8243; text_color=&#8221;inherit&#8221;]Educaci\u00f3n, Ocio y Deportes[\/elx_heading][\/vc_column][\/vc_row][vc_row][vc_column][vc_column_text]<\/p>\n<p class=\"p1\">Electrolux Professional es el experto mundial en alimentaci\u00f3n y lavander\u00eda, y ofrece la mayor gama de soluciones y el programa m\u00e1s flexible del mercado. Soluciones completas de lavander\u00eda y alimentaci\u00f3n para tus instalaciones de educaci\u00f3n, ocio y deportes.<\/p>\n<p>[\/vc_column_text][vc_empty_space][\/vc_column][\/vc_row][vc_row][vc_column width=&#8221;1\/3&#8243;][elx_image_block background_image=&#8221;12256&#8243; vert_back_position=&#8221;top&#8221; minimum_height=&#8221;450px&#8221;][vc_column_text drop_caps=&#8221;big-first-letter&#8221;]<\/p>\n<h3>Prue Leith<br \/>\nChefs Academy<\/h3>\n<p>Pretoria, South Africa<br \/>\n<b>Academia de chefs<\/b><\/p>\n<p><em>&#8220;<\/em><i>Electrolux es un producto muy profesional, construido con un est\u00e1ndar muy alto. Somos la Academia de Chefs mejor clasificada de \u00c1frica. <\/i>Queremos que nuestros estudiantes sean los mejores y para ello tienen que trabajar y practicar con las mejores instalaciones y equipos del sector\u201c<br \/>\n<strong>Anthony Roberts<\/strong>, Director[\/vc_column_text][\/vc_column][vc_column width=&#8221;1\/3&#8243;][elx_image_block background_image=&#8221;12257&#8243; vert_back_position=&#8221;top&#8221; minimum_height=&#8221;450px&#8221;][vc_column_text drop_caps=&#8221;big-first-letter&#8221;]<\/p>\n<h3>FICO<br \/>\nEataly World<\/h3>\n<p>Bologna, Italy<br \/>\n<b>Ocio<\/b><\/p>\n<p><em>&#8220;<\/em><i>El objetivo de usar una gran tecnolog\u00eda en la cocina es que los ingredientes primarios resulten lo menos afectados posible. Insistimos en que los 47 restaurantes de FICO tienen que estar equipados con productos Electrolux, que lleva con nosotros desde el inicio de nuestra andadura.<\/i>\u201c<br \/>\n<strong>Oscar Farinetti<\/strong>, Honorary president[\/vc_column_text][\/vc_column][vc_column width=&#8221;1\/3&#8243;][elx_image_block background_image=&#8221;1986&#8243; vert_back_position=&#8221;top&#8221; minimum_height=&#8221;450px&#8221;][vc_column_text drop_caps=&#8221;big-first-letter&#8221;]<\/p>\n<h3>Campus Diemen Zuid<\/h3>\n<p class=\"p1\">Pa\u00edses Bajos<br \/>\n<b>Lavander\u00eda del edificio de apartamentos<\/b><\/p>\n<p class=\"p1\">El Campus de Diemen Zuid necesitaba unas instalaciones de lavander\u00eda modernas para los residentes del edificio de apartamentos. En respuesta, fueron capaces de ofrecer una soluci\u00f3n completa: unos resultados de lavado de primera calidad con detergentes incluidos, integraci\u00f3n con el sistema de pago del Campus y sin necesidad de inversi\u00f3n inicial, ya que los residentes pagan ellos mismos las m\u00e1quinas con cada lavado.<\/p>\n<p>[\/vc_column_text][\/vc_column][\/vc_row][vc_row][vc_column width=&#8221;1\/3&#8243;][elx_image_block background_image=&#8221;557&#8243; vert_back_position=&#8221;top&#8221; minimum_height=&#8221;450px&#8221;][vc_column_text drop_caps=&#8221;big-first-letter&#8221;]<\/p>\n<h3>ICCA Dubai<\/h3>\n<p>Dubai<br \/>\n<b>Teatro culinario<\/b><\/p>\n<p><em>&#8220;<\/em><i>Creemos en marcar la diferencia en el sector y dicha diferencia vino al asociarnos con Electrolux Professional. Hemos unido formaci\u00f3n profesional y tecnolog\u00eda profesional en una \u00fanica plataforma, configurada para tener un gran impacto en el sector y en el \u00e9xito de nuestros chefs<\/i>\u201c<br \/>\n<strong>Sunjeh Raja<\/strong>, Director[\/vc_column_text][\/vc_column][vc_column width=&#8221;1\/3&#8243;][elx_image_block background_image=&#8221;2167&#8243; minimum_height=&#8221;450px&#8221;][vc_column_text drop_caps=&#8221;big-first-letter&#8221;]<\/p>\n<h3 class=\"p1\"><b>Parque de playa <\/b>Zeeuwse Kust<\/h3>\n<p class=\"p1\">Pa\u00edses Bajos<br \/>\n<b>Parque de ocio<\/b><\/p>\n<p><em>&#8220;<\/em><i>Hemos aprovechado el concepto de Pago por Lavado de Electrolux. No hemos tenido que invertir en los equipos, sino que tanto nosotros como nuestros clientes pagamos una tarifa fija por ciclo de lavado y secado. Esta soluci\u00f3n, junto con la solidez, la facilidad de uso de sus mandos y la gran calidad general de sus equipos, hicieron que elegir Electrolux fuera muy f\u00e1cil<\/i><em>&#8220;<\/em><br \/>\n<strong>Marc Ruijtenberg<\/strong>[\/vc_column_text][\/vc_column][vc_column width=&#8221;1\/3&#8243;][elx_image_block background_image=&#8221;2008&#8243; minimum_height=&#8221;450px&#8221;][vc_column_text drop_caps=&#8221;big-first-letter&#8221;]<\/p>\n<h3 class=\"p1\"><b>Club de futbol Union Berlin<\/b><\/h3>\n<p>Germany<br \/>\n<b>Cocina del estadio<\/b><\/p>\n<p class=\"p1\">Electrolux Professional puede ofrecer toda la gama de soluciones; una ventaja que ning\u00fan otro competidor puede batir. Adem\u00e1s, Electrolux ofrece una soluci\u00f3n completa para planificar comidas Cook &amp; Chill para 1900 personas. Ese fue el toque final de nuestra historia de \u00e9xito.<\/p>\n<p>[\/vc_column_text][\/vc_column][\/vc_row][vc_row][vc_column][elx_heading text_color=&#8221;inherit&#8221;]Descubre nuestras soluciones para instalaciones educativas[\/elx_heading][\/vc_column][\/vc_row][vc_row][vc_column width=&#8221;1\/3&#8243;][elx_download_block text=&#8221;Folleto de Soluciones para Educaci\u00f3n&#8221; file_picker=&#8221;25204&#8243; background_color=&#8221;orange&#8221;][\/vc_column][vc_column width=&#8221;1\/3&#8243;][\/vc_column][vc_column width=&#8221;1\/3&#8243;][\/vc_column][\/vc_row][vc_row css=&#8221;.vc_custom_1542027396835{background-color: #eeeeee !important;}&#8221;][vc_column][elx_heading text_color=&#8221;inherit&#8221;]Tambi\u00e9n te puede gustar[\/elx_heading][\/vc_column][\/vc_row][vc_row css=&#8221;.vc_custom_1542027408159{background-color: #eeeeee !important;}&#8221;][vc_column width=&#8221;1\/3&#8243;][elx_maylike_box id_box=&#8221;12258&#8243;][\/vc_column][vc_column width=&#8221;1\/3&#8243;][elx_maylike_box id_box=&#8221;12259&#8243;][\/vc_column][vc_column width=&#8221;1\/3&#8243;][elx_maylike_box id_box=&#8221;12261&#8243;][\/vc_column][\/vc_row][vc_row][vc_column][vc_empty_space][elx_heading text_color=&#8221;inherit&#8221;]Ponte en contacto con el experto.[\/elx_heading][elx_o2000_contact_us s=&#8221;Request of information about education, leisure and sports&#8221; country=&#8221;Spain&#8221; container=&#8221;elxcontactus1487857958&#8243; r=&#8221;I would like to find out more about solutions for education, leisure and sports. Please get in touch with me.&#8221; l=&#8221;es&#8221;][vc_empty_space][\/vc_column][\/vc_row]<\/p>\n","protected":false},"excerpt":{"rendered":"<p>[vc_row full_width=&#8221;electroluxpro-full-width-no-padding&#8221; css=&#8221;.vc_custom_1665128281316{margin-top: -50px !important;}&#8221;][vc_column][elx_full_banner title=&#8221;Educaci\u00f3n, Ocio y Deportes&#8221; background_image_media_library=&#8221;16973&#8243; background_image_media_library_mobile=&#8221;16974&#8243;][\/vc_column][\/vc_row][vc_row][vc_column width=&#8221;1\/4&#8243;][\/vc_column][vc_column width=&#8221;3\/4&#8243;][elx_heading font_container=&#8221;h1&#8243; font_size=&#8221;h3&#8243; text_color=&#8221;inherit&#8221;]Educaci\u00f3n, Ocio y Deportes[\/elx_heading][\/vc_column][\/vc_row][vc_row][vc_column][vc_column_text] Electrolux Professional es el experto mundial en alimentaci\u00f3n y lavander\u00eda, y ofrece la mayor gama de soluciones y el programa m\u00e1s flexible del mercado. Soluciones completas de lavander\u00eda y alimentaci\u00f3n para tus instalaciones de educaci\u00f3n, ocio [&hellip;]<\/p>\n","protected":false},"author":197,"featured_media":0,"parent":3874,"menu_order":0,"comment_status":"closed","ping_status":"closed","template":"","meta":{"footnotes":""},"class_list":["post-12262","page","type-page","status-publish","hentry"],"acf":[],"yoast_head":"<!-- This site is optimized with the Yoast SEO plugin v23.4 - https:\/\/yoast.com\/wordpress\/plugins\/seo\/ -->\n<title>Soluciones Educaci\u00f3n, Ocio y Deportes | Electrolux Professional<\/title>\n<meta name=\"description\" content=\"Electrolux Professional ofrece soluciones innovadoras para el sector de educaci\u00f3n, ocio y deportes, con productos personalizables y tecnolog\u00edas sostenibles.\" \/>\n<meta name=\"robots\" content=\"index, follow, max-snippet:-1, max-image-preview:large, max-video-preview:-1\" \/>\n<link rel=\"canonical\" href=\"https:\/\/www.electroluxprofessional.com\/es\/tu-negocio\/educacion-ocio-y-deportes\/\" \/>\n<meta property=\"og:locale\" content=\"es_ES\" \/>\n<meta property=\"og:type\" content=\"article\" \/>\n<meta property=\"og:title\" content=\"Soluciones Educaci\u00f3n, Ocio y Deportes | Electrolux Professional\" \/>\n<meta property=\"og:description\" content=\"Electrolux Professional ofrece soluciones innovadoras para el sector de educaci\u00f3n, ocio y deportes, con productos personalizables y tecnolog\u00edas sostenibles.\" \/>\n<meta property=\"og:url\" content=\"https:\/\/www.electroluxprofessional.com\/es\/tu-negocio\/educacion-ocio-y-deportes\/\" \/>\n<meta property=\"og:site_name\" content=\"Electrolux Professional Espa\u00f1a\" \/>\n<meta property=\"article:modified_time\" content=\"2026-03-28T11:03:26+00:00\" \/>\n<meta name=\"twitter:card\" content=\"summary_large_image\" \/>\n<meta name=\"twitter:label1\" content=\"Tiempo de lectura\" \/>\n\t<meta name=\"twitter:data1\" content=\"4 minutos\" \/>\n<script type=\"application\/ld+json\" class=\"yoast-schema-graph\">{\"@context\":\"https:\/\/schema.org\",\"@graph\":[{\"@type\":\"WebPage\",\"@id\":\"https:\/\/www.electroluxprofessional.com\/es\/tu-negocio\/educacion-ocio-y-deportes\/\",\"url\":\"https:\/\/www.electroluxprofessional.com\/es\/tu-negocio\/educacion-ocio-y-deportes\/\",\"name\":\"Soluciones Educaci\u00f3n, Ocio y Deportes | Electrolux Professional\",\"isPartOf\":{\"@id\":\"https:\/\/www.electroluxprofessional.com\/es\/#website\"},\"datePublished\":\"2016-11-14T09:01:16+00:00\",\"dateModified\":\"2026-03-28T11:03:26+00:00\",\"description\":\"Electrolux Professional ofrece soluciones innovadoras para el sector de educaci\u00f3n, ocio y deportes, con productos personalizables y tecnolog\u00edas sostenibles.\",\"breadcrumb\":{\"@id\":\"https:\/\/www.electroluxprofessional.com\/es\/tu-negocio\/educacion-ocio-y-deportes\/#breadcrumb\"},\"inLanguage\":\"es\",\"potentialAction\":[{\"@type\":\"ReadAction\",\"target\":[\"https:\/\/www.electroluxprofessional.com\/es\/tu-negocio\/educacion-ocio-y-deportes\/\"]}]},{\"@type\":\"BreadcrumbList\",\"@id\":\"https:\/\/www.electroluxprofessional.com\/es\/tu-negocio\/educacion-ocio-y-deportes\/#breadcrumb\",\"itemListElement\":[{\"@type\":\"ListItem\",\"position\":1,\"name\":\"Home\",\"item\":\"https:\/\/www.electroluxprofessional.com\/es\/\"},{\"@type\":\"ListItem\",\"position\":2,\"name\":\"Tu negocio\",\"item\":\"https:\/\/www.electroluxprofessional.com\/es\/tu-negocio\/\"},{\"@type\":\"ListItem\",\"position\":3,\"name\":\"Educaci\u00f3n, Ocio &#038; Deportes\"}]},{\"@type\":\"WebSite\",\"@id\":\"https:\/\/www.electroluxprofessional.com\/es\/#website\",\"url\":\"https:\/\/www.electroluxprofessional.com\/es\/\",\"name\":\"Electrolux Professional Espa\u00f1a\",\"description\":\"Equipamiento cocinas profesionales y lavander\u00edas comerciales. Excelencia en el suministro de soluciones profesionales.\",\"potentialAction\":[{\"@type\":\"SearchAction\",\"target\":{\"@type\":\"EntryPoint\",\"urlTemplate\":\"https:\/\/www.electroluxprofessional.com\/es\/?src={search_term_string}\"},\"query-input\":{\"@type\":\"PropertyValueSpecification\",\"valueRequired\":true,\"valueName\":\"search_term_string\"}}],\"inLanguage\":\"es\"}]}<\/script>\n<!-- \/ Yoast SEO plugin. -->","yoast_head_json":{"title":"Soluciones Educaci\u00f3n, Ocio y Deportes | Electrolux Professional","description":"Electrolux Professional ofrece soluciones innovadoras para el sector de educaci\u00f3n, ocio y deportes, con productos personalizables y tecnolog\u00edas sostenibles.","robots":{"index":"index","follow":"follow","max-snippet":"max-snippet:-1","max-image-preview":"max-image-preview:large","max-video-preview":"max-video-preview:-1"},"canonical":"https:\/\/www.electroluxprofessional.com\/es\/tu-negocio\/educacion-ocio-y-deportes\/","og_locale":"es_ES","og_type":"article","og_title":"Soluciones Educaci\u00f3n, Ocio y Deportes | Electrolux Professional","og_description":"Electrolux Professional ofrece soluciones innovadoras para el sector de educaci\u00f3n, ocio y deportes, con productos personalizables y tecnolog\u00edas sostenibles.","og_url":"https:\/\/www.electroluxprofessional.com\/es\/tu-negocio\/educacion-ocio-y-deportes\/","og_site_name":"Electrolux Professional Espa\u00f1a","article_modified_time":"2026-03-28T11:03:26+00:00","twitter_card":"summary_large_image","twitter_misc":{"Tiempo de lectura":"4 minutos"},"schema":{"@context":"https:\/\/schema.org","@graph":[{"@type":"WebPage","@id":"https:\/\/www.electroluxprofessional.com\/es\/tu-negocio\/educacion-ocio-y-deportes\/","url":"https:\/\/www.electroluxprofessional.com\/es\/tu-negocio\/educacion-ocio-y-deportes\/","name":"Soluciones Educaci\u00f3n, Ocio y Deportes | Electrolux Professional","isPartOf":{"@id":"https:\/\/www.electroluxprofessional.com\/es\/#website"},"datePublished":"2016-11-14T09:01:16+00:00","dateModified":"2026-03-28T11:03:26+00:00","description":"Electrolux Professional ofrece soluciones innovadoras para el sector de educaci\u00f3n, ocio y deportes, con productos personalizables y tecnolog\u00edas sostenibles.","breadcrumb":{"@id":"https:\/\/www.electroluxprofessional.com\/es\/tu-negocio\/educacion-ocio-y-deportes\/#breadcrumb"},"inLanguage":"es","potentialAction":[{"@type":"ReadAction","target":["https:\/\/www.electroluxprofessional.com\/es\/tu-negocio\/educacion-ocio-y-deportes\/"]}]},{"@type":"BreadcrumbList","@id":"https:\/\/www.electroluxprofessional.com\/es\/tu-negocio\/educacion-ocio-y-deportes\/#breadcrumb","itemListElement":[{"@type":"ListItem","position":1,"name":"Home","item":"https:\/\/www.electroluxprofessional.com\/es\/"},{"@type":"ListItem","position":2,"name":"Tu negocio","item":"https:\/\/www.electroluxprofessional.com\/es\/tu-negocio\/"},{"@type":"ListItem","position":3,"name":"Educaci\u00f3n, Ocio &#038; Deportes"}]},{"@type":"WebSite","@id":"https:\/\/www.electroluxprofessional.com\/es\/#website","url":"https:\/\/www.electroluxprofessional.com\/es\/","name":"Electrolux Professional Espa\u00f1a","description":"Equipamiento cocinas profesionales y lavander\u00edas comerciales. Excelencia en el suministro de soluciones profesionales.","potentialAction":[{"@type":"SearchAction","target":{"@type":"EntryPoint","urlTemplate":"https:\/\/www.electroluxprofessional.com\/es\/?src={search_term_string}"},"query-input":{"@type":"PropertyValueSpecification","valueRequired":true,"valueName":"search_term_string"}}],"inLanguage":"es"}]}},"_links":{"self":[{"href":"https:\/\/www.electroluxprofessional.com\/es\/wp-json\/wp\/v2\/pages\/12262"}],"collection":[{"href":"https:\/\/www.electroluxprofessional.com\/es\/wp-json\/wp\/v2\/pages"}],"about":[{"href":"https:\/\/www.electroluxprofessional.com\/es\/wp-json\/wp\/v2\/types\/page"}],"author":[{"embeddable":true,"href":"https:\/\/www.electroluxprofessional.com\/es\/wp-json\/wp\/v2\/users\/197"}],"replies":[{"embeddable":true,"href":"https:\/\/www.electroluxprofessional.com\/es\/wp-json\/wp\/v2\/comments?post=12262"}],"version-history":[{"count":6,"href":"https:\/\/www.electroluxprofessional.com\/es\/wp-json\/wp\/v2\/pages\/12262\/revisions"}],"predecessor-version":[{"id":25964,"href":"https:\/\/www.electroluxprofessional.com\/es\/wp-json\/wp\/v2\/pages\/12262\/revisions\/25964"}],"up":[{"embeddable":true,"href":"https:\/\/www.electroluxprofessional.com\/es\/wp-json\/wp\/v2\/pages\/3874"}],"wp:attachment":[{"href":"https:\/\/www.electroluxprofessional.com\/es\/wp-json\/wp\/v2\/media?parent=12262"}],"curies":[{"name":"wp","href":"https:\/\/api.w.org\/{rel}","templated":true}]}}