{"id":11927,"date":"2019-11-08T15:54:08","date_gmt":"2019-11-08T13:54:08","guid":{"rendered":"https:\/\/www.electroluxprofessional.com\/?page_id=26409"},"modified":"2021-02-24T17:38:59","modified_gmt":"2021-02-24T17:38:59","slug":"faq-mypro-washer","status":"publish","type":"page","link":"https:\/\/www.electroluxprofessional.com\/es\/equipamiento-lavanderia-comercial\/lavadoras-secadoras-y-rodillos-de-vapor-para-pequenas-empresas\/faq-mypro-washer\/","title":{"rendered":"Preguntas frecuentes &#8211; myPRO Washer"},"content":{"rendered":"<p>[vc_row][vc_column][vc_single_image image=&#8221;11926&#8243;][elx_heading font_container=&#8221;h1&#8243; text_color=&#8221;inherit&#8221;]Preguntas frecuentes &#8211; myPRO Washer[\/elx_heading][vc_empty_space][elx_heading text_color=&#8221;inherit&#8221;]El latiguillo de entrada de mi lavadora tiene fugas<br \/>\n[\/elx_heading][vc_column_text]<\/p>\n<p class=\"p1\"><span class=\"s1\">Para resolver el problema:<\/span><\/p>\n<ul class=\"ul1\">\n<li class=\"li2\"><span class=\"s3\">Verifique que el conector del tubo de entrada est\u00e9 correctamente roscado en la entrada de la pared o en el grifo de agua.\u00a0No utilice alicates o similares para presionar el conector. \u00a1Solo debe presionarlo a mano!<\/span><\/li>\n<li class=\"li3\"><span class=\"s3\">Verifique que no haya fugas del grifo de entrada de agua.\u00a0Si encuentra una fuga proveniente del grifo, llame a un fontanero para resolver el problema.<\/span><\/li>\n<\/ul>\n<p>[\/vc_column_text][elx_heading text_color=&#8221;inherit&#8221;]C\u00f3mo limpiar la junta de goma de la puerta de su lavadora[\/elx_heading][vc_column_text]<\/p>\n<p class=\"p1\"><span class=\"s1\">C\u00f3mo limpiar la junta de goma de la puerta y otras partes internas de su lavadora:<\/span><\/p>\n<ul class=\"ul1\">\n<li class=\"li2\"><span class=\"s3\">Esto tambi\u00e9n puede resolver problemas de marcas o manchas en la ropa si los programas de lavado r\u00e1pido o de baja temperatura se usan con mucha frecuencia.<\/span><\/li>\n<li class=\"li2\"><span class=\"s3\">Ejecute varios ciclos de lavado a 90\u00b0C, sin lavar la ropa y con una taza de carbonato de sodio en el tambor para limpiar la junta de goma.\u00a0(El carbonato de sodio irrita la piel y las membranas mucosas. \u00a1Util\u00edcelo con extrema precauci\u00f3n!)<\/span><\/li>\n<li class=\"li3\"><span class=\"s3\">O puede usar nuestro limpiador especial para lavadora de Electrolux Professional.<\/span><\/li>\n<\/ul>\n<p>[\/vc_column_text][elx_heading text_color=&#8221;inherit&#8221;]Mi lavadora hace ruido: se mueve y tiembla cuando estoy en el ciclo de centrifugado[\/elx_heading][vc_column_text]<\/p>\n<p class=\"p1\"><span class=\"s1\">Aseg\u00farese de que los\u00a0<b>tornillos de transporte<\/b>\u00a0se hayan quitado de la parte posterior del aparato.<br \/>\nNivele el aparato levantando o bajando\u00a0<b>las patas<\/b>.\u00a0El aparato debe ser estable en un\u00a0<b>suelo<\/b>\u00a0duro y\u00a0<b>plano<\/b>.\u00a0Si es necesario, usa un nivel de burbuja.\u00a0Cualquier ajuste puede hacerse con una llave inglesa.\u00a0Es importante que no quede cojo, ya que el aparato vibrar\u00e1 durante el centrifugado.<br \/>\nAseg\u00farese de que todas las mangueras est\u00e9n bien ajustadas y sujetas a la parte posterior de la carcasa del aparato. <\/span><\/p>\n<p class=\"p1\"><span class=\"s1\">Las\u00a0<b>mangueras<\/b>\u00a0sueltas\u00a0pueden vibrar contra el aparato durante los ciclos de centrifugado y emitir un ruido de &#8220;golpeteo&#8221;.<br \/>\nCompruebe que\u00a0<b>el lavado<\/b>\u00a0se haya cargado correctamente y aseg\u00farese de que no haya prendas atrapadas entre la puerta y el tambor.<\/span><\/p>\n<p class=\"p1\"><span class=\"s1\"><br \/>\n<b>\u00a1RECUERDA!\u00a0<\/b>Tener solo un elemento cargado puede causar un giro desequilibrado, igual que un tambor sobrecargado.<br \/>\nEn caso de monedas sueltas, encendedores, botones u otros objetos peque\u00f1os atrapados en el\u00a0<b>filtro de desag\u00fce<\/b>, revise el filtro si su m\u00e1quina tiene uno visible.\u00a0Consulte su manual de usuario para obtener instrucciones sobre c\u00f3mo hacerlo.<br \/>\nAlambres\/varillas sueltas de los sujetadores: compruebe los orificios del tambor entre las secciones del tambor.<\/span><span class=\"s2\"><br \/>\n<\/span><span class=\"s1\">Ruido normal: puede ocurrir durante todo el ciclo, por ejemplo, hebillas y cremalleras golpean el vidrio, vibraciones en los ciclos de centrifugado, bombas y motores en funcionamiento, toma de agua en ciclos de llenado, elementos que se calientan, ventiladores que funcionan en ciclos de secado (solo lavadoras-secadoras), pitidos al cambiar los ciclos, electr\u00f3nica al inicio y al final del ciclo.<\/span><\/p>\n<p>[\/vc_column_text][elx_heading text_color=&#8221;inherit&#8221;]El cierre de puerta de mi lavadora est\u00e1 rota[\/elx_heading][vc_column_text]<\/p>\n<p class=\"p1\"><span class=\"s1\">Cuando un programa acaba de terminar, la puerta no se puede abrir al principio.\u00a0No se preocupe, esto no significa que est\u00e9 roto: esta es una caracter\u00edstica est\u00e1ndar y la cerradura de la puerta se abrir\u00e1 despu\u00e9s de unos 2-5 minutos.<br \/>\nSi a\u00fan no puede abrir la puerta despu\u00e9s de 2-5 minutos, verifique si alguna parte del cierre de la puerta presenta da\u00f1os.\u00a0Si es as\u00ed, deber\u00e1 ponerse en contacto con el servicio t\u00e9cnico para resolver este problema por usted.<\/span><\/p>\n<p>[\/vc_column_text][elx_heading text_color=&#8221;inherit&#8221;]La junta de la puerta de la puerta de mi lavadora est\u00e1 retorcida y gotea[\/elx_heading][vc_column_text]<\/p>\n<p class=\"p1\"><span class=\"s1\">El da\u00f1o de la junta de la puerta normalmente es causado por:<\/span><\/p>\n<ul class=\"ul1\">\n<li class=\"li2\"><span class=\"s3\">Sobrecarga de la m\u00e1quina<\/span><\/li>\n<li class=\"li3\"><span class=\"s3\">La ropa queda atrapada entre la junta y el vidrio de la puerta al comienzo de un programa de lavado.<\/span><\/li>\n<\/ul>\n<p class=\"p4\"><span class=\"s1\">Para que podamos ayudarlo m\u00e1s, y determinar la naturaleza exacta de su problema y resolverlo, le recomendamos ponerse en contacto con el servicio t\u00e9cnico para que lo visite y examinar su m\u00e1quina.<\/span><\/p>\n<p>[\/vc_column_text][elx_heading text_color=&#8221;inherit&#8221;]La ropa se encoge despu\u00e9s del lavado.[\/elx_heading][vc_column_text]<\/p>\n<p class=\"p1\"><span class=\"s1\"><b>C\u00f3mo lavar la lana<\/b><br \/>\nLa lana es una fibra natural con una amplia variedad de aplicaciones.\u00a0Puede ser un material dif\u00edcil y debe tratarse con cuidado para preservar su forma, color y calidad.<\/span><\/p>\n<p class=\"p1\"><span class=\"s1\"><b>Lavado adecuado de lana<\/b><br \/>\nLa lana es un material natural que debe lavarse y secarse de cierta manera.\u00a0Tambi\u00e9n siempre es recomendable seguir las instrucciones de lavado en la ropa.<\/span><\/p>\n<p class=\"p4\"><span class=\"s1\"><b>Cuando lave la lana, no use<\/b> <b>detergente que contenga enzimas. <\/b><\/span><\/p>\n<p class=\"p4\"><span class=\"s1\">La mayor\u00eda de los tipos de detergentes para lavar la ropa contienen enzimas que ayudan a disolver la grasa y la suciedad, lo que facilita la limpieza de la ropa.\u00a0La lana no puede tolerar las enzimas, ya que pueden disolver la lana.\u00a0Como tal, es muy importante que no lave la lana con un detergente que contenga enzimas.\u00a0Puede comprar detergentes especiales de lana para este prop\u00f3sito.<\/span><\/p>\n<p>[\/vc_column_text][elx_heading text_color=&#8221;inherit&#8221;]Manchas en la ropa<br \/>\n[\/elx_heading][vc_column_text]<\/p>\n<p class=\"p1\"><span class=\"s1\"><b>Causa<\/b><br \/>\nSi alguna vez solo lava a 40 \u00b0C o menos, esto eventualmente puede dar una acumulaci\u00f3n de detergente y residuos de suciedad en la lavadora, causando manchas grises en la ropa.<\/span><\/p>\n<p class=\"p1\"><span class=\"s1\">Las manchas en la ropa \/ tejidos tambi\u00e9n pueden ser causadas por una reacci\u00f3n qu\u00edmica a ciertos productos de cuidado personal o del hogar en combinaci\u00f3n con el detergente, por ejemplo:<\/span><\/p>\n<p class=\"p1\"><span class=\"s1\"><br \/>\n\u2022 Blanqueador dom\u00e9stico<br \/>\n\u2022 Crema para el acn\u00e9<br \/>\n\u2022 Champ\u00fa<br \/>\n\u2022 Perfumes<br \/>\n\u2022 Geles<br \/>\n\u2022 Tinte para el cabello<\/span><\/p>\n<p class=\"p1\"><span class=\"s1\"><b>Soluci\u00f3n<\/b><br \/>\nLa soluci\u00f3n es ejecutar varios ciclos de lavado a 90 \u00b0C, sin lavar la ropa, pero con una taza de carbonato de sodio en el tambor para limpiar las juntas y las partes internas de la lavadora.\u00a0(El carbonato de sodio irrita la piel y las membranas mucosas. \u00a1Util\u00edcelo con extrema precauci\u00f3n!)<\/span><\/p>\n<p class=\"p3\"><span class=\"s1\">O puede usar nuestro limpiador especial para lavadora Electrolux.<\/span><\/p>\n<p>[\/vc_column_text][vc_empty_space][elx_button button_text=&#8221;IR A LAS LAVADORAS, SECADORAS Y PLANCHAS DE VAPOR MYPRO &#8221; button_style=&#8221;icon&#8221; button_link=&#8221;url:https%3A%2F%2Fwww.electroluxprofessional.com%2Fes%2Fequipamiento-lavanderia-comercial%2Flavadoras-secadoras-y-planchas-de-vapor-para-pequenas-empresas%2F|||&#8221;][elx_button button_text=&#8221;IR A MYPROZIP PARA LAVANDER\u00cdA OPERADA POR LOS HU\u00c9SPEDES&#8221; button_style=&#8221;icon&#8221; button_link=&#8221;url:https%3A%2F%2Fwww.electroluxprofessional.com%2Fes%2Fequipamiento-lavanderia-comercial%2Flavadora-y-secadora-myprozip%2F|||&#8221;][vc_empty_space][\/vc_column][\/vc_row]<\/p>\n","protected":false},"excerpt":{"rendered":"<p>[vc_row][vc_column][vc_single_image image=&#8221;11926&#8243;][elx_heading font_container=&#8221;h1&#8243; text_color=&#8221;inherit&#8221;]Preguntas frecuentes &#8211; myPRO Washer[\/elx_heading][vc_empty_space][elx_heading text_color=&#8221;inherit&#8221;]El latiguillo de entrada de mi lavadora tiene fugas [\/elx_heading][vc_column_text] Para resolver el problema: Verifique que el conector del tubo de entrada est\u00e9 correctamente roscado en la entrada de la pared o en el grifo de agua.\u00a0No utilice alicates o similares para presionar el conector. \u00a1Solo debe [&hellip;]<\/p>\n","protected":false},"author":197,"featured_media":0,"parent":10640,"menu_order":0,"comment_status":"closed","ping_status":"closed","template":"page-campaigns.php","meta":{"footnotes":""},"class_list":["post-11927","page","type-page","status-publish","hentry"],"acf":[],"yoast_head":"<!-- This site is optimized with the Yoast SEO plugin v23.4 - https:\/\/yoast.com\/wordpress\/plugins\/seo\/ -->\n<title>FAQ myPRO: lavadora, secadora y plancha Peque\u00f1as Empresas<\/title>\n<meta name=\"description\" content=\"Electrolux Professional te trae equipamiento lavanderia comercial, lavadoras, secadoras y planchas de vapor para peque\u00f1as empresasfaq mypro washer.\" \/>\n<meta name=\"robots\" content=\"index, follow, max-snippet:-1, max-image-preview:large, max-video-preview:-1\" \/>\n<link rel=\"canonical\" href=\"https:\/\/www.electroluxprofessional.com\/es\/equipamiento-lavanderia-comercial\/lavadoras-secadoras-y-rodillos-de-vapor-para-pequenas-empresas\/faq-mypro-washer\/\" \/>\n<meta property=\"og:locale\" content=\"es_ES\" \/>\n<meta property=\"og:type\" content=\"article\" \/>\n<meta property=\"og:title\" content=\"FAQ myPRO: lavadora, secadora y plancha Peque\u00f1as Empresas\" \/>\n<meta property=\"og:description\" content=\"Electrolux Professional te trae equipamiento lavanderia comercial, lavadoras, secadoras y planchas de vapor para peque\u00f1as empresasfaq mypro washer.\" \/>\n<meta property=\"og:url\" content=\"https:\/\/www.electroluxprofessional.com\/es\/equipamiento-lavanderia-comercial\/lavadoras-secadoras-y-rodillos-de-vapor-para-pequenas-empresas\/faq-mypro-washer\/\" \/>\n<meta property=\"og:site_name\" content=\"Electrolux Professional Espa\u00f1a\" \/>\n<meta property=\"article:modified_time\" content=\"2021-02-24T17:38:59+00:00\" \/>\n<meta name=\"twitter:card\" content=\"summary_large_image\" \/>\n<meta name=\"twitter:label1\" content=\"Tiempo de lectura\" \/>\n\t<meta name=\"twitter:data1\" content=\"6 minutos\" \/>\n<script type=\"application\/ld+json\" class=\"yoast-schema-graph\">{\"@context\":\"https:\/\/schema.org\",\"@graph\":[{\"@type\":\"WebPage\",\"@id\":\"https:\/\/www.electroluxprofessional.com\/es\/equipamiento-lavanderia-comercial\/lavadoras-secadoras-y-rodillos-de-vapor-para-pequenas-empresas\/faq-mypro-washer\/\",\"url\":\"https:\/\/www.electroluxprofessional.com\/es\/equipamiento-lavanderia-comercial\/lavadoras-secadoras-y-rodillos-de-vapor-para-pequenas-empresas\/faq-mypro-washer\/\",\"name\":\"FAQ myPRO: lavadora, secadora y plancha Peque\u00f1as Empresas\",\"isPartOf\":{\"@id\":\"https:\/\/www.electroluxprofessional.com\/es\/#website\"},\"datePublished\":\"2019-11-08T13:54:08+00:00\",\"dateModified\":\"2021-02-24T17:38:59+00:00\",\"description\":\"Electrolux Professional te trae equipamiento lavanderia comercial, lavadoras, secadoras y planchas de vapor para peque\u00f1as empresasfaq mypro washer.\",\"breadcrumb\":{\"@id\":\"https:\/\/www.electroluxprofessional.com\/es\/equipamiento-lavanderia-comercial\/lavadoras-secadoras-y-rodillos-de-vapor-para-pequenas-empresas\/faq-mypro-washer\/#breadcrumb\"},\"inLanguage\":\"es\",\"potentialAction\":[{\"@type\":\"ReadAction\",\"target\":[\"https:\/\/www.electroluxprofessional.com\/es\/equipamiento-lavanderia-comercial\/lavadoras-secadoras-y-rodillos-de-vapor-para-pequenas-empresas\/faq-mypro-washer\/\"]}]},{\"@type\":\"BreadcrumbList\",\"@id\":\"https:\/\/www.electroluxprofessional.com\/es\/equipamiento-lavanderia-comercial\/lavadoras-secadoras-y-rodillos-de-vapor-para-pequenas-empresas\/faq-mypro-washer\/#breadcrumb\",\"itemListElement\":[{\"@type\":\"ListItem\",\"position\":1,\"name\":\"Home\",\"item\":\"https:\/\/www.electroluxprofessional.com\/es\/\"},{\"@type\":\"ListItem\",\"position\":2,\"name\":\"Equipamiento de Lavander\u00eda\",\"item\":\"https:\/\/www.electroluxprofessional.com\/es\/equipamiento-lavanderia-comercial\/\"},{\"@type\":\"ListItem\",\"position\":3,\"name\":\"Lavadoras, Secadoras y Rodillos de vapor para peque\u00f1as empresas.\",\"item\":\"https:\/\/www.electroluxprofessional.com\/es\/equipamiento-lavanderia-comercial\/lavadoras-secadoras-y-rodillos-de-vapor-para-pequenas-empresas\/\"},{\"@type\":\"ListItem\",\"position\":4,\"name\":\"Preguntas frecuentes &#8211; myPRO Washer\"}]},{\"@type\":\"WebSite\",\"@id\":\"https:\/\/www.electroluxprofessional.com\/es\/#website\",\"url\":\"https:\/\/www.electroluxprofessional.com\/es\/\",\"name\":\"Electrolux Professional Espa\u00f1a\",\"description\":\"Equipamiento cocinas profesionales y lavander\u00edas comerciales. Excelencia en el suministro de soluciones profesionales.\",\"potentialAction\":[{\"@type\":\"SearchAction\",\"target\":{\"@type\":\"EntryPoint\",\"urlTemplate\":\"https:\/\/www.electroluxprofessional.com\/es\/?src={search_term_string}\"},\"query-input\":{\"@type\":\"PropertyValueSpecification\",\"valueRequired\":true,\"valueName\":\"search_term_string\"}}],\"inLanguage\":\"es\"}]}<\/script>\n<!-- \/ Yoast SEO plugin. -->","yoast_head_json":{"title":"FAQ myPRO: lavadora, secadora y plancha Peque\u00f1as Empresas","description":"Electrolux Professional te trae equipamiento lavanderia comercial, lavadoras, secadoras y planchas de vapor para peque\u00f1as empresasfaq mypro washer.","robots":{"index":"index","follow":"follow","max-snippet":"max-snippet:-1","max-image-preview":"max-image-preview:large","max-video-preview":"max-video-preview:-1"},"canonical":"https:\/\/www.electroluxprofessional.com\/es\/equipamiento-lavanderia-comercial\/lavadoras-secadoras-y-rodillos-de-vapor-para-pequenas-empresas\/faq-mypro-washer\/","og_locale":"es_ES","og_type":"article","og_title":"FAQ myPRO: lavadora, secadora y plancha Peque\u00f1as Empresas","og_description":"Electrolux Professional te trae equipamiento lavanderia comercial, lavadoras, secadoras y planchas de vapor para peque\u00f1as empresasfaq mypro washer.","og_url":"https:\/\/www.electroluxprofessional.com\/es\/equipamiento-lavanderia-comercial\/lavadoras-secadoras-y-rodillos-de-vapor-para-pequenas-empresas\/faq-mypro-washer\/","og_site_name":"Electrolux Professional Espa\u00f1a","article_modified_time":"2021-02-24T17:38:59+00:00","twitter_card":"summary_large_image","twitter_misc":{"Tiempo de lectura":"6 minutos"},"schema":{"@context":"https:\/\/schema.org","@graph":[{"@type":"WebPage","@id":"https:\/\/www.electroluxprofessional.com\/es\/equipamiento-lavanderia-comercial\/lavadoras-secadoras-y-rodillos-de-vapor-para-pequenas-empresas\/faq-mypro-washer\/","url":"https:\/\/www.electroluxprofessional.com\/es\/equipamiento-lavanderia-comercial\/lavadoras-secadoras-y-rodillos-de-vapor-para-pequenas-empresas\/faq-mypro-washer\/","name":"FAQ myPRO: lavadora, secadora y plancha Peque\u00f1as Empresas","isPartOf":{"@id":"https:\/\/www.electroluxprofessional.com\/es\/#website"},"datePublished":"2019-11-08T13:54:08+00:00","dateModified":"2021-02-24T17:38:59+00:00","description":"Electrolux Professional te trae equipamiento lavanderia comercial, lavadoras, secadoras y planchas de vapor para peque\u00f1as empresasfaq mypro washer.","breadcrumb":{"@id":"https:\/\/www.electroluxprofessional.com\/es\/equipamiento-lavanderia-comercial\/lavadoras-secadoras-y-rodillos-de-vapor-para-pequenas-empresas\/faq-mypro-washer\/#breadcrumb"},"inLanguage":"es","potentialAction":[{"@type":"ReadAction","target":["https:\/\/www.electroluxprofessional.com\/es\/equipamiento-lavanderia-comercial\/lavadoras-secadoras-y-rodillos-de-vapor-para-pequenas-empresas\/faq-mypro-washer\/"]}]},{"@type":"BreadcrumbList","@id":"https:\/\/www.electroluxprofessional.com\/es\/equipamiento-lavanderia-comercial\/lavadoras-secadoras-y-rodillos-de-vapor-para-pequenas-empresas\/faq-mypro-washer\/#breadcrumb","itemListElement":[{"@type":"ListItem","position":1,"name":"Home","item":"https:\/\/www.electroluxprofessional.com\/es\/"},{"@type":"ListItem","position":2,"name":"Equipamiento de Lavander\u00eda","item":"https:\/\/www.electroluxprofessional.com\/es\/equipamiento-lavanderia-comercial\/"},{"@type":"ListItem","position":3,"name":"Lavadoras, Secadoras y Rodillos de vapor para peque\u00f1as empresas.","item":"https:\/\/www.electroluxprofessional.com\/es\/equipamiento-lavanderia-comercial\/lavadoras-secadoras-y-rodillos-de-vapor-para-pequenas-empresas\/"},{"@type":"ListItem","position":4,"name":"Preguntas frecuentes &#8211; myPRO Washer"}]},{"@type":"WebSite","@id":"https:\/\/www.electroluxprofessional.com\/es\/#website","url":"https:\/\/www.electroluxprofessional.com\/es\/","name":"Electrolux Professional Espa\u00f1a","description":"Equipamiento cocinas profesionales y lavander\u00edas comerciales. Excelencia en el suministro de soluciones profesionales.","potentialAction":[{"@type":"SearchAction","target":{"@type":"EntryPoint","urlTemplate":"https:\/\/www.electroluxprofessional.com\/es\/?src={search_term_string}"},"query-input":{"@type":"PropertyValueSpecification","valueRequired":true,"valueName":"search_term_string"}}],"inLanguage":"es"}]}},"_links":{"self":[{"href":"https:\/\/www.electroluxprofessional.com\/es\/wp-json\/wp\/v2\/pages\/11927"}],"collection":[{"href":"https:\/\/www.electroluxprofessional.com\/es\/wp-json\/wp\/v2\/pages"}],"about":[{"href":"https:\/\/www.electroluxprofessional.com\/es\/wp-json\/wp\/v2\/types\/page"}],"author":[{"embeddable":true,"href":"https:\/\/www.electroluxprofessional.com\/es\/wp-json\/wp\/v2\/users\/197"}],"replies":[{"embeddable":true,"href":"https:\/\/www.electroluxprofessional.com\/es\/wp-json\/wp\/v2\/comments?post=11927"}],"version-history":[{"count":1,"href":"https:\/\/www.electroluxprofessional.com\/es\/wp-json\/wp\/v2\/pages\/11927\/revisions"}],"predecessor-version":[{"id":11929,"href":"https:\/\/www.electroluxprofessional.com\/es\/wp-json\/wp\/v2\/pages\/11927\/revisions\/11929"}],"up":[{"embeddable":true,"href":"https:\/\/www.electroluxprofessional.com\/es\/wp-json\/wp\/v2\/pages\/10640"}],"wp:attachment":[{"href":"https:\/\/www.electroluxprofessional.com\/es\/wp-json\/wp\/v2\/media?parent=11927"}],"curies":[{"name":"wp","href":"https:\/\/api.w.org\/{rel}","templated":true}]}}