{"id":11906,"date":"2019-10-22T10:49:43","date_gmt":"2019-10-22T08:49:43","guid":{"rendered":"https:\/\/www.electroluxprofessional.com\/?page_id=26197"},"modified":"2021-02-22T08:25:05","modified_gmt":"2021-02-22T08:25:05","slug":"accesorios-y-consumibles-mypro","status":"publish","type":"page","link":"https:\/\/www.electroluxprofessional.com\/es\/equipamiento-lavanderia-comercial\/lavadoras-secadoras-y-rodillos-de-vapor-para-pequenas-empresas\/accesorios-y-consumibles-mypro\/","title":{"rendered":"Accesorios y consumibles para myPRO"},"content":{"rendered":"<p>[vc_row][vc_column][vc_single_image image=&#8221;11893&#8243;][elx_heading font_container=&#8221;h1&#8243; text_color=&#8221;inherit&#8221;]Accesorios y consumibles[\/elx_heading][elx_heading text_color=&#8221;inherit&#8221;]Experiencia profesional \u00fanica para peque\u00f1as empresas[\/elx_heading][vc_column_text]<\/p>\n<p class=\"p1\"><span class=\"s1\">\u00a1Mejora la experiencia myPro usando accesorios y consumibles de Electrolux Professional!<\/span><\/p>\n<p>[\/vc_column_text][elx_heading text_color=&#8221;inherit&#8221;]Accesorios myPRO[\/elx_heading][vc_empty_space][\/vc_column][\/vc_row][vc_row][vc_column width=&#8221;1\/3&#8243;][elx_video_block background_image=&#8221;11891&#8243; video_link=&#8221;https:\/\/www.youtube.com\/watch?v=CsdAuR8lJuQ&#8221; minimum_height=&#8221;350px&#8221;][\/vc_column][vc_column width=&#8221;1\/3&#8243;][elx_heading font_container=&#8221;h3&#8243; text_color=&#8221;inherit&#8221;]Kit de apilamiento[\/elx_heading][vc_column_text]<\/p>\n<p class=\"p1\"><span class=\"s1\">Ahorra espacio apilando la secadora encima de la lavadora.<\/span><\/p>\n<p>[\/vc_column_text][\/vc_column][vc_column width=&#8221;1\/3&#8243;][vc_single_image image=&#8221;11894&#8243; img_size=&#8221;full&#8221;][\/vc_column][\/vc_row][vc_row][vc_column width=&#8221;1\/3&#8243;][elx_video_block background_image=&#8221;11892&#8243; video_link=&#8221;https:\/\/www.youtube.com\/watch?v=wSMxXKyS3Fg&#8221; minimum_height=&#8221;350px&#8221;][\/vc_column][vc_column width=&#8221;1\/3&#8243;][elx_heading font_container=&#8221;h3&#8243; text_color=&#8221;inherit&#8221;]Pedestal[\/elx_heading][vc_column_text]<\/p>\n<p class=\"p1\"><span class=\"s1\">Levante la lavadora y la secadora sobre un z\u00f3calo para que est\u00e9n a la altura m\u00e1s ergon\u00f3mica.<\/span><\/p>\n<p>[\/vc_column_text][\/vc_column][vc_column width=&#8221;1\/3&#8243;][vc_single_image image=&#8221;11895&#8243; img_size=&#8221;full&#8221;][\/vc_column][\/vc_row][vc_row][vc_column][vc_empty_space][elx_heading text_color=&#8221;inherit&#8221;]Consumibles myPRO[\/elx_heading][\/vc_column][\/vc_row][vc_row disable_element=&#8221;yes&#8221; css=&#8221;.vc_custom_1571751251979{margin-bottom: 32px !important;}&#8221;][vc_column width=&#8221;2\/3&#8243;][vc_column_text]<\/p>\n<div class=\"wpb_text_column wpb_content_element \"><\/div>\n<p class=\"p1\"><span class=\"s1\">Los detergentes Cleanstar se desarrollan teniendo en cuenta tu negocio y el medio ambiente.<br \/>\nPara obtener mejores resultados de lavado, usa el producto que satisfaga tus necesidades.<\/span><\/p>\n<p>[\/vc_column_text][\/vc_column][vc_column width=&#8221;1\/3&#8243;][elx_download_block text=&#8221;Descargar cat\u00e1logo Cleanstar&#8221; document_type=&#8221;leaflets&#8221; background_color=&#8221;electrolux-blue&#8221;][\/vc_column][\/vc_row][vc_row css=&#8221;.vc_custom_1571737982010{margin-bottom: 32px !important;}&#8221;][vc_column][vc_column_text]<\/p>\n<div class=\"wpb_text_column wpb_content_element \"><\/div>\n<p class=\"p1\"><span class=\"s1\">Los detergentes Cleanstar se desarrollan teniendo en cuenta tu negocio y el medio ambiente.<br \/>\nPara obtener mejores resultados de lavado, usa el producto que satisfaga tus necesidades.<\/span><\/p>\n<p>[\/vc_column_text][\/vc_column][\/vc_row][vc_row equal_height=&#8221;yes&#8221; content_placement=&#8221;top&#8221;][vc_column width=&#8221;1\/3&#8243; css=&#8221;.vc_custom_1571734078120{margin-right: 5px !important;padding-top: 32px !important;padding-bottom: 32px !important;background-color: #cd5599 !important;}&#8221;][vc_single_image image=&#8221;11896&#8243; img_size=&#8221;full&#8221; alignment=&#8221;center&#8221; css=&#8221;.vc_custom_1571753935994{margin-top: 32px !important;}&#8221;][elx_heading font_container=&#8221;h3&#8243; text_color=&#8221;inherit&#8221; css=&#8221;.vc_custom_1571752005251{margin-top: 10px !important;}&#8221;]Gentle Wash<br \/>\nCleanstar<br \/>\n[\/elx_heading][vc_column_text]<\/p>\n<p class=\"p1\"><span class=\"s1\">Detergente l\u00edquido para prendas delicadas.<\/span><\/p>\n<p class=\"p1\"><span class=\"s1\">Con su formulaci\u00f3n derivada de materia prima vegetal, Cleanstar Gentle Wash limpia suavemente las prendas delicadas restaurando su suavidad original.<\/span><\/p>\n<p>[\/vc_column_text][vc_column_text]5 L<br \/>\nArt. no. 432730883[\/vc_column_text][vc_single_image image=&#8221;11897&#8243; img_size=&#8221;full&#8221; alignment=&#8221;center&#8221;][\/vc_column][vc_column width=&#8221;1\/3&#8243; css=&#8221;.vc_custom_1571736830643{margin-right: 5px !important;margin-left: 5px !important;background-color: #2acbd3 !important;}&#8221;][vc_single_image image=&#8221;11898&#8243; img_size=&#8221;full&#8221; alignment=&#8221;center&#8221; css=&#8221;.vc_custom_1571736775742{margin-top: 32px !important;}&#8221;][elx_heading font_container=&#8221;h3&#8243; text_color=&#8221;inherit&#8221; css=&#8221;.vc_custom_1571752037627{margin-top: 10px !important;}&#8221;]Soft Touch<br \/>\nCleanstar[\/elx_heading][vc_column_text]<\/p>\n<p class=\"p1\"><span class=\"s1\">Suavizante de lavado concentrado<\/span><\/p>\n<p class=\"p1\"><span class=\"s1\">Cleanstar Soft Touch restaura la elasticidad y suavidad de las fibras de tus prendas;\u00a0facilita el planchado y evita la acumulaci\u00f3n de electricidad est\u00e1tica.<\/span><\/p>\n<p>[\/vc_column_text][vc_column_text]5 L<br \/>\nArt. no.432730885[\/vc_column_text][vc_single_image image=&#8221;11897&#8243; img_size=&#8221;full&#8221; alignment=&#8221;center&#8221;][\/vc_column][vc_column width=&#8221;1\/3&#8243; css=&#8221;.vc_custom_1571736565660{margin-left: 5px !important;background-color: #8ebe44 !important;}&#8221;][vc_single_image image=&#8221;11899&#8243; img_size=&#8221;full&#8221; alignment=&#8221;center&#8221; css=&#8221;.vc_custom_1571736401723{margin-top: 32px !important;}&#8221;][elx_heading font_container=&#8221;h3&#8243; text_color=&#8221;inherit&#8221; css=&#8221;.vc_custom_1571752062909{margin-top: 10px !important;}&#8221;]Green liquid<br \/>\nCleanstar[\/elx_heading][vc_column_text]<\/p>\n<p class=\"p1\"><span class=\"s1\">Detergente l\u00edquido ecol\u00f3gico<\/span><\/p>\n<p class=\"p1\"><span class=\"s1\">Biodegradable, Cleanstar Green Liquid es un detergente innovador que contiene tensioactivos de materias primas vegetales;\u00a0elimina eficazmente las manchas al tiempo que conserva los colores y es suave con las fibras.<\/span><\/p>\n<p>[\/vc_column_text][vc_column_text]5 L<br \/>\nArt. no.432730882[\/vc_column_text][vc_single_image image=&#8221;11897&#8243; img_size=&#8221;full&#8221; alignment=&#8221;center&#8221;][\/vc_column][\/vc_row][vc_row][vc_column][vc_empty_space height=&#8221;10px&#8221;][\/vc_column][\/vc_row][vc_row equal_height=&#8221;yes&#8221; content_placement=&#8221;top&#8221; css=&#8221;.vc_custom_1571753087690{padding: 50px !important;}&#8221;][vc_column width=&#8221;1\/3&#8243; css=&#8221;.vc_custom_1571737082706{margin-right: 5px !important;padding-top: 32px !important;padding-bottom: 32px !important;background-color: #ea5918 !important;}&#8221;][vc_single_image image=&#8221;11900&#8243; img_size=&#8221;full&#8221; alignment=&#8221;center&#8221; css=&#8221;.vc_custom_1571753957581{margin-top: 32px !important;}&#8221;][elx_heading font_container=&#8221;h3&#8243; text_color=&#8221;inherit&#8221;]Wash liquid<br \/>\nCleanstar[\/elx_heading][vc_column_text]<\/p>\n<p class=\"p1\"><span class=\"s1\">Detergente l\u00edquido concentrado<\/span><\/p>\n<p class=\"p1\"><span class=\"s1\">Con su formulaci\u00f3n derivada de materia prima vegetal, Cleanstar Gentle Wash limpia suavemente las prendas delicadas restaurando su suavidad original.<\/span><\/p>\n<p>[\/vc_column_text][vc_column_text]5 L<br \/>\nArt. no.432730884[\/vc_column_text][vc_single_image image=&#8221;11897&#8243; img_size=&#8221;full&#8221; alignment=&#8221;center&#8221;][\/vc_column][vc_column width=&#8221;1\/3&#8243; css=&#8221;.vc_custom_1571737105881{margin-right: 5px !important;margin-left: 5px !important;background-color: #a79dbe !important;}&#8221;][vc_single_image image=&#8221;11901&#8243; img_size=&#8221;full&#8221; alignment=&#8221;center&#8221; css=&#8221;.vc_custom_1571753981468{margin-top: 32px !important;}&#8221;][elx_heading font_container=&#8221;h3&#8243; text_color=&#8221;inherit&#8221;]Magic white<br \/>\nCleanstar[\/elx_heading][vc_column_text]<\/p>\n<p class=\"p1\"><span class=\"s1\">Blanqueador en polvo<\/span><\/p>\n<p class=\"p1\"><span class=\"s1\">Ya activo a baja temperatura, Cleanstar Magic White elimina las manchas y blanquea tus prendas sin da\u00f1arlas.<\/span><\/p>\n<p>[\/vc_column_text][vc_column_text]1 Kg<br \/>\nArt. no. 432730886[\/vc_column_text][vc_single_image image=&#8221;11902&#8243; img_size=&#8221;full&#8221; alignment=&#8221;center&#8221;][\/vc_column][vc_column width=&#8221;1\/3&#8243; css=&#8221;.vc_custom_1571737128248{margin-left: 5px !important;background-color: #eb6b50 !important;}&#8221;][vc_single_image image=&#8221;11903&#8243; img_size=&#8221;full&#8221; alignment=&#8221;center&#8221; css=&#8221;.vc_custom_1571754006254{margin-top: 32px !important;}&#8221;][elx_heading font_container=&#8221;h3&#8243; text_color=&#8221;inherit&#8221;]Wash powder<br \/>\nCleanstar[\/elx_heading][vc_column_text]<\/p>\n<p class=\"p1\"><span class=\"s1\">Detergente enzim\u00e1tico<\/span><\/p>\n<p class=\"p1\"><span class=\"s1\">Gracias a su formulaci\u00f3n mejorada que combina tensioactivos y ox\u00edgeno activo, Cleanstar Wash Power elimina las manchas m\u00e1s rebeldes.<\/span><\/p>\n<p>[\/vc_column_text][vc_column_text]8 Kg<br \/>\nArt. no. 432730881[\/vc_column_text][vc_single_image image=&#8221;11904&#8243; img_size=&#8221;full&#8221; alignment=&#8221;center&#8221;][\/vc_column][\/vc_row][vc_row][vc_column][vc_empty_space][elx_heading font_container=&#8221;h1&#8243; text_color=&#8221;inherit&#8221;]Donde comprar[\/elx_heading][\/vc_column][\/vc_row][vc_row][vc_column width=&#8221;1\/2&#8243;][elx_o2000_contact_us r=&#8221;Me gustar\u00eda obtener m\u00e1s informaci\u00f3n sobre accesorios y consumibles para la l\u00ednea myPRO. Por favor, p\u00f3ngase en contacto conmigo.&#8221; s=&#8221;Recibir informaci\u00f3n sobre myPro Accesorios y consumibles&#8221; country=&#8221;Spain&#8221; l=&#8221;es&#8221; b=&#8221;laundry&#8221;][\/vc_column][vc_column width=&#8221;1\/2&#8243;][vc_single_image image=&#8221;11905&#8243; img_size=&#8221;full&#8221;][\/vc_column][\/vc_row][vc_row][vc_column][vc_empty_space][elx_button button_text=&#8221;Ir a productos&#8221; button_style=&#8221;icon&#8221; button_link=&#8221;url:https%3A%2F%2Fwww.electroluxprofessional.com%2Fes%2Fequipamiento-lavanderia-comercial%2Flavadoras-secadoras-y-planchas-de-vapor-para-pequenas-empresas%2F|||&#8221;][vc_empty_space][\/vc_column][\/vc_row]<\/p>\n","protected":false},"excerpt":{"rendered":"<p>[vc_row][vc_column][vc_single_image image=&#8221;11893&#8243;][elx_heading font_container=&#8221;h1&#8243; text_color=&#8221;inherit&#8221;]Accesorios y consumibles[\/elx_heading][elx_heading text_color=&#8221;inherit&#8221;]Experiencia profesional \u00fanica para peque\u00f1as empresas[\/elx_heading][vc_column_text] \u00a1Mejora la experiencia myPro usando accesorios y consumibles de Electrolux Professional! [\/vc_column_text][elx_heading text_color=&#8221;inherit&#8221;]Accesorios myPRO[\/elx_heading][vc_empty_space][\/vc_column][\/vc_row][vc_row][vc_column width=&#8221;1\/3&#8243;][elx_video_block background_image=&#8221;11891&#8243; video_link=&#8221;https:\/\/www.youtube.com\/watch?v=CsdAuR8lJuQ&#8221; minimum_height=&#8221;350px&#8221;][\/vc_column][vc_column width=&#8221;1\/3&#8243;][elx_heading font_container=&#8221;h3&#8243; text_color=&#8221;inherit&#8221;]Kit de apilamiento[\/elx_heading][vc_column_text] Ahorra espacio apilando la secadora encima de la lavadora. [\/vc_column_text][\/vc_column][vc_column width=&#8221;1\/3&#8243;][vc_single_image image=&#8221;11894&#8243; img_size=&#8221;full&#8221;][\/vc_column][\/vc_row][vc_row][vc_column width=&#8221;1\/3&#8243;][elx_video_block background_image=&#8221;11892&#8243; video_link=&#8221;https:\/\/www.youtube.com\/watch?v=wSMxXKyS3Fg&#8221; minimum_height=&#8221;350px&#8221;][\/vc_column][vc_column width=&#8221;1\/3&#8243;][elx_heading font_container=&#8221;h3&#8243; text_color=&#8221;inherit&#8221;]Pedestal[\/elx_heading][vc_column_text] [&hellip;]<\/p>\n","protected":false},"author":197,"featured_media":0,"parent":10640,"menu_order":0,"comment_status":"closed","ping_status":"closed","template":"","meta":{"footnotes":""},"class_list":["post-11906","page","type-page","status-publish","hentry"],"acf":[],"yoast_head":"<!-- This site is optimized with the Yoast SEO plugin v23.4 - https:\/\/yoast.com\/wordpress\/plugins\/seo\/ -->\n<title>Accesorios y consumibles para myPRO - Electrolux Professional Espa\u00f1a<\/title>\n<meta name=\"description\" content=\"Electrolux Professional trae equipamiento de lavanderia comercial, lavadoras, secadoras y planchas de vapor para peque\u00f1as empresas. Accesorios y consumibles.\" \/>\n<meta name=\"robots\" content=\"index, follow, max-snippet:-1, max-image-preview:large, max-video-preview:-1\" \/>\n<link rel=\"canonical\" href=\"https:\/\/www.electroluxprofessional.com\/es\/equipamiento-lavanderia-comercial\/lavadoras-secadoras-y-rodillos-de-vapor-para-pequenas-empresas\/accesorios-y-consumibles-mypro\/\" \/>\n<meta property=\"og:locale\" content=\"es_ES\" \/>\n<meta property=\"og:type\" content=\"article\" \/>\n<meta property=\"og:title\" content=\"Accesorios y consumibles para myPRO - Electrolux Professional Espa\u00f1a\" \/>\n<meta property=\"og:description\" content=\"Electrolux Professional trae equipamiento de lavanderia comercial, lavadoras, secadoras y planchas de vapor para peque\u00f1as empresas. Accesorios y consumibles.\" \/>\n<meta property=\"og:url\" content=\"https:\/\/www.electroluxprofessional.com\/es\/equipamiento-lavanderia-comercial\/lavadoras-secadoras-y-rodillos-de-vapor-para-pequenas-empresas\/accesorios-y-consumibles-mypro\/\" \/>\n<meta property=\"og:site_name\" content=\"Electrolux Professional Espa\u00f1a\" \/>\n<meta property=\"article:modified_time\" content=\"2021-02-22T08:25:05+00:00\" \/>\n<meta name=\"twitter:card\" content=\"summary_large_image\" \/>\n<meta name=\"twitter:label1\" content=\"Tiempo de lectura\" \/>\n\t<meta name=\"twitter:data1\" content=\"6 minutos\" \/>\n<script type=\"application\/ld+json\" class=\"yoast-schema-graph\">{\"@context\":\"https:\/\/schema.org\",\"@graph\":[{\"@type\":\"WebPage\",\"@id\":\"https:\/\/www.electroluxprofessional.com\/es\/equipamiento-lavanderia-comercial\/lavadoras-secadoras-y-rodillos-de-vapor-para-pequenas-empresas\/accesorios-y-consumibles-mypro\/\",\"url\":\"https:\/\/www.electroluxprofessional.com\/es\/equipamiento-lavanderia-comercial\/lavadoras-secadoras-y-rodillos-de-vapor-para-pequenas-empresas\/accesorios-y-consumibles-mypro\/\",\"name\":\"Accesorios y consumibles para myPRO - Electrolux Professional Espa\u00f1a\",\"isPartOf\":{\"@id\":\"https:\/\/www.electroluxprofessional.com\/es\/#website\"},\"datePublished\":\"2019-10-22T08:49:43+00:00\",\"dateModified\":\"2021-02-22T08:25:05+00:00\",\"description\":\"Electrolux Professional trae equipamiento de lavanderia comercial, lavadoras, secadoras y planchas de vapor para peque\u00f1as empresas. Accesorios y consumibles.\",\"breadcrumb\":{\"@id\":\"https:\/\/www.electroluxprofessional.com\/es\/equipamiento-lavanderia-comercial\/lavadoras-secadoras-y-rodillos-de-vapor-para-pequenas-empresas\/accesorios-y-consumibles-mypro\/#breadcrumb\"},\"inLanguage\":\"es\",\"potentialAction\":[{\"@type\":\"ReadAction\",\"target\":[\"https:\/\/www.electroluxprofessional.com\/es\/equipamiento-lavanderia-comercial\/lavadoras-secadoras-y-rodillos-de-vapor-para-pequenas-empresas\/accesorios-y-consumibles-mypro\/\"]}]},{\"@type\":\"BreadcrumbList\",\"@id\":\"https:\/\/www.electroluxprofessional.com\/es\/equipamiento-lavanderia-comercial\/lavadoras-secadoras-y-rodillos-de-vapor-para-pequenas-empresas\/accesorios-y-consumibles-mypro\/#breadcrumb\",\"itemListElement\":[{\"@type\":\"ListItem\",\"position\":1,\"name\":\"Home\",\"item\":\"https:\/\/www.electroluxprofessional.com\/es\/\"},{\"@type\":\"ListItem\",\"position\":2,\"name\":\"Equipamiento de Lavander\u00eda\",\"item\":\"https:\/\/www.electroluxprofessional.com\/es\/equipamiento-lavanderia-comercial\/\"},{\"@type\":\"ListItem\",\"position\":3,\"name\":\"Lavadoras, Secadoras y Rodillos de vapor para peque\u00f1as empresas.\",\"item\":\"https:\/\/www.electroluxprofessional.com\/es\/equipamiento-lavanderia-comercial\/lavadoras-secadoras-y-rodillos-de-vapor-para-pequenas-empresas\/\"},{\"@type\":\"ListItem\",\"position\":4,\"name\":\"Accesorios y consumibles para myPRO\"}]},{\"@type\":\"WebSite\",\"@id\":\"https:\/\/www.electroluxprofessional.com\/es\/#website\",\"url\":\"https:\/\/www.electroluxprofessional.com\/es\/\",\"name\":\"Electrolux Professional Espa\u00f1a\",\"description\":\"Equipamiento cocinas profesionales y lavander\u00edas comerciales. Excelencia en el suministro de soluciones profesionales.\",\"potentialAction\":[{\"@type\":\"SearchAction\",\"target\":{\"@type\":\"EntryPoint\",\"urlTemplate\":\"https:\/\/www.electroluxprofessional.com\/es\/?src={search_term_string}\"},\"query-input\":{\"@type\":\"PropertyValueSpecification\",\"valueRequired\":true,\"valueName\":\"search_term_string\"}}],\"inLanguage\":\"es\"}]}<\/script>\n<!-- \/ Yoast SEO plugin. -->","yoast_head_json":{"title":"Accesorios y consumibles para myPRO - Electrolux Professional Espa\u00f1a","description":"Electrolux Professional trae equipamiento de lavanderia comercial, lavadoras, secadoras y planchas de vapor para peque\u00f1as empresas. Accesorios y consumibles.","robots":{"index":"index","follow":"follow","max-snippet":"max-snippet:-1","max-image-preview":"max-image-preview:large","max-video-preview":"max-video-preview:-1"},"canonical":"https:\/\/www.electroluxprofessional.com\/es\/equipamiento-lavanderia-comercial\/lavadoras-secadoras-y-rodillos-de-vapor-para-pequenas-empresas\/accesorios-y-consumibles-mypro\/","og_locale":"es_ES","og_type":"article","og_title":"Accesorios y consumibles para myPRO - Electrolux Professional Espa\u00f1a","og_description":"Electrolux Professional trae equipamiento de lavanderia comercial, lavadoras, secadoras y planchas de vapor para peque\u00f1as empresas. Accesorios y consumibles.","og_url":"https:\/\/www.electroluxprofessional.com\/es\/equipamiento-lavanderia-comercial\/lavadoras-secadoras-y-rodillos-de-vapor-para-pequenas-empresas\/accesorios-y-consumibles-mypro\/","og_site_name":"Electrolux Professional Espa\u00f1a","article_modified_time":"2021-02-22T08:25:05+00:00","twitter_card":"summary_large_image","twitter_misc":{"Tiempo de lectura":"6 minutos"},"schema":{"@context":"https:\/\/schema.org","@graph":[{"@type":"WebPage","@id":"https:\/\/www.electroluxprofessional.com\/es\/equipamiento-lavanderia-comercial\/lavadoras-secadoras-y-rodillos-de-vapor-para-pequenas-empresas\/accesorios-y-consumibles-mypro\/","url":"https:\/\/www.electroluxprofessional.com\/es\/equipamiento-lavanderia-comercial\/lavadoras-secadoras-y-rodillos-de-vapor-para-pequenas-empresas\/accesorios-y-consumibles-mypro\/","name":"Accesorios y consumibles para myPRO - Electrolux Professional Espa\u00f1a","isPartOf":{"@id":"https:\/\/www.electroluxprofessional.com\/es\/#website"},"datePublished":"2019-10-22T08:49:43+00:00","dateModified":"2021-02-22T08:25:05+00:00","description":"Electrolux Professional trae equipamiento de lavanderia comercial, lavadoras, secadoras y planchas de vapor para peque\u00f1as empresas. Accesorios y consumibles.","breadcrumb":{"@id":"https:\/\/www.electroluxprofessional.com\/es\/equipamiento-lavanderia-comercial\/lavadoras-secadoras-y-rodillos-de-vapor-para-pequenas-empresas\/accesorios-y-consumibles-mypro\/#breadcrumb"},"inLanguage":"es","potentialAction":[{"@type":"ReadAction","target":["https:\/\/www.electroluxprofessional.com\/es\/equipamiento-lavanderia-comercial\/lavadoras-secadoras-y-rodillos-de-vapor-para-pequenas-empresas\/accesorios-y-consumibles-mypro\/"]}]},{"@type":"BreadcrumbList","@id":"https:\/\/www.electroluxprofessional.com\/es\/equipamiento-lavanderia-comercial\/lavadoras-secadoras-y-rodillos-de-vapor-para-pequenas-empresas\/accesorios-y-consumibles-mypro\/#breadcrumb","itemListElement":[{"@type":"ListItem","position":1,"name":"Home","item":"https:\/\/www.electroluxprofessional.com\/es\/"},{"@type":"ListItem","position":2,"name":"Equipamiento de Lavander\u00eda","item":"https:\/\/www.electroluxprofessional.com\/es\/equipamiento-lavanderia-comercial\/"},{"@type":"ListItem","position":3,"name":"Lavadoras, Secadoras y Rodillos de vapor para peque\u00f1as empresas.","item":"https:\/\/www.electroluxprofessional.com\/es\/equipamiento-lavanderia-comercial\/lavadoras-secadoras-y-rodillos-de-vapor-para-pequenas-empresas\/"},{"@type":"ListItem","position":4,"name":"Accesorios y consumibles para myPRO"}]},{"@type":"WebSite","@id":"https:\/\/www.electroluxprofessional.com\/es\/#website","url":"https:\/\/www.electroluxprofessional.com\/es\/","name":"Electrolux Professional Espa\u00f1a","description":"Equipamiento cocinas profesionales y lavander\u00edas comerciales. Excelencia en el suministro de soluciones profesionales.","potentialAction":[{"@type":"SearchAction","target":{"@type":"EntryPoint","urlTemplate":"https:\/\/www.electroluxprofessional.com\/es\/?src={search_term_string}"},"query-input":{"@type":"PropertyValueSpecification","valueRequired":true,"valueName":"search_term_string"}}],"inLanguage":"es"}]}},"_links":{"self":[{"href":"https:\/\/www.electroluxprofessional.com\/es\/wp-json\/wp\/v2\/pages\/11906"}],"collection":[{"href":"https:\/\/www.electroluxprofessional.com\/es\/wp-json\/wp\/v2\/pages"}],"about":[{"href":"https:\/\/www.electroluxprofessional.com\/es\/wp-json\/wp\/v2\/types\/page"}],"author":[{"embeddable":true,"href":"https:\/\/www.electroluxprofessional.com\/es\/wp-json\/wp\/v2\/users\/197"}],"replies":[{"embeddable":true,"href":"https:\/\/www.electroluxprofessional.com\/es\/wp-json\/wp\/v2\/comments?post=11906"}],"version-history":[{"count":2,"href":"https:\/\/www.electroluxprofessional.com\/es\/wp-json\/wp\/v2\/pages\/11906\/revisions"}],"predecessor-version":[{"id":12959,"href":"https:\/\/www.electroluxprofessional.com\/es\/wp-json\/wp\/v2\/pages\/11906\/revisions\/12959"}],"up":[{"embeddable":true,"href":"https:\/\/www.electroluxprofessional.com\/es\/wp-json\/wp\/v2\/pages\/10640"}],"wp:attachment":[{"href":"https:\/\/www.electroluxprofessional.com\/es\/wp-json\/wp\/v2\/media?parent=11906"}],"curies":[{"name":"wp","href":"https:\/\/api.w.org\/{rel}","templated":true}]}}