{"id":11855,"date":"2019-11-12T11:19:05","date_gmt":"2019-11-12T09:19:05","guid":{"rendered":"https:\/\/www.electroluxprofessional.com\/?page_id=26885"},"modified":"2021-02-22T08:27:23","modified_gmt":"2021-02-22T08:27:23","slug":"registra-tu-mypro","status":"publish","type":"page","link":"https:\/\/www.electroluxprofessional.com\/es\/equipamiento-lavanderia-comercial\/lavadoras-secadoras-y-rodillos-de-vapor-para-pequenas-empresas\/registra-tu-mypro\/","title":{"rendered":"Registra tu myPRO"},"content":{"rendered":"<p>[vc_row typebg=&#8221;Blue&#8221; css=&#8221;.vc_custom_1482427067180{padding-top: 50px !important;}&#8221;][vc_column width=&#8221;2\/3&#8243;][elx_heading font_container=&#8221;h1&#8243; font_size=&#8221;h3&#8243; text_color=&#8221;electrolux-blue&#8221;]myPRO product registration[\/elx_heading][vc_column_text]<\/p>\n<p class=\"p1\"><span class=\"s1\">Para registrar tu equipo myPRO, te rogamos que nos proporciones la siguiente informaci\u00f3n:<\/span><\/p>\n<p class=\"p1\"><span class=\"s1\">1. N\u00famero de modelo<\/span><\/p>\n<p class=\"p1\"><span class=\"s1\">2. N\u00famero de producto (PNC)<\/span><\/p>\n<p class=\"p2\"><span class=\"s1\">3. N\u00famero de serie<\/span><\/p>\n<p>[\/vc_column_text][vc_single_image image=&#8221;11853&#8243; img_size=&#8221;full&#8221;][\/vc_column][vc_column width=&#8221;1\/3&#8243; css=&#8221;.vc_custom_1482221774483{padding-top: 50px !important;}&#8221;][vc_column_text]<\/p>\n<p class=\"p1\"><span class=\"s1\">Secadora<\/span><\/p>\n<p>[\/vc_column_text][vc_single_image image=&#8221;11854&#8243; img_size=&#8221;full&#8221;][vc_column_text]<\/p>\n<p class=\"p1\"><span class=\"s1\">Lavadora<\/span><\/p>\n<p>[\/vc_column_text][\/vc_column][\/vc_row][vc_row css=&#8221;.vc_custom_1482427093044{margin-top: 50px !important;margin-bottom: 60px !important;}&#8221;][vc_column][vc_raw_js]JTNDbGluayUyMHJlbCUzRCUyMnN0eWxlc2hlZXQlMjIlMjB0eXBlJTNEJTIydGV4dCUyRmNzcyUyMiUwQWhyZWYlM0QlMjJodHRwcyUzQSUyRiUyRnd3dy5lcHItYXBwcy5jb20lMkZ3aWRnZXRzJTJGY29udGFjdHMtYW5kLWxvY2F0b3JzJTJGZm9ybXMlMkZtb2JpbGUlMkZpbmMlMkZjc3MlMkZtYWluLm1pbi5jc3MlMjIlM0UlMEElM0NzY3JpcHQlMjBzcmMlM0QlMjJodHRwcyUzQSUyRiUyRnd3dy5lcHItYXBwcy5jb20lMkZ3aWRnZXRzJTJGY29udGFjdHMtYW5kLWxvY2F0b3JzJTJGZm9ybXMlMkZtb2JpbGUlMkZyZWdpc3RlciUyRm1haW4ubWluLmpzJTIyJTBBdHlwZSUzRCUyMnRleHQlMkZqYXZhc2NyaXB0JTIyJTNFJTNDJTJGc2NyaXB0JTNFJTBBJTBBJTNDc2NyaXB0JTIwdHlwZSUzRCUyMnRleHQlMkZqYXZhc2NyaXB0JTIyJTNFJTJGJTJGJTIwJTNDJTIxJTVCQ0RBVEElNUIlMEF2YXIlMjBvbWVnYTIwMDBfc2V0dGluZ3NSZWclMjAlM0QlMjAlN0IlMEFyYW5nZSUzQSUyMCUyN215cHJvJTI3JTJDJTBBYnJhbmQlM0ElMjA0JTJDJTBBbGFuZ3VhZ2UlM0ElMjAlMjdlcyUyNyUyQyUwQWNvdW50cnklM0ElMjAlMjclMjclMkMlMEFjb250YWluZXIlM0ElMjAlMjdyZWdfcHJvZF9teXByb193cmFwcGVyJTI3JTBBJTdEJTBBd2luZG93Lm9ubG9hZCUyMCUzRCUyMG9uTG9hZGJvb3RzdHJhcFJlZyUyOG9tZWdhMjAwMF9zZXR0aW5nc1JlZyUyOSUzQiUwQSUyRiUyRiUyMCU1RCU1RCUzRSUzQyUyRnNjcmlwdCUzRSUwQSUzQ2RpdiUyMGlkJTNEJTIycmVnX3Byb2RfbXlwcm9fd3JhcHBlciUyMiUzRSUzQyUyRmRpdiUzRQ==[\/vc_raw_js][\/vc_column][\/vc_row]<\/p>\n","protected":false},"excerpt":{"rendered":"<p>[vc_row typebg=&#8221;Blue&#8221; css=&#8221;.vc_custom_1482427067180{padding-top: 50px !important;}&#8221;][vc_column width=&#8221;2\/3&#8243;][elx_heading font_container=&#8221;h1&#8243; font_size=&#8221;h3&#8243; text_color=&#8221;electrolux-blue&#8221;]myPRO product registration[\/elx_heading][vc_column_text] Para registrar tu equipo myPRO, te rogamos que nos proporciones la siguiente informaci\u00f3n: 1. N\u00famero de modelo 2. N\u00famero de producto (PNC) 3. N\u00famero de serie [\/vc_column_text][vc_single_image image=&#8221;11853&#8243; img_size=&#8221;full&#8221;][\/vc_column][vc_column width=&#8221;1\/3&#8243; css=&#8221;.vc_custom_1482221774483{padding-top: 50px !important;}&#8221;][vc_column_text] Secadora [\/vc_column_text][vc_single_image image=&#8221;11854&#8243; img_size=&#8221;full&#8221;][vc_column_text] Lavadora [\/vc_column_text][\/vc_column][\/vc_row][vc_row css=&#8221;.vc_custom_1482427093044{margin-top: 50px !important;margin-bottom: 60px !important;}&#8221;][vc_column][vc_raw_js]JTNDbGluayUyMHJlbCUzRCUyMnN0eWxlc2hlZXQlMjIlMjB0eXBlJTNEJTIydGV4dCUyRmNzcyUyMiUwQWhyZWYlM0QlMjJodHRwcyUzQSUyRiUyRnd3dy5lcHItYXBwcy5jb20lMkZ3aWRnZXRzJTJGY29udGFjdHMtYW5kLWxvY2F0b3JzJTJGZm9ybXMlMkZtb2JpbGUlMkZpbmMlMkZjc3MlMkZtYWluLm1pbi5jc3MlMjIlM0UlMEElM0NzY3JpcHQlMjBzcmMlM0QlMjJodHRwcyUzQSUyRiUyRnd3dy5lcHItYXBwcy5jb20lMkZ3aWRnZXRzJTJGY29udGFjdHMtYW5kLWxvY2F0b3JzJTJGZm9ybXMlMkZtb2JpbGUlMkZyZWdpc3RlciUyRm1haW4ubWluLmpzJTIyJTBBdHlwZSUzRCUyMnRleHQlMkZqYXZhc2NyaXB0JTIyJTNFJTNDJTJGc2NyaXB0JTNFJTBBJTBBJTNDc2NyaXB0JTIwdHlwZSUzRCUyMnRleHQlMkZqYXZhc2NyaXB0JTIyJTNFJTJGJTJGJTIwJTNDJTIxJTVCQ0RBVEElNUIlMEF2YXIlMjBvbWVnYTIwMDBfc2V0dGluZ3NSZWclMjAlM0QlMjAlN0IlMEFyYW5nZSUzQSUyMCUyN215cHJvJTI3JTJDJTBBYnJhbmQlM0ElMjA0JTJDJTBBbGFuZ3VhZ2UlM0ElMjAlMjdlcyUyNyUyQyUwQWNvdW50cnklM0ElMjAlMjclMjclMkMlMEFjb250YWluZXIlM0ElMjAlMjdyZWdfcHJvZF9teXByb193cmFwcGVyJTI3JTBBJTdEJTBBd2luZG93Lm9ubG9hZCUyMCUzRCUyMG9uTG9hZGJvb3RzdHJhcFJlZyUyOG9tZWdhMjAwMF9zZXR0aW5nc1JlZyUyOSUzQiUwQSUyRiUyRiUyMCU1RCU1RCUzRSUzQyUyRnNjcmlwdCUzRSUwQSUzQ2RpdiUyMGlkJTNEJTIycmVnX3Byb2RfbXlwcm9fd3JhcHBlciUyMiUzRSUzQyUyRmRpdiUzRQ==[\/vc_raw_js][\/vc_column][\/vc_row]<\/p>\n","protected":false},"author":197,"featured_media":0,"parent":10640,"menu_order":0,"comment_status":"closed","ping_status":"closed","template":"","meta":{"footnotes":""},"class_list":["post-11855","page","type-page","status-publish","hentry"],"acf":[],"yoast_head":"<!-- This site is optimized with the Yoast SEO plugin v23.4 - https:\/\/yoast.com\/wordpress\/plugins\/seo\/ -->\n<title>Registra tu myPRO - Electrolux Professional Espa\u00f1a<\/title>\n<meta name=\"description\" content=\"Electrolux Professional te trae equipamiento lavanderia comercial, lavadoras, secadoras y planchas de vapor para peque\u00f1as empresas. Registra tu Mypro\" \/>\n<meta name=\"robots\" content=\"index, follow, max-snippet:-1, max-image-preview:large, max-video-preview:-1\" \/>\n<link rel=\"canonical\" href=\"https:\/\/www.electroluxprofessional.com\/es\/equipamiento-lavanderia-comercial\/lavadoras-secadoras-y-rodillos-de-vapor-para-pequenas-empresas\/registra-tu-mypro\/\" \/>\n<meta property=\"og:locale\" content=\"es_ES\" \/>\n<meta property=\"og:type\" content=\"article\" \/>\n<meta property=\"og:title\" content=\"Registra tu myPRO - Electrolux Professional Espa\u00f1a\" \/>\n<meta property=\"og:description\" content=\"Electrolux Professional te trae equipamiento lavanderia comercial, lavadoras, secadoras y planchas de vapor para peque\u00f1as empresas. Registra tu Mypro\" \/>\n<meta property=\"og:url\" content=\"https:\/\/www.electroluxprofessional.com\/es\/equipamiento-lavanderia-comercial\/lavadoras-secadoras-y-rodillos-de-vapor-para-pequenas-empresas\/registra-tu-mypro\/\" \/>\n<meta property=\"og:site_name\" content=\"Electrolux Professional Espa\u00f1a\" \/>\n<meta property=\"article:modified_time\" content=\"2021-02-22T08:27:23+00:00\" \/>\n<meta name=\"twitter:card\" content=\"summary_large_image\" \/>\n<meta name=\"twitter:label1\" content=\"Tiempo de lectura\" \/>\n\t<meta name=\"twitter:data1\" content=\"1 minuto\" \/>\n<script type=\"application\/ld+json\" class=\"yoast-schema-graph\">{\"@context\":\"https:\/\/schema.org\",\"@graph\":[{\"@type\":\"WebPage\",\"@id\":\"https:\/\/www.electroluxprofessional.com\/es\/equipamiento-lavanderia-comercial\/lavadoras-secadoras-y-rodillos-de-vapor-para-pequenas-empresas\/registra-tu-mypro\/\",\"url\":\"https:\/\/www.electroluxprofessional.com\/es\/equipamiento-lavanderia-comercial\/lavadoras-secadoras-y-rodillos-de-vapor-para-pequenas-empresas\/registra-tu-mypro\/\",\"name\":\"Registra tu myPRO - Electrolux Professional Espa\u00f1a\",\"isPartOf\":{\"@id\":\"https:\/\/www.electroluxprofessional.com\/es\/#website\"},\"datePublished\":\"2019-11-12T09:19:05+00:00\",\"dateModified\":\"2021-02-22T08:27:23+00:00\",\"description\":\"Electrolux Professional te trae equipamiento lavanderia comercial, lavadoras, secadoras y planchas de vapor para peque\u00f1as empresas. Registra tu Mypro\",\"breadcrumb\":{\"@id\":\"https:\/\/www.electroluxprofessional.com\/es\/equipamiento-lavanderia-comercial\/lavadoras-secadoras-y-rodillos-de-vapor-para-pequenas-empresas\/registra-tu-mypro\/#breadcrumb\"},\"inLanguage\":\"es\",\"potentialAction\":[{\"@type\":\"ReadAction\",\"target\":[\"https:\/\/www.electroluxprofessional.com\/es\/equipamiento-lavanderia-comercial\/lavadoras-secadoras-y-rodillos-de-vapor-para-pequenas-empresas\/registra-tu-mypro\/\"]}]},{\"@type\":\"BreadcrumbList\",\"@id\":\"https:\/\/www.electroluxprofessional.com\/es\/equipamiento-lavanderia-comercial\/lavadoras-secadoras-y-rodillos-de-vapor-para-pequenas-empresas\/registra-tu-mypro\/#breadcrumb\",\"itemListElement\":[{\"@type\":\"ListItem\",\"position\":1,\"name\":\"Home\",\"item\":\"https:\/\/www.electroluxprofessional.com\/es\/\"},{\"@type\":\"ListItem\",\"position\":2,\"name\":\"Equipamiento de Lavander\u00eda\",\"item\":\"https:\/\/www.electroluxprofessional.com\/es\/equipamiento-lavanderia-comercial\/\"},{\"@type\":\"ListItem\",\"position\":3,\"name\":\"Lavadoras, Secadoras y Rodillos de vapor para peque\u00f1as empresas.\",\"item\":\"https:\/\/www.electroluxprofessional.com\/es\/equipamiento-lavanderia-comercial\/lavadoras-secadoras-y-rodillos-de-vapor-para-pequenas-empresas\/\"},{\"@type\":\"ListItem\",\"position\":4,\"name\":\"Registra tu myPRO\"}]},{\"@type\":\"WebSite\",\"@id\":\"https:\/\/www.electroluxprofessional.com\/es\/#website\",\"url\":\"https:\/\/www.electroluxprofessional.com\/es\/\",\"name\":\"Electrolux Professional Espa\u00f1a\",\"description\":\"Equipamiento cocinas profesionales y lavander\u00edas comerciales. Excelencia en el suministro de soluciones profesionales.\",\"potentialAction\":[{\"@type\":\"SearchAction\",\"target\":{\"@type\":\"EntryPoint\",\"urlTemplate\":\"https:\/\/www.electroluxprofessional.com\/es\/?src={search_term_string}\"},\"query-input\":{\"@type\":\"PropertyValueSpecification\",\"valueRequired\":true,\"valueName\":\"search_term_string\"}}],\"inLanguage\":\"es\"}]}<\/script>\n<!-- \/ Yoast SEO plugin. -->","yoast_head_json":{"title":"Registra tu myPRO - Electrolux Professional Espa\u00f1a","description":"Electrolux Professional te trae equipamiento lavanderia comercial, lavadoras, secadoras y planchas de vapor para peque\u00f1as empresas. Registra tu Mypro","robots":{"index":"index","follow":"follow","max-snippet":"max-snippet:-1","max-image-preview":"max-image-preview:large","max-video-preview":"max-video-preview:-1"},"canonical":"https:\/\/www.electroluxprofessional.com\/es\/equipamiento-lavanderia-comercial\/lavadoras-secadoras-y-rodillos-de-vapor-para-pequenas-empresas\/registra-tu-mypro\/","og_locale":"es_ES","og_type":"article","og_title":"Registra tu myPRO - Electrolux Professional Espa\u00f1a","og_description":"Electrolux Professional te trae equipamiento lavanderia comercial, lavadoras, secadoras y planchas de vapor para peque\u00f1as empresas. Registra tu Mypro","og_url":"https:\/\/www.electroluxprofessional.com\/es\/equipamiento-lavanderia-comercial\/lavadoras-secadoras-y-rodillos-de-vapor-para-pequenas-empresas\/registra-tu-mypro\/","og_site_name":"Electrolux Professional Espa\u00f1a","article_modified_time":"2021-02-22T08:27:23+00:00","twitter_card":"summary_large_image","twitter_misc":{"Tiempo de lectura":"1 minuto"},"schema":{"@context":"https:\/\/schema.org","@graph":[{"@type":"WebPage","@id":"https:\/\/www.electroluxprofessional.com\/es\/equipamiento-lavanderia-comercial\/lavadoras-secadoras-y-rodillos-de-vapor-para-pequenas-empresas\/registra-tu-mypro\/","url":"https:\/\/www.electroluxprofessional.com\/es\/equipamiento-lavanderia-comercial\/lavadoras-secadoras-y-rodillos-de-vapor-para-pequenas-empresas\/registra-tu-mypro\/","name":"Registra tu myPRO - Electrolux Professional Espa\u00f1a","isPartOf":{"@id":"https:\/\/www.electroluxprofessional.com\/es\/#website"},"datePublished":"2019-11-12T09:19:05+00:00","dateModified":"2021-02-22T08:27:23+00:00","description":"Electrolux Professional te trae equipamiento lavanderia comercial, lavadoras, secadoras y planchas de vapor para peque\u00f1as empresas. Registra tu Mypro","breadcrumb":{"@id":"https:\/\/www.electroluxprofessional.com\/es\/equipamiento-lavanderia-comercial\/lavadoras-secadoras-y-rodillos-de-vapor-para-pequenas-empresas\/registra-tu-mypro\/#breadcrumb"},"inLanguage":"es","potentialAction":[{"@type":"ReadAction","target":["https:\/\/www.electroluxprofessional.com\/es\/equipamiento-lavanderia-comercial\/lavadoras-secadoras-y-rodillos-de-vapor-para-pequenas-empresas\/registra-tu-mypro\/"]}]},{"@type":"BreadcrumbList","@id":"https:\/\/www.electroluxprofessional.com\/es\/equipamiento-lavanderia-comercial\/lavadoras-secadoras-y-rodillos-de-vapor-para-pequenas-empresas\/registra-tu-mypro\/#breadcrumb","itemListElement":[{"@type":"ListItem","position":1,"name":"Home","item":"https:\/\/www.electroluxprofessional.com\/es\/"},{"@type":"ListItem","position":2,"name":"Equipamiento de Lavander\u00eda","item":"https:\/\/www.electroluxprofessional.com\/es\/equipamiento-lavanderia-comercial\/"},{"@type":"ListItem","position":3,"name":"Lavadoras, Secadoras y Rodillos de vapor para peque\u00f1as empresas.","item":"https:\/\/www.electroluxprofessional.com\/es\/equipamiento-lavanderia-comercial\/lavadoras-secadoras-y-rodillos-de-vapor-para-pequenas-empresas\/"},{"@type":"ListItem","position":4,"name":"Registra tu myPRO"}]},{"@type":"WebSite","@id":"https:\/\/www.electroluxprofessional.com\/es\/#website","url":"https:\/\/www.electroluxprofessional.com\/es\/","name":"Electrolux Professional Espa\u00f1a","description":"Equipamiento cocinas profesionales y lavander\u00edas comerciales. Excelencia en el suministro de soluciones profesionales.","potentialAction":[{"@type":"SearchAction","target":{"@type":"EntryPoint","urlTemplate":"https:\/\/www.electroluxprofessional.com\/es\/?src={search_term_string}"},"query-input":{"@type":"PropertyValueSpecification","valueRequired":true,"valueName":"search_term_string"}}],"inLanguage":"es"}]}},"_links":{"self":[{"href":"https:\/\/www.electroluxprofessional.com\/es\/wp-json\/wp\/v2\/pages\/11855"}],"collection":[{"href":"https:\/\/www.electroluxprofessional.com\/es\/wp-json\/wp\/v2\/pages"}],"about":[{"href":"https:\/\/www.electroluxprofessional.com\/es\/wp-json\/wp\/v2\/types\/page"}],"author":[{"embeddable":true,"href":"https:\/\/www.electroluxprofessional.com\/es\/wp-json\/wp\/v2\/users\/197"}],"replies":[{"embeddable":true,"href":"https:\/\/www.electroluxprofessional.com\/es\/wp-json\/wp\/v2\/comments?post=11855"}],"version-history":[{"count":1,"href":"https:\/\/www.electroluxprofessional.com\/es\/wp-json\/wp\/v2\/pages\/11855\/revisions"}],"predecessor-version":[{"id":11856,"href":"https:\/\/www.electroluxprofessional.com\/es\/wp-json\/wp\/v2\/pages\/11855\/revisions\/11856"}],"up":[{"embeddable":true,"href":"https:\/\/www.electroluxprofessional.com\/es\/wp-json\/wp\/v2\/pages\/10640"}],"wp:attachment":[{"href":"https:\/\/www.electroluxprofessional.com\/es\/wp-json\/wp\/v2\/media?parent=11855"}],"curies":[{"name":"wp","href":"https:\/\/api.w.org\/{rel}","templated":true}]}}