{"id":11821,"date":"2019-11-04T12:05:21","date_gmt":"2019-11-04T10:05:21","guid":{"rendered":"https:\/\/www.electroluxprofessional.com\/?page_id=26506"},"modified":"2023-03-30T08:25:56","modified_gmt":"2023-03-30T08:25:56","slug":"mypro-xl-lavanderia-pequenas-empresas","status":"publish","type":"page","link":"https:\/\/www.electroluxprofessional.com\/es\/accesorios-consumibles-lavanderia\/mypro-xl-lavanderia-pequenas-empresas\/","title":{"rendered":"myPRO XL Soluciones de Lavander\u00eda para peque\u00f1as empresas con grandes cargas"},"content":{"rendered":"<p>[vc_row full_width=&#8221;electroluxpro-full-width-no-padding&#8221;][vc_column][vc_single_image image=&#8221;11812&#8243; img_size=&#8221;2000x350px&#8221;][\/vc_column][\/vc_row][vc_row][vc_column][elx_heading font_container=&#8221;h1&#8243; text_color=&#8221;inherit&#8221;]Soluciones de lavander\u00eda para peque\u00f1as empresas con grandes cargas[\/elx_heading][\/vc_column][\/vc_row][vc_row][vc_column width=&#8221;2\/3&#8243;][vc_empty_space][vc_column_text]<strong>myPRO<sup>XL\u00a0<\/sup><\/strong><span class=\"s1\">es la soluci\u00f3n de lavander\u00eda para peque\u00f1as empresas que necesitan grandes cargas, como lavander\u00edas, lavander\u00edas para hu\u00e9spedes de hoteles, lavander\u00edas de apartamentos, residencias de ancianos, veterinarios y grandes salones de belleza.<\/span><\/p>\n<p class=\"p1\"><span class=\"s1\"><b>Capacidad extra, durabilidad y gran velocidad<\/b>\u00a0gracias a <\/span> myPRO<sup>XL<\/sup>.<\/p>\n<p>[\/vc_column_text][\/vc_column][vc_column width=&#8221;1\/3&#8243;][vc_empty_space][elx_download_block text=&#8221;Descargar leaflet myPRO XL&#8221; document_type=&#8221;leaflets&#8221; background_color=&#8221;electrolux-blue&#8221; le_document_number=&#8221;CLF-9JE00238&#8243;][\/vc_column][\/vc_row][vc_row][vc_column width=&#8221;1\/2&#8243;][vc_single_image image=&#8221;11813&#8243; img_size=&#8221;full&#8221;][\/vc_column][vc_column width=&#8221;1\/2&#8243;][elx_heading text_color=&#8221;inherit&#8221;]Grandes resultados con solo tocar un bot\u00f3n[\/elx_heading][vc_empty_space][vc_column_text]<\/p>\n<p class=\"p1\"><span class=\"s1\">Las\u00a0lavadoras y secadoras\u00a0myPRO\u00a0<\/span><span class=\"s2\"><sup>XL<\/sup><\/span><span class=\"s1\">\u00a0vienen con programas de desinfecci\u00f3n especializados que mejoran significativamente la higiene y la limpieza.\u00a0Son soluciones profesionales que tienen en cuenta la sostenibilidad, proporcionando niveles de agua ajustables para aumentar tus ahorros.<\/span><\/p>\n<p class=\"p1\"><span class=\"s1\">Ahorra tiempo con programas m\u00e1s r\u00e1pidos y espacio gracias a las opciones de apilamiento, ahora disponibles tambi\u00e9n para secadora sobre secadora.<\/span><\/p>\n<p class=\"p2\"><span class=\"s1\">Opciones de pago disponibles para todos los modelos, satisfaciendo todas sus necesidades.<\/span><\/p>\n<p>[\/vc_column_text][\/vc_column][\/vc_row][vc_row][vc_column][vc_empty_space][\/vc_column][\/vc_row][vc_row][vc_column width=&#8221;1\/3&#8243;][vc_single_image image=&#8221;11814&#8243; img_size=&#8221;120&#215;120&#8243;][elx_heading text_color=&#8221;inherit&#8221;]Duradero y flexible[\/elx_heading][vc_column_text]<\/p>\n<p class=\"p1\"><span class=\"s1\">La\u00a0gama\u00a0myPRO\u00a0<\/span><span class=\"s2\"><sup>XL<\/sup><\/span><span class=\"s1\">\u00a0garantiza m\u00e1s de 15.000 ciclos y es m\u00e1s duradera gracias a la amortiguaci\u00f3n en 8 puntos.\u00a0Los programas profesionales est\u00e1n dise\u00f1ados para satisfacer todas las necesidades.<\/span><\/p>\n<p>[\/vc_column_text][\/vc_column][vc_column width=&#8221;1\/3&#8243;][vc_single_image image=&#8221;11815&#8243; img_size=&#8221;120&#215;120&#8243;][elx_heading text_color=&#8221;inherit&#8221;]R\u00e1pido y eficiente[\/elx_heading][vc_column_text]<\/p>\n<ul>\n<li class=\"li1\"><span class=\"s2\"><b>Lavadoras\u00a0myPRO\u00a0<\/b><\/span><span class=\"s3\"><b><sup>XL<\/sup><\/b><\/span><span class=\"s2\"><b>\u00a0:<\/b>\u00a035 min para el programa de agua fr\u00eda, 73 min para un programa normal de 60 \u00baC. *<\/span><\/li>\n<li class=\"li2\"><span class=\"s2\"><b>Secadoras\u00a0myPRO\u00a0<\/b><\/span><span class=\"s3\"><b><sup>XL<\/sup><\/b><\/span><span class=\"s2\"><b>\u00a0:<\/b>\u00a087 min por carga completa, 45 min por media carga.<\/span><\/li>\n<\/ul>\n<p><span style=\"font-size: x-small;\">* con temperaturas de entrada de agua fr\u00eda de 15 \u00b0 C y 55 \u00b0 C. <\/span>[\/vc_column_text][\/vc_column][vc_column width=&#8221;1\/3&#8243;][vc_single_image image=&#8221;11816&#8243; img_size=&#8221;120&#215;120&#8243;][elx_heading text_color=&#8221;inherit&#8221;]Operaciones sin problemas[\/elx_heading][vc_column_text]<\/p>\n<p class=\"p1\"><span class=\"s1\">Sencillos botones para seleccionar el programa y la opci\u00f3n correctos.\u00a0Ruido reducido gracias al sistema de absorci\u00f3n de impactos: por debajo de 62 dB en el proceso de lavado.<\/span><\/p>\n<p>[\/vc_column_text][\/vc_column][\/vc_row][vc_row][vc_column][vc_empty_space][\/vc_column][\/vc_row][vc_row css=&#8221;.vc_custom_1572441069108{background-color: #eeeeee !important;}&#8221;][vc_column][vc_empty_space][elx_heading text_color=&#8221;inherit&#8221;]Elige la soluci\u00f3n de lavander\u00eda que satisfaga tus necesidades.[\/elx_heading][\/vc_column][vc_column width=&#8221;1\/4&#8243;][vc_empty_space height=&#8221;20px&#8221;][elx_simple_link_block link=&#8221;Enter the link of the block&#8221; text_align=&#8221;text-left&#8221; text_color=&#8221;inherit&#8221; background_color=&#8221;inherit&#8221; background_hover_color=&#8221;darker-hover&#8221; extra_class=&#8221;&#8221; reveal_effect=&#8221;&#8221; reveal_duration=&#8221;&#8221; reveal_delay=&#8221;&#8221;][elx_heading font_container=&#8221;h3&#8243; text_color=&#8221;inherit&#8221; text_align=&#8221;text-left&#8221; css=&#8221;.vc_custom_1587415749095{border-radius: 15px !important;}&#8221;]Equipos dom\u00e9sticos[\/elx_heading][vc_column_text]<strong>2.500 ciclos<\/strong>[\/vc_column_text][vc_single_image image=&#8221;11817&#8243; img_size=&#8221;full&#8221; css=&#8221;.vc_custom_1572859414027{padding-top: 20px !important;padding-right: 20px !important;padding-bottom: 20px !important;}&#8221;][\/elx_simple_link_block][\/vc_column][vc_column width=&#8221;1\/4&#8243;][vc_empty_space height=&#8221;20px&#8221;][elx_simple_link_block link=&#8221;|||&#8221; text_align=&#8221;text-left&#8221; text_color=&#8221;inherit&#8221; background_color=&#8221;inherit&#8221; background_hover_color=&#8221;darker-hover&#8221; extra_class=&#8221;&#8221; reveal_effect=&#8221;&#8221; reveal_duration=&#8221;&#8221; reveal_delay=&#8221;&#8221;][elx_heading font_container=&#8221;h3&#8243; text_color=&#8221;inherit&#8221;]myPRO 8kg<br \/>\n[\/elx_heading][vc_column_text]<strong>+7.500 ciclos<\/strong>[\/vc_column_text][vc_single_image image=&#8221;11818&#8243; img_size=&#8221;full&#8221; css=&#8221;.vc_custom_1572859428231{padding-top: 20px !important;padding-right: 20px !important;padding-bottom: 20px !important;}&#8221;][\/elx_simple_link_block][\/vc_column][vc_column width=&#8221;1\/4&#8243;][vc_empty_space height=&#8221;20px&#8221;][elx_simple_link_block link=&#8221;Enter the link of the block&#8221; text_align=&#8221;text-left&#8221; text_color=&#8221;inherit&#8221; background_color=&#8221;inherit&#8221; background_hover_color=&#8221;darker-hover&#8221; extra_class=&#8221;&#8221; reveal_effect=&#8221;&#8221; reveal_duration=&#8221;&#8221; reveal_delay=&#8221;&#8221;][elx_heading font_container=&#8221;h3&#8243; text_color=&#8221;inherit&#8221;]myPRO<sup>XL<\/sup>12kg<\/p>\n<p>[\/elx_heading][vc_column_text]<strong>+15,000 ciclos<\/strong>[\/vc_column_text][vc_single_image image=&#8221;11819&#8243; img_size=&#8221;full&#8221; css=&#8221;.vc_custom_1572859443060{padding-top: 20px !important;padding-right: 20px !important;padding-bottom: 20px !important;}&#8221;][\/elx_simple_link_block][\/vc_column][vc_column width=&#8221;1\/4&#8243;][vc_empty_space height=&#8221;20px&#8221;][elx_simple_link_block link=&#8221;|||&#8221; text_align=&#8221;text-left&#8221; text_color=&#8221;inherit&#8221; background_color=&#8221;inherit&#8221; background_hover_color=&#8221;darker-hover&#8221; extra_class=&#8221;&#8221; reveal_effect=&#8221;&#8221; reveal_duration=&#8221;&#8221; reveal_delay=&#8221;&#8221;][elx_heading font_container=&#8221;h3&#8243; text_color=&#8221;inherit&#8221;]Comercial[\/elx_heading][vc_column_text]<strong>+30,000 ciclos<\/strong>[\/vc_column_text][vc_single_image image=&#8221;11820&#8243; img_size=&#8221;full&#8221; css=&#8221;.vc_custom_1572857336964{padding-top: 20px !important;padding-right: 20px !important;padding-bottom: 20px !important;}&#8221;][\/elx_simple_link_block][\/vc_column][vc_column][vc_empty_space][\/vc_column][\/vc_row][vc_row][vc_column][vc_empty_space][\/vc_column][\/vc_row][vc_row][vc_column][elx_heading text_color=&#8221;inherit&#8221;]Lavadoras y secadoras\u00a0myPRO<sup>XL<\/sup>\u00a0para peque\u00f1as empresas con grandes cargas[\/elx_heading][\/vc_column][\/vc_row][vc_row el_id=&#8221;products&#8221;][vc_column][\/vc_column][\/vc_row]<\/p>\n","protected":false},"excerpt":{"rendered":"<p>[vc_row full_width=&#8221;electroluxpro-full-width-no-padding&#8221;][vc_column][vc_single_image image=&#8221;11812&#8243; img_size=&#8221;2000x350px&#8221;][\/vc_column][\/vc_row][vc_row][vc_column][elx_heading font_container=&#8221;h1&#8243; text_color=&#8221;inherit&#8221;]Soluciones de lavander\u00eda para peque\u00f1as empresas con grandes cargas[\/elx_heading][\/vc_column][\/vc_row][vc_row][vc_column width=&#8221;2\/3&#8243;][vc_empty_space][vc_column_text]myPROXL\u00a0es la soluci\u00f3n de lavander\u00eda para peque\u00f1as empresas que necesitan grandes cargas, como lavander\u00edas, lavander\u00edas para hu\u00e9spedes de hoteles, lavander\u00edas de apartamentos, residencias de ancianos, veterinarios y grandes salones de belleza. Capacidad extra, durabilidad y gran velocidad\u00a0gracias a myPROXL. [\/vc_column_text][\/vc_column][vc_column width=&#8221;1\/3&#8243;][vc_empty_space][elx_download_block [&hellip;]<\/p>\n","protected":false},"author":197,"featured_media":11811,"parent":3642,"menu_order":0,"comment_status":"closed","ping_status":"closed","template":"","meta":{"footnotes":""},"class_list":["post-11821","page","type-page","status-publish","has-post-thumbnail","hentry"],"acf":[],"yoast_head":"<!-- This site is optimized with the Yoast SEO plugin v23.4 - https:\/\/yoast.com\/wordpress\/plugins\/seo\/ -->\n<title>myPROXL la soluci\u00f3n de lavander\u00eda para peque\u00f1as empresas<\/title>\n<meta name=\"description\" content=\"Descubre con Electrolux Professional, myPROXL la soluci\u00f3n de lavander\u00eda para peque\u00f1as empresas que necesitan grandes cargas, como lavander\u00edas, lavander\u00edas para hu\u00e9spedes de hoteles, lavander\u00edas de apartamentos, residencias de ancianos, veterinarios y grandes salones de belleza. Capacidad extra, durabilidad y gran velocidad\u00a0gracias a myPROXL.\" \/>\n<meta name=\"robots\" content=\"index, follow, max-snippet:-1, max-image-preview:large, max-video-preview:-1\" \/>\n<link rel=\"canonical\" href=\"https:\/\/www.electroluxprofessional.com\/es\/accesorios-consumibles-lavanderia\/mypro-xl-lavanderia-pequenas-empresas\/\" \/>\n<meta property=\"og:locale\" content=\"es_ES\" \/>\n<meta property=\"og:type\" content=\"article\" \/>\n<meta property=\"og:title\" content=\"myPROXL la soluci\u00f3n de lavander\u00eda para peque\u00f1as empresas\" \/>\n<meta property=\"og:description\" content=\"Descubre con Electrolux Professional, myPROXL la soluci\u00f3n de lavander\u00eda para peque\u00f1as empresas que necesitan grandes cargas, como lavander\u00edas, lavander\u00edas para hu\u00e9spedes de hoteles, lavander\u00edas de apartamentos, residencias de ancianos, veterinarios y grandes salones de belleza. Capacidad extra, durabilidad y gran velocidad\u00a0gracias a myPROXL.\" \/>\n<meta property=\"og:url\" content=\"https:\/\/www.electroluxprofessional.com\/es\/accesorios-consumibles-lavanderia\/mypro-xl-lavanderia-pequenas-empresas\/\" \/>\n<meta property=\"og:site_name\" content=\"Electrolux Professional Espa\u00f1a\" \/>\n<meta property=\"article:modified_time\" content=\"2023-03-30T08:25:56+00:00\" \/>\n<meta property=\"og:image\" content=\"https:\/\/www.electroluxprofessional.com\/es\/wp-content\/uploads\/2019\/10\/myPRO-XL.jpg\" \/>\n\t<meta property=\"og:image:width\" content=\"800\" \/>\n\t<meta property=\"og:image:height\" content=\"500\" \/>\n\t<meta property=\"og:image:type\" content=\"image\/jpeg\" \/>\n<meta name=\"twitter:card\" content=\"summary_large_image\" \/>\n<meta name=\"twitter:label1\" content=\"Tiempo de lectura\" \/>\n\t<meta name=\"twitter:data1\" content=\"5 minutos\" \/>\n<script type=\"application\/ld+json\" class=\"yoast-schema-graph\">{\"@context\":\"https:\/\/schema.org\",\"@graph\":[{\"@type\":\"WebPage\",\"@id\":\"https:\/\/www.electroluxprofessional.com\/es\/accesorios-consumibles-lavanderia\/mypro-xl-lavanderia-pequenas-empresas\/\",\"url\":\"https:\/\/www.electroluxprofessional.com\/es\/accesorios-consumibles-lavanderia\/mypro-xl-lavanderia-pequenas-empresas\/\",\"name\":\"myPROXL la soluci\u00f3n de lavander\u00eda para peque\u00f1as empresas\",\"isPartOf\":{\"@id\":\"https:\/\/www.electroluxprofessional.com\/es\/#website\"},\"primaryImageOfPage\":{\"@id\":\"https:\/\/www.electroluxprofessional.com\/es\/accesorios-consumibles-lavanderia\/mypro-xl-lavanderia-pequenas-empresas\/#primaryimage\"},\"image\":{\"@id\":\"https:\/\/www.electroluxprofessional.com\/es\/accesorios-consumibles-lavanderia\/mypro-xl-lavanderia-pequenas-empresas\/#primaryimage\"},\"thumbnailUrl\":\"https:\/\/www.electroluxprofessional.com\/es\/wp-content\/uploads\/2019\/10\/myPRO-XL.jpg\",\"datePublished\":\"2019-11-04T10:05:21+00:00\",\"dateModified\":\"2023-03-30T08:25:56+00:00\",\"description\":\"Descubre con Electrolux Professional, myPROXL la soluci\u00f3n de lavander\u00eda para peque\u00f1as empresas que necesitan grandes cargas, como lavander\u00edas, lavander\u00edas para hu\u00e9spedes de hoteles, lavander\u00edas de apartamentos, residencias de ancianos, veterinarios y grandes salones de belleza. Capacidad extra, durabilidad y gran velocidad\u00a0gracias a myPROXL.\",\"breadcrumb\":{\"@id\":\"https:\/\/www.electroluxprofessional.com\/es\/accesorios-consumibles-lavanderia\/mypro-xl-lavanderia-pequenas-empresas\/#breadcrumb\"},\"inLanguage\":\"es\",\"potentialAction\":[{\"@type\":\"ReadAction\",\"target\":[\"https:\/\/www.electroluxprofessional.com\/es\/accesorios-consumibles-lavanderia\/mypro-xl-lavanderia-pequenas-empresas\/\"]}]},{\"@type\":\"ImageObject\",\"inLanguage\":\"es\",\"@id\":\"https:\/\/www.electroluxprofessional.com\/es\/accesorios-consumibles-lavanderia\/mypro-xl-lavanderia-pequenas-empresas\/#primaryimage\",\"url\":\"https:\/\/www.electroluxprofessional.com\/es\/wp-content\/uploads\/2019\/10\/myPRO-XL.jpg\",\"contentUrl\":\"https:\/\/www.electroluxprofessional.com\/es\/wp-content\/uploads\/2019\/10\/myPRO-XL.jpg\",\"width\":800,\"height\":500,\"caption\":\"myPRO XL for small businesses\"},{\"@type\":\"BreadcrumbList\",\"@id\":\"https:\/\/www.electroluxprofessional.com\/es\/accesorios-consumibles-lavanderia\/mypro-xl-lavanderia-pequenas-empresas\/#breadcrumb\",\"itemListElement\":[{\"@type\":\"ListItem\",\"position\":1,\"name\":\"Home\",\"item\":\"https:\/\/www.electroluxprofessional.com\/es\/\"},{\"@type\":\"ListItem\",\"position\":2,\"name\":\"Accesorios y consumibles &#8211; Lavander\u00eda\",\"item\":\"https:\/\/www.electroluxprofessional.com\/es\/accesorios-consumibles-lavanderia\/\"},{\"@type\":\"ListItem\",\"position\":3,\"name\":\"myPRO XL Soluciones de Lavander\u00eda para peque\u00f1as empresas con grandes cargas\"}]},{\"@type\":\"WebSite\",\"@id\":\"https:\/\/www.electroluxprofessional.com\/es\/#website\",\"url\":\"https:\/\/www.electroluxprofessional.com\/es\/\",\"name\":\"Electrolux Professional Espa\u00f1a\",\"description\":\"Equipamiento cocinas profesionales y lavander\u00edas comerciales. Excelencia en el suministro de soluciones profesionales.\",\"potentialAction\":[{\"@type\":\"SearchAction\",\"target\":{\"@type\":\"EntryPoint\",\"urlTemplate\":\"https:\/\/www.electroluxprofessional.com\/es\/?src={search_term_string}\"},\"query-input\":{\"@type\":\"PropertyValueSpecification\",\"valueRequired\":true,\"valueName\":\"search_term_string\"}}],\"inLanguage\":\"es\"}]}<\/script>\n<!-- \/ Yoast SEO plugin. -->","yoast_head_json":{"title":"myPROXL la soluci\u00f3n de lavander\u00eda para peque\u00f1as empresas","description":"Descubre con Electrolux Professional, myPROXL la soluci\u00f3n de lavander\u00eda para peque\u00f1as empresas que necesitan grandes cargas, como lavander\u00edas, lavander\u00edas para hu\u00e9spedes de hoteles, lavander\u00edas de apartamentos, residencias de ancianos, veterinarios y grandes salones de belleza. Capacidad extra, durabilidad y gran velocidad\u00a0gracias a myPROXL.","robots":{"index":"index","follow":"follow","max-snippet":"max-snippet:-1","max-image-preview":"max-image-preview:large","max-video-preview":"max-video-preview:-1"},"canonical":"https:\/\/www.electroluxprofessional.com\/es\/accesorios-consumibles-lavanderia\/mypro-xl-lavanderia-pequenas-empresas\/","og_locale":"es_ES","og_type":"article","og_title":"myPROXL la soluci\u00f3n de lavander\u00eda para peque\u00f1as empresas","og_description":"Descubre con Electrolux Professional, myPROXL la soluci\u00f3n de lavander\u00eda para peque\u00f1as empresas que necesitan grandes cargas, como lavander\u00edas, lavander\u00edas para hu\u00e9spedes de hoteles, lavander\u00edas de apartamentos, residencias de ancianos, veterinarios y grandes salones de belleza. Capacidad extra, durabilidad y gran velocidad\u00a0gracias a myPROXL.","og_url":"https:\/\/www.electroluxprofessional.com\/es\/accesorios-consumibles-lavanderia\/mypro-xl-lavanderia-pequenas-empresas\/","og_site_name":"Electrolux Professional Espa\u00f1a","article_modified_time":"2023-03-30T08:25:56+00:00","og_image":[{"width":800,"height":500,"url":"https:\/\/www.electroluxprofessional.com\/es\/wp-content\/uploads\/2019\/10\/myPRO-XL.jpg","type":"image\/jpeg"}],"twitter_card":"summary_large_image","twitter_misc":{"Tiempo de lectura":"5 minutos"},"schema":{"@context":"https:\/\/schema.org","@graph":[{"@type":"WebPage","@id":"https:\/\/www.electroluxprofessional.com\/es\/accesorios-consumibles-lavanderia\/mypro-xl-lavanderia-pequenas-empresas\/","url":"https:\/\/www.electroluxprofessional.com\/es\/accesorios-consumibles-lavanderia\/mypro-xl-lavanderia-pequenas-empresas\/","name":"myPROXL la soluci\u00f3n de lavander\u00eda para peque\u00f1as empresas","isPartOf":{"@id":"https:\/\/www.electroluxprofessional.com\/es\/#website"},"primaryImageOfPage":{"@id":"https:\/\/www.electroluxprofessional.com\/es\/accesorios-consumibles-lavanderia\/mypro-xl-lavanderia-pequenas-empresas\/#primaryimage"},"image":{"@id":"https:\/\/www.electroluxprofessional.com\/es\/accesorios-consumibles-lavanderia\/mypro-xl-lavanderia-pequenas-empresas\/#primaryimage"},"thumbnailUrl":"https:\/\/www.electroluxprofessional.com\/es\/wp-content\/uploads\/2019\/10\/myPRO-XL.jpg","datePublished":"2019-11-04T10:05:21+00:00","dateModified":"2023-03-30T08:25:56+00:00","description":"Descubre con Electrolux Professional, myPROXL la soluci\u00f3n de lavander\u00eda para peque\u00f1as empresas que necesitan grandes cargas, como lavander\u00edas, lavander\u00edas para hu\u00e9spedes de hoteles, lavander\u00edas de apartamentos, residencias de ancianos, veterinarios y grandes salones de belleza. Capacidad extra, durabilidad y gran velocidad\u00a0gracias a myPROXL.","breadcrumb":{"@id":"https:\/\/www.electroluxprofessional.com\/es\/accesorios-consumibles-lavanderia\/mypro-xl-lavanderia-pequenas-empresas\/#breadcrumb"},"inLanguage":"es","potentialAction":[{"@type":"ReadAction","target":["https:\/\/www.electroluxprofessional.com\/es\/accesorios-consumibles-lavanderia\/mypro-xl-lavanderia-pequenas-empresas\/"]}]},{"@type":"ImageObject","inLanguage":"es","@id":"https:\/\/www.electroluxprofessional.com\/es\/accesorios-consumibles-lavanderia\/mypro-xl-lavanderia-pequenas-empresas\/#primaryimage","url":"https:\/\/www.electroluxprofessional.com\/es\/wp-content\/uploads\/2019\/10\/myPRO-XL.jpg","contentUrl":"https:\/\/www.electroluxprofessional.com\/es\/wp-content\/uploads\/2019\/10\/myPRO-XL.jpg","width":800,"height":500,"caption":"myPRO XL for small businesses"},{"@type":"BreadcrumbList","@id":"https:\/\/www.electroluxprofessional.com\/es\/accesorios-consumibles-lavanderia\/mypro-xl-lavanderia-pequenas-empresas\/#breadcrumb","itemListElement":[{"@type":"ListItem","position":1,"name":"Home","item":"https:\/\/www.electroluxprofessional.com\/es\/"},{"@type":"ListItem","position":2,"name":"Accesorios y consumibles &#8211; Lavander\u00eda","item":"https:\/\/www.electroluxprofessional.com\/es\/accesorios-consumibles-lavanderia\/"},{"@type":"ListItem","position":3,"name":"myPRO XL Soluciones de Lavander\u00eda para peque\u00f1as empresas con grandes cargas"}]},{"@type":"WebSite","@id":"https:\/\/www.electroluxprofessional.com\/es\/#website","url":"https:\/\/www.electroluxprofessional.com\/es\/","name":"Electrolux Professional Espa\u00f1a","description":"Equipamiento cocinas profesionales y lavander\u00edas comerciales. Excelencia en el suministro de soluciones profesionales.","potentialAction":[{"@type":"SearchAction","target":{"@type":"EntryPoint","urlTemplate":"https:\/\/www.electroluxprofessional.com\/es\/?src={search_term_string}"},"query-input":{"@type":"PropertyValueSpecification","valueRequired":true,"valueName":"search_term_string"}}],"inLanguage":"es"}]}},"_links":{"self":[{"href":"https:\/\/www.electroluxprofessional.com\/es\/wp-json\/wp\/v2\/pages\/11821"}],"collection":[{"href":"https:\/\/www.electroluxprofessional.com\/es\/wp-json\/wp\/v2\/pages"}],"about":[{"href":"https:\/\/www.electroluxprofessional.com\/es\/wp-json\/wp\/v2\/types\/page"}],"author":[{"embeddable":true,"href":"https:\/\/www.electroluxprofessional.com\/es\/wp-json\/wp\/v2\/users\/197"}],"replies":[{"embeddable":true,"href":"https:\/\/www.electroluxprofessional.com\/es\/wp-json\/wp\/v2\/comments?post=11821"}],"version-history":[{"count":24,"href":"https:\/\/www.electroluxprofessional.com\/es\/wp-json\/wp\/v2\/pages\/11821\/revisions"}],"predecessor-version":[{"id":12927,"href":"https:\/\/www.electroluxprofessional.com\/es\/wp-json\/wp\/v2\/pages\/11821\/revisions\/12927"}],"up":[{"embeddable":true,"href":"https:\/\/www.electroluxprofessional.com\/es\/wp-json\/wp\/v2\/pages\/3642"}],"wp:featuredmedia":[{"embeddable":true,"href":"https:\/\/www.electroluxprofessional.com\/es\/wp-json\/wp\/v2\/media\/11811"}],"wp:attachment":[{"href":"https:\/\/www.electroluxprofessional.com\/es\/wp-json\/wp\/v2\/media?parent=11821"}],"curies":[{"name":"wp","href":"https:\/\/api.w.org\/{rel}","templated":true}]}}