{"id":11804,"date":"2019-09-20T17:47:45","date_gmt":"2019-09-20T15:47:45","guid":{"rendered":"https:\/\/www.electroluxprofessional.com\/?page_id=25348"},"modified":"2022-02-16T10:19:56","modified_gmt":"2022-02-16T10:19:56","slug":"lavadora-y-secadora-myprozip","status":"publish","type":"page","link":"https:\/\/www.electroluxprofessional.com\/es\/equipamiento-lavanderia-comercial\/lavadora-y-secadora-myprozip\/","title":{"rendered":"Lavadora y secadora myPROzip"},"content":{"rendered":"<p>[vc_row full_width=&#8221;electroluxpro-full-width-no-padding&#8221;][vc_column][elx_image_block background_image=&#8221;11796&#8243; minimum_height=&#8221;400px&#8221;][\/vc_column][\/vc_row][vc_row][vc_column width=&#8221;1\/2&#8243; css=&#8221;.vc_custom_1484574375079{margin-left: 0px !important;border-left-width: 0px !important;padding-left: 0px !important;}&#8221;][elx_simple_block background_color=&#8221;inherit&#8221;][elx_heading font_container=&#8221;h1&#8243; text_color=&#8221;inherit&#8221;]\u00bfTienes una lavander\u00eda\u00a0operada por clientes?[\/elx_heading][elx_heading text_color=&#8221;inherit&#8221;]Lavadora y secadora myPROzip [\/elx_heading][vc_column_text]<\/p>\n<p class=\"p1\"><span class=\"s1\">myPROzip es la l\u00ednea de Electrolux Professional para\u00a0<b>peque\u00f1as empresas que<\/b>\u00a0necesitan\u00a0<b>lavadoras y secadoras para instalaciones de lavander\u00eda operadas por clientes.\u00a0Equipos\u00a0m\u00e1s robustos<\/b>\u00a0y\u00a0<b>r\u00e1pidos<\/b>\u00a0que los equipos dom\u00e9sticos.<\/span><\/p>\n<p>[\/vc_column_text][vc_column_text]<\/p>\n<ul class=\"ul1\">\n<li class=\"li1\"><span class=\"s2\"><b>Simplicidad <\/b>a la hora de su utilizaci\u00f3n<\/span><\/li>\n<li class=\"li1\"><span class=\"s2\"><b>F\u00e1cil<\/b>\u00a0de entender<\/span><\/li>\n<li class=\"li1\"><span class=\"s2\">Dise\u00f1adas para ser utilizadas\u00a0<b>por tus clientes<\/b><\/span><\/li>\n<li class=\"li2\"><span class=\"s2\">Listas para la\u00a0<b>integraci\u00f3n<\/b>\u00a0con tus sistemas de pago.<\/span><\/li>\n<\/ul>\n<p>[\/vc_column_text][\/elx_simple_block][elx_download_block text=&#8221;Servicio\u2028 de lavander\u00eda myPROzip para clientes&#8221; document_type=&#8221;leaflets&#8221; background_color=&#8221;black&#8221; background_hover_color=&#8221;lighter-hover&#8221; le_document_number=&#8221;CLF-9JE00128&#8243; background_image=&#8221;11797&#8243;][\/vc_column][vc_column width=&#8221;1\/2&#8243;][vc_empty_space][elx_image_block background_image=&#8221;11798&#8243; minimum_height=&#8221;400px&#8221;][elx_button button_text=&#8221;Donde comprar&#8221; button_style=&#8221;icon&#8221; button_link=&#8221;url:%23wheretobuy|||&#8221;][elx_button button_text=&#8221;Asistente online&#8221; button_style=&#8221;icon&#8221; button_link=&#8221;url:%23myassistant|||&#8221;][elx_button button_text=&#8221;Accesorios y consumibles&#8221; button_style=&#8221;icon&#8221; button_link=&#8221;url:https%3A%2F%2Fwww.electroluxprofessional.com%2Fes%2Faccesorios-consumibles%2F|||&#8221;][elx_button button_text=&#8221;Registra tu myPROzip&#8221; button_style=&#8221;icon&#8221; button_link=&#8221;url:https%3A%2F%2Fwww.electroluxprofessional.com%2Fes%2Fregistro-de-producto%2F|||&#8221;][vc_single_image image=&#8221;11799&#8243; img_size=&#8221;full&#8221;][\/vc_column][\/vc_row][vc_row][vc_column][vc_empty_space height=&#8221;50px&#8221;][\/vc_column][\/vc_row][vc_row][vc_column width=&#8221;1\/3&#8243;][vc_single_image image=&#8221;11800&#8243; img_size=&#8221;150&#215;150&#8243; alignment=&#8221;center&#8221;][elx_heading font_container=&#8221;h3&#8243; font_size=&#8221;h5&#8243; text_color=&#8221;inherit&#8221;]Vida \u00fatil 3 veces mayor[\/elx_heading][vc_column_text]<\/p>\n<p class=\"p1\"><span class=\"s1\">Vida \u00fatil 3 veces mayor que los equipos dom\u00e9sticos, debido a una construcci\u00f3n m\u00e1s duradera gracias a sus componentes profesionales.<\/span><\/p>\n<p>[\/vc_column_text][\/vc_column][vc_column width=&#8221;1\/3&#8243;][vc_single_image image=&#8221;11801&#8243; img_size=&#8221;medium&#8221; alignment=&#8221;center&#8221;][elx_heading font_container=&#8221;h3&#8243; font_size=&#8221;h5&#8243; text_color=&#8221;inherit&#8221;]Hasta un 50% m\u00e1s r\u00e1pido[\/elx_heading][vc_column_text]<\/p>\n<p class=\"p1\"><span class=\"s1\">El doble de ciclos de lavado m\u00e1s r\u00e1pidos con programas profesionales, asegurando velocidad, resultados de calidad y ahorro de costes.<\/span><\/p>\n<p>[\/vc_column_text][\/vc_column][vc_column width=&#8221;1\/3&#8243;][vc_single_image image=&#8221;11802&#8243; img_size=&#8221;150&#215;150&#8243; alignment=&#8221;center&#8221;][elx_heading font_container=&#8221;h3&#8243; font_size=&#8221;h5&#8243; text_color=&#8221;inherit&#8221;]Garant\u00eda[\/elx_heading][vc_column_text]<\/p>\n<p class=\"p1\"><span class=\"s1\">Garant\u00eda de equipos profesionales seg\u00fan la normativa de tu pa\u00eds.<\/span><\/p>\n<p>[\/vc_column_text][\/vc_column][\/vc_row][vc_row el_id=&#8221;myassistant&#8221;][vc_column][vc_empty_space][elx_heading text_color=&#8221;inherit&#8221;]Asistente en l\u00ednea myPRO[\/elx_heading][vc_column_text]<\/p>\n<p class=\"p1\"><span class=\"s1\">Obt\u00e9n lo mejor de tu lavadora, secadora y rodillo de vapor myPRO y myPROzip.<br \/>\nEncuentra en esta p\u00e1gina una colecci\u00f3n de video tutoriales, preguntas frecuentes (FAQ) y ayuda adicional en l\u00ednea.<br \/>\nRegistra tus productos y encuentra accesorios y consumibles adicionales que ayuden a obtener lo mejor de tu lavadora, secadora y rodillo de vapor.\u00a0No dudes en ponerte en contacto con un experto, en caso de que necesites asistencia adicional.<\/span><\/p>\n<p>[\/vc_column_text][vc_empty_space][\/vc_column][\/vc_row][vc_row][vc_column][elx_heading font_container=&#8221;h3&#8243; text_color=&#8221;inherit&#8221;]myPRO: videos tutoriales<br \/>\n[\/elx_heading][vc_empty_space][\/vc_column][\/vc_row][vc_row equal_height=&#8221;yes&#8221;][vc_column width=&#8221;1\/3&#8243; css=&#8221;.vc_custom_1572277047643{margin-right: 1px !important;margin-left: 1px !important;background-color: #eeeeee !important;}&#8221;][elx_video_block video_link=&#8221;https:\/\/www.youtube.com\/watch?v=OX3JTInT8A4&#8243; minimum_height=&#8221;100px&#8221;][vc_column_text]<\/p>\n<p class=\"p1\"><span class=\"s1\">Lavadora myPROzip: Instrucciones para el usuario<\/span><\/p>\n<p>[\/vc_column_text][\/vc_column][vc_column width=&#8221;1\/3&#8243; css=&#8221;.vc_custom_1572277056700{margin-right: 1px !important;margin-left: 1px !important;background-color: #eeeeee !important;}&#8221;][elx_video_block video_link=&#8221;https:\/\/www.youtube.com\/watch?v=liScSk-1b1c&#8221; minimum_height=&#8221;100px&#8221;][vc_column_text]<\/p>\n<p class=\"p1\"><span class=\"s1\">Secadora myPROzip: Instrucciones para el usuario<\/span><\/p>\n<p>[\/vc_column_text][\/vc_column][vc_column width=&#8221;1\/3&#8243; css=&#8221;.vc_custom_1572277012763{margin-right: 1px !important;margin-left: 1px !important;background-color: #eeeeee !important;}&#8221;][elx_video_block video_link=&#8221;https:\/\/www.youtube.com\/watch?v=IHJiqGrhOm8&#8243; minimum_height=&#8221;100px&#8221;][vc_column_text]<\/p>\n<p class=\"p1\"><span class=\"s1\">myPROzip: instrucciones de instalaci\u00f3n para lavadora y secadora<\/span><\/p>\n<p>[\/vc_column_text][\/vc_column][\/vc_row][vc_row][vc_column][vc_empty_space][\/vc_column][\/vc_row][vc_row el_id=&#8221;products&#8221;][vc_column][vc_empty_space][elx_heading text_color=&#8221;inherit&#8221;]Lavadora y secadora myPROzip para instalaciones de lavander\u00eda operadas por clientes<br \/>\n[\/elx_heading][vc_empty_space][\/vc_column][\/vc_row][vc_row full_width=&#8221;electroluxpro-full-width&#8221; css=&#8221;.vc_custom_1573483731804{background-color: #011e41 !important;}&#8221; el_id=&#8221;wheretobuy&#8221;][vc_column][vc_empty_space][elx_heading text_color=&#8221;white&#8221;]Donde comprar soluciones myPRO[\/elx_heading][vc_empty_space][\/vc_column][\/vc_row][vc_row css=&#8221;.vc_custom_1534772259989{background-color: #eeeeee !important;}&#8221;][vc_column width=&#8221;2\/3&#8243;][elx_heading font_size=&#8221;h3&#8243; text_color=&#8221;inherit&#8221;]\u00bfBusca soluciones m\u00e1s productivas?[\/elx_heading][elx_heading font_container=&#8221;h3&#8243; font_size=&#8221;h5&#8243; text_color=&#8221;inherit&#8221;]Ve y mira nuestras soluciones comerciales de lavander\u00eda[\/elx_heading][vc_column_text]Electrolux Professional ofrece una gama completa de productos para sus necesidades de lavado profesional.[\/vc_column_text][\/vc_column][vc_column width=&#8221;1\/3&#8243;][vc_empty_space][vc_single_image image=&#8221;11803&#8243; img_size=&#8221;700px&#8221; onclick=&#8221;custom_link&#8221; link=&#8221;http:\/\/https:\/\/www.electroluxprofessional.com\/es\/your-business\/commercial-laundries\/&#8221;][\/vc_column][\/vc_row]<\/p>\n","protected":false},"excerpt":{"rendered":"<p>[vc_row full_width=&#8221;electroluxpro-full-width-no-padding&#8221;][vc_column][elx_image_block background_image=&#8221;11796&#8243; minimum_height=&#8221;400px&#8221;][\/vc_column][\/vc_row][vc_row][vc_column width=&#8221;1\/2&#8243; css=&#8221;.vc_custom_1484574375079{margin-left: 0px !important;border-left-width: 0px !important;padding-left: 0px !important;}&#8221;][elx_simple_block background_color=&#8221;inherit&#8221;][elx_heading font_container=&#8221;h1&#8243; text_color=&#8221;inherit&#8221;]\u00bfTienes una lavander\u00eda\u00a0operada por clientes?[\/elx_heading][elx_heading text_color=&#8221;inherit&#8221;]Lavadora y secadora myPROzip [\/elx_heading][vc_column_text] myPROzip es la l\u00ednea de Electrolux Professional para\u00a0peque\u00f1as empresas que\u00a0necesitan\u00a0lavadoras y secadoras para instalaciones de lavander\u00eda operadas por clientes.\u00a0Equipos\u00a0m\u00e1s robustos\u00a0y\u00a0r\u00e1pidos\u00a0que los equipos dom\u00e9sticos. [\/vc_column_text][vc_column_text] Simplicidad a la hora de su utilizaci\u00f3n [&hellip;]<\/p>\n","protected":false},"author":197,"featured_media":11795,"parent":1256,"menu_order":0,"comment_status":"closed","ping_status":"closed","template":"","meta":{"footnotes":""},"class_list":["post-11804","page","type-page","status-publish","has-post-thumbnail","hentry"],"acf":[],"yoast_head":"<!-- This site is optimized with the Yoast SEO plugin v23.4 - https:\/\/yoast.com\/wordpress\/plugins\/seo\/ -->\n<title>Lavadora y secadora myPROzip - Electrolux Professional Espa\u00f1a<\/title>\n<meta name=\"description\" content=\"Electrolux Professional te trae equipamiento lavanderia comerciallavadora y secadora Myprozip. Soluciones profesionales con garant\u00eda Electrolux.\" \/>\n<meta name=\"robots\" content=\"index, follow, max-snippet:-1, max-image-preview:large, max-video-preview:-1\" \/>\n<link rel=\"canonical\" href=\"https:\/\/www.electroluxprofessional.com\/es\/equipamiento-lavanderia-comercial\/lavadora-y-secadora-myprozip\/\" \/>\n<meta property=\"og:locale\" content=\"es_ES\" \/>\n<meta property=\"og:type\" content=\"article\" \/>\n<meta property=\"og:title\" content=\"Lavadora y secadora myPROzip - Electrolux Professional Espa\u00f1a\" \/>\n<meta property=\"og:description\" content=\"Electrolux Professional te trae equipamiento lavanderia comerciallavadora y secadora Myprozip. Soluciones profesionales con garant\u00eda Electrolux.\" \/>\n<meta property=\"og:url\" content=\"https:\/\/www.electroluxprofessional.com\/es\/equipamiento-lavanderia-comercial\/lavadora-y-secadora-myprozip\/\" \/>\n<meta property=\"og:site_name\" content=\"Electrolux Professional Espa\u00f1a\" \/>\n<meta property=\"article:modified_time\" content=\"2022-02-16T10:19:56+00:00\" \/>\n<meta property=\"og:image\" content=\"https:\/\/www.electroluxprofessional.com\/es\/wp-content\/uploads\/2016\/12\/banner-5.jpg\" \/>\n\t<meta property=\"og:image:width\" content=\"2000\" \/>\n\t<meta property=\"og:image:height\" content=\"1383\" \/>\n\t<meta property=\"og:image:type\" content=\"image\/jpeg\" \/>\n<meta name=\"twitter:card\" content=\"summary_large_image\" \/>\n<meta name=\"twitter:label1\" content=\"Tiempo de lectura\" \/>\n\t<meta name=\"twitter:data1\" content=\"2 minutos\" \/>\n<script type=\"application\/ld+json\" class=\"yoast-schema-graph\">{\"@context\":\"https:\/\/schema.org\",\"@graph\":[{\"@type\":\"WebPage\",\"@id\":\"https:\/\/www.electroluxprofessional.com\/es\/equipamiento-lavanderia-comercial\/lavadora-y-secadora-myprozip\/\",\"url\":\"https:\/\/www.electroluxprofessional.com\/es\/equipamiento-lavanderia-comercial\/lavadora-y-secadora-myprozip\/\",\"name\":\"Lavadora y secadora myPROzip - Electrolux Professional Espa\u00f1a\",\"isPartOf\":{\"@id\":\"https:\/\/www.electroluxprofessional.com\/es\/#website\"},\"primaryImageOfPage\":{\"@id\":\"https:\/\/www.electroluxprofessional.com\/es\/equipamiento-lavanderia-comercial\/lavadora-y-secadora-myprozip\/#primaryimage\"},\"image\":{\"@id\":\"https:\/\/www.electroluxprofessional.com\/es\/equipamiento-lavanderia-comercial\/lavadora-y-secadora-myprozip\/#primaryimage\"},\"thumbnailUrl\":\"https:\/\/www.electroluxprofessional.com\/es\/wp-content\/uploads\/2016\/12\/banner-5.jpg\",\"datePublished\":\"2019-09-20T15:47:45+00:00\",\"dateModified\":\"2022-02-16T10:19:56+00:00\",\"description\":\"Electrolux Professional te trae equipamiento lavanderia comerciallavadora y secadora Myprozip. Soluciones profesionales con garant\u00eda Electrolux.\",\"breadcrumb\":{\"@id\":\"https:\/\/www.electroluxprofessional.com\/es\/equipamiento-lavanderia-comercial\/lavadora-y-secadora-myprozip\/#breadcrumb\"},\"inLanguage\":\"es\",\"potentialAction\":[{\"@type\":\"ReadAction\",\"target\":[\"https:\/\/www.electroluxprofessional.com\/es\/equipamiento-lavanderia-comercial\/lavadora-y-secadora-myprozip\/\"]}]},{\"@type\":\"ImageObject\",\"inLanguage\":\"es\",\"@id\":\"https:\/\/www.electroluxprofessional.com\/es\/equipamiento-lavanderia-comercial\/lavadora-y-secadora-myprozip\/#primaryimage\",\"url\":\"https:\/\/www.electroluxprofessional.com\/es\/wp-content\/uploads\/2016\/12\/banner-5.jpg\",\"contentUrl\":\"https:\/\/www.electroluxprofessional.com\/es\/wp-content\/uploads\/2016\/12\/banner-5.jpg\",\"width\":2000,\"height\":1383,\"caption\":\"Front load washers\"},{\"@type\":\"BreadcrumbList\",\"@id\":\"https:\/\/www.electroluxprofessional.com\/es\/equipamiento-lavanderia-comercial\/lavadora-y-secadora-myprozip\/#breadcrumb\",\"itemListElement\":[{\"@type\":\"ListItem\",\"position\":1,\"name\":\"Home\",\"item\":\"https:\/\/www.electroluxprofessional.com\/es\/\"},{\"@type\":\"ListItem\",\"position\":2,\"name\":\"Equipamiento de Lavander\u00eda\",\"item\":\"https:\/\/www.electroluxprofessional.com\/es\/equipamiento-lavanderia-comercial\/\"},{\"@type\":\"ListItem\",\"position\":3,\"name\":\"Lavadora y secadora myPROzip\"}]},{\"@type\":\"WebSite\",\"@id\":\"https:\/\/www.electroluxprofessional.com\/es\/#website\",\"url\":\"https:\/\/www.electroluxprofessional.com\/es\/\",\"name\":\"Electrolux Professional Espa\u00f1a\",\"description\":\"Equipamiento cocinas profesionales y lavander\u00edas comerciales. Excelencia en el suministro de soluciones profesionales.\",\"potentialAction\":[{\"@type\":\"SearchAction\",\"target\":{\"@type\":\"EntryPoint\",\"urlTemplate\":\"https:\/\/www.electroluxprofessional.com\/es\/?src={search_term_string}\"},\"query-input\":{\"@type\":\"PropertyValueSpecification\",\"valueRequired\":true,\"valueName\":\"search_term_string\"}}],\"inLanguage\":\"es\"}]}<\/script>\n<!-- \/ Yoast SEO plugin. -->","yoast_head_json":{"title":"Lavadora y secadora myPROzip - Electrolux Professional Espa\u00f1a","description":"Electrolux Professional te trae equipamiento lavanderia comerciallavadora y secadora Myprozip. Soluciones profesionales con garant\u00eda Electrolux.","robots":{"index":"index","follow":"follow","max-snippet":"max-snippet:-1","max-image-preview":"max-image-preview:large","max-video-preview":"max-video-preview:-1"},"canonical":"https:\/\/www.electroluxprofessional.com\/es\/equipamiento-lavanderia-comercial\/lavadora-y-secadora-myprozip\/","og_locale":"es_ES","og_type":"article","og_title":"Lavadora y secadora myPROzip - Electrolux Professional Espa\u00f1a","og_description":"Electrolux Professional te trae equipamiento lavanderia comerciallavadora y secadora Myprozip. Soluciones profesionales con garant\u00eda Electrolux.","og_url":"https:\/\/www.electroluxprofessional.com\/es\/equipamiento-lavanderia-comercial\/lavadora-y-secadora-myprozip\/","og_site_name":"Electrolux Professional Espa\u00f1a","article_modified_time":"2022-02-16T10:19:56+00:00","og_image":[{"width":2000,"height":1383,"url":"https:\/\/www.electroluxprofessional.com\/es\/wp-content\/uploads\/2016\/12\/banner-5.jpg","type":"image\/jpeg"}],"twitter_card":"summary_large_image","twitter_misc":{"Tiempo de lectura":"2 minutos"},"schema":{"@context":"https:\/\/schema.org","@graph":[{"@type":"WebPage","@id":"https:\/\/www.electroluxprofessional.com\/es\/equipamiento-lavanderia-comercial\/lavadora-y-secadora-myprozip\/","url":"https:\/\/www.electroluxprofessional.com\/es\/equipamiento-lavanderia-comercial\/lavadora-y-secadora-myprozip\/","name":"Lavadora y secadora myPROzip - Electrolux Professional Espa\u00f1a","isPartOf":{"@id":"https:\/\/www.electroluxprofessional.com\/es\/#website"},"primaryImageOfPage":{"@id":"https:\/\/www.electroluxprofessional.com\/es\/equipamiento-lavanderia-comercial\/lavadora-y-secadora-myprozip\/#primaryimage"},"image":{"@id":"https:\/\/www.electroluxprofessional.com\/es\/equipamiento-lavanderia-comercial\/lavadora-y-secadora-myprozip\/#primaryimage"},"thumbnailUrl":"https:\/\/www.electroluxprofessional.com\/es\/wp-content\/uploads\/2016\/12\/banner-5.jpg","datePublished":"2019-09-20T15:47:45+00:00","dateModified":"2022-02-16T10:19:56+00:00","description":"Electrolux Professional te trae equipamiento lavanderia comerciallavadora y secadora Myprozip. Soluciones profesionales con garant\u00eda Electrolux.","breadcrumb":{"@id":"https:\/\/www.electroluxprofessional.com\/es\/equipamiento-lavanderia-comercial\/lavadora-y-secadora-myprozip\/#breadcrumb"},"inLanguage":"es","potentialAction":[{"@type":"ReadAction","target":["https:\/\/www.electroluxprofessional.com\/es\/equipamiento-lavanderia-comercial\/lavadora-y-secadora-myprozip\/"]}]},{"@type":"ImageObject","inLanguage":"es","@id":"https:\/\/www.electroluxprofessional.com\/es\/equipamiento-lavanderia-comercial\/lavadora-y-secadora-myprozip\/#primaryimage","url":"https:\/\/www.electroluxprofessional.com\/es\/wp-content\/uploads\/2016\/12\/banner-5.jpg","contentUrl":"https:\/\/www.electroluxprofessional.com\/es\/wp-content\/uploads\/2016\/12\/banner-5.jpg","width":2000,"height":1383,"caption":"Front load washers"},{"@type":"BreadcrumbList","@id":"https:\/\/www.electroluxprofessional.com\/es\/equipamiento-lavanderia-comercial\/lavadora-y-secadora-myprozip\/#breadcrumb","itemListElement":[{"@type":"ListItem","position":1,"name":"Home","item":"https:\/\/www.electroluxprofessional.com\/es\/"},{"@type":"ListItem","position":2,"name":"Equipamiento de Lavander\u00eda","item":"https:\/\/www.electroluxprofessional.com\/es\/equipamiento-lavanderia-comercial\/"},{"@type":"ListItem","position":3,"name":"Lavadora y secadora myPROzip"}]},{"@type":"WebSite","@id":"https:\/\/www.electroluxprofessional.com\/es\/#website","url":"https:\/\/www.electroluxprofessional.com\/es\/","name":"Electrolux Professional Espa\u00f1a","description":"Equipamiento cocinas profesionales y lavander\u00edas comerciales. Excelencia en el suministro de soluciones profesionales.","potentialAction":[{"@type":"SearchAction","target":{"@type":"EntryPoint","urlTemplate":"https:\/\/www.electroluxprofessional.com\/es\/?src={search_term_string}"},"query-input":{"@type":"PropertyValueSpecification","valueRequired":true,"valueName":"search_term_string"}}],"inLanguage":"es"}]}},"_links":{"self":[{"href":"https:\/\/www.electroluxprofessional.com\/es\/wp-json\/wp\/v2\/pages\/11804"}],"collection":[{"href":"https:\/\/www.electroluxprofessional.com\/es\/wp-json\/wp\/v2\/pages"}],"about":[{"href":"https:\/\/www.electroluxprofessional.com\/es\/wp-json\/wp\/v2\/types\/page"}],"author":[{"embeddable":true,"href":"https:\/\/www.electroluxprofessional.com\/es\/wp-json\/wp\/v2\/users\/197"}],"replies":[{"embeddable":true,"href":"https:\/\/www.electroluxprofessional.com\/es\/wp-json\/wp\/v2\/comments?post=11804"}],"version-history":[{"count":15,"href":"https:\/\/www.electroluxprofessional.com\/es\/wp-json\/wp\/v2\/pages\/11804\/revisions"}],"predecessor-version":[{"id":17793,"href":"https:\/\/www.electroluxprofessional.com\/es\/wp-json\/wp\/v2\/pages\/11804\/revisions\/17793"}],"up":[{"embeddable":true,"href":"https:\/\/www.electroluxprofessional.com\/es\/wp-json\/wp\/v2\/pages\/1256"}],"wp:featuredmedia":[{"embeddable":true,"href":"https:\/\/www.electroluxprofessional.com\/es\/wp-json\/wp\/v2\/media\/11795"}],"wp:attachment":[{"href":"https:\/\/www.electroluxprofessional.com\/es\/wp-json\/wp\/v2\/media?parent=11804"}],"curies":[{"name":"wp","href":"https:\/\/api.w.org\/{rel}","templated":true}]}}