{"id":11528,"date":"2025-03-02T17:02:31","date_gmt":"2025-03-02T17:02:31","guid":{"rendered":"https:\/\/www.electroluxprofessional.com\/es\/?page_id=11528"},"modified":"2026-03-05T16:50:33","modified_gmt":"2026-03-05T16:50:33","slug":"homepage","status":"publish","type":"page","link":"https:\/\/www.electroluxprofessional.com\/es\/","title":{"rendered":"Homepage"},"content":{"rendered":"<p>[vc_row full_width=&#8221;electroluxpro-full-width-no-padding&#8221; css=&#8221;.vc_custom_1764854208728{margin-bottom: 0px !important;}&#8221;][vc_column css=&#8221;.vc_custom_1575015067714{margin-bottom: 0px !important;}&#8221;][elx_master_slider slide_order_1=&#8221;4&#8243; title_1=&#8221;Monta tu lavander\u00eda de autoservicio&#8221; text_1=&#8221;y ofrece unos resultados de lavado excelentes desde el primer d\u00eda&#8221; slide_order_2=&#8221;1&#8243; title_2=&#8221;Excelencia cada d\u00eda&#8221; text_2=&#8221;Cocci\u00f3n Modular e-XP 700 &amp; 900&#8243; slide_order_3=&#8221;3&#8243; title_3=&#8221;&#8221; text_3=&#8221;&#8221; slide_order_4=&#8221;2&#8243; title_4=&#8221;Desata tu creatividad&#8221; text_4=&#8221;therma<em>line<\/em> Modular 80, 85 &amp; 90&#8243; background_image_media_library_2=&#8221;24974&#8243; background_image_media_library_mobile_2=&#8221;24973&#8243; link_2=&#8221;url:https%3A%2F%2Fwww.electroluxprofessional.com%2Fes%2Fcoccion-modular-e-xp-700-900%2F|title:DESCUBRE%20M%C3%81S&#8221; link_4=&#8221;url:https%3A%2F%2Fwww.electroluxprofessional.com%2Fes%2Fthermaline-modular-80-85-90%2F|title:DESCUBRE%20M%C3%81S&#8221; background_image_media_library_4=&#8221;24972&#8243; background_image_media_library_mobile_4=&#8221;24971&#8243; background_image_media_library_1=&#8221;21627&#8243; background_image_media_library_mobile_1=&#8221;21628&#8243; link_1=&#8221;url:https%3A%2F%2Fwww.electroluxprofessional.com%2Fes%2Fautoservicio-lavanderias%2F|title:DESCUBRE%20M%C3%81S%20|target:_blank&#8221;][\/vc_column][\/vc_row][vc_row full_width=&#8221;electroluxpro-full-width-no-padding&#8221; disable_element=&#8221;yes&#8221; css=&#8221;.vc_custom_1764854215496{margin-bottom: 0px !important;}&#8221;][vc_column css=&#8221;.vc_custom_1575015067714{margin-bottom: 0px !important;}&#8221;][elx_master_slider slide_order_1=&#8221;3&#8243; title_1=&#8221;Monta tu lavander\u00eda de autoservicio&#8221; text_1=&#8221;y ofrece unos resultados de lavado excelentes desde el primer d\u00eda&#8221; slide_order_2=&#8221;1&#8243; title_2=&#8221;Excelencia cada d\u00eda&#8221; text_2=&#8221;Una nueva era en la Cocci\u00f3n Modular&#8221; slide_order_3=&#8221;4&#8243; title_3=&#8221;&#8221; text_3=&#8221;&#8221; slide_order_4=&#8221;2&#8243; title_4=&#8221;Hornos Combi SkyLine&#8221; text_4=&#8221;Sostenibilidad<br \/>\nEscrita en las Estrellas&#8221; background_image_media_library_2=&#8221;24392&#8243; background_image_media_library_mobile_2=&#8221;24393&#8243; background_image_media_library_mobile_3=&#8221;19624&#8243; background_image_media_library_3=&#8221;19623&#8243; link_2=&#8221;url:https%3A%2F%2Fwww.electroluxprofessional.com%2Fes%2Fcoccion-modular-una-nueva-era%2F|title:DESCUBRE%20M%C3%81S&#8221; link_3=&#8221;url:https%3A%2F%2Fwww.electroluxprofessional.com%2Fes%2Fsolucion-de-renting%2F&#8221; link_4=&#8221;url:https%3A%2F%2Fwww.electroluxprofessional.com%2Fes%2Fequipamiento-cocinas-profesionales%2Fhorno-combi-skyline%2F|title:DESCUBRE%20M%C3%81S&#8221; background_image_media_library_4=&#8221;23678&#8243; background_image_media_library_mobile_4=&#8221;23679&#8243; link_1=&#8221;url:https%3A%2F%2Fwww.electroluxprofessional.com%2Fes%2Fautoservicio-lavanderias%2F|title:DESCUBRE%20M%C3%81S&#8221; background_image_media_library_1=&#8221;21627&#8243; background_image_media_library_mobile_1=&#8221;21628&#8243;][\/vc_column][\/vc_row][vc_row full_width=&#8221;electroluxpro-full-width-no-padding&#8221; disable_element=&#8221;yes&#8221; css=&#8221;.vc_custom_1762353413999{margin-bottom: 0px !important;}&#8221;][vc_column css=&#8221;.vc_custom_1575015067714{margin-bottom: 0px !important;}&#8221;][elx_master_slider slide_order_1=&#8221;3&#8243; title_1=&#8221;Monta tu lavander\u00eda de autoservicio&#8221; text_1=&#8221;y ofrece unos resultados de lavado excelentes desde el primer d\u00eda&#8221; slide_order_2=&#8221;2&#8243; title_2=&#8221;El arte de la Pasteler\u00eda y Panader\u00eda&#8221; text_2=&#8221;Tecnolog\u00eda y tradici\u00f3n con resultados impecables&#8221; slide_order_3=&#8221;4&#8243; title_3=&#8221;&#8221; text_3=&#8221;&#8221; slide_order_4=&#8221;1&#8243; title_4=&#8221;Hornos Combi SkyLine&#8221; text_4=&#8221;Sostenibilidad<br \/>\nEscrita en las Estrellas&#8221; background_image_media_library_2=&#8221;23977&#8243; background_image_media_library_mobile_2=&#8221;23976&#8243; background_image_media_library_mobile_3=&#8221;19624&#8243; background_image_media_library_3=&#8221;19623&#8243; link_2=&#8221;url:https%3A%2F%2Fwww.electroluxprofessional.com%2Fes%2Ftu-negocio%2Fpasteleria-y-panaderia%2F|title:DESCUBRE%20M%C3%81S&#8221; link_3=&#8221;url:https%3A%2F%2Fwww.electroluxprofessional.com%2Fes%2Fsolucion-de-renting%2F&#8221; link_4=&#8221;url:https%3A%2F%2Fwww.electroluxprofessional.com%2Fes%2Fequipamiento-cocinas-profesionales%2Fhorno-combi-skyline%2F|title:DESCUBRE%20M%C3%81S&#8221; background_image_media_library_4=&#8221;23678&#8243; background_image_media_library_mobile_4=&#8221;23679&#8243; link_1=&#8221;url:https%3A%2F%2Fwww.electroluxprofessional.com%2Fes%2Fautoservicio-lavanderias%2F|title:DESCUBRE%20M%C3%81S&#8221; background_image_media_library_1=&#8221;21627&#8243; background_image_media_library_mobile_1=&#8221;21628&#8243;][\/vc_column][\/vc_row][vc_row full_width=&#8221;electroluxpro-full-width-no-padding&#8221;][vc_column][elx_full_banner title=&#8221;Soluciones sostenibles para aportar valor a largo plazo&#8221; text=&#8221;Electrolux Professional is the OnE trusted partner making your<br \/>\nwork-life easier, more profitable \u2013 and truly sustainable every day.&#8221; background_source=&#8221;image-media-library&#8221; link=&#8221;url:https%3A%2F%2Fwww.electroluxprofessional.com%2Fes%2Fsoluciones-sostenibles-para-entregar-valor-a-largo-plazo%2F|title:Descubre%20m%C3%A1s&#8221; background_image_media_library=&#8221;17018&#8243; background_image_media_library_mobile=&#8221;17019&#8243;][\/vc_column][\/vc_row][vc_row][vc_column][elx_double_banner title_1=&#8221;Cuidamos de tu equipo para que t\u00fa puedas cuidar de tu negocio&#8221; text_1=&#8221;Descubre Essentia, el coraz\u00f3n de la atenci\u00f3n al cliente&#8221; title_2=&#8221;Reduce, Reutiliza, Recicla&#8221; text_2=&#8221;HeroDry, la unidad de secado aut\u00f3noma&#8221; background_source_1=&#8221;image-media-library&#8221; background_source_2=&#8221;image-media-library&#8221; link_1=&#8221;url:https%3A%2F%2Fwww.electroluxprofessional.com%2Fes%2Fcustomer-care%2F|title:DESCUBRE%20M%C3%81S&#8221; background_image_media_library_1=&#8221;18864&#8243; link_2=&#8221;url:https%3A%2F%2Fwww.electroluxprofessional.com%2Fes%2Funidad-secado-vajilla-herodry%2F|title:DESCUBRE%20M%C3%81S&#8221; background_image_media_library_2=&#8221;18866&#8243; background_image_media_library_mobile_1=&#8221;18865&#8243; background_image_media_library_mobile_2=&#8221;18867&#8243;][\/vc_column][\/vc_row][vc_row][vc_column][elx_double_banner title_1=&#8221;La elecci\u00f3n natural para limpiar toda la ropa y tejidos&#8221; text_1=&#8221;Descubre el detergente definitivo para prendas delicadas, pieles y zapatos&#8221; title_2=&#8221;La creatividad se une a la velocidad&#8221; text_2=&#8221;Descubre GourmeXpress, el horno de alta velocidad&#8221; background_source_1=&#8221;image-media-library&#8221; background_source_2=&#8221;image-media-library&#8221; link_1=&#8221;url:https%3A%2F%2Fwww.electroluxprofessional.com%2Fes%2Flavanderia%2F|title:DESCUBRE%20M%C3%81S&#8221; background_image_media_library_1=&#8221;17855&#8243; link_2=&#8221;url:https%3A%2F%2Fwww.electroluxprofessional.com%2Fes%2Fhorno-alta-velocidad-gourmexpress%2F|title:DESCUBRE%20M%C3%81S&#8221; background_image_media_library_2=&#8221;19285&#8243; background_image_media_library_mobile_1=&#8221;17855&#8243; background_image_media_library_mobile_2=&#8221;19286&#8243;][\/vc_column][\/vc_row][vc_row full_width=&#8221;electroluxpro-full-width&#8221;][vc_column][elx_full_banner title=&#8221;Centro de Excelencia Electrolux Professional&#8221; text=&#8221;Swiss design since 1871: over 100 years of production,<br \/>\nprecision and tradition&#8221; background_source=&#8221;image-media-library&#8221; link=&#8221;url:https%3A%2F%2Fwww.electroluxprofessional.com%2Fes%2Fcentro-de-excelencia-de-electrolux-professional%2F|title:Desc%C3%BAbrelo&#8221; background_image_media_library=&#8221;16188&#8243; background_image_media_library_mobile=&#8221;16189&#8243;][\/vc_column][\/vc_row][vc_row full_width=&#8221;electroluxpro-full-width-no-padding&#8221;][vc_column offset=&#8221;vc_col-lg-12&#8243;][elx_last_references title=&#8221;Referencias Electrolux Professional&#8221;][\/vc_column][\/vc_row][vc_row full_width=&#8221;electroluxpro-full-width-no-padding&#8221;][vc_column][elx_last_news title=&#8221;Noticias Electrolux Professional&#8221;][\/vc_column][\/vc_row][vc_row css=&#8221;.vc_custom_1647345217982{margin-top: 0px !important;margin-right: 0px !important;margin-bottom: 0px !important;margin-left: 0px !important;border-top-width: 0px !important;border-right-width: 0px !important;border-bottom-width: 0px !important;border-left-width: 0px !important;padding-top: 0px !important;padding-right: 0px !important;padding-bottom: 0px !important;padding-left: 0px !important;}&#8221;][vc_column css=&#8221;.vc_custom_1647345252947{margin-top: 0px !important;margin-right: 0px !important;margin-bottom: 0px !important;margin-left: 0px !important;border-top-width: 0px !important;border-right-width: 0px !important;border-bottom-width: 0px !important;border-left-width: 0px !important;padding-top: 0px !important;padding-right: 0px !important;padding-bottom: 0px !important;padding-left: 0px !important;}&#8221;][elx_active_banner title=&#8221;Ventas y localizador de distribuidores&#8221; link=&#8221;url:https%3A%2F%2Fwww.electroluxprofessional.com%2Fes%2Fpuntos-de-venta-y-servicio%2F|title:Contacta%20con%20nuestro%20distribuidor%20m%C3%A1s%20cercano%20||&#8221; background_image_media_library=&#8221;11554&#8243; background_image_media_library_mobile=&#8221;11555&#8243;][\/vc_column][\/vc_row][vc_row][vc_column][vc_empty_space height=&#8221;30px&#8221;][\/vc_column][\/vc_row][vc_row css=&#8221;.vc_custom_1647345066383{margin-top: 0px !important;margin-right: 10px !important;margin-bottom: 0px !important;margin-left: 10px !important;border-top-width: 0px !important;border-right-width: 0px !important;border-bottom-width: 0px !important;border-left-width: 0px !important;padding-top: 0px !important;padding-right: 0px !important;padding-bottom: 0px !important;padding-left: 0px !important;}&#8221;][vc_column width=&#8221;2\/3&#8243; css=&#8221;.vc_custom_1647270382747{margin-top: 0px !important;margin-right: 0px !important;margin-bottom: 0px !important;margin-left: 0px !important;border-top-width: 0px !important;border-right-width: 0px !important;border-bottom-width: 0px !important;border-left-width: 0px !important;padding-top: 0px !important;padding-right: 0px !important;padding-bottom: 0px !important;padding-left: 0px !important;}&#8221;][vc_single_image image=&#8221;16236&#8243; img_size=&#8221;full&#8221;][\/vc_column][vc_column width=&#8221;1\/3&#8243; css=&#8221;.vc_custom_1647271186002{margin-top: 0px !important;margin-right: 0px !important;margin-bottom: 0px !important;margin-left: 0px !important;border-top-width: 0px !important;border-right-width: 0px !important;border-bottom-width: 0px !important;border-left-width: 0px !important;padding-top: 30px !important;padding-right: 30px !important;padding-bottom: 30px !important;padding-left: 30px !important;background-color: #14133b !important;}&#8221;][vc_empty_space height=&#8221;5px&#8221;][elx_heading font_container=&#8221;h3&#8243; text_color=&#8221;white&#8221;]Compra ya nuestros Accesorios y Consumibles[\/elx_heading][vc_empty_space height=&#8221;20px&#8221;][vc_column_text]<\/p>\n<p style=\"color: white;\">Rigurosamente testados, nuestros accesorios y consumibles garantizan un rendimiento \u00f3ptimo del equipo<\/p>\n<p>[\/vc_column_text][vc_empty_space height=&#8221;22px&#8221;][elx_shop_now button_text=&#8221;TIENDA ONLINE&#8221; button_link=&#8221;url:https%3A%2F%2Fbuy.electroluxprofessional.com%2F||target:%20_blank|&#8221;][vc_empty_space height=&#8221;20px&#8221;][\/vc_column][\/vc_row][vc_row css=&#8221;.vc_custom_1647345449265{margin-top: 0px !important;margin-right: 0px !important;margin-bottom: 0px !important;margin-left: 0px !important;border-top-width: 0px !important;border-right-width: 0px !important;border-bottom-width: 0px !important;border-left-width: 0px !important;padding-top: 0px !important;padding-right: 0px !important;padding-bottom: 0px !important;padding-left: 0px !important;}&#8221;][vc_column css=&#8221;.vc_custom_1647345441046{margin-top: 0px !important;margin-right: 0px !important;margin-bottom: 0px !important;margin-left: 0px !important;border-top-width: 0px !important;border-right-width: 0px !important;border-bottom-width: 0px !important;border-left-width: 0px !important;padding-top: 0px !important;padding-right: 0px !important;padding-bottom: 0px !important;padding-left: 0px !important;}&#8221;][elx_single_banner title=&#8221;Trabaja con nosotros&#8221; text=&#8221;En Electrolux Professional estamos encantados de acoger<br \/>\nen nuestra familia a personas apasionadas con visi\u00f3n<br \/>\nempresarial y que sepan jugar en equipo.<\/p>\n<p>Revisa nuestra p\u00e1gina de empleo para ver las vacantes y oportunidades que hay para ti.&#8221; text_mobile=&#8221;&#8221; background_source=&#8221;image-media-library&#8221; background_image_media_library=&#8221;11552&#8243; link=&#8221;url:https%3A%2F%2Fwww.electroluxprofessionalgroup.com%2Fen%2Fjoin-us%2F|title:Descubre%20m%C3%A1s&#8221; background_image_media_library_mobile=&#8221;11553&#8243;][\/vc_column][\/vc_row][vc_row][vc_column][vc_empty_space height=&#8221;30px&#8221;][\/vc_column][\/vc_row][vc_row][vc_column][vc_empty_space height=&#8221;30px&#8221;][\/vc_column][\/vc_row]<\/p>\n","protected":false},"excerpt":{"rendered":"<p>[vc_row full_width=&#8221;electroluxpro-full-width-no-padding&#8221; css=&#8221;.vc_custom_1764854208728{margin-bottom: 0px !important;}&#8221;][vc_column css=&#8221;.vc_custom_1575015067714{margin-bottom: 0px !important;}&#8221;][elx_master_slider slide_order_1=&#8221;4&#8243; title_1=&#8221;Monta tu lavander\u00eda de autoservicio&#8221; text_1=&#8221;y ofrece unos resultados de lavado excelentes desde el primer d\u00eda&#8221; slide_order_2=&#8221;1&#8243; title_2=&#8221;Excelencia cada d\u00eda&#8221; text_2=&#8221;Cocci\u00f3n Modular e-XP 700 &amp; 900&#8243; slide_order_3=&#8221;3&#8243; title_3=&#8221;&#8221; text_3=&#8221;&#8221; slide_order_4=&#8221;2&#8243; title_4=&#8221;Desata tu creatividad&#8221; text_4=&#8221;thermaline Modular 80, 85 &amp; 90&#8243; background_image_media_library_2=&#8221;24974&#8243; background_image_media_library_mobile_2=&#8221;24973&#8243; link_2=&#8221;url:https%3A%2F%2Fwww.electroluxprofessional.com%2Fes%2Fcoccion-modular-e-xp-700-900%2F|title:DESCUBRE%20M%C3%81S&#8221; link_4=&#8221;url:https%3A%2F%2Fwww.electroluxprofessional.com%2Fes%2Fthermaline-modular-80-85-90%2F|title:DESCUBRE%20M%C3%81S&#8221; background_image_media_library_4=&#8221;24972&#8243; background_image_media_library_mobile_4=&#8221;24971&#8243; background_image_media_library_1=&#8221;21627&#8243; [&hellip;]<\/p>\n","protected":false},"author":1,"featured_media":0,"parent":0,"menu_order":0,"comment_status":"closed","ping_status":"closed","template":"","meta":{"footnotes":""},"class_list":["post-11528","page","type-page","status-publish","hentry"],"acf":[],"yoast_head":"<!-- This site is optimized with the Yoast SEO plugin v23.4 - https:\/\/yoast.com\/wordpress\/plugins\/seo\/ -->\n<title>Electrolux Professional | Soluciones de Cocina, Bebida, Lavander\u00eda<\/title>\n<meta name=\"description\" content=\"Electrolux Professional, principal proveedor mundial de soluciones de Cocina, Lavander\u00eda y M\u00e1quinas de bebidas para usuarios profesionales.\" \/>\n<meta name=\"robots\" content=\"index, follow, max-snippet:-1, max-image-preview:large, max-video-preview:-1\" \/>\n<link rel=\"canonical\" href=\"https:\/\/www.electroluxprofessional.com\/es\/\" \/>\n<meta property=\"og:locale\" content=\"es_ES\" \/>\n<meta property=\"og:type\" content=\"article\" \/>\n<meta property=\"og:title\" content=\"Electrolux Professional | Soluciones de Cocina, Bebida, Lavander\u00eda\" \/>\n<meta property=\"og:description\" content=\"Electrolux Professional, principal proveedor mundial de soluciones de Cocina, Lavander\u00eda y M\u00e1quinas de bebidas para usuarios profesionales.\" \/>\n<meta property=\"og:url\" content=\"https:\/\/www.electroluxprofessional.com\/es\/\" \/>\n<meta property=\"og:site_name\" content=\"Electrolux Professional Espa\u00f1a\" \/>\n<meta property=\"article:modified_time\" content=\"2026-03-05T16:50:33+00:00\" \/>\n<meta name=\"twitter:card\" content=\"summary_large_image\" \/>\n<meta name=\"twitter:label1\" content=\"Tiempo de lectura\" \/>\n\t<meta name=\"twitter:data1\" content=\"5 minutos\" \/>\n<script type=\"application\/ld+json\" class=\"yoast-schema-graph\">{\"@context\":\"https:\/\/schema.org\",\"@graph\":[{\"@type\":\"WebPage\",\"@id\":\"https:\/\/www.electroluxprofessional.com\/es\/\",\"url\":\"https:\/\/www.electroluxprofessional.com\/es\/\",\"name\":\"Electrolux Professional | Soluciones de Cocina, Bebida, Lavander\u00eda\",\"isPartOf\":{\"@id\":\"https:\/\/www.electroluxprofessional.com\/es\/#website\"},\"datePublished\":\"2025-03-02T17:02:31+00:00\",\"dateModified\":\"2026-03-05T16:50:33+00:00\",\"description\":\"Electrolux Professional, principal proveedor mundial de soluciones de Cocina, Lavander\u00eda y M\u00e1quinas de bebidas para usuarios profesionales.\",\"breadcrumb\":{\"@id\":\"https:\/\/www.electroluxprofessional.com\/es\/#breadcrumb\"},\"inLanguage\":\"es\",\"potentialAction\":[{\"@type\":\"ReadAction\",\"target\":[\"https:\/\/www.electroluxprofessional.com\/es\/\"]}]},{\"@type\":\"BreadcrumbList\",\"@id\":\"https:\/\/www.electroluxprofessional.com\/es\/#breadcrumb\",\"itemListElement\":[{\"@type\":\"ListItem\",\"position\":1,\"name\":\"Home\",\"item\":\"https:\/\/www.electroluxprofessional.com\/es\/\"},{\"@type\":\"ListItem\",\"position\":2,\"name\":\"Homepage\"}]},{\"@type\":\"WebSite\",\"@id\":\"https:\/\/www.electroluxprofessional.com\/es\/#website\",\"url\":\"https:\/\/www.electroluxprofessional.com\/es\/\",\"name\":\"Electrolux Professional Espa\u00f1a\",\"description\":\"Equipamiento cocinas profesionales y lavander\u00edas comerciales. Excelencia en el suministro de soluciones profesionales.\",\"potentialAction\":[{\"@type\":\"SearchAction\",\"target\":{\"@type\":\"EntryPoint\",\"urlTemplate\":\"https:\/\/www.electroluxprofessional.com\/es\/?src={search_term_string}\"},\"query-input\":{\"@type\":\"PropertyValueSpecification\",\"valueRequired\":true,\"valueName\":\"search_term_string\"}}],\"inLanguage\":\"es\"}]}<\/script>\n<!-- \/ Yoast SEO plugin. -->","yoast_head_json":{"title":"Electrolux Professional | Soluciones de Cocina, Bebida, Lavander\u00eda","description":"Electrolux Professional, principal proveedor mundial de soluciones de Cocina, Lavander\u00eda y M\u00e1quinas de bebidas para usuarios profesionales.","robots":{"index":"index","follow":"follow","max-snippet":"max-snippet:-1","max-image-preview":"max-image-preview:large","max-video-preview":"max-video-preview:-1"},"canonical":"https:\/\/www.electroluxprofessional.com\/es\/","og_locale":"es_ES","og_type":"article","og_title":"Electrolux Professional | Soluciones de Cocina, Bebida, Lavander\u00eda","og_description":"Electrolux Professional, principal proveedor mundial de soluciones de Cocina, Lavander\u00eda y M\u00e1quinas de bebidas para usuarios profesionales.","og_url":"https:\/\/www.electroluxprofessional.com\/es\/","og_site_name":"Electrolux Professional Espa\u00f1a","article_modified_time":"2026-03-05T16:50:33+00:00","twitter_card":"summary_large_image","twitter_misc":{"Tiempo de lectura":"5 minutos"},"schema":{"@context":"https:\/\/schema.org","@graph":[{"@type":"WebPage","@id":"https:\/\/www.electroluxprofessional.com\/es\/","url":"https:\/\/www.electroluxprofessional.com\/es\/","name":"Electrolux Professional | Soluciones de Cocina, Bebida, Lavander\u00eda","isPartOf":{"@id":"https:\/\/www.electroluxprofessional.com\/es\/#website"},"datePublished":"2025-03-02T17:02:31+00:00","dateModified":"2026-03-05T16:50:33+00:00","description":"Electrolux Professional, principal proveedor mundial de soluciones de Cocina, Lavander\u00eda y M\u00e1quinas de bebidas para usuarios profesionales.","breadcrumb":{"@id":"https:\/\/www.electroluxprofessional.com\/es\/#breadcrumb"},"inLanguage":"es","potentialAction":[{"@type":"ReadAction","target":["https:\/\/www.electroluxprofessional.com\/es\/"]}]},{"@type":"BreadcrumbList","@id":"https:\/\/www.electroluxprofessional.com\/es\/#breadcrumb","itemListElement":[{"@type":"ListItem","position":1,"name":"Home","item":"https:\/\/www.electroluxprofessional.com\/es\/"},{"@type":"ListItem","position":2,"name":"Homepage"}]},{"@type":"WebSite","@id":"https:\/\/www.electroluxprofessional.com\/es\/#website","url":"https:\/\/www.electroluxprofessional.com\/es\/","name":"Electrolux Professional Espa\u00f1a","description":"Equipamiento cocinas profesionales y lavander\u00edas comerciales. Excelencia en el suministro de soluciones profesionales.","potentialAction":[{"@type":"SearchAction","target":{"@type":"EntryPoint","urlTemplate":"https:\/\/www.electroluxprofessional.com\/es\/?src={search_term_string}"},"query-input":{"@type":"PropertyValueSpecification","valueRequired":true,"valueName":"search_term_string"}}],"inLanguage":"es"}]}},"_links":{"self":[{"href":"https:\/\/www.electroluxprofessional.com\/es\/wp-json\/wp\/v2\/pages\/11528"}],"collection":[{"href":"https:\/\/www.electroluxprofessional.com\/es\/wp-json\/wp\/v2\/pages"}],"about":[{"href":"https:\/\/www.electroluxprofessional.com\/es\/wp-json\/wp\/v2\/types\/page"}],"author":[{"embeddable":true,"href":"https:\/\/www.electroluxprofessional.com\/es\/wp-json\/wp\/v2\/users\/1"}],"replies":[{"embeddable":true,"href":"https:\/\/www.electroluxprofessional.com\/es\/wp-json\/wp\/v2\/comments?post=11528"}],"version-history":[{"count":319,"href":"https:\/\/www.electroluxprofessional.com\/es\/wp-json\/wp\/v2\/pages\/11528\/revisions"}],"predecessor-version":[{"id":25748,"href":"https:\/\/www.electroluxprofessional.com\/es\/wp-json\/wp\/v2\/pages\/11528\/revisions\/25748"}],"wp:attachment":[{"href":"https:\/\/www.electroluxprofessional.com\/es\/wp-json\/wp\/v2\/media?parent=11528"}],"curies":[{"name":"wp","href":"https:\/\/api.w.org\/{rel}","templated":true}]}}