{"id":1118,"date":"2016-11-25T11:25:07","date_gmt":"2016-11-25T11:25:07","guid":{"rendered":"https:\/\/www.electroluxprofessional.com\/es\/?page_id=1118"},"modified":"2026-03-31T09:15:41","modified_gmt":"2026-03-31T09:15:41","slug":"contacto","status":"publish","type":"page","link":"https:\/\/www.electroluxprofessional.com\/es\/contacto\/","title":{"rendered":"Contacto"},"content":{"rendered":"<p>[vc_row full_width=&#8221;electroluxpro-full-width-no-padding&#8221;][vc_column][elx_hero_slider label_text_color=&#8221;inherit&#8221; images=&#8221;1834&#8243;][vc_column_text]<\/p>\n<h1>Contacto<\/h1>\n<p>[\/vc_column_text][\/elx_hero_slider][\/vc_column][\/vc_row][vc_row][vc_column width=&#8221;1\/2&#8243;][vc_empty_space height=&#8221;36px&#8221;][vc_column_text]<\/p>\n<h4>Electrolux Professional Espa\u00f1a<\/h4>\n<p>Avenida de Europa, 16. Parque\u00a0Empresarial La Moraleja<br \/>\n28108 &#8211; Alcobendas, Madrid<br \/>\nTel. +34 91-747-54-00[\/vc_column_text][vc_empty_space height=&#8221;36px&#8221;][elx_button button_text=&#8221;Puntos de venta y servicio&#8221; button_link=&#8221;url:https%3A%2F%2Fprofessional.electrolux.es%2Fpuntos-de-venta-y-servicio%2F|title:Puintos%20de%20venta%20y%20servicio||&#8221;][\/vc_column][vc_column width=&#8221;1\/2&#8243;][vc_empty_space height=&#8221;36px&#8221;][vc_column_text]<\/p>\n<h4>Env\u00edanos tu consulta<\/h4>\n<p>Estaremos encantados de\u00a0ayudarte.[\/vc_column_text][elx_o2000_contact_us r=&#8221;Me gustar\u00eda tener m\u00e1s informaci\u00f3n sobre soluciones de Cocina y Lavander\u00eda, por favor contacten conmigo&#8221; s=&#8221;Petici\u00f3n de informaci\u00f3n sobre&#8230;&#8221; e=&#8221;foodservice@electrolux.es&#8221; country=&#8221;Spain&#8221; l=&#8221;es&#8221; container=&#8221;elxcontactus1481547468&#8243;][\/vc_column][\/vc_row][vc_row][vc_column][vc_empty_space][\/vc_column][\/vc_row]<\/p>\n","protected":false},"excerpt":{"rendered":"<p>[vc_row full_width=&#8221;electroluxpro-full-width-no-padding&#8221;][vc_column][elx_hero_slider label_text_color=&#8221;inherit&#8221; images=&#8221;1834&#8243;][vc_column_text] Contacto [\/vc_column_text][\/elx_hero_slider][\/vc_column][\/vc_row][vc_row][vc_column width=&#8221;1\/2&#8243;][vc_empty_space height=&#8221;36px&#8221;][vc_column_text] Electrolux Professional Espa\u00f1a Avenida de Europa, 16. Parque\u00a0Empresarial La Moraleja 28108 &#8211; Alcobendas, Madrid Tel. +34 91-747-54-00[\/vc_column_text][vc_empty_space height=&#8221;36px&#8221;][elx_button button_text=&#8221;Puntos de venta y servicio&#8221; button_link=&#8221;url:https%3A%2F%2Fprofessional.electrolux.es%2Fpuntos-de-venta-y-servicio%2F|title:Puintos%20de%20venta%20y%20servicio||&#8221;][\/vc_column][vc_column width=&#8221;1\/2&#8243;][vc_empty_space height=&#8221;36px&#8221;][vc_column_text] Env\u00edanos tu consulta Estaremos encantados de\u00a0ayudarte.[\/vc_column_text][elx_o2000_contact_us r=&#8221;Me gustar\u00eda tener m\u00e1s informaci\u00f3n sobre soluciones de Cocina y Lavander\u00eda, por favor contacten conmigo&#8221; [&hellip;]<\/p>\n","protected":false},"author":3,"featured_media":0,"parent":0,"menu_order":0,"comment_status":"closed","ping_status":"closed","template":"","meta":{"footnotes":""},"class_list":["post-1118","page","type-page","status-publish","hentry"],"acf":[],"yoast_head":"<!-- This site is optimized with the Yoast SEO plugin v23.4 - https:\/\/yoast.com\/wordpress\/plugins\/seo\/ -->\n<title>Contacto | Electrolux Professional<\/title>\n<meta name=\"description\" content=\"Informaci\u00f3n de contacto de Electrolux Professional Espa\u00f1a con su direcci\u00f3n, n\u00famero de tel\u00e9fono y todos los puntos de venta y servicio disponibles.\" \/>\n<meta name=\"robots\" content=\"index, follow, max-snippet:-1, max-image-preview:large, max-video-preview:-1\" \/>\n<link rel=\"canonical\" href=\"https:\/\/www.electroluxprofessional.com\/es\/contacto\/\" \/>\n<meta property=\"og:locale\" content=\"es_ES\" \/>\n<meta property=\"og:type\" content=\"article\" \/>\n<meta property=\"og:title\" content=\"Contacto | Electrolux Professional\" \/>\n<meta property=\"og:description\" content=\"Informaci\u00f3n de contacto de Electrolux Professional Espa\u00f1a con su direcci\u00f3n, n\u00famero de tel\u00e9fono y todos los puntos de venta y servicio disponibles.\" \/>\n<meta property=\"og:url\" content=\"https:\/\/www.electroluxprofessional.com\/es\/contacto\/\" \/>\n<meta property=\"og:site_name\" content=\"Electrolux Professional Espa\u00f1a\" \/>\n<meta property=\"article:modified_time\" content=\"2026-03-31T09:15:41+00:00\" \/>\n<meta name=\"twitter:card\" content=\"summary_large_image\" \/>\n<meta name=\"twitter:label1\" content=\"Tiempo de lectura\" \/>\n\t<meta name=\"twitter:data1\" content=\"1 minuto\" \/>\n<script type=\"application\/ld+json\" class=\"yoast-schema-graph\">{\"@context\":\"https:\/\/schema.org\",\"@graph\":[{\"@type\":\"WebPage\",\"@id\":\"https:\/\/www.electroluxprofessional.com\/es\/contacto\/\",\"url\":\"https:\/\/www.electroluxprofessional.com\/es\/contacto\/\",\"name\":\"Contacto | Electrolux Professional\",\"isPartOf\":{\"@id\":\"https:\/\/www.electroluxprofessional.com\/es\/#website\"},\"datePublished\":\"2016-11-25T11:25:07+00:00\",\"dateModified\":\"2026-03-31T09:15:41+00:00\",\"description\":\"Informaci\u00f3n de contacto de Electrolux Professional Espa\u00f1a con su direcci\u00f3n, n\u00famero de tel\u00e9fono y todos los puntos de venta y servicio disponibles.\",\"breadcrumb\":{\"@id\":\"https:\/\/www.electroluxprofessional.com\/es\/contacto\/#breadcrumb\"},\"inLanguage\":\"es\",\"potentialAction\":[{\"@type\":\"ReadAction\",\"target\":[\"https:\/\/www.electroluxprofessional.com\/es\/contacto\/\"]}]},{\"@type\":\"BreadcrumbList\",\"@id\":\"https:\/\/www.electroluxprofessional.com\/es\/contacto\/#breadcrumb\",\"itemListElement\":[{\"@type\":\"ListItem\",\"position\":1,\"name\":\"Home\",\"item\":\"https:\/\/www.electroluxprofessional.com\/es\/\"},{\"@type\":\"ListItem\",\"position\":2,\"name\":\"Contacto\"}]},{\"@type\":\"WebSite\",\"@id\":\"https:\/\/www.electroluxprofessional.com\/es\/#website\",\"url\":\"https:\/\/www.electroluxprofessional.com\/es\/\",\"name\":\"Electrolux Professional Espa\u00f1a\",\"description\":\"Equipamiento cocinas profesionales y lavander\u00edas comerciales. Excelencia en el suministro de soluciones profesionales.\",\"potentialAction\":[{\"@type\":\"SearchAction\",\"target\":{\"@type\":\"EntryPoint\",\"urlTemplate\":\"https:\/\/www.electroluxprofessional.com\/es\/?src={search_term_string}\"},\"query-input\":{\"@type\":\"PropertyValueSpecification\",\"valueRequired\":true,\"valueName\":\"search_term_string\"}}],\"inLanguage\":\"es\"}]}<\/script>\n<!-- \/ Yoast SEO plugin. -->","yoast_head_json":{"title":"Contacto | Electrolux Professional","description":"Informaci\u00f3n de contacto de Electrolux Professional Espa\u00f1a con su direcci\u00f3n, n\u00famero de tel\u00e9fono y todos los puntos de venta y servicio disponibles.","robots":{"index":"index","follow":"follow","max-snippet":"max-snippet:-1","max-image-preview":"max-image-preview:large","max-video-preview":"max-video-preview:-1"},"canonical":"https:\/\/www.electroluxprofessional.com\/es\/contacto\/","og_locale":"es_ES","og_type":"article","og_title":"Contacto | Electrolux Professional","og_description":"Informaci\u00f3n de contacto de Electrolux Professional Espa\u00f1a con su direcci\u00f3n, n\u00famero de tel\u00e9fono y todos los puntos de venta y servicio disponibles.","og_url":"https:\/\/www.electroluxprofessional.com\/es\/contacto\/","og_site_name":"Electrolux Professional Espa\u00f1a","article_modified_time":"2026-03-31T09:15:41+00:00","twitter_card":"summary_large_image","twitter_misc":{"Tiempo de lectura":"1 minuto"},"schema":{"@context":"https:\/\/schema.org","@graph":[{"@type":"WebPage","@id":"https:\/\/www.electroluxprofessional.com\/es\/contacto\/","url":"https:\/\/www.electroluxprofessional.com\/es\/contacto\/","name":"Contacto | Electrolux Professional","isPartOf":{"@id":"https:\/\/www.electroluxprofessional.com\/es\/#website"},"datePublished":"2016-11-25T11:25:07+00:00","dateModified":"2026-03-31T09:15:41+00:00","description":"Informaci\u00f3n de contacto de Electrolux Professional Espa\u00f1a con su direcci\u00f3n, n\u00famero de tel\u00e9fono y todos los puntos de venta y servicio disponibles.","breadcrumb":{"@id":"https:\/\/www.electroluxprofessional.com\/es\/contacto\/#breadcrumb"},"inLanguage":"es","potentialAction":[{"@type":"ReadAction","target":["https:\/\/www.electroluxprofessional.com\/es\/contacto\/"]}]},{"@type":"BreadcrumbList","@id":"https:\/\/www.electroluxprofessional.com\/es\/contacto\/#breadcrumb","itemListElement":[{"@type":"ListItem","position":1,"name":"Home","item":"https:\/\/www.electroluxprofessional.com\/es\/"},{"@type":"ListItem","position":2,"name":"Contacto"}]},{"@type":"WebSite","@id":"https:\/\/www.electroluxprofessional.com\/es\/#website","url":"https:\/\/www.electroluxprofessional.com\/es\/","name":"Electrolux Professional Espa\u00f1a","description":"Equipamiento cocinas profesionales y lavander\u00edas comerciales. Excelencia en el suministro de soluciones profesionales.","potentialAction":[{"@type":"SearchAction","target":{"@type":"EntryPoint","urlTemplate":"https:\/\/www.electroluxprofessional.com\/es\/?src={search_term_string}"},"query-input":{"@type":"PropertyValueSpecification","valueRequired":true,"valueName":"search_term_string"}}],"inLanguage":"es"}]}},"_links":{"self":[{"href":"https:\/\/www.electroluxprofessional.com\/es\/wp-json\/wp\/v2\/pages\/1118"}],"collection":[{"href":"https:\/\/www.electroluxprofessional.com\/es\/wp-json\/wp\/v2\/pages"}],"about":[{"href":"https:\/\/www.electroluxprofessional.com\/es\/wp-json\/wp\/v2\/types\/page"}],"author":[{"embeddable":true,"href":"https:\/\/www.electroluxprofessional.com\/es\/wp-json\/wp\/v2\/users\/3"}],"replies":[{"embeddable":true,"href":"https:\/\/www.electroluxprofessional.com\/es\/wp-json\/wp\/v2\/comments?post=1118"}],"version-history":[{"count":33,"href":"https:\/\/www.electroluxprofessional.com\/es\/wp-json\/wp\/v2\/pages\/1118\/revisions"}],"predecessor-version":[{"id":26086,"href":"https:\/\/www.electroluxprofessional.com\/es\/wp-json\/wp\/v2\/pages\/1118\/revisions\/26086"}],"wp:attachment":[{"href":"https:\/\/www.electroluxprofessional.com\/es\/wp-json\/wp\/v2\/media?parent=1118"}],"curies":[{"name":"wp","href":"https:\/\/api.w.org\/{rel}","templated":true}]}}