{"id":9659,"date":"2021-12-27T14:08:57","date_gmt":"2021-12-27T14:08:57","guid":{"rendered":"https:\/\/www.electroluxprofessional.com\/dk\/?page_id=9659"},"modified":"2021-12-28T08:28:23","modified_gmt":"2021-12-28T08:28:23","slug":"900xp-700xp-koge-stege","status":"publish","type":"page","link":"https:\/\/www.electroluxprofessional.com\/dk\/900xp-700xp-koge-stege\/","title":{"rendered":"900XP og 700XP koge-stege serien"},"content":{"rendered":"<p>[vc_row css=&#8221;.vc_custom_1604660985073{padding-bottom: 32px !important;background-color: #dadfe1 !important;}&#8221;][vc_column][elx_heading font_container=&#8221;h1&#8243; font_size=&#8221;h1&#8243; text_color=&#8221;electrolux-blue&#8221;]<\/p>\n<h1 style=\"line-height: 1.1em;\">XP koge-stege serien til gas og el sikrer dig effektive arbejdsprocesser og sublim madkvalitet<\/h1>\n<p>[\/elx_heading][vc_column_text]<\/p>\n<p style=\"color: #dadfe1; font-size: 4px; line-height: 0.6em;\">koge-stege serien XP<\/p>\n<p>[\/vc_column_text][\/vc_column][\/vc_row][vc_row content_placement=&#8221;top&#8221;][vc_column][vc_empty_space height=&#8221;52px&#8221;][\/vc_column][\/vc_row][vc_row content_placement=&#8221;top&#8221;][vc_column width=&#8221;1\/2&#8243;][vc_empty_space height=&#8221;20px&#8221;][vc_column_text el_class=&#8221;p-16&#8243; css=&#8221;.vc_custom_1604661058034{padding-right: 20px !important;}&#8221;]Uanset om du arbejder i en gourmetrestaurant eller i et centralk\u00f8kken, giver koge-stegeudstyr fra XP-serien dig det perfekte udgangspunkt for at lave l\u00e6kker mad.<\/p>\n<h6>Grej til dig<\/h6>\n<p>Alle kogeborde, stegeplader, pastakogere, friturer \u2013 ja, alt udstyr \u2013 er udviklet med det ene form\u00e5l at give dig effektive v\u00e6rkt\u00f8jer til at lave mad i ensartet h\u00f8j kvalitet. Og du kan f\u00e5 alt det, du har brug for til el eller gas \u2013 der er 450 produkter i XP-serien (inkl. tilbeh\u00f8r).[\/vc_column_text][vc_empty_space height=&#8221;40px&#8221;][elx_button button_text=&#8221;F\u00c5 ET TILBUD P\u00c5 UDSTYR FRA XP-SERIEN&#8221; button_display_block=&#8221;display_block_on&#8221; button_link=&#8221;url:https%3A%2F%2Fwww.electroluxprofessional.com%2Fdk%2Fkontakt-koekken-udstyr%2F||target:%20_blank|&#8221; css=&#8221;.vc_custom_1612260399774{padding-right: 20px !important;padding-left: 20px !important;}&#8221;][vc_empty_space][\/vc_column][vc_column width=&#8221;1\/2&#8243;][vc_empty_space height=&#8221;20px&#8221;][vc_single_image image=&#8221;10421&#8243; img_size=&#8221;555&#215;330&#8243; alignment=&#8221;right&#8221; onclick=&#8221;custom_link&#8221; link=&#8221;https:\/\/www.electroluxprofessional.com\/dk\/kontakt-koekken-udstyr\/&#8221;][\/vc_column][\/vc_row][vc_row][vc_column][vc_empty_space height=&#8221;52px&#8221;][elx_heading font_size=&#8221;h2&#8243; text_color=&#8221;electrolux-blue&#8221;]XP st\u00e5r for eXtreme Power: Effektivt, fleksibelt og praktisk[\/elx_heading][vc_empty_space height=&#8221;2px&#8221; css=&#8221;.vc_custom_1542269030946{border-bottom-width: 1px !important;border-bottom-color: #041e41 !important;border-bottom-style: solid !important;}&#8221;][vc_empty_space][vc_empty_space][\/vc_column][\/vc_row][vc_row][vc_column width=&#8221;3\/12&#8243;][vc_empty_space height=&#8221;5px&#8221;][vc_single_image image=&#8221;9710&#8243; img_size=&#8221;full&#8221;][vc_empty_space][\/vc_column][vc_column width=&#8221;7\/12&#8243;][vc_column_text el_class=&#8221;p-16&#8243;]<\/p>\n<h4>Xtremt praktisk<\/h4>\n<p>Alle overflader er i krom eller rustfrit st\u00e5l med runde hj\u00f8rner, som g\u00f8r reng\u00f8ringen nem. Produkterne er gennemt\u00e6nkte til mindste detalje. Tag for eksempel den patenterede \u201cflower flame\u201d gasbr\u00e6nder, hvor flammen automatisk reguleres efter st\u00f8rrelsen af gryden\/panden. Du undg\u00e5r derfor varmetab og uhensigtsm\u00e6ssig opvarmning af omr\u00e5det omkring blusset.<br \/>\n<a href=\"https:\/\/www.electroluxprofessional.com\/dk\/kontakt-koekken-udstyr\/\">F\u00e5 mere at vide om gasbaseret XP udstyr<\/a>[\/vc_column_text][\/vc_column][vc_column width=&#8221;2\/12&#8243;][\/vc_column][\/vc_row][vc_row][vc_column][vc_empty_space][\/vc_column][\/vc_row][vc_row][vc_column reveal_effect=&#8221;&#8221; width=&#8221;3\/12&#8243;][vc_single_image image=&#8221;9713&#8243; img_size=&#8221;full&#8221;][vc_empty_space][\/vc_column][vc_column reveal_effect=&#8221;&#8221; width=&#8221;7\/12&#8243;][vc_column_text el_class=&#8221;p-16&#8243;]<\/p>\n<h4>Xtremt effektivt<\/h4>\n<p>Alt udstyr er skabt til at lette jeres arbejdsprocesser. Et eksempel er XP gas konvektionsovnen, hvor du kan tilberede med j\u00e6vn varme i to niveauer.<br \/>\n<a href=\"https:\/\/www.youtube.com\/watch?time_continue=1&amp;v=gInEICEb3BM\" target=\"_blank\" rel=\"noopener noreferrer\">Se demo-video<\/a>[\/vc_column_text][\/vc_column][vc_column reveal_effect=&#8221;&#8221; width=&#8221;2\/12&#8243;][\/vc_column][\/vc_row][vc_row][vc_column][vc_empty_space][\/vc_column][\/vc_row][vc_row][vc_column width=&#8221;3\/12&#8243;][vc_single_image image=&#8221;9708&#8243; img_size=&#8221;full&#8221;][vc_empty_space][\/vc_column][vc_column width=&#8221;7\/12&#8243;][vc_column_text el_class=&#8221;p-16&#8243;]<\/p>\n<h4>Xtremt fleksibelt<\/h4>\n<p>Serien er opbygget af moduler, s\u00e5 du kan udforme k\u00f8kkenet efter dit eget hoved. Og mange produkter kan bruges til flere ting. Fx kan du ogs\u00e5 koge k\u00f8d, gr\u00f8ntsager, kartofler og ris i HP pastakogeren, hvor kurven automatisk l\u00f8ftes op af vandet, n\u00e5r pastaen er klar til servering.<br \/>\n<a href=\"https:\/\/www.youtube.com\/watch?time_continue=4&amp;v=aKQRPw9_TwY\" target=\"_blank\" rel=\"noopener noreferrer\">Se demo-video<\/a>[\/vc_column_text][vc_empty_space][\/vc_column][vc_column width=&#8221;2\/12&#8243;][\/vc_column][\/vc_row][vc_row css=&#8221;.vc_custom_1578993176852{margin-top: 32px !important;}&#8221;][vc_column offset=&#8221;vc_hidden-xs&#8221;][vc_row_inner][vc_column_inner width=&#8221;1\/4&#8243;][vc_empty_space][\/vc_column_inner][vc_column_inner width=&#8221;1\/2&#8243;][elx_button button_text=&#8221;Se produktkatalog&#8221; button_display_block=&#8221;display_block_on&#8221; button_alignment=&#8221;align_center&#8221; button_link=&#8221;url:https%3A%2F%2Fwww.electroluxprofessional.com%2Fdk%2Fwp-content%2Fuploads%2F2019%2F02%2FXP_produktkatalog.pdf||target:%20_blank|&#8221;][\/vc_column_inner][vc_column_inner width=&#8221;1\/4&#8243;][\/vc_column_inner][\/vc_row_inner][vc_empty_space height=&#8221;20px&#8221;][vc_column_text el_class=&#8221;p-16&#8243;]<\/p>\n<h6 style=\"text-align: center; color: #415464;\">Har du sp\u00f8rgsm\u00e5l til Electrolux\u2019 udstyr og maskiner \u2013 eller vil du h\u00f8re, hvordan vi kan hj\u00e6lpe med at indrette dit k\u00f8kken \u2013 s\u00e5 ring til os p\u00e5\u00a0<strong>tlf. 8740 3500<\/strong>\u00a0eller\u00a0<a href=\"https:\/\/www.electroluxprofessional.com\/dk\/kontakt-koekken\/\">kontakt os her.<\/a><\/h6>\n<p>[\/vc_column_text][vc_empty_space][\/vc_column][\/vc_row][vc_row full_width=&#8221;electroluxpro-container-no-padding&#8221; css=&#8221;.vc_custom_1604661985836{margin-right: 0px !important;margin-bottom: 32px !important;margin-left: 0px !important;padding-top: 40px !important;padding-right: 0px !important;padding-bottom: 32px !important;padding-left: 0px !important;background-color: #dadfe1 !important;}&#8221;][vc_column offset=&#8221;vc_hidden-xs&#8221;][vc_single_image image=&#8221;9686&#8243; img_size=&#8221;full&#8221; alignment=&#8221;center&#8221; css=&#8221;.vc_custom_1602593359509{padding-top: 20px !important;}&#8221;][vc_row_inner css=&#8221;.vc_custom_1602593391617{padding-bottom: 40px !important;}&#8221;][vc_column_inner width=&#8221;1\/6&#8243;][vc_column_text el_class=&#8221;p-16&#8243;]<\/p>\n<p style=\"text-align: center;\">Pastakoger<br \/>\nmed boiler<\/p>\n<p>[\/vc_column_text][\/vc_column_inner][vc_column_inner width=&#8221;1\/6&#8243;][vc_column_text el_class=&#8221;p-16&#8243; css=&#8221;.vc_custom_1542292603069{padding-left: 10px !important;}&#8221;]<\/p>\n<p style=\"text-align: left;\">Induktionswok<\/p>\n<p>[\/vc_column_text][\/vc_column_inner][vc_column_inner width=&#8221;1\/6&#8243;][vc_column_text el_class=&#8221;p-16&#8243;]<\/p>\n<p style=\"text-align: center;\">Induktionskogebord<br \/>\nmed opsats<\/p>\n<p>[\/vc_column_text][\/vc_column_inner][vc_column_inner width=&#8221;1\/6&#8243;][vc_column_text el_class=&#8221;p-16&#8243;]<\/p>\n<p style=\"text-align: right;\">Stegetop<\/p>\n<p>[\/vc_column_text][\/vc_column_inner][vc_column_inner width=&#8221;1\/6&#8243;][vc_column_text el_class=&#8221;p-16&#8243; css=&#8221;.vc_custom_1542293393279{margin-right: -20px !important;}&#8221;]<\/p>\n<p style=\"text-align: right;\">Pommes frites<br \/>\nvarmer<span style=\"color: #dadfe1;\">mer<\/span><\/p>\n<p>[\/vc_column_text][\/vc_column_inner][vc_column_inner width=&#8221;1\/6&#8243;][vc_column_text el_class=&#8221;p-16&#8243;]<\/p>\n<p style=\"text-align: center;\">Friture<\/p>\n<p>[\/vc_column_text][\/vc_column_inner][\/vc_row_inner][\/vc_column][\/vc_row][vc_row][vc_column][elx_button button_text=&#8221;SE MERE UDSTYR TIL DET VARME K\u00d8KKEN&#8221; button_style=&#8221;default&#8221; button_display_block=&#8221;display_block_on&#8221; button_alignment=&#8221;align_center&#8221; button_link=&#8221;url:https%3A%2F%2Fwww.electroluxprofessional.com%2Fdk%2Findustrikoekken%2F||target:%20_blank|&#8221; css=&#8221;.vc_custom_1612260636873{margin-top: 40px !important;}&#8221;][\/vc_column][\/vc_row][vc_row el_id=&#8221;videoer&#8221;][vc_column][vc_empty_space][vc_empty_space][vc_empty_space][elx_heading font_container=&#8221;h4&#8243; font_size=&#8221;h4&#8243; text_color=&#8221;inherit&#8221; text_align=&#8221;text-center&#8221;]F\u00e5 inspiration til din madlavning. Se videoerne her:[\/elx_heading][vc_empty_space][\/vc_column][\/vc_row][vc_row][vc_column width=&#8221;1\/3&#8243;][elx_video_block background_image=&#8221;9762&#8243; video_link=&#8221;https:\/\/www.youtube.com\/watch?time_continue=5&amp;v=vpbCFAdGfK0&#8243; minimum_height=&#8221;210px&#8221;][vc_row_inner][vc_column_inner offset=&#8221;vc_hidden-lg vc_hidden-md vc_hidden-sm&#8221;][vc_empty_space height=&#8221;20px&#8221;][\/vc_column_inner][\/vc_row_inner][vc_column_text el_class=&#8221;p-16&#8243; css=&#8221;.vc_custom_1602593540958{margin-top: 10px !important;}&#8221;]Der er masser af muligheder med XP koge-stege serien. <a href=\"https:\/\/www.youtube.com\/watch?time_continue=5&amp;v=vpbCFAdGfK0\" target=\"_blank\" rel=\"noopener noreferrer\">Se dem her<\/a>[\/vc_column_text][vc_row_inner][vc_column_inner offset=&#8221;vc_hidden-lg vc_hidden-md vc_hidden-sm&#8221;][vc_empty_space][\/vc_column_inner][\/vc_row_inner][\/vc_column][vc_column width=&#8221;1\/3&#8243;][elx_video_block background_image=&#8221;9763&#8243; video_link=&#8221;https:\/\/www.youtube.com\/watch?time_continue=1&amp;v=gInEICEb3BM&#8221; minimum_height=&#8221;210px&#8221;][vc_row_inner][vc_column_inner offset=&#8221;vc_hidden-lg vc_hidden-md vc_hidden-sm&#8221;][vc_empty_space height=&#8221;20px&#8221;][\/vc_column_inner][\/vc_row_inner][vc_column_text el_class=&#8221;p-16&#8243; css=&#8221;.vc_custom_1602593561500{margin-top: 10px !important;}&#8221;]Smart gas konvektionsovn med patenteret \u201cflower flame\u201d<strong>\u00a0<\/strong>br\u00e6ndere. <a href=\"https:\/\/www.youtube.com\/watch?time_continue=1&amp;v=gInEICEb3BM\" target=\"_blank\" rel=\"noopener noreferrer\">Se video<\/a>[\/vc_column_text][vc_row_inner][vc_column_inner offset=&#8221;vc_hidden-lg vc_hidden-md vc_hidden-sm&#8221;][vc_empty_space][\/vc_column_inner][\/vc_row_inner][\/vc_column][vc_column width=&#8221;1\/3&#8243;][elx_video_block background_image=&#8221;9765&#8243; video_link=&#8221;https:\/\/www.youtube.com\/watch?v=tbRjIIWVjBM&#8221; minimum_height=&#8221;210px&#8221;][vc_row_inner][vc_column_inner offset=&#8221;vc_hidden-lg vc_hidden-md vc_hidden-sm&#8221;][vc_empty_space height=&#8221;20px&#8221;][\/vc_column_inner][\/vc_row_inner][vc_column_text el_class=&#8221;p-16&#8243; css=&#8221;.vc_custom_1602593581318{margin-top: 10px !important;}&#8221;]IcyHot: kombineret stege- eller grillplade med frys\/k\u00f8leskab. <a href=\"https:\/\/www.youtube.com\/watch?v=tbRjIIWVjBM\" target=\"_blank\" rel=\"noopener noreferrer\">Se video<\/a>[\/vc_column_text][vc_row_inner][vc_column_inner offset=&#8221;vc_hidden-lg vc_hidden-md vc_hidden-sm&#8221;][vc_empty_space][\/vc_column_inner][\/vc_row_inner][\/vc_column][\/vc_row][vc_row css=&#8221;.vc_custom_1578993339489{margin-top: 32px !important;}&#8221;][vc_column width=&#8221;1\/3&#8243;][elx_video_block background_image=&#8221;9764&#8243; video_link=&#8221;https:\/\/www.youtube.com\/watch?v=O8ww-5vSbxE&#8221; minimum_height=&#8221;210px&#8221;][vc_row_inner][vc_column_inner offset=&#8221;vc_hidden-lg vc_hidden-md vc_hidden-sm&#8221;][vc_empty_space height=&#8221;20px&#8221;][\/vc_column_inner][\/vc_row_inner][vc_column_text el_class=&#8221;p-16&#8243; css=&#8221;.vc_custom_1602593617651{margin-top: 10px !important;}&#8221;]Stege \u2013 braisere \u2013 koge \u2013 bain marie vandbad. <a href=\"https:\/\/www.youtube.com\/watch?v=O8ww-5vSbxE\" target=\"_blank\" rel=\"noopener noreferrer\">Se multistegeren<\/a>[\/vc_column_text][vc_row_inner][vc_column_inner offset=&#8221;vc_hidden-lg vc_hidden-md vc_hidden-sm&#8221;][vc_empty_space][\/vc_column_inner][\/vc_row_inner][\/vc_column][vc_column width=&#8221;1\/3&#8243;][elx_video_block background_image=&#8221;9766&#8243; video_link=&#8221;https:\/\/www.youtube.com\/watch?time_continue=4&amp;v=aKQRPw9_TwY&#8221; minimum_height=&#8221;210px&#8221;][vc_row_inner][vc_column_inner offset=&#8221;vc_hidden-lg vc_hidden-md vc_hidden-sm&#8221;][vc_empty_space height=&#8221;20px&#8221;][\/vc_column_inner][\/vc_row_inner][vc_column_text el_class=&#8221;p-16&#8243; css=&#8221;.vc_custom_1602593632843{margin-top: 10px !important;}&#8221;]Smart pastakoger til frisk, t\u00f8rret eller frossen pasta. <a href=\"https:\/\/www.youtube.com\/watch?time_continue=4&amp;v=aKQRPw9_TwY\" target=\"_blank\" rel=\"noopener noreferrer\">Se video<\/a>[\/vc_column_text][vc_row_inner][vc_column_inner offset=&#8221;vc_hidden-lg vc_hidden-md vc_hidden-sm&#8221;][vc_empty_space][\/vc_column_inner][\/vc_row_inner][\/vc_column][vc_column width=&#8221;1\/3&#8243;][elx_video_block background_image=&#8221;9097&#8243; video_link=&#8221;https:\/\/www.youtube.com\/watch?time_continue=2&amp;v=V2p676XTGEk&#8221; minimum_height=&#8221;210px&#8221;][vc_row_inner][vc_column_inner offset=&#8221;vc_hidden-lg vc_hidden-md vc_hidden-sm&#8221;][vc_empty_space height=&#8221;20px&#8221;][\/vc_column_inner][\/vc_row_inner][vc_column_text el_class=&#8221;p-16&#8243; css=&#8221;.vc_custom_1602593651833{margin-top: 10px !important;}&#8221;]Electric HP PowerGrill. F\u00e5 k\u00f8d og gr\u00f8ntsager til at smage grillkul-stegt. <a href=\"https:\/\/www.youtube.com\/watch?time_continue=2&amp;v=V2p676XTGEk\" target=\"_blank\" rel=\"noopener noreferrer\">Se hvordan<\/a>[\/vc_column_text][vc_row_inner][vc_column_inner offset=&#8221;vc_hidden-lg vc_hidden-md vc_hidden-sm&#8221;][vc_empty_space][\/vc_column_inner][\/vc_row_inner][\/vc_column][\/vc_row][vc_row][vc_column][vc_empty_space height=&#8221;50px&#8221;][\/vc_column][\/vc_row][vc_row css=&#8221;.vc_custom_1578993400881{margin-top: 32px !important;}&#8221;][vc_column width=&#8221;1\/6&#8243;][vc_empty_space height=&#8221;1px&#8221;][\/vc_column][vc_column width=&#8221;2\/3&#8243;][vc_column_text el_class=&#8221;p-16&#8243;]<\/p>\n<h6 style=\"color: #415464;\">Herunder kan du se produktfakta p\u00e5 de forskellige XP produkter (engelsk tekst). Kontakt os, hvis du vil have hj\u00e6lp til at v\u00e6lge det produkt, der passer bedst til jeres behov. Ring <strong>8740 3500<\/strong> eller <a href=\"https:\/\/www.electroluxprofessional.com\/dk\/kontakt-koekken\/\">udfyld formularen<\/a><\/h6>\n<p>[\/vc_column_text][vc_empty_space height=&#8221;50px&#8221;][vc_empty_space height=&#8221;50px&#8221;][\/vc_column][vc_column width=&#8221;1\/6&#8243;][\/vc_column][\/vc_row]<\/p>\n","protected":false},"excerpt":{"rendered":"<p>[vc_row css=&#8221;.vc_custom_1604660985073{padding-bottom: 32px !important;background-color: #dadfe1 !important;}&#8221;][vc_column][elx_heading font_container=&#8221;h1&#8243; font_size=&#8221;h1&#8243; text_color=&#8221;electrolux-blue&#8221;] XP koge-stege serien til gas og el sikrer dig effektive arbejdsprocesser og sublim madkvalitet [\/elx_heading][vc_column_text] koge-stege serien XP [\/vc_column_text][\/vc_column][\/vc_row][vc_row content_placement=&#8221;top&#8221;][vc_column][vc_empty_space height=&#8221;52px&#8221;][\/vc_column][\/vc_row][vc_row content_placement=&#8221;top&#8221;][vc_column width=&#8221;1\/2&#8243;][vc_empty_space height=&#8221;20px&#8221;][vc_column_text el_class=&#8221;p-16&#8243; css=&#8221;.vc_custom_1604661058034{padding-right: 20px !important;}&#8221;]Uanset om du arbejder i en gourmetrestaurant eller i et centralk\u00f8kken, giver koge-stegeudstyr fra XP-serien dig det perfekte udgangspunkt [&hellip;]<\/p>\n","protected":false},"author":64,"featured_media":0,"parent":0,"menu_order":0,"comment_status":"closed","ping_status":"closed","template":"","meta":{"footnotes":""},"class_list":["post-9659","page","type-page","status-publish","hentry"],"acf":[],"yoast_head":"<!-- This site is optimized with the Yoast SEO plugin v23.3 - https:\/\/yoast.com\/wordpress\/plugins\/seo\/ -->\n<title>koge-stege serien XP \u2013 professionelt udstyr til stork\u00f8kkener<\/title>\n<meta name=\"description\" content=\"XP koge-stege serien sikrer dig effektive arbejdsprocesser og sublim madkvalitet. Uanset om du arbejder i en gourmetrestaurant eller i et centralk\u00f8kken, giver koge-stegeudstyr fra XP-serien dig det perfekte udgangspunkt for at lave l\u00e6kker mad.\" \/>\n<meta name=\"robots\" content=\"index, follow, max-snippet:-1, max-image-preview:large, max-video-preview:-1\" \/>\n<link rel=\"canonical\" href=\"https:\/\/www.electroluxprofessional.com\/dk\/900xp-700xp-koge-stege\/\" \/>\n<meta property=\"og:locale\" content=\"da_DK\" \/>\n<meta property=\"og:type\" content=\"article\" \/>\n<meta property=\"og:title\" content=\"koge-stege serien XP \u2013 professionelt udstyr til stork\u00f8kkener\" \/>\n<meta property=\"og:description\" content=\"XP koge-stege serien sikrer dig effektive arbejdsprocesser og sublim madkvalitet. Uanset om du arbejder i en gourmetrestaurant eller i et centralk\u00f8kken, giver koge-stegeudstyr fra XP-serien dig det perfekte udgangspunkt for at lave l\u00e6kker mad.\" \/>\n<meta property=\"og:url\" content=\"https:\/\/www.electroluxprofessional.com\/dk\/900xp-700xp-koge-stege\/\" \/>\n<meta property=\"og:site_name\" content=\"Electrolux Professional Danmark\" \/>\n<meta property=\"article:modified_time\" content=\"2021-12-28T08:28:23+00:00\" \/>\n<meta name=\"twitter:card\" content=\"summary_large_image\" \/>\n<meta name=\"twitter:label1\" content=\"Estimeret l\u00e6setid\" \/>\n\t<meta name=\"twitter:data1\" content=\"4 minutter\" \/>\n<script type=\"application\/ld+json\" class=\"yoast-schema-graph\">{\"@context\":\"https:\/\/schema.org\",\"@graph\":[{\"@type\":\"WebPage\",\"@id\":\"https:\/\/www.electroluxprofessional.com\/dk\/900xp-700xp-koge-stege\/\",\"url\":\"https:\/\/www.electroluxprofessional.com\/dk\/900xp-700xp-koge-stege\/\",\"name\":\"koge-stege serien XP \u2013 professionelt udstyr til stork\u00f8kkener\",\"isPartOf\":{\"@id\":\"https:\/\/www.electroluxprofessional.com\/dk\/#website\"},\"datePublished\":\"2021-12-27T14:08:57+00:00\",\"dateModified\":\"2021-12-28T08:28:23+00:00\",\"description\":\"XP koge-stege serien sikrer dig effektive arbejdsprocesser og sublim madkvalitet. Uanset om du arbejder i en gourmetrestaurant eller i et centralk\u00f8kken, giver koge-stegeudstyr fra XP-serien dig det perfekte udgangspunkt for at lave l\u00e6kker mad.\",\"breadcrumb\":{\"@id\":\"https:\/\/www.electroluxprofessional.com\/dk\/900xp-700xp-koge-stege\/#breadcrumb\"},\"inLanguage\":\"da-DK\",\"potentialAction\":[{\"@type\":\"ReadAction\",\"target\":[\"https:\/\/www.electroluxprofessional.com\/dk\/900xp-700xp-koge-stege\/\"]}]},{\"@type\":\"BreadcrumbList\",\"@id\":\"https:\/\/www.electroluxprofessional.com\/dk\/900xp-700xp-koge-stege\/#breadcrumb\",\"itemListElement\":[{\"@type\":\"ListItem\",\"position\":1,\"name\":\"Home\",\"item\":\"https:\/\/www.electroluxprofessional.com\/dk\/\"},{\"@type\":\"ListItem\",\"position\":2,\"name\":\"900XP og 700XP koge-stege serien\"}]},{\"@type\":\"WebSite\",\"@id\":\"https:\/\/www.electroluxprofessional.com\/dk\/#website\",\"url\":\"https:\/\/www.electroluxprofessional.com\/dk\/\",\"name\":\"Electrolux Professional Danmark\",\"description\":\"\",\"potentialAction\":[{\"@type\":\"SearchAction\",\"target\":{\"@type\":\"EntryPoint\",\"urlTemplate\":\"https:\/\/www.electroluxprofessional.com\/dk\/?src={search_term_string}\"},\"query-input\":\"required name=search_term_string\"}],\"inLanguage\":\"da-DK\"}]}<\/script>\n<!-- \/ Yoast SEO plugin. -->","yoast_head_json":{"title":"koge-stege serien XP \u2013 professionelt udstyr til stork\u00f8kkener","description":"XP koge-stege serien sikrer dig effektive arbejdsprocesser og sublim madkvalitet. Uanset om du arbejder i en gourmetrestaurant eller i et centralk\u00f8kken, giver koge-stegeudstyr fra XP-serien dig det perfekte udgangspunkt for at lave l\u00e6kker mad.","robots":{"index":"index","follow":"follow","max-snippet":"max-snippet:-1","max-image-preview":"max-image-preview:large","max-video-preview":"max-video-preview:-1"},"canonical":"https:\/\/www.electroluxprofessional.com\/dk\/900xp-700xp-koge-stege\/","og_locale":"da_DK","og_type":"article","og_title":"koge-stege serien XP \u2013 professionelt udstyr til stork\u00f8kkener","og_description":"XP koge-stege serien sikrer dig effektive arbejdsprocesser og sublim madkvalitet. Uanset om du arbejder i en gourmetrestaurant eller i et centralk\u00f8kken, giver koge-stegeudstyr fra XP-serien dig det perfekte udgangspunkt for at lave l\u00e6kker mad.","og_url":"https:\/\/www.electroluxprofessional.com\/dk\/900xp-700xp-koge-stege\/","og_site_name":"Electrolux Professional Danmark","article_modified_time":"2021-12-28T08:28:23+00:00","twitter_card":"summary_large_image","twitter_misc":{"Estimeret l\u00e6setid":"4 minutter"},"schema":{"@context":"https:\/\/schema.org","@graph":[{"@type":"WebPage","@id":"https:\/\/www.electroluxprofessional.com\/dk\/900xp-700xp-koge-stege\/","url":"https:\/\/www.electroluxprofessional.com\/dk\/900xp-700xp-koge-stege\/","name":"koge-stege serien XP \u2013 professionelt udstyr til stork\u00f8kkener","isPartOf":{"@id":"https:\/\/www.electroluxprofessional.com\/dk\/#website"},"datePublished":"2021-12-27T14:08:57+00:00","dateModified":"2021-12-28T08:28:23+00:00","description":"XP koge-stege serien sikrer dig effektive arbejdsprocesser og sublim madkvalitet. Uanset om du arbejder i en gourmetrestaurant eller i et centralk\u00f8kken, giver koge-stegeudstyr fra XP-serien dig det perfekte udgangspunkt for at lave l\u00e6kker mad.","breadcrumb":{"@id":"https:\/\/www.electroluxprofessional.com\/dk\/900xp-700xp-koge-stege\/#breadcrumb"},"inLanguage":"da-DK","potentialAction":[{"@type":"ReadAction","target":["https:\/\/www.electroluxprofessional.com\/dk\/900xp-700xp-koge-stege\/"]}]},{"@type":"BreadcrumbList","@id":"https:\/\/www.electroluxprofessional.com\/dk\/900xp-700xp-koge-stege\/#breadcrumb","itemListElement":[{"@type":"ListItem","position":1,"name":"Home","item":"https:\/\/www.electroluxprofessional.com\/dk\/"},{"@type":"ListItem","position":2,"name":"900XP og 700XP koge-stege serien"}]},{"@type":"WebSite","@id":"https:\/\/www.electroluxprofessional.com\/dk\/#website","url":"https:\/\/www.electroluxprofessional.com\/dk\/","name":"Electrolux Professional Danmark","description":"","potentialAction":[{"@type":"SearchAction","target":{"@type":"EntryPoint","urlTemplate":"https:\/\/www.electroluxprofessional.com\/dk\/?src={search_term_string}"},"query-input":"required name=search_term_string"}],"inLanguage":"da-DK"}]}},"_links":{"self":[{"href":"https:\/\/www.electroluxprofessional.com\/dk\/wp-json\/wp\/v2\/pages\/9659"}],"collection":[{"href":"https:\/\/www.electroluxprofessional.com\/dk\/wp-json\/wp\/v2\/pages"}],"about":[{"href":"https:\/\/www.electroluxprofessional.com\/dk\/wp-json\/wp\/v2\/types\/page"}],"author":[{"embeddable":true,"href":"https:\/\/www.electroluxprofessional.com\/dk\/wp-json\/wp\/v2\/users\/64"}],"replies":[{"embeddable":true,"href":"https:\/\/www.electroluxprofessional.com\/dk\/wp-json\/wp\/v2\/comments?post=9659"}],"version-history":[{"count":136,"href":"https:\/\/www.electroluxprofessional.com\/dk\/wp-json\/wp\/v2\/pages\/9659\/revisions"}],"predecessor-version":[{"id":29825,"href":"https:\/\/www.electroluxprofessional.com\/dk\/wp-json\/wp\/v2\/pages\/9659\/revisions\/29825"}],"wp:attachment":[{"href":"https:\/\/www.electroluxprofessional.com\/dk\/wp-json\/wp\/v2\/media?parent=9659"}],"curies":[{"name":"wp","href":"https:\/\/api.w.org\/{rel}","templated":true}]}}