{"id":9615,"date":"2022-06-20T07:52:12","date_gmt":"2022-06-20T07:52:12","guid":{"rendered":"https:\/\/www.electroluxprofessional.com\/dk\/?page_id=9615"},"modified":"2025-11-05T16:55:42","modified_gmt":"2025-11-05T16:55:42","slug":"speedelight-paninigrill","status":"publish","type":"page","link":"https:\/\/www.electroluxprofessional.com\/dk\/speedelight-paninigrill\/","title":{"rendered":"SpeeDelight paninigrill"},"content":{"rendered":"<p>[vc_row css=&#8221;.vc_custom_1655800332757{padding-top: 60px !important;padding-bottom: 50px !important;background-color: #dadfe1 !important;}&#8221;][vc_column][elx_heading font_container=&#8221;h1&#8243; font_size=&#8221;h1&#8243; text_color=&#8221;electrolux-blue&#8221;]Serv\u00e9r l\u00e6kre panini og sandwich p\u00e5 1 minut[\/elx_heading][\/vc_column][\/vc_row][vc_row content_placement=&#8221;top&#8221;][vc_column reveal_effect=&#8221;&#8221; offset=&#8221;vc_hidden-lg vc_hidden-md&#8221;][vc_empty_space height=&#8221;22px&#8221;][vc_column_text el_class=&#8221;p-16&#8243; css=&#8221;.vc_custom_1580139306401{padding-bottom: 32px !important;}&#8221;]Med den prisbel\u00f8nnede SpeeDelight paninigrill, kan du varme l\u00e6kre, spr\u00f8de sandwich, panini, burgere og pizzaslices p\u00e5 1 minut. Tryk p\u00e5 knappen, og din snack er klar til servering p\u00e5 rekordtid.<\/p>\n<p><strong>Det g\u00e5r s\u00e5 hurtigt, fordi maden varmes p\u00e5 tre m\u00e5der p\u00e5 \u00e9n gang: Med kontaktpladen, infrar\u00f8d str\u00e5ling og mikrob\u00f8lger.<\/strong><\/p>\n<p>Da SpeeDelight er tre gange hurtigere end en almindelig paninigrill, kan du betjene flere kunder, n\u00e5r der er mest travlt.[\/vc_column_text][vc_empty_space][vc_single_image image=&#8221;9391&#8243; img_size=&#8221;full&#8221; css=&#8221;.vc_custom_1602838483673{margin-top: -30px !important;}&#8221;][vc_empty_space][vc_column_text el_class=&#8221;p-16&#8243; css=&#8221;.vc_custom_1549969334736{margin-top: -20px !important;margin-right: -20px !important;}&#8221;]<\/p>\n<h6>V\u00e6lg den rigtige model<\/h6>\n<p>SpeeDelight paninigrill f\u00e5s med glat og rillet teflon topplade. Og du kan v\u00e6lge manuel justering af toppladen eller en mere avanceret model, hvor toppladen selv tilpasser trykket og h\u00f8jden efter den snack, du tilbereder. Pris fra 56.100 kr.[\/vc_column_text][vc_single_image image=&#8221;16717&#8243; img_size=&#8221;full&#8221; alignment=&#8221;right&#8221; onclick=&#8221;custom_link&#8221; link=&#8221;https:\/\/www.electroluxprofessional.com\/dk\/kontakt-speedelight\/&#8221;][vc_row_inner full_width=&#8221;electroluxpro-container-no-padding&#8221; matched_labels=&#8221;&#8221; css=&#8221;.vc_custom_1655801085793{padding-right: 0px !important;background-color: #eb6852 !important;}&#8221;][vc_column_inner][vc_column_text el_class=&#8221;p-16-white&#8221; css=&#8221;.vc_custom_1549969613927{padding-top: 20px !important;padding-right: 10px !important;padding-left: 20px !important;background-color: #eb6852 !important;}&#8221;]<\/p>\n<h4>Derfor skal du bruge SpeeDelight paninigrill<\/h4>\n<p><strong>1. Hurtigt.<\/strong> Klar til servering p\u00e5 1 minut.<\/p>\n<p><strong>2. Nemt.<\/strong> Tryk p\u00e5 \u00e9n knap p\u00e5 displayet. L\u00e5get \u00e5bner automatisk, n\u00e5r maden er klar.<\/p>\n<p><strong>3. Perfekt resultat.<\/strong> Spr\u00f8d udenp\u00e5. Bl\u00f8d og gennemvarm indeni. Perfekt i h\u00f8jden. Aldrig fladtrykt![\/vc_column_text][vc_empty_space][elx_video_block background_image=&#8221;2487&#8243; video_link=&#8221;https:\/\/www.youtube.com\/watch?v=FWJyQjARpsw&amp;t=10s&#8221; minimum_height=&#8221;200px&#8221;][\/vc_column_inner][\/vc_row_inner][\/vc_column][\/vc_row][vc_row content_placement=&#8221;top&#8221; css=&#8221;.vc_custom_1655800758539{margin-top: 30px !important;}&#8221;][vc_column reveal_effect=&#8221;&#8221; width=&#8221;1\/2&#8243; offset=&#8221;vc_hidden-sm vc_hidden-xs&#8221;][vc_empty_space height=&#8221;60px&#8221;][vc_column_text el_class=&#8221;p-16&#8243; css=&#8221;.vc_custom_1580139339015{padding-right: 20px !important;}&#8221;]Med den prisbel\u00f8nnede SpeeDelight paninigrill, kan du varme l\u00e6kre, spr\u00f8de sandwich, panini, burgere og pizzaslices p\u00e5 1 minut. Tryk p\u00e5 knappen, og din snack er klar til servering p\u00e5 rekordtid.<\/p>\n<p><strong>Det g\u00e5r s\u00e5 hurtigt, fordi maden varmes p\u00e5 tre m\u00e5der p\u00e5 \u00e9n gang: Med kontaktpladen, infrar\u00f8d str\u00e5ling og mikrob\u00f8lger.<\/strong><\/p>\n<p>Da SpeeDelight er tre gange hurtigere end en almindelig paninigrill, kan du betjene flere kunder, n\u00e5r der er mest travlt.[\/vc_column_text][vc_single_image image=&#8221;16717&#8243; img_size=&#8221;full&#8221; alignment=&#8221;right&#8221; onclick=&#8221;custom_link&#8221; link=&#8221;https:\/\/www.electroluxprofessional.com\/dk\/kontakt-speedelight\/&#8221; css=&#8221;.vc_custom_1655801129702{padding-top: 10px !important;padding-right: 10px !important;padding-bottom: 10px !important;padding-left: 30px !important;}&#8221;][\/vc_column][vc_column reveal_effect=&#8221;&#8221; width=&#8221;1\/2&#8243; offset=&#8221;vc_hidden-sm vc_hidden-xs&#8221;][vc_empty_space height=&#8221;46px&#8221;][vc_single_image image=&#8221;9391&#8243; img_size=&#8221;full&#8221; onclick=&#8221;custom_link&#8221; link=&#8221;https:\/\/www.electroluxprofessional.com\/dk\/kontakt-speedelight\/&#8221;][vc_empty_space height=&#8221;140px&#8221;][vc_column_text el_class=&#8221;p-16&#8243; css=&#8221;.vc_custom_1655800424188{margin-top: -20px !important;margin-right: -20px !important;}&#8221;]<\/p>\n<h2>V\u00e6lg den rigtige model<\/h2>\n<p>SpeeDelight paninigrill f\u00e5s med glat og rillet teflon topplade. Og du kan v\u00e6lge manuel justering af toppladen eller en mere avanceret model, hvor toppladen selv tilpasser trykket og h\u00f8jden efter den snack, du tilbereder. Pris fra 56.100 kr.[\/vc_column_text][\/vc_column][\/vc_row][vc_row][vc_column reveal_effect=&#8221;&#8221; offset=&#8221;vc_hidden-sm vc_hidden-xs&#8221;][vc_row_inner full_width=&#8221;electroluxpro-container-no-padding&#8221; css=&#8221;.vc_custom_1541767194615{padding-right: 0px !important;background-color: #eb6852 !important;}&#8221;][vc_column_inner width=&#8221;3\/4&#8243;][vc_column_text el_class=&#8221;p-16-white&#8221; css=&#8221;.vc_custom_1549969513392{padding-top: 22px !important;padding-right: 32px !important;padding-bottom: 0px !important;padding-left: 42px !important;background-color: #eb6852 !important;}&#8221;]<\/p>\n<h4>Derfor skal du bruge SpeeDelight paninigrill<\/h4>\n<p><strong>1. Hurtigt.<\/strong> Klar til servering p\u00e5 1 minut.<br \/>\n<strong>2. Nemt.<\/strong> Tryk p\u00e5 \u00e9n knap p\u00e5 displayet. L\u00e5get \u00e5bner automatisk, n\u00e5r maden er klar.<br \/>\n<strong>3. Perfekt resultat.<\/strong> Spr\u00f8d udenp\u00e5. Bl\u00f8d og gennemvarm indeni. Perfekt i h\u00f8jden. Aldrig fladtrykt![\/vc_column_text][\/vc_column_inner][vc_column_inner width=&#8221;1\/4&#8243;][elx_video_block background_image=&#8221;2487&#8243; video_link=&#8221;https:\/\/www.youtube.com\/watch?v=FWJyQjARpsw&amp;t=10s&#8221; minimum_height=&#8221;200px&#8221;][\/vc_column_inner][\/vc_row_inner][\/vc_column][\/vc_row][vc_row][vc_column offset=&#8221;vc_hidden-xs&#8221;][vc_empty_space height=&#8221;52px&#8221;][\/vc_column][\/vc_row][vc_row css=&#8221;.vc_custom_1542011911374{margin-top: 50px !important;padding-top: 0px !important;}&#8221;][vc_column width=&#8221;1\/3&#8243;][vc_single_image image=&#8221;9575&#8243; img_size=&#8221;380&#215;222&#8243; onclick=&#8221;custom_link&#8221; css=&#8221;.vc_custom_1585667899446{margin-top: 0px !important;margin-bottom: 32px !important;}&#8221; link=&#8221;https:\/\/www.electroluxprofessional.com\/dk\/kontakt-speedelight\/&#8221;][elx_heading font_container=&#8221;h4&#8243; text_color=&#8221;inherit&#8221; css=&#8221;.vc_custom_1542105691418{padding-top: 12px !important;padding-bottom: 0px !important;}&#8221;]SpeeDelight start-s\u00e6t[\/elx_heading][vc_column_text el_class=&#8221;p-16&#8243; css=&#8221;.vc_custom_1584023832672{margin-top: 0px !important;}&#8221;]Start-s\u00e6t for nem reng\u00f8ring og l\u00e6ngere holdbarhed er inkluderet i prisen.<br \/>\n<a href=\"https:\/\/www.electroluxprofessional.com\/dk\/kontakt-speedelight\/\">K\u00f8b tilbeh\u00f8r til reng\u00f8ring<\/a>[\/vc_column_text][vc_empty_space][\/vc_column][vc_column width=&#8221;1\/3&#8243;][vc_single_image image=&#8221;9586&#8243; img_size=&#8221;380&#215;222&#8243; onclick=&#8221;custom_link&#8221; css=&#8221;.vc_custom_1585667906397{margin-top: 0px !important;margin-bottom: 32px !important;}&#8221; link=&#8221;https:\/\/www.electroluxprofessional.com\/dk\/kontakt-speedelight\/&#8221;][elx_heading font_container=&#8221;h4&#8243; text_color=&#8221;inherit&#8221; css=&#8221;.vc_custom_1542186743874{padding-top: 12px !important;padding-bottom: 0px !important;}&#8221;]3-i-1 teknologi: [\/elx_heading][vc_column_text el_class=&#8221;p-16&#8243;]Kontaktplade, infrar\u00f8d str\u00e5ling og mikrob\u00f8lger[\/vc_column_text][vc_empty_space][\/vc_column][vc_column width=&#8221;1\/3&#8243;][elx_video_block background_image=&#8221;2765&#8243; video_link=&#8221;https:\/\/www.youtube.com\/watch?v=MOMy6oeay_I&amp;feature=youtu.be&amp;list=PLn-GI5LWCZdSIQ75TtHvUSGHNPA-L_7AH&#8221; minimum_height=&#8221;210px&#8221;][vc_empty_space height=&#8221;20px&#8221;][elx_heading font_container=&#8221;h4&#8243; text_color=&#8221;inherit&#8221;]\u00c9n start-knap til hver snack[\/elx_heading][vc_column_text el_class=&#8221;p-16&#8243;]Du kan selv indstille din SpeeDelight paninigrill med totaltid og mikrob\u00f8lge-tid til de forskellige snacks, du tilbereder.<br \/>\n<a href=\"https:\/\/www.youtube.com\/watch?v=MOMy6oeay_I&amp;feature=youtu.be&amp;list=PLn-GI5LWCZdSIQ75TtHvUSGHNPA-L_7AH\">Se videoguide her<\/a>[\/vc_column_text][\/vc_column][\/vc_row][vc_row][vc_column][vc_empty_space height=&#8221;20px&#8221;][\/vc_column][\/vc_row][vc_row css=&#8221;.vc_custom_1542117861671{margin-bottom: -32px !important;}&#8221;][vc_column offset=&#8221;vc_hidden-lg vc_hidden-md vc_hidden-sm&#8221;][vc_column_text el_class=&#8221;p-16&#8243;]<\/p>\n<h6><\/h6>\n<h6 style=\"color: #415464;\">Herunder kan du se produktfakta p\u00e5 de forskellige SpeeDelight modeller (engelsk tekst). Kontakt os, hvis du vil have hj\u00e6lp til at v\u00e6lge det produkt, der passer bedst til jeres behov. Ring <strong>8740 3500<\/strong> eller <a href=\"https:\/\/www.electroluxprofessional.com\/dk\/kontakt-speedelight\/\">udfyld formularen<\/a><\/h6>\n<p>[\/vc_column_text][vc_empty_space][\/vc_column][\/vc_row][vc_row css=&#8221;.vc_custom_1542117861671{margin-bottom: -32px !important;}&#8221;][vc_column width=&#8221;1\/6&#8243; offset=&#8221;vc_hidden-xs&#8221;][vc_empty_space height=&#8221;20px&#8221;][\/vc_column][vc_column width=&#8221;4\/6&#8243; offset=&#8221;vc_hidden-xs&#8221;][vc_empty_space][vc_column_text el_class=&#8221;p-16&#8243;]<\/p>\n<h6><\/h6>\n<h6 style=\"color: #415464;\">Herunder kan du se produktfakta p\u00e5 de forskellige SpeeDelight modeller (engelsk tekst). Kontakt os, hvis du vil have hj\u00e6lp til at v\u00e6lge det produkt, der passer bedst til jeres behov. Ring <strong>8740 3500<\/strong> eller <a href=\"https:\/\/www.electroluxprofessional.com\/dk\/kontakt-speedelight\/\">udfyld formularen<\/a><\/h6>\n<p>[\/vc_column_text][\/vc_column][vc_column width=&#8221;1\/6&#8243; offset=&#8221;vc_hidden-xs&#8221;][elx_download_block text=&#8221;F\u00e5 inspiration&#8221; link=&#8221;https:\/\/www.electroluxprofessional.com\/dk\/wp-content\/uploads\/2017\/10\/Electrolux-Professional-SpeeDelight-Leaflet.pdf&#8221; background_color=&#8221;slate&#8221; reveal_effect=&#8221;&#8221; reveal_duration=&#8221;&#8221; reveal_delay=&#8221;&#8221; extra_class=&#8221;p-14&#8243;][vc_column_text el_class=&#8221;p-14&#8243; css=&#8221;.vc_custom_1542117809505{margin-top: -20px !important;}&#8221;]<\/p>\n<p style=\"text-align: center;\">(PDF, p\u00e5 engelsk)<\/p>\n<p>[\/vc_column_text][\/vc_column][\/vc_row][vc_row disable_element=&#8221;yes&#8221;][vc_column][vc_column_text][vc_raw_html]JTNDZGl2JTIwaWQlM0QlMjJDYWxjdWxhdG9yJTIyJTNFJTNDJTJGZGl2JTNF[\/vc_raw_html][vc_empty_space height=&#8221;50px&#8221;][elx_heading text_color=&#8221;inherit&#8221;]Minimum effort for maximum performance[\/elx_heading][elx_heading font_container=&#8221;h3&#8243; text_color=&#8221;inherit&#8221;]Discover your new productivity and savings with SpeeDelight[\/elx_heading][vc_empty_space height=&#8221;50px&#8221;][vc_raw_js]JTNDc2NyaXB0JTIwc3JjJTNEJTIyaHR0cHMlM0ElMkYlMkZ3d3cuZXByLWFwcHMuY29tJTJGd2lkZ2V0cyUyRmNvZGUlMkZqcXVlcnktdWkuanMlMjIlM0UlM0MlMkZzY3JpcHQlM0UlMEElM0NzY3JpcHQlMjBzcmMlM0QlMjJodHRwcyUzQSUyRiUyRnd3dy5lcHItYXBwcy5jb20lMkZ3aWRnZXRzJTJGY29kZSUyRmFuZ3VsYXIubWluLmpzJTIyJTNFJTNDJTJGc2NyaXB0JTNFJTBBJTNDc2NyaXB0JTIwc3JjJTNEJTIyaHR0cHMlM0ElMkYlMkZ3d3cuZXByLWFwcHMuY29tJTJGd2lkZ2V0cyUyRmNvZGUlMkZhbmd1bGFyLXNhbml0aXplLmpzJTIyJTNFJTNDJTJGc2NyaXB0JTNFJTBBJTNDc2NyaXB0JTIwc3JjJTNEJTIyaHR0cHMlM0ElMkYlMkZ3d3cuZXByLWFwcHMuY29tJTJGd2lkZ2V0cyUyRmNvZGUlMkZoaWdoY2hhcnRzJTJGSGlnaGNoYXJ0c0NhbGN1bGF0b3JzLmpzJTIyJTNFJTNDJTJGc2NyaXB0JTNFJTBBJTNDc2NyaXB0JTIwc3JjJTNEJTIyaHR0cHMlM0ElMkYlMkZ3d3cuZXByLWFwcHMuY29tJTJGY2FsY3VsYXRvcnMlMkZzcGVlZGVsaWdodCUyRnJlc291cmNlcyUyRmpzJTJGbWFpbi5taW4uanMlMjIlM0UlM0MlMkZzY3JpcHQlM0UlMEElM0NzY3JpcHQlMjB0eXBlJTNEJTIydGV4dCUyRmphdmFzY3JpcHQlMjIlM0UlMkYlMkYlMjAlM0MlMjElNUJDREFUQSU1QiUwQXZhciUyMHNldHRpbmdTcGVlZGVsaWdodCUyMCUzRCUyMCU3QiUwQWxhbmd1YWdlJTNBJTI3ZW4lMjclMkMlMEFjb3VudHJ5JTNBJTI3SXRhbHklMjclMkMlMEFjb250YWluZXIlM0ElMjdzcGVlZGVsaWdodF9qc29uX3dyYXBwZXIlMjclMEElN0QlMEF3aW5kb3cub25sb2FkJTIwJTNEJTIwb25Mb2FkYm9vdHN0cmFwU3BlZWRlbGlnaHQlMjhzZXR0aW5nU3BlZWRlbGlnaHQlMjklM0IlMEElMkYlMkYlMjAlNUQlNUQlM0UlM0MlMkZzY3JpcHQlM0UlMEElM0NkaXYlMjBpZCUzRCUyMnNwZWVkZWxpZ2h0X2pzb25fd3JhcHBlciUyMiUzRSUzQyUyRmRpdiUzRQ==[\/vc_raw_js][\/vc_column_text][\/vc_column][\/vc_row]<\/p>\n","protected":false},"excerpt":{"rendered":"<p>[vc_row css=&#8221;.vc_custom_1655800332757{padding-top: 60px !important;padding-bottom: 50px !important;background-color: #dadfe1 !important;}&#8221;][vc_column][elx_heading font_container=&#8221;h1&#8243; font_size=&#8221;h1&#8243; text_color=&#8221;electrolux-blue&#8221;]Serv\u00e9r l\u00e6kre panini og sandwich p\u00e5 1 minut[\/elx_heading][\/vc_column][\/vc_row][vc_row content_placement=&#8221;top&#8221;][vc_column reveal_effect=&#8221;&#8221; offset=&#8221;vc_hidden-lg vc_hidden-md&#8221;][vc_empty_space height=&#8221;22px&#8221;][vc_column_text el_class=&#8221;p-16&#8243; css=&#8221;.vc_custom_1580139306401{padding-bottom: 32px !important;}&#8221;]Med den prisbel\u00f8nnede SpeeDelight paninigrill, kan du varme l\u00e6kre, spr\u00f8de sandwich, panini, burgere og pizzaslices p\u00e5 1 minut. Tryk p\u00e5 knappen, og din snack er klar til servering p\u00e5 [&hellip;]<\/p>\n","protected":false},"author":64,"featured_media":0,"parent":0,"menu_order":0,"comment_status":"closed","ping_status":"closed","template":"","meta":{"footnotes":""},"class_list":["post-9615","page","type-page","status-publish","hentry"],"acf":[],"yoast_head":"<!-- This site is optimized with the Yoast SEO plugin v23.3 - https:\/\/yoast.com\/wordpress\/plugins\/seo\/ -->\n<title>SpeeDelight paninigrill - l\u00e6kre panini og sandwich p\u00e5 1 minut<\/title>\n<meta name=\"description\" content=\"Pr\u00f8v den prisbel\u00f8nnede SpeeDelight paninigrill. Tryk p\u00e5 knappen og f\u00e5 l\u00e6kre, spr\u00f8de sandwich, panini, burgere og pizzaslices p\u00e5 1 minut.\" \/>\n<meta name=\"robots\" content=\"index, follow, max-snippet:-1, max-image-preview:large, max-video-preview:-1\" \/>\n<link rel=\"canonical\" href=\"https:\/\/www.electroluxprofessional.com\/dk\/speedelight-paninigrill\/\" \/>\n<meta property=\"og:locale\" content=\"da_DK\" \/>\n<meta property=\"og:type\" content=\"article\" \/>\n<meta property=\"og:title\" content=\"SpeeDelight paninigrill - l\u00e6kre panini og sandwich p\u00e5 1 minut\" \/>\n<meta property=\"og:description\" content=\"Pr\u00f8v den prisbel\u00f8nnede SpeeDelight paninigrill. Tryk p\u00e5 knappen og f\u00e5 l\u00e6kre, spr\u00f8de sandwich, panini, burgere og pizzaslices p\u00e5 1 minut.\" \/>\n<meta property=\"og:url\" content=\"https:\/\/www.electroluxprofessional.com\/dk\/speedelight-paninigrill\/\" \/>\n<meta property=\"og:site_name\" content=\"Electrolux Professional Danmark\" \/>\n<meta property=\"article:modified_time\" content=\"2025-11-05T16:55:42+00:00\" \/>\n<meta name=\"twitter:card\" content=\"summary_large_image\" \/>\n<meta name=\"twitter:label1\" content=\"Estimeret l\u00e6setid\" \/>\n\t<meta name=\"twitter:data1\" content=\"4 minutter\" \/>\n<script type=\"application\/ld+json\" class=\"yoast-schema-graph\">{\"@context\":\"https:\/\/schema.org\",\"@graph\":[{\"@type\":\"WebPage\",\"@id\":\"https:\/\/www.electroluxprofessional.com\/dk\/speedelight-paninigrill\/\",\"url\":\"https:\/\/www.electroluxprofessional.com\/dk\/speedelight-paninigrill\/\",\"name\":\"SpeeDelight paninigrill - l\u00e6kre panini og sandwich p\u00e5 1 minut\",\"isPartOf\":{\"@id\":\"https:\/\/www.electroluxprofessional.com\/dk\/#website\"},\"datePublished\":\"2022-06-20T07:52:12+00:00\",\"dateModified\":\"2025-11-05T16:55:42+00:00\",\"description\":\"Pr\u00f8v den prisbel\u00f8nnede SpeeDelight paninigrill. Tryk p\u00e5 knappen og f\u00e5 l\u00e6kre, spr\u00f8de sandwich, panini, burgere og pizzaslices p\u00e5 1 minut.\",\"breadcrumb\":{\"@id\":\"https:\/\/www.electroluxprofessional.com\/dk\/speedelight-paninigrill\/#breadcrumb\"},\"inLanguage\":\"da-DK\",\"potentialAction\":[{\"@type\":\"ReadAction\",\"target\":[\"https:\/\/www.electroluxprofessional.com\/dk\/speedelight-paninigrill\/\"]}]},{\"@type\":\"BreadcrumbList\",\"@id\":\"https:\/\/www.electroluxprofessional.com\/dk\/speedelight-paninigrill\/#breadcrumb\",\"itemListElement\":[{\"@type\":\"ListItem\",\"position\":1,\"name\":\"Home\",\"item\":\"https:\/\/www.electroluxprofessional.com\/dk\/\"},{\"@type\":\"ListItem\",\"position\":2,\"name\":\"SpeeDelight paninigrill\"}]},{\"@type\":\"WebSite\",\"@id\":\"https:\/\/www.electroluxprofessional.com\/dk\/#website\",\"url\":\"https:\/\/www.electroluxprofessional.com\/dk\/\",\"name\":\"Electrolux Professional Danmark\",\"description\":\"\",\"potentialAction\":[{\"@type\":\"SearchAction\",\"target\":{\"@type\":\"EntryPoint\",\"urlTemplate\":\"https:\/\/www.electroluxprofessional.com\/dk\/?src={search_term_string}\"},\"query-input\":\"required name=search_term_string\"}],\"inLanguage\":\"da-DK\"}]}<\/script>\n<!-- \/ Yoast SEO plugin. -->","yoast_head_json":{"title":"SpeeDelight paninigrill - l\u00e6kre panini og sandwich p\u00e5 1 minut","description":"Pr\u00f8v den prisbel\u00f8nnede SpeeDelight paninigrill. Tryk p\u00e5 knappen og f\u00e5 l\u00e6kre, spr\u00f8de sandwich, panini, burgere og pizzaslices p\u00e5 1 minut.","robots":{"index":"index","follow":"follow","max-snippet":"max-snippet:-1","max-image-preview":"max-image-preview:large","max-video-preview":"max-video-preview:-1"},"canonical":"https:\/\/www.electroluxprofessional.com\/dk\/speedelight-paninigrill\/","og_locale":"da_DK","og_type":"article","og_title":"SpeeDelight paninigrill - l\u00e6kre panini og sandwich p\u00e5 1 minut","og_description":"Pr\u00f8v den prisbel\u00f8nnede SpeeDelight paninigrill. Tryk p\u00e5 knappen og f\u00e5 l\u00e6kre, spr\u00f8de sandwich, panini, burgere og pizzaslices p\u00e5 1 minut.","og_url":"https:\/\/www.electroluxprofessional.com\/dk\/speedelight-paninigrill\/","og_site_name":"Electrolux Professional Danmark","article_modified_time":"2025-11-05T16:55:42+00:00","twitter_card":"summary_large_image","twitter_misc":{"Estimeret l\u00e6setid":"4 minutter"},"schema":{"@context":"https:\/\/schema.org","@graph":[{"@type":"WebPage","@id":"https:\/\/www.electroluxprofessional.com\/dk\/speedelight-paninigrill\/","url":"https:\/\/www.electroluxprofessional.com\/dk\/speedelight-paninigrill\/","name":"SpeeDelight paninigrill - l\u00e6kre panini og sandwich p\u00e5 1 minut","isPartOf":{"@id":"https:\/\/www.electroluxprofessional.com\/dk\/#website"},"datePublished":"2022-06-20T07:52:12+00:00","dateModified":"2025-11-05T16:55:42+00:00","description":"Pr\u00f8v den prisbel\u00f8nnede SpeeDelight paninigrill. Tryk p\u00e5 knappen og f\u00e5 l\u00e6kre, spr\u00f8de sandwich, panini, burgere og pizzaslices p\u00e5 1 minut.","breadcrumb":{"@id":"https:\/\/www.electroluxprofessional.com\/dk\/speedelight-paninigrill\/#breadcrumb"},"inLanguage":"da-DK","potentialAction":[{"@type":"ReadAction","target":["https:\/\/www.electroluxprofessional.com\/dk\/speedelight-paninigrill\/"]}]},{"@type":"BreadcrumbList","@id":"https:\/\/www.electroluxprofessional.com\/dk\/speedelight-paninigrill\/#breadcrumb","itemListElement":[{"@type":"ListItem","position":1,"name":"Home","item":"https:\/\/www.electroluxprofessional.com\/dk\/"},{"@type":"ListItem","position":2,"name":"SpeeDelight paninigrill"}]},{"@type":"WebSite","@id":"https:\/\/www.electroluxprofessional.com\/dk\/#website","url":"https:\/\/www.electroluxprofessional.com\/dk\/","name":"Electrolux Professional Danmark","description":"","potentialAction":[{"@type":"SearchAction","target":{"@type":"EntryPoint","urlTemplate":"https:\/\/www.electroluxprofessional.com\/dk\/?src={search_term_string}"},"query-input":"required name=search_term_string"}],"inLanguage":"da-DK"}]}},"_links":{"self":[{"href":"https:\/\/www.electroluxprofessional.com\/dk\/wp-json\/wp\/v2\/pages\/9615"}],"collection":[{"href":"https:\/\/www.electroluxprofessional.com\/dk\/wp-json\/wp\/v2\/pages"}],"about":[{"href":"https:\/\/www.electroluxprofessional.com\/dk\/wp-json\/wp\/v2\/types\/page"}],"author":[{"embeddable":true,"href":"https:\/\/www.electroluxprofessional.com\/dk\/wp-json\/wp\/v2\/users\/64"}],"replies":[{"embeddable":true,"href":"https:\/\/www.electroluxprofessional.com\/dk\/wp-json\/wp\/v2\/comments?post=9615"}],"version-history":[{"count":52,"href":"https:\/\/www.electroluxprofessional.com\/dk\/wp-json\/wp\/v2\/pages\/9615\/revisions"}],"predecessor-version":[{"id":30748,"href":"https:\/\/www.electroluxprofessional.com\/dk\/wp-json\/wp\/v2\/pages\/9615\/revisions\/30748"}],"wp:attachment":[{"href":"https:\/\/www.electroluxprofessional.com\/dk\/wp-json\/wp\/v2\/media?parent=9615"}],"curies":[{"name":"wp","href":"https:\/\/api.w.org\/{rel}","templated":true}]}}