{"id":9132,"date":"2021-02-16T11:31:41","date_gmt":"2021-02-16T11:31:41","guid":{"rendered":"https:\/\/www.electroluxprofessional.com\/dk\/?page_id=9132"},"modified":"2021-02-17T15:10:24","modified_gmt":"2021-02-17T15:10:24","slug":"forberedelse","status":"publish","type":"page","link":"https:\/\/www.electroluxprofessional.com\/dk\/forberedelse\/","title":{"rendered":"Forberedelse"},"content":{"rendered":"<p>[vc_row full_width=&#8221;electroluxpro-full-width-no-padding&#8221;][vc_column reveal_effect=&#8221;&#8221; offset=&#8221;vc_hidden-sm vc_hidden-xs&#8221;][elx_image_block background_image=&#8221;9140&#8243; minimum_height=&#8221;350px&#8221;][\/vc_column][\/vc_row][vc_row full_width=&#8221;electroluxpro-full-width-no-padding&#8221;][vc_column reveal_effect=&#8221;&#8221; offset=&#8221;vc_hidden-lg vc_hidden-md&#8221;][vc_single_image image=&#8221;9140&#8243; img_size=&#8221;400&#215;200&#8243; alignment=&#8221;center&#8221;][\/vc_column][\/vc_row][vc_row][vc_column][elx_heading font_container=&#8221;h1&#8243; text_color=&#8221;electrolux-blue&#8221;]<\/p>\n<h1>Forberedelse<\/h1>\n<p>[\/elx_heading][\/vc_column][\/vc_row][vc_row][vc_column width=&#8221;2\/3&#8243; offset=&#8221;vc_hidden-xs&#8221;][vc_empty_space][vc_column_text el_class=&#8221;p-16&#8243; css=&#8221;.vc_custom_1541156859830{padding-right: 32px !important;}&#8221;]Hos Electrolux f\u00e5r du k\u00f8kkenmaskiner, der g\u00f8r det nemt at sk\u00e6re, snitte, hakke, blende og r\u00f8re ingredienser til god mad. Gennemt\u00e6nkte kvalitetsprodukter sikrer dig praktiske arbejdsprocesser og god \u00f8konomi.<\/p>\n<p>Alt er nemt at bruge og reng\u00f8re. Faktisk kan de fleste l\u00f8sdele g\u00e5 i opvaskemaskinen.[\/vc_column_text][vc_empty_space height=&#8221;64px&#8221;][vc_row_inner css=&#8221;.vc_custom_1541075661695{margin-right: 20px !important;margin-left: -15px !important;}&#8221;][vc_column_inner width=&#8221;3\/4&#8243;][elx_button button_text=&#8221;HVORFOR V\u00c6LGE ELECTROLUX TIL DIT K\u00d8KKEN?&#8221; button_style=&#8221;default&#8221; button_display_block=&#8221;display_block_on&#8221; button_link=&#8221;url:https%3A%2F%2Fwww.electroluxprofessional.com%2Fdk%2Fhvorfor-vaelge-electrolux%2F|title:Hvorfor%20v%C3%A6lge%20Electrolux|target:%20_blank|&#8221;][vc_empty_space height=&#8221;22px&#8221;][elx_button button_text=&#8221;TEKNISK SERVICE OG SUPPORT&#8221; button_display_block=&#8221;display_block_on&#8221; button_link=&#8221;url:https%3A%2F%2Fwww.electroluxprofessional.com%2Fdk%2Fforhandlere-service%2F|title:teknisk%20support|target:%20_blank|&#8221;][\/vc_column_inner][vc_column_inner width=&#8221;1\/4&#8243;][\/vc_column_inner][\/vc_row_inner][\/vc_column][vc_column width=&#8221;1\/3&#8243; css=&#8221;.vc_custom_1613573954197{margin-bottom: 32px !important;}&#8221; offset=&#8221;vc_hidden-xs&#8221;][vc_row_inner css=&#8221;.vc_custom_1613574024454{padding-top: 15px !important;padding-right: 5px !important;padding-bottom: 15px !important;padding-left: 15px !important;background-color: #e6ebed !important;}&#8221;][vc_column_inner][elx_heading font_container=&#8221;h4&#8243; text_color=&#8221;slate&#8221;]L\u00e6s mere om Electrolux\u2019 udstyr til forberedelse:[\/elx_heading][vc_column_text css_animation=&#8221;none&#8221; el_class=&#8221;p-16-line&#8221; css=&#8221;.vc_custom_1613573558846{margin-bottom: 10px !important;}&#8221;]<a href=\"https:\/\/www.electroluxprofessional.com\/dk\/professionel-kartoffelskraeller\/\">Skr\u00e6lle, vaske og t\u00f8rre<\/a><br \/>\n<a href=\"https:\/\/www.electroluxprofessional.com\/dk\/groentsagssnitter-industri\/\">Sk\u00e6re, mixe, blende<\/a><br \/>\n<a href=\"https:\/\/www.electroluxprofessional.com\/dk\/industri-roeremaskine\/\">R\u00f8remaskiner<\/a><br \/>\n<a href=\"https:\/\/www.electroluxprofessional.com\/dk\/vakuumpakker-industri\/\">Vacuumpakker<\/a><br \/>\n<a href=\"https:\/\/www.electroluxprofessional.com\/dk\/saladette\/\">Saladette<\/a><br \/>\n<a href=\"https:\/\/www.electroluxprofessional.com\/dk\/rustfrit-staal-koekken\/\">K\u00f8kken i rustfrit st\u00e5l<\/a><br \/>\n<a href=\"https:\/\/www.electroluxprofessional.com\/dk\/professionel-koekkenkvaern\/\">Affaldskv\u00e6rne<\/a>[\/vc_column_text][\/vc_column_inner][\/vc_row_inner][vc_empty_space][vc_row_inner css=&#8221;.vc_custom_1613574036141{padding: 15px !important;background-color: #dadfe1 !important;}&#8221;][vc_column_inner][vc_column_text el_class=&#8221;p-16&#8243;]<a style=\"color: #415464;\" href=\"https:\/\/www.electroluxprofessional.com\/dk\/storkoekken\">FIND DEN K\u00d8KKENL\u00d8SNING, DER PASSER TIL DIN BRANCHE \u203a<\/a>[\/vc_column_text][\/vc_column_inner][\/vc_row_inner][\/vc_column][\/vc_row][vc_row][vc_column reveal_effect=&#8221;&#8221; matched_labels=&#8221;&#8221; offset=&#8221;vc_hidden-lg vc_hidden-md vc_hidden-sm&#8221;][vc_empty_space height=&#8221;22px&#8221;][vc_column_text el_class=&#8221;p-16&#8243;]Hos Electrolux f\u00e5r du k\u00f8kkenmaskiner, der g\u00f8r det nemt at sk\u00e6re, snitte, hakke, blende og r\u00f8re ingredienser til god mad. Gennemt\u00e6nkte kvalitetsprodukter sikrer dig praktiske arbejdsprocesser og god \u00f8konomi.<\/p>\n<p>Alt er nemt at bruge og reng\u00f8re. Faktisk kan de fleste l\u00f8sdele g\u00e5 i opvaskemaskinen.[\/vc_column_text][vc_empty_space height=&#8221;64px&#8221;][elx_button button_text=&#8221;HVORFOR V\u00c6LGE ELECTROLUX TIL DIT K\u00d8KKEN?&#8221; button_style=&#8221;default&#8221; button_display_block=&#8221;display_block_on&#8221; button_link=&#8221;url:https%3A%2F%2Fwww.electroluxprofessional.com%2Fdk%2Fhvorfor-vaelge-electrolux%2F|title:Hvorfor%20v%C3%A6lge%20Electrolux|target:%20_blank|&#8221;][vc_empty_space][elx_button button_text=&#8221;TEKNISK SERVICE OG SUPPORT&#8221; button_display_block=&#8221;display_block_on&#8221; button_link=&#8221;url:https%3A%2F%2Fwww.electroluxprofessional.com%2Fdk%2Fforhandlere-service%2F|title:teknisk%20support|target:%20_blank|&#8221;][\/vc_column][\/vc_row][vc_row matched_labels=&#8221;&#8221;][vc_column reveal_effect=&#8221;&#8221; matched_labels=&#8221;&#8221; offset=&#8221;vc_hidden-lg vc_hidden-md vc_hidden-sm&#8221; css=&#8221;.vc_custom_1613574586292{margin-top: 40px !important;padding-top: 40px !important;padding-bottom: 32px !important;background-color: #e1e6e8 !important;}&#8221;][vc_empty_space][elx_heading font_container=&#8221;h4&#8243; text_color=&#8221;slate&#8221; css=&#8221;.vc_custom_1541154747175{margin-top: 20px !important;background-color: #e1e6e8 !important;}&#8221;]L\u00e6s mere om Electrolux\u2019 udstyr til forberedelse:[\/elx_heading][vc_column_text css_animation=&#8221;none&#8221; el_class=&#8221;p-16&#8243;]<a href=\"https:\/\/www.electroluxprofessional.com\/dk\/professionel-kartoffelskraeller\/\">Skr\u00e6lle, vaske og t\u00f8rre<\/a><br \/>\n<a href=\"https:\/\/www.electroluxprofessional.com\/dk\/groentsagssnitter-industri\/\">Sk\u00e6re, mixe, blende<\/a><br \/>\n<a href=\"https:\/\/www.electroluxprofessional.com\/dk\/industri-roeremaskine\/\">R\u00f8remaskiner<\/a><br \/>\n<a href=\"https:\/\/www.electroluxprofessional.com\/dk\/vakuumpakker-industri\/\">Vacuumpakker<\/a><br \/>\n<a href=\"https:\/\/www.electroluxprofessional.com\/dk\/saladette\/\">Saladette<\/a><br \/>\n<a href=\"https:\/\/www.electroluxprofessional.com\/dk\/rustfrit-staal-koekken\/\">K\u00f8kken i rustfrit st\u00e5l<\/a><br \/>\n<a href=\"https:\/\/www.electroluxprofessional.com\/dk\/professionel-koekkenkvaern\/\">Affaldskv\u00e6rne<\/a>[\/vc_column_text][vc_row_inner][vc_column_inner matched_labels=&#8221;&#8221;][vc_empty_space][\/vc_column_inner][\/vc_row_inner][vc_column_text el_class=&#8221;p-16&#8243;]<a style=\"color: #415464;\" href=\"https:\/\/www.electroluxprofessional.com\/dk\/storkoekken\">FIND DEN K\u00d8KKENL\u00d8SNING, DER PASSER TIL DIN BRANCHE \u203a<\/a>[\/vc_column_text][\/vc_column][\/vc_row][vc_row full_width=&#8221;electroluxpro-container-no-padding&#8221;][vc_column offset=&#8221;vc_hidden-xs&#8221; css=&#8221;.vc_custom_1613573898328{margin-top: 20px !important;border-top-width: 1px !important;padding-top: 40px !important;border-top-color: #dadfe1 !important;border-top-style: solid !important;}&#8221;][vc_empty_space][elx_heading font_container=&#8221;h4&#8243; text_color=&#8221;inherit&#8221; text_align=&#8221;text-center&#8221;]Enkelte produkter eller totalindretning af dit k\u00f8kken?[\/elx_heading][vc_column_text el_class=&#8221;p-16&#8243;]<\/p>\n<p style=\"text-align: center;\">Mangler du en enkelt r\u00f8remaskine, eller har du brug for en gennemt\u00e6nkt nyindretning af dit k\u00f8kken? <a href=\"https:\/\/www.electroluxprofessional.com\/dk\/kontakt-koekken\/\"><strong>Kontakt os p\u00e5 tlf. 8740 3500.<\/strong><\/a><\/p>\n<p>[\/vc_column_text][vc_empty_space][\/vc_column][\/vc_row][vc_row css=&#8221;.vc_custom_1541078856560{padding-top: 0px !important;}&#8221;][vc_column width=&#8221;1\/4&#8243; offset=&#8221;vc_hidden-xs&#8221;][vc_single_image image=&#8221;9097&#8243; img_size=&#8221;full&#8221; alignment=&#8221;center&#8221; onclick=&#8221;custom_link&#8221; link=&#8221;https:\/\/www.electroluxprofessional.com\/dk\/restaurant&#8221;][\/vc_column][vc_column width=&#8221;1\/4&#8243; offset=&#8221;vc_hidden-xs&#8221;][vc_single_image image=&#8221;9155&#8243; img_size=&#8221;full&#8221; alignment=&#8221;center&#8221; onclick=&#8221;custom_link&#8221; link=&#8221;https:\/\/www.electroluxprofessional.com\/dk\/groentsagssnitter-industri\/&#8221; css=&#8221;.vc_custom_1602841153929{margin-bottom: 32px !important;}&#8221;][\/vc_column][vc_column width=&#8221;1\/4&#8243; offset=&#8221;vc_hidden-xs&#8221;][elx_video_block background_image=&#8221;9148&#8243; video_link=&#8221;https:\/\/www.youtube.com\/watch?time_continue=2&amp;v=od6ljHaJmLA&#8221; minimum_height=&#8221;184px&#8221;][\/vc_column][vc_column width=&#8221;1\/4&#8243; offset=&#8221;vc_hidden-xs&#8221;][vc_single_image image=&#8221;9154&#8243; img_size=&#8221;full&#8221; onclick=&#8221;custom_link&#8221; link=&#8221;https:\/\/www.electroluxprofessional.com\/dk\/industri-roeremaskine\/&#8221;][\/vc_column][\/vc_row][vc_row][vc_column reveal_effect=&#8221;&#8221; offset=&#8221;vc_hidden-lg vc_hidden-md vc_hidden-sm&#8221;][vc_empty_space][elx_heading font_container=&#8221;h4&#8243; text_color=&#8221;inherit&#8221; text_align=&#8221;text-left&#8221;]Enkelte produkter eller totalindretning af dit k\u00f8kken?[\/elx_heading][vc_column_text el_class=&#8221;p-16&#8243;]Mangler du en enkelt r\u00f8remaskine, eller har du brug for en gennemt\u00e6nkt nyindretning af dit k\u00f8kken? <a href=\"https:\/\/www.electroluxprofessional.com\/dk\/kontakt-koekken\/\"><strong>Kontakt os p\u00e5 tlf. 8740 3500.<\/strong><\/a>[\/vc_column_text][vc_empty_space][\/vc_column][\/vc_row][vc_row][vc_column reveal_effect=&#8221;&#8221; offset=&#8221;vc_hidden-lg vc_hidden-md vc_hidden-sm&#8221; css=&#8221;.vc_custom_1541079182846{margin: 0px !important;padding: 0px !important;}&#8221;][vc_single_image image=&#8221;9097&#8243; img_size=&#8221;full&#8221; alignment=&#8221;center&#8221; onclick=&#8221;custom_link&#8221; link=&#8221;https:\/\/www.electroluxprofessional.com\/dk\/restaurant&#8221; css=&#8221;.vc_custom_1553168988786{margin-bottom: 32px !important;}&#8221;][vc_single_image image=&#8221;9098&#8243; img_size=&#8221;full&#8221; alignment=&#8221;center&#8221; onclick=&#8221;custom_link&#8221; link=&#8221;https:\/\/www.electroluxprofessional.com\/dk\/restaurant\/&#8221; css=&#8221;.vc_custom_1602841083213{margin-bottom: 32px !important;}&#8221;][vc_single_image image=&#8221;9155&#8243; img_size=&#8221;full&#8221; alignment=&#8221;center&#8221; onclick=&#8221;custom_link&#8221; link=&#8221;https:\/\/www.electroluxprofessional.com\/dk\/groentsagssnitter-industri\/&#8221; css=&#8221;.vc_custom_1602841142468{margin-bottom: 32px !important;}&#8221;][elx_video_block background_image=&#8221;9148&#8243; video_link=&#8221;https:\/\/www.youtube.com\/watch?time_continue=2&amp;v=od6ljHaJmLA&#8221; minimum_height=&#8221;230px&#8221;][\/vc_column][\/vc_row][vc_row][vc_column][vc_empty_space height=&#8221;64px&#8221;][\/vc_column][\/vc_row]<\/p>\n","protected":false},"excerpt":{"rendered":"<p>[vc_row full_width=&#8221;electroluxpro-full-width-no-padding&#8221;][vc_column reveal_effect=&#8221;&#8221; offset=&#8221;vc_hidden-sm vc_hidden-xs&#8221;][elx_image_block background_image=&#8221;9140&#8243; minimum_height=&#8221;350px&#8221;][\/vc_column][\/vc_row][vc_row full_width=&#8221;electroluxpro-full-width-no-padding&#8221;][vc_column reveal_effect=&#8221;&#8221; offset=&#8221;vc_hidden-lg vc_hidden-md&#8221;][vc_single_image image=&#8221;9140&#8243; img_size=&#8221;400&#215;200&#8243; alignment=&#8221;center&#8221;][\/vc_column][\/vc_row][vc_row][vc_column][elx_heading font_container=&#8221;h1&#8243; text_color=&#8221;electrolux-blue&#8221;] Forberedelse [\/elx_heading][\/vc_column][\/vc_row][vc_row][vc_column width=&#8221;2\/3&#8243; offset=&#8221;vc_hidden-xs&#8221;][vc_empty_space][vc_column_text el_class=&#8221;p-16&#8243; css=&#8221;.vc_custom_1541156859830{padding-right: 32px !important;}&#8221;]Hos Electrolux f\u00e5r du k\u00f8kkenmaskiner, der g\u00f8r det nemt at sk\u00e6re, snitte, hakke, blende og r\u00f8re ingredienser til god mad. Gennemt\u00e6nkte kvalitetsprodukter sikrer dig praktiske arbejdsprocesser og god \u00f8konomi. Alt er nemt [&hellip;]<\/p>\n","protected":false},"author":64,"featured_media":0,"parent":0,"menu_order":0,"comment_status":"closed","ping_status":"closed","template":"","meta":{"footnotes":""},"class_list":["post-9132","page","type-page","status-publish","hentry"],"acf":[],"yoast_head":"<!-- This site is optimized with the Yoast SEO plugin v23.3 - https:\/\/yoast.com\/wordpress\/plugins\/seo\/ -->\n<title>Forberedelse \u2013 udstyr til forberedelse i stork\u00f8kken<\/title>\n<meta name=\"description\" content=\"Hos Electrolux f\u00e5r du k\u00f8kkenmaskiner, der g\u00f8r det nemt at sk\u00e6re, snitte, hakke, blende og r\u00f8re ingredienser til god mad. Den perfekte forberedelse. Gennemt\u00e6nkte kvalitetsprodukter sikrer dig praktiske arbejdsprocesser og god \u00f8konomi.\" \/>\n<meta name=\"robots\" content=\"index, follow, max-snippet:-1, max-image-preview:large, max-video-preview:-1\" \/>\n<link rel=\"canonical\" href=\"https:\/\/www.electroluxprofessional.com\/dk\/forberedelse\/\" \/>\n<meta property=\"og:locale\" content=\"da_DK\" \/>\n<meta property=\"og:type\" content=\"article\" \/>\n<meta property=\"og:title\" content=\"Forberedelse \u2013 udstyr til forberedelse i stork\u00f8kken\" \/>\n<meta property=\"og:description\" content=\"Hos Electrolux f\u00e5r du k\u00f8kkenmaskiner, der g\u00f8r det nemt at sk\u00e6re, snitte, hakke, blende og r\u00f8re ingredienser til god mad. Den perfekte forberedelse. Gennemt\u00e6nkte kvalitetsprodukter sikrer dig praktiske arbejdsprocesser og god \u00f8konomi.\" \/>\n<meta property=\"og:url\" content=\"https:\/\/www.electroluxprofessional.com\/dk\/forberedelse\/\" \/>\n<meta property=\"og:site_name\" content=\"Electrolux Professional Danmark\" \/>\n<meta property=\"article:modified_time\" content=\"2021-02-17T15:10:24+00:00\" \/>\n<meta name=\"twitter:card\" content=\"summary_large_image\" \/>\n<meta name=\"twitter:label1\" content=\"Estimeret l\u00e6setid\" \/>\n\t<meta name=\"twitter:data1\" content=\"6 minutter\" \/>\n<script type=\"application\/ld+json\" class=\"yoast-schema-graph\">{\"@context\":\"https:\/\/schema.org\",\"@graph\":[{\"@type\":\"WebPage\",\"@id\":\"https:\/\/www.electroluxprofessional.com\/dk\/forberedelse\/\",\"url\":\"https:\/\/www.electroluxprofessional.com\/dk\/forberedelse\/\",\"name\":\"Forberedelse \u2013 udstyr til forberedelse i stork\u00f8kken\",\"isPartOf\":{\"@id\":\"https:\/\/www.electroluxprofessional.com\/dk\/#website\"},\"datePublished\":\"2021-02-16T11:31:41+00:00\",\"dateModified\":\"2021-02-17T15:10:24+00:00\",\"description\":\"Hos Electrolux f\u00e5r du k\u00f8kkenmaskiner, der g\u00f8r det nemt at sk\u00e6re, snitte, hakke, blende og r\u00f8re ingredienser til god mad. Den perfekte forberedelse. Gennemt\u00e6nkte kvalitetsprodukter sikrer dig praktiske arbejdsprocesser og god \u00f8konomi.\",\"breadcrumb\":{\"@id\":\"https:\/\/www.electroluxprofessional.com\/dk\/forberedelse\/#breadcrumb\"},\"inLanguage\":\"da-DK\",\"potentialAction\":[{\"@type\":\"ReadAction\",\"target\":[\"https:\/\/www.electroluxprofessional.com\/dk\/forberedelse\/\"]}]},{\"@type\":\"BreadcrumbList\",\"@id\":\"https:\/\/www.electroluxprofessional.com\/dk\/forberedelse\/#breadcrumb\",\"itemListElement\":[{\"@type\":\"ListItem\",\"position\":1,\"name\":\"Home\",\"item\":\"https:\/\/www.electroluxprofessional.com\/dk\/\"},{\"@type\":\"ListItem\",\"position\":2,\"name\":\"Forberedelse\"}]},{\"@type\":\"WebSite\",\"@id\":\"https:\/\/www.electroluxprofessional.com\/dk\/#website\",\"url\":\"https:\/\/www.electroluxprofessional.com\/dk\/\",\"name\":\"Electrolux Professional Danmark\",\"description\":\"\",\"potentialAction\":[{\"@type\":\"SearchAction\",\"target\":{\"@type\":\"EntryPoint\",\"urlTemplate\":\"https:\/\/www.electroluxprofessional.com\/dk\/?src={search_term_string}\"},\"query-input\":\"required name=search_term_string\"}],\"inLanguage\":\"da-DK\"}]}<\/script>\n<!-- \/ Yoast SEO plugin. -->","yoast_head_json":{"title":"Forberedelse \u2013 udstyr til forberedelse i stork\u00f8kken","description":"Hos Electrolux f\u00e5r du k\u00f8kkenmaskiner, der g\u00f8r det nemt at sk\u00e6re, snitte, hakke, blende og r\u00f8re ingredienser til god mad. Den perfekte forberedelse. Gennemt\u00e6nkte kvalitetsprodukter sikrer dig praktiske arbejdsprocesser og god \u00f8konomi.","robots":{"index":"index","follow":"follow","max-snippet":"max-snippet:-1","max-image-preview":"max-image-preview:large","max-video-preview":"max-video-preview:-1"},"canonical":"https:\/\/www.electroluxprofessional.com\/dk\/forberedelse\/","og_locale":"da_DK","og_type":"article","og_title":"Forberedelse \u2013 udstyr til forberedelse i stork\u00f8kken","og_description":"Hos Electrolux f\u00e5r du k\u00f8kkenmaskiner, der g\u00f8r det nemt at sk\u00e6re, snitte, hakke, blende og r\u00f8re ingredienser til god mad. Den perfekte forberedelse. Gennemt\u00e6nkte kvalitetsprodukter sikrer dig praktiske arbejdsprocesser og god \u00f8konomi.","og_url":"https:\/\/www.electroluxprofessional.com\/dk\/forberedelse\/","og_site_name":"Electrolux Professional Danmark","article_modified_time":"2021-02-17T15:10:24+00:00","twitter_card":"summary_large_image","twitter_misc":{"Estimeret l\u00e6setid":"6 minutter"},"schema":{"@context":"https:\/\/schema.org","@graph":[{"@type":"WebPage","@id":"https:\/\/www.electroluxprofessional.com\/dk\/forberedelse\/","url":"https:\/\/www.electroluxprofessional.com\/dk\/forberedelse\/","name":"Forberedelse \u2013 udstyr til forberedelse i stork\u00f8kken","isPartOf":{"@id":"https:\/\/www.electroluxprofessional.com\/dk\/#website"},"datePublished":"2021-02-16T11:31:41+00:00","dateModified":"2021-02-17T15:10:24+00:00","description":"Hos Electrolux f\u00e5r du k\u00f8kkenmaskiner, der g\u00f8r det nemt at sk\u00e6re, snitte, hakke, blende og r\u00f8re ingredienser til god mad. Den perfekte forberedelse. Gennemt\u00e6nkte kvalitetsprodukter sikrer dig praktiske arbejdsprocesser og god \u00f8konomi.","breadcrumb":{"@id":"https:\/\/www.electroluxprofessional.com\/dk\/forberedelse\/#breadcrumb"},"inLanguage":"da-DK","potentialAction":[{"@type":"ReadAction","target":["https:\/\/www.electroluxprofessional.com\/dk\/forberedelse\/"]}]},{"@type":"BreadcrumbList","@id":"https:\/\/www.electroluxprofessional.com\/dk\/forberedelse\/#breadcrumb","itemListElement":[{"@type":"ListItem","position":1,"name":"Home","item":"https:\/\/www.electroluxprofessional.com\/dk\/"},{"@type":"ListItem","position":2,"name":"Forberedelse"}]},{"@type":"WebSite","@id":"https:\/\/www.electroluxprofessional.com\/dk\/#website","url":"https:\/\/www.electroluxprofessional.com\/dk\/","name":"Electrolux Professional Danmark","description":"","potentialAction":[{"@type":"SearchAction","target":{"@type":"EntryPoint","urlTemplate":"https:\/\/www.electroluxprofessional.com\/dk\/?src={search_term_string}"},"query-input":"required name=search_term_string"}],"inLanguage":"da-DK"}]}},"_links":{"self":[{"href":"https:\/\/www.electroluxprofessional.com\/dk\/wp-json\/wp\/v2\/pages\/9132"}],"collection":[{"href":"https:\/\/www.electroluxprofessional.com\/dk\/wp-json\/wp\/v2\/pages"}],"about":[{"href":"https:\/\/www.electroluxprofessional.com\/dk\/wp-json\/wp\/v2\/types\/page"}],"author":[{"embeddable":true,"href":"https:\/\/www.electroluxprofessional.com\/dk\/wp-json\/wp\/v2\/users\/64"}],"replies":[{"embeddable":true,"href":"https:\/\/www.electroluxprofessional.com\/dk\/wp-json\/wp\/v2\/comments?post=9132"}],"version-history":[{"count":31,"href":"https:\/\/www.electroluxprofessional.com\/dk\/wp-json\/wp\/v2\/pages\/9132\/revisions"}],"predecessor-version":[{"id":19259,"href":"https:\/\/www.electroluxprofessional.com\/dk\/wp-json\/wp\/v2\/pages\/9132\/revisions\/19259"}],"wp:attachment":[{"href":"https:\/\/www.electroluxprofessional.com\/dk\/wp-json\/wp\/v2\/media?parent=9132"}],"curies":[{"name":"wp","href":"https:\/\/api.w.org\/{rel}","templated":true}]}}