{"id":9110,"date":"2023-10-17T08:29:57","date_gmt":"2023-10-17T08:29:57","guid":{"rendered":"https:\/\/www.electroluxprofessional.com\/dk\/?page_id=9110"},"modified":"2023-10-18T11:47:37","modified_gmt":"2023-10-18T11:47:37","slug":"storkoekken","status":"publish","type":"page","link":"https:\/\/www.electroluxprofessional.com\/dk\/storkoekken\/","title":{"rendered":"Stork\u00f8kken"},"content":{"rendered":"<p>[vc_row content_placement=&#8221;top&#8221; css=&#8221;.vc_custom_1545035647236{margin-top: 30px !important;margin-bottom: 10px !important;}&#8221;][vc_column][elx_heading font_container=&#8221;h1&#8243; font_size=&#8221;h1&#8243; text_color=&#8221;electrolux-blue&#8221;]Professionelt udstyr til dit stork\u00f8kken. V\u00e6lg din branche<br \/>\n[\/elx_heading][\/vc_column][\/vc_row][vc_row full_width=&#8221;electroluxpro-full-width&#8221; css=&#8221;.vc_custom_1613567332540{margin-top: 60px !important;border-top-width: 1px !important;padding-top: 32px !important;border-top-color: #dadfe1 !important;border-top-style: solid !important;}&#8221;][vc_column offset=&#8221;vc_hidden-sm vc_hidden-xs&#8221;][vc_empty_space height=&#8221;12px&#8221;][\/vc_column][\/vc_row][vc_row css=&#8221;.vc_custom_1577110600896{margin-top: 32px !important;}&#8221;][vc_column reveal_effect=&#8221;&#8221; width=&#8221;1\/4&#8243;][vc_column_text]<a class=\"button-mini\" style=\"text-decoration: none; color: #ffffff;\" href=\"https:\/\/www.electroluxprofessional.com\/dk\/restaurant\/\">Restaurant<\/a>[\/vc_column_text][vc_column_text]<a class=\"button-mini\" style=\"text-decoration: none; color: #ffffff;\" href=\"https:\/\/www.electroluxprofessional.com\/dk\/institutionskoekken\/\">Institutionsk\u00f8kken<\/a>[\/vc_column_text][\/vc_column][vc_column width=&#8221;1\/4&#8243;][vc_column_text]<a class=\"button-mini\" style=\"text-decoration: none; color: #ffffff;\" href=\"https:\/\/www.electroluxprofessional.com\/dk\/cafe-bar\/\">Cafe &amp; bar<\/a>[\/vc_column_text][vc_column_text]<a class=\"button-mini\" style=\"text-decoration: none; color: #ffffff;\" href=\"https:\/\/www.electroluxprofessional.com\/dk\/faelleskoekken\/\">F\u00e6llesk\u00f8kken<\/a>[\/vc_column_text][\/vc_column][vc_column width=&#8221;1\/4&#8243;][vc_column_text]<a class=\"button-mini\" style=\"text-decoration: none; color: #ffffff;\" href=\"https:\/\/www.electroluxprofessional.com\/dk\/kantine\/\">Kantine<\/a>[\/vc_column_text][vc_column_text]<a class=\"button-mini\" style=\"text-decoration: none; color: #ffffff;\" href=\"https:\/\/www.electroluxprofessional.com\/dk\/detailbranche\/\">Detailbranche<\/a>[\/vc_column_text][\/vc_column][vc_column width=&#8221;1\/4&#8243;][vc_column_text]<a class=\"button-mini\" style=\"text-decoration: none; color: #ffffff;\" href=\"https:\/\/www.electroluxprofessional.com\/dk\/storkoekken-udstyr\/\">Central- og industrik\u00f8kken<\/a>[\/vc_column_text][vc_column_text]<a class=\"button-mini\" style=\"text-decoration: none; color: #ffffff;\" href=\"https:\/\/www.electroluxprofessional.com\/dk\/marine\/\">Marine<\/a>[\/vc_column_text][\/vc_column][\/vc_row][vc_row][vc_column width=&#8221;1\/4&#8243;][vc_empty_space height=&#8221;20px&#8221;][\/vc_column][vc_column reveal_effect=&#8221;&#8221; width=&#8221;1\/2&#8243;][vc_empty_space height=&#8221;36px&#8221;][vc_column_text el_class=&#8221;p-16&#8243;]Lad Electrolux Professional hj\u00e6lpe dig med at indrette dit stork\u00f8kken med professionelt k\u00f8kkenudstyr, som g\u00f8r din madlavning mere effektiv. Uanset om du arbejder i en gourmetrestaurant eller i et centralk\u00f8kken, s\u00e5 f\u00e5r du en l\u00f8sning, som sikrer dig de bedste arbejdsprocesser, god \u00f8konomi og optimal madkvalitet.<\/p>\n<p>Har du sp\u00f8rgsm\u00e5l til Electrolux Professionals\u00a0 k\u00f8kkenudstyr og maskiner \u2013 eller vil du h\u00f8re, hvordan vi kan hj\u00e6lpe med at indrette dit stork\u00f8kken \u2013 s\u00e5 ring til os p\u00e5 <strong>tlf. 8740 3500<\/strong> eller <a href=\"https:\/\/www.electroluxprofessional.com\/dk\/kontakt-koekken\/\">klik her.<\/a>[\/vc_column_text][vc_empty_space height=&#8221;40px&#8221;][\/vc_column][vc_column width=&#8221;1\/4&#8243;][vc_empty_space height=&#8221;20px&#8221;][\/vc_column][\/vc_row][vc_row full_width=&#8221;electroluxpro-full-width-no-padding&#8221; css=&#8221;.vc_custom_1613568598938{margin-top: 32px !important;}&#8221;][vc_column reveal_effect=&#8221;&#8221; offset=&#8221;vc_hidden-sm vc_hidden-xs&#8221;][elx_image_block background_image=&#8221;8414&#8243; minimum_height=&#8221;380px&#8221;][vc_empty_space height=&#8221;64px&#8221;][\/vc_column][\/vc_row][vc_row full_width=&#8221;electroluxpro-full-width-no-padding&#8221;][vc_column reveal_effect=&#8221;&#8221; offset=&#8221;vc_hidden-lg vc_hidden-md&#8221;][vc_single_image image=&#8221;8414&#8243; img_size=&#8221;400&#215;300&#8243; alignment=&#8221;center&#8221;][vc_empty_space height=&#8221;46px&#8221;][\/vc_column][\/vc_row][vc_row el_id=&#8221;indretning&#8221;][vc_column reveal_effect=&#8221;&#8221;][vc_row_inner css=&#8221;.vc_custom_1577110369392{padding-top: 20px !important;background-color: #dadfe1 !important;}&#8221;][vc_column_inner][elx_heading font_container=&#8221;h4&#8243; text_color=&#8221;inherit&#8221; text_align=&#8221;text-center&#8221;]Specifikt k\u00f8kkenudstyr eller totalindretning af dit stork\u00f8kken?[\/elx_heading][vc_column_text el_class=&#8221;p-16&#8243;]<\/p>\n<p style=\"text-align: center;\">Mangler du en kipsteger, eller har du brug for en gennemt\u00e6nkt nyindretning af dit k\u00f8kken? <a href=\"https:\/\/www.electroluxprofessional.com\/dk\/kontakt-koekken\/\"><strong>Kontakt os her <\/strong><\/a>eller p\u00e5 tlf.<strong> 8740 3500.<\/strong><\/p>\n<p>[\/vc_column_text][elx_button button_text=&#8221;Find dit koge-stege udstyr i en af vores tre serier: XP, thermaline og Molteni&#8221; button_display_block=&#8221;display_block_on&#8221; button_alignment=&#8221;align_center&#8221; button_link=&#8221;url:https%3A%2F%2Fwww.electroluxprofessional.com%2Fdk%2Fprofessionelt-koekkenudstyr%2F|||&#8221; css=&#8221;.vc_custom_1581521158647{margin-top: 32px !important;margin-bottom: 32px !important;}&#8221;][\/vc_column_inner][\/vc_row_inner][vc_empty_space height=&#8221;60px&#8221;][\/vc_column][\/vc_row][vc_row full_width=&#8221;electroluxpro-container-no-padding&#8221;][vc_column reveal_effect=&#8221;&#8221; width=&#8221;1\/3&#8243;][elx_navigation_branch tag_title=&#8221;h3&#8243; menu_list=&#8221;13032&#8243; image=&#8221;19026&#8243;][\/vc_column][vc_column reveal_effect=&#8221;&#8221; width=&#8221;1\/3&#8243;][elx_navigation_branch tag_title=&#8221;h3&#8243; menu_list=&#8221;13043&#8243; image=&#8221;25779&#8243;][\/vc_column][vc_column reveal_effect=&#8221;&#8221; width=&#8221;1\/3&#8243;][elx_navigation_branch tag_title=&#8221;h3&#8243; image=&#8221;26798&#8243; menu_list=&#8221;13052&#8243;][\/vc_column][\/vc_row][vc_row full_width=&#8221;electroluxpro-container-no-padding&#8221; css=&#8221;.vc_custom_1697616504737{margin-top: 60px !important;}&#8221;][vc_column reveal_effect=&#8221;&#8221; width=&#8221;1\/3&#8243;][elx_navigation_branch tag_title=&#8221;h3&#8243; image=&#8221;9214&#8243; menu_list=&#8221;13060&#8243;][\/vc_column][vc_column reveal_effect=&#8221;&#8221; width=&#8221;1\/3&#8243;][elx_navigation_branch tag_title=&#8221;h3&#8243; menu_list=&#8221;13066&#8243; image=&#8221;9923&#8243;][\/vc_column][vc_column reveal_effect=&#8221;&#8221; width=&#8221;1\/3&#8243;][elx_navigation_branch title_link=&#8221;title-linkable&#8221; tag_title=&#8221;h3&#8243; menu_list=&#8221;23670&#8243; image=&#8221;15251&#8243;][\/vc_column][\/vc_row][vc_row el_id=&#8221;ajour&#8221;][vc_column css=&#8221;.vc_custom_1613568049464{margin-top: 60px !important;border-top-width: 1px !important;padding-top: 32px !important;border-top-color: #dadfe1 !important;border-top-style: solid !important;}&#8221;][vc_empty_space][\/vc_column][\/vc_row][vc_row css=&#8221;.vc_custom_1582530564577{margin-top: 70px !important;padding-top: 0px !important;}&#8221;][vc_column width=&#8221;1\/3&#8243;][elx_video_block background_image=&#8221;14525&#8243; video_link=&#8221;https:\/\/www.youtube.com\/watch?v=RRN6Tvqfkl8&amp;feature=emb_logo&#8221; minimum_height=&#8221;200px&#8221;][vc_empty_space height=&#8221;20px&#8221;][elx_heading font_container=&#8221;h4&#8243; text_color=&#8221;inherit&#8221; css=&#8221;.vc_custom_1581519806240{padding-top: 12px !important;padding-bottom: 0px !important;}&#8221;]SkyLine Cook &amp; Chill[\/elx_heading][vc_column_text el_class=&#8221;p-16&#8243; css=&#8221;.vc_custom_1581519862224{margin-top: 0px !important;}&#8221;]Med SkyLine industriovn og bl\u00e6stk\u00f8ler tilbereder du maden enkelt og intuitivt. Og du forbedrer b\u00e5de arbejdsgangen og madens kvalitet.<br \/>\n<a href=\"https:\/\/www.electroluxprofessional.com\/dk\/industriovn-skyline-cook-chill\/\">Se dine muligheder<\/a>[\/vc_column_text][vc_row_inner][vc_column_inner offset=&#8221;vc_hidden-lg vc_hidden-md vc_hidden-sm&#8221;][vc_empty_space][\/vc_column_inner][\/vc_row_inner][\/vc_column][vc_column width=&#8221;1\/3&#8243;][elx_video_block background_image=&#8221;8623&#8243; video_link=&#8221;https:\/\/www.youtube.com\/watch?time_continue=6&amp;v=aKQRPw9_TwY&#8221; minimum_height=&#8221;200px&#8221;][vc_empty_space height=&#8221;20px&#8221;][elx_heading font_container=&#8221;h4&#8243; text_color=&#8221;inherit&#8221;]Automatisk pastakoger[\/elx_heading][vc_column_text el_class=&#8221;p-16&#8243;]Smart pastakoger til frisk, t\u00f8rret eller frossen pasta. Kurvene s\u00e6nkes og h\u00e6ves automatisk n\u00e5r pastaen er klar.<br \/>\n<a href=\"https:\/\/www.youtube.com\/watch?time_continue=4&amp;v=aKQRPw9_TwY\">Se video<\/a>[\/vc_column_text][vc_empty_space][\/vc_column][vc_column width=&#8221;1\/3&#8243;][vc_single_image image=&#8221;14782&#8243; img_size=&#8221;400&#215;222&#8243; alignment=&#8221;center&#8221; css=&#8221;.vc_custom_1581521464354{margin-bottom: 32px !important;}&#8221;][elx_heading font_container=&#8221;h4&#8243; text_color=&#8221;inherit&#8221;]Total k\u00f8kkenindretning[\/elx_heading][vc_column_text el_class=&#8221;p-16&#8243;]Electrolux Professional har professionelt k\u00f8kkenudstyr til en hver smag. Du kan v\u00e6lge mellem tre serier: XP, Thermaline og Molteni.<br \/>\n<a href=\"https:\/\/www.electroluxprofessional.com\/dk\/professionelt-koekkenudstyr\/\">Se dine muligheder<\/a>[\/vc_column_text][\/vc_column][\/vc_row][vc_row][vc_column css=&#8221;.vc_custom_1613568049464{margin-top: 60px !important;border-top-width: 1px !important;padding-top: 32px !important;border-top-color: #dadfe1 !important;border-top-style: solid !important;}&#8221;][vc_empty_space][\/vc_column][\/vc_row][vc_row gap=&#8221;35&#8243; css=&#8221;.vc_custom_1577110818340{margin-right: 0px !important;margin-left: 0px !important;padding-top: 0px !important;padding-right: 0px !important;padding-left: 0px !important;}&#8221;][vc_column reveal_effect=&#8221;&#8221; width=&#8221;1\/3&#8243; css=&#8221;.vc_custom_1577111096318{margin-right: 0px !important;border-right-width: 0px !important;padding-right: 15px !important;padding-bottom: 0px !important;padding-left: 20px !important;border-right-color: #ffffff !important;}&#8221;][vc_column_text css=&#8221;.vc_custom_1539762782004{margin-top: 20px !important;margin-right: 10px !important;margin-bottom: 10px !important;margin-left: 10px !important;}&#8221;]<\/p>\n<h4 class=\"widget-title\">Har du brug for hj\u00e6lp?<\/h4>\n<p>[\/vc_column_text][vc_column_text css_animation=&#8221;none&#8221; el_class=&#8221;p-16&#8243; css=&#8221;.vc_custom_1677500272784{margin-right: 10px !important;margin-bottom: 20px !important;margin-left: 10px !important;}&#8221;]F\u00e5 gode r\u00e5d om professionel udstyr til dit stork\u00f8kken. Vi har mange \u00e5rs erfaring b\u00e5de med produkter, udregning og indretning.[\/vc_column_text][elx_button button_text=&#8221;KONTAKT OS&#8221; button_style=&#8221;default&#8221; button_display_block=&#8221;display_block_on&#8221; button_link=&#8221;url:https%3A%2F%2Fwww.electroluxprofessional.com%2Fdk%2Fkontakt-indretning%2F|title:Kontakt||&#8221; css=&#8221;.vc_custom_1613568429603{margin-right: 5px !important;margin-left: 5px !important;padding-right: 100px !important;padding-left: 100px !important;}&#8221;][\/vc_column][vc_column reveal_effect=&#8221;&#8221; width=&#8221;1\/3&#8243; css=&#8221;.vc_custom_1577111086393{margin-left: 0px !important;padding-right: 20px !important;padding-left: 15px !important;}&#8221;][vc_column_text css=&#8221;.vc_custom_1583228058653{margin-top: 20px !important;margin-right: 14px !important;margin-bottom: 10px !important;margin-left: 14px !important;}&#8221;]<\/p>\n<h4 class=\"widget-title\">Hold dig ajour<\/h4>\n<p>[\/vc_column_text][vc_column_text css_animation=&#8221;none&#8221; el_class=&#8221;p-16&#8243; css=&#8221;.vc_custom_1605188156154{margin-right: 14px !important;margin-bottom: 13px !important;margin-left: 14px !important;}&#8221;]F\u00e5 e-mails med nyheder, tilbud, konkurrencer, tips og gode r\u00e5d om professionelle stork\u00f8kkenl\u00f8sninger fra Electrolux Professional.[\/vc_column_text][elx_o2000_mailchimp_form language=&#8221;dk&#8221; listid=&#8221;b89db8ceb5&#8243;][\/vc_column][vc_column reveal_effect=&#8221;&#8221; width=&#8221;1\/3&#8243;][vc_column_text css=&#8221;.vc_custom_1540889851298{margin-top: 20px !important;margin-right: 10px !important;margin-bottom: 10px !important;margin-left: 10px !important;}&#8221;]<\/p>\n<h4>Du er i sikre h\u00e6nder<\/h4>\n<p>[\/vc_column_text][vc_column_text css_animation=&#8221;none&#8221; el_class=&#8221;p-16&#8243; css=&#8221;.vc_custom_1605188170285{margin-right: 10px !important;margin-bottom: 44px !important;margin-left: 10px !important;}&#8221;]Uanset hvilken type stork\u00f8kken du er ansvarlig for, s\u00e5 hj\u00e6lper vi dig med at skabe de bedste rammer for jeres madlavning.[\/vc_column_text][elx_button button_text=&#8221;HVORFOR V\u00c6LGE ELECTROLUX PROFESSIONAL?&#8221; button_style=&#8221;default&#8221; button_display_block=&#8221;display_block_on&#8221; button_link=&#8221;url:https%3A%2F%2Fwww.electroluxprofessional.com%2Fdk%2Fhvorfor-vaelge-electrolux%2F|title:Hvorfor%20Electrolux%20Professional%3F|target:%20_blank|&#8221; css=&#8221;.vc_custom_1613568445172{margin-right: 5px !important;margin-left: 5px !important;}&#8221;][\/vc_column][\/vc_row][vc_row][vc_column][vc_empty_space height=&#8221;64px&#8221;][\/vc_column][\/vc_row]<\/p>\n","protected":false},"excerpt":{"rendered":"<p>[vc_row content_placement=&#8221;top&#8221; css=&#8221;.vc_custom_1545035647236{margin-top: 30px !important;margin-bottom: 10px !important;}&#8221;][vc_column][elx_heading font_container=&#8221;h1&#8243; font_size=&#8221;h1&#8243; text_color=&#8221;electrolux-blue&#8221;]Professionelt udstyr til dit stork\u00f8kken. V\u00e6lg din branche [\/elx_heading][\/vc_column][\/vc_row][vc_row full_width=&#8221;electroluxpro-full-width&#8221; css=&#8221;.vc_custom_1613567332540{margin-top: 60px !important;border-top-width: 1px !important;padding-top: 32px !important;border-top-color: #dadfe1 !important;border-top-style: solid !important;}&#8221;][vc_column offset=&#8221;vc_hidden-sm vc_hidden-xs&#8221;][vc_empty_space height=&#8221;12px&#8221;][\/vc_column][\/vc_row][vc_row css=&#8221;.vc_custom_1577110600896{margin-top: 32px !important;}&#8221;][vc_column reveal_effect=&#8221;&#8221; width=&#8221;1\/4&#8243;][vc_column_text]Restaurant[\/vc_column_text][vc_column_text]Institutionsk\u00f8kken[\/vc_column_text][\/vc_column][vc_column width=&#8221;1\/4&#8243;][vc_column_text]Cafe &amp; bar[\/vc_column_text][vc_column_text]F\u00e6llesk\u00f8kken[\/vc_column_text][\/vc_column][vc_column width=&#8221;1\/4&#8243;][vc_column_text]Kantine[\/vc_column_text][vc_column_text]Detailbranche[\/vc_column_text][\/vc_column][vc_column width=&#8221;1\/4&#8243;][vc_column_text]Central- og industrik\u00f8kken[\/vc_column_text][vc_column_text]Marine[\/vc_column_text][\/vc_column][\/vc_row][vc_row][vc_column width=&#8221;1\/4&#8243;][vc_empty_space height=&#8221;20px&#8221;][\/vc_column][vc_column reveal_effect=&#8221;&#8221; width=&#8221;1\/2&#8243;][vc_empty_space height=&#8221;36px&#8221;][vc_column_text el_class=&#8221;p-16&#8243;]Lad Electrolux Professional hj\u00e6lpe dig [&hellip;]<\/p>\n","protected":false},"author":64,"featured_media":0,"parent":0,"menu_order":0,"comment_status":"closed","ping_status":"closed","template":"","meta":{"footnotes":""},"class_list":["post-9110","page","type-page","status-publish","hentry"],"acf":[],"yoast_head":"<!-- This site is optimized with the Yoast SEO plugin v23.3 - https:\/\/yoast.com\/wordpress\/plugins\/seo\/ -->\n<title>Professionelt udstyr til dit stork\u00f8kken. F\u00e5 hj\u00e6lp til indretningen<\/title>\n<meta name=\"description\" content=\"F\u00e5 professionelt udstyr til dit stork\u00f8kken. Vi sikrer dig de bedste arbejdsprocesser, god \u00f8konomi og optimal madkvalitet.\" \/>\n<meta name=\"robots\" content=\"index, follow, max-snippet:-1, max-image-preview:large, max-video-preview:-1\" \/>\n<link rel=\"canonical\" href=\"https:\/\/www.electroluxprofessional.com\/dk\/storkoekken\/\" \/>\n<meta property=\"og:locale\" content=\"da_DK\" \/>\n<meta property=\"og:type\" content=\"article\" \/>\n<meta property=\"og:title\" content=\"Professionelt udstyr til dit stork\u00f8kken. F\u00e5 hj\u00e6lp til indretningen\" \/>\n<meta property=\"og:description\" content=\"F\u00e5 professionelt udstyr til dit stork\u00f8kken. Vi sikrer dig de bedste arbejdsprocesser, god \u00f8konomi og optimal madkvalitet.\" \/>\n<meta property=\"og:url\" content=\"https:\/\/www.electroluxprofessional.com\/dk\/storkoekken\/\" \/>\n<meta property=\"og:site_name\" content=\"Electrolux Professional Danmark\" \/>\n<meta property=\"article:modified_time\" content=\"2023-10-18T11:47:37+00:00\" \/>\n<meta name=\"twitter:card\" content=\"summary_large_image\" \/>\n<meta name=\"twitter:label1\" content=\"Estimeret l\u00e6setid\" \/>\n\t<meta name=\"twitter:data1\" content=\"4 minutter\" \/>\n<script type=\"application\/ld+json\" class=\"yoast-schema-graph\">{\"@context\":\"https:\/\/schema.org\",\"@graph\":[{\"@type\":\"WebPage\",\"@id\":\"https:\/\/www.electroluxprofessional.com\/dk\/storkoekken\/\",\"url\":\"https:\/\/www.electroluxprofessional.com\/dk\/storkoekken\/\",\"name\":\"Professionelt udstyr til dit stork\u00f8kken. F\u00e5 hj\u00e6lp til indretningen\",\"isPartOf\":{\"@id\":\"https:\/\/www.electroluxprofessional.com\/dk\/#website\"},\"datePublished\":\"2023-10-17T08:29:57+00:00\",\"dateModified\":\"2023-10-18T11:47:37+00:00\",\"description\":\"F\u00e5 professionelt udstyr til dit stork\u00f8kken. Vi sikrer dig de bedste arbejdsprocesser, god \u00f8konomi og optimal madkvalitet.\",\"breadcrumb\":{\"@id\":\"https:\/\/www.electroluxprofessional.com\/dk\/storkoekken\/#breadcrumb\"},\"inLanguage\":\"da-DK\",\"potentialAction\":[{\"@type\":\"ReadAction\",\"target\":[\"https:\/\/www.electroluxprofessional.com\/dk\/storkoekken\/\"]}]},{\"@type\":\"BreadcrumbList\",\"@id\":\"https:\/\/www.electroluxprofessional.com\/dk\/storkoekken\/#breadcrumb\",\"itemListElement\":[{\"@type\":\"ListItem\",\"position\":1,\"name\":\"Home\",\"item\":\"https:\/\/www.electroluxprofessional.com\/dk\/\"},{\"@type\":\"ListItem\",\"position\":2,\"name\":\"Stork\u00f8kken\"}]},{\"@type\":\"WebSite\",\"@id\":\"https:\/\/www.electroluxprofessional.com\/dk\/#website\",\"url\":\"https:\/\/www.electroluxprofessional.com\/dk\/\",\"name\":\"Electrolux Professional Danmark\",\"description\":\"\",\"potentialAction\":[{\"@type\":\"SearchAction\",\"target\":{\"@type\":\"EntryPoint\",\"urlTemplate\":\"https:\/\/www.electroluxprofessional.com\/dk\/?src={search_term_string}\"},\"query-input\":\"required name=search_term_string\"}],\"inLanguage\":\"da-DK\"}]}<\/script>\n<!-- \/ Yoast SEO plugin. -->","yoast_head_json":{"title":"Professionelt udstyr til dit stork\u00f8kken. F\u00e5 hj\u00e6lp til indretningen","description":"F\u00e5 professionelt udstyr til dit stork\u00f8kken. Vi sikrer dig de bedste arbejdsprocesser, god \u00f8konomi og optimal madkvalitet.","robots":{"index":"index","follow":"follow","max-snippet":"max-snippet:-1","max-image-preview":"max-image-preview:large","max-video-preview":"max-video-preview:-1"},"canonical":"https:\/\/www.electroluxprofessional.com\/dk\/storkoekken\/","og_locale":"da_DK","og_type":"article","og_title":"Professionelt udstyr til dit stork\u00f8kken. F\u00e5 hj\u00e6lp til indretningen","og_description":"F\u00e5 professionelt udstyr til dit stork\u00f8kken. Vi sikrer dig de bedste arbejdsprocesser, god \u00f8konomi og optimal madkvalitet.","og_url":"https:\/\/www.electroluxprofessional.com\/dk\/storkoekken\/","og_site_name":"Electrolux Professional Danmark","article_modified_time":"2023-10-18T11:47:37+00:00","twitter_card":"summary_large_image","twitter_misc":{"Estimeret l\u00e6setid":"4 minutter"},"schema":{"@context":"https:\/\/schema.org","@graph":[{"@type":"WebPage","@id":"https:\/\/www.electroluxprofessional.com\/dk\/storkoekken\/","url":"https:\/\/www.electroluxprofessional.com\/dk\/storkoekken\/","name":"Professionelt udstyr til dit stork\u00f8kken. F\u00e5 hj\u00e6lp til indretningen","isPartOf":{"@id":"https:\/\/www.electroluxprofessional.com\/dk\/#website"},"datePublished":"2023-10-17T08:29:57+00:00","dateModified":"2023-10-18T11:47:37+00:00","description":"F\u00e5 professionelt udstyr til dit stork\u00f8kken. Vi sikrer dig de bedste arbejdsprocesser, god \u00f8konomi og optimal madkvalitet.","breadcrumb":{"@id":"https:\/\/www.electroluxprofessional.com\/dk\/storkoekken\/#breadcrumb"},"inLanguage":"da-DK","potentialAction":[{"@type":"ReadAction","target":["https:\/\/www.electroluxprofessional.com\/dk\/storkoekken\/"]}]},{"@type":"BreadcrumbList","@id":"https:\/\/www.electroluxprofessional.com\/dk\/storkoekken\/#breadcrumb","itemListElement":[{"@type":"ListItem","position":1,"name":"Home","item":"https:\/\/www.electroluxprofessional.com\/dk\/"},{"@type":"ListItem","position":2,"name":"Stork\u00f8kken"}]},{"@type":"WebSite","@id":"https:\/\/www.electroluxprofessional.com\/dk\/#website","url":"https:\/\/www.electroluxprofessional.com\/dk\/","name":"Electrolux Professional Danmark","description":"","potentialAction":[{"@type":"SearchAction","target":{"@type":"EntryPoint","urlTemplate":"https:\/\/www.electroluxprofessional.com\/dk\/?src={search_term_string}"},"query-input":"required name=search_term_string"}],"inLanguage":"da-DK"}]}},"_links":{"self":[{"href":"https:\/\/www.electroluxprofessional.com\/dk\/wp-json\/wp\/v2\/pages\/9110"}],"collection":[{"href":"https:\/\/www.electroluxprofessional.com\/dk\/wp-json\/wp\/v2\/pages"}],"about":[{"href":"https:\/\/www.electroluxprofessional.com\/dk\/wp-json\/wp\/v2\/types\/page"}],"author":[{"embeddable":true,"href":"https:\/\/www.electroluxprofessional.com\/dk\/wp-json\/wp\/v2\/users\/64"}],"replies":[{"embeddable":true,"href":"https:\/\/www.electroluxprofessional.com\/dk\/wp-json\/wp\/v2\/comments?post=9110"}],"version-history":[{"count":84,"href":"https:\/\/www.electroluxprofessional.com\/dk\/wp-json\/wp\/v2\/pages\/9110\/revisions"}],"predecessor-version":[{"id":26843,"href":"https:\/\/www.electroluxprofessional.com\/dk\/wp-json\/wp\/v2\/pages\/9110\/revisions\/26843"}],"wp:attachment":[{"href":"https:\/\/www.electroluxprofessional.com\/dk\/wp-json\/wp\/v2\/media?parent=9110"}],"curies":[{"name":"wp","href":"https:\/\/api.w.org\/{rel}","templated":true}]}}