{"id":9103,"date":"2025-09-02T15:15:46","date_gmt":"2025-09-02T15:15:46","guid":{"rendered":"https:\/\/www.electroluxprofessional.com\/dk\/?page_id=9103"},"modified":"2025-09-03T13:50:49","modified_gmt":"2025-09-03T13:50:49","slug":"industrikoekken","status":"publish","type":"page","link":"https:\/\/www.electroluxprofessional.com\/dk\/industrikoekken\/","title":{"rendered":"Professionelt koge-stege udstyr til det varme k\u00f8kken"},"content":{"rendered":"<p>[vc_row full_width=&#8221;electroluxpro-full-width-no-padding&#8221;][vc_column reveal_effect=&#8221;&#8221; offset=&#8221;vc_hidden-sm vc_hidden-xs&#8221;][elx_image_block background_image=&#8221;9100&#8243; minimum_height=&#8221;350px&#8221;][\/vc_column][\/vc_row][vc_row full_width=&#8221;electroluxpro-full-width-no-padding&#8221;][vc_column reveal_effect=&#8221;&#8221; offset=&#8221;vc_hidden-lg vc_hidden-md&#8221;][vc_single_image image=&#8221;9100&#8243; img_size=&#8221;400&#215;200&#8243; alignment=&#8221;center&#8221;][\/vc_column][\/vc_row][vc_row][vc_column][elx_heading font_container=&#8221;h1&#8243; text_color=&#8221;electrolux-blue&#8221;]<\/p>\n<h1>Professionelt koge-stege udstyr til dit industrik\u00f8kken<\/h1>\n<p>[\/elx_heading][\/vc_column][\/vc_row][vc_row css=&#8221;.vc_custom_1583243571289{margin-top: 32px !important;}&#8221;][vc_column offset=&#8221;vc_hidden-lg vc_hidden-md vc_hidden-sm&#8221;][vc_column_text el_class=&#8221;p-16&#8243;]Hos Electrolux professional f\u00e5r du professionelt koge-stege udstyr, der g\u00f8r det nemt at lave god mad i dit industrik\u00f8kken. Du kommer til at arbejde med gennemt\u00e6nkte kvalitetsprodukter, som sikrer dig ensartet varme og praktiske arbejdsprocesser. Om du er ansvarlig for en hel restaurantk\u00e6de, eller du driver en mindre caf\u00e9, spiller ingen rolle for os. Vi vil altid hj\u00e6lpe dig med at skabe de bedste rammer at lave mad i.<\/p>\n<h6>Effektivt at bruge og nemt at reng\u00f8re<\/h6>\n<p>Vi har fokus p\u00e5 at forbedre effektiviteten og reducere spildet i dit industrik\u00f8kken \u2013 og dermed \u00f8ge din rentabilitet. Alt Electrolux Professionals koge-stege udstyr og ovne er nemme at bruge og reng\u00f8re. Faktisk kan de fleste l\u00f8sdele g\u00e5 i opvaskemaskinen.<\/p>\n<h6>F\u00e5 hj\u00e6lp til at v\u00e6lge udstyr til dit industrik\u00f8kken<\/h6>\n<p>Har du brug for r\u00e5d og vejledning til at v\u00e6lge de rigtige produkter, s\u00e5 kontakt vores k\u00f8kkenspecialister. Vi har mange \u00e5rs erfaring med at indrette k\u00f8kkener for restauranter, caf\u00e9er, kantiner, central- og industrik\u00f8kkener.\u00a0<a href=\"https:\/\/www.electroluxprofessional.com\/dk\/kontakt-koekken\/\">Kontakt os her<\/a> eller ring til os p\u00e5 tlf. <strong>8740 3500<\/strong>.[\/vc_column_text][vc_empty_space][elx_button button_text=&#8221;F\u00c5 SVAR P\u00c5 DINE SP\u00d8RGSM\u00c5L \u2013 ELLER F\u00c5 ET TILBUD&#8221; button_display_block=&#8221;display_block_on&#8221; button_link=&#8221;url:https%3A%2F%2Fwww.electroluxprofessional.com%2Fdk%2Fkontakt-koekken-udstyr%2F|title:Kontakt%20%E2%80%93%20professionelt%20k%C3%B8kkenudstyr|target:%20_blank|&#8221;][\/vc_column][\/vc_row][vc_row css=&#8221;.vc_custom_1583243571289{margin-top: 32px !important;}&#8221;][vc_column width=&#8221;2\/3&#8243;][vc_row_inner][vc_column_inner css=&#8221;.vc_custom_1583333207615{margin-left: -15px !important;padding-right: 32px !important;}&#8221; offset=&#8221;vc_hidden-xs&#8221;][vc_column_text el_class=&#8221;p-16&#8243;]Hos Electrolux professional f\u00e5r du professionelt koge-stege udstyr, der g\u00f8r det nemt at lave god mad i dit industrik\u00f8kken. Du kommer til at arbejde med gennemt\u00e6nkte kvalitetsprodukter, som sikrer dig ensartet varme og praktiske arbejdsprocesser. Om du er ansvarlig for en hel restaurantk\u00e6de, eller du driver en mindre caf\u00e9, spiller ingen rolle for os. Vi vil altid hj\u00e6lpe dig med at skabe de bedste rammer at lave mad i.<\/p>\n<h6>Effektivt at bruge og nemt at reng\u00f8re<\/h6>\n<p>Vi har fokus p\u00e5 at forbedre effektiviteten og reducere spildet i dit industrik\u00f8kken \u2013 og dermed \u00f8ge din rentabilitet. Alt Electrolux Professionals koge-stege udstyr og ovne er nemme at bruge og reng\u00f8re. Faktisk kan de fleste l\u00f8sdele g\u00e5 i opvaskemaskinen.<\/p>\n<h6>F\u00e5 hj\u00e6lp til at v\u00e6lge udstyr til dit industrik\u00f8kken<\/h6>\n<p>Har du brug for r\u00e5d og vejledning til at v\u00e6lge de rigtige produkter, s\u00e5 kontakt vores k\u00f8kkenspecialister. Vi har mange \u00e5rs erfaring med at indrette k\u00f8kkener for restauranter, caf\u00e9er, kantiner, central- og industrik\u00f8kkener.\u00a0<a href=\"https:\/\/www.electroluxprofessional.com\/dk\/kontakt-koekken\/\">Kontakt os her<\/a> eller ring til os p\u00e5 tlf. <strong>8740 3500<\/strong>.[\/vc_column_text][vc_empty_space height=&#8221;64px&#8221;][elx_button button_text=&#8221;F\u00c5 SVAR P\u00c5 DINE SP\u00d8RGSM\u00c5L \u2013 ELLER F\u00c5 ET TILBUD&#8221; button_display_block=&#8221;display_block_on&#8221; button_link=&#8221;url:https%3A%2F%2Fwww.electroluxprofessional.com%2Fdk%2Fkontakt-koekken-udstyr%2F|title:Kontakt%20%E2%80%93%20professionelt%20k%C3%B8kkenudstyr|target:%20_blank|&#8221;][\/vc_column_inner][\/vc_row_inner][\/vc_column][vc_column reveal_effect=&#8221;&#8221; width=&#8221;1\/3&#8243; css=&#8221;.vc_custom_1605179114410{padding-bottom: 32px !important;padding-left: 30px !important;background-color: #415464 !important;}&#8221;][vc_empty_space height=&#8221;15px&#8221;][elx_heading font_container=&#8221;h4&#8243; font_size=&#8221;h4&#8243; text_color=&#8221;white&#8221;]Electrolux Professionals udstyr til det varme k\u00f8kken:[\/elx_heading][vc_empty_space height=&#8221;12px&#8221;][vc_column_text css_animation=&#8221;none&#8221; el_class=&#8221;p-16&#8243; css=&#8221;.vc_custom_1756907429266{margin-top: 15px !important;}&#8221;]<strong><a href=\"https:\/\/www.electroluxprofessional.com\/dk\/900xp-700xp-koge-stege\/\">Koge\/stege<\/a><\/strong><\/p>\n<p><strong><a href=\"https:\/\/www.electroluxprofessional.com\/dk\/professionel-grill\/\">Elektrisk HP Powergrill<\/a><\/strong><\/p>\n<p><strong><a href=\"https:\/\/www.electroluxprofessional.com\/dk\/professionelt-koekkendesign\/\">Thermaline \u2013 koge\/stege<\/a><\/strong><\/p>\n<p><strong><a href=\"https:\/\/www.electroluxprofessional.com\/dk\/kipsteger\/\">Kipgryder og -pander<\/a><\/strong><\/p>\n<p><strong><a href=\"https:\/\/www.electroluxprofessional.com\/dk\/industriovn-skyline-cook-chill\/\">SkyLine Cook &amp; Chill ovne<\/a><\/strong><\/p>\n<p><strong><a href=\"https:\/\/www.electroluxprofessional.com\/dk\/konvektionsovne-crosswise\/\">Konvektionsovne<\/a><\/strong><\/p>\n<p><strong><a href=\"https:\/\/www.electroluxprofessional.com\/dk\/speedelight-paninigrill\/\">SpeeDelight paninigrill<\/a><\/strong><\/p>\n<p><strong><a href=\"https:\/\/www.electroluxprofessional.com\/dk\/mobilt-koekken\/\">Libero Line front cooking<\/a><\/strong><\/p>\n<p><strong><a href=\"https:\/\/www.electroluxprofessional.com\/dk\/koekkenventilation\/\">Ventilation\/emh\u00e6tter<\/a><\/strong>[\/vc_column_text][\/vc_column][\/vc_row][vc_row css=&#8221;.vc_custom_1583334136935{margin-top: 32px !important;}&#8221;][vc_column width=&#8221;2\/3&#8243; offset=&#8221;vc_hidden-xs&#8221;][vc_single_image image=&#8221;9713&#8243; img_size=&#8221;750&#215;270&#8243; alignment=&#8221;center&#8221; css=&#8221;.vc_custom_1583246194562{padding-right: 35px !important;}&#8221;][\/vc_column][vc_column reveal_effect=&#8221;&#8221; width=&#8221;1\/3&#8243; css=&#8221;.vc_custom_1583333523088{padding-top: 32px !important;padding-right: 40px !important;padding-bottom: 10px !important;padding-left: 30px !important;}&#8221; offset=&#8221;vc_hidden-xs&#8221;][vc_column_text el_class=&#8221;p-16&#8243; css=&#8221;.vc_custom_1640689415889{margin-top: 32px !important;}&#8221;]<strong><a style=\"color: #415464;\" href=\"https:\/\/www.electroluxprofessional.com\/dk\/storkoekken\">FIND DEN K\u00d8KKENL\u00d8SNING, DER PASSER TIL DIN BRANCHE \u203a<\/a><\/strong>[\/vc_column_text][vc_column_text el_class=&#8221;p-16&#8243; css=&#8221;.vc_custom_1583334245364{margin-top: 32px !important;}&#8221;]<\/p>\n<h6><a style=\"color: #cea941;\" href=\"https:\/\/www.electroluxprofessional.com\/dk\/koel-frys\/\">Se vores store udvalg af effektive og energibesparende k\u00f8le-fryse skabe \u203a<\/a><\/h6>\n<p>[\/vc_column_text][\/vc_column][\/vc_row][vc_row css=&#8221;.vc_custom_1583333572481{margin-top: 32px !important;}&#8221;][vc_column reveal_effect=&#8221;&#8221; offset=&#8221;vc_hidden-lg vc_hidden-md vc_hidden-sm&#8221;][vc_single_image image=&#8221;9713&#8243; img_size=&#8221;750&#215;270&#8243; alignment=&#8221;center&#8221;][vc_empty_space][vc_column_text el_class=&#8221;p-16&#8243;]<strong><a style=\"color: #415464;\" href=\"https:\/\/www.electroluxprofessional.com\/dk\/storkoekken\">FIND DEN K\u00d8KKENL\u00d8SNING, DER PASSER TIL DIN BRANCHE \u203a<\/a><\/strong>[\/vc_column_text][vc_column_text el_class=&#8221;p-16&#8243; css=&#8221;.vc_custom_1583334256426{margin-top: 32px !important;}&#8221;]<\/p>\n<h6><a style=\"color: #cea941;\" href=\"https:\/\/www.electroluxprofessional.com\/dk\/koel-frys\/\">Se vores store udvalg af effektive og energibesparende k\u00f8le-fryse skabe \u203a<\/a><\/h6>\n<p>[\/vc_column_text][\/vc_column][\/vc_row][vc_row full_width=&#8221;electroluxpro-container-no-padding&#8221; css=&#8221;.vc_custom_1583334147640{margin-top: 40px !important;}&#8221;][vc_column reveal_effect=&#8221;&#8221;][vc_row_inner css=&#8221;.vc_custom_1583245140568{padding-top: 20px !important;padding-right: 10px !important;padding-left: 10px !important;background-color: #dadfe1 !important;}&#8221;][vc_column_inner][elx_heading font_container=&#8221;h4&#8243; text_color=&#8221;inherit&#8221; text_align=&#8221;text-center&#8221;]Enkelte produkter eller totalindretning af dit k\u00f8kken?[\/elx_heading][vc_column_text el_class=&#8221;p-16&#8243;]<\/p>\n<p style=\"text-align: center;\">Mangler du en kipsteger, eller har du brug for en gennemt\u00e6nkt nyindretning af dit k\u00f8kken? <a href=\"https:\/\/www.electroluxprofessional.com\/dk\/kontakt-koekken\/\"><strong>Kontakt os her <\/strong><\/a>eller p\u00e5 tlf.<strong> 8740 3500.<\/strong><\/p>\n<p>[\/vc_column_text][elx_button button_text=&#8221;Find dit koge-stege udstyr i en af vores tre serier: XP, thermaline og Molteni&#8221; button_display_block=&#8221;display_block_on&#8221; button_alignment=&#8221;align_center&#8221; button_link=&#8221;url:https%3A%2F%2Fwww.electroluxprofessional.com%2Fdk%2Fprofessionelt-koekkenudstyr%2F|||&#8221; css=&#8221;.vc_custom_1581521158647{margin-top: 32px !important;margin-bottom: 32px !important;}&#8221;][\/vc_column_inner][\/vc_row_inner][vc_empty_space height=&#8221;60px&#8221;][\/vc_column][\/vc_row][vc_row][vc_column][elx_heading font_container=&#8221;h3&#8243; font_size=&#8221;h3&#8243; text_color=&#8221;inherit&#8221; text_align=&#8221;text-center&#8221;]F\u00e5 inspiration til din k\u00f8kkenl\u00f8sning[\/elx_heading][\/vc_column][\/vc_row][vc_row css=&#8221;.vc_custom_1583241093572{margin-top: 32px !important;padding-top: 0px !important;}&#8221;][vc_column width=&#8221;1\/3&#8243;][elx_video_block background_image=&#8221;14525&#8243; video_link=&#8221;https:\/\/www.youtube.com\/watch?v=RRN6Tvqfkl8&amp;feature=emb_logo&#8221; minimum_height=&#8221;205px&#8221;][vc_empty_space height=&#8221;20px&#8221;][elx_heading font_container=&#8221;h4&#8243; text_color=&#8221;inherit&#8221; css=&#8221;.vc_custom_1581519806240{padding-top: 12px !important;padding-bottom: 0px !important;}&#8221;]SkyLine Cook &amp; Chill[\/elx_heading][vc_column_text el_class=&#8221;p-16&#8243; css=&#8221;.vc_custom_1581519862224{margin-top: 0px !important;}&#8221;]Med SkyLine industriovn og bl\u00e6stk\u00f8ler tilbereder du maden enkelt og intuitivt. Og du forbedrer b\u00e5de arbejdsgangen og madens kvalitet.<br \/>\n<a href=\"https:\/\/www.electroluxprofessional.com\/dk\/industriovn-skyline-cook-chill\/\">Se dine muligheder<\/a>[\/vc_column_text][vc_empty_space][\/vc_column][vc_column width=&#8221;1\/3&#8243;][elx_video_block background_image=&#8221;8623&#8243; video_link=&#8221;https:\/\/www.youtube.com\/watch?time_continue=6&amp;v=aKQRPw9_TwY&#8221; minimum_height=&#8221;205px&#8221;][vc_empty_space height=&#8221;20px&#8221;][elx_heading font_container=&#8221;h4&#8243; text_color=&#8221;inherit&#8221;]Automatisk pastakoger[\/elx_heading][vc_column_text el_class=&#8221;p-16&#8243;]Smart pastakoger til frisk, t\u00f8rret eller frossen pasta. Kurvene s\u00e6nkes og h\u00e6ves automatisk n\u00e5r pastaen er klar.<br \/>\n<a href=\"https:\/\/www.youtube.com\/watch?time_continue=4&amp;v=aKQRPw9_TwY\">Se video<\/a>[\/vc_column_text][vc_empty_space][\/vc_column][vc_column width=&#8221;1\/3&#8243;][vc_single_image image=&#8221;8620&#8243; img_size=&#8221;380&#215;218&#8243; alignment=&#8221;center&#8221; css=&#8221;.vc_custom_1583245009514{margin-bottom: 32px !important;}&#8221;][elx_heading font_container=&#8221;h4&#8243; text_color=&#8221;inherit&#8221;]En ren forn\u00f8jelse[\/elx_heading][vc_column_text el_class=&#8221;p-16&#8243;]Med Electrolux\u2019 professionelle opvaskemaskiner er det en ren forn\u00f8jelse af klare opvasken.<br \/>\n<a href=\"https:\/\/www.electroluxprofessional.com\/dk\/industriopvaskemaskine\/\">V\u00e6lg mellem fem typer opvaskemaskiner<\/a>[\/vc_column_text][vc_empty_space][\/vc_column][\/vc_row]<\/p>\n","protected":false},"excerpt":{"rendered":"<p>[vc_row full_width=&#8221;electroluxpro-full-width-no-padding&#8221;][vc_column reveal_effect=&#8221;&#8221; offset=&#8221;vc_hidden-sm vc_hidden-xs&#8221;][elx_image_block background_image=&#8221;9100&#8243; minimum_height=&#8221;350px&#8221;][\/vc_column][\/vc_row][vc_row full_width=&#8221;electroluxpro-full-width-no-padding&#8221;][vc_column reveal_effect=&#8221;&#8221; offset=&#8221;vc_hidden-lg vc_hidden-md&#8221;][vc_single_image image=&#8221;9100&#8243; img_size=&#8221;400&#215;200&#8243; alignment=&#8221;center&#8221;][\/vc_column][\/vc_row][vc_row][vc_column][elx_heading font_container=&#8221;h1&#8243; text_color=&#8221;electrolux-blue&#8221;] Professionelt koge-stege udstyr til dit industrik\u00f8kken [\/elx_heading][\/vc_column][\/vc_row][vc_row css=&#8221;.vc_custom_1583243571289{margin-top: 32px !important;}&#8221;][vc_column offset=&#8221;vc_hidden-lg vc_hidden-md vc_hidden-sm&#8221;][vc_column_text el_class=&#8221;p-16&#8243;]Hos Electrolux professional f\u00e5r du professionelt koge-stege udstyr, der g\u00f8r det nemt at lave god mad i dit industrik\u00f8kken. Du kommer til at arbejde med gennemt\u00e6nkte [&hellip;]<\/p>\n","protected":false},"author":64,"featured_media":0,"parent":0,"menu_order":0,"comment_status":"closed","ping_status":"closed","template":"","meta":{"footnotes":""},"class_list":["post-9103","page","type-page","status-publish","hentry"],"acf":[],"yoast_head":"<!-- This site is optimized with the Yoast SEO plugin v23.3 - https:\/\/yoast.com\/wordpress\/plugins\/seo\/ -->\n<title>Professionelt koge-stege udstyr til industrik\u00f8kken<\/title>\n<meta name=\"description\" content=\"Hos Electrolux f\u00e5r du professionelt koge-stege udstyr, der g\u00f8r det nemt at lave god mad i dit industrik\u00f8kken. V\u00e6lg Electrolux Professional, s\u00e5 arbejder du med gennemt\u00e6nkte kvalitetsprodukter, som sikrer dig ensartet varme og praktiske arbejdsprocesser. Se udvalget her\" \/>\n<meta name=\"robots\" content=\"index, follow, max-snippet:-1, max-image-preview:large, max-video-preview:-1\" \/>\n<link rel=\"canonical\" href=\"https:\/\/www.electroluxprofessional.com\/dk\/industrikoekken\/\" \/>\n<meta property=\"og:locale\" content=\"da_DK\" \/>\n<meta property=\"og:type\" content=\"article\" \/>\n<meta property=\"og:title\" content=\"Professionelt koge-stege udstyr til industrik\u00f8kken\" \/>\n<meta property=\"og:description\" content=\"Hos Electrolux f\u00e5r du professionelt koge-stege udstyr, der g\u00f8r det nemt at lave god mad i dit industrik\u00f8kken. V\u00e6lg Electrolux Professional, s\u00e5 arbejder du med gennemt\u00e6nkte kvalitetsprodukter, som sikrer dig ensartet varme og praktiske arbejdsprocesser. Se udvalget her\" \/>\n<meta property=\"og:url\" content=\"https:\/\/www.electroluxprofessional.com\/dk\/industrikoekken\/\" \/>\n<meta property=\"og:site_name\" content=\"Electrolux Professional Danmark\" \/>\n<meta property=\"article:modified_time\" content=\"2025-09-03T13:50:49+00:00\" \/>\n<meta name=\"twitter:card\" content=\"summary_large_image\" \/>\n<meta name=\"twitter:label1\" content=\"Estimeret l\u00e6setid\" \/>\n\t<meta name=\"twitter:data1\" content=\"4 minutter\" \/>\n<script type=\"application\/ld+json\" class=\"yoast-schema-graph\">{\"@context\":\"https:\/\/schema.org\",\"@graph\":[{\"@type\":\"WebPage\",\"@id\":\"https:\/\/www.electroluxprofessional.com\/dk\/industrikoekken\/\",\"url\":\"https:\/\/www.electroluxprofessional.com\/dk\/industrikoekken\/\",\"name\":\"Professionelt koge-stege udstyr til industrik\u00f8kken\",\"isPartOf\":{\"@id\":\"https:\/\/www.electroluxprofessional.com\/dk\/#website\"},\"datePublished\":\"2025-09-02T15:15:46+00:00\",\"dateModified\":\"2025-09-03T13:50:49+00:00\",\"description\":\"Hos Electrolux f\u00e5r du professionelt koge-stege udstyr, der g\u00f8r det nemt at lave god mad i dit industrik\u00f8kken. V\u00e6lg Electrolux Professional, s\u00e5 arbejder du med gennemt\u00e6nkte kvalitetsprodukter, som sikrer dig ensartet varme og praktiske arbejdsprocesser. Se udvalget her\",\"breadcrumb\":{\"@id\":\"https:\/\/www.electroluxprofessional.com\/dk\/industrikoekken\/#breadcrumb\"},\"inLanguage\":\"da-DK\",\"potentialAction\":[{\"@type\":\"ReadAction\",\"target\":[\"https:\/\/www.electroluxprofessional.com\/dk\/industrikoekken\/\"]}]},{\"@type\":\"BreadcrumbList\",\"@id\":\"https:\/\/www.electroluxprofessional.com\/dk\/industrikoekken\/#breadcrumb\",\"itemListElement\":[{\"@type\":\"ListItem\",\"position\":1,\"name\":\"Home\",\"item\":\"https:\/\/www.electroluxprofessional.com\/dk\/\"},{\"@type\":\"ListItem\",\"position\":2,\"name\":\"Professionelt koge-stege udstyr til det varme k\u00f8kken\"}]},{\"@type\":\"WebSite\",\"@id\":\"https:\/\/www.electroluxprofessional.com\/dk\/#website\",\"url\":\"https:\/\/www.electroluxprofessional.com\/dk\/\",\"name\":\"Electrolux Professional Danmark\",\"description\":\"\",\"potentialAction\":[{\"@type\":\"SearchAction\",\"target\":{\"@type\":\"EntryPoint\",\"urlTemplate\":\"https:\/\/www.electroluxprofessional.com\/dk\/?src={search_term_string}\"},\"query-input\":\"required name=search_term_string\"}],\"inLanguage\":\"da-DK\"}]}<\/script>\n<!-- \/ Yoast SEO plugin. -->","yoast_head_json":{"title":"Professionelt koge-stege udstyr til industrik\u00f8kken","description":"Hos Electrolux f\u00e5r du professionelt koge-stege udstyr, der g\u00f8r det nemt at lave god mad i dit industrik\u00f8kken. V\u00e6lg Electrolux Professional, s\u00e5 arbejder du med gennemt\u00e6nkte kvalitetsprodukter, som sikrer dig ensartet varme og praktiske arbejdsprocesser. Se udvalget her","robots":{"index":"index","follow":"follow","max-snippet":"max-snippet:-1","max-image-preview":"max-image-preview:large","max-video-preview":"max-video-preview:-1"},"canonical":"https:\/\/www.electroluxprofessional.com\/dk\/industrikoekken\/","og_locale":"da_DK","og_type":"article","og_title":"Professionelt koge-stege udstyr til industrik\u00f8kken","og_description":"Hos Electrolux f\u00e5r du professionelt koge-stege udstyr, der g\u00f8r det nemt at lave god mad i dit industrik\u00f8kken. V\u00e6lg Electrolux Professional, s\u00e5 arbejder du med gennemt\u00e6nkte kvalitetsprodukter, som sikrer dig ensartet varme og praktiske arbejdsprocesser. Se udvalget her","og_url":"https:\/\/www.electroluxprofessional.com\/dk\/industrikoekken\/","og_site_name":"Electrolux Professional Danmark","article_modified_time":"2025-09-03T13:50:49+00:00","twitter_card":"summary_large_image","twitter_misc":{"Estimeret l\u00e6setid":"4 minutter"},"schema":{"@context":"https:\/\/schema.org","@graph":[{"@type":"WebPage","@id":"https:\/\/www.electroluxprofessional.com\/dk\/industrikoekken\/","url":"https:\/\/www.electroluxprofessional.com\/dk\/industrikoekken\/","name":"Professionelt koge-stege udstyr til industrik\u00f8kken","isPartOf":{"@id":"https:\/\/www.electroluxprofessional.com\/dk\/#website"},"datePublished":"2025-09-02T15:15:46+00:00","dateModified":"2025-09-03T13:50:49+00:00","description":"Hos Electrolux f\u00e5r du professionelt koge-stege udstyr, der g\u00f8r det nemt at lave god mad i dit industrik\u00f8kken. V\u00e6lg Electrolux Professional, s\u00e5 arbejder du med gennemt\u00e6nkte kvalitetsprodukter, som sikrer dig ensartet varme og praktiske arbejdsprocesser. Se udvalget her","breadcrumb":{"@id":"https:\/\/www.electroluxprofessional.com\/dk\/industrikoekken\/#breadcrumb"},"inLanguage":"da-DK","potentialAction":[{"@type":"ReadAction","target":["https:\/\/www.electroluxprofessional.com\/dk\/industrikoekken\/"]}]},{"@type":"BreadcrumbList","@id":"https:\/\/www.electroluxprofessional.com\/dk\/industrikoekken\/#breadcrumb","itemListElement":[{"@type":"ListItem","position":1,"name":"Home","item":"https:\/\/www.electroluxprofessional.com\/dk\/"},{"@type":"ListItem","position":2,"name":"Professionelt koge-stege udstyr til det varme k\u00f8kken"}]},{"@type":"WebSite","@id":"https:\/\/www.electroluxprofessional.com\/dk\/#website","url":"https:\/\/www.electroluxprofessional.com\/dk\/","name":"Electrolux Professional Danmark","description":"","potentialAction":[{"@type":"SearchAction","target":{"@type":"EntryPoint","urlTemplate":"https:\/\/www.electroluxprofessional.com\/dk\/?src={search_term_string}"},"query-input":"required name=search_term_string"}],"inLanguage":"da-DK"}]}},"_links":{"self":[{"href":"https:\/\/www.electroluxprofessional.com\/dk\/wp-json\/wp\/v2\/pages\/9103"}],"collection":[{"href":"https:\/\/www.electroluxprofessional.com\/dk\/wp-json\/wp\/v2\/pages"}],"about":[{"href":"https:\/\/www.electroluxprofessional.com\/dk\/wp-json\/wp\/v2\/types\/page"}],"author":[{"embeddable":true,"href":"https:\/\/www.electroluxprofessional.com\/dk\/wp-json\/wp\/v2\/users\/64"}],"replies":[{"embeddable":true,"href":"https:\/\/www.electroluxprofessional.com\/dk\/wp-json\/wp\/v2\/comments?post=9103"}],"version-history":[{"count":48,"href":"https:\/\/www.electroluxprofessional.com\/dk\/wp-json\/wp\/v2\/pages\/9103\/revisions"}],"predecessor-version":[{"id":30359,"href":"https:\/\/www.electroluxprofessional.com\/dk\/wp-json\/wp\/v2\/pages\/9103\/revisions\/30359"}],"wp:attachment":[{"href":"https:\/\/www.electroluxprofessional.com\/dk\/wp-json\/wp\/v2\/media?parent=9103"}],"curies":[{"name":"wp","href":"https:\/\/api.w.org\/{rel}","templated":true}]}}