{"id":8758,"date":"2025-08-27T10:09:30","date_gmt":"2025-08-27T10:09:30","guid":{"rendered":"https:\/\/www.electroluxprofessional.com\/dk\/?page_id=8758"},"modified":"2025-08-28T11:13:35","modified_gmt":"2025-08-28T11:13:35","slug":"hvorfor-vaelge-electrolux","status":"publish","type":"page","link":"https:\/\/www.electroluxprofessional.com\/dk\/hvorfor-vaelge-electrolux\/","title":{"rendered":"hvorfor v\u00e6lge Electrolux Professional"},"content":{"rendered":"<p>[vc_row full_width=&#8221;electroluxpro-full-width-no-padding&#8221; content_placement=&#8221;middle&#8221; css=&#8221;.vc_custom_1541067900126{padding-top: 32px !important;background-color: #415464 !important;}&#8221;][vc_column reveal_effect=&#8221;&#8221; css=&#8221;.vc_custom_1541068012663{padding-bottom: 32px !important;}&#8221;][elx_heading font_container=&#8221;h1&#8243; font_size=&#8221;h1&#8243; text_color=&#8221;white&#8221; text_align=&#8221;text-center&#8221; css=&#8221;.vc_custom_1614608559220{margin-bottom: -12px !important;}&#8221;]Hvorfor v\u00e6lge Electrolux Professional til dit k\u00f8kken?[\/elx_heading][\/vc_column][\/vc_row][vc_row][vc_column width=&#8221;1\/6&#8243;][vc_empty_space height=&#8221;20px&#8221;][\/vc_column][vc_column reveal_effect=&#8221;&#8221; width=&#8221;2\/3&#8243; offset=&#8221;vc_hidden-xs&#8221;][vc_empty_space height=&#8221;74px&#8221;][vc_column_text el_class=&#8221;p-16&#8243;]Om du er ansvarlig for en hel restaurantk\u00e6de, eller du driver en mindre caf\u00e9, spiller ingen rolle for Electrolux Professional. Vi vil altid hj\u00e6lpe dig med at skabe de bedste rammer at lave mad i.<\/p>\n<p>Vi har fokus p\u00e5 at forbedre k\u00f8kkenets <strong>effektivitet og reducere spild \u2013 og dermed \u00f8ge din rentabilitet<\/strong><strong>.<\/strong><\/p>\n<h4>Sikre og enkle processer<\/h4>\n<p>Hos Electrolux Professional f\u00e5r du den seneste teknologi, der g\u00f8r komplekse processer mere enkle!<\/p>\n<p>Dine kunder skal kunne spise mad, der er 100% sikker. Og dit personale skal have k\u00f8kkenudstyr og processer, som er nemme og sikre at bruge. Hver eneste dag.[\/vc_column_text][vc_empty_space height=&#8221;12px&#8221;][\/vc_column][vc_column width=&#8221;1\/6&#8243;][vc_empty_space height=&#8221;20px&#8221;][\/vc_column][\/vc_row][vc_row][vc_column offset=&#8221;vc_hidden-lg vc_hidden-md vc_hidden-sm&#8221;][vc_column_text el_class=&#8221;p-16&#8243;]Om du er ansvarlig for en hel restaurantk\u00e6de, eller du driver en mindre caf\u00e9, spiller ingen rolle for Electrolux. Vi vil altid hj\u00e6lpe dig med at skabe de bedste rammer at lave mad i.<\/p>\n<p>Vi har fokus p\u00e5 at forbedre k\u00f8kkenets <strong>effektivitet og reducere spild \u2013 og dermed \u00f8ge din rentabilitet<\/strong><strong>.<\/strong><\/p>\n<h4>Sikre og enkle processer<\/h4>\n<p>Hos Electrolux f\u00e5r du den seneste teknologi, der g\u00f8r komplekse processer mere enkle!<\/p>\n<p>Dine kunder skal kunne spise mad, der er 100% sikker. Og dit personale skal have k\u00f8kkenudstyr og processer, som er nemme og sikre at bruge. Hver eneste dag.[\/vc_column_text][\/vc_column][\/vc_row][vc_row css=&#8221;.vc_custom_1577700946140{margin-top: 30px !important;margin-bottom: 64px !important;}&#8221;][vc_column width=&#8221;1\/6&#8243;][vc_empty_space height=&#8221;2px&#8221;][\/vc_column][vc_column reveal_effect=&#8221;&#8221; width=&#8221;2\/6&#8243;][elx_button button_text=&#8221;H\u00d8R HVAD VI KAN G\u00d8RE FOR DIG&#8221; button_display_block=&#8221;display_block_on&#8221; button_link=&#8221;url:https%3A%2F%2Fwww.electroluxprofessional.com%2Fdk%2Fkontakt-koekken%2F|title:Kontakt%20%E2%80%93%20k%C3%B8kken|target:%20_blank|&#8221; css=&#8221;.vc_custom_1613572928009{padding-right: 17px !important;padding-left: 17px !important;}&#8221;][\/vc_column][vc_column reveal_effect=&#8221;&#8221; width=&#8221;2\/6&#8243;][elx_button button_text=&#8221;TEKNISK SERVICE OG SUPPORT&#8221; button_display_block=&#8221;display_block_on&#8221; button_link=&#8221;url:https%3A%2F%2Fwww.electroluxprofessional.com%2Fdk%2Fforhandlere-service%2F|title:service|target:%20_blank|&#8221;][\/vc_column][vc_column width=&#8221;1\/6&#8243;][vc_empty_space height=&#8221;2px&#8221;][\/vc_column][\/vc_row][vc_row full_width=&#8221;electroluxpro-container-no-padding&#8221;][vc_column reveal_effect=&#8221;&#8221; width=&#8221;1\/4&#8243;][vc_single_image image=&#8221;8426&#8243; img_size=&#8221;full&#8221; alignment=&#8221;center&#8221;][\/vc_column][vc_column reveal_effect=&#8221;&#8221; width=&#8221;1\/4&#8243;][vc_single_image image=&#8221;8427&#8243; img_size=&#8221;full&#8221; alignment=&#8221;center&#8221;][\/vc_column][vc_column reveal_effect=&#8221;&#8221; width=&#8221;1\/4&#8243;][vc_single_image image=&#8221;8424&#8243; img_size=&#8221;full&#8221; alignment=&#8221;center&#8221;][\/vc_column][vc_column reveal_effect=&#8221;&#8221; width=&#8221;1\/4&#8243;][vc_single_image image=&#8221;8425&#8243; img_size=&#8221;full&#8221; alignment=&#8221;center&#8221;][\/vc_column][\/vc_row][vc_row][vc_column reveal_effect=&#8221;&#8221;][vc_empty_space][vc_row_inner css=&#8221;.vc_custom_1577700983180{padding-top: 20px !important;padding-bottom: 30px !important;background-color: #dadfe1 !important;}&#8221;][vc_column_inner][elx_heading font_container=&#8221;h4&#8243; text_color=&#8221;inherit&#8221; text_align=&#8221;text-center&#8221;]Enkelte produkter eller totalindretning af dit k\u00f8kken?[\/elx_heading][vc_column_text el_class=&#8221;p-16&#8243;]<\/p>\n<p style=\"text-align: center;\">Mangler du en kipsteger, eller har du brug for en gennemt\u00e6nkt nyindretning af dit k\u00f8kken? <a href=\"https:\/\/www.electroluxprofessional.com\/dk\/kontakt-koekken\/\"><strong>Kontakt os p\u00e5 tlf. 8740 3500.<\/strong><\/a><\/p>\n<p>[\/vc_column_text][\/vc_column_inner][\/vc_row_inner][vc_empty_space height=&#8221;60px&#8221;][\/vc_column][\/vc_row][vc_row][vc_column][vc_empty_space height=&#8221;64px&#8221;][\/vc_column][\/vc_row]<\/p>\n","protected":false},"excerpt":{"rendered":"<p>[vc_row full_width=&#8221;electroluxpro-full-width-no-padding&#8221; content_placement=&#8221;middle&#8221; css=&#8221;.vc_custom_1541067900126{padding-top: 32px !important;background-color: #415464 !important;}&#8221;][vc_column reveal_effect=&#8221;&#8221; css=&#8221;.vc_custom_1541068012663{padding-bottom: 32px !important;}&#8221;][elx_heading font_container=&#8221;h1&#8243; font_size=&#8221;h1&#8243; text_color=&#8221;white&#8221; text_align=&#8221;text-center&#8221; css=&#8221;.vc_custom_1614608559220{margin-bottom: -12px !important;}&#8221;]Hvorfor v\u00e6lge Electrolux Professional til dit k\u00f8kken?[\/elx_heading][\/vc_column][\/vc_row][vc_row][vc_column width=&#8221;1\/6&#8243;][vc_empty_space height=&#8221;20px&#8221;][\/vc_column][vc_column reveal_effect=&#8221;&#8221; width=&#8221;2\/3&#8243; offset=&#8221;vc_hidden-xs&#8221;][vc_empty_space height=&#8221;74px&#8221;][vc_column_text el_class=&#8221;p-16&#8243;]Om du er ansvarlig for en hel restaurantk\u00e6de, eller du driver en mindre caf\u00e9, spiller ingen rolle for Electrolux Professional. Vi vil altid hj\u00e6lpe [&hellip;]<\/p>\n","protected":false},"author":64,"featured_media":0,"parent":0,"menu_order":0,"comment_status":"closed","ping_status":"closed","template":"","meta":{"footnotes":""},"class_list":["post-8758","page","type-page","status-publish","hentry"],"acf":[],"yoast_head":"<!-- This site is optimized with the Yoast SEO plugin v23.3 - https:\/\/yoast.com\/wordpress\/plugins\/seo\/ -->\n<title>Derfor skal du v\u00e6lge udstyr fra Electrolux Professional<\/title>\n<meta name=\"description\" content=\"Professionelt udstyr til stork\u00f8kkener \u2013 restauranter, caf\u00e9er, institutionsk\u00f8kkener, kantiner og alle steder hvor der laves mad effektiv, hygiejnisk og lige til at spise.\" \/>\n<meta name=\"robots\" content=\"index, follow, max-snippet:-1, max-image-preview:large, max-video-preview:-1\" \/>\n<link rel=\"canonical\" href=\"https:\/\/www.electroluxprofessional.com\/dk\/hvorfor-vaelge-electrolux\/\" \/>\n<meta property=\"og:locale\" content=\"da_DK\" \/>\n<meta property=\"og:type\" content=\"article\" \/>\n<meta property=\"og:title\" content=\"Derfor skal du v\u00e6lge udstyr fra Electrolux Professional\" \/>\n<meta property=\"og:description\" content=\"Professionelt udstyr til stork\u00f8kkener \u2013 restauranter, caf\u00e9er, institutionsk\u00f8kkener, kantiner og alle steder hvor der laves mad effektiv, hygiejnisk og lige til at spise.\" \/>\n<meta property=\"og:url\" content=\"https:\/\/www.electroluxprofessional.com\/dk\/hvorfor-vaelge-electrolux\/\" \/>\n<meta property=\"og:site_name\" content=\"Electrolux Professional Danmark\" \/>\n<meta property=\"article:modified_time\" content=\"2025-08-28T11:13:35+00:00\" \/>\n<meta name=\"twitter:card\" content=\"summary_large_image\" \/>\n<meta name=\"twitter:label1\" content=\"Estimeret l\u00e6setid\" \/>\n\t<meta name=\"twitter:data1\" content=\"3 minutter\" \/>\n<script type=\"application\/ld+json\" class=\"yoast-schema-graph\">{\"@context\":\"https:\/\/schema.org\",\"@graph\":[{\"@type\":\"WebPage\",\"@id\":\"https:\/\/www.electroluxprofessional.com\/dk\/hvorfor-vaelge-electrolux\/\",\"url\":\"https:\/\/www.electroluxprofessional.com\/dk\/hvorfor-vaelge-electrolux\/\",\"name\":\"Derfor skal du v\u00e6lge udstyr fra Electrolux Professional\",\"isPartOf\":{\"@id\":\"https:\/\/www.electroluxprofessional.com\/dk\/#website\"},\"datePublished\":\"2025-08-27T10:09:30+00:00\",\"dateModified\":\"2025-08-28T11:13:35+00:00\",\"description\":\"Professionelt udstyr til stork\u00f8kkener \u2013 restauranter, caf\u00e9er, institutionsk\u00f8kkener, kantiner og alle steder hvor der laves mad effektiv, hygiejnisk og lige til at spise.\",\"breadcrumb\":{\"@id\":\"https:\/\/www.electroluxprofessional.com\/dk\/hvorfor-vaelge-electrolux\/#breadcrumb\"},\"inLanguage\":\"da-DK\",\"potentialAction\":[{\"@type\":\"ReadAction\",\"target\":[\"https:\/\/www.electroluxprofessional.com\/dk\/hvorfor-vaelge-electrolux\/\"]}]},{\"@type\":\"BreadcrumbList\",\"@id\":\"https:\/\/www.electroluxprofessional.com\/dk\/hvorfor-vaelge-electrolux\/#breadcrumb\",\"itemListElement\":[{\"@type\":\"ListItem\",\"position\":1,\"name\":\"Home\",\"item\":\"https:\/\/www.electroluxprofessional.com\/dk\/\"},{\"@type\":\"ListItem\",\"position\":2,\"name\":\"hvorfor v\u00e6lge Electrolux Professional\"}]},{\"@type\":\"WebSite\",\"@id\":\"https:\/\/www.electroluxprofessional.com\/dk\/#website\",\"url\":\"https:\/\/www.electroluxprofessional.com\/dk\/\",\"name\":\"Electrolux Professional Danmark\",\"description\":\"\",\"potentialAction\":[{\"@type\":\"SearchAction\",\"target\":{\"@type\":\"EntryPoint\",\"urlTemplate\":\"https:\/\/www.electroluxprofessional.com\/dk\/?src={search_term_string}\"},\"query-input\":\"required name=search_term_string\"}],\"inLanguage\":\"da-DK\"}]}<\/script>\n<!-- \/ Yoast SEO plugin. -->","yoast_head_json":{"title":"Derfor skal du v\u00e6lge udstyr fra Electrolux Professional","description":"Professionelt udstyr til stork\u00f8kkener \u2013 restauranter, caf\u00e9er, institutionsk\u00f8kkener, kantiner og alle steder hvor der laves mad effektiv, hygiejnisk og lige til at spise.","robots":{"index":"index","follow":"follow","max-snippet":"max-snippet:-1","max-image-preview":"max-image-preview:large","max-video-preview":"max-video-preview:-1"},"canonical":"https:\/\/www.electroluxprofessional.com\/dk\/hvorfor-vaelge-electrolux\/","og_locale":"da_DK","og_type":"article","og_title":"Derfor skal du v\u00e6lge udstyr fra Electrolux Professional","og_description":"Professionelt udstyr til stork\u00f8kkener \u2013 restauranter, caf\u00e9er, institutionsk\u00f8kkener, kantiner og alle steder hvor der laves mad effektiv, hygiejnisk og lige til at spise.","og_url":"https:\/\/www.electroluxprofessional.com\/dk\/hvorfor-vaelge-electrolux\/","og_site_name":"Electrolux Professional Danmark","article_modified_time":"2025-08-28T11:13:35+00:00","twitter_card":"summary_large_image","twitter_misc":{"Estimeret l\u00e6setid":"3 minutter"},"schema":{"@context":"https:\/\/schema.org","@graph":[{"@type":"WebPage","@id":"https:\/\/www.electroluxprofessional.com\/dk\/hvorfor-vaelge-electrolux\/","url":"https:\/\/www.electroluxprofessional.com\/dk\/hvorfor-vaelge-electrolux\/","name":"Derfor skal du v\u00e6lge udstyr fra Electrolux Professional","isPartOf":{"@id":"https:\/\/www.electroluxprofessional.com\/dk\/#website"},"datePublished":"2025-08-27T10:09:30+00:00","dateModified":"2025-08-28T11:13:35+00:00","description":"Professionelt udstyr til stork\u00f8kkener \u2013 restauranter, caf\u00e9er, institutionsk\u00f8kkener, kantiner og alle steder hvor der laves mad effektiv, hygiejnisk og lige til at spise.","breadcrumb":{"@id":"https:\/\/www.electroluxprofessional.com\/dk\/hvorfor-vaelge-electrolux\/#breadcrumb"},"inLanguage":"da-DK","potentialAction":[{"@type":"ReadAction","target":["https:\/\/www.electroluxprofessional.com\/dk\/hvorfor-vaelge-electrolux\/"]}]},{"@type":"BreadcrumbList","@id":"https:\/\/www.electroluxprofessional.com\/dk\/hvorfor-vaelge-electrolux\/#breadcrumb","itemListElement":[{"@type":"ListItem","position":1,"name":"Home","item":"https:\/\/www.electroluxprofessional.com\/dk\/"},{"@type":"ListItem","position":2,"name":"hvorfor v\u00e6lge Electrolux Professional"}]},{"@type":"WebSite","@id":"https:\/\/www.electroluxprofessional.com\/dk\/#website","url":"https:\/\/www.electroluxprofessional.com\/dk\/","name":"Electrolux Professional Danmark","description":"","potentialAction":[{"@type":"SearchAction","target":{"@type":"EntryPoint","urlTemplate":"https:\/\/www.electroluxprofessional.com\/dk\/?src={search_term_string}"},"query-input":"required name=search_term_string"}],"inLanguage":"da-DK"}]}},"_links":{"self":[{"href":"https:\/\/www.electroluxprofessional.com\/dk\/wp-json\/wp\/v2\/pages\/8758"}],"collection":[{"href":"https:\/\/www.electroluxprofessional.com\/dk\/wp-json\/wp\/v2\/pages"}],"about":[{"href":"https:\/\/www.electroluxprofessional.com\/dk\/wp-json\/wp\/v2\/types\/page"}],"author":[{"embeddable":true,"href":"https:\/\/www.electroluxprofessional.com\/dk\/wp-json\/wp\/v2\/users\/64"}],"replies":[{"embeddable":true,"href":"https:\/\/www.electroluxprofessional.com\/dk\/wp-json\/wp\/v2\/comments?post=8758"}],"version-history":[{"count":92,"href":"https:\/\/www.electroluxprofessional.com\/dk\/wp-json\/wp\/v2\/pages\/8758\/revisions"}],"predecessor-version":[{"id":30215,"href":"https:\/\/www.electroluxprofessional.com\/dk\/wp-json\/wp\/v2\/pages\/8758\/revisions\/30215"}],"wp:attachment":[{"href":"https:\/\/www.electroluxprofessional.com\/dk\/wp-json\/wp\/v2\/media?parent=8758"}],"curies":[{"name":"wp","href":"https:\/\/api.w.org\/{rel}","templated":true}]}}