{"id":8602,"date":"2023-06-05T10:19:09","date_gmt":"2023-06-05T10:19:09","guid":{"rendered":"https:\/\/www.electroluxprofessional.com\/dk\/?page_id=8602"},"modified":"2023-06-06T14:25:18","modified_gmt":"2023-06-06T14:25:18","slug":"kontakt-koekken","status":"publish","type":"page","link":"https:\/\/www.electroluxprofessional.com\/dk\/kontakt-koekken\/","title":{"rendered":"Kontakt \u2013 k\u00f8kken"},"content":{"rendered":"<p>[vc_row][vc_column][elx_heading font_container=&#8221;h1&#8243; text_color=&#8221;electrolux-blue&#8221; text_align=&#8221;text-left&#8221; css=&#8221;.vc_custom_1530688583903{margin-top: 50px !important;margin-bottom: 50px !important;}&#8221;]Kontakt[\/elx_heading][vc_row_inner][vc_column_inner offset=&#8221;vc_hidden-xs&#8221;][vc_empty_space height=&#8221;50px&#8221;][\/vc_column_inner][\/vc_row_inner][vc_row_inner][vc_column_inner offset=&#8221;vc_hidden-lg vc_hidden-md vc_hidden-sm&#8221;][vc_empty_space height=&#8221;30px&#8221;][\/vc_column_inner][\/vc_row_inner][\/vc_column][\/vc_row][vc_row][vc_column][vc_empty_space][vc_column_text css=&#8221;.vc_custom_1540476521597{margin-bottom: 30px !important;}&#8221; el_class=&#8221;p-16&#8243;]Har du sp\u00f8rgsm\u00e5l om k\u00f8kkenl\u00f8sninger, har du brug for tilbeh\u00f8r \u2013 eller \u00f8nsker du et tilbud \u2013 s\u00e5 kontakt os:[\/vc_column_text][\/vc_column][\/vc_row][vc_row][vc_column width=&#8221;1\/2&#8243;][vc_row_inner matched_labels=&#8221;&#8221; css=&#8221;.vc_custom_1686061388376{border-top-width: 1px !important;border-right-width: 1px !important;border-bottom-width: 1px !important;border-left-width: 1px !important;padding-top: 20px !important;padding-bottom: 20px !important;border-left-color: #cea941 !important;border-left-style: solid !important;border-right-color: #cea941 !important;border-right-style: solid !important;border-top-color: #cea941 !important;border-top-style: solid !important;border-bottom-color: #cea941 !important;border-bottom-style: solid !important;}&#8221;][vc_column_inner matched_labels=&#8221;&#8221;][elx_heading font_container=&#8221;h4&#8243; text_color=&#8221;electrolux-blue&#8221; text_align=&#8221;text-center&#8221;]Ja tak. Jeg vil gerne h\u00f8re mere![\/elx_heading][vc_empty_space height=&#8221;20px&#8221;][elx_o2000_contact_us s=&#8221;Kontakt mig ang\u00e5ende professionelt k\u00f8kken&#8221; country=&#8221;Denmark&#8221; b=&#8221;food&#8221; text_color=&#8221;#14133B&#8221; r=&#8221;Kontakt mig ang\u00e5ende &#8230;&#8221; l=&#8221;dk&#8221; e=&#8221;steen.rasmussen@electroluxprofessional.com&#8221;][\/vc_column_inner][\/vc_row_inner][\/vc_column][vc_column width=&#8221;1\/2&#8243;][vc_row_inner][vc_column_inner width=&#8221;1\/2&#8243;][vc_empty_space height=&#8221;80px&#8221;][vc_column_text el_class=&#8221;p-14&#8243;]<\/p>\n<h6>Salg:<\/h6>\n<p>Tlf. 87 40 35 00<br \/>\nman-tors kl. 8-16<br \/>\nfre kl. 9-15.30<br \/>\n<a href=\"mailto:storkokken@electrolux.dk\">storkokken@electrolux.dk<\/a><\/p>\n<h6>Service &amp; reservedele, Sj\u00e6lland:<\/h6>\n<p>Tlf. 46 98 38 00<br \/>\nman-tors kl. 8-16<br \/>\nfre kl. 9-14<br \/>\n<a href=\"mailto:kontakt@prostorkoekken.dk\">kontakt@prostorkoekken.dk<\/a><\/p>\n<h6>Service &amp; reservedele, Jylland &amp; Fyn:<\/h6>\n<p>Tlf. 96 34 06 56<br \/>\nman-tors kl. 8-16<br \/>\nfre kl. 9-14<br \/>\n<a href=\"mailto:de@pe-kristensen.dk\">de@pe-kristensen.dk<\/a>[\/vc_column_text][\/vc_column_inner][vc_column_inner width=&#8221;1\/2&#8243;][\/vc_column_inner][\/vc_row_inner][\/vc_column][\/vc_row][vc_row][vc_column][vc_empty_space height=&#8221;60px&#8221;][\/vc_column][\/vc_row]<\/p>\n","protected":false},"excerpt":{"rendered":"<p>[vc_row][vc_column][elx_heading font_container=&#8221;h1&#8243; text_color=&#8221;electrolux-blue&#8221; text_align=&#8221;text-left&#8221; css=&#8221;.vc_custom_1530688583903{margin-top: 50px !important;margin-bottom: 50px !important;}&#8221;]Kontakt[\/elx_heading][vc_row_inner][vc_column_inner offset=&#8221;vc_hidden-xs&#8221;][vc_empty_space height=&#8221;50px&#8221;][\/vc_column_inner][\/vc_row_inner][vc_row_inner][vc_column_inner offset=&#8221;vc_hidden-lg vc_hidden-md vc_hidden-sm&#8221;][vc_empty_space height=&#8221;30px&#8221;][\/vc_column_inner][\/vc_row_inner][\/vc_column][\/vc_row][vc_row][vc_column][vc_empty_space][vc_column_text css=&#8221;.vc_custom_1540476521597{margin-bottom: 30px !important;}&#8221; el_class=&#8221;p-16&#8243;]Har du sp\u00f8rgsm\u00e5l om k\u00f8kkenl\u00f8sninger, har du brug for tilbeh\u00f8r \u2013 eller \u00f8nsker du et tilbud \u2013 s\u00e5 kontakt os:[\/vc_column_text][\/vc_column][\/vc_row][vc_row][vc_column width=&#8221;1\/2&#8243;][vc_row_inner matched_labels=&#8221;&#8221; css=&#8221;.vc_custom_1686061388376{border-top-width: 1px !important;border-right-width: 1px !important;border-bottom-width: 1px !important;border-left-width: 1px !important;padding-top: 20px !important;padding-bottom: 20px !important;border-left-color: #cea941 !important;border-left-style: [&hellip;]<\/p>\n","protected":false},"author":64,"featured_media":0,"parent":0,"menu_order":0,"comment_status":"closed","ping_status":"closed","template":"","meta":{"footnotes":""},"class_list":["post-8602","page","type-page","status-publish","hentry"],"acf":[],"yoast_head":"<!-- This site is optimized with the Yoast SEO plugin v23.3 - https:\/\/yoast.com\/wordpress\/plugins\/seo\/ -->\n<title>Kontakt \u2013 k\u00f8kken - Electrolux Professional Danmark<\/title>\n<meta name=\"description\" content=\"Kontakt os her, hvis du har brug for at h\u00f8re mere om vores professionelle k\u00f8kkenl\u00f8sninger, tilbeh\u00f8r eller \u00f8nsker et tilbud.\" \/>\n<meta name=\"robots\" content=\"index, follow, max-snippet:-1, max-image-preview:large, max-video-preview:-1\" \/>\n<link rel=\"canonical\" href=\"https:\/\/www.electroluxprofessional.com\/dk\/kontakt-koekken\/\" \/>\n<meta property=\"og:locale\" content=\"da_DK\" \/>\n<meta property=\"og:type\" content=\"article\" \/>\n<meta property=\"og:title\" content=\"Kontakt \u2013 k\u00f8kken - Electrolux Professional Danmark\" \/>\n<meta property=\"og:description\" content=\"Kontakt os her, hvis du har brug for at h\u00f8re mere om vores professionelle k\u00f8kkenl\u00f8sninger, tilbeh\u00f8r eller \u00f8nsker et tilbud.\" \/>\n<meta property=\"og:url\" content=\"https:\/\/www.electroluxprofessional.com\/dk\/kontakt-koekken\/\" \/>\n<meta property=\"og:site_name\" content=\"Electrolux Professional Danmark\" \/>\n<meta property=\"article:modified_time\" content=\"2023-06-06T14:25:18+00:00\" \/>\n<meta name=\"twitter:card\" content=\"summary_large_image\" \/>\n<meta name=\"twitter:label1\" content=\"Estimeret l\u00e6setid\" \/>\n\t<meta name=\"twitter:data1\" content=\"2 minutter\" \/>\n<script type=\"application\/ld+json\" class=\"yoast-schema-graph\">{\"@context\":\"https:\/\/schema.org\",\"@graph\":[{\"@type\":\"WebPage\",\"@id\":\"https:\/\/www.electroluxprofessional.com\/dk\/kontakt-koekken\/\",\"url\":\"https:\/\/www.electroluxprofessional.com\/dk\/kontakt-koekken\/\",\"name\":\"Kontakt \u2013 k\u00f8kken - Electrolux Professional Danmark\",\"isPartOf\":{\"@id\":\"https:\/\/www.electroluxprofessional.com\/dk\/#website\"},\"datePublished\":\"2023-06-05T10:19:09+00:00\",\"dateModified\":\"2023-06-06T14:25:18+00:00\",\"description\":\"Kontakt os her, hvis du har brug for at h\u00f8re mere om vores professionelle k\u00f8kkenl\u00f8sninger, tilbeh\u00f8r eller \u00f8nsker et tilbud.\",\"breadcrumb\":{\"@id\":\"https:\/\/www.electroluxprofessional.com\/dk\/kontakt-koekken\/#breadcrumb\"},\"inLanguage\":\"da-DK\",\"potentialAction\":[{\"@type\":\"ReadAction\",\"target\":[\"https:\/\/www.electroluxprofessional.com\/dk\/kontakt-koekken\/\"]}]},{\"@type\":\"BreadcrumbList\",\"@id\":\"https:\/\/www.electroluxprofessional.com\/dk\/kontakt-koekken\/#breadcrumb\",\"itemListElement\":[{\"@type\":\"ListItem\",\"position\":1,\"name\":\"Home\",\"item\":\"https:\/\/www.electroluxprofessional.com\/dk\/\"},{\"@type\":\"ListItem\",\"position\":2,\"name\":\"Kontakt \u2013 k\u00f8kken\"}]},{\"@type\":\"WebSite\",\"@id\":\"https:\/\/www.electroluxprofessional.com\/dk\/#website\",\"url\":\"https:\/\/www.electroluxprofessional.com\/dk\/\",\"name\":\"Electrolux Professional Danmark\",\"description\":\"\",\"potentialAction\":[{\"@type\":\"SearchAction\",\"target\":{\"@type\":\"EntryPoint\",\"urlTemplate\":\"https:\/\/www.electroluxprofessional.com\/dk\/?src={search_term_string}\"},\"query-input\":\"required name=search_term_string\"}],\"inLanguage\":\"da-DK\"}]}<\/script>\n<!-- \/ Yoast SEO plugin. -->","yoast_head_json":{"title":"Kontakt \u2013 k\u00f8kken - Electrolux Professional Danmark","description":"Kontakt os her, hvis du har brug for at h\u00f8re mere om vores professionelle k\u00f8kkenl\u00f8sninger, tilbeh\u00f8r eller \u00f8nsker et tilbud.","robots":{"index":"index","follow":"follow","max-snippet":"max-snippet:-1","max-image-preview":"max-image-preview:large","max-video-preview":"max-video-preview:-1"},"canonical":"https:\/\/www.electroluxprofessional.com\/dk\/kontakt-koekken\/","og_locale":"da_DK","og_type":"article","og_title":"Kontakt \u2013 k\u00f8kken - Electrolux Professional Danmark","og_description":"Kontakt os her, hvis du har brug for at h\u00f8re mere om vores professionelle k\u00f8kkenl\u00f8sninger, tilbeh\u00f8r eller \u00f8nsker et tilbud.","og_url":"https:\/\/www.electroluxprofessional.com\/dk\/kontakt-koekken\/","og_site_name":"Electrolux Professional Danmark","article_modified_time":"2023-06-06T14:25:18+00:00","twitter_card":"summary_large_image","twitter_misc":{"Estimeret l\u00e6setid":"2 minutter"},"schema":{"@context":"https:\/\/schema.org","@graph":[{"@type":"WebPage","@id":"https:\/\/www.electroluxprofessional.com\/dk\/kontakt-koekken\/","url":"https:\/\/www.electroluxprofessional.com\/dk\/kontakt-koekken\/","name":"Kontakt \u2013 k\u00f8kken - Electrolux Professional Danmark","isPartOf":{"@id":"https:\/\/www.electroluxprofessional.com\/dk\/#website"},"datePublished":"2023-06-05T10:19:09+00:00","dateModified":"2023-06-06T14:25:18+00:00","description":"Kontakt os her, hvis du har brug for at h\u00f8re mere om vores professionelle k\u00f8kkenl\u00f8sninger, tilbeh\u00f8r eller \u00f8nsker et tilbud.","breadcrumb":{"@id":"https:\/\/www.electroluxprofessional.com\/dk\/kontakt-koekken\/#breadcrumb"},"inLanguage":"da-DK","potentialAction":[{"@type":"ReadAction","target":["https:\/\/www.electroluxprofessional.com\/dk\/kontakt-koekken\/"]}]},{"@type":"BreadcrumbList","@id":"https:\/\/www.electroluxprofessional.com\/dk\/kontakt-koekken\/#breadcrumb","itemListElement":[{"@type":"ListItem","position":1,"name":"Home","item":"https:\/\/www.electroluxprofessional.com\/dk\/"},{"@type":"ListItem","position":2,"name":"Kontakt \u2013 k\u00f8kken"}]},{"@type":"WebSite","@id":"https:\/\/www.electroluxprofessional.com\/dk\/#website","url":"https:\/\/www.electroluxprofessional.com\/dk\/","name":"Electrolux Professional Danmark","description":"","potentialAction":[{"@type":"SearchAction","target":{"@type":"EntryPoint","urlTemplate":"https:\/\/www.electroluxprofessional.com\/dk\/?src={search_term_string}"},"query-input":"required name=search_term_string"}],"inLanguage":"da-DK"}]}},"_links":{"self":[{"href":"https:\/\/www.electroluxprofessional.com\/dk\/wp-json\/wp\/v2\/pages\/8602"}],"collection":[{"href":"https:\/\/www.electroluxprofessional.com\/dk\/wp-json\/wp\/v2\/pages"}],"about":[{"href":"https:\/\/www.electroluxprofessional.com\/dk\/wp-json\/wp\/v2\/types\/page"}],"author":[{"embeddable":true,"href":"https:\/\/www.electroluxprofessional.com\/dk\/wp-json\/wp\/v2\/users\/64"}],"replies":[{"embeddable":true,"href":"https:\/\/www.electroluxprofessional.com\/dk\/wp-json\/wp\/v2\/comments?post=8602"}],"version-history":[{"count":16,"href":"https:\/\/www.electroluxprofessional.com\/dk\/wp-json\/wp\/v2\/pages\/8602\/revisions"}],"predecessor-version":[{"id":26034,"href":"https:\/\/www.electroluxprofessional.com\/dk\/wp-json\/wp\/v2\/pages\/8602\/revisions\/26034"}],"wp:attachment":[{"href":"https:\/\/www.electroluxprofessional.com\/dk\/wp-json\/wp\/v2\/media?parent=8602"}],"curies":[{"name":"wp","href":"https:\/\/api.w.org\/{rel}","templated":true}]}}