{"id":7983,"date":"2021-12-28T13:20:43","date_gmt":"2021-12-28T13:20:43","guid":{"rendered":"https:\/\/www.electroluxprofessional.com\/dk\/?page_id=7983"},"modified":"2022-05-17T13:28:40","modified_gmt":"2022-05-17T13:28:40","slug":"line6000-tumbler-vordingborg","status":"publish","type":"page","link":"https:\/\/www.electroluxprofessional.com\/dk\/line6000-tumbler-vordingborg\/","title":{"rendered":"CASE: Line 6000, Bente i Vordingborg"},"content":{"rendered":"<p>[vc_row css=&#8221;.vc_custom_1640768732723{padding-top: 40px !important;background-color: #dadfe1 !important;}&#8221;][vc_column][vc_column_text el_class=&#8221;p-16&#8243;]Vaskeri har f\u00e5et to nye Line 6000 varmepumpe tumblere:[\/vc_column_text][elx_heading font_container=&#8221;h1&#8243; text_color=&#8221;electrolux-blue&#8221; text_align=&#8221;text-left&#8221; css=&#8221;.vc_custom_1537448578457{margin-top: 50px !important;margin-bottom: 50px !important;}&#8221;]\u201dNu nyder vi bare stilheden i vaskeriet.\u201d[\/elx_heading][vc_row_inner][vc_column_inner offset=&#8221;vc_hidden-xs&#8221;][vc_empty_space height=&#8221;50px&#8221;][\/vc_column_inner][\/vc_row_inner][vc_row_inner][vc_column_inner offset=&#8221;vc_hidden-lg vc_hidden-md vc_hidden-sm&#8221;][vc_empty_space height=&#8221;30px&#8221;][\/vc_column_inner][\/vc_row_inner][\/vc_column][\/vc_row][vc_row][vc_column offset=&#8221;vc_hidden-xs&#8221;][vc_empty_space height=&#8221;20px&#8221;][\/vc_column][\/vc_row][vc_row gap=&#8221;30&#8243;][vc_column width=&#8221;2\/3&#8243; css=&#8221;.vc_custom_1537451442604{padding-left: 10px !important;}&#8221; offset=&#8221;vc_hidden-sm vc_hidden-xs&#8221;][vc_empty_space height=&#8221;40px&#8221; css=&#8221;.vc_custom_1528788421033{margin-right: 20px !important;}&#8221;][vc_column_text css=&#8221;.vc_custom_1582018721418{margin-bottom: 10px !important;}&#8221; el_class=&#8221;p-16&#8243;]\u2013 Jeg er s\u00e5 forelsket i den maskine. Den siger n\u00e6sten ingen lyd. Det er en hel anden verden at g\u00e5 i. Man kan pludselig t\u00e6nke. S\u00e5 vi nyder bare stilheden her i mit vaskeri, lyder det begejstret fra Bente Rasmussen, som har drevet vaskeriet Privat Vask i Vordingborg i 13 \u00e5r.<\/p>\n<p>Hver m\u00e5ned vasker og t\u00f8rrer Bente og hendes datter Jeanette 2 tons vasket\u00f8j, som firmaets chauff\u00f8r henter p\u00e5 kommunens plejecentre, brandstationer og virksomheder i omr\u00e5det. I Bentes vaskeri st\u00e5r fire vaskemaskiner og fire tumblere. To af tumblerne er de splinternye <a href=\"https:\/\/www.electroluxprofessional.com\/dk\/varmepumpe-toerretumbler\/\">Line 6000 varmepumpe tumblere<\/a> fra Electrolux Professional.<\/p>\n<h4>Bl\u00f8dt og l\u00e6kkert vasket\u00f8j<\/h4>\n<p>Men det er ikke kun stilheden Bente Rasmussen gl\u00e6der sig over ved de nye varmepumpet\u00f8rretumblere. Hun har aldrig f\u00f8r oplevet, at t\u00f8jet er s\u00e5 bl\u00f8dt og l\u00e6kkert, n\u00e5r det kommer ud af maskinen.<\/p>\n<p>\u2013 T\u00f8jet f\u00f8les ikke s\u00e5 stift. Selv strikt\u00f8jer og nederdele er super l\u00e6kre, n\u00e5r vi tager t\u00f8jet ud af tumbleren. Ogs\u00e5 s\u00e5dan noget som bomuldstrusser \u2013 de kan normalt godt g\u00f8re nogle narrestreger. Men i de her tumblere er det hele rigtig p\u00e6nt og nemt at l\u00e6gge sammen, forklarer hun.[\/vc_column_text][vc_empty_space height=&#8221;22px&#8221; el_id=&#8221;bente_video&#8221;][vc_column_text css=&#8221;.vc_custom_1537784347599{margin-bottom: 10px !important;}&#8221; el_class=&#8221;p-16&#8243;]<\/p>\n<h6>H\u00f8r hvad Bente Rasmussen siger om de nye Line 6000 tumblere<\/h6>\n<p>[\/vc_column_text][elx_video_block background_image=&#8221;8073&#8243; video_link=&#8221;https:\/\/www.youtube.com\/watch?v=lgxNlXNf1RA&#8221; minimum_height=&#8221;350px&#8221;][vc_empty_space][vc_column_text el_class=&#8221;p-16&#8243;]<\/p>\n<h4>Specialprogrammer til dyner, k\u00f8ledragter, klude mm.<\/h4>\n<p>Privat Vask benytter sig i h\u00f8j grad ogs\u00e5 af de forskellige specialprogrammer p\u00e5 den nye intelligente varmepumpe tumbler. Hver anden mandag bliver maskinerne i det lokale vaskeri for eksempel fyldt med k\u00f8ledragter og kitler fra cateringfirmaet Kokken &amp; Jomfruen i Slagelse. Og n\u00e5r Sydsj\u00e6llands brandstationer har v\u00e6ret ude og slukke en brand, bliver brandm\u00e6ndenes branddragter vasket og t\u00f8rret hos Privat Vask. Det samme g\u00e6lder dyner og hovedpuder fra en r\u00e6kke af kommunens \u00e6ldrecentre.<\/p>\n<p>\u2013 Den her varmepumpe tumbler er suver\u00e6n til dyner. Vi beh\u00f8ver ikke en gang at l\u00e6gge bolde ind til dynerne. Tumbleren s\u00f8rger for, at der kommer mere luft ind i dem. Den er det bedste produkt, Electrolux har lavet. Det er simpelthen en genial t\u00f8rretumbler, fastsl\u00e5r Bente Rasmussen.[\/vc_column_text][vc_column_text css_animation=&#8221;fadeInDown&#8221; el_class=&#8221;p-16&#8243; css=&#8221;.vc_custom_1528787368099{margin-top: 0px !important;}&#8221;]<\/p>\n<p><center>Har du sp\u00f8rgsm\u00e5l \u2013 eller \u00f8nsker du et tilbud?<br \/>\n<strong><a href=\"http:\/\/e-vaskebjoernen.dk\/kontakt\/\">Kontakt Electrolux Professional her,<\/a> <\/strong>eller ring til os p\u00e5 63 76 22 20.<\/center>[\/vc_column_text][\/vc_column][vc_column width=&#8221;1\/3&#8243; css=&#8221;.vc_custom_1537451433348{margin-left: 10px !important;padding-right: 10px !important;padding-left: 10px !important;}&#8221; offset=&#8221;vc_hidden-sm vc_hidden-xs&#8221;][vc_empty_space][vc_single_image image=&#8221;8075&#8243; img_size=&#8221;full&#8221;][vc_column_text el_class=&#8221;p-14&#8243; css=&#8221;.vc_custom_1537451703179{padding-top: 10px !important;padding-right: 30px !important;padding-bottom: 30px !important;padding-left: 30px !important;background-color: #009abf !important;}&#8221;]<\/p>\n<h6>Privat Vask i Vordingborg<\/h6>\n<p>Bente Rasmussen ejer og driver det 200 m2 store vaskeri p\u00e5 14. \u00e5r.<\/p>\n<p>Der vaskes og t\u00f8rres 2 tons t\u00f8j om m\u00e5neden i fire vaskemaskiner og fire t\u00f8rretumblere \u2013 alle fra Electrolux Professional.<\/p>\n<p>To af tumblerne er de helt nye intelligente Line 6000 modeller med varmepumpe: En til 7 kg og en til 20 kg t\u00f8j.<\/p>\n<p>Privat Vask henter og bringer vasket\u00f8jet til kunderne.<\/p>\n<p>Privat Vask vasker og t\u00f8rrer t\u00f8j, dyner, arbejdst\u00f8j og klude m.m. for en r\u00e6kke \u00e6ldrecentre og virksomheder. Branddragter med sundhedsfarligt st\u00f8v vaskes i vandopl\u00f8selige geleposer.[\/vc_column_text][vc_empty_space height=&#8221;52px&#8221;][vc_single_image image=&#8221;7875&#8243; img_size=&#8221;full&#8221; onclick=&#8221;custom_link&#8221; css=&#8221;.vc_custom_1550485862003{padding-right: 40px !important;padding-left: 32px !important;}&#8221; link=&#8221;https:\/\/www.electroluxprofessional.com\/dk\/varmepumpe-toerretumbler\/&#8221;][vc_empty_space height=&#8221;20px&#8221;][vc_column_text el_class=&#8221;p-14&#8243; css=&#8221;.vc_custom_1537784770856{padding-left: 40px !important;}&#8221;]Nye Line 6000 varmepumpe tumblere f\u00e5s i st\u00f8rrelserne 7, 14 og 20kg[\/vc_column_text][\/vc_column][\/vc_row][vc_row gap=&#8221;30&#8243; css=&#8221;.vc_custom_1537451343324{padding-right: 20px !important;padding-left: 20px !important;}&#8221;][vc_column css=&#8221;.vc_custom_1537451362420{padding-left: 10px !important;}&#8221; offset=&#8221;vc_hidden-lg vc_hidden-md&#8221;][vc_empty_space height=&#8221;40px&#8221; css=&#8221;.vc_custom_1528788421033{margin-right: 20px !important;}&#8221;][vc_column_text css=&#8221;.vc_custom_1582018771953{margin-bottom: 10px !important;padding-right: 10px !important;padding-left: 10px !important;}&#8221; el_class=&#8221;p-16&#8243;]\u2013 Jeg er s\u00e5 forelsket i den maskine. Den siger n\u00e6sten ingen lyd. Det er en hel anden verden at g\u00e5 i. Man kan pludselig t\u00e6nke. S\u00e5 vi nyder bare stilheden her p\u00e5 vaskeriet, lyder det begejstret fra Bente Rasmussen, som har drevet vaskeriet Privat Vask i Vordingborg i 13 \u00e5r.<\/p>\n<p>Hver m\u00e5ned vasker og t\u00f8rrer Bente og hendes datter Jeanette 2 tons vasket\u00f8j, som firmaets chauff\u00f8r henter p\u00e5 kommunens plejecentre, brandstationer og virksomheder i omr\u00e5det. I vaskeriet st\u00e5r fire vaskemaskiner og fire tumblere. To af tumblerne er de splinternye <a href=\"https:\/\/www.electroluxprofessional.com\/dk\/varmepumpe-toerretumbler\/\">Line 6000 varmepumpe tumblere<\/a> fra Electrolux Professional.<\/p>\n<h4>Bl\u00f8dt og l\u00e6kkert vasket\u00f8j<\/h4>\n<p>Men det er ikke kun stilheden Bente Rasmussen gl\u00e6der sig over ved de nye varmepumpet\u00f8rretumblere. Hun har aldrig f\u00f8r oplevet, at t\u00f8jet er s\u00e5 bl\u00f8dt og l\u00e6kkert, n\u00e5r det kommer ud af maskinen.<\/p>\n<p>\u2013 T\u00f8jet f\u00f8les ikke s\u00e5 stift. Selv strikt\u00f8jer og nederdele er super l\u00e6kre, n\u00e5r vi tager t\u00f8jet ud af tumbleren. Ogs\u00e5 s\u00e5dan noget som bomuldstrusser \u2013 de kan normalt godt g\u00f8re nogle narrestreger. Men i de her tumblere er det hele rigtig p\u00e6nt og nemt at l\u00e6gge sammen, forklarer hun.[\/vc_column_text][vc_empty_space height=&#8221;22px&#8221;][vc_column_text css=&#8221;.vc_custom_1537451483583{margin-bottom: 10px !important;padding-right: 10px !important;padding-left: 10px !important;}&#8221; el_class=&#8221;p-16&#8243;]<\/p>\n<h6>H\u00f8r Bente Rasmussen fort\u00e6lle om nye Line 6000 t\u00f8rretumblere<\/h6>\n<p>[\/vc_column_text][elx_video_block background_image=&#8221;8073&#8243; video_link=&#8221;https:\/\/www.youtube.com\/watch?v=lgxNlXNf1RA&amp;feature=youtu.be&#8221; minimum_height=&#8221;350px&#8221;][vc_empty_space][vc_column_text el_class=&#8221;p-16&#8243; css=&#8221;.vc_custom_1582018834712{padding-right: 10px !important;padding-left: 10px !important;}&#8221;]<\/p>\n<h4>Specialprogrammer til dyner, k\u00f8ledragter, klude mm.<\/h4>\n<p>Privat Vask benytter sig i h\u00f8j grad ogs\u00e5 af de forskellige specialprogrammer p\u00e5 den nye intelligente varmepumpe tumbler. Hver anden mandag bliver vaskeriets maskiner for eksempel fyldt med k\u00f8ledragter og kitler fra cateringfirmaet Kokken &amp; Jomfruen i Slagelse. Og n\u00e5r Sydsj\u00e6llands brandstationer har v\u00e6ret ude og slukke en brand, bliver brandm\u00e6ndenes branddragter vasket og t\u00f8rret hos Privat Vask. Det samme g\u00e6lder dyner og hovedpuder fra en r\u00e6kke af kommunens \u00e6ldrecentre.<\/p>\n<p>\u2013 Den her varmepumpe tumbler er suver\u00e6n til dyner. Vi beh\u00f8ver ikke en gang at l\u00e6gge bolde ind til dynerne. Tumbleren s\u00f8rger for, at der kommer mere luft ind i dem. Den er det bedste produkt, Electrolux har lavet. Det er simpelthen en genial t\u00f8rretumbler, fastsl\u00e5r Bente Rasmussen.[\/vc_column_text][vc_single_image image=&#8221;7875&#8243; img_size=&#8221;full&#8221; onclick=&#8221;custom_link&#8221; css=&#8221;.vc_custom_1550485900770{padding-right: 42px !important;padding-left: 42px !important;}&#8221; link=&#8221;https:\/\/www.electroluxprofessional.com\/dk\/varmepumpe-toerretumbler\/&#8221;][vc_empty_space height=&#8221;12px&#8221;][vc_column_text el_class=&#8221;p-14&#8243; css=&#8221;.vc_custom_1582018955106{margin-left: 20px !important;}&#8221;]Nye <a href=\"https:\/\/www.electroluxprofessional.com\/dk\/varmepumpe-toerretumbler\/\">Line 6000 varmepumpe tumblere<\/a> f\u00e5s i st\u00f8rrelserne 7, 14 og 20kg[\/vc_column_text][vc_single_image image=&#8221;8075&#8243; img_size=&#8221;full&#8221;][vc_column_text el_class=&#8221;p-14&#8243; css=&#8221;.vc_custom_1537451720286{padding-top: 10px !important;padding-right: 30px !important;padding-bottom: 30px !important;padding-left: 30px !important;background-color: #009abf !important;}&#8221;]<\/p>\n<h6>Privat Vask i Vordingborg<\/h6>\n<p>Bente Rasmussen ejer og driver det 200 m2 store vaskeri p\u00e5 14. \u00e5r.<\/p>\n<p>Der vaskes og t\u00f8rres 2 tons t\u00f8j om m\u00e5neden i fire vaskemaskiner og fire t\u00f8rretumblere \u2013 alle fra Electrolux Professional.<\/p>\n<p>To af tumblerne er de helt nye intelligente Line 6000 modeller med varmepumpe: En til 7 kg og en til 20 kg t\u00f8j.<\/p>\n<p>Privat Vask henter og bringer vasket\u00f8jet til kunderne.<\/p>\n<p>Privat Vask vasker og t\u00f8rrer t\u00f8j, dyner, arbejdst\u00f8j og klude m.m. for en r\u00e6kke \u00e6ldrecentre og virksomheder. Branddragter med sundhedsfarligt st\u00f8v vaskes i vandopl\u00f8selige geleposer.[\/vc_column_text][vc_column_text css_animation=&#8221;fadeInDown&#8221; el_class=&#8221;p-16&#8243; css=&#8221;.vc_custom_1550485823745{margin-top: 0px !important;padding-right: 10px !important;padding-left: 10px !important;}&#8221;]<\/p>\n<p><center>Har du sp\u00f8rgsm\u00e5l \u2013 eller \u00f8nsker du et tilbud? <strong><a href=\"http:\/\/e-vaskebjoernen.dk\/kontakt\/\">Kontakt Electrolux Professional her,<\/a> <\/strong>eller ring til os p\u00e5 63 76 22 20.<\/center>[\/vc_column_text][vc_empty_space][\/vc_column][\/vc_row][vc_row][vc_column width=&#8221;1\/2&#8243; offset=&#8221;vc_hidden-lg vc_hidden-md vc_hidden-sm&#8221; css=&#8221;.vc_custom_1528791149004{margin-top: -20px !important;margin-bottom: -20px !important;}&#8221;][vc_single_image image=&#8221;6155&#8243; img_size=&#8221;full&#8221;][\/vc_column][vc_column width=&#8221;1\/2&#8243; offset=&#8221;vc_hidden-lg vc_hidden-md vc_hidden-sm&#8221; css=&#8221;.vc_custom_1528791163890{margin-top: -20px !important;margin-bottom: -20px !important;}&#8221;][vc_empty_space][vc_column_text]<a style=\"font-size: 16px;\" href=\"https:\/\/www.electroluxprofessional.com\/dk\/driftsbesparelser\/regneeksempel\/\">Tr\u00e6nger jeres vaskerimaskiner til udskiftning? Se regneeksempel \u203a<\/a>[\/vc_column_text][\/vc_column][\/vc_row][vc_row matched_labels=&#8221;&#8221; css=&#8221;.vc_custom_1652794064106{margin-top: 60px !important;background-color: #041e41 !important;}&#8221;][vc_column width=&#8221;1\/2&#8243; offset=&#8221;vc_hidden-xs&#8221;][vc_single_image image=&#8221;6155&#8243; img_size=&#8221;full&#8221;][\/vc_column][vc_column width=&#8221;1\/2&#8243; offset=&#8221;vc_hidden-xs&#8221;][vc_row_inner][vc_column_inner width=&#8221;2\/3&#8243;][vc_empty_space height=&#8221;70px&#8221;][vc_column_text css=&#8221;.vc_custom_1583488924269{padding-left: 20px !important;}&#8221;]<a style=\"font-size: 21px;\" href=\"https:\/\/www.electroluxprofessional.com\/dk\/driftsbesparelser\/regneeksempel\/\">Tr\u00e6nger jeres vaskerimaskiner til udskiftning?<br \/>\nSe regneeksempel \u203a<\/a>[\/vc_column_text][\/vc_column_inner][vc_column_inner width=&#8221;1\/3&#8243;][vc_single_image image=&#8221;6327&#8243; img_size=&#8221;full&#8221;][\/vc_column_inner][\/vc_row_inner][\/vc_column][\/vc_row][vc_row][vc_column][vc_empty_space height=&#8221;60px&#8221;][\/vc_column][\/vc_row]<\/p>\n","protected":false},"excerpt":{"rendered":"<p>[vc_row css=&#8221;.vc_custom_1640768732723{padding-top: 40px !important;background-color: #dadfe1 !important;}&#8221;][vc_column][vc_column_text el_class=&#8221;p-16&#8243;]Vaskeri har f\u00e5et to nye Line 6000 varmepumpe tumblere:[\/vc_column_text][elx_heading font_container=&#8221;h1&#8243; text_color=&#8221;electrolux-blue&#8221; text_align=&#8221;text-left&#8221; css=&#8221;.vc_custom_1537448578457{margin-top: 50px !important;margin-bottom: 50px !important;}&#8221;]\u201dNu nyder vi bare stilheden i vaskeriet.\u201d[\/elx_heading][vc_row_inner][vc_column_inner offset=&#8221;vc_hidden-xs&#8221;][vc_empty_space height=&#8221;50px&#8221;][\/vc_column_inner][\/vc_row_inner][vc_row_inner][vc_column_inner offset=&#8221;vc_hidden-lg vc_hidden-md vc_hidden-sm&#8221;][vc_empty_space height=&#8221;30px&#8221;][\/vc_column_inner][\/vc_row_inner][\/vc_column][\/vc_row][vc_row][vc_column offset=&#8221;vc_hidden-xs&#8221;][vc_empty_space height=&#8221;20px&#8221;][\/vc_column][\/vc_row][vc_row gap=&#8221;30&#8243;][vc_column width=&#8221;2\/3&#8243; css=&#8221;.vc_custom_1537451442604{padding-left: 10px !important;}&#8221; offset=&#8221;vc_hidden-sm vc_hidden-xs&#8221;][vc_empty_space height=&#8221;40px&#8221; css=&#8221;.vc_custom_1528788421033{margin-right: 20px !important;}&#8221;][vc_column_text css=&#8221;.vc_custom_1582018721418{margin-bottom: 10px !important;}&#8221; el_class=&#8221;p-16&#8243;]\u2013 Jeg er s\u00e5 [&hellip;]<\/p>\n","protected":false},"author":64,"featured_media":0,"parent":0,"menu_order":0,"comment_status":"closed","ping_status":"closed","template":"","meta":{"footnotes":""},"class_list":["post-7983","page","type-page","status-publish","hentry"],"acf":[],"yoast_head":"<!-- This site is optimized with the Yoast SEO plugin v23.3 - https:\/\/yoast.com\/wordpress\/plugins\/seo\/ -->\n<title>Vaskeri nyder stilheden med 2 nye varmepumpe tumblere fra Electrolux<\/title>\n<meta name=\"description\" content=\"Vaskeri i Vordingborg vasker og t\u00f8rrer hver m\u00e5ned 2 tons vasket\u00f8j for virksomheder og institutioner i lokalomr\u00e5det. Se video, hvor indehaveren forklarer, hvorfor hun har valgt nye Line 6000 varmepumpe tumblere fra Electrolux Professional.\" \/>\n<meta name=\"robots\" content=\"index, follow, max-snippet:-1, max-image-preview:large, max-video-preview:-1\" \/>\n<link rel=\"canonical\" href=\"https:\/\/www.electroluxprofessional.com\/dk\/line6000-tumbler-vordingborg\/\" \/>\n<meta property=\"og:locale\" content=\"da_DK\" \/>\n<meta property=\"og:type\" content=\"article\" \/>\n<meta property=\"og:title\" content=\"Vaskeri nyder stilheden med 2 nye varmepumpe tumblere fra Electrolux\" \/>\n<meta property=\"og:description\" content=\"Vaskeri i Vordingborg vasker og t\u00f8rrer hver m\u00e5ned 2 tons vasket\u00f8j for virksomheder og institutioner i lokalomr\u00e5det. Se video, hvor indehaveren forklarer, hvorfor hun har valgt nye Line 6000 varmepumpe tumblere fra Electrolux Professional.\" \/>\n<meta property=\"og:url\" content=\"https:\/\/www.electroluxprofessional.com\/dk\/line6000-tumbler-vordingborg\/\" \/>\n<meta property=\"og:site_name\" content=\"Electrolux Professional Danmark\" \/>\n<meta property=\"article:modified_time\" content=\"2022-05-17T13:28:40+00:00\" \/>\n<meta name=\"twitter:card\" content=\"summary_large_image\" \/>\n<meta name=\"twitter:label1\" content=\"Estimeret l\u00e6setid\" \/>\n\t<meta name=\"twitter:data1\" content=\"9 minutter\" \/>\n<script type=\"application\/ld+json\" class=\"yoast-schema-graph\">{\"@context\":\"https:\/\/schema.org\",\"@graph\":[{\"@type\":\"WebPage\",\"@id\":\"https:\/\/www.electroluxprofessional.com\/dk\/line6000-tumbler-vordingborg\/\",\"url\":\"https:\/\/www.electroluxprofessional.com\/dk\/line6000-tumbler-vordingborg\/\",\"name\":\"Vaskeri nyder stilheden med 2 nye varmepumpe tumblere fra Electrolux\",\"isPartOf\":{\"@id\":\"https:\/\/www.electroluxprofessional.com\/dk\/#website\"},\"datePublished\":\"2021-12-28T13:20:43+00:00\",\"dateModified\":\"2022-05-17T13:28:40+00:00\",\"description\":\"Vaskeri i Vordingborg vasker og t\u00f8rrer hver m\u00e5ned 2 tons vasket\u00f8j for virksomheder og institutioner i lokalomr\u00e5det. Se video, hvor indehaveren forklarer, hvorfor hun har valgt nye Line 6000 varmepumpe tumblere fra Electrolux Professional.\",\"breadcrumb\":{\"@id\":\"https:\/\/www.electroluxprofessional.com\/dk\/line6000-tumbler-vordingborg\/#breadcrumb\"},\"inLanguage\":\"da-DK\",\"potentialAction\":[{\"@type\":\"ReadAction\",\"target\":[\"https:\/\/www.electroluxprofessional.com\/dk\/line6000-tumbler-vordingborg\/\"]}]},{\"@type\":\"BreadcrumbList\",\"@id\":\"https:\/\/www.electroluxprofessional.com\/dk\/line6000-tumbler-vordingborg\/#breadcrumb\",\"itemListElement\":[{\"@type\":\"ListItem\",\"position\":1,\"name\":\"Home\",\"item\":\"https:\/\/www.electroluxprofessional.com\/dk\/\"},{\"@type\":\"ListItem\",\"position\":2,\"name\":\"CASE: Line 6000, Bente i Vordingborg\"}]},{\"@type\":\"WebSite\",\"@id\":\"https:\/\/www.electroluxprofessional.com\/dk\/#website\",\"url\":\"https:\/\/www.electroluxprofessional.com\/dk\/\",\"name\":\"Electrolux Professional Danmark\",\"description\":\"\",\"potentialAction\":[{\"@type\":\"SearchAction\",\"target\":{\"@type\":\"EntryPoint\",\"urlTemplate\":\"https:\/\/www.electroluxprofessional.com\/dk\/?src={search_term_string}\"},\"query-input\":\"required name=search_term_string\"}],\"inLanguage\":\"da-DK\"}]}<\/script>\n<!-- \/ Yoast SEO plugin. -->","yoast_head_json":{"title":"Vaskeri nyder stilheden med 2 nye varmepumpe tumblere fra Electrolux","description":"Vaskeri i Vordingborg vasker og t\u00f8rrer hver m\u00e5ned 2 tons vasket\u00f8j for virksomheder og institutioner i lokalomr\u00e5det. Se video, hvor indehaveren forklarer, hvorfor hun har valgt nye Line 6000 varmepumpe tumblere fra Electrolux Professional.","robots":{"index":"index","follow":"follow","max-snippet":"max-snippet:-1","max-image-preview":"max-image-preview:large","max-video-preview":"max-video-preview:-1"},"canonical":"https:\/\/www.electroluxprofessional.com\/dk\/line6000-tumbler-vordingborg\/","og_locale":"da_DK","og_type":"article","og_title":"Vaskeri nyder stilheden med 2 nye varmepumpe tumblere fra Electrolux","og_description":"Vaskeri i Vordingborg vasker og t\u00f8rrer hver m\u00e5ned 2 tons vasket\u00f8j for virksomheder og institutioner i lokalomr\u00e5det. Se video, hvor indehaveren forklarer, hvorfor hun har valgt nye Line 6000 varmepumpe tumblere fra Electrolux Professional.","og_url":"https:\/\/www.electroluxprofessional.com\/dk\/line6000-tumbler-vordingborg\/","og_site_name":"Electrolux Professional Danmark","article_modified_time":"2022-05-17T13:28:40+00:00","twitter_card":"summary_large_image","twitter_misc":{"Estimeret l\u00e6setid":"9 minutter"},"schema":{"@context":"https:\/\/schema.org","@graph":[{"@type":"WebPage","@id":"https:\/\/www.electroluxprofessional.com\/dk\/line6000-tumbler-vordingborg\/","url":"https:\/\/www.electroluxprofessional.com\/dk\/line6000-tumbler-vordingborg\/","name":"Vaskeri nyder stilheden med 2 nye varmepumpe tumblere fra Electrolux","isPartOf":{"@id":"https:\/\/www.electroluxprofessional.com\/dk\/#website"},"datePublished":"2021-12-28T13:20:43+00:00","dateModified":"2022-05-17T13:28:40+00:00","description":"Vaskeri i Vordingborg vasker og t\u00f8rrer hver m\u00e5ned 2 tons vasket\u00f8j for virksomheder og institutioner i lokalomr\u00e5det. Se video, hvor indehaveren forklarer, hvorfor hun har valgt nye Line 6000 varmepumpe tumblere fra Electrolux Professional.","breadcrumb":{"@id":"https:\/\/www.electroluxprofessional.com\/dk\/line6000-tumbler-vordingborg\/#breadcrumb"},"inLanguage":"da-DK","potentialAction":[{"@type":"ReadAction","target":["https:\/\/www.electroluxprofessional.com\/dk\/line6000-tumbler-vordingborg\/"]}]},{"@type":"BreadcrumbList","@id":"https:\/\/www.electroluxprofessional.com\/dk\/line6000-tumbler-vordingborg\/#breadcrumb","itemListElement":[{"@type":"ListItem","position":1,"name":"Home","item":"https:\/\/www.electroluxprofessional.com\/dk\/"},{"@type":"ListItem","position":2,"name":"CASE: Line 6000, Bente i Vordingborg"}]},{"@type":"WebSite","@id":"https:\/\/www.electroluxprofessional.com\/dk\/#website","url":"https:\/\/www.electroluxprofessional.com\/dk\/","name":"Electrolux Professional Danmark","description":"","potentialAction":[{"@type":"SearchAction","target":{"@type":"EntryPoint","urlTemplate":"https:\/\/www.electroluxprofessional.com\/dk\/?src={search_term_string}"},"query-input":"required name=search_term_string"}],"inLanguage":"da-DK"}]}},"_links":{"self":[{"href":"https:\/\/www.electroluxprofessional.com\/dk\/wp-json\/wp\/v2\/pages\/7983"}],"collection":[{"href":"https:\/\/www.electroluxprofessional.com\/dk\/wp-json\/wp\/v2\/pages"}],"about":[{"href":"https:\/\/www.electroluxprofessional.com\/dk\/wp-json\/wp\/v2\/types\/page"}],"author":[{"embeddable":true,"href":"https:\/\/www.electroluxprofessional.com\/dk\/wp-json\/wp\/v2\/users\/64"}],"replies":[{"embeddable":true,"href":"https:\/\/www.electroluxprofessional.com\/dk\/wp-json\/wp\/v2\/comments?post=7983"}],"version-history":[{"count":34,"href":"https:\/\/www.electroluxprofessional.com\/dk\/wp-json\/wp\/v2\/pages\/7983\/revisions"}],"predecessor-version":[{"id":16103,"href":"https:\/\/www.electroluxprofessional.com\/dk\/wp-json\/wp\/v2\/pages\/7983\/revisions\/16103"}],"wp:attachment":[{"href":"https:\/\/www.electroluxprofessional.com\/dk\/wp-json\/wp\/v2\/media?parent=7983"}],"curies":[{"name":"wp","href":"https:\/\/api.w.org\/{rel}","templated":true}]}}