{"id":7470,"date":"2025-08-13T13:39:48","date_gmt":"2025-08-13T13:39:48","guid":{"rendered":"https:\/\/www.electroluxprofessional.com\/dk\/?page_id=7470"},"modified":"2025-11-05T18:12:55","modified_gmt":"2025-11-05T18:12:55","slug":"finish-udstyr","status":"publish","type":"page","link":"https:\/\/www.electroluxprofessional.com\/dk\/finish-udstyr\/","title":{"rendered":"Finishudstyr"},"content":{"rendered":"<p>[vc_row full_width=&#8221;electroluxpro-full-width-no-padding&#8221;][vc_column][elx_hero_slider label_text_color=&#8221;inherit&#8221; images=&#8221;3664&#8243;][elx_heading font_container=&#8221;h1&#8243; font_size=&#8221;h2&#8243; text_color=&#8221;inherit&#8221;]Finish-udstyr[\/elx_heading][vc_column_text css=&#8221;.vc_custom_1533561671913{margin-bottom: -5px !important;}&#8221;]<span style=\"font-size: 21px;\">Fra h\u00f8jt automatiserede finishing-pressere til enkle elopvarmede strygeborde<\/span>[\/vc_column_text][\/elx_hero_slider][\/vc_column][\/vc_row][vc_row css=&#8221;.vc_custom_1582117814176{margin-top: 50px !important;}&#8221;][vc_column][vc_empty_space][elx_heading font_size=&#8221;h3&#8243; text_color=&#8221;inherit&#8221;]Finish-udstyr i h\u00f8jeste kvalitet[\/elx_heading][vc_empty_space][vc_column_text el_class=&#8221;p-16&#8243;]<strong>Electrolux Professional har et komplet sortiment af finish-udstyr fra brugervenlige, h\u00f8jt automatiserede finishing-pressere til enkle elopvarmede strygeborde til sm\u00e5 eller store produktionsm\u00e6ngder, afh\u00e6ngigt af behov.<\/strong>[\/vc_column_text][\/vc_column][\/vc_row][vc_row css=&#8221;.vc_custom_1582118542072{margin-top: 50px !important;}&#8221;][vc_column width=&#8221;7\/12&#8243;][vc_column_text el_class=&#8221;p-16&#8243;]Vores finish-udstyr \u00f8ger dit vaskeris produktivitet, samtidig med at du opn\u00e5r en finish af h\u00f8jeste kvalitet \u2013 tekstil efter tekstil.[\/vc_column_text][vc_empty_space height=&#8221;64px&#8221;][vc_empty_space height=&#8221;64px&#8221;][vc_column_text el_class=&#8221;p-16&#8243;]<\/p>\n<h4>Den perfekte finish-l\u00f8sning til skjorter<\/h4>\n<p>Vores l\u00f8sning kan bl.a. indeholde strygebord, skjortefinisher og krave- og manchetpresse.[\/vc_column_text][vc_empty_space height=&#8221;64px&#8221;][elx_o2000_contact_us country=&#8221;Denmark&#8221; b=&#8221;laundry&#8221; compact_view=&#8221;1&#8243; thanks=&#8221;Tak for din interesse! Vi kontakter dig snarest.&#8221; button_mode=&#8221;true&#8221; postion_button=&#8221;text-left&#8221; postion_button_mobile=&#8221;text-left-mobile&#8221; r=&#8221;H\u00f8r mere om finish-l\u00f8sning til skjorter&#8221; side_banner_title=&#8221;H\u00f8r mere om finish-l\u00f8sning til skjorter&#8221; text_btn_contact=&#8221;H\u00d8R MERE OM FINISH-L\u00d8SNING TIL SKJORTER&#8221;][\/vc_column][vc_column width=&#8221;5\/12&#8243; css=&#8221;.vc_custom_1582118382933{padding-right: 20px !important;padding-left: 20px !important;}&#8221;][vc_single_image image=&#8221;3661&#8243; img_size=&#8221;full&#8221;][\/vc_column][\/vc_row][vc_row css=&#8221;.vc_custom_1582119207688{margin-top: -50px !important;}&#8221;][vc_column width=&#8221;7\/12&#8243;][vc_empty_space height=&#8221;100px&#8221;][vc_empty_space height=&#8221;64px&#8221;][vc_column_text el_class=&#8221;p-16&#8243;]<\/p>\n<h4>Bukse folder<\/h4>\n<p>Electrolux Professionals systemer til f\u00e6rdigbehandling af bukser giver operat\u00f8ren optimal sikkerhed. Udstyret er desuden nemt at bruge, s\u00e5 operat\u00f8ren kan behandle store m\u00e6ngder f\u00e6rdigt t\u00f8j.<\/p>\n<p>[\/vc_column_text][vc_empty_space height=&#8221;64px&#8221;][elx_o2000_contact_us country=&#8221;Denmark&#8221; b=&#8221;laundry&#8221; compact_view=&#8221;1&#8243; thanks=&#8221;Tak for din interesse! Vi kontakter dig snarest.&#8221; button_mode=&#8221;true&#8221; postion_button=&#8221;text-left&#8221; postion_button_mobile=&#8221;text-left-mobile&#8221; r=&#8221;H\u00f8r mere om finish-l\u00f8sning til bukser&#8221; side_banner_title=&#8221;H\u00f8r mere om finish-l\u00f8sning til bukser&#8221; text_btn_contact=&#8221;H\u00d8R MERE OM FINISH-L\u00d8SNING TIL BUKSER&#8221;][\/vc_column][vc_column width=&#8221;5\/12&#8243;][vc_single_image image=&#8221;3662&#8243; img_size=&#8221;full&#8221;][\/vc_column][\/vc_row][vc_row][vc_column width=&#8221;7\/12&#8243;][vc_empty_space height=&#8221;64px&#8221;][vc_empty_space height=&#8221;64px&#8221;][vc_column_text el_class=&#8221;p-16&#8243;]<\/p>\n<h4>Frakker og jakker<\/h4>\n<p>Electrolux Professionals multifinisher er s\u00e5 effektiv, at \u00e9n operat\u00f8r kan behandle op til 40 jakker i timen. En brugervenlig mikroprocessor gemmer op til ni programmer og styrer alle funktioner.[\/vc_column_text][vc_empty_space height=&#8221;64px&#8221;][elx_o2000_contact_us country=&#8221;Denmark&#8221; b=&#8221;laundry&#8221; compact_view=&#8221;1&#8243; thanks=&#8221;Tak for din interesse! Vi kontakter dig snarest.&#8221; button_mode=&#8221;true&#8221; postion_button=&#8221;text-left&#8221; postion_button_mobile=&#8221;text-left-mobile&#8221; r=&#8221;H\u00f8r mere om finish-l\u00f8sning til frakker og jakker&#8221; side_banner_title=&#8221;H\u00f8r mere om finish-l\u00f8sning til frakker og jakker&#8221; text_btn_contact=&#8221;H\u00d8R MERE OM FINISH-L\u00d8SNING TIL FRAKKER OG JAKKER&#8221;][\/vc_column][vc_column width=&#8221;5\/12&#8243;][vc_single_image image=&#8221;3663&#8243; img_size=&#8221;full&#8221;][\/vc_column][\/vc_row][vc_row][vc_column reveal_effect=&#8221;&#8221; css=&#8221;.vc_custom_1619426616524{margin-top: 40px !important;border-top-width: 1px !important;border-top-color: #dadfe1 !important;border-top-style: solid !important;}&#8221;][vc_empty_space height=&#8221;50px&#8221;][vc_row_inner][vc_column_inner][elx_heading font_container=&#8221;h3&#8243; font_size=&#8221;h3&#8243; text_color=&#8221;inherit&#8221; text_align=&#8221;text-left&#8221; css=&#8221;.vc_custom_1582034608817{margin-bottom: 40px !important;}&#8221;]Du er m\u00e5ske ogs\u00e5 interesseret i:[\/elx_heading][\/vc_column_inner][\/vc_row_inner][\/vc_column][\/vc_row][vc_row matched_labels=&#8221;&#8221; css=&#8221;.vc_custom_1755166723411{margin-top: 60px !important;margin-bottom: 40px !important;}&#8221;][vc_column width=&#8221;2\/3&#8243;][vc_row_inner][vc_column_inner width=&#8221;1\/2&#8243;][vc_single_image image=&#8221;916&#8243; img_size=&#8221;360&#215;210&#8243; alignment=&#8221;center&#8221; css=&#8221;.vc_custom_1582032396150{margin-bottom: 32px !important;}&#8221;][elx_heading font_container=&#8221;h4&#8243; text_color=&#8221;inherit&#8221; css=&#8221;.vc_custom_1582032437390{padding-top: 12px !important;padding-bottom: 0px !important;}&#8221;]Effektive vaskemaskiner med optimal ergonomi[\/elx_heading][vc_column_text el_class=&#8221;p-16&#8243; css=&#8221;.vc_custom_1582032534164{margin-top: 0px !important;}&#8221;]Sidebetjente vaskemaskiner med kapacitet til at opfylde selv de mest kr\u00e6vende behov.<br \/>\n<a href=\"https:\/\/www.electroluxprofessional.com\/dk\/sidebetjente-vaskemaskiner\/\">Se vores brede sortiment<\/a>[\/vc_column_text][vc_empty_space][\/vc_column_inner][vc_column_inner width=&#8221;1\/2&#8243;][vc_single_image image=&#8221;3580&#8243; img_size=&#8221;360&#215;210&#8243; alignment=&#8221;center&#8221; css=&#8221;.vc_custom_1582032634651{margin-bottom: 32px !important;}&#8221;][elx_heading font_container=&#8221;h4&#8243; text_color=&#8221;inherit&#8221;]Pr\u00e6cis dosering med automatik[\/elx_heading][vc_column_text el_class=&#8221;p-16&#8243;]Undg\u00e5 overdosering med vores Efficient Dosing System.<br \/>\n<a href=\"https:\/\/www.electroluxprofessional.com\/dk\/automatisk-saebedosering\/\">Se mere om hvordan<\/a>[\/vc_column_text][vc_empty_space][\/vc_column_inner][\/vc_row_inner][vc_row_inner][vc_column_inner offset=&#8221;vc_hidden-xs&#8221;][vc_empty_space height=&#8221;52px&#8221;][\/vc_column_inner][\/vc_row_inner][vc_row_inner][vc_column_inner width=&#8221;1\/2&#8243;][vc_single_image image=&#8221;7943&#8243; img_size=&#8221;360&#215;210&#8243; alignment=&#8221;center&#8221; css=&#8221;.vc_custom_1582033011347{margin-bottom: 32px !important;}&#8221;][elx_heading font_container=&#8221;h4&#8243; text_color=&#8221;inherit&#8221; css=&#8221;.vc_custom_1582033046489{padding-top: 12px !important;padding-bottom: 0px !important;}&#8221;]Bedste t\u00f8rreresultater med laveste forbrug[\/elx_heading][vc_column_text el_class=&#8221;p-16&#8243; css=&#8221;.vc_custom_1755163162100{margin-top: 0px !important;}&#8221;]Her kan du finde en industri t\u00f8rretumbler, der matcher dine krav og behov. Du kan v\u00e6lge tumbler med aftr\u00e6k, kondens eller varmepumpe.<br \/>\n<a href=\"https:\/\/www.electroluxprofessional.com\/dk\/varmepumpe-tumblere\/\">L\u00e6s mere om Line 6000 varmepumpetumblere<\/a>[\/vc_column_text][vc_empty_space][\/vc_column_inner][vc_column_inner width=&#8221;1\/2&#8243;][vc_single_image image=&#8221;12642&#8243; img_size=&#8221;360&#215;210&#8243; alignment=&#8221;center&#8221; css=&#8221;.vc_custom_1582119595849{margin-bottom: 32px !important;}&#8221;][elx_heading font_container=&#8221;h4&#8243; text_color=&#8221;inherit&#8221;]myPRO dampstrygerulle til det lille behov[\/elx_heading][vc_column_text el_class=&#8221;p-16&#8243;]Til mindre hoteller, B&amp;B og andre, som ikke beh\u00f8ver en stor industril\u00f8sning.<br \/>\n<a href=\"https:\/\/www.electroluxprofessional.com\/dk\/mypro-vask-toer-strygeruller\/\">Er en myPRO dampstrygerulle noget for dig?<\/a>[\/vc_column_text][vc_empty_space][\/vc_column_inner][\/vc_row_inner][\/vc_column][vc_column width=&#8221;1\/3&#8243;][vc_row_inner css=&#8221;.vc_custom_1582032136166{border-top-width: 1px !important;border-right-width: 1px !important;border-bottom-width: 1px !important;border-left-width: 1px !important;padding-top: 10px !important;padding-right: 10px !important;padding-bottom: 15px !important;padding-left: 10px !important;border-left-color: #dadfe1 !important;border-left-style: solid !important;border-right-color: #dadfe1 !important;border-right-style: solid !important;border-top-color: #dadfe1 !important;border-top-style: solid !important;border-bottom-color: #dadfe1 !important;border-bottom-style: solid !important;}&#8221;][vc_column_inner][elx_heading font_container=&#8221;h4&#8243; text_color=&#8221;inherit&#8221;]F\u00e5 et tilbud p\u00e5 vaskemaskiner, der passer til dit behov[\/elx_heading][vc_empty_space height=&#8221;25px&#8221;][elx_o2000_contact_us s=&#8221;Information om finishudstyr&#8221; country=&#8221;Denmark&#8221; b=&#8221;laundry&#8221; button_mode=&#8221;true&#8221; postion_button=&#8221;text-left&#8221; postion_button_mobile=&#8221;text-left-mobile&#8221; r=&#8221;Jeg vil vide mere om finishudstyr. Venligst kontakt mig.&#8221; l=&#8221;dk&#8221; e=&#8221;steen.rasmussen@electroluxprofessional.com&#8221; text_btn_contact=&#8221;Kontakt os for tilbud&#8221;][\/vc_column_inner][\/vc_row_inner][\/vc_column][\/vc_row]<\/p>\n","protected":false},"excerpt":{"rendered":"<p>[vc_row full_width=&#8221;electroluxpro-full-width-no-padding&#8221;][vc_column][elx_hero_slider label_text_color=&#8221;inherit&#8221; images=&#8221;3664&#8243;][elx_heading font_container=&#8221;h1&#8243; font_size=&#8221;h2&#8243; text_color=&#8221;inherit&#8221;]Finish-udstyr[\/elx_heading][vc_column_text css=&#8221;.vc_custom_1533561671913{margin-bottom: -5px !important;}&#8221;]Fra h\u00f8jt automatiserede finishing-pressere til enkle elopvarmede strygeborde[\/vc_column_text][\/elx_hero_slider][\/vc_column][\/vc_row][vc_row css=&#8221;.vc_custom_1582117814176{margin-top: 50px !important;}&#8221;][vc_column][vc_empty_space][elx_heading font_size=&#8221;h3&#8243; text_color=&#8221;inherit&#8221;]Finish-udstyr i h\u00f8jeste kvalitet[\/elx_heading][vc_empty_space][vc_column_text el_class=&#8221;p-16&#8243;]Electrolux Professional har et komplet sortiment af finish-udstyr fra brugervenlige, h\u00f8jt automatiserede finishing-pressere til enkle elopvarmede strygeborde til sm\u00e5 eller store produktionsm\u00e6ngder, afh\u00e6ngigt af behov.[\/vc_column_text][\/vc_column][\/vc_row][vc_row css=&#8221;.vc_custom_1582118542072{margin-top: 50px !important;}&#8221;][vc_column width=&#8221;7\/12&#8243;][vc_column_text el_class=&#8221;p-16&#8243;]Vores [&hellip;]<\/p>\n","protected":false},"author":64,"featured_media":0,"parent":0,"menu_order":0,"comment_status":"closed","ping_status":"closed","template":"","meta":{"footnotes":""},"class_list":["post-7470","page","type-page","status-publish","hentry"],"acf":[],"yoast_head":"<!-- This site is optimized with the Yoast SEO plugin v23.3 - https:\/\/yoast.com\/wordpress\/plugins\/seo\/ -->\n<title>Finish-udstyr \u2013 fra h\u00f8jt automatiserede pressere til enkle strygeborde<\/title>\n<meta name=\"description\" content=\"Electrolux Professional har et komplet sortiment af finish-udstyr til sm\u00e5 eller store produktionsm\u00e6ngder, afh\u00e6ngigt af behov. Fra brugervenlige, h\u00f8jt automatiserede finishing-pressere til enkle elopvarmede strygeborde.\" \/>\n<meta name=\"robots\" content=\"index, follow, max-snippet:-1, max-image-preview:large, max-video-preview:-1\" \/>\n<link rel=\"canonical\" href=\"https:\/\/www.electroluxprofessional.com\/dk\/finish-udstyr\/\" \/>\n<meta property=\"og:locale\" content=\"da_DK\" \/>\n<meta property=\"og:type\" content=\"article\" \/>\n<meta property=\"og:title\" content=\"Finish-udstyr \u2013 fra h\u00f8jt automatiserede pressere til enkle strygeborde\" \/>\n<meta property=\"og:description\" content=\"Electrolux Professional har et komplet sortiment af finish-udstyr til sm\u00e5 eller store produktionsm\u00e6ngder, afh\u00e6ngigt af behov. Fra brugervenlige, h\u00f8jt automatiserede finishing-pressere til enkle elopvarmede strygeborde.\" \/>\n<meta property=\"og:url\" content=\"https:\/\/www.electroluxprofessional.com\/dk\/finish-udstyr\/\" \/>\n<meta property=\"og:site_name\" content=\"Electrolux Professional Danmark\" \/>\n<meta property=\"article:modified_time\" content=\"2025-11-05T18:12:55+00:00\" \/>\n<meta name=\"twitter:card\" content=\"summary_large_image\" \/>\n<meta name=\"twitter:label1\" content=\"Estimeret l\u00e6setid\" \/>\n\t<meta name=\"twitter:data1\" content=\"3 minutter\" \/>\n<script type=\"application\/ld+json\" class=\"yoast-schema-graph\">{\"@context\":\"https:\/\/schema.org\",\"@graph\":[{\"@type\":\"WebPage\",\"@id\":\"https:\/\/www.electroluxprofessional.com\/dk\/finish-udstyr\/\",\"url\":\"https:\/\/www.electroluxprofessional.com\/dk\/finish-udstyr\/\",\"name\":\"Finish-udstyr \u2013 fra h\u00f8jt automatiserede pressere til enkle strygeborde\",\"isPartOf\":{\"@id\":\"https:\/\/www.electroluxprofessional.com\/dk\/#website\"},\"datePublished\":\"2025-08-13T13:39:48+00:00\",\"dateModified\":\"2025-11-05T18:12:55+00:00\",\"description\":\"Electrolux Professional har et komplet sortiment af finish-udstyr til sm\u00e5 eller store produktionsm\u00e6ngder, afh\u00e6ngigt af behov. Fra brugervenlige, h\u00f8jt automatiserede finishing-pressere til enkle elopvarmede strygeborde.\",\"breadcrumb\":{\"@id\":\"https:\/\/www.electroluxprofessional.com\/dk\/finish-udstyr\/#breadcrumb\"},\"inLanguage\":\"da-DK\",\"potentialAction\":[{\"@type\":\"ReadAction\",\"target\":[\"https:\/\/www.electroluxprofessional.com\/dk\/finish-udstyr\/\"]}]},{\"@type\":\"BreadcrumbList\",\"@id\":\"https:\/\/www.electroluxprofessional.com\/dk\/finish-udstyr\/#breadcrumb\",\"itemListElement\":[{\"@type\":\"ListItem\",\"position\":1,\"name\":\"Home\",\"item\":\"https:\/\/www.electroluxprofessional.com\/dk\/\"},{\"@type\":\"ListItem\",\"position\":2,\"name\":\"Finishudstyr\"}]},{\"@type\":\"WebSite\",\"@id\":\"https:\/\/www.electroluxprofessional.com\/dk\/#website\",\"url\":\"https:\/\/www.electroluxprofessional.com\/dk\/\",\"name\":\"Electrolux Professional Danmark\",\"description\":\"\",\"potentialAction\":[{\"@type\":\"SearchAction\",\"target\":{\"@type\":\"EntryPoint\",\"urlTemplate\":\"https:\/\/www.electroluxprofessional.com\/dk\/?src={search_term_string}\"},\"query-input\":\"required name=search_term_string\"}],\"inLanguage\":\"da-DK\"}]}<\/script>\n<!-- \/ Yoast SEO plugin. -->","yoast_head_json":{"title":"Finish-udstyr \u2013 fra h\u00f8jt automatiserede pressere til enkle strygeborde","description":"Electrolux Professional har et komplet sortiment af finish-udstyr til sm\u00e5 eller store produktionsm\u00e6ngder, afh\u00e6ngigt af behov. Fra brugervenlige, h\u00f8jt automatiserede finishing-pressere til enkle elopvarmede strygeborde.","robots":{"index":"index","follow":"follow","max-snippet":"max-snippet:-1","max-image-preview":"max-image-preview:large","max-video-preview":"max-video-preview:-1"},"canonical":"https:\/\/www.electroluxprofessional.com\/dk\/finish-udstyr\/","og_locale":"da_DK","og_type":"article","og_title":"Finish-udstyr \u2013 fra h\u00f8jt automatiserede pressere til enkle strygeborde","og_description":"Electrolux Professional har et komplet sortiment af finish-udstyr til sm\u00e5 eller store produktionsm\u00e6ngder, afh\u00e6ngigt af behov. Fra brugervenlige, h\u00f8jt automatiserede finishing-pressere til enkle elopvarmede strygeborde.","og_url":"https:\/\/www.electroluxprofessional.com\/dk\/finish-udstyr\/","og_site_name":"Electrolux Professional Danmark","article_modified_time":"2025-11-05T18:12:55+00:00","twitter_card":"summary_large_image","twitter_misc":{"Estimeret l\u00e6setid":"3 minutter"},"schema":{"@context":"https:\/\/schema.org","@graph":[{"@type":"WebPage","@id":"https:\/\/www.electroluxprofessional.com\/dk\/finish-udstyr\/","url":"https:\/\/www.electroluxprofessional.com\/dk\/finish-udstyr\/","name":"Finish-udstyr \u2013 fra h\u00f8jt automatiserede pressere til enkle strygeborde","isPartOf":{"@id":"https:\/\/www.electroluxprofessional.com\/dk\/#website"},"datePublished":"2025-08-13T13:39:48+00:00","dateModified":"2025-11-05T18:12:55+00:00","description":"Electrolux Professional har et komplet sortiment af finish-udstyr til sm\u00e5 eller store produktionsm\u00e6ngder, afh\u00e6ngigt af behov. Fra brugervenlige, h\u00f8jt automatiserede finishing-pressere til enkle elopvarmede strygeborde.","breadcrumb":{"@id":"https:\/\/www.electroluxprofessional.com\/dk\/finish-udstyr\/#breadcrumb"},"inLanguage":"da-DK","potentialAction":[{"@type":"ReadAction","target":["https:\/\/www.electroluxprofessional.com\/dk\/finish-udstyr\/"]}]},{"@type":"BreadcrumbList","@id":"https:\/\/www.electroluxprofessional.com\/dk\/finish-udstyr\/#breadcrumb","itemListElement":[{"@type":"ListItem","position":1,"name":"Home","item":"https:\/\/www.electroluxprofessional.com\/dk\/"},{"@type":"ListItem","position":2,"name":"Finishudstyr"}]},{"@type":"WebSite","@id":"https:\/\/www.electroluxprofessional.com\/dk\/#website","url":"https:\/\/www.electroluxprofessional.com\/dk\/","name":"Electrolux Professional Danmark","description":"","potentialAction":[{"@type":"SearchAction","target":{"@type":"EntryPoint","urlTemplate":"https:\/\/www.electroluxprofessional.com\/dk\/?src={search_term_string}"},"query-input":"required name=search_term_string"}],"inLanguage":"da-DK"}]}},"_links":{"self":[{"href":"https:\/\/www.electroluxprofessional.com\/dk\/wp-json\/wp\/v2\/pages\/7470"}],"collection":[{"href":"https:\/\/www.electroluxprofessional.com\/dk\/wp-json\/wp\/v2\/pages"}],"about":[{"href":"https:\/\/www.electroluxprofessional.com\/dk\/wp-json\/wp\/v2\/types\/page"}],"author":[{"embeddable":true,"href":"https:\/\/www.electroluxprofessional.com\/dk\/wp-json\/wp\/v2\/users\/64"}],"replies":[{"embeddable":true,"href":"https:\/\/www.electroluxprofessional.com\/dk\/wp-json\/wp\/v2\/comments?post=7470"}],"version-history":[{"count":20,"href":"https:\/\/www.electroluxprofessional.com\/dk\/wp-json\/wp\/v2\/pages\/7470\/revisions"}],"predecessor-version":[{"id":30792,"href":"https:\/\/www.electroluxprofessional.com\/dk\/wp-json\/wp\/v2\/pages\/7470\/revisions\/30792"}],"wp:attachment":[{"href":"https:\/\/www.electroluxprofessional.com\/dk\/wp-json\/wp\/v2\/media?parent=7470"}],"curies":[{"name":"wp","href":"https:\/\/api.w.org\/{rel}","templated":true}]}}