{"id":7426,"date":"2025-08-14T04:05:34","date_gmt":"2025-08-14T04:05:34","guid":{"rendered":"https:\/\/www.electroluxprofessional.com\/dk\/?page_id=7426"},"modified":"2025-08-14T08:59:08","modified_gmt":"2025-08-14T08:59:08","slug":"strygelinjer","status":"publish","type":"page","link":"https:\/\/www.electroluxprofessional.com\/dk\/strygelinjer\/","title":{"rendered":"Strygelinjer"},"content":{"rendered":"<p>[vc_row full_width=&#8221;electroluxpro-full-width-no-padding&#8221;][vc_column][elx_hero_slider label_text_color=&#8221;inherit&#8221; images=&#8221;7440&#8243;][elx_heading font_size=&#8221;h2&#8243; text_color=&#8221;inherit&#8221;]Strygelinjer[\/elx_heading][vc_column_text css=&#8221;.vc_custom_1533555827219{margin-bottom: -5px !important;}&#8221;]<span style=\"font-size: 21px;\">Fladt linned med stor produktivitet og kvalitet<\/span>[\/vc_column_text][\/elx_hero_slider][\/vc_column][\/vc_row][vc_row][vc_column][vc_empty_space][elx_heading font_container=&#8221;h1&#8243; font_size=&#8221;h1&#8243; text_color=&#8221;inherit&#8221;]Optim\u00e9r kvaliteten og effektivis\u00e9r arbejdsgange med Electrolux Professionals strygelinjer[\/elx_heading][vc_empty_space height=&#8221;20px&#8221;][vc_column_text el_class=&#8221;p-16&#8243;]Sortimentet C-Flex Ironing Lane omfatter det bedste udstyr til behandling af fladt linned og sikrer optimal produktivitet og kvalitet.[\/vc_column_text][vc_empty_space height=&#8221;20px&#8221;][\/vc_column][\/vc_row][vc_row css=&#8221;.vc_custom_1582115174628{margin-top: 32px !important;}&#8221;][vc_column offset=&#8221;vc_hidden-lg vc_hidden-md vc_hidden-sm&#8221;][vc_column_text]<\/p>\n<h4>C-Flex strygelinjer \u2013 en serie i et funktionelt design<\/h4>\n<p>[\/vc_column_text][vc_empty_space][vc_column_text]<strong>Foldemaskine<\/strong> med fleksible muligheder for krydsfoldning og stabling<\/p>\n<p><strong>Vakuumstyret indf\u00f8ringsbord<\/strong> til sm\u00e5t og mellemstort fladt linned<\/p>\n<p><strong>En enkelt station indf\u00f8rer op til 500 stykker\/time<\/strong><\/p>\n<p>Udf\u00f8rer <strong>tre l\u00e6ngdefoldninger<\/strong> og <strong>en tv\u00e6rfoldning<\/strong> \u2013 stablerne returneres til operat\u00f8ren<\/p>\n<p><strong>To l\u00e6ngdefoldninger<\/strong> (fransk foldning) og <strong>to tv\u00e6rfoldninger<\/strong><br \/>\nTre stablemaskiner i standard-konstruktion med <strong>automatisk sortering efter st\u00f8rrelse<\/strong>[\/vc_column_text][\/vc_column][\/vc_row][vc_row css=&#8221;.vc_custom_1582115174628{margin-top: 32px !important;}&#8221;][vc_column width=&#8221;2\/3&#8243; offset=&#8221;vc_hidden-xs&#8221;][vc_empty_space height=&#8221;24px&#8221;][vc_column_text]<\/p>\n<h4>C-Flex strygelinjer \u2013 en serie i et funktionelt design<\/h4>\n<p>[\/vc_column_text][vc_empty_space][elx_step number=&#8221;\u2713&#8221; title=&#8221;<strong>Foldemaskine<\/strong> med fleksible muligheder for krydsfoldning og stabling&#8221; extra_class=&#8221;p-16-lineh&#8221;][elx_step number=&#8221;\u2713&#8221; title=&#8221;<strong>Vakuumstyret indf\u00f8ringsbord<\/strong> til sm\u00e5t og mellemstort fladt linned&#8221; extra_class=&#8221;p-16-lineh&#8221;][elx_step number=&#8221;\u2713&#8221; title=&#8221;<strong>En enkelt station indf\u00f8rer op til \u2028500 stykker\/time<\/strong>&#8221; extra_class=&#8221;p-16-lineh&#8221;][elx_step number=&#8221;\u2713&#8221; title=&#8221;Udf\u00f8rer <strong>tre l\u00e6ngdefoldninger<\/strong> og <strong>en tv\u00e6r-foldning<\/strong> \u2013 stablerne returneres til operat\u00f8ren&#8221; extra_class=&#8221;p-16-lineh&#8221;][elx_step number=&#8221;\u2713&#8221; title=&#8221;<strong>To l\u00e6ngdefoldninger<\/strong> (fransk foldning) og <strong>to tv\u00e6rfoldninger<\/strong><br \/>\nTre stablemaskiner i standard-konstruktion med <strong>automatisk sortering efter st\u00f8rrelse<\/strong>&#8221; extra_class=&#8221;p-16-lineh&#8221;][\/vc_column][vc_column width=&#8221;1\/3&#8243;][vc_single_image image=&#8221;7442&#8243; img_size=&#8221;full&#8221;][vc_empty_space height=&#8221;50px&#8221;][\/vc_column][\/vc_row][vc_row css=&#8221;.vc_custom_1619426385993{padding-top: 40px !important;background-color: #dadfe1 !important;}&#8221;][vc_column width=&#8221;1\/3&#8243;][elx_video_block background_image=&#8221;7457&#8243; video_link=&#8221;https:\/\/www.youtube.com\/watch?v=Mr_9WkGxes4&#8243; minimum_height=&#8221;300px&#8221;][vc_empty_space height=&#8221;10px&#8221;][vc_column_text el_class=&#8221;p-16&#8243;]<\/p>\n<div id=\"watch7-headline\" class=\"clearfix\">\n<div id=\"watch-headline-title\">\n<p class=\"watch-title-container\"><span id=\"eow-title\" class=\"watch-title\" dir=\"ltr\" title=\"Electrolux C-Flex Ironing Lane\">C-Flex Strygelinje <a href=\"https:\/\/youtu.be\/Mr_9WkGxes4\" target=\"blank\" rel=\"noopener noreferrer\">\u2013 se video<\/a><br \/>\n<\/span><\/p>\n<\/div>\n<\/div>\n<p>[\/vc_column_text][vc_empty_space][\/vc_column][vc_column width=&#8221;1\/3&#8243;][elx_video_block background_image=&#8221;7456&#8243; video_link=&#8221;https:\/\/www.youtube.com\/watch?v=3ZHLtH6LTeI&#8221; minimum_height=&#8221;300px&#8221;][vc_empty_space height=&#8221;10px&#8221;][vc_column_text el_class=&#8221;p-16&#8243;]<\/p>\n<div id=\"watch7-headline\" class=\"clearfix\">\n<div id=\"watch-headline-title\">\n<p><span id=\"eow-title\" class=\"watch-title\" dir=\"ltr\" title=\"C-Flex IL - vacuum table\">C-Flex IL Vacuumbord<\/span> <span id=\"eow-title\" class=\"watch-title\" dir=\"ltr\" title=\"Electrolux C-Flex Ironing Lane\"><a href=\"https:\/\/youtu.be\/3ZHLtH6LTeI\" target=\"blank\" rel=\"noopener noreferrer\">\u2013 se video<\/a><\/span><\/p>\n<\/div>\n<\/div>\n<p>[\/vc_column_text][vc_empty_space][\/vc_column][vc_column width=&#8221;1\/3&#8243;][elx_video_block background_image=&#8221;7455&#8243; video_link=&#8221;https:\/\/www.youtube.com\/watch?v=RmqVtB7Tg0A&#8221; minimum_height=&#8221;300px&#8221;][vc_empty_space height=&#8221;10px&#8221;][vc_column_text el_class=&#8221;p-16&#8243;]C-Flex IL Foldemaskine <span id=\"eow-title\" class=\"watch-title\" dir=\"ltr\" title=\"Electrolux C-Flex Ironing Lane\"><a href=\"https:\/\/youtu.be\/RmqVtB7Tg0A\" target=\"blank\" rel=\"noopener noreferrer\">\u2013 se video<\/a><br \/>\n<\/span>[\/vc_column_text][vc_empty_space][\/vc_column][\/vc_row][vc_row css=&#8221;.vc_custom_1582116969746{margin-top: 50px !important;}&#8221;][vc_column width=&#8221;2\/3&#8243;][vc_row_inner][vc_column_inner][elx_heading font_container=&#8221;h3&#8243; font_size=&#8221;h3&#8243; text_color=&#8221;inherit&#8221; text_align=&#8221;text-left&#8221; css=&#8221;.vc_custom_1582034608817{margin-bottom: 40px !important;}&#8221;]Du er m\u00e5ske ogs\u00e5 interesseret i:[\/elx_heading][\/vc_column_inner][\/vc_row_inner][\/vc_column][vc_column width=&#8221;1\/3&#8243;][\/vc_column][\/vc_row][vc_row css=&#8221;.vc_custom_1582116969746{margin-top: 50px !important;}&#8221;][vc_column width=&#8221;2\/3&#8243;][vc_row_inner][vc_column_inner width=&#8221;1\/2&#8243;][vc_single_image image=&#8221;14241&#8243; img_size=&#8221;360&#215;210&#8243; alignment=&#8221;center&#8221; css=&#8221;.vc_custom_1582115846735{margin-bottom: 32px !important;}&#8221;][elx_heading font_container=&#8221;h4&#8243; text_color=&#8221;inherit&#8221; css=&#8221;.vc_custom_1582116146581{padding-top: 12px !important;padding-bottom: 0px !important;}&#8221;]F\u00e5 den rigtige vaskeril\u00f8sning[\/elx_heading][vc_column_text el_class=&#8221;p-16&#8243; css=&#8221;.vc_custom_1654842906540{margin-top: 0px !important;}&#8221;]Find den profesionelle vaskeril\u00f8sning der passer til dit behov.<br \/>\n<a href=\"https:\/\/www.electroluxprofessional.com\/dk\/vaskeriloesninger\/\">Se l\u00f8sninger til din branche<\/a>[\/vc_column_text][vc_empty_space][\/vc_column_inner][vc_column_inner width=&#8221;1\/2&#8243;][vc_single_image image=&#8221;12642&#8243; img_size=&#8221;360&#215;210&#8243; alignment=&#8221;center&#8221; css=&#8221;.vc_custom_1582116093772{margin-bottom: 32px !important;}&#8221;][elx_heading font_container=&#8221;h4&#8243; text_color=&#8221;inherit&#8221;]myPRO dampstrygerulle til det lille behov[\/elx_heading][vc_column_text el_class=&#8221;p-16&#8243;]Til mindre hoteller, B&amp;B og andre, som ikke beh\u00f8ver en stor industril\u00f8sning.<br \/>\n<a href=\"https:\/\/www.electroluxprofessional.com\/dk\/mypro-vask-toer-strygeruller\/\">Er en myPRO dampstrygerulle noget for dig?<\/a>[\/vc_column_text][vc_empty_space][\/vc_column_inner][\/vc_row_inner][vc_row_inner][vc_column_inner offset=&#8221;vc_hidden-xs&#8221;][vc_empty_space height=&#8221;52px&#8221;][\/vc_column_inner][\/vc_row_inner][vc_row_inner][vc_column_inner width=&#8221;1\/2&#8243;][vc_single_image image=&#8221;7943&#8243; img_size=&#8221;360&#215;210&#8243; alignment=&#8221;center&#8221; css=&#8221;.vc_custom_1582033011347{margin-bottom: 32px !important;}&#8221;][elx_heading font_container=&#8221;h4&#8243; text_color=&#8221;inherit&#8221; css=&#8221;.vc_custom_1582033046489{padding-top: 12px !important;padding-bottom: 0px !important;}&#8221;]Bedste t\u00f8rreresultater med laveste forbrug[\/elx_heading][vc_column_text el_class=&#8221;p-16&#8243; css=&#8221;.vc_custom_1755161836453{margin-top: 0px !important;}&#8221;]Her kan du finde en industri t\u00f8rretumbler, der matcher dine krav og behov. Du kan v\u00e6lge tumbler med aftr\u00e6k, kondens eller varmepumpe.<br \/>\n<a href=\"https:\/\/www.electroluxprofessional.com\/dk\/varmepumpe-tumblere\/\">L\u00e6s mere om Line 6000 varmepumpetumblere<\/a>[\/vc_column_text][vc_empty_space][\/vc_column_inner][vc_column_inner width=&#8221;1\/2&#8243;][vc_single_image image=&#8221;14982&#8243; img_size=&#8221;360&#215;210&#8243; alignment=&#8221;center&#8221; css=&#8221;.vc_custom_1582033779651{margin-bottom: 32px !important;}&#8221;][elx_heading font_container=&#8221;h4&#8243; text_color=&#8221;inherit&#8221;]Line 6000 vaskemaskiner og t\u00f8rretumblere[\/elx_heading][vc_column_text el_class=&#8221;p-16&#8243;]Nu kan du f\u00e5 Line 6000 maskiner i den st\u00f8rrelse, der passer til vaskebehovet i dit vaskeri.<br \/>\n<a href=\"https:\/\/www.electroluxprofessional.com\/dk\/industrivaskemaskiner\/\">Line 6000 industrivaskemaskine<\/a>[\/vc_column_text][vc_empty_space][\/vc_column_inner][\/vc_row_inner][\/vc_column][vc_column width=&#8221;1\/3&#8243;][vc_row_inner css=&#8221;.vc_custom_1753794744401{border-top-width: 1px !important;border-right-width: 1px !important;border-bottom-width: 1px !important;border-left-width: 1px !important;padding-top: 10px !important;padding-right: 10px !important;padding-bottom: 40px !important;padding-left: 10px !important;border-left-color: #dadfe1 !important;border-left-style: solid !important;border-right-color: #dadfe1 !important;border-right-style: solid !important;border-top-color: #dadfe1 !important;border-top-style: solid !important;border-bottom-color: #dadfe1 !important;border-bottom-style: solid !important;}&#8221;][vc_column_inner][vc_column_text css=&#8221;.vc_custom_1582115753256{margin-bottom: 22px !important;}&#8221;]<\/p>\n<h6 style=\"line-height: 1.2em;\">Hvad kan vores strygelinjer g\u00f8re for din virksomhed?<\/h6>\n<p>[\/vc_column_text][elx_o2000_contact_us s=&#8221;Strygelinjer&#8221; flag_hide_request_type=&#8221;true&#8221; country=&#8221;Denmark&#8221; b=&#8221;laundry&#8221; thanks=&#8221;Tak for din interesse! Vi kontakter dig snarest.&#8221; button_mode=&#8221;true&#8221; postion_button=&#8221;text-center&#8221; postion_button_mobile=&#8221;text-left-mobile&#8221; r=&#8221;Jeg vil vide mere om rullelinjer. Kontakt mig venligst.&#8221; l=&#8221;dk&#8221; e=&#8221;steen.rasmussen@electroluxprofessional.com&#8221; text_btn_contact=&#8221;H\u00f8r mere eller f\u00e5 et tilbud&#8221;][\/vc_column_inner][\/vc_row_inner][\/vc_column][\/vc_row][vc_row][vc_column][vc_empty_space height=&#8221;50px&#8221;][\/vc_column][\/vc_row]<\/p>\n","protected":false},"excerpt":{"rendered":"<p>[vc_row full_width=&#8221;electroluxpro-full-width-no-padding&#8221;][vc_column][elx_hero_slider label_text_color=&#8221;inherit&#8221; images=&#8221;7440&#8243;][elx_heading font_size=&#8221;h2&#8243; text_color=&#8221;inherit&#8221;]Strygelinjer[\/elx_heading][vc_column_text css=&#8221;.vc_custom_1533555827219{margin-bottom: -5px !important;}&#8221;]Fladt linned med stor produktivitet og kvalitet[\/vc_column_text][\/elx_hero_slider][\/vc_column][\/vc_row][vc_row][vc_column][vc_empty_space][elx_heading font_container=&#8221;h1&#8243; font_size=&#8221;h1&#8243; text_color=&#8221;inherit&#8221;]Optim\u00e9r kvaliteten og effektivis\u00e9r arbejdsgange med Electrolux Professionals strygelinjer[\/elx_heading][vc_empty_space height=&#8221;20px&#8221;][vc_column_text el_class=&#8221;p-16&#8243;]Sortimentet C-Flex Ironing Lane omfatter det bedste udstyr til behandling af fladt linned og sikrer optimal produktivitet og kvalitet.[\/vc_column_text][vc_empty_space height=&#8221;20px&#8221;][\/vc_column][\/vc_row][vc_row css=&#8221;.vc_custom_1582115174628{margin-top: 32px !important;}&#8221;][vc_column offset=&#8221;vc_hidden-lg vc_hidden-md vc_hidden-sm&#8221;][vc_column_text] C-Flex strygelinjer [&hellip;]<\/p>\n","protected":false},"author":64,"featured_media":0,"parent":0,"menu_order":0,"comment_status":"closed","ping_status":"closed","template":"","meta":{"footnotes":""},"class_list":["post-7426","page","type-page","status-publish","hentry"],"acf":[],"yoast_head":"<!-- This site is optimized with the Yoast SEO plugin v23.3 - https:\/\/yoast.com\/wordpress\/plugins\/seo\/ -->\n<title>Strygelinjer til det store professionelle behov<\/title>\n<meta name=\"description\" content=\"Professionelle strygelinjer med stor effektivitet. C-Flex Ironing Lane omfatter det bedste udstyr til behandling af fladt linned og sikrer optimal produktivitet og kvalitet.\" \/>\n<meta name=\"robots\" content=\"index, follow, max-snippet:-1, max-image-preview:large, max-video-preview:-1\" \/>\n<link rel=\"canonical\" href=\"https:\/\/www.electroluxprofessional.com\/dk\/strygelinjer\/\" \/>\n<meta property=\"og:locale\" content=\"da_DK\" \/>\n<meta property=\"og:type\" content=\"article\" \/>\n<meta property=\"og:title\" content=\"Strygelinjer til det store professionelle behov\" \/>\n<meta property=\"og:description\" content=\"Professionelle strygelinjer med stor effektivitet. C-Flex Ironing Lane omfatter det bedste udstyr til behandling af fladt linned og sikrer optimal produktivitet og kvalitet.\" \/>\n<meta property=\"og:url\" content=\"https:\/\/www.electroluxprofessional.com\/dk\/strygelinjer\/\" \/>\n<meta property=\"og:site_name\" content=\"Electrolux Professional Danmark\" \/>\n<meta property=\"article:modified_time\" content=\"2025-08-14T08:59:08+00:00\" \/>\n<meta name=\"twitter:card\" content=\"summary_large_image\" \/>\n<meta name=\"twitter:label1\" content=\"Estimeret l\u00e6setid\" \/>\n\t<meta name=\"twitter:data1\" content=\"5 minutter\" \/>\n<script type=\"application\/ld+json\" class=\"yoast-schema-graph\">{\"@context\":\"https:\/\/schema.org\",\"@graph\":[{\"@type\":\"WebPage\",\"@id\":\"https:\/\/www.electroluxprofessional.com\/dk\/strygelinjer\/\",\"url\":\"https:\/\/www.electroluxprofessional.com\/dk\/strygelinjer\/\",\"name\":\"Strygelinjer til det store professionelle behov\",\"isPartOf\":{\"@id\":\"https:\/\/www.electroluxprofessional.com\/dk\/#website\"},\"datePublished\":\"2025-08-14T04:05:34+00:00\",\"dateModified\":\"2025-08-14T08:59:08+00:00\",\"description\":\"Professionelle strygelinjer med stor effektivitet. C-Flex Ironing Lane omfatter det bedste udstyr til behandling af fladt linned og sikrer optimal produktivitet og kvalitet.\",\"breadcrumb\":{\"@id\":\"https:\/\/www.electroluxprofessional.com\/dk\/strygelinjer\/#breadcrumb\"},\"inLanguage\":\"da-DK\",\"potentialAction\":[{\"@type\":\"ReadAction\",\"target\":[\"https:\/\/www.electroluxprofessional.com\/dk\/strygelinjer\/\"]}]},{\"@type\":\"BreadcrumbList\",\"@id\":\"https:\/\/www.electroluxprofessional.com\/dk\/strygelinjer\/#breadcrumb\",\"itemListElement\":[{\"@type\":\"ListItem\",\"position\":1,\"name\":\"Home\",\"item\":\"https:\/\/www.electroluxprofessional.com\/dk\/\"},{\"@type\":\"ListItem\",\"position\":2,\"name\":\"Strygelinjer\"}]},{\"@type\":\"WebSite\",\"@id\":\"https:\/\/www.electroluxprofessional.com\/dk\/#website\",\"url\":\"https:\/\/www.electroluxprofessional.com\/dk\/\",\"name\":\"Electrolux Professional Danmark\",\"description\":\"\",\"potentialAction\":[{\"@type\":\"SearchAction\",\"target\":{\"@type\":\"EntryPoint\",\"urlTemplate\":\"https:\/\/www.electroluxprofessional.com\/dk\/?src={search_term_string}\"},\"query-input\":\"required name=search_term_string\"}],\"inLanguage\":\"da-DK\"}]}<\/script>\n<!-- \/ Yoast SEO plugin. -->","yoast_head_json":{"title":"Strygelinjer til det store professionelle behov","description":"Professionelle strygelinjer med stor effektivitet. C-Flex Ironing Lane omfatter det bedste udstyr til behandling af fladt linned og sikrer optimal produktivitet og kvalitet.","robots":{"index":"index","follow":"follow","max-snippet":"max-snippet:-1","max-image-preview":"max-image-preview:large","max-video-preview":"max-video-preview:-1"},"canonical":"https:\/\/www.electroluxprofessional.com\/dk\/strygelinjer\/","og_locale":"da_DK","og_type":"article","og_title":"Strygelinjer til det store professionelle behov","og_description":"Professionelle strygelinjer med stor effektivitet. C-Flex Ironing Lane omfatter det bedste udstyr til behandling af fladt linned og sikrer optimal produktivitet og kvalitet.","og_url":"https:\/\/www.electroluxprofessional.com\/dk\/strygelinjer\/","og_site_name":"Electrolux Professional Danmark","article_modified_time":"2025-08-14T08:59:08+00:00","twitter_card":"summary_large_image","twitter_misc":{"Estimeret l\u00e6setid":"5 minutter"},"schema":{"@context":"https:\/\/schema.org","@graph":[{"@type":"WebPage","@id":"https:\/\/www.electroluxprofessional.com\/dk\/strygelinjer\/","url":"https:\/\/www.electroluxprofessional.com\/dk\/strygelinjer\/","name":"Strygelinjer til det store professionelle behov","isPartOf":{"@id":"https:\/\/www.electroluxprofessional.com\/dk\/#website"},"datePublished":"2025-08-14T04:05:34+00:00","dateModified":"2025-08-14T08:59:08+00:00","description":"Professionelle strygelinjer med stor effektivitet. C-Flex Ironing Lane omfatter det bedste udstyr til behandling af fladt linned og sikrer optimal produktivitet og kvalitet.","breadcrumb":{"@id":"https:\/\/www.electroluxprofessional.com\/dk\/strygelinjer\/#breadcrumb"},"inLanguage":"da-DK","potentialAction":[{"@type":"ReadAction","target":["https:\/\/www.electroluxprofessional.com\/dk\/strygelinjer\/"]}]},{"@type":"BreadcrumbList","@id":"https:\/\/www.electroluxprofessional.com\/dk\/strygelinjer\/#breadcrumb","itemListElement":[{"@type":"ListItem","position":1,"name":"Home","item":"https:\/\/www.electroluxprofessional.com\/dk\/"},{"@type":"ListItem","position":2,"name":"Strygelinjer"}]},{"@type":"WebSite","@id":"https:\/\/www.electroluxprofessional.com\/dk\/#website","url":"https:\/\/www.electroluxprofessional.com\/dk\/","name":"Electrolux Professional Danmark","description":"","potentialAction":[{"@type":"SearchAction","target":{"@type":"EntryPoint","urlTemplate":"https:\/\/www.electroluxprofessional.com\/dk\/?src={search_term_string}"},"query-input":"required name=search_term_string"}],"inLanguage":"da-DK"}]}},"_links":{"self":[{"href":"https:\/\/www.electroluxprofessional.com\/dk\/wp-json\/wp\/v2\/pages\/7426"}],"collection":[{"href":"https:\/\/www.electroluxprofessional.com\/dk\/wp-json\/wp\/v2\/pages"}],"about":[{"href":"https:\/\/www.electroluxprofessional.com\/dk\/wp-json\/wp\/v2\/types\/page"}],"author":[{"embeddable":true,"href":"https:\/\/www.electroluxprofessional.com\/dk\/wp-json\/wp\/v2\/users\/64"}],"replies":[{"embeddable":true,"href":"https:\/\/www.electroluxprofessional.com\/dk\/wp-json\/wp\/v2\/comments?post=7426"}],"version-history":[{"count":49,"href":"https:\/\/www.electroluxprofessional.com\/dk\/wp-json\/wp\/v2\/pages\/7426\/revisions"}],"predecessor-version":[{"id":30044,"href":"https:\/\/www.electroluxprofessional.com\/dk\/wp-json\/wp\/v2\/pages\/7426\/revisions\/30044"}],"wp:attachment":[{"href":"https:\/\/www.electroluxprofessional.com\/dk\/wp-json\/wp\/v2\/media?parent=7426"}],"curies":[{"name":"wp","href":"https:\/\/api.w.org\/{rel}","templated":true}]}}