{"id":7195,"date":"2024-07-29T04:59:24","date_gmt":"2024-07-29T04:59:24","guid":{"rendered":"https:\/\/www.electroluxprofessional.com\/dk\/?page_id=7195"},"modified":"2024-07-30T08:02:52","modified_gmt":"2024-07-30T08:02:52","slug":"vask-af-malkeklude","status":"publish","type":"page","link":"https:\/\/www.electroluxprofessional.com\/dk\/vask-af-malkeklude\/","title":{"rendered":"Vask af malkeklude"},"content":{"rendered":"<p>[vc_row full_width=&#8221;electroluxpro-full-width-no-padding&#8221;][vc_column][elx_hero_slider label_text_color=&#8221;inherit&#8221; images=&#8221;7196&#8243;][elx_heading font_size=&#8221;h2&#8243; text_color=&#8221;inherit&#8221;]Robust vaskemaskine til vask af malkeklude[\/elx_heading][vc_column_text css=&#8221;.vc_custom_1562330957864{margin-bottom: -5px !important;}&#8221;]<span style=\"font-size: 21px;\">Vil du have 100 pct. rene malkeklude?<\/span>[\/vc_column_text][\/elx_hero_slider][\/vc_column][\/vc_row][vc_row][vc_column width=&#8221;5\/6&#8243; offset=&#8221;vc_hidden-xs&#8221;][vc_empty_space height=&#8221;50px&#8221;][elx_heading font_size=&#8221;h3&#8243; text_color=&#8221;inherit&#8221;]Effektiv vask af malkeklude giver gode afregningspriser[\/elx_heading][vc_empty_space][vc_column_text el_class=&#8221;p-16&#8243; css=&#8221;.vc_custom_1562331429266{border-bottom-width: 10px !important;padding-top: 20px !important;}&#8221;]Alle m\u00e6lkeproducenter ved, at effektiv vask og desinfektion af malkeklude er et v\u00e6sentligt element for at f\u00e5 de bedste afregningspriser p\u00e5 m\u00e6lken. Derfor er det afg\u00f8rende, at der er specialprogrammer til vask af malkeklude. For hvis hygiejnen ikke er helt i top, smitter det omg\u00e5ende af p\u00e5 afregningen. Effektiv vask af malkeklude kan reducere spore-, celle- og kimtal. Der er s\u00e5ledes mange penge at hente ved at bruge bakteriefrie malkeklude! Og selv en reduktion p\u00e5 nogle f\u00e5 procent p\u00e5 m\u00e6lkeafregningen vil hurtigt forrente og afskrive en specialprogrammeret vaskemaskine til malkeklude.[\/vc_column_text][\/vc_column][vc_column width=&#8221;1\/6&#8243;][\/vc_column][\/vc_row][vc_row css=&#8221;.vc_custom_1629274458905{margin-top: 32px !important;}&#8221;][vc_column width=&#8221;1\/2&#8243;][vc_empty_space height=&#8221;15px&#8221;][elx_heading text_color=&#8221;electrolux-blue&#8221;]En Electrolux Professional malke\u00adkluds\u00admaskine giver dig mange fordele:[\/elx_heading][vc_empty_space height=&#8221;15px&#8221;][vc_column_text el_class=&#8221;p-16&#8243; css=&#8221;.vc_custom_1722326538916{margin-right: -10px !important;}&#8221;]<strong>Altid rene, varme og fugtige malkeklude<\/strong>, som er desinficerede og klar<\/p>\n<p><strong>Du slipper for manuel opvridning<\/strong> af klude og for kontakt med kemikalier<\/p>\n<p><strong>Reducerer spore-, celle- og kimtal <\/strong>i m\u00e6lken<\/p>\n<p><strong>Mulighed for automatisk s\u00e6bedosering<\/strong> \u2013 til gavn for \u00f8konomi og milj\u00f8<\/p>\n<p><strong>Tidsbesparende<\/strong> \u2013 du slipper for manuel vask og ventetider<\/p>\n<p><strong>Kraftig konstruktion med rustfri st\u00e5lsider<\/strong> \u2013 velegnet til malkerumsmilj\u00f8<\/p>\n<p><strong>Vaskeprogrammer til arbejdst\u00f8j<\/strong> \u2013 40\u2009\u00b0C og 60\u2009\u00b0C<\/p>\n<p><strong>SuperSpin centri\u00adfugering<\/strong> \u2013 g\u00f8r ogs\u00e5 maskinen endnu bedre til arbejdst\u00f8j[\/vc_column_text][vc_empty_space height=&#8221;60px&#8221;][elx_button button_text=&#8221;H\u00d8R MERE OM ELECTROLUX MALKEKLUDSMASKINE&#8221; button_style=&#8221;default&#8221; button_display_block=&#8221;display_block_on&#8221; button_link=&#8221;url:https%3A%2F%2Fwww.electroluxprofessional.com%2Fdk%2Fkontakt-malkeklude%2F|title:Malkeklude%20%E2%80%93%20kontakt||&#8221;][\/vc_column][vc_column width=&#8221;1\/2&#8243;][vc_single_image image=&#8221;7243&#8243; img_size=&#8221;full&#8221;][\/vc_column][\/vc_row][vc_row gap=&#8221;10&#8243; css=&#8221;.vc_custom_1629274493697{margin-top: 40px !important;}&#8221;][vc_column reveal_effect=&#8221;&#8221; offset=&#8221;vc_hidden-xs&#8221; css=&#8221;.vc_custom_1629274654304{border-top-width: 1px !important;border-top-color: #dadfe1 !important;border-top-style: solid !important;}&#8221;][vc_empty_space height=&#8221;80px&#8221;][elx_heading font_container=&#8221;h3&#8243; font_size=&#8221;h3&#8243; text_color=&#8221;inherit&#8221;]Vask, desinfektion og opvarmning i \u00e9n arbejdsgang[\/elx_heading][vc_empty_space][vc_column_text el_class=&#8221;p-16&#8243;]Malkekludsmaskinerne fra Electrolux er specielt programmeret og styret af et indbygget tidsur, s\u00e5 de kan tilpasses rytmen i malkestalden. P\u00e5 maskinens display kan du f\u00f8lge vaskeprocessen, s\u00e5 du nemmere kan tilrettel\u00e6gge arbejdet.[\/vc_column_text][\/vc_column][\/vc_row][vc_row gap=&#8221;10&#8243; css=&#8221;.vc_custom_1577713899078{margin-top: 15px !important;margin-bottom: 30px !important;}&#8221;][vc_column width=&#8221;1\/3&#8243; offset=&#8221;vc_hidden-xs&#8221;][elx_heading font_container=&#8221;h4&#8243; text_color=&#8221;inherit&#8221;]Nemt og milj\u00f8venligt[\/elx_heading][vc_column_text el_class=&#8221;p-16&#8243;]Malkekludene tages med ind i malkestalden og bruges direkte. Ingen belastende opvridninger eller un\u00f8dig kontakt med kemikalier. Det er en v\u00e6sentlig forbedring af arbejdsmilj\u00f8et.[\/vc_column_text][\/vc_column][vc_column width=&#8221;1\/3&#8243; offset=&#8221;vc_hidden-xs&#8221;][elx_heading font_container=&#8221;h4&#8243; text_color=&#8221;inherit&#8221;]Start vask efter malkning[\/elx_heading][vc_column_text el_class=&#8221;p-16&#8243;]Efter endt malkning l\u00e6gges alle de brugte malkeklude i vaskemaskinen, som umiddelbart efter start foretager den grundl\u00e6ggende vask af kludene ved 90\u2009\u00b0C (termisk desinfektion). Kludene bliver bare liggende i maskinen til n\u00e6ste malkning.[\/vc_column_text][\/vc_column][vc_column width=&#8221;1\/3&#8243; offset=&#8221;vc_hidden-xs&#8221;][elx_heading font_container=&#8221;h4&#8243; text_color=&#8221;inherit&#8221;]Klar til brug[\/elx_heading][vc_column_text el_class=&#8221;p-16&#8243;]N\u00e5r malkningen starter, ligger malkekludene klar efter sk\u00e5nsom centrifugering, desinfektion og opvarmning til ca. 50\u2009\u00b0C. S\u00e5 har kludene rette temperatur og fugtighed til aft\u00f8rring af yveret. Der er fire programmer, s\u00e5 du selv kan v\u00e6lge den \u00f8nskede kombination af to sluttemperaturer og to fugtighedsgrader.[\/vc_column_text][\/vc_column][\/vc_row][vc_row gap=&#8221;10&#8243; css=&#8221;.vc_custom_1530864369446{margin-right: 10px !important;margin-left: 10px !important;}&#8221;][vc_column offset=&#8221;vc_hidden-lg vc_hidden-md vc_hidden-sm&#8221;][vc_empty_space height=&#8221;20px&#8221;][elx_heading font_container=&#8221;h1&#8243; font_size=&#8221;h1&#8243; text_color=&#8221;inherit&#8221;]Vask, desinfektion og opvarmning i \u00e9n arbejdsgang[\/elx_heading][vc_empty_space height=&#8221;20px&#8221;][vc_column_text el_class=&#8221;p-16&#8243;]Malkekludsmaskinerne fra Electrolux er specielt programmeret og styret af et indbygget tidsur, s\u00e5 de kan tilpasses rytmen i malkestalden. P\u00e5 maskinens display kan du f\u00f8lge vaskeprocessen, s\u00e5 du nemmere kan tilrettel\u00e6gge arbejdet.[\/vc_column_text][elx_heading font_container=&#8221;h4&#8243; text_color=&#8221;inherit&#8221;]Nemt og milj\u00f8venligt[\/elx_heading][vc_column_text el_class=&#8221;p-16&#8243;]Malkekludene tages med ind i malkestalden og bruges direkte. Ingen belastende opvridninger eller un\u00f8dig kontakt med kemikalier. Det er en v\u00e6sentlig forbedring af arbejdsmilj\u00f8et.[\/vc_column_text][elx_heading font_container=&#8221;h4&#8243; text_color=&#8221;inherit&#8221;]Start vask efter malkning[\/elx_heading][vc_column_text el_class=&#8221;p-16&#8243;]Efter endt malkning l\u00e6gges alle de brugte malkeklude i vaskemaskinen, som umiddelbart efter start foretager den grundl\u00e6ggende vask af kludene ved 90\u2009\u00b0C (termisk desinfektion). Kludene bliver bare liggende i maskinen til n\u00e6ste malkning.[\/vc_column_text][elx_heading font_container=&#8221;h4&#8243; text_color=&#8221;inherit&#8221;]Klar til brug[\/elx_heading][vc_column_text el_class=&#8221;p-16&#8243;]N\u00e5r malkningen starter, ligger malkekludene klar efter sk\u00e5nsom centrifugering, desinfektion og opvarmning til ca. 50\u2009\u00b0C. S\u00e5 har kludene rette temperatur og fugtighed til aft\u00f8rring af yveret. Der er fire programmer, s\u00e5 du selv kan v\u00e6lge den \u00f8nskede kombination af to sluttemperaturer og to fugtighedsgrader.[\/vc_column_text][\/vc_column][\/vc_row][vc_row gap=&#8221;20&#8243;][vc_column reveal_effect=&#8221;&#8221; offset=&#8221;vc_hidden-xs&#8221; css=&#8221;.vc_custom_1629274571441{margin-top: 40px !important;border-top-width: 1px !important;padding-top: 20px !important;border-top-color: #dadfe1 !important;border-top-style: solid !important;}&#8221;][vc_empty_space][\/vc_column][\/vc_row][vc_row gap=&#8221;20&#8243;][vc_column width=&#8221;1\/3&#8243; offset=&#8221;vc_hidden-xs&#8221;][vc_empty_space height=&#8221;40px&#8221;][vc_single_image image=&#8221;7273&#8243; img_size=&#8221;full&#8221;][\/vc_column][vc_column width=&#8221;2\/3&#8243; offset=&#8221;vc_hidden-xs&#8221;][vc_empty_space height=&#8221;40px&#8221;][elx_heading font_container=&#8221;h4&#8243; text_color=&#8221;electrolux-blue&#8221;]Udviklet ud fra m\u00e6lkeproducenters \u00f8nsker og behov[\/elx_heading][vc_column_text el_class=&#8221;p-16&#8243; css=&#8221;.vc_custom_1562331352085{margin-right: -10px !important;}&#8221;]Electrolux\u2019 malkekludsmaskiner med specialprogrammer til vask af malkeklude er udviklet i Danmark for mere end 20 \u00e5r siden, og de er blevet videreudviklet og forbedret ud fra de erfaringer, flere tusinde m\u00e6lkeproducenter har givet os.<\/p>\n<p><strong>Brug samme maskine til vask af arbejdst\u00f8j<\/strong><br \/>\nMed en professionel vaskemaskine i stalden er det n\u00e6rliggende ogs\u00e5 at anvende den til vask af arbejdst\u00f8j m.m., og det er intet problem. Maskinerne har to programmer til vask af arbejdst\u00f8j: \u00c9t der vasker ved 40\u2009\u00b0C \u2013 og \u00e9t ved 60\u2009\u00b0C.[\/vc_column_text][\/vc_column][\/vc_row][vc_row gap=&#8221;20&#8243; content_placement=&#8221;middle&#8221;][vc_column width=&#8221;1\/3&#8243; offset=&#8221;vc_hidden-xs&#8221;][vc_empty_space][vc_single_image image=&#8221;7278&#8243; img_size=&#8221;full&#8221;][\/vc_column][vc_column width=&#8221;2\/3&#8243; offset=&#8221;vc_hidden-xs&#8221;][vc_empty_space height=&#8221;60px&#8221;][elx_heading font_container=&#8221;h4&#8243; text_color=&#8221;electrolux-blue&#8221;]St\u00f8rre driftssikkerhed og top hygiejne[\/elx_heading][vc_column_text el_class=&#8221;p-16&#8243; css=&#8221;.vc_custom_1530799399551{margin-right: -10px !important;}&#8221;]P\u00e5 alle modeller er der f.eks. gjort ekstra meget ud af at indkapsle elektronik og lugel\u00e5s for at \u00f8ge driftssikkerheden. Malkekludsmaskinerne er konstrueret til at holde i 10\u2009\u201315 \u00e5r med en meget h\u00f8j driftssikkerhed. Der er ogs\u00e5 t\u00e6nkt p\u00e5 hygiejnen i stalden med rustfri st\u00e5ltromle og -kabinet, som er lette at holde rene.[\/vc_column_text][\/vc_column][\/vc_row][vc_row gap=&#8221;20&#8243;][vc_column width=&#8221;1\/3&#8243; offset=&#8221;vc_hidden-xs&#8221;][vc_empty_space][vc_single_image image=&#8221;7280&#8243; img_size=&#8221;full&#8221;][\/vc_column][vc_column width=&#8221;2\/3&#8243; offset=&#8221;vc_hidden-xs&#8221;][vc_empty_space][elx_heading font_container=&#8221;h4&#8243; text_color=&#8221;electrolux-blue&#8221;]Genbrug af varmt vand sparer p\u00e5 energien[\/elx_heading][vc_column_text el_class=&#8221;p-16&#8243; css=&#8221;.vc_custom_1530799791953{margin-right: -10px !important;}&#8221;]Der er mulighed for at genbruge det varme k\u00f8levand fra k\u00f8letank\/varmepumpe og derved reducere udgifterne til opvarmning af vaskevandet \u2013 uden risiko for d\u00e5rlig hygiejne i malkekludene.<\/p>\n<p>Alle malkekludsmaskinerne fra Electrolux er programmeret til effektiv vask med mindst mulig brug af el, vand, s\u00e6be og desinfektionsmiddel \u2013 til fordel for milj\u00f8et og din \u00f8konomi![\/vc_column_text][\/vc_column][\/vc_row][vc_row gap=&#8221;20&#8243; css=&#8221;.vc_custom_1530864501773{margin-right: 10px !important;margin-left: 10px !important;}&#8221;][vc_column offset=&#8221;vc_hidden-lg vc_hidden-md vc_hidden-sm&#8221;][vc_empty_space height=&#8221;40px&#8221;][vc_single_image image=&#8221;7273&#8243; img_size=&#8221;full&#8221;][elx_heading text_color=&#8221;electrolux-blue&#8221;]Udviklet ud fra m\u00e6lkeproducenters \u00f8nsker og behov[\/elx_heading][vc_column_text el_class=&#8221;p-16&#8243; css=&#8221;.vc_custom_1562331319195{margin-right: -10px !important;}&#8221;]Electrolux\u2019 malkekludsmaskiner med special program til vask af malkeklude er udviklet i Danmark for mere end 20 \u00e5r siden, og de er blevet videreudviklet og forbedret ud fra de erfaringer, flere tusinde m\u00e6lkeproducenter har givet os.<\/p>\n<p><strong>Brug samme maskine til vask af arbejdst\u00f8j<\/strong><br \/>\nMed en professionel vaskemaskine i stalden er det n\u00e6rliggende ogs\u00e5 at anvende den til vask af arbejdst\u00f8j m.m., og det er intet problem. Maskinerne har to programmer til vask af arbejdst\u00f8j: \u00c9t der vasker ved 40\u2009\u00b0C \u2013 og \u00e9t ved 60\u2009\u00b0C.[\/vc_column_text][vc_empty_space][vc_single_image image=&#8221;7278&#8243; img_size=&#8221;full&#8221;][elx_heading text_color=&#8221;electrolux-blue&#8221;]St\u00f8rre driftssikkerhed og top hygiejne[\/elx_heading][vc_column_text el_class=&#8221;p-16&#8243; css=&#8221;.vc_custom_1530799399551{margin-right: -10px !important;}&#8221;]P\u00e5 alle modeller er der f.eks. gjort ekstra meget ud af at indkapsle elektronik og lugel\u00e5s for at \u00f8ge driftssikkerheden. Malkekludsmaskinerne er konstrueret til at holde i 10\u2009\u201315 \u00e5r med en meget h\u00f8j driftssikkerhed. Der er ogs\u00e5 t\u00e6nkt p\u00e5 hygiejnen i stalden med rustfri st\u00e5ltromle og -kabinet, som er lette at holde rene.[\/vc_column_text][vc_empty_space][vc_single_image image=&#8221;7280&#8243; img_size=&#8221;full&#8221;][elx_heading text_color=&#8221;electrolux-blue&#8221;]Genbrug af varmt vand sparer p\u00e5 energien[\/elx_heading][vc_column_text el_class=&#8221;p-16&#8243; css=&#8221;.vc_custom_1530799791953{margin-right: -10px !important;}&#8221;]Der er mulighed for at genbruge det varme k\u00f8levand fra k\u00f8letank\/varmepumpe og derved reducere udgifterne til opvarmning af vaskevandet \u2013 uden risiko for d\u00e5rlig hygiejne i malkekludene.<\/p>\n<p>Alle malkekludsmaskinerne fra Electrolux er programmeret til effektiv vask med mindst mulig brug af el, vand, s\u00e6be og desinfektionsmiddel \u2013 til fordel for milj\u00f8et og din \u00f8konomi![\/vc_column_text][\/vc_column][\/vc_row][vc_row css=&#8221;.vc_custom_1577714018229{margin-top: 40px !important;}&#8221;][vc_column reveal_effect=&#8221;&#8221; css=&#8221;.vc_custom_1629274022675{margin-top: 60px !important;border-top-width: 1px !important;padding-top: 32px !important;border-top-color: #dadfe1 !important;border-top-style: solid !important;}&#8221;][elx_heading text_color=&#8221;inherit&#8221;]Du kan v\u00e6lge mellem seks st\u00f8rrelser \u2013 fra 180 til 580 malkeklude pr. vask[\/elx_heading][\/vc_column][\/vc_row][vc_row equal_height=&#8221;yes&#8221;][vc_column width=&#8221;1\/3&#8243;]<div class=\"product-list-item\"><div class=\"single-product-content\"><a href=\"https:\/\/www.electroluxprofessional.com\/dk\/pd\/vaskemaskiner\/super-spin-200-g\/ws6-8\/WS6-8\/\" target=\"_blank\"><figure class=\"wow fadeIn\"><img decoding=\"async\" src=\"https:\/\/tools.electroluxprofessional.com\/Mirror\/Doc\/ELS%2FPH_255x255%2FWS6-8.jpg\" alt=\"WS6-8\"><\/figure><h3>WS6-8<\/h3><\/a><div class=\"product-description\">Vaskemaskine, Super Spin, 8 kg kapacitet, Compass Pro<\/div><\/div><hr><div class=\"pre-actions\"><div class=\"reviews\"><\/div><\/div><div class=\"action\"><a href=\"https:\/\/www.electroluxprofessional.com\/dk\/pd\/vaskemaskiner\/super-spin-200-g\/ws6-8\/WS6-8\/\" target=\"_blank\" class=\"btn btn-primary\">Mere info<\/a><\/div><\/div><div class=\"product-list-item\"><div class=\"single-product-content\"><a href=\"https:\/\/www.electroluxprofessional.com\/dk\/pd\/vaskemaskiner\/super-spin-200-g\/ws6-20\/WS6-20\/\" target=\"_blank\"><figure class=\"wow fadeIn\"><img decoding=\"async\" src=\"https:\/\/tools.electroluxprofessional.com\/Mirror\/Doc\/ELS%2FPH_255x255%2FWS6-20.jpg\" alt=\"WS6-20\"><\/figure><h3>WS6-20<\/h3><\/a><div class=\"product-description\">Vaskemaskine, Super Spin, 20 kg kapacitet, Compass Pro<\/div><\/div><hr><div class=\"pre-actions\"><div class=\"reviews\"><\/div><\/div><div class=\"action\"><a href=\"https:\/\/www.electroluxprofessional.com\/dk\/pd\/vaskemaskiner\/super-spin-200-g\/ws6-20\/WS6-20\/\" target=\"_blank\" class=\"btn btn-primary\">Mere info<\/a><\/div><\/div>[\/vc_column][vc_column width=&#8221;1\/3&#8243;]<div class=\"product-list-item\"><div class=\"single-product-content\"><a href=\"https:\/\/www.electroluxprofessional.com\/dk\/pd\/vaskemaskiner\/super-spin-200-g\/ws6-11\/WS6-11\/\" target=\"_blank\"><figure class=\"wow fadeIn\"><img decoding=\"async\" src=\"https:\/\/tools.electroluxprofessional.com\/Mirror\/Doc\/ELS%2FPH_255x255%2FWS6-11.jpg\" alt=\"WS6-11\"><\/figure><h3>WS6-11<\/h3><\/a><div class=\"product-description\">Vaskemaskine, Super Spin, 11 kg kapacitet, Compass Pro<\/div><\/div><hr><div class=\"pre-actions\"><div class=\"reviews\"><\/div><\/div><div class=\"action\"><a href=\"https:\/\/www.electroluxprofessional.com\/dk\/pd\/vaskemaskiner\/super-spin-200-g\/ws6-11\/WS6-11\/\" target=\"_blank\" class=\"btn btn-primary\">Mere info<\/a><\/div><\/div>[\/vc_column][vc_column width=&#8221;1\/3&#8243;]<div class=\"product-list-item\"><div class=\"single-product-content\"><a href=\"https:\/\/www.electroluxprofessional.com\/dk\/pd\/vaskemaskiner\/super-spin-200-g\/ws6-14\/WS6-14\/\" target=\"_blank\"><figure class=\"wow fadeIn\"><img decoding=\"async\" src=\"https:\/\/tools.electroluxprofessional.com\/Mirror\/Doc\/ELS%2FPH_255x255%2FWS6-14.jpg\" alt=\"WS6-14\"><\/figure><h3>WS6-14<\/h3><\/a><div class=\"product-description\">Vaskemaskine, Super Spin, 14 kg kapacitet, Compass Pro<\/div><\/div><hr><div class=\"pre-actions\"><div class=\"reviews\"><\/div><\/div><div class=\"action\"><a href=\"https:\/\/www.electroluxprofessional.com\/dk\/pd\/vaskemaskiner\/super-spin-200-g\/ws6-14\/WS6-14\/\" target=\"_blank\" class=\"btn btn-primary\">Mere info<\/a><\/div><\/div>[\/vc_column][\/vc_row][vc_row][vc_column][vc_empty_space height=&#8221;60px&#8221;][\/vc_column][\/vc_row]<\/p>\n","protected":false},"excerpt":{"rendered":"<p>[vc_row full_width=&#8221;electroluxpro-full-width-no-padding&#8221;][vc_column][elx_hero_slider label_text_color=&#8221;inherit&#8221; images=&#8221;7196&#8243;][elx_heading font_size=&#8221;h2&#8243; text_color=&#8221;inherit&#8221;]Robust vaskemaskine til vask af malkeklude[\/elx_heading][vc_column_text css=&#8221;.vc_custom_1562330957864{margin-bottom: -5px !important;}&#8221;]Vil du have 100 pct. rene malkeklude?[\/vc_column_text][\/elx_hero_slider][\/vc_column][\/vc_row][vc_row][vc_column width=&#8221;5\/6&#8243; offset=&#8221;vc_hidden-xs&#8221;][vc_empty_space height=&#8221;50px&#8221;][elx_heading font_size=&#8221;h3&#8243; text_color=&#8221;inherit&#8221;]Effektiv vask af malkeklude giver gode afregningspriser[\/elx_heading][vc_empty_space][vc_column_text el_class=&#8221;p-16&#8243; css=&#8221;.vc_custom_1562331429266{border-bottom-width: 10px !important;padding-top: 20px !important;}&#8221;]Alle m\u00e6lkeproducenter ved, at effektiv vask og desinfektion af malkeklude er et v\u00e6sentligt element for at f\u00e5 de bedste [&hellip;]<\/p>\n","protected":false},"author":64,"featured_media":0,"parent":0,"menu_order":0,"comment_status":"closed","ping_status":"closed","template":"","meta":{"footnotes":""},"class_list":["post-7195","page","type-page","status-publish","hentry"],"acf":[],"yoast_head":"<!-- This site is optimized with the Yoast SEO plugin v23.3 - https:\/\/yoast.com\/wordpress\/plugins\/seo\/ -->\n<title>Vask af malkeklude \u2013 specialprogram sikrer 100 pct. bakteriefrie klude<\/title>\n<meta name=\"description\" content=\"Professionel vask af malkeklude. Specialprogram sikrer dig rene og 100 pct. bakteriefrie maleklude. Robust vaskemaskine, der er bygget til det h\u00e5rde liv i stalden. L\u00e6s mere og f\u00e5 tilbud her.\" \/>\n<meta name=\"robots\" content=\"index, follow, max-snippet:-1, max-image-preview:large, max-video-preview:-1\" \/>\n<link rel=\"canonical\" href=\"https:\/\/www.electroluxprofessional.com\/dk\/vask-af-malkeklude\/\" \/>\n<meta property=\"og:locale\" content=\"da_DK\" \/>\n<meta property=\"og:type\" content=\"article\" \/>\n<meta property=\"og:title\" content=\"Vask af malkeklude \u2013 specialprogram sikrer 100 pct. bakteriefrie klude\" \/>\n<meta property=\"og:description\" content=\"Professionel vask af malkeklude. Specialprogram sikrer dig rene og 100 pct. bakteriefrie maleklude. Robust vaskemaskine, der er bygget til det h\u00e5rde liv i stalden. L\u00e6s mere og f\u00e5 tilbud her.\" \/>\n<meta property=\"og:url\" content=\"https:\/\/www.electroluxprofessional.com\/dk\/vask-af-malkeklude\/\" \/>\n<meta property=\"og:site_name\" content=\"Electrolux Professional Danmark\" \/>\n<meta property=\"article:modified_time\" content=\"2024-07-30T08:02:52+00:00\" \/>\n<meta name=\"twitter:card\" content=\"summary_large_image\" \/>\n<meta name=\"twitter:label1\" content=\"Estimeret l\u00e6setid\" \/>\n\t<meta name=\"twitter:data1\" content=\"7 minutter\" \/>\n<script type=\"application\/ld+json\" class=\"yoast-schema-graph\">{\"@context\":\"https:\/\/schema.org\",\"@graph\":[{\"@type\":\"WebPage\",\"@id\":\"https:\/\/www.electroluxprofessional.com\/dk\/vask-af-malkeklude\/\",\"url\":\"https:\/\/www.electroluxprofessional.com\/dk\/vask-af-malkeklude\/\",\"name\":\"Vask af malkeklude \u2013 specialprogram sikrer 100 pct. bakteriefrie klude\",\"isPartOf\":{\"@id\":\"https:\/\/www.electroluxprofessional.com\/dk\/#website\"},\"datePublished\":\"2024-07-29T04:59:24+00:00\",\"dateModified\":\"2024-07-30T08:02:52+00:00\",\"description\":\"Professionel vask af malkeklude. Specialprogram sikrer dig rene og 100 pct. bakteriefrie maleklude. Robust vaskemaskine, der er bygget til det h\u00e5rde liv i stalden. L\u00e6s mere og f\u00e5 tilbud her.\",\"breadcrumb\":{\"@id\":\"https:\/\/www.electroluxprofessional.com\/dk\/vask-af-malkeklude\/#breadcrumb\"},\"inLanguage\":\"da-DK\",\"potentialAction\":[{\"@type\":\"ReadAction\",\"target\":[\"https:\/\/www.electroluxprofessional.com\/dk\/vask-af-malkeklude\/\"]}]},{\"@type\":\"BreadcrumbList\",\"@id\":\"https:\/\/www.electroluxprofessional.com\/dk\/vask-af-malkeklude\/#breadcrumb\",\"itemListElement\":[{\"@type\":\"ListItem\",\"position\":1,\"name\":\"Home\",\"item\":\"https:\/\/www.electroluxprofessional.com\/dk\/\"},{\"@type\":\"ListItem\",\"position\":2,\"name\":\"Vask af malkeklude\"}]},{\"@type\":\"WebSite\",\"@id\":\"https:\/\/www.electroluxprofessional.com\/dk\/#website\",\"url\":\"https:\/\/www.electroluxprofessional.com\/dk\/\",\"name\":\"Electrolux Professional Danmark\",\"description\":\"\",\"potentialAction\":[{\"@type\":\"SearchAction\",\"target\":{\"@type\":\"EntryPoint\",\"urlTemplate\":\"https:\/\/www.electroluxprofessional.com\/dk\/?src={search_term_string}\"},\"query-input\":\"required name=search_term_string\"}],\"inLanguage\":\"da-DK\"}]}<\/script>\n<!-- \/ Yoast SEO plugin. -->","yoast_head_json":{"title":"Vask af malkeklude \u2013 specialprogram sikrer 100 pct. bakteriefrie klude","description":"Professionel vask af malkeklude. Specialprogram sikrer dig rene og 100 pct. bakteriefrie maleklude. Robust vaskemaskine, der er bygget til det h\u00e5rde liv i stalden. L\u00e6s mere og f\u00e5 tilbud her.","robots":{"index":"index","follow":"follow","max-snippet":"max-snippet:-1","max-image-preview":"max-image-preview:large","max-video-preview":"max-video-preview:-1"},"canonical":"https:\/\/www.electroluxprofessional.com\/dk\/vask-af-malkeklude\/","og_locale":"da_DK","og_type":"article","og_title":"Vask af malkeklude \u2013 specialprogram sikrer 100 pct. bakteriefrie klude","og_description":"Professionel vask af malkeklude. Specialprogram sikrer dig rene og 100 pct. bakteriefrie maleklude. Robust vaskemaskine, der er bygget til det h\u00e5rde liv i stalden. L\u00e6s mere og f\u00e5 tilbud her.","og_url":"https:\/\/www.electroluxprofessional.com\/dk\/vask-af-malkeklude\/","og_site_name":"Electrolux Professional Danmark","article_modified_time":"2024-07-30T08:02:52+00:00","twitter_card":"summary_large_image","twitter_misc":{"Estimeret l\u00e6setid":"7 minutter"},"schema":{"@context":"https:\/\/schema.org","@graph":[{"@type":"WebPage","@id":"https:\/\/www.electroluxprofessional.com\/dk\/vask-af-malkeklude\/","url":"https:\/\/www.electroluxprofessional.com\/dk\/vask-af-malkeklude\/","name":"Vask af malkeklude \u2013 specialprogram sikrer 100 pct. bakteriefrie klude","isPartOf":{"@id":"https:\/\/www.electroluxprofessional.com\/dk\/#website"},"datePublished":"2024-07-29T04:59:24+00:00","dateModified":"2024-07-30T08:02:52+00:00","description":"Professionel vask af malkeklude. Specialprogram sikrer dig rene og 100 pct. bakteriefrie maleklude. Robust vaskemaskine, der er bygget til det h\u00e5rde liv i stalden. L\u00e6s mere og f\u00e5 tilbud her.","breadcrumb":{"@id":"https:\/\/www.electroluxprofessional.com\/dk\/vask-af-malkeklude\/#breadcrumb"},"inLanguage":"da-DK","potentialAction":[{"@type":"ReadAction","target":["https:\/\/www.electroluxprofessional.com\/dk\/vask-af-malkeklude\/"]}]},{"@type":"BreadcrumbList","@id":"https:\/\/www.electroluxprofessional.com\/dk\/vask-af-malkeklude\/#breadcrumb","itemListElement":[{"@type":"ListItem","position":1,"name":"Home","item":"https:\/\/www.electroluxprofessional.com\/dk\/"},{"@type":"ListItem","position":2,"name":"Vask af malkeklude"}]},{"@type":"WebSite","@id":"https:\/\/www.electroluxprofessional.com\/dk\/#website","url":"https:\/\/www.electroluxprofessional.com\/dk\/","name":"Electrolux Professional Danmark","description":"","potentialAction":[{"@type":"SearchAction","target":{"@type":"EntryPoint","urlTemplate":"https:\/\/www.electroluxprofessional.com\/dk\/?src={search_term_string}"},"query-input":"required name=search_term_string"}],"inLanguage":"da-DK"}]}},"_links":{"self":[{"href":"https:\/\/www.electroluxprofessional.com\/dk\/wp-json\/wp\/v2\/pages\/7195"}],"collection":[{"href":"https:\/\/www.electroluxprofessional.com\/dk\/wp-json\/wp\/v2\/pages"}],"about":[{"href":"https:\/\/www.electroluxprofessional.com\/dk\/wp-json\/wp\/v2\/types\/page"}],"author":[{"embeddable":true,"href":"https:\/\/www.electroluxprofessional.com\/dk\/wp-json\/wp\/v2\/users\/64"}],"replies":[{"embeddable":true,"href":"https:\/\/www.electroluxprofessional.com\/dk\/wp-json\/wp\/v2\/comments?post=7195"}],"version-history":[{"count":110,"href":"https:\/\/www.electroluxprofessional.com\/dk\/wp-json\/wp\/v2\/pages\/7195\/revisions"}],"predecessor-version":[{"id":28123,"href":"https:\/\/www.electroluxprofessional.com\/dk\/wp-json\/wp\/v2\/pages\/7195\/revisions\/28123"}],"wp:attachment":[{"href":"https:\/\/www.electroluxprofessional.com\/dk\/wp-json\/wp\/v2\/media?parent=7195"}],"curies":[{"name":"wp","href":"https:\/\/api.w.org\/{rel}","templated":true}]}}