{"id":7181,"date":"2025-08-13T08:40:47","date_gmt":"2025-08-13T08:40:47","guid":{"rendered":"https:\/\/www.electroluxprofessional.com\/dk\/?page_id=7181"},"modified":"2025-08-18T13:28:26","modified_gmt":"2025-08-18T13:28:26","slug":"professionelle-frontbetjente-vaskemaskiner","status":"publish","type":"page","link":"https:\/\/www.electroluxprofessional.com\/dk\/professionelle-frontbetjente-vaskemaskiner\/","title":{"rendered":"Frontbetjente vaskemaskiner"},"content":{"rendered":"<p>[vc_row full_width=&#8221;electroluxpro-full-width-no-padding&#8221;][vc_column][elx_hero_slider label_text_color=&#8221;inherit&#8221; images=&#8221;19076&#8243;][vc_column_text css=&#8221;.vc_custom_1550960385150{margin-top: -15px !important;margin-bottom: -15px !important;padding-top: 0px !important;padding-right: 0px !important;padding-bottom: 0px !important;padding-left: 0px !important;}&#8221;]<\/p>\n<h1 style=\"font-size: 4px; color: #ffffff; line-height: 0.8em;\">Professionelle frontbetjente vaskemaskiner<\/h1>\n<p>[\/vc_column_text][elx_heading font_size=&#8221;h2&#8243; text_color=&#8221;inherit&#8221; css=&#8221;.vc_custom_1646745899478{margin-top: -10px !important;}&#8221;]Frontbetjente vaskemaskiner[\/elx_heading][vc_column_text css=&#8221;.vc_custom_1612535622507{margin-bottom: -5px !important;}&#8221; el_class=&#8221;p-16&#8243;]Et bredt sortiment af professionelle frontbetjente vaskemaskiner kan im\u00f8dekomme dine krav og behov.[\/vc_column_text][\/elx_hero_slider][\/vc_column][\/vc_row][vc_row][vc_column offset=&#8221;vc_hidden-xs&#8221;][vc_empty_space height=&#8221;50px&#8221;][\/vc_column][\/vc_row][vc_row][vc_column offset=&#8221;vc_hidden-lg vc_hidden-md vc_hidden-sm&#8221;][vc_empty_space][elx_heading font_size=&#8221;h1&#8243; text_color=&#8221;inherit&#8221; css=&#8221;.vc_custom_1529479550173{margin-left: 20px !important;}&#8221;]Brugervenlige og drifts\u00f8konomiske maskiner[\/elx_heading][\/vc_column][\/vc_row][vc_row css=&#8221;.vc_custom_1529479625648{margin-left: 20px !important;}&#8221;][vc_column reveal_effect=&#8221;&#8221; offset=&#8221;vc_hidden-xs&#8221; css=&#8221;.vc_custom_1550956925469{padding-left: 15px !important;}&#8221;][elx_heading font_size=&#8221;h1&#8243; text_color=&#8221;inherit&#8221; css=&#8221;.vc_custom_1646745961455{margin-left: 20px !important;}&#8221;]Brugervenlige og drifts\u00f8konomiske maskiner[\/elx_heading][vc_empty_space height=&#8221;50px&#8221;][\/vc_column][\/vc_row][vc_row][vc_column reveal_effect=&#8221;&#8221; width=&#8221;2\/3&#8243; css=&#8221;.vc_custom_1550958672937{margin-left: -15px !important;padding-right: 15px !important;}&#8221;][vc_empty_space][vc_row_inner][vc_column_inner width=&#8221;1\/6&#8243;][vc_single_image image=&#8221;6219&#8243; img_size=&#8221;90&#215;90&#8243; alignment=&#8221;center&#8221;][\/vc_column_inner][vc_column_inner width=&#8221;5\/6&#8243;][vc_column_text el_class=&#8221;p-16&#8243; css=&#8221;.vc_custom_1551089090583{padding-top: 10px !important;}&#8221;]Vi tilbyder professionelle frontbetjente vaskemaskiner, der er skr\u00e6ddersyet til forskellige brancher. Fra brancher der kr\u00e6ver h\u00f8j hygiejne (sundhed, reng\u00f8ring, landbrug). Til f\u00e6llesvaskerier i boligforeninger, som har behov for robuste og brugervenlige l\u00f8sninger.[\/vc_column_text][\/vc_column_inner][\/vc_row_inner][vc_row_inner css=&#8221;.vc_custom_1579603857411{margin-top: 10px !important;margin-bottom: 20px !important;}&#8221;][vc_column_inner width=&#8221;1\/6&#8243;][vc_single_image image=&#8221;6217&#8243; img_size=&#8221;90&#215;90&#8243; alignment=&#8221;center&#8221;][\/vc_column_inner][vc_column_inner width=&#8221;5\/6&#8243;][vc_column_text el_class=&#8221;p-16&#8243; css=&#8221;.vc_custom_1550958555403{padding-top: 20px !important;padding-bottom: 10px !important;}&#8221;]Automatisk besparelse p\u00e5 vand- og energiforbruget, n\u00e5r vaskemaskinen kun er halvt fyldt (op til 50 % vandbesparelse).[\/vc_column_text][\/vc_column_inner][\/vc_row_inner][vc_row_inner][vc_column_inner width=&#8221;1\/6&#8243;][vc_single_image image=&#8221;6218&#8243; img_size=&#8221;90&#215;90&#8243; alignment=&#8221;center&#8221;][\/vc_column_inner][vc_column_inner width=&#8221;5\/6&#8243;][vc_column_text el_class=&#8221;p-16&#8243; css=&#8221;.vc_custom_1529419884060{padding-top: 20px !important;padding-bottom: 10px !important;}&#8221;]Brugervenligt betjeningspanel med stort display og mange forskellige sprog. Stor luge\u00e5bning giver let adgang til vasketromlen.[\/vc_column_text][\/vc_column_inner][\/vc_row_inner][vc_row_inner css=&#8221;.vc_custom_1579603869164{margin-top: 30px !important;}&#8221;][vc_column_inner width=&#8221;1\/6&#8243;][vc_single_image image=&#8221;6220&#8243; img_size=&#8221;90&#215;90&#8243; alignment=&#8221;center&#8221;][\/vc_column_inner][vc_column_inner width=&#8221;5\/6&#8243;][vc_column_text el_class=&#8221;p-16&#8243; css=&#8221;.vc_custom_1614611107581{border-bottom-width: 10px !important;padding-top: 20px !important;}&#8221;]Lang holdbarhed og problemfri drift. Electrolux Professionals professionelle vaskemaskiner er konstrueret til at klare mindst 30.000 vaske med fuld fyldning.[\/vc_column_text][vc_empty_space][\/vc_column_inner][\/vc_row_inner][\/vc_column][vc_column width=&#8221;1\/3&#8243;][vc_row_inner][vc_column_inner][vc_empty_space][\/vc_column_inner][\/vc_row_inner][vc_single_image image=&#8221;13963&#8243; img_size=&#8221;full&#8221; onclick=&#8221;custom_link&#8221; link=&#8221;https:\/\/www.electroluxprofessional.com\/dk\/professionelle-frontbetjente-vaskemaskiner\/#produkter&#8221;][vc_column_text el_class=&#8221;p-14&#8243; css=&#8221;.vc_custom_1614611086513{margin-top: 10px !important;}&#8221;]<\/p>\n<p style=\"text-align: center;\">Line 6000 WH6-14 med Clarus Vibe Control<\/p>\n<p>[\/vc_column_text][vc_empty_space][\/vc_column][\/vc_row][vc_row css=&#8221;.vc_custom_1528366681890{margin-top: 0px !important;margin-right: 0px !important;margin-bottom: 0px !important;margin-left: 0px !important;border-top-width: 0px !important;border-right-width: 0px !important;border-bottom-width: 0px !important;border-left-width: 0px !important;padding-top: 0px !important;padding-right: 0px !important;padding-bottom: 0px !important;padding-left: 0px !important;}&#8221;][vc_column css=&#8221;.vc_custom_1528364701518{margin-top: 0px !important;margin-left: 0px !important;border-top-width: 0px !important;border-left-width: 0px !important;padding-top: 0px !important;padding-left: 0px !important;}&#8221;][vc_empty_space height=&#8221;80px&#8221;][\/vc_column][\/vc_row][vc_row content_placement=&#8221;top&#8221; css=&#8221;.vc_custom_1605097704354{padding-top: 30px !important;padding-bottom: 20px !important;background-color: #dadfe1 !important;}&#8221;][vc_column reveal_effect=&#8221;&#8221; width=&#8221;1\/2&#8243; css=&#8221;.vc_custom_1605097675934{border-top-width: 40px !important;padding-right: 25px !important;padding-left: 25px !important;}&#8221;][vc_column_text css=&#8221;.vc_custom_1614611125982{margin-bottom: 20px !important;}&#8221;]<\/p>\n<h4>Boligforening i Esbjerg valgte Electrolux Professional. H\u00f8r hvorfor<\/h4>\n<p>[\/vc_column_text][elx_video_block background_image=&#8221;6378&#8243; video_link=&#8221;https:\/\/www.youtube.com\/watch?list=PLa3NWvYbt5TU7W5PZCfvTB-g9XWAfyZAo&amp;time_continue=2&amp;v=t26Exy11fFo&#8221; minimum_height=&#8221;263px&#8221;][vc_empty_space height=&#8221;20px&#8221;][\/vc_column][vc_column reveal_effect=&#8221;&#8221; width=&#8221;1\/2&#8243; css=&#8221;.vc_custom_1605097691929{padding-right: 25px !important;padding-left: 25px !important;}&#8221;][vc_row_inner][vc_column_inner offset=&#8221;vc_hidden-lg vc_hidden-md vc_hidden-sm&#8221;][vc_empty_space][\/vc_column_inner][\/vc_row_inner][vc_column_text]<\/p>\n<h4>Nemmere, billigere, gr\u00f8nnere<\/h4>\n<p>[\/vc_column_text][vc_empty_space height=&#8221;46px&#8221;][vc_column_text el_class=&#8221;p-16&#8243; css=&#8221;.vc_custom_1614611154191{margin-bottom: 15px !important;}&#8221;]Med Electrolux Professionals frontbetjente vaskemaskiner sparer du driftsomkostninger og sk\u00e5ner milj\u00f8et.[\/vc_column_text][elx_button button_text=&#8221;Line 6000 er nemmere, billigere og gr\u00f8nnere&#8221; button_style=&#8221;default&#8221; button_link=&#8221;url:https%3A%2F%2Fwww.electroluxprofessional.com%2Fdk%2Findustrivaskemaskine%2F|title:Professionelt%20vaskeri%3A%20Nemmere%2C%20billigere%20og%20gr%C3%B8nnere|target:_blank&#8221; css=&#8221;.vc_custom_1755523635253{margin-top: 20px !important;}&#8221;][\/vc_column][\/vc_row][vc_row][vc_column][vc_empty_space height=&#8221;50px&#8221;][\/vc_column][\/vc_row][vc_row css=&#8221;.vc_custom_1697632862879{margin-top: 32px !important;}&#8221;][vc_column width=&#8221;2\/3&#8243;][vc_row_inner][vc_column_inner][elx_heading font_container=&#8221;h3&#8243; font_size=&#8221;h3&#8243; text_color=&#8221;inherit&#8221; text_align=&#8221;text-left&#8221; css=&#8221;.vc_custom_1582034608817{margin-bottom: 40px !important;}&#8221;]Du er m\u00e5ske ogs\u00e5 interesseret i:[\/elx_heading][\/vc_column_inner][\/vc_row_inner][\/vc_column][vc_column width=&#8221;1\/3&#8243;][\/vc_column][\/vc_row][vc_row css=&#8221;.vc_custom_1697632862879{margin-top: 32px !important;}&#8221;][vc_column width=&#8221;2\/3&#8243;][vc_row_inner][vc_column_inner width=&#8221;1\/2&#8243;][vc_single_image image=&#8221;916&#8243; img_size=&#8221;360&#215;210&#8243; alignment=&#8221;center&#8221; css=&#8221;.vc_custom_1582032396150{margin-bottom: 32px !important;}&#8221;][elx_heading font_container=&#8221;h4&#8243; text_color=&#8221;inherit&#8221; css=&#8221;.vc_custom_1582032437390{padding-top: 12px !important;padding-bottom: 0px !important;}&#8221;]Effektive vaskemaskiner med optimal ergonomi[\/elx_heading][vc_column_text el_class=&#8221;p-16&#8243; css=&#8221;.vc_custom_1582032534164{margin-top: 0px !important;}&#8221;]Sidebetjente vaskemaskiner med kapacitet til at opfylde selv de mest kr\u00e6vende behov. <a href=\"https:\/\/www.electroluxprofessional.com\/dk\/sidebetjente-vaskemaskiner\/\">Se vores brede sortiment<\/a>[\/vc_column_text][vc_empty_space][\/vc_column_inner][vc_column_inner width=&#8221;1\/2&#8243;][vc_single_image image=&#8221;3580&#8243; img_size=&#8221;360&#215;210&#8243; alignment=&#8221;center&#8221; css=&#8221;.vc_custom_1582032634651{margin-bottom: 32px !important;}&#8221;][elx_heading font_container=&#8221;h4&#8243; text_color=&#8221;inherit&#8221;]Pr\u00e6cis dosering med automatik[\/elx_heading][vc_column_text el_class=&#8221;p-16&#8243;]Undg\u00e5 overdosering med automatisk dosering. <a href=\"https:\/\/www.electroluxprofessional.com\/dk\/automatisk-saebedosering\/\">Se mere om hvordan<\/a>[\/vc_column_text][vc_empty_space][\/vc_column_inner][\/vc_row_inner][vc_row_inner][vc_column_inner offset=&#8221;vc_hidden-xs&#8221;][vc_empty_space height=&#8221;52px&#8221;][\/vc_column_inner][\/vc_row_inner][vc_row_inner][vc_column_inner width=&#8221;1\/2&#8243;][vc_single_image image=&#8221;18341&#8243; img_size=&#8221;360&#215;210&#8243; alignment=&#8221;center&#8221; css=&#8221;.vc_custom_1606296046247{margin-bottom: 32px !important;}&#8221;][elx_heading font_container=&#8221;h4&#8243; text_color=&#8221;inherit&#8221; css=&#8221;.vc_custom_1582033046489{padding-top: 12px !important;padding-bottom: 0px !important;}&#8221;]Bedste t\u00f8rreresultater med laveste forbrug[\/elx_heading][vc_column_text el_class=&#8221;p-16&#8243; css=&#8221;.vc_custom_1755523692859{margin-top: 0px !important;}&#8221;]Her kan du finde en industri t\u00f8rretumbler, der matcher dine krav og behov. Du kan v\u00e6lge tumbler med aftr\u00e6k, kondens eller varmepumpe. <a href=\"https:\/\/www.electroluxprofessional.com\/dk\/varmepumpe-toerretumbler\/\">L\u00e6s mere om Line 6000 varmepumpetumblere<\/a>[\/vc_column_text][vc_empty_space][\/vc_column_inner][vc_column_inner width=&#8221;1\/2&#8243;][vc_single_image image=&#8221;14982&#8243; img_size=&#8221;360&#215;210&#8243; alignment=&#8221;center&#8221; css=&#8221;.vc_custom_1582033779651{margin-bottom: 32px !important;}&#8221;][elx_heading font_container=&#8221;h4&#8243; text_color=&#8221;inherit&#8221;]Line 6000 vaskemaskiner og t\u00f8rretumblere[\/elx_heading][vc_column_text el_class=&#8221;p-16&#8243;]Nu kan du f\u00e5 Line 6000 maskiner i den st\u00f8rrelse, der passer til vaskebehovet i dit vaskeri. <a href=\"https:\/\/www.electroluxprofessional.com\/dk\/industrivaskemaskiner\/\">Line 6000 industrivaskemaskine<\/a>[\/vc_column_text][vc_empty_space][\/vc_column_inner][\/vc_row_inner][\/vc_column][vc_column width=&#8221;1\/3&#8243;][vc_row_inner css=&#8221;.vc_custom_1753797253219{border-top-width: 1px !important;border-right-width: 1px !important;border-bottom-width: 1px !important;border-left-width: 1px !important;padding-top: 20px !important;padding-right: 10px !important;padding-bottom: 35px !important;padding-left: 10px !important;border-left-color: #dadfe1 !important;border-left-style: solid !important;border-right-color: #dadfe1 !important;border-right-style: solid !important;border-top-color: #dadfe1 !important;border-top-style: solid !important;border-bottom-color: #dadfe1 !important;border-bottom-style: solid !important;}&#8221;][vc_column_inner][vc_column_text css=&#8221;.vc_custom_1582034186872{margin-bottom: 22px !important;}&#8221;]<\/p>\n<h6 style=\"line-height: 1.2em;\">F\u00e5 et tilbud p\u00e5 vaskemaskiner, der passer til dit behov<\/h6>\n<p>[\/vc_column_text][vc_empty_space height=&#8221;10px&#8221;][elx_o2000_contact_us s=&#8221;OnE Demand&#8221; flag_hide_request_type=&#8221;true&#8221; country=&#8221;Denmark&#8221; b=&#8221;laundry&#8221; thanks=&#8221;Tak for din interesse! Vi kontakter dig snarest.&#8221; button_mode=&#8221;true&#8221; postion_button=&#8221;text-left&#8221; postion_button_mobile=&#8221;text-left-mobile&#8221; r=&#8221;F\u00e5 svar p\u00e5 dine sp\u00f8rgsm\u00e5l om valg af vaskemaskiner&#8221; l=&#8221;dk&#8221; e=&#8221;steen.rasmussen@electroluxprofessional.com&#8221; text_btn_contact=&#8221;H\u00f8r mere eller f\u00e5 et tilbud&#8221;][\/vc_column_inner][\/vc_row_inner][\/vc_column][\/vc_row][vc_row css=&#8221;.vc_custom_1753797368943{padding-bottom: 40px !important;background-color: #dadfe1 !important;}&#8221;][vc_column reveal_effect=&#8221;&#8221; width=&#8221;1\/5&#8243;][vc_empty_space height=&#8221;10px&#8221;][\/vc_column][vc_column width=&#8221;3\/5&#8243;][vc_empty_space][elx_heading font_size=&#8221;h2&#8243; text_color=&#8221;inherit&#8221; text_align=&#8221;text-center&#8221;]Guide til k\u00f8b af maskiner i f\u00e6llesvaskeri[\/elx_heading][vc_column_text el_class=&#8221;p-16&#8243; css=&#8221;.vc_custom_1753788416987{padding-right: 20px !important;}&#8221;]<strong>Se her hvad du skal t\u00e6nke p\u00e5, n\u00e5r maskinerne i vaskeriet skal udskiftes \u2013 uanset om det er en enkel professionel vaskemaskine eller et komplet vaskeri. Du finder ogs\u00e5 en guide med forskellige forslag til finansiering af jeres vaskeri.<\/strong>[\/vc_column_text][elx_button button_text=&#8221;Guide i 10 punkter&#8221; button_display_block=&#8221;display_block_on&#8221; button_alignment=&#8221;align_center&#8221; button_link=&#8221;url:https%3A%2F%2Fwww.electroluxprofessional.com%2Fdk%2Fguide-til-koeb-2025%2F|title:Guide%20til%20k%C3%B8b%20%E2%80%93%2010%20punkter&#8221; css=&#8221;.vc_custom_1753788492120{margin-top: 40px !important;}&#8221;][\/vc_column][vc_column width=&#8221;1\/5&#8243;][\/vc_column][\/vc_row][vc_row css=&#8221;.vc_custom_1612536488247{margin-top: 60px !important;}&#8221; el_id=&#8221;produkter&#8221;][vc_column][elx_heading font_size=&#8221;h1&#8243; text_color=&#8221;inherit&#8221; text_align=&#8221;text-center&#8221;]Find frontbetjent vaskemaskine, der passer til jeres behov[\/elx_heading][vc_empty_space][\/vc_column][\/vc_row]<\/p>\n","protected":false},"excerpt":{"rendered":"<p>[vc_row full_width=&#8221;electroluxpro-full-width-no-padding&#8221;][vc_column][elx_hero_slider label_text_color=&#8221;inherit&#8221; images=&#8221;19076&#8243;][vc_column_text css=&#8221;.vc_custom_1550960385150{margin-top: -15px !important;margin-bottom: -15px !important;padding-top: 0px !important;padding-right: 0px !important;padding-bottom: 0px !important;padding-left: 0px !important;}&#8221;] Professionelle frontbetjente vaskemaskiner [\/vc_column_text][elx_heading font_size=&#8221;h2&#8243; text_color=&#8221;inherit&#8221; css=&#8221;.vc_custom_1646745899478{margin-top: -10px !important;}&#8221;]Frontbetjente vaskemaskiner[\/elx_heading][vc_column_text css=&#8221;.vc_custom_1612535622507{margin-bottom: -5px !important;}&#8221; el_class=&#8221;p-16&#8243;]Et bredt sortiment af professionelle frontbetjente vaskemaskiner kan im\u00f8dekomme dine krav og behov.[\/vc_column_text][\/elx_hero_slider][\/vc_column][\/vc_row][vc_row][vc_column offset=&#8221;vc_hidden-xs&#8221;][vc_empty_space height=&#8221;50px&#8221;][\/vc_column][\/vc_row][vc_row][vc_column offset=&#8221;vc_hidden-lg vc_hidden-md vc_hidden-sm&#8221;][vc_empty_space][elx_heading font_size=&#8221;h1&#8243; text_color=&#8221;inherit&#8221; css=&#8221;.vc_custom_1529479550173{margin-left: 20px !important;}&#8221;]Brugervenlige og drifts\u00f8konomiske [&hellip;]<\/p>\n","protected":false},"author":64,"featured_media":0,"parent":0,"menu_order":0,"comment_status":"closed","ping_status":"closed","template":"","meta":{"footnotes":""},"class_list":["post-7181","page","type-page","status-publish","hentry"],"acf":[],"yoast_head":"<!-- This site is optimized with the Yoast SEO plugin v23.3 - https:\/\/yoast.com\/wordpress\/plugins\/seo\/ -->\n<title>Professionelle frontbetjente vaskemaskiner - Electrolux Professional<\/title>\n<meta name=\"description\" content=\"Professionelle frontbetjente vaskemaskiner, der er skr\u00e6ddersyet til forskellige brancher. Fra de mest kr\u00e6vende med hensyn til hygiejne (sundhed, reng\u00f8ring, landbrug). Til f\u00e6llesvaskerier i boligforeninger, som har behov for robuste og brugervenlige l\u00f8sninger. Find din maskine her\" \/>\n<meta name=\"robots\" content=\"index, follow, max-snippet:-1, max-image-preview:large, max-video-preview:-1\" \/>\n<link rel=\"canonical\" href=\"https:\/\/www.electroluxprofessional.com\/dk\/professionelle-frontbetjente-vaskemaskiner\/\" \/>\n<meta property=\"og:locale\" content=\"da_DK\" \/>\n<meta property=\"og:type\" content=\"article\" \/>\n<meta property=\"og:title\" content=\"Professionelle frontbetjente vaskemaskiner - Electrolux Professional\" \/>\n<meta property=\"og:description\" content=\"Professionelle frontbetjente vaskemaskiner, der er skr\u00e6ddersyet til forskellige brancher. Fra de mest kr\u00e6vende med hensyn til hygiejne (sundhed, reng\u00f8ring, landbrug). Til f\u00e6llesvaskerier i boligforeninger, som har behov for robuste og brugervenlige l\u00f8sninger. Find din maskine her\" \/>\n<meta property=\"og:url\" content=\"https:\/\/www.electroluxprofessional.com\/dk\/professionelle-frontbetjente-vaskemaskiner\/\" \/>\n<meta property=\"og:site_name\" content=\"Electrolux Professional Danmark\" \/>\n<meta property=\"article:modified_time\" content=\"2025-08-18T13:28:26+00:00\" \/>\n<meta name=\"twitter:card\" content=\"summary_large_image\" \/>\n<meta name=\"twitter:label1\" content=\"Estimeret l\u00e6setid\" \/>\n\t<meta name=\"twitter:data1\" content=\"6 minutter\" \/>\n<script type=\"application\/ld+json\" class=\"yoast-schema-graph\">{\"@context\":\"https:\/\/schema.org\",\"@graph\":[{\"@type\":\"WebPage\",\"@id\":\"https:\/\/www.electroluxprofessional.com\/dk\/professionelle-frontbetjente-vaskemaskiner\/\",\"url\":\"https:\/\/www.electroluxprofessional.com\/dk\/professionelle-frontbetjente-vaskemaskiner\/\",\"name\":\"Professionelle frontbetjente vaskemaskiner - Electrolux Professional\",\"isPartOf\":{\"@id\":\"https:\/\/www.electroluxprofessional.com\/dk\/#website\"},\"datePublished\":\"2025-08-13T08:40:47+00:00\",\"dateModified\":\"2025-08-18T13:28:26+00:00\",\"description\":\"Professionelle frontbetjente vaskemaskiner, der er skr\u00e6ddersyet til forskellige brancher. Fra de mest kr\u00e6vende med hensyn til hygiejne (sundhed, reng\u00f8ring, landbrug). Til f\u00e6llesvaskerier i boligforeninger, som har behov for robuste og brugervenlige l\u00f8sninger. Find din maskine her\",\"breadcrumb\":{\"@id\":\"https:\/\/www.electroluxprofessional.com\/dk\/professionelle-frontbetjente-vaskemaskiner\/#breadcrumb\"},\"inLanguage\":\"da-DK\",\"potentialAction\":[{\"@type\":\"ReadAction\",\"target\":[\"https:\/\/www.electroluxprofessional.com\/dk\/professionelle-frontbetjente-vaskemaskiner\/\"]}]},{\"@type\":\"BreadcrumbList\",\"@id\":\"https:\/\/www.electroluxprofessional.com\/dk\/professionelle-frontbetjente-vaskemaskiner\/#breadcrumb\",\"itemListElement\":[{\"@type\":\"ListItem\",\"position\":1,\"name\":\"Home\",\"item\":\"https:\/\/www.electroluxprofessional.com\/dk\/\"},{\"@type\":\"ListItem\",\"position\":2,\"name\":\"Frontbetjente vaskemaskiner\"}]},{\"@type\":\"WebSite\",\"@id\":\"https:\/\/www.electroluxprofessional.com\/dk\/#website\",\"url\":\"https:\/\/www.electroluxprofessional.com\/dk\/\",\"name\":\"Electrolux Professional Danmark\",\"description\":\"\",\"potentialAction\":[{\"@type\":\"SearchAction\",\"target\":{\"@type\":\"EntryPoint\",\"urlTemplate\":\"https:\/\/www.electroluxprofessional.com\/dk\/?src={search_term_string}\"},\"query-input\":\"required name=search_term_string\"}],\"inLanguage\":\"da-DK\"}]}<\/script>\n<!-- \/ Yoast SEO plugin. -->","yoast_head_json":{"title":"Professionelle frontbetjente vaskemaskiner - Electrolux Professional","description":"Professionelle frontbetjente vaskemaskiner, der er skr\u00e6ddersyet til forskellige brancher. Fra de mest kr\u00e6vende med hensyn til hygiejne (sundhed, reng\u00f8ring, landbrug). Til f\u00e6llesvaskerier i boligforeninger, som har behov for robuste og brugervenlige l\u00f8sninger. Find din maskine her","robots":{"index":"index","follow":"follow","max-snippet":"max-snippet:-1","max-image-preview":"max-image-preview:large","max-video-preview":"max-video-preview:-1"},"canonical":"https:\/\/www.electroluxprofessional.com\/dk\/professionelle-frontbetjente-vaskemaskiner\/","og_locale":"da_DK","og_type":"article","og_title":"Professionelle frontbetjente vaskemaskiner - Electrolux Professional","og_description":"Professionelle frontbetjente vaskemaskiner, der er skr\u00e6ddersyet til forskellige brancher. Fra de mest kr\u00e6vende med hensyn til hygiejne (sundhed, reng\u00f8ring, landbrug). Til f\u00e6llesvaskerier i boligforeninger, som har behov for robuste og brugervenlige l\u00f8sninger. Find din maskine her","og_url":"https:\/\/www.electroluxprofessional.com\/dk\/professionelle-frontbetjente-vaskemaskiner\/","og_site_name":"Electrolux Professional Danmark","article_modified_time":"2025-08-18T13:28:26+00:00","twitter_card":"summary_large_image","twitter_misc":{"Estimeret l\u00e6setid":"6 minutter"},"schema":{"@context":"https:\/\/schema.org","@graph":[{"@type":"WebPage","@id":"https:\/\/www.electroluxprofessional.com\/dk\/professionelle-frontbetjente-vaskemaskiner\/","url":"https:\/\/www.electroluxprofessional.com\/dk\/professionelle-frontbetjente-vaskemaskiner\/","name":"Professionelle frontbetjente vaskemaskiner - Electrolux Professional","isPartOf":{"@id":"https:\/\/www.electroluxprofessional.com\/dk\/#website"},"datePublished":"2025-08-13T08:40:47+00:00","dateModified":"2025-08-18T13:28:26+00:00","description":"Professionelle frontbetjente vaskemaskiner, der er skr\u00e6ddersyet til forskellige brancher. Fra de mest kr\u00e6vende med hensyn til hygiejne (sundhed, reng\u00f8ring, landbrug). Til f\u00e6llesvaskerier i boligforeninger, som har behov for robuste og brugervenlige l\u00f8sninger. Find din maskine her","breadcrumb":{"@id":"https:\/\/www.electroluxprofessional.com\/dk\/professionelle-frontbetjente-vaskemaskiner\/#breadcrumb"},"inLanguage":"da-DK","potentialAction":[{"@type":"ReadAction","target":["https:\/\/www.electroluxprofessional.com\/dk\/professionelle-frontbetjente-vaskemaskiner\/"]}]},{"@type":"BreadcrumbList","@id":"https:\/\/www.electroluxprofessional.com\/dk\/professionelle-frontbetjente-vaskemaskiner\/#breadcrumb","itemListElement":[{"@type":"ListItem","position":1,"name":"Home","item":"https:\/\/www.electroluxprofessional.com\/dk\/"},{"@type":"ListItem","position":2,"name":"Frontbetjente vaskemaskiner"}]},{"@type":"WebSite","@id":"https:\/\/www.electroluxprofessional.com\/dk\/#website","url":"https:\/\/www.electroluxprofessional.com\/dk\/","name":"Electrolux Professional Danmark","description":"","potentialAction":[{"@type":"SearchAction","target":{"@type":"EntryPoint","urlTemplate":"https:\/\/www.electroluxprofessional.com\/dk\/?src={search_term_string}"},"query-input":"required name=search_term_string"}],"inLanguage":"da-DK"}]}},"_links":{"self":[{"href":"https:\/\/www.electroluxprofessional.com\/dk\/wp-json\/wp\/v2\/pages\/7181"}],"collection":[{"href":"https:\/\/www.electroluxprofessional.com\/dk\/wp-json\/wp\/v2\/pages"}],"about":[{"href":"https:\/\/www.electroluxprofessional.com\/dk\/wp-json\/wp\/v2\/types\/page"}],"author":[{"embeddable":true,"href":"https:\/\/www.electroluxprofessional.com\/dk\/wp-json\/wp\/v2\/users\/64"}],"replies":[{"embeddable":true,"href":"https:\/\/www.electroluxprofessional.com\/dk\/wp-json\/wp\/v2\/comments?post=7181"}],"version-history":[{"count":64,"href":"https:\/\/www.electroluxprofessional.com\/dk\/wp-json\/wp\/v2\/pages\/7181\/revisions"}],"predecessor-version":[{"id":30090,"href":"https:\/\/www.electroluxprofessional.com\/dk\/wp-json\/wp\/v2\/pages\/7181\/revisions\/30090"}],"wp:attachment":[{"href":"https:\/\/www.electroluxprofessional.com\/dk\/wp-json\/wp\/v2\/media?parent=7181"}],"curies":[{"name":"wp","href":"https:\/\/api.w.org\/{rel}","templated":true}]}}