{"id":7103,"date":"2026-02-20T08:59:21","date_gmt":"2026-02-20T08:59:21","guid":{"rendered":"https:\/\/www.electroluxprofessional.com\/dk\/?page_id=7103"},"modified":"2026-02-26T09:11:54","modified_gmt":"2026-02-26T09:11:54","slug":"kontakt","status":"publish","type":"page","link":"https:\/\/www.electroluxprofessional.com\/dk\/kontakt\/","title":{"rendered":"Kontakt"},"content":{"rendered":"<p>[vc_row css=&#8221;.vc_custom_1633341203452{background-color: #dadfe1 !important;}&#8221;][vc_column][vc_empty_space][elx_heading font_container=&#8221;h1&#8243; text_color=&#8221;electrolux-blue&#8221; text_align=&#8221;text-left&#8221; css=&#8221;.vc_custom_1530688583903{margin-top: 50px !important;margin-bottom: 50px !important;}&#8221;]Kontakt[\/elx_heading][vc_row_inner][vc_column_inner offset=&#8221;vc_hidden-xs&#8221;][vc_empty_space height=&#8221;50px&#8221;][\/vc_column_inner][\/vc_row_inner][vc_row_inner][vc_column_inner offset=&#8221;vc_hidden-lg vc_hidden-md vc_hidden-sm&#8221;][vc_empty_space height=&#8221;30px&#8221;][\/vc_column_inner][\/vc_row_inner][\/vc_column][\/vc_row][vc_row][vc_column][vc_empty_space][vc_column_text css=&#8221;.vc_custom_1530688619836{margin-bottom: 30px !important;}&#8221; el_class=&#8221;p-16&#8243;]Har du sp\u00f8rgsm\u00e5l til vores vaskeril\u00f8sninger \u2013 eller \u00f8nsker du et tilbud \u2013 s\u00e5 kontakt os:[\/vc_column_text][\/vc_column][\/vc_row][vc_row][vc_column width=&#8221;1\/2&#8243;][vc_row_inner css=&#8221;.vc_custom_1619428640252{border-top-width: 1px !important;border-right-width: 1px !important;border-bottom-width: 1px !important;border-left-width: 1px !important;padding-top: 20px !important;padding-right: 20px !important;padding-bottom: 20px !important;padding-left: 20px !important;border-left-color: #2acbd3 !important;border-left-style: solid !important;border-right-color: #2acbd3 !important;border-right-style: solid !important;border-top-color: #2acbd3 !important;border-top-style: solid !important;border-bottom-color: #2acbd3 !important;border-bottom-style: solid !important;}&#8221;][vc_column_inner][elx_heading font_container=&#8221;h4&#8243; text_color=&#8221;electrolux-blue&#8221; text_align=&#8221;text-left&#8221;]Ja tak. Jeg vil gerne h\u00f8re mere![\/elx_heading][vc_empty_space height=&#8221;20px&#8221;][elx_o2000_contact_us form_alignment=&#8221;left&#8221; s=&#8221;Kontakt mig&#8221; flag_hide_request_type=&#8221;true&#8221; country=&#8221;Denmark&#8221; b=&#8221;laundry&#8221; r=&#8221;Kontakt mig ang\u00e5ende&#8230;&#8221; l=&#8221;dk&#8221; e=&#8221;steen.rasmussen@electroluxprofessional.com&#8221;][\/vc_column_inner][\/vc_row_inner][\/vc_column][vc_column width=&#8221;1\/2&#8243;][vc_row_inner][vc_column_inner][vc_empty_space height=&#8221;80px&#8221;][vc_column_text el_class=&#8221;p-14&#8243;]<\/p>\n<h6>Salg:<\/h6>\n<p>Tlf. 63 76 22 20<br \/>\nman-tors kl. 8-16<br \/>\nfre kl. 9-15.30<br \/>\n<a href=\"mailto:salg.dk@electroluxprofessional.com\">salg.dk@electroluxprofessional.com<\/a><\/p>\n<h6>Service:<\/h6>\n<p>Tlf. 63 76 22 21<br \/>\nman-tors kl. 8-16<br \/>\nfre kl. 9-14<br \/>\n<a href=\"mailto:service.dk@electroluxprofessional.com\">service.dk@electroluxprofessional.com<\/a><\/p>\n<h6>Reservedele:<\/h6>\n<p>Tlf. 63 76 22 22<br \/>\nman-tors kl. 8-16<br \/>\nfre kl. 9-14<br \/>\n<a href=\"mailto:reservedele.dk@electroluxprofessional.com\">reservedele.dk@electroluxprofessional.com<\/a>[\/vc_column_text][\/vc_column_inner][\/vc_row_inner][\/vc_column][\/vc_row][vc_row][vc_column][vc_empty_space height=&#8221;60px&#8221;][\/vc_column][\/vc_row]<\/p>\n","protected":false},"excerpt":{"rendered":"<p>[vc_row css=&#8221;.vc_custom_1633341203452{background-color: #dadfe1 !important;}&#8221;][vc_column][vc_empty_space][elx_heading font_container=&#8221;h1&#8243; text_color=&#8221;electrolux-blue&#8221; text_align=&#8221;text-left&#8221; css=&#8221;.vc_custom_1530688583903{margin-top: 50px !important;margin-bottom: 50px !important;}&#8221;]Kontakt[\/elx_heading][vc_row_inner][vc_column_inner offset=&#8221;vc_hidden-xs&#8221;][vc_empty_space height=&#8221;50px&#8221;][\/vc_column_inner][\/vc_row_inner][vc_row_inner][vc_column_inner offset=&#8221;vc_hidden-lg vc_hidden-md vc_hidden-sm&#8221;][vc_empty_space height=&#8221;30px&#8221;][\/vc_column_inner][\/vc_row_inner][\/vc_column][\/vc_row][vc_row][vc_column][vc_empty_space][vc_column_text css=&#8221;.vc_custom_1530688619836{margin-bottom: 30px !important;}&#8221; el_class=&#8221;p-16&#8243;]Har du sp\u00f8rgsm\u00e5l til vores vaskeril\u00f8sninger \u2013 eller \u00f8nsker du et tilbud \u2013 s\u00e5 kontakt os:[\/vc_column_text][\/vc_column][\/vc_row][vc_row][vc_column width=&#8221;1\/2&#8243;][vc_row_inner css=&#8221;.vc_custom_1619428640252{border-top-width: 1px !important;border-right-width: 1px !important;border-bottom-width: 1px !important;border-left-width: 1px !important;padding-top: 20px !important;padding-right: 20px !important;padding-bottom: 20px !important;padding-left: 20px !important;border-left-color: [&hellip;]<\/p>\n","protected":false},"author":64,"featured_media":0,"parent":0,"menu_order":0,"comment_status":"closed","ping_status":"closed","template":"","meta":{"footnotes":""},"class_list":["post-7103","page","type-page","status-publish","hentry"],"acf":[],"yoast_head":"<!-- This site is optimized with the Yoast SEO plugin v23.3 - https:\/\/yoast.com\/wordpress\/plugins\/seo\/ -->\n<title>Electrolux Professional vaskeril\u00f8sninger \u2013 kontakt os<\/title>\n<meta name=\"description\" content=\"Har du sp\u00f8rgsm\u00e5l til vores vaskeril\u00f8sninger eller enkelte produkter \u2013 eller \u00f8nsker du et tilbud \u2013 s\u00e5 kontakt os p\u00e5 tlf. 63 76 22 20 eller udfyld en formular, s\u00e5 kontakter vi dig.\" \/>\n<meta name=\"robots\" content=\"index, follow, max-snippet:-1, max-image-preview:large, max-video-preview:-1\" \/>\n<link rel=\"canonical\" href=\"https:\/\/www.electroluxprofessional.com\/dk\/kontakt\/\" \/>\n<meta property=\"og:locale\" content=\"da_DK\" \/>\n<meta property=\"og:type\" content=\"article\" \/>\n<meta property=\"og:title\" content=\"Electrolux Professional vaskeril\u00f8sninger \u2013 kontakt os\" \/>\n<meta property=\"og:description\" content=\"Har du sp\u00f8rgsm\u00e5l til vores vaskeril\u00f8sninger eller enkelte produkter \u2013 eller \u00f8nsker du et tilbud \u2013 s\u00e5 kontakt os p\u00e5 tlf. 63 76 22 20 eller udfyld en formular, s\u00e5 kontakter vi dig.\" \/>\n<meta property=\"og:url\" content=\"https:\/\/www.electroluxprofessional.com\/dk\/kontakt\/\" \/>\n<meta property=\"og:site_name\" content=\"Electrolux Professional Danmark\" \/>\n<meta property=\"article:modified_time\" content=\"2026-02-26T09:11:54+00:00\" \/>\n<meta name=\"twitter:card\" content=\"summary_large_image\" \/>\n<meta name=\"twitter:label1\" content=\"Estimeret l\u00e6setid\" \/>\n\t<meta name=\"twitter:data1\" content=\"1 minut\" \/>\n<script type=\"application\/ld+json\" class=\"yoast-schema-graph\">{\"@context\":\"https:\/\/schema.org\",\"@graph\":[{\"@type\":\"WebPage\",\"@id\":\"https:\/\/www.electroluxprofessional.com\/dk\/kontakt\/\",\"url\":\"https:\/\/www.electroluxprofessional.com\/dk\/kontakt\/\",\"name\":\"Electrolux Professional vaskeril\u00f8sninger \u2013 kontakt os\",\"isPartOf\":{\"@id\":\"https:\/\/www.electroluxprofessional.com\/dk\/#website\"},\"datePublished\":\"2026-02-20T08:59:21+00:00\",\"dateModified\":\"2026-02-26T09:11:54+00:00\",\"description\":\"Har du sp\u00f8rgsm\u00e5l til vores vaskeril\u00f8sninger eller enkelte produkter \u2013 eller \u00f8nsker du et tilbud \u2013 s\u00e5 kontakt os p\u00e5 tlf. 63 76 22 20 eller udfyld en formular, s\u00e5 kontakter vi dig.\",\"breadcrumb\":{\"@id\":\"https:\/\/www.electroluxprofessional.com\/dk\/kontakt\/#breadcrumb\"},\"inLanguage\":\"da-DK\",\"potentialAction\":[{\"@type\":\"ReadAction\",\"target\":[\"https:\/\/www.electroluxprofessional.com\/dk\/kontakt\/\"]}]},{\"@type\":\"BreadcrumbList\",\"@id\":\"https:\/\/www.electroluxprofessional.com\/dk\/kontakt\/#breadcrumb\",\"itemListElement\":[{\"@type\":\"ListItem\",\"position\":1,\"name\":\"Home\",\"item\":\"https:\/\/www.electroluxprofessional.com\/dk\/\"},{\"@type\":\"ListItem\",\"position\":2,\"name\":\"Kontakt\"}]},{\"@type\":\"WebSite\",\"@id\":\"https:\/\/www.electroluxprofessional.com\/dk\/#website\",\"url\":\"https:\/\/www.electroluxprofessional.com\/dk\/\",\"name\":\"Electrolux Professional Danmark\",\"description\":\"\",\"potentialAction\":[{\"@type\":\"SearchAction\",\"target\":{\"@type\":\"EntryPoint\",\"urlTemplate\":\"https:\/\/www.electroluxprofessional.com\/dk\/?src={search_term_string}\"},\"query-input\":\"required name=search_term_string\"}],\"inLanguage\":\"da-DK\"}]}<\/script>\n<!-- \/ Yoast SEO plugin. -->","yoast_head_json":{"title":"Electrolux Professional vaskeril\u00f8sninger \u2013 kontakt os","description":"Har du sp\u00f8rgsm\u00e5l til vores vaskeril\u00f8sninger eller enkelte produkter \u2013 eller \u00f8nsker du et tilbud \u2013 s\u00e5 kontakt os p\u00e5 tlf. 63 76 22 20 eller udfyld en formular, s\u00e5 kontakter vi dig.","robots":{"index":"index","follow":"follow","max-snippet":"max-snippet:-1","max-image-preview":"max-image-preview:large","max-video-preview":"max-video-preview:-1"},"canonical":"https:\/\/www.electroluxprofessional.com\/dk\/kontakt\/","og_locale":"da_DK","og_type":"article","og_title":"Electrolux Professional vaskeril\u00f8sninger \u2013 kontakt os","og_description":"Har du sp\u00f8rgsm\u00e5l til vores vaskeril\u00f8sninger eller enkelte produkter \u2013 eller \u00f8nsker du et tilbud \u2013 s\u00e5 kontakt os p\u00e5 tlf. 63 76 22 20 eller udfyld en formular, s\u00e5 kontakter vi dig.","og_url":"https:\/\/www.electroluxprofessional.com\/dk\/kontakt\/","og_site_name":"Electrolux Professional Danmark","article_modified_time":"2026-02-26T09:11:54+00:00","twitter_card":"summary_large_image","twitter_misc":{"Estimeret l\u00e6setid":"1 minut"},"schema":{"@context":"https:\/\/schema.org","@graph":[{"@type":"WebPage","@id":"https:\/\/www.electroluxprofessional.com\/dk\/kontakt\/","url":"https:\/\/www.electroluxprofessional.com\/dk\/kontakt\/","name":"Electrolux Professional vaskeril\u00f8sninger \u2013 kontakt os","isPartOf":{"@id":"https:\/\/www.electroluxprofessional.com\/dk\/#website"},"datePublished":"2026-02-20T08:59:21+00:00","dateModified":"2026-02-26T09:11:54+00:00","description":"Har du sp\u00f8rgsm\u00e5l til vores vaskeril\u00f8sninger eller enkelte produkter \u2013 eller \u00f8nsker du et tilbud \u2013 s\u00e5 kontakt os p\u00e5 tlf. 63 76 22 20 eller udfyld en formular, s\u00e5 kontakter vi dig.","breadcrumb":{"@id":"https:\/\/www.electroluxprofessional.com\/dk\/kontakt\/#breadcrumb"},"inLanguage":"da-DK","potentialAction":[{"@type":"ReadAction","target":["https:\/\/www.electroluxprofessional.com\/dk\/kontakt\/"]}]},{"@type":"BreadcrumbList","@id":"https:\/\/www.electroluxprofessional.com\/dk\/kontakt\/#breadcrumb","itemListElement":[{"@type":"ListItem","position":1,"name":"Home","item":"https:\/\/www.electroluxprofessional.com\/dk\/"},{"@type":"ListItem","position":2,"name":"Kontakt"}]},{"@type":"WebSite","@id":"https:\/\/www.electroluxprofessional.com\/dk\/#website","url":"https:\/\/www.electroluxprofessional.com\/dk\/","name":"Electrolux Professional Danmark","description":"","potentialAction":[{"@type":"SearchAction","target":{"@type":"EntryPoint","urlTemplate":"https:\/\/www.electroluxprofessional.com\/dk\/?src={search_term_string}"},"query-input":"required name=search_term_string"}],"inLanguage":"da-DK"}]}},"_links":{"self":[{"href":"https:\/\/www.electroluxprofessional.com\/dk\/wp-json\/wp\/v2\/pages\/7103"}],"collection":[{"href":"https:\/\/www.electroluxprofessional.com\/dk\/wp-json\/wp\/v2\/pages"}],"about":[{"href":"https:\/\/www.electroluxprofessional.com\/dk\/wp-json\/wp\/v2\/types\/page"}],"author":[{"embeddable":true,"href":"https:\/\/www.electroluxprofessional.com\/dk\/wp-json\/wp\/v2\/users\/64"}],"replies":[{"embeddable":true,"href":"https:\/\/www.electroluxprofessional.com\/dk\/wp-json\/wp\/v2\/comments?post=7103"}],"version-history":[{"count":40,"href":"https:\/\/www.electroluxprofessional.com\/dk\/wp-json\/wp\/v2\/pages\/7103\/revisions"}],"predecessor-version":[{"id":31722,"href":"https:\/\/www.electroluxprofessional.com\/dk\/wp-json\/wp\/v2\/pages\/7103\/revisions\/31722"}],"wp:attachment":[{"href":"https:\/\/www.electroluxprofessional.com\/dk\/wp-json\/wp\/v2\/media?parent=7103"}],"curies":[{"name":"wp","href":"https:\/\/api.w.org\/{rel}","templated":true}]}}