{"id":6741,"date":"2025-09-09T11:15:31","date_gmt":"2025-09-09T11:15:31","guid":{"rendered":"https:\/\/www.electroluxprofessional.com\/dk\/?page_id=6741"},"modified":"2025-09-10T10:39:27","modified_gmt":"2025-09-10T10:39:27","slug":"levetidsomkostninger","status":"publish","type":"page","link":"https:\/\/www.electroluxprofessional.com\/dk\/driftsbesparelser\/levetidsomkostninger\/","title":{"rendered":"Levetidsomkostninger"},"content":{"rendered":"<p>[vc_row css=&#8221;.vc_custom_1629123614802{padding-top: 20px !important;background-color: #dadfe1 !important;}&#8221;][vc_column][elx_heading font_container=&#8221;h1&#8243; text_color=&#8221;electrolux-blue&#8221; text_align=&#8221;text-left&#8221; css=&#8221;.vc_custom_1529486023315{margin-bottom: 50px !important;}&#8221;]<\/p>\n<h1 style=\"line-height: 1.2em;\">Hvad er levetidsomkostningerne for vaskemaskiner og t\u00f8rretumblere?<\/h1>\n<p>[\/elx_heading][vc_empty_space][\/vc_column][\/vc_row][vc_row][vc_column offset=&#8221;vc_hidden-xs&#8221;][vc_empty_space height=&#8221;50px&#8221;][\/vc_column][\/vc_row][vc_row css=&#8221;.vc_custom_1528976146370{margin-top: 10px !important;}&#8221;][vc_column width=&#8221;2\/3&#8243; offset=&#8221;vc_hidden-xs&#8221;][vc_empty_space height=&#8221;15px&#8221;][vc_column_text el_class=&#8221;p-16&#8243; css=&#8221;.vc_custom_1529493517691{margin-bottom: 40px !important;}&#8221;]Indk\u00f8bsprisen p\u00e5 dine professionelle vaskerimaskiner har ikke den store betydning. For selvom vaskerimaskiner i Line 6000 serien fra Electrolux Professional har markedets laveste forbrug af el, vand og s\u00e6be (ved automatisk s\u00e6bedosering), udg\u00f8r selve k\u00f8bet af vaskemaskinen kun 12% af de samlede levetidsomkostninger. Da nye maskiner bruger v\u00e6sentligt mindre vand og str\u00f8m, tjener investeringen derfor sig selv hjem i l\u00f8bet af f\u00e5 \u00e5r.<\/p>\n<p>N\u00e5r det g\u00e6lder t\u00f8rretumblere er andelen endnu mindre, nemlig kun 10%. Her er udgiften til str\u00f8m den absolut st\u00f8rste post i regnestykket. Hele 87% af de samlede levetidsomkostninger g\u00e5r til el.[\/vc_column_text][vc_column_text el_class=&#8221;p-16&#8243; css=&#8221;.vc_custom_1529493525744{margin-bottom: 40px !important;}&#8221;]<\/p>\n<h4>Omkostninger til s\u00e6be er st\u00f8rst<\/h4>\n<p>Som du kan se af lagkagediagrammet, tegner omkostningerne til s\u00e6be sig for 37% af levetidsomkostningerne. Og det er endda med automatisk s\u00e6bedosering, hvor s\u00e6beforbruget tilpasses m\u00e6ngden af t\u00f8j.[\/vc_column_text][vc_column_text el_class=&#8221;p-16&#8243; css=&#8221;.vc_custom_1529487058065{margin-bottom: 50px !important;}&#8221;]<\/p>\n<h4>F\u00e5 en beregning af levetidsomkostninger p\u00e5 maskiner i dit vaskeri<\/h4>\n<p>Kontakt os p\u00e5 tlf. 63 76 22 20 eller mail til els.salg@electrolux.dk, og f\u00e5 en konkret beregning, hvor vi sammenligner levetidsomkostningerne for dit vaskeris nuv\u00e6rende maskiner med nye milj\u00f8venlige maskiner fra Electrolux Professional.[\/vc_column_text][vc_empty_space][elx_button button_text=&#8221;L\u00c6S HVORFOR LINE 6000 ER NEMMERE, BILLIGERE OG GR\u00d8NNERE&#8221; button_style=&#8221;default&#8221; button_display_block=&#8221;display_block_on&#8221; button_alignment=&#8221;align_center&#8221; button_link=&#8221;url:https%3A%2F%2Fwww.electroluxprofessional.com%2Fdk%2Fdriftsbesparelser%2Fbilligere-og-groennere%2F|title:Billigere%20og%20gr%C3%B8nnere%20med%20Line%206000|target:_blank&#8221;][vc_empty_space height=&#8221;80px&#8221;][vc_column_text css=&#8221;.vc_custom_1629122710803{margin-bottom: 20px !important;}&#8221;]<\/p>\n<h3>Boligforening i Esbjerg begejstrede over driftsbesparelser i 3 f\u00e6llesvaskerier<\/h3>\n<p>[\/vc_column_text][elx_video_block background_image=&#8221;6378&#8243; video_link=&#8221;https:\/\/youtu.be\/ZUGmZCg_HlY&#8221; minimum_height=&#8221;400px&#8221;][\/vc_column][vc_column width=&#8221;1\/3&#8243; css=&#8221;.vc_custom_1529493949751{padding-left: 30px !important;}&#8221; offset=&#8221;vc_hidden-xs&#8221;][vc_column_text css=&#8221;.vc_custom_1529491846735{margin-bottom: 0px !important;}&#8221;]<\/p>\n<h6>Fordeling af de totale omkostninger i en vaskemaskines levetid*<\/h6>\n<p>[\/vc_column_text][vc_single_image image=&#8221;6772&#8243; img_size=&#8221;full&#8221; alignment=&#8221;center&#8221; css_animation=&#8221;rotateIn&#8221; el_class=&#8221;p-16&#8243; css=&#8221;.vc_custom_1583496290239{margin-top: 22px !important;}&#8221;][vc_empty_space height=&#8221;40px&#8221;][vc_column_text css=&#8221;.vc_custom_1529491854903{margin-bottom: 0px !important;}&#8221;]<\/p>\n<h6>Fordeling af de totale omkostninger i en t\u00f8rretumblers levetid**<\/h6>\n<p>[\/vc_column_text][vc_single_image image=&#8221;6771&#8243; img_size=&#8221;full&#8221; alignment=&#8221;center&#8221; css_animation=&#8221;rotateIn&#8221; el_class=&#8221;p-16&#8243; css=&#8221;.vc_custom_1583496283874{margin-top: 22px !important;}&#8221;][vc_empty_space height=&#8221;48px&#8221;][vc_column_text el_class=&#8221;p-14&#8243; css=&#8221;.vc_custom_1529494291781{padding-top: 25px !important;padding-right: 10px !important;padding-bottom: 25px !important;padding-left: 20px !important;background-color: #dadfe1 !important;}&#8221;]* Foruds\u00e6tninger vaskemaskine: 30.000 vaske p\u00e5 program uden forvask, koldvandstilslutning, hel fyldning, automatisk s\u00e6bedosering. El-pris: 2,20 kr. pr. kWt. Vandpris: 42,00 kr. pr. kbm.<\/p>\n<hr \/>\n<p>** Foruds\u00e6tninger t\u00f8rretumbler: 30.000 t\u00f8rringer af bomuldst\u00f8j med hel fyldning. T\u00f8rres fra en restfugtighed p\u00e5 50 % til 0 % fugtighed. El-pris: 2,20 kr. pr. kWt.[\/vc_column_text][\/vc_column][\/vc_row][vc_row css=&#8221;.vc_custom_1528976146370{margin-top: 10px !important;}&#8221;][vc_column offset=&#8221;vc_hidden-lg vc_hidden-md vc_hidden-sm&#8221;][vc_column_text el_class=&#8221;p-16&#8243; css=&#8221;.vc_custom_1529493517691{margin-bottom: 40px !important;}&#8221;]Indk\u00f8bsprisen p\u00e5 dine professionelle vaskerimaskiner har ikke den store betydning. For selvom vaskerimaskiner i Line 6000 serien fra Electrolux Professional har markedets laveste forbrug af el, vand og s\u00e6be (ved automatisk s\u00e6bedosering), udg\u00f8r selve k\u00f8bet af vaskemaskinen kun 12% af de samlede levetidsomkostninger. Da nye maskiner bruger v\u00e6sentligt mindre vand og str\u00f8m, tjener investeringen derfor sig selv hjem i l\u00f8bet af f\u00e5 \u00e5r.<\/p>\n<p>N\u00e5r det g\u00e6lder t\u00f8rretumblere er andelen endnu mindre, nemlig kun 10%. Her er udgiften til str\u00f8m den absolut st\u00f8rste post i regnestykket. Hele 87% af de samlede levetidsomkostninger g\u00e5r til el.[\/vc_column_text][vc_column_text css=&#8221;.vc_custom_1529491846735{margin-bottom: 0px !important;}&#8221;]<\/p>\n<h6>Fordeling af de totale omkostninger i en vaskemaskines levetid*<\/h6>\n<p>[\/vc_column_text][vc_single_image image=&#8221;6772&#8243; img_size=&#8221;full&#8221; alignment=&#8221;center&#8221; css_animation=&#8221;rotateIn&#8221; el_class=&#8221;p-16&#8243;][vc_empty_space height=&#8221;50px&#8221;][vc_column_text css=&#8221;.vc_custom_1529491854903{margin-bottom: 0px !important;}&#8221;]<\/p>\n<h6>Fordeling af de totale omkostninger i en t\u00f8rretumblers levetid**<\/h6>\n<p>[\/vc_column_text][vc_single_image image=&#8221;6771&#8243; img_size=&#8221;full&#8221; alignment=&#8221;center&#8221; css_animation=&#8221;rotateIn&#8221; el_class=&#8221;p-16&#8243;][vc_empty_space height=&#8221;58px&#8221;][vc_column_text el_class=&#8221;p-14&#8243; css=&#8221;.vc_custom_1529492494510{padding-top: 20px !important;padding-right: 10px !important;padding-bottom: 20px !important;padding-left: 20px !important;background-color: #dadfe1 !important;}&#8221;]* Foruds\u00e6tninger vaskemaskine: 30.000 vaske p\u00e5 program uden forvask, koldvandstilslutning, hel fyldning, automatisk s\u00e6bedosering. El-pris: 2,20 kr. pr. kWt. Vandpris: 42,00 kr. pr. kbm.<\/p>\n<hr \/>\n<p>** Foruds\u00e6tninger t\u00f8rretumbler: 30.000 t\u00f8rringer af bomuldst\u00f8j med hel fyldning. T\u00f8rres fra en restfugtighed p\u00e5 50 % til 0 % fugtighed. El-pris: 2,20 kr. pr. kWt.[\/vc_column_text][vc_empty_space][vc_column_text el_class=&#8221;p-16&#8243; css=&#8221;.vc_custom_1529493525744{margin-bottom: 40px !important;}&#8221;]<\/p>\n<h4>Omkostninger til s\u00e6be er st\u00f8rst<\/h4>\n<p>Som du kan se af lagkagediagrammet, tegner omkostningerne til s\u00e6be sig for 37% af levetidsomkostningerne. Og det er endda med automatisk s\u00e6bedosering, hvor s\u00e6beforbruget tilpasses m\u00e6ngden af t\u00f8j.[\/vc_column_text][vc_column_text el_class=&#8221;p-16&#8243; css=&#8221;.vc_custom_1529487058065{margin-bottom: 50px !important;}&#8221;]<\/p>\n<h4>F\u00e5 en beregning af levetidsomkostninger p\u00e5 maskiner i dit vaskeri<\/h4>\n<p>Kontakt os p\u00e5 tlf. 63 76 22 20 eller mail til els.salg@electrolux.dk, og f\u00e5 en konkret beregning, hvor vi sammenligner levetidsomkostningerne for dit vaskeris nuv\u00e6rende maskiner med nye milj\u00f8venlige maskiner fra Electrolux Professional.[\/vc_column_text][elx_button button_text=&#8221;L\u00c6S HVORFOR LINE 6000 ER NEMMERE, BILLIGERE OG GR\u00d8NNERE&#8221; button_style=&#8221;default&#8221; button_display_block=&#8221;display_block_on&#8221; button_link=&#8221;url:https%3A%2F%2Fwww.electroluxprofessional.com%2Fdk%2Fdriftsbesparelser%2Fbilligere-og-groennere%2F|target:_blank&#8221;][vc_empty_space][vc_column_text el_class=&#8221;p-16&#8243;]<\/p>\n<h6><strong>Boligforening i Esbjerg begejstrede over driftsbesparelser<\/strong><\/h6>\n<p>[\/vc_column_text][vc_empty_space height=&#8221;10px&#8221;][elx_video_block background_image=&#8221;6378&#8243; video_link=&#8221;https:\/\/youtu.be\/ZUGmZCg_HlY&#8221; minimum_height=&#8221;200px&#8221;][\/vc_column][\/vc_row][vc_row css=&#8221;.vc_custom_1528975882430{margin: 0px !important;border-width: 0px !important;padding: 0px !important;}&#8221;][vc_column css=&#8221;.vc_custom_1629122244652{margin-top: 40px !important;border-top-width: 1px !important;border-top-color: #dadfe1 !important;border-top-style: solid !important;}&#8221;][vc_empty_space][\/vc_column][\/vc_row][vc_row css=&#8221;.vc_custom_1629123333969{margin-top: 0px !important;margin-right: 0px !important;margin-bottom: 0px !important;margin-left: 0px !important;border-top-width: 0px !important;border-right-width: 0px !important;border-bottom-width: 0px !important;border-left-width: 0px !important;padding-top: 0px !important;padding-right: 0px !important;padding-bottom: 0px !important;padding-left: 0px !important;}&#8221;][vc_column reveal_effect=&#8221;&#8221; width=&#8221;1\/3&#8243;][vc_row_inner][vc_column_inner][vc_empty_space height=&#8221;5px&#8221;][vc_column_text]<\/p>\n<h4 class=\"widget-title\">Hold dig ajour p\u00e5 vaskerifronten<\/h4>\n<p>[\/vc_column_text][vc_column_text css_animation=&#8221;none&#8221; el_class=&#8221;p-16&#8243; css=&#8221;.vc_custom_1629123254394{margin-top: 10px !important;margin-bottom: 20px !important;}&#8221;]F\u00e5 e-mails med nyheder, tilbud, konkurrencer, tips og gode r\u00e5d om professionelle vaskeril\u00f8sninger fra Electrolux Professional.[\/vc_column_text][\/vc_column_inner][\/vc_row_inner][elx_o2000_mailchimp_form language=&#8221;dk&#8221; listid=&#8221;eed2270662&#8243;][\/vc_column][vc_column width=&#8221;1\/3&#8243; offset=&#8221;vc_hidden-xs&#8221;][vc_empty_space height=&#8221;5px&#8221;][\/vc_column][vc_column width=&#8221;1\/3&#8243;][vc_empty_space height=&#8221;5px&#8221;][\/vc_column][\/vc_row][vc_row][vc_column][vc_empty_space height=&#8221;60px&#8221;][\/vc_column][\/vc_row]<\/p>\n","protected":false},"excerpt":{"rendered":"<p>[vc_row css=&#8221;.vc_custom_1629123614802{padding-top: 20px !important;background-color: #dadfe1 !important;}&#8221;][vc_column][elx_heading font_container=&#8221;h1&#8243; text_color=&#8221;electrolux-blue&#8221; text_align=&#8221;text-left&#8221; css=&#8221;.vc_custom_1529486023315{margin-bottom: 50px !important;}&#8221;] Hvad er levetidsomkostningerne for vaskemaskiner og t\u00f8rretumblere? [\/elx_heading][vc_empty_space][\/vc_column][\/vc_row][vc_row][vc_column offset=&#8221;vc_hidden-xs&#8221;][vc_empty_space height=&#8221;50px&#8221;][\/vc_column][\/vc_row][vc_row css=&#8221;.vc_custom_1528976146370{margin-top: 10px !important;}&#8221;][vc_column width=&#8221;2\/3&#8243; offset=&#8221;vc_hidden-xs&#8221;][vc_empty_space height=&#8221;15px&#8221;][vc_column_text el_class=&#8221;p-16&#8243; css=&#8221;.vc_custom_1529493517691{margin-bottom: 40px !important;}&#8221;]Indk\u00f8bsprisen p\u00e5 dine professionelle vaskerimaskiner har ikke den store betydning. For selvom vaskerimaskiner i Line 6000 serien fra Electrolux Professional har markedets laveste forbrug [&hellip;]<\/p>\n","protected":false},"author":64,"featured_media":0,"parent":6139,"menu_order":0,"comment_status":"closed","ping_status":"closed","template":"","meta":{"footnotes":""},"class_list":["post-6741","page","type-page","status-publish","hentry"],"acf":[],"yoast_head":"<!-- This site is optimized with the Yoast SEO plugin v23.3 - https:\/\/yoast.com\/wordpress\/plugins\/seo\/ -->\n<title>Hvad er levetidsomkostninger for vaskemaskiner og t\u00f8rretumblere?<\/title>\n<meta name=\"description\" content=\"Indk\u00f8bsprisen p\u00e5 dine professionelle vaskerimaskiner har ikke den store betydning. Da nye maskiner bruger v\u00e6sentligt mindre vand og str\u00f8m, tjener investeringen derfor sig selv hjem i l\u00f8bet af f\u00e5 \u00e5r.\" \/>\n<meta name=\"robots\" content=\"index, follow, max-snippet:-1, max-image-preview:large, max-video-preview:-1\" \/>\n<link rel=\"canonical\" href=\"https:\/\/www.electroluxprofessional.com\/dk\/driftsbesparelser\/levetidsomkostninger\/\" \/>\n<meta property=\"og:locale\" content=\"da_DK\" \/>\n<meta property=\"og:type\" content=\"article\" \/>\n<meta property=\"og:title\" content=\"Hvad er levetidsomkostninger for vaskemaskiner og t\u00f8rretumblere?\" \/>\n<meta property=\"og:description\" content=\"Indk\u00f8bsprisen p\u00e5 dine professionelle vaskerimaskiner har ikke den store betydning. Da nye maskiner bruger v\u00e6sentligt mindre vand og str\u00f8m, tjener investeringen derfor sig selv hjem i l\u00f8bet af f\u00e5 \u00e5r.\" \/>\n<meta property=\"og:url\" content=\"https:\/\/www.electroluxprofessional.com\/dk\/driftsbesparelser\/levetidsomkostninger\/\" \/>\n<meta property=\"og:site_name\" content=\"Electrolux Professional Danmark\" \/>\n<meta property=\"article:modified_time\" content=\"2025-09-10T10:39:27+00:00\" \/>\n<meta name=\"twitter:card\" content=\"summary_large_image\" \/>\n<meta name=\"twitter:label1\" content=\"Estimeret l\u00e6setid\" \/>\n\t<meta name=\"twitter:data1\" content=\"6 minutter\" \/>\n<script type=\"application\/ld+json\" class=\"yoast-schema-graph\">{\"@context\":\"https:\/\/schema.org\",\"@graph\":[{\"@type\":\"WebPage\",\"@id\":\"https:\/\/www.electroluxprofessional.com\/dk\/driftsbesparelser\/levetidsomkostninger\/\",\"url\":\"https:\/\/www.electroluxprofessional.com\/dk\/driftsbesparelser\/levetidsomkostninger\/\",\"name\":\"Hvad er levetidsomkostninger for vaskemaskiner og t\u00f8rretumblere?\",\"isPartOf\":{\"@id\":\"https:\/\/www.electroluxprofessional.com\/dk\/#website\"},\"datePublished\":\"2025-09-09T11:15:31+00:00\",\"dateModified\":\"2025-09-10T10:39:27+00:00\",\"description\":\"Indk\u00f8bsprisen p\u00e5 dine professionelle vaskerimaskiner har ikke den store betydning. Da nye maskiner bruger v\u00e6sentligt mindre vand og str\u00f8m, tjener investeringen derfor sig selv hjem i l\u00f8bet af f\u00e5 \u00e5r.\",\"breadcrumb\":{\"@id\":\"https:\/\/www.electroluxprofessional.com\/dk\/driftsbesparelser\/levetidsomkostninger\/#breadcrumb\"},\"inLanguage\":\"da-DK\",\"potentialAction\":[{\"@type\":\"ReadAction\",\"target\":[\"https:\/\/www.electroluxprofessional.com\/dk\/driftsbesparelser\/levetidsomkostninger\/\"]}]},{\"@type\":\"BreadcrumbList\",\"@id\":\"https:\/\/www.electroluxprofessional.com\/dk\/driftsbesparelser\/levetidsomkostninger\/#breadcrumb\",\"itemListElement\":[{\"@type\":\"ListItem\",\"position\":1,\"name\":\"Home\",\"item\":\"https:\/\/www.electroluxprofessional.com\/dk\/\"},{\"@type\":\"ListItem\",\"position\":2,\"name\":\"Driftsbesparelser\",\"item\":\"https:\/\/www.electroluxprofessional.com\/dk\/driftsbesparelser\/\"},{\"@type\":\"ListItem\",\"position\":3,\"name\":\"Levetidsomkostninger\"}]},{\"@type\":\"WebSite\",\"@id\":\"https:\/\/www.electroluxprofessional.com\/dk\/#website\",\"url\":\"https:\/\/www.electroluxprofessional.com\/dk\/\",\"name\":\"Electrolux Professional Danmark\",\"description\":\"\",\"potentialAction\":[{\"@type\":\"SearchAction\",\"target\":{\"@type\":\"EntryPoint\",\"urlTemplate\":\"https:\/\/www.electroluxprofessional.com\/dk\/?src={search_term_string}\"},\"query-input\":\"required name=search_term_string\"}],\"inLanguage\":\"da-DK\"}]}<\/script>\n<!-- \/ Yoast SEO plugin. -->","yoast_head_json":{"title":"Hvad er levetidsomkostninger for vaskemaskiner og t\u00f8rretumblere?","description":"Indk\u00f8bsprisen p\u00e5 dine professionelle vaskerimaskiner har ikke den store betydning. Da nye maskiner bruger v\u00e6sentligt mindre vand og str\u00f8m, tjener investeringen derfor sig selv hjem i l\u00f8bet af f\u00e5 \u00e5r.","robots":{"index":"index","follow":"follow","max-snippet":"max-snippet:-1","max-image-preview":"max-image-preview:large","max-video-preview":"max-video-preview:-1"},"canonical":"https:\/\/www.electroluxprofessional.com\/dk\/driftsbesparelser\/levetidsomkostninger\/","og_locale":"da_DK","og_type":"article","og_title":"Hvad er levetidsomkostninger for vaskemaskiner og t\u00f8rretumblere?","og_description":"Indk\u00f8bsprisen p\u00e5 dine professionelle vaskerimaskiner har ikke den store betydning. Da nye maskiner bruger v\u00e6sentligt mindre vand og str\u00f8m, tjener investeringen derfor sig selv hjem i l\u00f8bet af f\u00e5 \u00e5r.","og_url":"https:\/\/www.electroluxprofessional.com\/dk\/driftsbesparelser\/levetidsomkostninger\/","og_site_name":"Electrolux Professional Danmark","article_modified_time":"2025-09-10T10:39:27+00:00","twitter_card":"summary_large_image","twitter_misc":{"Estimeret l\u00e6setid":"6 minutter"},"schema":{"@context":"https:\/\/schema.org","@graph":[{"@type":"WebPage","@id":"https:\/\/www.electroluxprofessional.com\/dk\/driftsbesparelser\/levetidsomkostninger\/","url":"https:\/\/www.electroluxprofessional.com\/dk\/driftsbesparelser\/levetidsomkostninger\/","name":"Hvad er levetidsomkostninger for vaskemaskiner og t\u00f8rretumblere?","isPartOf":{"@id":"https:\/\/www.electroluxprofessional.com\/dk\/#website"},"datePublished":"2025-09-09T11:15:31+00:00","dateModified":"2025-09-10T10:39:27+00:00","description":"Indk\u00f8bsprisen p\u00e5 dine professionelle vaskerimaskiner har ikke den store betydning. Da nye maskiner bruger v\u00e6sentligt mindre vand og str\u00f8m, tjener investeringen derfor sig selv hjem i l\u00f8bet af f\u00e5 \u00e5r.","breadcrumb":{"@id":"https:\/\/www.electroluxprofessional.com\/dk\/driftsbesparelser\/levetidsomkostninger\/#breadcrumb"},"inLanguage":"da-DK","potentialAction":[{"@type":"ReadAction","target":["https:\/\/www.electroluxprofessional.com\/dk\/driftsbesparelser\/levetidsomkostninger\/"]}]},{"@type":"BreadcrumbList","@id":"https:\/\/www.electroluxprofessional.com\/dk\/driftsbesparelser\/levetidsomkostninger\/#breadcrumb","itemListElement":[{"@type":"ListItem","position":1,"name":"Home","item":"https:\/\/www.electroluxprofessional.com\/dk\/"},{"@type":"ListItem","position":2,"name":"Driftsbesparelser","item":"https:\/\/www.electroluxprofessional.com\/dk\/driftsbesparelser\/"},{"@type":"ListItem","position":3,"name":"Levetidsomkostninger"}]},{"@type":"WebSite","@id":"https:\/\/www.electroluxprofessional.com\/dk\/#website","url":"https:\/\/www.electroluxprofessional.com\/dk\/","name":"Electrolux Professional Danmark","description":"","potentialAction":[{"@type":"SearchAction","target":{"@type":"EntryPoint","urlTemplate":"https:\/\/www.electroluxprofessional.com\/dk\/?src={search_term_string}"},"query-input":"required name=search_term_string"}],"inLanguage":"da-DK"}]}},"_links":{"self":[{"href":"https:\/\/www.electroluxprofessional.com\/dk\/wp-json\/wp\/v2\/pages\/6741"}],"collection":[{"href":"https:\/\/www.electroluxprofessional.com\/dk\/wp-json\/wp\/v2\/pages"}],"about":[{"href":"https:\/\/www.electroluxprofessional.com\/dk\/wp-json\/wp\/v2\/types\/page"}],"author":[{"embeddable":true,"href":"https:\/\/www.electroluxprofessional.com\/dk\/wp-json\/wp\/v2\/users\/64"}],"replies":[{"embeddable":true,"href":"https:\/\/www.electroluxprofessional.com\/dk\/wp-json\/wp\/v2\/comments?post=6741"}],"version-history":[{"count":72,"href":"https:\/\/www.electroluxprofessional.com\/dk\/wp-json\/wp\/v2\/pages\/6741\/revisions"}],"predecessor-version":[{"id":30427,"href":"https:\/\/www.electroluxprofessional.com\/dk\/wp-json\/wp\/v2\/pages\/6741\/revisions\/30427"}],"up":[{"embeddable":true,"href":"https:\/\/www.electroluxprofessional.com\/dk\/wp-json\/wp\/v2\/pages\/6139"}],"wp:attachment":[{"href":"https:\/\/www.electroluxprofessional.com\/dk\/wp-json\/wp\/v2\/media?parent=6741"}],"curies":[{"name":"wp","href":"https:\/\/api.w.org\/{rel}","templated":true}]}}