{"id":6606,"date":"2025-03-10T08:00:39","date_gmt":"2025-03-10T08:00:39","guid":{"rendered":"https:\/\/www.electroluxprofessional.com\/dk\/?page_id=6606"},"modified":"2025-03-12T12:39:08","modified_gmt":"2025-03-12T12:39:08","slug":"reparere-gamle-maskiner","status":"publish","type":"page","link":"https:\/\/www.electroluxprofessional.com\/dk\/driftsbesparelser\/reparere-gamle-maskiner\/","title":{"rendered":"Hvorfor betaler det sig IKKE at reparere gamle vaskerimaskiner?"},"content":{"rendered":"<p>[vc_row matched_labels=&#8221;&#8221; css=&#8221;.vc_custom_1741781179623{background-color: #dadfe1 !important;}&#8221;][vc_column][elx_heading font_container=&#8221;h1&#8243; text_color=&#8221;electrolux-blue&#8221; text_align=&#8221;text-left&#8221; css=&#8221;.vc_custom_1528960234696{margin-bottom: 50px !important;}&#8221;]<\/p>\n<h1 style=\"line-height: 1.2em;\">Hvorfor betaler det sig IKKE at reparere gamle vaskerimaskiner?<\/h1>\n<p>[\/elx_heading][vc_empty_space][\/vc_column][\/vc_row][vc_row][vc_column][vc_empty_space height=&#8221;50px&#8221;][vc_column_text el_class=&#8221;p-16&#8243;]<strong>Selv en professionel vaskemaskine eller t\u00f8rretumbler har sin levetid. En maskine, der knokler dag ud og dag ind, kr\u00e6ver naturligvis vedligeholdelse. Og p\u00e5 et tidspunkt \u201dkn\u00e6kker kurven\u201d. S\u00e5 bliver det for dyrt at reparere den, og det kan bedre betale sig at udskifte den med en ny og mere energieffektiv maskine.<\/strong>[\/vc_column_text][\/vc_column][\/vc_row][vc_row el_id=&#8221;Seteknikervideo&#8221;][vc_column width=&#8221;2\/3&#8243; matched_labels=&#8221;&#8221; css=&#8221;.vc_custom_1741782075892{padding-right: 32px !important;}&#8221; offset=&#8221;vc_hidden-xs&#8221;][vc_empty_space height=&#8221;50px&#8221;][elx_video_block background_image=&#8221;6639&#8243; video_link=&#8221;https:\/\/www.youtube.com\/watch?v=lLeOfRZwM2s&#8221; minimum_height=&#8221;350px&#8221;][\/vc_column][vc_column width=&#8221;1\/3&#8243; matched_labels=&#8221;&#8221;][vc_column_text el_class=&#8221;p-16&#8243; css=&#8221;.vc_custom_1528975036576{padding-top: 60px !important;}&#8221;]<\/p>\n<h4>Hvorn\u00e5r skal man sige farvel til gamle maskiner?<\/h4>\n<p>H\u00f8r servicetekniker Jens Andreasen forklare, hvorn\u00e5r han anbefaler kunderne at sige farvel til vaskeriets gamle maskiner.[\/vc_column_text][\/vc_column][\/vc_row][vc_row][vc_column matched_labels=&#8221;&#8221; css=&#8221;.vc_custom_1741782008735{padding-right: 32px !important;}&#8221; offset=&#8221;vc_hidden-lg vc_hidden-md vc_hidden-sm&#8221;][vc_empty_space height=&#8221;20px&#8221;][elx_video_block background_image=&#8221;6639&#8243; video_link=&#8221;https:\/\/www.youtube.com\/watch?v=lLeOfRZwM2s&#8221; minimum_height=&#8221;250px&#8221;][vc_empty_space height=&#8221;40px&#8221;][\/vc_column][\/vc_row][vc_row css=&#8221;.vc_custom_1528976146370{margin-top: 10px !important;}&#8221;][vc_column width=&#8221;2\/3&#8243; offset=&#8221;vc_hidden-xs&#8221;][vc_column_text el_class=&#8221;p-16&#8243; css=&#8221;.vc_custom_1583495618950{padding-top: 30px !important;padding-bottom: 10px !important;}&#8221;]<\/p>\n<h4>F\u00e5 en faglig vurdering af jeres vaskerimaskiner!<\/h4>\n<p>Electrolux Professional tilbyder, at vores tekniker kommer ud og giver en faglig vurdering af maskinerne i dit vaskeri. Han laver forskellige funktionspr\u00f8vninger og testerde tre mest almindelige ting, der svigter p\u00e5 maskiner der er 10 \u00e5r eller \u00e6ldre. Nemlig: Hovedlejet, motorstyringen og programv\u00e6lgeren.\u00a0 <a href=\"https:\/\/youtu.be\/lLeOfRZwM2s\">Se video \u203a<\/a>[\/vc_column_text][vc_row_inner gap=&#8221;5&#8243;][vc_column_inner width=&#8221;1\/3&#8243;][vc_single_image image=&#8221;6640&#8243; img_size=&#8221;full&#8221; onclick=&#8221;img_link_large&#8221; img_link_target=&#8221;_blank&#8221; el_class=&#8221;p-14&#8243; title=&#8221;HOVEDLEJE&#8221;][\/vc_column_inner][vc_column_inner width=&#8221;1\/3&#8243;][vc_single_image image=&#8221;6641&#8243; img_size=&#8221;full&#8221; onclick=&#8221;img_link_large&#8221; img_link_target=&#8221;_blank&#8221; title=&#8221;MOTORSTYRING&#8221;][\/vc_column_inner][vc_column_inner width=&#8221;1\/3&#8243;][vc_single_image image=&#8221;6642&#8243; img_size=&#8221;full&#8221; onclick=&#8221;img_link_large&#8221; img_link_target=&#8221;_blank&#8221; title=&#8221;PROGRAMV\u00c6LGER&#8221;][\/vc_column_inner][\/vc_row_inner][vc_empty_space height=&#8221;20px&#8221;][\/vc_column][vc_column width=&#8221;1\/3&#8243; offset=&#8221;vc_hidden-xs&#8221;][vc_single_image image=&#8221;6638&#8243; img_size=&#8221;full&#8221;][\/vc_column][\/vc_row][vc_row][vc_column width=&#8221;2\/3&#8243; css=&#8221;.vc_custom_1529417896241{padding-right: 40px !important;}&#8221;][vc_column_text][vc_raw_html el_class=&#8221;button-duckegg&#8221;]JTNDYSUyMHN0eWxlJTNEJTIyY29sb3IlM0ElMjNmZmZmZmYlM0IlMjB0ZXh0LWRlY29yYXRpb24lM0Fub25lJTNCJTIyJTIwaHJlZiUzRCUyMmh0dHBzJTNBJTJGJTJGd3d3LmVsZWN0cm9sdXhwcm9mZXNzaW9uYWwuY29tJTJGZGslMkZrb250YWt0JTJGJTIyJTNFSkVHJTIwVklMJTIwR0VSTkUlMjBIQVZFJTIwRU4lMjBGQUdMSUclMjBWVVJERVJJTkclMjBBRiUyMFZPUkVTJTIwTUFTS0lORVIlM0MlMkZhJTNF[\/vc_raw_html][\/vc_column_text][\/vc_column][vc_column width=&#8221;1\/3&#8243;][\/vc_column][\/vc_row][vc_row][vc_column width=&#8221;2\/3&#8243; offset=&#8221;vc_hidden-lg vc_hidden-md vc_hidden-sm&#8221;][vc_column_text el_class=&#8221;p-16&#8243; css=&#8221;.vc_custom_1529418346438{padding-top: 40px !important;}&#8221;]<\/p>\n<h4>F\u00e5 en faglig vurdering af jeres vaskerimaskiner!<\/h4>\n<p>Electrolux Professional tilbyder, at vores tekniker kommer ud og giver en faglig vurdering af maskinerne i dit vaskeri. Han laver forskellige funktionspr\u00f8vninger og testerde tre mest almindelige ting, der svigter p\u00e5 maskiner der er 10 \u00e5r eller \u00e6ldre. Nemlig: Hovedlejet, motorstyringen og programv\u00e6lgeren.\u00a0 <a href=\"https:\/\/youtu.be\/lLeOfRZwM2s\">Se video \u203a<\/a>[\/vc_column_text][vc_empty_space][vc_row_inner css=&#8221;.vc_custom_1528976181778{margin-top: -30px !important;}&#8221;][vc_column_inner width=&#8221;1\/3&#8243;][vc_single_image image=&#8221;6640&#8243; img_size=&#8221;full&#8221; onclick=&#8221;img_link_large&#8221; el_class=&#8221;p-14&#8243; title=&#8221;HOVEDLEJE&#8221;][\/vc_column_inner][vc_column_inner width=&#8221;1\/3&#8243;][vc_single_image image=&#8221;6641&#8243; img_size=&#8221;full&#8221; onclick=&#8221;img_link_large&#8221; title=&#8221;MOTORSTYRING&#8221;][\/vc_column_inner][vc_column_inner width=&#8221;1\/3&#8243;][vc_single_image image=&#8221;6642&#8243; img_size=&#8221;full&#8221; onclick=&#8221;img_link_large&#8221; title=&#8221;PROGRAMV\u00c6LGER&#8221;][\/vc_column_inner][\/vc_row_inner][\/vc_column][vc_column width=&#8221;1\/3&#8243; offset=&#8221;vc_hidden-lg vc_hidden-md vc_hidden-sm&#8221;][\/vc_column][\/vc_row][vc_row matched_labels=&#8221;&#8221; css=&#8221;.vc_custom_1741782991173{margin-top: 80px !important;}&#8221;][vc_column width=&#8221;2\/3&#8243; css=&#8221;.vc_custom_1528975521647{padding-right: 32px !important;}&#8221; offset=&#8221;vc_hidden-xs&#8221;][vc_column_text][vc_raw_html el_class=&#8221;video#teknikervideo&#8221;]JTNDdmlkZW8lMjBjb250cm9scyUzRCUyMmNvbnRyb2xzJTIyJTIwaWQlM0QlMjJ0ZWtuaWtlcnZpZGVvJTIyJTIwd2lkdGglM0QlMjIxMDAlMjUlMjIlMjBoZWlnaHQlM0QlMjIxMDAlMjUlMjIlMjBwb3N0ZXIlM0QlMjJodHRwcyUzQSUyRiUyRnd3dy5lbGVjdHJvbHV4cHJvZmVzc2lvbmFsLmNvbSUyRmRrJTJGd3AtY29udGVudCUyRnVwbG9hZHMlMkYyMDE4JTJGMDYlMkZCZW50U2VqZXJ1cF92aWRlby5qcGclMjIlM0UlMEElMjAlMjAlMjAlMjAlMjAlMjAlMjAlMjAlMjAlMjAlMjAlMjAlM0Nzb3VyY2UlMjBzcmMlM0QlMjJodHRwcyUzQSUyRiUyRnd3dy5lbGVjdHJvbHV4cHJvZmVzc2lvbmFsLmNvbSUyRmRrJTJGd3AtY29udGVudCUyRnVwbG9hZHMlMkYyMDE4JTJGMDYlMkZFTFMtRm9yYSVDQyU4QXJza2FtcGFnbmUuLVRvLWJvbGlnZm9yZW5pbmdlci1mYW5nZWRlLWJ1ZGdldC10eXZlbi1OWS1WRVJTSU9OLS5tcDQlMjIlMjB0eXBlJTNEJTIydmlkZW8lMkZtcDQlMjIlM0UlMEElMjAlMjAlMjAlMjAlMjAlMjAlMjAlMjAlM0MlMkZ2aWRlbyUzRQ==[\/vc_raw_html][vc_column_text el_class=&#8221;p-14][\/vc_column_text][\/vc_column][vc_column width=&#8221;1\/3&#8243; offset=&#8221;vc_hidden-xs&#8221;][vc_column_text el_class=&#8221;p-16&#8243;]<\/p>\n<h4>To boligforeninger fangede budget-tyven<\/h4>\n<p>Hvis din mekaniker elsker din gamle bil, er det m\u00e5ske, fordi han tjener gode penge p\u00e5 at skifte reservedele p\u00e5 den! P\u00e5 samme m\u00e5de \u201dstj\u00e6ler\u201d mange gamle vaskemaskiner fra vaskeriets driftsbudget: Er maskinerne mere end fem \u00e5r gamle, betaler det sig n\u00e6sten altid at udskifte til nye energivenlige maskiner. I l\u00f8bet af f\u00e5 \u00e5r er investeringen betalt via besparelser p\u00e5 el og vand. Og samtidig slipper I af med de store udgifter til reparation og vedligeholdelse. Jo \u00e6ldre maskinen er \u2013 jo bedre ser regnestykket ud for dit vaskeri.[\/vc_column_text][\/vc_column][\/vc_row][vc_row css=&#8221;.vc_custom_1528974588361{margin-top: 40px !important;}&#8221;][vc_column css=&#8221;.vc_custom_1528975501342{padding-right: 32px !important;}&#8221; offset=&#8221;vc_hidden-lg vc_hidden-md vc_hidden-sm&#8221;][vc_column_text][vc_raw_html el_class=&#8221;video#teknikervideo&#8221;]JTNDdmlkZW8lMjBjb250cm9scyUzRCUyMmNvbnRyb2xzJTIyJTIwaWQlM0QlMjJ0ZWtuaWtlcnZpZGVvJTIyJTIwd2lkdGglM0QlMjIxMDAlMjUlMjIlMjBoZWlnaHQlM0QlMjIxMDAlMjUlMjIlMjBwb3N0ZXIlM0QlMjJodHRwcyUzQSUyRiUyRnd3dy5lbGVjdHJvbHV4cHJvZmVzc2lvbmFsLmNvbSUyRmRrJTJGd3AtY29udGVudCUyRnVwbG9hZHMlMkYyMDE4JTJGMDYlMkZCZW50U2VqZXJ1cF92aWRlby5qcGclMjIlM0UlMEElMjAlMjAlMjAlMjAlMjAlMjAlMjAlMjAlMjAlMjAlMjAlMjAlM0Nzb3VyY2UlMjBzcmMlM0QlMjJodHRwcyUzQSUyRiUyRnd3dy5lbGVjdHJvbHV4cHJvZmVzc2lvbmFsLmNvbSUyRmRrJTJGd3AtY29udGVudCUyRnVwbG9hZHMlMkYyMDE4JTJGMDYlMkZFTFMtRm9yYSVDQyU4QXJza2FtcGFnbmUuLVRvLWJvbGlnZm9yZW5pbmdlci1mYW5nZWRlLWJ1ZGdldC10eXZlbi1OWS1WRVJTSU9OLS5tcDQlMjIlMjB0eXBlJTNEJTIydmlkZW8lMkZtcDQlMjIlM0UlMEElMjAlMjAlMjAlMjAlMjAlMjAlMjAlMjAlM0MlMkZ2aWRlbyUzRQ==[\/vc_raw_html][vc_column_text el_class=&#8221;p-16&#8243;]<\/p>\n<h4>To boligforeninger fangede budget-tyven<\/h4>\n<p>Hvis din mekaniker elsker din gamle bil, er det m\u00e5ske, fordi han tjener gode penge p\u00e5 at skifte reservedele p\u00e5 den! P\u00e5 samme m\u00e5de \u201dstj\u00e6ler\u201d mange gamle vaskemaskiner fra vaskeriets driftsbudget: Er maskinerne mere end fem \u00e5r gamle, betaler det sig n\u00e6sten altid at udskifte til nye energivenlige maskiner. I l\u00f8bet af f\u00e5 \u00e5r er investeringen betalt via besparelser p\u00e5 el og vand. Og samtidig slipper I af med de store udgifter til reparation og vedligeholdelse. Jo \u00e6ldre maskinen er \u2013 jo bedre ser regnestykket ud for dit vaskeri.<\/p>\n<p>[\/vc_column_text][vc_single_image image=&#8221;5235&#8243; img_size=&#8221;355&#215;180&#8243; onclick=&#8221;custom_link&#8221; css=&#8221;.vc_custom_1741783106563{margin-top: 40px !important;}&#8221; link=&#8221;https:\/\/www.electroluxprofessional.com\/dk\/vaskeri\/&#8221;][vc_column_text el_class=&#8221;p-14&#8243; css=&#8221;.vc_custom_1741783114109{margin-top: 20px !important;}&#8221;]<\/p>\n<h5 style=\"color: #2acbd3;\">\u201cVi har l\u00e6rt p\u00e5 den h\u00e5rde m\u00e5de, at man ikke bare skal lade st\u00e5 til og reparere de gamle maskiner.\u201d<\/h5>\n<p>Holger Pedersen, Andelsboligforeningen VA55 Kanalens Kvarter[\/vc_column_text][\/vc_column][\/vc_row][vc_row css=&#8221;.vc_custom_1528975882430{margin: 0px !important;border-width: 0px !important;padding: 0px !important;}&#8221;][vc_column offset=&#8221;vc_hidden-xs&#8221;][vc_column_text][vc_raw_html]JTNDaHIlM0U=[\/vc_raw_html][\/vc_column_text][\/vc_column][\/vc_row][vc_row matched_labels=&#8221;&#8221; css=&#8221;.vc_custom_1741782799311{margin-top: 30px !important;margin-right: 0px !important;margin-bottom: 0px !important;margin-left: 0px !important;border-top-width: 0px !important;border-right-width: 0px !important;border-bottom-width: 0px !important;border-left-width: 0px !important;padding-top: 0px !important;padding-right: 0px !important;padding-bottom: 0px !important;padding-left: 0px !important;}&#8221;][vc_column width=&#8221;2\/3&#8243; offset=&#8221;vc_hidden-xs&#8221;][vc_row_inner full_width=&#8221;electroluxpro-container-no-padding&#8221; matched_labels=&#8221;&#8221;][vc_column_inner width=&#8221;1\/2&#8243; matched_labels=&#8221;&#8221; css=&#8221;.vc_custom_1741782667862{margin-top: 20px !important;}&#8221;][vc_single_image image=&#8221;5235&#8243; img_size=&#8221;355&#215;180&#8243; onclick=&#8221;custom_link&#8221; css=&#8221;.vc_custom_1602840558791{margin-top: 0px !important;margin-right: 0px !important;margin-bottom: 0px !important;margin-left: 0px !important;border-top-width: 0px !important;border-right-width: 0px !important;border-bottom-width: 0px !important;border-left-width: 0px !important;padding-top: 0px !important;padding-right: 0px !important;padding-bottom: 0px !important;padding-left: 0px !important;}&#8221; link=&#8221;https:\/\/www.electroluxprofessional.com\/dk\/vaskeri\/&#8221;][\/vc_column_inner][vc_column_inner width=&#8221;2\/6&#8243; matched_labels=&#8221;&#8221; css=&#8221;.vc_custom_1741782851264{padding-top: 30px !important;}&#8221;][vc_column_text css=&#8221;.vc_custom_1741782709717{margin-top: 10px !important;margin-right: 0px !important;margin-bottom: 0px !important;margin-left: 0px !important;border-top-width: 0px !important;border-right-width: 0px !important;border-bottom-width: 0px !important;border-left-width: 0px !important;padding-top: 0px !important;padding-right: 0px !important;padding-bottom: 0px !important;padding-left: 0px !important;}&#8221; el_class=&#8221;p-16&#8243;]<\/p>\n<p class=\"entry-title\">Boligforening har n\u00e6sten halveret vaskeriets el-forbrug.<br \/>\n<a href=\"https:\/\/www.electroluxprofessional.com\/dk\/vaskeri\/\">Se case \u203a<\/a><\/p>\n<p>[\/vc_column_text][\/vc_column_inner][vc_column_inner width=&#8221;1\/6&#8243;][vc_empty_space height=&#8221;5px&#8221;][\/vc_column_inner][\/vc_row_inner][vc_column_text css=&#8221;.vc_custom_1741782858597{margin-top: 30px !important;}&#8221;]<\/p>\n<h5 style=\"color: #2acbd3;\">\u201cVi har l\u00e6rt p\u00e5 den h\u00e5rde m\u00e5de, at man ikke bare skal lade st\u00e5 til og reparere de gamle maskiner.\u201d<\/h5>\n<p style=\"font-size: 14px;\">Holger Pedersen, Andelsboligforeningen VA55 Kanalens Kvarter<\/p>\n<p>[\/vc_column_text][\/vc_column][vc_column width=&#8221;1\/3&#8243; matched_labels=&#8221;&#8221; offset=&#8221;vc_hidden-xs&#8221; css=&#8221;.vc_custom_1741782957684{margin-top: 30px !important;}&#8221;][vc_column_text css=&#8221;.vc_custom_1528975076992{margin-top: -15px !important;padding-bottom: 0px !important;}&#8221;]<\/p>\n<h4 class=\"widget-title\">Hold dig ajour p\u00e5 vaskerifronten<\/h4>\n<p>[\/vc_column_text][vc_column_text css_animation=&#8221;none&#8221; el_class=&#8221;p-16&#8243; css=&#8221;.vc_custom_1577454889156{margin-top: 20px !important;margin-bottom: 20px !important;}&#8221;]F\u00e5 e-mails med nyheder, tilbud, konkurrencer, tips og gode r\u00e5d om professionelle vaskeril\u00f8sninger fra Electrolux Professional.[\/vc_column_text][vc_row_inner full_width=&#8221;electroluxpro-container-no-padding&#8221; matched_labels=&#8221;&#8221; el_id=&#8221;tilmeldingsformular&#8221;][vc_column_inner css=&#8221;.vc_custom_1583409443365{margin-right: -20px !important;margin-left: -15px !important;}&#8221;][vc_empty_space height=&#8221;15px&#8221;][elx_o2000_mailchimp_form language=&#8221;dk&#8221; listid=&#8221;eed2270662&#8243;][\/vc_column_inner][\/vc_row_inner][\/vc_column][\/vc_row][vc_row][vc_column][vc_empty_space height=&#8221;60px&#8221;][\/vc_column][\/vc_row]<\/p>\n","protected":false},"excerpt":{"rendered":"<p>[vc_row matched_labels=&#8221;&#8221; css=&#8221;.vc_custom_1741781179623{background-color: #dadfe1 !important;}&#8221;][vc_column][elx_heading font_container=&#8221;h1&#8243; text_color=&#8221;electrolux-blue&#8221; text_align=&#8221;text-left&#8221; css=&#8221;.vc_custom_1528960234696{margin-bottom: 50px !important;}&#8221;] Hvorfor betaler det sig IKKE at reparere gamle vaskerimaskiner? [\/elx_heading][vc_empty_space][\/vc_column][\/vc_row][vc_row][vc_column][vc_empty_space height=&#8221;50px&#8221;][vc_column_text el_class=&#8221;p-16&#8243;]Selv en professionel vaskemaskine eller t\u00f8rretumbler har sin levetid. En maskine, der knokler dag ud og dag ind, kr\u00e6ver naturligvis vedligeholdelse. Og p\u00e5 et tidspunkt \u201dkn\u00e6kker kurven\u201d. S\u00e5 bliver det for dyrt at [&hellip;]<\/p>\n","protected":false},"author":64,"featured_media":0,"parent":6139,"menu_order":0,"comment_status":"closed","ping_status":"closed","template":"","meta":{"footnotes":""},"class_list":["post-6606","page","type-page","status-publish","hentry"],"acf":[],"yoast_head":"<!-- This site is optimized with the Yoast SEO plugin v23.3 - https:\/\/yoast.com\/wordpress\/plugins\/seo\/ -->\n<title>Se hvorfor det IKKE betaler sig af reparere en gammel vaskerimaskine<\/title>\n<meta name=\"description\" content=\"Det kan blive for dyrt at reparere gamle maskiner, og bedre betale sig at udskifte dem med nye og mere energieffektive maskiner.\" \/>\n<meta name=\"robots\" content=\"index, follow, max-snippet:-1, max-image-preview:large, max-video-preview:-1\" \/>\n<link rel=\"canonical\" href=\"https:\/\/www.electroluxprofessional.com\/dk\/driftsbesparelser\/reparere-gamle-maskiner\/\" \/>\n<meta property=\"og:locale\" content=\"da_DK\" \/>\n<meta property=\"og:type\" content=\"article\" \/>\n<meta property=\"og:title\" content=\"Se hvorfor det IKKE betaler sig af reparere en gammel vaskerimaskine\" \/>\n<meta property=\"og:description\" content=\"Det kan blive for dyrt at reparere gamle maskiner, og bedre betale sig at udskifte dem med nye og mere energieffektive maskiner.\" \/>\n<meta property=\"og:url\" content=\"https:\/\/www.electroluxprofessional.com\/dk\/driftsbesparelser\/reparere-gamle-maskiner\/\" \/>\n<meta property=\"og:site_name\" content=\"Electrolux Professional Danmark\" \/>\n<meta property=\"article:modified_time\" content=\"2025-03-12T12:39:08+00:00\" \/>\n<meta name=\"twitter:card\" content=\"summary_large_image\" \/>\n<meta name=\"twitter:label1\" content=\"Estimeret l\u00e6setid\" \/>\n\t<meta name=\"twitter:data1\" content=\"7 minutter\" \/>\n<script type=\"application\/ld+json\" class=\"yoast-schema-graph\">{\"@context\":\"https:\/\/schema.org\",\"@graph\":[{\"@type\":\"WebPage\",\"@id\":\"https:\/\/www.electroluxprofessional.com\/dk\/driftsbesparelser\/reparere-gamle-maskiner\/\",\"url\":\"https:\/\/www.electroluxprofessional.com\/dk\/driftsbesparelser\/reparere-gamle-maskiner\/\",\"name\":\"Se hvorfor det IKKE betaler sig af reparere en gammel vaskerimaskine\",\"isPartOf\":{\"@id\":\"https:\/\/www.electroluxprofessional.com\/dk\/#website\"},\"datePublished\":\"2025-03-10T08:00:39+00:00\",\"dateModified\":\"2025-03-12T12:39:08+00:00\",\"description\":\"Det kan blive for dyrt at reparere gamle maskiner, og bedre betale sig at udskifte dem med nye og mere energieffektive maskiner.\",\"breadcrumb\":{\"@id\":\"https:\/\/www.electroluxprofessional.com\/dk\/driftsbesparelser\/reparere-gamle-maskiner\/#breadcrumb\"},\"inLanguage\":\"da-DK\",\"potentialAction\":[{\"@type\":\"ReadAction\",\"target\":[\"https:\/\/www.electroluxprofessional.com\/dk\/driftsbesparelser\/reparere-gamle-maskiner\/\"]}]},{\"@type\":\"BreadcrumbList\",\"@id\":\"https:\/\/www.electroluxprofessional.com\/dk\/driftsbesparelser\/reparere-gamle-maskiner\/#breadcrumb\",\"itemListElement\":[{\"@type\":\"ListItem\",\"position\":1,\"name\":\"Home\",\"item\":\"https:\/\/www.electroluxprofessional.com\/dk\/\"},{\"@type\":\"ListItem\",\"position\":2,\"name\":\"Driftsbesparelser\",\"item\":\"https:\/\/www.electroluxprofessional.com\/dk\/driftsbesparelser\/\"},{\"@type\":\"ListItem\",\"position\":3,\"name\":\"Hvorfor betaler det sig IKKE at reparere gamle vaskerimaskiner?\"}]},{\"@type\":\"WebSite\",\"@id\":\"https:\/\/www.electroluxprofessional.com\/dk\/#website\",\"url\":\"https:\/\/www.electroluxprofessional.com\/dk\/\",\"name\":\"Electrolux Professional Danmark\",\"description\":\"\",\"potentialAction\":[{\"@type\":\"SearchAction\",\"target\":{\"@type\":\"EntryPoint\",\"urlTemplate\":\"https:\/\/www.electroluxprofessional.com\/dk\/?src={search_term_string}\"},\"query-input\":\"required name=search_term_string\"}],\"inLanguage\":\"da-DK\"}]}<\/script>\n<!-- \/ Yoast SEO plugin. -->","yoast_head_json":{"title":"Se hvorfor det IKKE betaler sig af reparere en gammel vaskerimaskine","description":"Det kan blive for dyrt at reparere gamle maskiner, og bedre betale sig at udskifte dem med nye og mere energieffektive maskiner.","robots":{"index":"index","follow":"follow","max-snippet":"max-snippet:-1","max-image-preview":"max-image-preview:large","max-video-preview":"max-video-preview:-1"},"canonical":"https:\/\/www.electroluxprofessional.com\/dk\/driftsbesparelser\/reparere-gamle-maskiner\/","og_locale":"da_DK","og_type":"article","og_title":"Se hvorfor det IKKE betaler sig af reparere en gammel vaskerimaskine","og_description":"Det kan blive for dyrt at reparere gamle maskiner, og bedre betale sig at udskifte dem med nye og mere energieffektive maskiner.","og_url":"https:\/\/www.electroluxprofessional.com\/dk\/driftsbesparelser\/reparere-gamle-maskiner\/","og_site_name":"Electrolux Professional Danmark","article_modified_time":"2025-03-12T12:39:08+00:00","twitter_card":"summary_large_image","twitter_misc":{"Estimeret l\u00e6setid":"7 minutter"},"schema":{"@context":"https:\/\/schema.org","@graph":[{"@type":"WebPage","@id":"https:\/\/www.electroluxprofessional.com\/dk\/driftsbesparelser\/reparere-gamle-maskiner\/","url":"https:\/\/www.electroluxprofessional.com\/dk\/driftsbesparelser\/reparere-gamle-maskiner\/","name":"Se hvorfor det IKKE betaler sig af reparere en gammel vaskerimaskine","isPartOf":{"@id":"https:\/\/www.electroluxprofessional.com\/dk\/#website"},"datePublished":"2025-03-10T08:00:39+00:00","dateModified":"2025-03-12T12:39:08+00:00","description":"Det kan blive for dyrt at reparere gamle maskiner, og bedre betale sig at udskifte dem med nye og mere energieffektive maskiner.","breadcrumb":{"@id":"https:\/\/www.electroluxprofessional.com\/dk\/driftsbesparelser\/reparere-gamle-maskiner\/#breadcrumb"},"inLanguage":"da-DK","potentialAction":[{"@type":"ReadAction","target":["https:\/\/www.electroluxprofessional.com\/dk\/driftsbesparelser\/reparere-gamle-maskiner\/"]}]},{"@type":"BreadcrumbList","@id":"https:\/\/www.electroluxprofessional.com\/dk\/driftsbesparelser\/reparere-gamle-maskiner\/#breadcrumb","itemListElement":[{"@type":"ListItem","position":1,"name":"Home","item":"https:\/\/www.electroluxprofessional.com\/dk\/"},{"@type":"ListItem","position":2,"name":"Driftsbesparelser","item":"https:\/\/www.electroluxprofessional.com\/dk\/driftsbesparelser\/"},{"@type":"ListItem","position":3,"name":"Hvorfor betaler det sig IKKE at reparere gamle vaskerimaskiner?"}]},{"@type":"WebSite","@id":"https:\/\/www.electroluxprofessional.com\/dk\/#website","url":"https:\/\/www.electroluxprofessional.com\/dk\/","name":"Electrolux Professional Danmark","description":"","potentialAction":[{"@type":"SearchAction","target":{"@type":"EntryPoint","urlTemplate":"https:\/\/www.electroluxprofessional.com\/dk\/?src={search_term_string}"},"query-input":"required name=search_term_string"}],"inLanguage":"da-DK"}]}},"_links":{"self":[{"href":"https:\/\/www.electroluxprofessional.com\/dk\/wp-json\/wp\/v2\/pages\/6606"}],"collection":[{"href":"https:\/\/www.electroluxprofessional.com\/dk\/wp-json\/wp\/v2\/pages"}],"about":[{"href":"https:\/\/www.electroluxprofessional.com\/dk\/wp-json\/wp\/v2\/types\/page"}],"author":[{"embeddable":true,"href":"https:\/\/www.electroluxprofessional.com\/dk\/wp-json\/wp\/v2\/users\/64"}],"replies":[{"embeddable":true,"href":"https:\/\/www.electroluxprofessional.com\/dk\/wp-json\/wp\/v2\/comments?post=6606"}],"version-history":[{"count":43,"href":"https:\/\/www.electroluxprofessional.com\/dk\/wp-json\/wp\/v2\/pages\/6606\/revisions"}],"predecessor-version":[{"id":29328,"href":"https:\/\/www.electroluxprofessional.com\/dk\/wp-json\/wp\/v2\/pages\/6606\/revisions\/29328"}],"up":[{"embeddable":true,"href":"https:\/\/www.electroluxprofessional.com\/dk\/wp-json\/wp\/v2\/pages\/6139"}],"wp:attachment":[{"href":"https:\/\/www.electroluxprofessional.com\/dk\/wp-json\/wp\/v2\/media?parent=6606"}],"curies":[{"name":"wp","href":"https:\/\/api.w.org\/{rel}","templated":true}]}}