{"id":6421,"date":"2025-07-28T13:44:48","date_gmt":"2025-07-28T13:44:48","guid":{"rendered":"https:\/\/www.electroluxprofessional.com\/dk\/?page_id=6421"},"modified":"2025-08-14T13:59:49","modified_gmt":"2025-08-14T13:59:49","slug":"vivabolig-aalborg","status":"publish","type":"page","link":"https:\/\/www.electroluxprofessional.com\/dk\/vivabolig-aalborg\/","title":{"rendered":"CASE: Vivabolig, Aalborg"},"content":{"rendered":"<p>[vc_row][vc_column][elx_heading font_container=&#8221;h1&#8243; text_color=&#8221;electrolux-blue&#8221; text_align=&#8221;text-left&#8221; css=&#8221;.vc_custom_1528807024973{margin-top: 50px !important;margin-bottom: 50px !important;}&#8221;]ELS Vision\u2122 vaskerisystem g\u00f8r hverdagen lettere for beboere og teamleder i Vivabolig i Aalborg<br \/>\n[\/elx_heading][vc_row_inner][vc_column_inner offset=&#8221;vc_hidden-xs&#8221;][vc_empty_space height=&#8221;50px&#8221;][\/vc_column_inner][\/vc_row_inner][vc_row_inner][vc_column_inner offset=&#8221;vc_hidden-lg vc_hidden-md vc_hidden-sm&#8221;][vc_empty_space height=&#8221;30px&#8221;][\/vc_column_inner][\/vc_row_inner][\/vc_column][\/vc_row][vc_row][vc_column offset=&#8221;vc_hidden-xs&#8221;][vc_empty_space height=&#8221;20px&#8221;][\/vc_column][\/vc_row][vc_row gap=&#8221;30&#8243;][vc_column width=&#8221;2\/3&#8243; css=&#8221;.vc_custom_1528788746018{padding-left: 0px !important;}&#8221; offset=&#8221;vc_hidden-xs&#8221;][vc_row_inner css=&#8221;.vc_custom_1528724288115{padding-right: 30px !important;}&#8221;][vc_column_inner][vc_empty_space height=&#8221;50px&#8221; css=&#8221;.vc_custom_1528796322129{margin-right: 20px !important;}&#8221;][vc_column_text css=&#8221;.vc_custom_1528806536634{margin-bottom: 10px !important;}&#8221; el_class=&#8221;p-16&#8243;]Vaskeriadministration er n\u00e6sten blevet en leg for teamleder Brian Andersen fra Vivabolig i Aalborg. I slutningen af 2016 fik han nemlig den nye opdaterede version af det web-baserede administrationsprogram til ELS Vision\u2122 vaskeristyring. Med programmet sidder han dagligt og holder \u00f8je med de 10 vaskerier, der bruges af 700 lejligheder, som han har ansvaret for.[\/vc_column_text][vc_empty_space height=&#8221;22px&#8221;][vc_single_image image=&#8221;5807&#8243; img_size=&#8221;full&#8221;][vc_empty_space][vc_column_text el_class=&#8221;p-16&#8243;]\u2013 Selve systemet er simpelt hen s\u00e5 brugervenligt. Det er virkelig let at finde ud af. Det er b\u00e5de nemt at l\u00e6re og nemt at bruge, fort\u00e6ller Brian Andersen.<\/p>\n<h4>Kodning af brikker og kollektive beskeder<\/h4>\n<p>Han bruger prim\u00e6rt administrationsprogrammet til to ting: Til at kode beboernes brikker til ELS Vision systemet. Og til at give beboerne serviceoplysninger, dvs. kollektive beskeder i systemet, som alle beboerne kan l\u00e6se p\u00e5 forsiden af ELS Vision sk\u00e6rmen \u2013 eller p\u00e5 deres computer eller mobil, n\u00e5r de logger ind.<\/p>\n<p>\u2013 Det er supernemt at omkode en brik, n\u00e5r nogen fraflytter, eller nye beboere flytter ind. Og s\u00e5 skriver jeg j\u00e6vnligt kollektive beskeder til beboerne, fx at i morgen lukker vi for vandet i Bj\u00f8rn\u00f8gade mellem kl. 7 og 10. Jeg kan ogs\u00e5 invitere til et \u00c5bent Hus arrangement. Mine beskeder er det f\u00f8rste beboerne ser, n\u00e5r de logger ind, forklarer han.<\/p>\n<p>Det er Brian Andersens erfaring, at alle typer af beboere har gl\u00e6de af ELS Vision\u2122.<\/p>\n<p>\u2013 Is\u00e6r unge mennesker er glade for app\u2019en. De kan fx sidde p\u00e5 mobilen fredag aften og booke en vasketid til s\u00f8ndag formiddag. De \u00e6ldre kommer til geng\u00e6ld tit ind til mig og sp\u00f8rger, hvor mange penge, de har vasket for \u2013 og det kan jeg lynhurtigt sl\u00e5 op p\u00e5 min sk\u00e6rm, siger Brian Andersen, som p\u00e5 alle m\u00e5der er tilfreds med ELS Vision systemet.[\/vc_column_text][vc_column_text css_animation=&#8221;fadeInDown&#8221; el_class=&#8221;p-16&#8243; css=&#8221;.vc_custom_1583491586026{margin-top: 0px !important;}&#8221;]<\/p>\n<p><center>Har du sp\u00f8rgsm\u00e5l om ELS Vision\u2122 \u2013 eller \u00f8nsker du et tilbud p\u00e5 vaskeristyring eller nye maskiner? <strong><a href=\"https:\/\/www.electroluxprofessional.com\/dk\/kontakt\/\">Kontakt Electrolux Professional<\/a> <\/strong> eller ring til os p\u00e5 tlf. 63 76 22 20.<\/center>[\/vc_column_text][\/vc_column_inner][\/vc_row_inner][\/vc_column][vc_column width=&#8221;1\/3&#8243; offset=&#8221;vc_hidden-sm vc_hidden-xs&#8221; css=&#8221;.vc_custom_1528788757547{padding-right: 10px !important;padding-left: 10px !important;}&#8221;][vc_empty_space][vc_single_image image=&#8221;6426&#8243; img_size=&#8221;180&#215;162&#8243; alignment=&#8221;center&#8221; css=&#8221;.vc_custom_1528808977243{padding-top: 20px !important;background-color: #2acbd3 !important;}&#8221;][vc_column_text el_class=&#8221;p-14&#8243; css=&#8221;.vc_custom_1582102894728{margin-bottom: 20px !important;padding-top: 10px !important;padding-right: 30px !important;padding-bottom: 40px !important;padding-left: 30px !important;background-color: #2acbd3 !important;}&#8221;]<\/p>\n<h6>Vivabolig i Aalborg<\/h6>\n<p>Brian Andersen er teamleder i Vivabolig afdeling 3 Aalborg C \u2013 \u00d8st (\u00d8-gadekvarteret) med ansvar for 10 vaskerier med i alt 40 vaskemaskiner og 20 t\u00f8rretumblere. P\u00e5 sit kontor bruger han dagligt web administration til ELS Vision\u2122 vaskeristyring.[\/vc_column_text][vc_empty_space][vc_single_image image=&#8221;5773&#8243; img_size=&#8221;full&#8221; css=&#8221;.vc_custom_1528810322999{margin-top: 20px !important;margin-bottom: 15px !important;}&#8221;][vc_column_text el_class=&#8221;p-14&#8243;]<\/p>\n<h6>Vision sk\u00e6rm hos Vivabolig, Aalborg<\/h6>\n<p>Beboerne booker, betaler og starter vasketure med ELS Vision\u2122. Og de har webbooking modul og adgang til Vision App, s\u00e5 de kan reservere vasketid, uanset hvor de er: Hjemme, p\u00e5 arbejde eller p\u00e5 farten.[\/vc_column_text][vc_single_image image=&#8221;6439&#8243; img_size=&#8221;full&#8221; css=&#8221;.vc_custom_1582102940744{margin-top: 32px !important;}&#8221;][\/vc_column][\/vc_row][vc_row][vc_column width=&#8221;2\/3&#8243; offset=&#8221;vc_hidden-lg vc_hidden-md vc_hidden-sm&#8221; css=&#8221;.vc_custom_1528788893149{padding-right: 20px !important;padding-left: 20px !important;}&#8221;][vc_empty_space height=&#8221;40px&#8221; css=&#8221;.vc_custom_1528788421033{margin-right: 20px !important;}&#8221;][vc_column_text css=&#8221;.vc_custom_1528806536634{margin-bottom: 10px !important;}&#8221; el_class=&#8221;p-16&#8243;]Vaskeriadministration er n\u00e6sten blevet en leg for teamleder Brian Andersen fra Vivabolig i Aalborg. I slutningen af 2016 fik han nemlig den nye opdaterede version af det web-baserede administrationsprogram til ELS Vision\u2122 vaskeristyring. Med programmet sidder han dagligt og holder \u00f8je med de 10 vaskerier, der bruges af 700 lejligheder, som han har ansvaret for.[\/vc_column_text][vc_empty_space height=&#8221;22px&#8221;][vc_single_image image=&#8221;5807&#8243; img_size=&#8221;full&#8221;][vc_empty_space height=&#8221;18px&#8221;][vc_column_text el_class=&#8221;p-16&#8243;]\u2013 Selve systemet er simpelt hen s\u00e5 brugervenligt. Det er virkelig let at finde ud af. Det er b\u00e5de nemt at l\u00e6re og nemt at bruge, fort\u00e6ller Brian Andersen.<\/p>\n<h4>Kodning af brikker og kollektive beskeder<\/h4>\n<p>Han bruger prim\u00e6rt administrationsprogrammet til to ting: Til at kode beboernes brikker til ELS Vision systemet. Og til at give beboerne serviceoplysninger, dvs. kollektive beskeder i systemet, som alle beboerne kan l\u00e6se p\u00e5 forsiden af ELS Vision sk\u00e6rmen \u2013 eller p\u00e5 deres computer eller mobil, n\u00e5r de logger ind.<\/p>\n<p>\u2013 Det er supernemt at omkode en brik, n\u00e5r nogen fraflytter, eller nye beboere flytter ind. Og s\u00e5 skriver jeg j\u00e6vnligt kollektive beskeder til beboerne, fx at i morgen lukker vi for vandet i Bj\u00f8rn\u00f8gade mellem kl. 7 og 10. Jeg kan ogs\u00e5 invitere til et \u00c5bent Hus arrangement. Mine beskeder er det f\u00f8rste beboerne ser, n\u00e5r de logger ind, forklarer han.<\/p>\n<p>Det er Brian Andersens erfaring, at alle typer af beboere har gl\u00e6de af ELS Vision\u2122.<\/p>\n<p>\u2013 Is\u00e6r unge mennesker er glade for app\u2019en. De kan fx sidde p\u00e5 mobilen fredag aften og booke en vasketid til s\u00f8ndag formiddag. De \u00e6ldre kommer til geng\u00e6ld tit ind til mig og sp\u00f8rger, hvor mange penge, de har vasket for \u2013 og det kan jeg lynhurtigt sl\u00e5 op p\u00e5 min sk\u00e6rm, siger Brian Andersen, som p\u00e5 alle m\u00e5der er tilfreds med ELS Vision systemet.[\/vc_column_text][vc_column_text css_animation=&#8221;fadeInDown&#8221; el_class=&#8221;p-16&#8243; css=&#8221;.vc_custom_1583491625398{margin-top: 0px !important;}&#8221;]<\/p>\n<p><center>Har du sp\u00f8rgsm\u00e5l om ELS Vision\u2122 \u2013 eller \u00f8nsker du et tilbud p\u00e5 vaskeristyring eller nye maskiner? <strong><a href=\"https:\/\/www.electroluxprofessional.com\/dk\/kontakt\/\">Kontakt Electrolux Professional<\/a> <\/strong> eller ring til os p\u00e5 tlf. 63 76 22 20.<\/center>[\/vc_column_text][\/vc_column][vc_column width=&#8221;1\/3&#8243; css=&#8221;.vc_custom_1528788771053{padding-right: 10px !important;padding-left: 10px !important;}&#8221; offset=&#8221;vc_hidden-lg vc_hidden-md vc_hidden-sm&#8221;][vc_empty_space][vc_single_image image=&#8221;6426&#8243; img_size=&#8221;180&#215;162&#8243; alignment=&#8221;center&#8221; css=&#8221;.vc_custom_1528808977243{padding-top: 20px !important;background-color: #2acbd3 !important;}&#8221;][vc_column_text el_class=&#8221;p-14&#8243; css=&#8221;.vc_custom_1528810138595{padding-top: 10px !important;padding-right: 30px !important;padding-bottom: 30px !important;padding-left: 30px !important;background-color: #2acbd3 !important;}&#8221;]<\/p>\n<h6>Vivabolig i Aalborg<\/h6>\n<p>Brian Andersen er teamleder i Vivabolig afdeling 3 Aalborg C \u2013 \u00d8st (\u00d8-gadekvarteret) med ansvar for 10 vaskerier med i alt 40 vaskemaskiner og 20 t\u00f8rretumblere. P\u00e5 sit kontor bruger han dagligt web administration til ELS Vision\u2122 vaskeristyring.[\/vc_column_text][vc_single_image image=&#8221;5773&#8243; img_size=&#8221;full&#8221; css=&#8221;.vc_custom_1528810322999{margin-top: 20px !important;margin-bottom: 15px !important;}&#8221;][vc_column_text el_class=&#8221;p-14&#8243;]<\/p>\n<h6>Vision sk\u00e6rm hos Vivabolig, Aalborg<\/h6>\n<p>Beboerne booker, betaler og starter vasketure med ELS Vision\u2122. Og de har webbooking modul og adgang til Vision App, s\u00e5 de kan reservere vasketid, uanset hvor de er: Hjemme, p\u00e5 arbejde eller p\u00e5 farten.[\/vc_column_text][vc_single_image image=&#8221;6439&#8243; img_size=&#8221;full&#8221; css=&#8221;.vc_custom_1582103101996{margin-top: 32px !important;}&#8221;][\/vc_column][\/vc_row][vc_row css=&#8221;.vc_custom_1754031373632{margin-top: 60px !important;background-color: #041e41 !important;}&#8221;][vc_column width=&#8221;1\/2&#8243;][vc_single_image image=&#8221;30006&#8243; img_size=&#8221;full&#8221;][\/vc_column][vc_column width=&#8221;1\/2&#8243;][vc_row_inner content_placement=&#8221;middle&#8221;][vc_column_inner width=&#8221;2\/3&#8243;][vc_empty_space height=&#8221;70px&#8221;][vc_column_text css=&#8221;.vc_custom_1755179885293{padding-left: 20px !important;}&#8221;]<a style=\"font-size: 21px;\" href=\"https:\/\/www.electroluxprofessional.com\/dk\/line-6000-vaskeri-der-virker\/\">L\u00e6s mere om Line 6000 vaskerimaskiner \u203a<\/a>[\/vc_column_text][\/vc_column_inner][vc_column_inner width=&#8221;1\/3&#8243;][vc_single_image image=&#8221;6327&#8243; img_size=&#8221;full&#8221;][\/vc_column_inner][\/vc_row_inner][\/vc_column][\/vc_row][vc_row][vc_column][vc_empty_space height=&#8221;60px&#8221;][\/vc_column][\/vc_row]<\/p>\n","protected":false},"excerpt":{"rendered":"<p>[vc_row][vc_column][elx_heading font_container=&#8221;h1&#8243; text_color=&#8221;electrolux-blue&#8221; text_align=&#8221;text-left&#8221; css=&#8221;.vc_custom_1528807024973{margin-top: 50px !important;margin-bottom: 50px !important;}&#8221;]ELS Vision\u2122 vaskerisystem g\u00f8r hverdagen lettere for beboere og teamleder i Vivabolig i Aalborg [\/elx_heading][vc_row_inner][vc_column_inner offset=&#8221;vc_hidden-xs&#8221;][vc_empty_space height=&#8221;50px&#8221;][\/vc_column_inner][\/vc_row_inner][vc_row_inner][vc_column_inner offset=&#8221;vc_hidden-lg vc_hidden-md vc_hidden-sm&#8221;][vc_empty_space height=&#8221;30px&#8221;][\/vc_column_inner][\/vc_row_inner][\/vc_column][\/vc_row][vc_row][vc_column offset=&#8221;vc_hidden-xs&#8221;][vc_empty_space height=&#8221;20px&#8221;][\/vc_column][\/vc_row][vc_row gap=&#8221;30&#8243;][vc_column width=&#8221;2\/3&#8243; css=&#8221;.vc_custom_1528788746018{padding-left: 0px !important;}&#8221; offset=&#8221;vc_hidden-xs&#8221;][vc_row_inner css=&#8221;.vc_custom_1528724288115{padding-right: 30px !important;}&#8221;][vc_column_inner][vc_empty_space height=&#8221;50px&#8221; css=&#8221;.vc_custom_1528796322129{margin-right: 20px !important;}&#8221;][vc_column_text css=&#8221;.vc_custom_1528806536634{margin-bottom: 10px !important;}&#8221; el_class=&#8221;p-16&#8243;]Vaskeriadministration er n\u00e6sten blevet en leg for teamleder [&hellip;]<\/p>\n","protected":false},"author":64,"featured_media":0,"parent":0,"menu_order":0,"comment_status":"closed","ping_status":"closed","template":"","meta":{"footnotes":""},"class_list":["post-6421","page","type-page","status-publish","hentry"],"acf":[],"yoast_head":"<!-- This site is optimized with the Yoast SEO plugin v23.3 - https:\/\/yoast.com\/wordpress\/plugins\/seo\/ -->\n<title>ELS Vision\u2122 er webbooking modul og mobilapp til at reservere vasketid<\/title>\n<meta name=\"description\" content=\"Beboerne booker, betaler og starter vasketure med ELS Vision\u2122. Og de har webbooking modul og adgang til Vision App, s\u00e5 de kan reservere vasketid, uanset hvor de er: Hjemme, p\u00e5 arbejde eller p\u00e5 farten.\" \/>\n<meta name=\"robots\" content=\"index, follow, max-snippet:-1, max-image-preview:large, max-video-preview:-1\" \/>\n<link rel=\"canonical\" href=\"https:\/\/www.electroluxprofessional.com\/dk\/vivabolig-aalborg\/\" \/>\n<meta property=\"og:locale\" content=\"da_DK\" \/>\n<meta property=\"og:type\" content=\"article\" \/>\n<meta property=\"og:title\" content=\"ELS Vision\u2122 er webbooking modul og mobilapp til at reservere vasketid\" \/>\n<meta property=\"og:description\" content=\"Beboerne booker, betaler og starter vasketure med ELS Vision\u2122. Og de har webbooking modul og adgang til Vision App, s\u00e5 de kan reservere vasketid, uanset hvor de er: Hjemme, p\u00e5 arbejde eller p\u00e5 farten.\" \/>\n<meta property=\"og:url\" content=\"https:\/\/www.electroluxprofessional.com\/dk\/vivabolig-aalborg\/\" \/>\n<meta property=\"og:site_name\" content=\"Electrolux Professional Danmark\" \/>\n<meta property=\"article:modified_time\" content=\"2025-08-14T13:59:49+00:00\" \/>\n<meta name=\"twitter:card\" content=\"summary_large_image\" \/>\n<meta name=\"twitter:label1\" content=\"Estimeret l\u00e6setid\" \/>\n\t<meta name=\"twitter:data1\" content=\"8 minutter\" \/>\n<script type=\"application\/ld+json\" class=\"yoast-schema-graph\">{\"@context\":\"https:\/\/schema.org\",\"@graph\":[{\"@type\":\"WebPage\",\"@id\":\"https:\/\/www.electroluxprofessional.com\/dk\/vivabolig-aalborg\/\",\"url\":\"https:\/\/www.electroluxprofessional.com\/dk\/vivabolig-aalborg\/\",\"name\":\"ELS Vision\u2122 er webbooking modul og mobilapp til at reservere vasketid\",\"isPartOf\":{\"@id\":\"https:\/\/www.electroluxprofessional.com\/dk\/#website\"},\"datePublished\":\"2025-07-28T13:44:48+00:00\",\"dateModified\":\"2025-08-14T13:59:49+00:00\",\"description\":\"Beboerne booker, betaler og starter vasketure med ELS Vision\u2122. Og de har webbooking modul og adgang til Vision App, s\u00e5 de kan reservere vasketid, uanset hvor de er: Hjemme, p\u00e5 arbejde eller p\u00e5 farten.\",\"breadcrumb\":{\"@id\":\"https:\/\/www.electroluxprofessional.com\/dk\/vivabolig-aalborg\/#breadcrumb\"},\"inLanguage\":\"da-DK\",\"potentialAction\":[{\"@type\":\"ReadAction\",\"target\":[\"https:\/\/www.electroluxprofessional.com\/dk\/vivabolig-aalborg\/\"]}]},{\"@type\":\"BreadcrumbList\",\"@id\":\"https:\/\/www.electroluxprofessional.com\/dk\/vivabolig-aalborg\/#breadcrumb\",\"itemListElement\":[{\"@type\":\"ListItem\",\"position\":1,\"name\":\"Home\",\"item\":\"https:\/\/www.electroluxprofessional.com\/dk\/\"},{\"@type\":\"ListItem\",\"position\":2,\"name\":\"CASE: Vivabolig, Aalborg\"}]},{\"@type\":\"WebSite\",\"@id\":\"https:\/\/www.electroluxprofessional.com\/dk\/#website\",\"url\":\"https:\/\/www.electroluxprofessional.com\/dk\/\",\"name\":\"Electrolux Professional Danmark\",\"description\":\"\",\"potentialAction\":[{\"@type\":\"SearchAction\",\"target\":{\"@type\":\"EntryPoint\",\"urlTemplate\":\"https:\/\/www.electroluxprofessional.com\/dk\/?src={search_term_string}\"},\"query-input\":\"required name=search_term_string\"}],\"inLanguage\":\"da-DK\"}]}<\/script>\n<!-- \/ Yoast SEO plugin. -->","yoast_head_json":{"title":"ELS Vision\u2122 er webbooking modul og mobilapp til at reservere vasketid","description":"Beboerne booker, betaler og starter vasketure med ELS Vision\u2122. Og de har webbooking modul og adgang til Vision App, s\u00e5 de kan reservere vasketid, uanset hvor de er: Hjemme, p\u00e5 arbejde eller p\u00e5 farten.","robots":{"index":"index","follow":"follow","max-snippet":"max-snippet:-1","max-image-preview":"max-image-preview:large","max-video-preview":"max-video-preview:-1"},"canonical":"https:\/\/www.electroluxprofessional.com\/dk\/vivabolig-aalborg\/","og_locale":"da_DK","og_type":"article","og_title":"ELS Vision\u2122 er webbooking modul og mobilapp til at reservere vasketid","og_description":"Beboerne booker, betaler og starter vasketure med ELS Vision\u2122. Og de har webbooking modul og adgang til Vision App, s\u00e5 de kan reservere vasketid, uanset hvor de er: Hjemme, p\u00e5 arbejde eller p\u00e5 farten.","og_url":"https:\/\/www.electroluxprofessional.com\/dk\/vivabolig-aalborg\/","og_site_name":"Electrolux Professional Danmark","article_modified_time":"2025-08-14T13:59:49+00:00","twitter_card":"summary_large_image","twitter_misc":{"Estimeret l\u00e6setid":"8 minutter"},"schema":{"@context":"https:\/\/schema.org","@graph":[{"@type":"WebPage","@id":"https:\/\/www.electroluxprofessional.com\/dk\/vivabolig-aalborg\/","url":"https:\/\/www.electroluxprofessional.com\/dk\/vivabolig-aalborg\/","name":"ELS Vision\u2122 er webbooking modul og mobilapp til at reservere vasketid","isPartOf":{"@id":"https:\/\/www.electroluxprofessional.com\/dk\/#website"},"datePublished":"2025-07-28T13:44:48+00:00","dateModified":"2025-08-14T13:59:49+00:00","description":"Beboerne booker, betaler og starter vasketure med ELS Vision\u2122. Og de har webbooking modul og adgang til Vision App, s\u00e5 de kan reservere vasketid, uanset hvor de er: Hjemme, p\u00e5 arbejde eller p\u00e5 farten.","breadcrumb":{"@id":"https:\/\/www.electroluxprofessional.com\/dk\/vivabolig-aalborg\/#breadcrumb"},"inLanguage":"da-DK","potentialAction":[{"@type":"ReadAction","target":["https:\/\/www.electroluxprofessional.com\/dk\/vivabolig-aalborg\/"]}]},{"@type":"BreadcrumbList","@id":"https:\/\/www.electroluxprofessional.com\/dk\/vivabolig-aalborg\/#breadcrumb","itemListElement":[{"@type":"ListItem","position":1,"name":"Home","item":"https:\/\/www.electroluxprofessional.com\/dk\/"},{"@type":"ListItem","position":2,"name":"CASE: Vivabolig, Aalborg"}]},{"@type":"WebSite","@id":"https:\/\/www.electroluxprofessional.com\/dk\/#website","url":"https:\/\/www.electroluxprofessional.com\/dk\/","name":"Electrolux Professional Danmark","description":"","potentialAction":[{"@type":"SearchAction","target":{"@type":"EntryPoint","urlTemplate":"https:\/\/www.electroluxprofessional.com\/dk\/?src={search_term_string}"},"query-input":"required name=search_term_string"}],"inLanguage":"da-DK"}]}},"_links":{"self":[{"href":"https:\/\/www.electroluxprofessional.com\/dk\/wp-json\/wp\/v2\/pages\/6421"}],"collection":[{"href":"https:\/\/www.electroluxprofessional.com\/dk\/wp-json\/wp\/v2\/pages"}],"about":[{"href":"https:\/\/www.electroluxprofessional.com\/dk\/wp-json\/wp\/v2\/types\/page"}],"author":[{"embeddable":true,"href":"https:\/\/www.electroluxprofessional.com\/dk\/wp-json\/wp\/v2\/users\/64"}],"replies":[{"embeddable":true,"href":"https:\/\/www.electroluxprofessional.com\/dk\/wp-json\/wp\/v2\/comments?post=6421"}],"version-history":[{"count":27,"href":"https:\/\/www.electroluxprofessional.com\/dk\/wp-json\/wp\/v2\/pages\/6421\/revisions"}],"predecessor-version":[{"id":30079,"href":"https:\/\/www.electroluxprofessional.com\/dk\/wp-json\/wp\/v2\/pages\/6421\/revisions\/30079"}],"wp:attachment":[{"href":"https:\/\/www.electroluxprofessional.com\/dk\/wp-json\/wp\/v2\/media?parent=6421"}],"curies":[{"name":"wp","href":"https:\/\/api.w.org\/{rel}","templated":true}]}}