{"id":6370,"date":"2025-09-09T11:39:59","date_gmt":"2025-09-09T11:39:59","guid":{"rendered":"https:\/\/www.electroluxprofessional.com\/dk\/?page_id=6370"},"modified":"2025-09-10T08:15:17","modified_gmt":"2025-09-10T08:15:17","slug":"boligvaskeri-hojvangsparken-esbjerg","status":"publish","type":"page","link":"https:\/\/www.electroluxprofessional.com\/dk\/boligvaskeri-hojvangsparken-esbjerg\/","title":{"rendered":"CASE: H\u00f8jvangsparken, Esbjerg"},"content":{"rendered":"<p>[vc_row css=&#8221;.vc_custom_1640769759529{padding-top: 40px !important;padding-bottom: 40px !important;background-color: #dadfe1 !important;}&#8221;][vc_column][elx_heading font_container=&#8221;h1&#8243; text_color=&#8221;electrolux-blue&#8221; text_align=&#8221;text-left&#8221; css=&#8221;.vc_custom_1640782854863{margin-top: 50px !important;margin-bottom: 50px !important;}&#8221;]Boligvaskeri i Esbjerg er godt tilfreds med vaskerimaskiner fra Electrolux Professional[\/elx_heading][\/vc_column][\/vc_row][vc_row gap=&#8221;30&#8243; css=&#8221;.vc_custom_1640684811175{margin-top: 20px !important;}&#8221;][vc_column width=&#8221;2\/3&#8243; css=&#8221;.vc_custom_1528788746018{padding-left: 0px !important;}&#8221; offset=&#8221;vc_hidden-xs&#8221;][vc_row_inner css=&#8221;.vc_custom_1528724288115{padding-right: 30px !important;}&#8221;][vc_column_inner][vc_empty_space height=&#8221;50px&#8221; css=&#8221;.vc_custom_1528802243422{margin-right: 20px !important;}&#8221;][vc_column_text css=&#8221;.vc_custom_1756907862514{margin-bottom: 10px !important;}&#8221; el_class=&#8221;p-16&#8243;]H\u00f8jvangsparken i Esbjerg udskiftede de gamle maskiner i deres boligvaskeri med seks nye Line 5000 maskiner fra Electrolux Professional. S\u00e5 nu vasker beboerne b\u00e5de <a href=\"https:\/\/www.electroluxprofessional.com\/dk\/line-6000-loesninger\/\">nemmere, billigere og gr\u00f8nnere.<\/a>[\/vc_column_text][vc_empty_space height=&#8221;22px&#8221;][vc_column_text css=&#8221;.vc_custom_1528799155741{margin-bottom: 10px !important;}&#8221; el_class=&#8221;p-16&#8243;]<\/p>\n<h6>Se videointerview med inspekt\u00f8ren<\/h6>\n<p>[\/vc_column_text][elx_video_block background_image=&#8221;6378&#8243; video_link=&#8221;https:\/\/www.youtube.com\/watch?list=PLa3NWvYbt5TU7W5PZCfvTB-g9XWAfyZAo&amp;v=t26Exy11fFo&#8221; minimum_height=&#8221;360px&#8221;][vc_empty_space][vc_column_text el_class=&#8221;p-16&#8243;]\u2013 De nye maskiner i boligvaskeriet er noget mere energibevidste og energibesparende. Og det er vigtigt, n\u00e5r priserne p\u00e5 b\u00e5de el og vand stiger, forklarer inspekt\u00f8r Bent Sejerup fra DAB, B \u201932 H\u00f8jvangsparken i Esbjerg.<\/p>\n<p>Han har et budget, der skal holdes, og han ved, at n\u00e5r maskinerne n\u00e5r en vis alder, bliver reparationsomkostningerne for store. Og s\u00e5 er det tid at skifte. S\u00e5 de 14 \u00e5r gamle Generation 3000 maskiner blev erstattet af Line 5000. Der er nu endnu nyere og mere energibesparende vaskerimaskiner fra Electrolux Professional \u2013 <a href=\"https:\/\/www.electroluxprofessional.com\/dk\/faellesvaskeri\/\">de nye Line 6000<\/a><\/p>\n<h4>Vigtigt at det fungerer<\/h4>\n<p>Udover de store besparelser p\u00e5 el og vand, som er en gevinst ved de nye maskiner, har det v\u00e6ret vigtigt for boligvaskeriet at v\u00e6lge en vaskerileverand\u00f8r, man kan stole p\u00e5.<\/p>\n<p>\u2013 Afdelingens bestyrelse best\u00e5r af fem kvinder, som er rimeligt kompetente p\u00e5 dette felt. P\u00e5 beboernes vegne har vi sammen med bestyrelsen valgt et boligvaskeri, som vi er trygge ved. Alle syntes, at de gamle Electrolux maskiner har tjent os godt, s\u00e5 vi har ogs\u00e5 valgt Electrolux igen, fordi det fungerer, siger Bent Sejerup.<\/p>\n<h4>Beboerne er tilfredse med deres boligvaskeri<\/h4>\n<p>Det har desuden v\u00e6ret vigtigt for bestyrelsen, at maskinerne er lette at bruge med et minimum af instruktion. Her fremh\u00e6ver inspekt\u00f8ren specielt det nye Compass Pro:<\/p>\n<p>\u2013 Vi kan se, at beboerne herude tager Compass Pro fornyelsen til sig. Man bliver f\u00f8rt igennem menuen p\u00e5 displayet, s\u00e5 det er meget nemt og overskueligt at v\u00e6lge det vaskeprogram, man \u00f8nsker sig. Beboerne er generelt meget tilfredse med boligvaskeriet. Vi havde en enkelt demonstration af vaskeriet, og siden har vi ikke f\u00e5et mange sp\u00f8rgsm\u00e5l, fort\u00e6ller han, og tilf\u00f8jer, at DAB p\u00e5 baggrund af de gode erfaringer i dette boligvaskeri har valgt at k\u00f8be 35 nye maskiner til en anden afdeling i Esbjerg \u2013 fordelt p\u00e5 10 mindre vaskerier.[\/vc_column_text][vc_empty_space height=&#8221;50px&#8221;][elx_button button_text=&#8221;L\u00c6S MERE OM LINE 5000 OG LINE 6000&#8243; button_style=&#8221;default&#8221; button_display_block=&#8221;display_block_on&#8221; button_alignment=&#8221;align_center&#8221; button_link=&#8221;url:https%3A%2F%2Fwww.electroluxprofessional.com%2Fdk%2Fdriftsbesparelser%2Fbilligere-og-groennere%2F||target:%20_blank|&#8221;][vc_column_text css_animation=&#8221;fadeInDown&#8221; el_class=&#8221;p-16&#8243; css=&#8221;.vc_custom_1583490520065{margin-top: 0px !important;}&#8221;]<\/p>\n<p><center>Har du sp\u00f8rgsm\u00e5l \u2013 eller \u00f8nsker du et tilbud?<br \/>\n<strong><a href=\"https:\/\/www.electroluxprofessional.com\/dk\/kontakt\/\">Kontakt Electrolux Professional her,<\/a> <\/strong>eller ring til os p\u00e5 63 76 22 20.<\/center>[\/vc_column_text][\/vc_column_inner][\/vc_row_inner][\/vc_column][vc_column width=&#8221;1\/3&#8243; offset=&#8221;vc_hidden-sm vc_hidden-xs&#8221; css=&#8221;.vc_custom_1528788757547{padding-right: 10px !important;padding-left: 10px !important;}&#8221;][vc_empty_space][vc_single_image image=&#8221;6376&#8243; img_size=&#8221;full&#8221;][vc_column_text el_class=&#8221;p-14&#8243; css=&#8221;.vc_custom_1528802287982{padding-top: 10px !important;padding-right: 30px !important;padding-bottom: 30px !important;padding-left: 30px !important;background-color: #041e41 !important;}&#8221;]<\/p>\n<h6 style=\"color: #ffffff; letter-spacing: 0.04em; line-height: 1.4em;\">Boligforeningen \u201932 afd.16, H\u00f8jvangsparken<\/h6>\n<p style=\"color: #ffffff; letter-spacing: 0.01em;\">H\u00f8jvangsparken er en lav bebyggelse, opf\u00f8rt i 1990 med 93 boliger inkl. 10 ungdomsboliger. Afdelingen har f\u00e6llesvaskeri med seks nye Line 5000 maskiner. Beboerne starter maskinerne med ELS Vision<sup>TM<\/sup>, og vaskene betales over huslejen. ELS Vision styrer ogs\u00e5 booking af afdelingens aktivitetsrum og bilvaskeplads.<\/p>\n<p>[\/vc_column_text][vc_single_image image=&#8221;6049&#8243; img_size=&#8221;full&#8221;][vc_empty_space height=&#8221;20px&#8221;][vc_single_image image=&#8221;6402&#8243; img_size=&#8221;full&#8221; css=&#8221;.vc_custom_1598442216119{margin-top: 20px !important;margin-bottom: 70px !important;}&#8221;][\/vc_column][\/vc_row][vc_row][vc_column width=&#8221;2\/3&#8243; offset=&#8221;vc_hidden-lg vc_hidden-md vc_hidden-sm&#8221; css=&#8221;.vc_custom_1528788893149{padding-right: 20px !important;padding-left: 20px !important;}&#8221;][vc_empty_space height=&#8221;40px&#8221; css=&#8221;.vc_custom_1528788421033{margin-right: 20px !important;}&#8221;][vc_column_text css=&#8221;.vc_custom_1598439067317{margin-bottom: 10px !important;}&#8221; el_class=&#8221;p-16&#8243;]H\u00f8jvangsparken i Esbjerg udskiftede de gamle maskiner i deres boligvaskeri med seks nye Line 5000 maskiner fra Electrolux Professional. S\u00e5 nu vasker beboerne b\u00e5de nemmere, billigere og gr\u00f8nnere.[\/vc_column_text][vc_empty_space height=&#8221;22px&#8221;][vc_column_text css=&#8221;.vc_custom_1528799155741{margin-bottom: 10px !important;}&#8221; el_class=&#8221;p-16&#8243;]<\/p>\n<h6>Se videointerview med inspekt\u00f8ren<\/h6>\n<p>[\/vc_column_text][elx_video_block background_image=&#8221;6378&#8243; video_link=&#8221;https:\/\/www.youtube.com\/watch?list=PLa3NWvYbt5TU7W5PZCfvTB-g9XWAfyZAo&amp;v=t26Exy11fFo&#8221; minimum_height=&#8221;200px&#8221;][vc_empty_space height=&#8221;18px&#8221;][vc_column_text el_class=&#8221;p-16&#8243;]\u2013 De nye maskiner i boligvaskeriet er noget mere energibevidste og energibesparende. Og det er vigtigt, n\u00e5r priserne p\u00e5 b\u00e5de el og vand stiger, forklarer inspekt\u00f8r Bent Sejerup fra DAB, B \u201932 H\u00f8jvangsparken i Esbjerg.<\/p>\n<p>Han har et budget, der skal holdes, og han ved, at n\u00e5r maskinerne n\u00e5r en vis alder, bliver reparationsomkostningerne for store. Og s\u00e5 er det tid at skifte. S\u00e5 de 14 \u00e5r gamle Generation 3000 maskiner blev erstattet af Line 5000. Der er nu endnu nyere og mere energibesparende vaskerimaskiner fra Electrolux Professional \u2013 <a href=\"https:\/\/www.electroluxprofessional.com\/dk\/faellesvaskeri\/\">de nye Line 6000<\/a><\/p>\n<h4>Vigtigt at det fungerer<\/h4>\n<p>Udover de store besparelser p\u00e5 el og vand, som er en gevinst ved de nye maskiner, har det v\u00e6ret vigtigt for boligvaskeriet at v\u00e6lge en vaskerileverand\u00f8r, man kan stole p\u00e5.<\/p>\n<p>\u2013 Afdelingens bestyrelse best\u00e5r af fem kvinder, som er rimeligt kompetente p\u00e5 dette felt. P\u00e5 beboernes vegne har vi sammen med bestyrelsen valgt et boligvaskeri, som vi er trygge ved. Alle syntes, at de gamle Electrolux maskiner har tjent os godt, s\u00e5 vi har ogs\u00e5 valgt Electrolux igen, fordi det fungerer, siger Bent Sejerup.<\/p>\n<h4>Beboerne er tilfredse med deres boligvaskeri<\/h4>\n<p>Det har desuden v\u00e6ret vigtigt for bestyrelsen, at maskinerne er lette at bruge med et minimum af instruktion. Her fremh\u00e6ver inspekt\u00f8ren specielt det nye Compass Pro:<\/p>\n<p>\u2013 Vi kan se, at beboerne herude tager Compass Pro fornyelsen til sig. Man bliver f\u00f8rt igennem menuen p\u00e5 displayet, s\u00e5 det er meget nemt og overskueligt at v\u00e6lge det vaskeprogram, man \u00f8nsker sig. Beboerne er generelt meget tilfredse med boligvaskeriet. Vi havde en enkelt demonstration af vaskeriet, og siden har vi ikke f\u00e5et mange sp\u00f8rgsm\u00e5l, fort\u00e6ller han, og tilf\u00f8jer, at DAB p\u00e5 baggrund af de gode erfaringer i dette boligvaskeri har valgt at k\u00f8be 35 nye maskiner til en anden afdeling i Esbjerg \u2013 fordelt p\u00e5 10 mindre vaskerier.[\/vc_column_text][vc_empty_space][elx_button button_text=&#8221;L\u00c6S MERE OM LINE 6000&#8243; button_style=&#8221;default&#8221; button_display_block=&#8221;display_block_on&#8221; button_alignment=&#8221;align_center&#8221; button_link=&#8221;url:https%3A%2F%2Fwww.electroluxprofessional.com%2Fdk%2Fline-6000-vaskeri-der-virker%2F|title:Line%206000%20vaskeri%20der%20virker|target:_blank&#8221;][vc_column_text css_animation=&#8221;fadeInDown&#8221; el_class=&#8221;p-16&#8243; css=&#8221;.vc_custom_1583490582580{margin-top: 0px !important;}&#8221;]<\/p>\n<p><center>Har du sp\u00f8rgsm\u00e5l \u2013 eller \u00f8nsker du et tilbud?<br \/>\n<strong><a href=\"https:\/\/www.electroluxprofessional.com\/dk\/kontakt\/\">Kontakt Electrolux Professional her,<\/a> <\/strong>eller ring til os p\u00e5 63 76 22 20.<\/center>[\/vc_column_text][\/vc_column][vc_column width=&#8221;1\/3&#8243; css=&#8221;.vc_custom_1528788771053{padding-right: 10px !important;padding-left: 10px !important;}&#8221; offset=&#8221;vc_hidden-lg vc_hidden-md vc_hidden-sm&#8221;][vc_empty_space][vc_single_image image=&#8221;6376&#8243; img_size=&#8221;full&#8221;][vc_column_text el_class=&#8221;p-14&#8243; css=&#8221;.vc_custom_1528802287982{padding-top: 10px !important;padding-right: 30px !important;padding-bottom: 30px !important;padding-left: 30px !important;background-color: #041e41 !important;}&#8221;]<\/p>\n<h6 style=\"color: #ffffff; letter-spacing: 0.04em; line-height: 1.4em;\">Boligforeningen \u201932 afd.16, H\u00f8jvangsparken<\/h6>\n<p style=\"color: #ffffff; letter-spacing: 0.01em;\">H\u00f8jvangsparken er en lav bebyggelse, opf\u00f8rt i 1990 med 93 boliger inkl. 10 ungdomsboliger. Afdelingen har f\u00e6llesvaskeri med seks nye Line 5000 maskiner. Beboerne starter maskinerne med ELS Vision<sup>TM<\/sup>, og vaskene betales over huslejen. ELS Vision styrer ogs\u00e5 booking af afdelingens aktivitetsrum og bilvaskeplads.<\/p>\n<p>[\/vc_column_text][\/vc_column][\/vc_row][vc_row][vc_column reveal_effect=&#8221;&#8221; offset=&#8221;vc_hidden-lg vc_hidden-md vc_hidden-sm&#8221;][vc_single_image image=&#8221;17919&#8243; img_size=&#8221;full&#8221; alignment=&#8221;center&#8221;][vc_empty_space][vc_column_text]<a href=\"https:\/\/www.electroluxprofessional.com\/dk\/line-6000-vaskeri-der-virker\/\" target=\"_blank\" rel=\"noopener\">L\u00e6s mere om Line 6000 vaskerimaskiner \u203a<\/a>[\/vc_column_text][\/vc_column][\/vc_row][vc_row css=&#8221;.vc_custom_1640684042322{margin-top: 40px !important;background-color: #041e41 !important;}&#8221;][vc_column width=&#8221;1\/3&#8243; offset=&#8221;vc_hidden-xs&#8221;][vc_row_inner][vc_column_inner css=&#8221;.vc_custom_1528804202437{margin: 0px !important;border-width: 0px !important;padding: 0px !important;}&#8221;][elx_image_block background_image=&#8221;17919&#8243; minimum_height=&#8221;160px&#8221;][\/vc_column_inner][\/vc_row_inner][\/vc_column][vc_column width=&#8221;1\/3&#8243; offset=&#8221;vc_hidden-xs&#8221;][vc_empty_space height=&#8221;40px&#8221;][vc_column_text css=&#8221;.vc_custom_1757492060712{padding-left: 20px !important;}&#8221;]<a href=\"https:\/\/www.electroluxprofessional.com\/dk\/line-6000-vaskeri-der-virker\/\">L\u00e6s mere om Line 6000 vaskerimaskiner \u203a<\/a>[\/vc_column_text][\/vc_column][vc_column width=&#8221;1\/3&#8243; offset=&#8221;vc_hidden-xs&#8221;][vc_single_image image=&#8221;6391&#8243; onclick=&#8221;custom_link&#8221; link=&#8221;https:\/\/www.electroluxprofessional.com\/dk\/one-demand-gadehavegaard&#8221;][\/vc_column][\/vc_row][vc_row][vc_column][vc_empty_space height=&#8221;60px&#8221;][\/vc_column][\/vc_row]<\/p>\n","protected":false},"excerpt":{"rendered":"<p>[vc_row css=&#8221;.vc_custom_1640769759529{padding-top: 40px !important;padding-bottom: 40px !important;background-color: #dadfe1 !important;}&#8221;][vc_column][elx_heading font_container=&#8221;h1&#8243; text_color=&#8221;electrolux-blue&#8221; text_align=&#8221;text-left&#8221; css=&#8221;.vc_custom_1640782854863{margin-top: 50px !important;margin-bottom: 50px !important;}&#8221;]Boligvaskeri i Esbjerg er godt tilfreds med vaskerimaskiner fra Electrolux Professional[\/elx_heading][\/vc_column][\/vc_row][vc_row gap=&#8221;30&#8243; css=&#8221;.vc_custom_1640684811175{margin-top: 20px !important;}&#8221;][vc_column width=&#8221;2\/3&#8243; css=&#8221;.vc_custom_1528788746018{padding-left: 0px !important;}&#8221; offset=&#8221;vc_hidden-xs&#8221;][vc_row_inner css=&#8221;.vc_custom_1528724288115{padding-right: 30px !important;}&#8221;][vc_column_inner][vc_empty_space height=&#8221;50px&#8221; css=&#8221;.vc_custom_1528802243422{margin-right: 20px !important;}&#8221;][vc_column_text css=&#8221;.vc_custom_1756907862514{margin-bottom: 10px !important;}&#8221; el_class=&#8221;p-16&#8243;]H\u00f8jvangsparken i Esbjerg udskiftede de gamle maskiner i deres boligvaskeri [&hellip;]<\/p>\n","protected":false},"author":64,"featured_media":0,"parent":0,"menu_order":0,"comment_status":"closed","ping_status":"closed","template":"","meta":{"footnotes":""},"class_list":["post-6370","page","type-page","status-publish","hentry"],"acf":[],"yoast_head":"<!-- This site is optimized with the Yoast SEO plugin v23.3 - https:\/\/yoast.com\/wordpress\/plugins\/seo\/ -->\n<title>Boligvaskeri v\u00e6lger maskiner fra Electrolux Professional<\/title>\n<meta name=\"description\" content=\"H\u00f8jvangsparken i Esbjerg udskiftede de gamle maskiner i deres boligvaskeri med seks nye Line 5000 maskiner fra Electrolux Professional. S\u00e5 nu vasker beboerne b\u00e5de nemmere, billigere og gr\u00f8nnere.\" \/>\n<meta name=\"robots\" content=\"index, follow, max-snippet:-1, max-image-preview:large, max-video-preview:-1\" \/>\n<link rel=\"canonical\" href=\"https:\/\/www.electroluxprofessional.com\/dk\/boligvaskeri-hojvangsparken-esbjerg\/\" \/>\n<meta property=\"og:locale\" content=\"da_DK\" \/>\n<meta property=\"og:type\" content=\"article\" \/>\n<meta property=\"og:title\" content=\"Boligvaskeri v\u00e6lger maskiner fra Electrolux Professional\" \/>\n<meta property=\"og:description\" content=\"H\u00f8jvangsparken i Esbjerg udskiftede de gamle maskiner i deres boligvaskeri med seks nye Line 5000 maskiner fra Electrolux Professional. S\u00e5 nu vasker beboerne b\u00e5de nemmere, billigere og gr\u00f8nnere.\" \/>\n<meta property=\"og:url\" content=\"https:\/\/www.electroluxprofessional.com\/dk\/boligvaskeri-hojvangsparken-esbjerg\/\" \/>\n<meta property=\"og:site_name\" content=\"Electrolux Professional Danmark\" \/>\n<meta property=\"article:modified_time\" content=\"2025-09-10T08:15:17+00:00\" \/>\n<meta name=\"twitter:card\" content=\"summary_large_image\" \/>\n<meta name=\"twitter:label1\" content=\"Estimeret l\u00e6setid\" \/>\n\t<meta name=\"twitter:data1\" content=\"8 minutter\" \/>\n<script type=\"application\/ld+json\" class=\"yoast-schema-graph\">{\"@context\":\"https:\/\/schema.org\",\"@graph\":[{\"@type\":\"WebPage\",\"@id\":\"https:\/\/www.electroluxprofessional.com\/dk\/boligvaskeri-hojvangsparken-esbjerg\/\",\"url\":\"https:\/\/www.electroluxprofessional.com\/dk\/boligvaskeri-hojvangsparken-esbjerg\/\",\"name\":\"Boligvaskeri v\u00e6lger maskiner fra Electrolux Professional\",\"isPartOf\":{\"@id\":\"https:\/\/www.electroluxprofessional.com\/dk\/#website\"},\"datePublished\":\"2025-09-09T11:39:59+00:00\",\"dateModified\":\"2025-09-10T08:15:17+00:00\",\"description\":\"H\u00f8jvangsparken i Esbjerg udskiftede de gamle maskiner i deres boligvaskeri med seks nye Line 5000 maskiner fra Electrolux Professional. S\u00e5 nu vasker beboerne b\u00e5de nemmere, billigere og gr\u00f8nnere.\",\"breadcrumb\":{\"@id\":\"https:\/\/www.electroluxprofessional.com\/dk\/boligvaskeri-hojvangsparken-esbjerg\/#breadcrumb\"},\"inLanguage\":\"da-DK\",\"potentialAction\":[{\"@type\":\"ReadAction\",\"target\":[\"https:\/\/www.electroluxprofessional.com\/dk\/boligvaskeri-hojvangsparken-esbjerg\/\"]}]},{\"@type\":\"BreadcrumbList\",\"@id\":\"https:\/\/www.electroluxprofessional.com\/dk\/boligvaskeri-hojvangsparken-esbjerg\/#breadcrumb\",\"itemListElement\":[{\"@type\":\"ListItem\",\"position\":1,\"name\":\"Home\",\"item\":\"https:\/\/www.electroluxprofessional.com\/dk\/\"},{\"@type\":\"ListItem\",\"position\":2,\"name\":\"CASE: H\u00f8jvangsparken, Esbjerg\"}]},{\"@type\":\"WebSite\",\"@id\":\"https:\/\/www.electroluxprofessional.com\/dk\/#website\",\"url\":\"https:\/\/www.electroluxprofessional.com\/dk\/\",\"name\":\"Electrolux Professional Danmark\",\"description\":\"\",\"potentialAction\":[{\"@type\":\"SearchAction\",\"target\":{\"@type\":\"EntryPoint\",\"urlTemplate\":\"https:\/\/www.electroluxprofessional.com\/dk\/?src={search_term_string}\"},\"query-input\":\"required name=search_term_string\"}],\"inLanguage\":\"da-DK\"}]}<\/script>\n<!-- \/ Yoast SEO plugin. -->","yoast_head_json":{"title":"Boligvaskeri v\u00e6lger maskiner fra Electrolux Professional","description":"H\u00f8jvangsparken i Esbjerg udskiftede de gamle maskiner i deres boligvaskeri med seks nye Line 5000 maskiner fra Electrolux Professional. S\u00e5 nu vasker beboerne b\u00e5de nemmere, billigere og gr\u00f8nnere.","robots":{"index":"index","follow":"follow","max-snippet":"max-snippet:-1","max-image-preview":"max-image-preview:large","max-video-preview":"max-video-preview:-1"},"canonical":"https:\/\/www.electroluxprofessional.com\/dk\/boligvaskeri-hojvangsparken-esbjerg\/","og_locale":"da_DK","og_type":"article","og_title":"Boligvaskeri v\u00e6lger maskiner fra Electrolux Professional","og_description":"H\u00f8jvangsparken i Esbjerg udskiftede de gamle maskiner i deres boligvaskeri med seks nye Line 5000 maskiner fra Electrolux Professional. S\u00e5 nu vasker beboerne b\u00e5de nemmere, billigere og gr\u00f8nnere.","og_url":"https:\/\/www.electroluxprofessional.com\/dk\/boligvaskeri-hojvangsparken-esbjerg\/","og_site_name":"Electrolux Professional Danmark","article_modified_time":"2025-09-10T08:15:17+00:00","twitter_card":"summary_large_image","twitter_misc":{"Estimeret l\u00e6setid":"8 minutter"},"schema":{"@context":"https:\/\/schema.org","@graph":[{"@type":"WebPage","@id":"https:\/\/www.electroluxprofessional.com\/dk\/boligvaskeri-hojvangsparken-esbjerg\/","url":"https:\/\/www.electroluxprofessional.com\/dk\/boligvaskeri-hojvangsparken-esbjerg\/","name":"Boligvaskeri v\u00e6lger maskiner fra Electrolux Professional","isPartOf":{"@id":"https:\/\/www.electroluxprofessional.com\/dk\/#website"},"datePublished":"2025-09-09T11:39:59+00:00","dateModified":"2025-09-10T08:15:17+00:00","description":"H\u00f8jvangsparken i Esbjerg udskiftede de gamle maskiner i deres boligvaskeri med seks nye Line 5000 maskiner fra Electrolux Professional. S\u00e5 nu vasker beboerne b\u00e5de nemmere, billigere og gr\u00f8nnere.","breadcrumb":{"@id":"https:\/\/www.electroluxprofessional.com\/dk\/boligvaskeri-hojvangsparken-esbjerg\/#breadcrumb"},"inLanguage":"da-DK","potentialAction":[{"@type":"ReadAction","target":["https:\/\/www.electroluxprofessional.com\/dk\/boligvaskeri-hojvangsparken-esbjerg\/"]}]},{"@type":"BreadcrumbList","@id":"https:\/\/www.electroluxprofessional.com\/dk\/boligvaskeri-hojvangsparken-esbjerg\/#breadcrumb","itemListElement":[{"@type":"ListItem","position":1,"name":"Home","item":"https:\/\/www.electroluxprofessional.com\/dk\/"},{"@type":"ListItem","position":2,"name":"CASE: H\u00f8jvangsparken, Esbjerg"}]},{"@type":"WebSite","@id":"https:\/\/www.electroluxprofessional.com\/dk\/#website","url":"https:\/\/www.electroluxprofessional.com\/dk\/","name":"Electrolux Professional Danmark","description":"","potentialAction":[{"@type":"SearchAction","target":{"@type":"EntryPoint","urlTemplate":"https:\/\/www.electroluxprofessional.com\/dk\/?src={search_term_string}"},"query-input":"required name=search_term_string"}],"inLanguage":"da-DK"}]}},"_links":{"self":[{"href":"https:\/\/www.electroluxprofessional.com\/dk\/wp-json\/wp\/v2\/pages\/6370"}],"collection":[{"href":"https:\/\/www.electroluxprofessional.com\/dk\/wp-json\/wp\/v2\/pages"}],"about":[{"href":"https:\/\/www.electroluxprofessional.com\/dk\/wp-json\/wp\/v2\/types\/page"}],"author":[{"embeddable":true,"href":"https:\/\/www.electroluxprofessional.com\/dk\/wp-json\/wp\/v2\/users\/64"}],"replies":[{"embeddable":true,"href":"https:\/\/www.electroluxprofessional.com\/dk\/wp-json\/wp\/v2\/comments?post=6370"}],"version-history":[{"count":50,"href":"https:\/\/www.electroluxprofessional.com\/dk\/wp-json\/wp\/v2\/pages\/6370\/revisions"}],"predecessor-version":[{"id":30416,"href":"https:\/\/www.electroluxprofessional.com\/dk\/wp-json\/wp\/v2\/pages\/6370\/revisions\/30416"}],"wp:attachment":[{"href":"https:\/\/www.electroluxprofessional.com\/dk\/wp-json\/wp\/v2\/media?parent=6370"}],"curies":[{"name":"wp","href":"https:\/\/api.w.org\/{rel}","templated":true}]}}