{"id":6281,"date":"2021-04-20T14:17:27","date_gmt":"2021-04-20T14:17:27","guid":{"rendered":"https:\/\/www.electroluxprofessional.com\/dk\/?page_id=6281"},"modified":"2021-04-21T09:21:28","modified_gmt":"2021-04-21T09:21:28","slug":"vision-gronningen","status":"publish","type":"page","link":"https:\/\/www.electroluxprofessional.com\/dk\/vision-gronningen\/","title":{"rendered":"CASE: Gr\u00f8nningen, Helsing\u00f8r"},"content":{"rendered":"<p>[vc_row matched_labels=&#8221;&#8221; css=&#8221;.vc_custom_1618994071891{background-color: #dadfe1 !important;}&#8221;][vc_column][vc_row_inner][vc_column_inner offset=&#8221;vc_hidden-xs&#8221;][vc_empty_space height=&#8221;50px&#8221;][\/vc_column_inner][\/vc_row_inner][elx_heading font_container=&#8221;h1&#8243; text_color=&#8221;electrolux-blue&#8221; text_align=&#8221;text-left&#8221; css=&#8221;.vc_custom_1618994558539{margin-top: 50px !important;margin-bottom: 50px !important;}&#8221;]Boligforening:<br \/>\n\u201dVigtigt at have tillid til sin vaskerileverand\u00f8r\u201d[\/elx_heading][vc_row_inner][vc_column_inner offset=&#8221;vc_hidden-xs&#8221;][vc_empty_space height=&#8221;50px&#8221;][\/vc_column_inner][\/vc_row_inner][vc_row_inner][vc_column_inner offset=&#8221;vc_hidden-lg vc_hidden-md vc_hidden-sm&#8221;][vc_empty_space height=&#8221;30px&#8221;][\/vc_column_inner][\/vc_row_inner][\/vc_column][\/vc_row][vc_row][vc_column offset=&#8221;vc_hidden-xs&#8221;][vc_empty_space height=&#8221;20px&#8221;][\/vc_column][\/vc_row][vc_row gap=&#8221;30&#8243;][vc_column width=&#8221;2\/3&#8243; css=&#8221;.vc_custom_1528788746018{padding-left: 0px !important;}&#8221; offset=&#8221;vc_hidden-xs&#8221;][vc_row_inner css=&#8221;.vc_custom_1528724288115{padding-right: 30px !important;}&#8221;][vc_column_inner][vc_empty_space height=&#8221;40px&#8221; css=&#8221;.vc_custom_1528788421033{margin-right: 20px !important;}&#8221;][vc_column_text css=&#8221;.vc_custom_1528788462305{margin-bottom: 10px !important;}&#8221; el_class=&#8221;p-16&#8243;]Da Gr\u00f8nningen i Helsing\u00f8r skulle udskifte de gamle maskiner i deres 15 sm\u00e5 vaskek\u00e6ldre, lagde bestyrelsen is\u00e6r v\u00e6gt p\u00e5 to ting: L\u00f8sningen skulle v\u00e6re fremtidssikret. Og vaskerileverand\u00f8ren skulle v\u00e6re trov\u00e6rdig og nem af samarbejde med.[\/vc_column_text][vc_empty_space height=&#8221;22px&#8221;][vc_column_text css=&#8221;.vc_custom_1528788451067{margin-bottom: 10px !important;}&#8221; el_class=&#8221;p-16&#8243;]<\/p>\n<h6>H\u00f8r bestyrelsesformand Christian Nielsen fort\u00e6lle, hvordan det er g\u00e5et<\/h6>\n<p>[\/vc_column_text][elx_video_block background_image=&#8221;5791&#8243; video_link=&#8221;https:\/\/www.youtube.com\/watch?v=URHN5sWMKNk&amp;t=90s&#8221; minimum_height=&#8221;350px&#8221;][vc_empty_space height=&#8221;18px&#8221;][vc_column_text el_class=&#8221;p-16&#8243;]\u2013 Et af kravene i udbuddet var, at vi skulle have n\u00e6r kontakt til vores leverand\u00f8r \u2013 og tillid til de informationer vi fik oplyst, fort\u00e6ller Christian Nielsen. Han er formand for afdelingen, Gr\u00f8nningen og medlem af Boligg\u00e5rdens hovedbestyrelse.<\/p>\n<p>Det var afg\u00f8rende for Christian Nielsen, at alle p\u00e5 forh\u00e5nd vidste, hvad de kunne forvente sig af de nye vaskerier \u2013 b\u00e5de af maskinerne og betalingssystemet.<\/p>\n<p>\u2013 Fra det f\u00f8rste m\u00f8de med Electrolux, har vi v\u00e6ret meget tilfredse med samarbejdet. Alle vores \u00f8nsker og krav til projektet er opfyldt. Vores sp\u00f8rgsm\u00e5l er blevet besvaret med fakta, som vi har kunnet videregive til resten af bestyrelsen og beboerne, siger han.[\/vc_column_text][vc_column_text el_class=&#8221;p-16&#8243; css=&#8221;.vc_custom_1618996714979{margin-top: 32px !important;}&#8221;]<\/p>\n<h4>Online booking et krav<\/h4>\n<p>Gr\u00f8nningens bestyrelse \u00f8nskede en fremtidssikret vaskeril\u00f8sning. Det mener Christian Nielsen, at de har f\u00e5et med Electrolux Professional vaskeristyring:<\/p>\n<p>\u2013 Vi kan booke vores vasketider derhjemme via nettet med smartphone, iPad eller computer. I vaskek\u00e6lderen bruger alle deres vaskebrik med personlig kode. N\u00e5r det sidder p\u00e5 rygraden, er systemet lynhurtigt at bruge, siger Christian Nielsen.<\/p>\n<p>Foreningen har endnu ikke f\u00e5et gang i de muligheder, der ligger i kommunikation p\u00e5 kryds og tv\u00e6rs med Electrolux Professional vaskeristyring. Men han regner med, at det blot er et sp\u00f8rgsm\u00e5l om tid.<\/p>\n<p>\u2013 Vi vil kunne sende beskeder til beboerne, hvis der fx skal h\u00e5ndv\u00e6rkere ind i lejlighederne. Og vi kan l\u00e6gge bestyrelsesreferater op. S\u00e5 kan man jo st\u00e5 og l\u00e6se dem, mens man vasker t\u00f8j, forklarer han.[\/vc_column_text][vc_empty_space height=&#8221;40px&#8221; css=&#8221;.vc_custom_1528788421033{margin-right: 20px !important;}&#8221;][elx_button button_text=&#8221;SE DE MANGE MULIGHEDER MED ELectrolux Professional VASKERISTYRING&#8221; button_display_block=&#8221;display_block_on&#8221; button_alignment=&#8221;align_center&#8221; button_link=&#8221;url:https%3A%2F%2Fwww.electroluxprofessional.com%2Fdk%2Fbetalings-og-reservationssystemer%2F|title:Betalings-%20og%20reservationssystemer|target:%20_blank|&#8221;][vc_column_text css_animation=&#8221;fadeInDown&#8221; el_class=&#8221;p-16&#8243; css=&#8221;.vc_custom_1583490264531{margin-top: 0px !important;}&#8221;]<\/p>\n<p><center>Har du sp\u00f8rgsm\u00e5l \u2013 eller \u00f8nsker du et tilbud?<br \/>\n<strong><a href=\"https:\/\/www.electroluxprofessional.com\/dk\/kontakt\">Kontakt Electrolux Professional her,<\/a> <\/strong>eller ring til os p\u00e5 63 76 22 20.<\/center>[\/vc_column_text][\/vc_column_inner][\/vc_row_inner][\/vc_column][vc_column width=&#8221;1\/3&#8243; offset=&#8221;vc_hidden-sm vc_hidden-xs&#8221; css=&#8221;.vc_custom_1528788757547{padding-right: 10px !important;padding-left: 10px !important;}&#8221;][vc_empty_space][vc_single_image image=&#8221;6324&#8243; img_size=&#8221;full&#8221;][vc_column_text el_class=&#8221;p-14&#8243; css=&#8221;.vc_custom_1618996794140{padding-top: 10px !important;padding-right: 30px !important;padding-bottom: 30px !important;padding-left: 30px !important;background-color: #2acbd3 !important;}&#8221;]<\/p>\n<h6>Gr\u00f8nningen Helsing\u00f8r<\/h6>\n<p>Gr\u00f8nningen er en afdeling under Boligg\u00e5rden i Helsing\u00f8r.<\/p>\n<p>Beboerne i de 348 lejligheder kan vaske til en rimelig pris i de sm\u00e5 f\u00e6llesvaskerier i k\u00e6lderen i hver boligblok. Her st\u00e5r to Line 5000 vaskemaskiner og en kompakt varmepumpetumbler.<\/p>\n<p>Beboerne booker, betaler og starter vasketure med Electrolux Professional vaskeristyringssystem. De har ogs\u00e5 webbooking modul, s\u00e5 de kan reservere vasketid hjemmefra.[\/vc_column_text][vc_single_image image=&#8221;6050&#8243; img_size=&#8221;full&#8221; css=&#8221;.vc_custom_1528791359591{margin-top: 20px !important;margin-bottom: 60px !important;}&#8221;][vc_column_text el_class=&#8221;p-14&#8243;]<\/p>\n<h5 style=\"color: #2acbd3;\">&#8220;Det har lettet os som bestyrelse, at vi ikke skal svare p\u00e5 ret mange sp\u00f8rgsm\u00e5l fra beboerne&#8221;<\/h5>\n<p>Christian Nielsen, bestyrelsesformand i Gr\u00f8nningen[\/vc_column_text][\/vc_column][\/vc_row][vc_row][vc_column width=&#8221;2\/3&#8243; offset=&#8221;vc_hidden-lg vc_hidden-md vc_hidden-sm&#8221; css=&#8221;.vc_custom_1528788893149{padding-right: 20px !important;padding-left: 20px !important;}&#8221;][vc_empty_space height=&#8221;40px&#8221; css=&#8221;.vc_custom_1528788421033{margin-right: 20px !important;}&#8221;][vc_column_text css=&#8221;.vc_custom_1528788462305{margin-bottom: 10px !important;}&#8221; el_class=&#8221;p-16&#8243;]Da Gr\u00f8nningen i Helsing\u00f8r skulle udskifte de gamle maskiner i deres 15 sm\u00e5 vaskek\u00e6ldre, lagde bestyrelsen is\u00e6r v\u00e6gt p\u00e5 to ting: L\u00f8sningen skulle v\u00e6re fremtidssikret. Og vaskerileverand\u00f8ren skulle v\u00e6re trov\u00e6rdig og nem af samarbejde med.[\/vc_column_text][vc_empty_space height=&#8221;22px&#8221;][vc_column_text css=&#8221;.vc_custom_1528788451067{margin-bottom: 10px !important;}&#8221; el_class=&#8221;p-16&#8243;]<\/p>\n<h6>H\u00f8r bestyrelsesformand Christian Nielsen fort\u00e6lle, hvordan det er g\u00e5et<\/h6>\n<p>[\/vc_column_text][elx_video_block background_image=&#8221;5791&#8243; video_link=&#8221;https:\/\/www.youtube.com\/watch?v=URHN5sWMKNk&amp;t=90s&#8221; minimum_height=&#8221;200px&#8221;][vc_empty_space height=&#8221;18px&#8221;][vc_column_text el_class=&#8221;p-16&#8243;]\u2013 Et af kravene i udbuddet var, at vi skulle have n\u00e6r kontakt til vores leverand\u00f8r \u2013 og tillid til de informationer vi fik oplyst, fort\u00e6ller Christian Nielsen. Han er formand for afdelingen, Gr\u00f8nningen og medlem af Boligg\u00e5rdens hovedbestyrelse.<\/p>\n<p>Det var afg\u00f8rende for Christian Nielsen, at alle p\u00e5 forh\u00e5nd vidste, hvad de kunne forvente sig af de nye vaskerier \u2013 b\u00e5de af maskinerne og betalingssystemet.<\/p>\n<p>\u2013 Fra det f\u00f8rste m\u00f8de med Electrolux, har vi v\u00e6ret meget tilfredse med samarbejdet. Alle vores \u00f8nsker og krav til projektet er opfyldt. Vores sp\u00f8rgsm\u00e5l er blevet besvaret med fakta, som vi har kunnet videregive til resten af bestyrelsen og beboerne, siger han.[\/vc_column_text][vc_column_text el_class=&#8221;p-14&#8243;]<\/p>\n<h5 style=\"color: #2acbd3;\">&#8220;Det har lettet os som bestyrelse, at vi ikke skal svare p\u00e5 ret mange sp\u00f8rgsm\u00e5l fra beboerne&#8221;<\/h5>\n<p>Christian Nielsen, bestyrelsesformand i Gr\u00f8nningen[\/vc_column_text][vc_column_text el_class=&#8221;p-16&#8243;]<\/p>\n<h4>Online booking et krav<\/h4>\n<p>Gr\u00f8nningens bestyrelse \u00f8nskede en fremtidssikret vaskeril\u00f8sning. Det mener Christian Nielsen, at de har f\u00e5et med Electrolux Professional vaskeristyring:<\/p>\n<p>\u2013 Vi kan booke vores vasketider derhjemme via nettet med smartphone, iPad eller computer. I vaskek\u00e6lderen bruger alle deres vaskebrik med personlig kode. N\u00e5r det sidder p\u00e5 rygraden, er systemet lynhurtigt at bruge, siger Christian Nielsen.<\/p>\n<p>Foreningen har endnu ikke f\u00e5et gang i de muligheder, der ligger i kommunikation p\u00e5 kryds og tv\u00e6rs med Electrolux Professional vaskeristyring. Men han regner med, at det blot er et sp\u00f8rgsm\u00e5l om tid.<\/p>\n<p>\u2013 Vi vil kunne sende beskeder til beboerne, hvis der fx skal h\u00e5ndv\u00e6rkere ind i lejlighederne. Og vi kan l\u00e6gge bestyrelsesreferater op. S\u00e5 kan man jo st\u00e5 og l\u00e6se dem, mens man vasker t\u00f8j, forklarer han.[\/vc_column_text][vc_empty_space height=&#8221;18px&#8221;][elx_button button_text=&#8221;SE DE MANGE MULIGHEDER MED ELectrolux Professional VASKERISTYRING&#8221; button_display_block=&#8221;display_block_on&#8221; button_alignment=&#8221;align_center&#8221; button_link=&#8221;url:https%3A%2F%2Fwww.electroluxprofessional.com%2Fdk%2Fbetalings-og-reservationssystemer%2F|title:Betalings-%20og%20reservationssystemer|target:%20_blank|&#8221;][vc_column_text css_animation=&#8221;fadeInDown&#8221; el_class=&#8221;p-16&#8243; css=&#8221;.vc_custom_1583490242449{margin-top: 0px !important;}&#8221;]<\/p>\n<p><center>Har du sp\u00f8rgsm\u00e5l \u2013 eller \u00f8nsker du et tilbud?<br \/>\n<strong><a href=\"https:\/\/www.electroluxprofessional.com\/dk\/kontakt\">Kontakt Electrolux Professional her,<\/a> <\/strong>eller ring til os p\u00e5 63 76 22 20.<\/center>[\/vc_column_text][\/vc_column][vc_column width=&#8221;1\/3&#8243; css=&#8221;.vc_custom_1528788771053{padding-right: 10px !important;padding-left: 10px !important;}&#8221; offset=&#8221;vc_hidden-lg vc_hidden-md vc_hidden-sm&#8221;][vc_empty_space][vc_single_image image=&#8221;6324&#8243; img_size=&#8221;full&#8221;][vc_column_text el_class=&#8221;p-14&#8243; css=&#8221;.vc_custom_1618996822407{padding-top: 10px !important;padding-right: 10px !important;padding-bottom: 20px !important;padding-left: 10px !important;background-color: #2acbd3 !important;}&#8221;]<\/p>\n<h6>Gr\u00f8nningen Helsing\u00f8r<\/h6>\n<p>Gr\u00f8nningen er en afdeling under Boligg\u00e5rden i Helsing\u00f8r.<\/p>\n<p>Beboerne i de 348 lejligheder kan vaske til en rimelig pris i de sm\u00e5 f\u00e6llesvaskerier i k\u00e6lderen i hver boligblok. Her st\u00e5r to Line 5000 vaskemaskiner og en kompakt varmepumpetumbler.<\/p>\n<p>Beboerne booker, betaler og starter vasketure med Electrolux Professional vaskeristyringssystem. De har ogs\u00e5 webbooking modul, s\u00e5 de kan reservere vasketid hjemmefra.[\/vc_column_text][\/vc_column][\/vc_row][vc_row matched_labels=&#8221;&#8221; css=&#8221;.vc_custom_1618994421039{margin-top: 60px !important;background-color: #041e41 !important;}&#8221;][vc_column width=&#8221;1\/2&#8243; offset=&#8221;vc_hidden-xs&#8221;][vc_single_image image=&#8221;6155&#8243; img_size=&#8221;full&#8221;][\/vc_column][vc_column width=&#8221;1\/2&#8243; offset=&#8221;vc_hidden-xs&#8221;][vc_row_inner][vc_column_inner width=&#8221;2\/3&#8243;][vc_empty_space height=&#8221;70px&#8221;][vc_column_text css=&#8221;.vc_custom_1583490160021{padding-left: 20px !important;}&#8221;]<a style=\"font-size: 21px;\" href=\"https:\/\/www.electroluxprofessional.com\/dk\/driftsbesparelser\/regneeksempel\/\">Tr\u00e6nger jeres vaskerimaskiner til udskiftning?<br \/>\nSe regneeksempel \u203a<\/a>[\/vc_column_text][\/vc_column_inner][vc_column_inner width=&#8221;1\/3&#8243;][vc_single_image image=&#8221;6327&#8243; img_size=&#8221;full&#8221;][\/vc_column_inner][\/vc_row_inner][\/vc_column][\/vc_row][vc_row][vc_column][vc_empty_space height=&#8221;60px&#8221;][\/vc_column][\/vc_row]<\/p>\n","protected":false},"excerpt":{"rendered":"<p>[vc_row matched_labels=&#8221;&#8221; css=&#8221;.vc_custom_1618994071891{background-color: #dadfe1 !important;}&#8221;][vc_column][vc_row_inner][vc_column_inner offset=&#8221;vc_hidden-xs&#8221;][vc_empty_space height=&#8221;50px&#8221;][\/vc_column_inner][\/vc_row_inner][elx_heading font_container=&#8221;h1&#8243; text_color=&#8221;electrolux-blue&#8221; text_align=&#8221;text-left&#8221; css=&#8221;.vc_custom_1618994558539{margin-top: 50px !important;margin-bottom: 50px !important;}&#8221;]Boligforening: \u201dVigtigt at have tillid til sin vaskerileverand\u00f8r\u201d[\/elx_heading][vc_row_inner][vc_column_inner offset=&#8221;vc_hidden-xs&#8221;][vc_empty_space height=&#8221;50px&#8221;][\/vc_column_inner][\/vc_row_inner][vc_row_inner][vc_column_inner offset=&#8221;vc_hidden-lg vc_hidden-md vc_hidden-sm&#8221;][vc_empty_space height=&#8221;30px&#8221;][\/vc_column_inner][\/vc_row_inner][\/vc_column][\/vc_row][vc_row][vc_column offset=&#8221;vc_hidden-xs&#8221;][vc_empty_space height=&#8221;20px&#8221;][\/vc_column][\/vc_row][vc_row gap=&#8221;30&#8243;][vc_column width=&#8221;2\/3&#8243; css=&#8221;.vc_custom_1528788746018{padding-left: 0px !important;}&#8221; offset=&#8221;vc_hidden-xs&#8221;][vc_row_inner css=&#8221;.vc_custom_1528724288115{padding-right: 30px !important;}&#8221;][vc_column_inner][vc_empty_space height=&#8221;40px&#8221; css=&#8221;.vc_custom_1528788421033{margin-right: 20px !important;}&#8221;][vc_column_text css=&#8221;.vc_custom_1528788462305{margin-bottom: 10px !important;}&#8221; el_class=&#8221;p-16&#8243;]Da Gr\u00f8nningen i Helsing\u00f8r skulle udskifte de gamle maskiner [&hellip;]<\/p>\n","protected":false},"author":64,"featured_media":0,"parent":0,"menu_order":0,"comment_status":"closed","ping_status":"closed","template":"","meta":{"footnotes":""},"class_list":["post-6281","page","type-page","status-publish","hentry"],"acf":[],"yoast_head":"<!-- This site is optimized with the Yoast SEO plugin v23.3 - https:\/\/yoast.com\/wordpress\/plugins\/seo\/ -->\n<title>Gr\u00f8nningens bestyrelse valgt ELS Vision fra Electrolux Professional<\/title>\n<meta name=\"description\" content=\"Beboerne booker, betaler og starter vasketure med ELS VisionTM. De har ogs\u00e5 webbooking modul, s\u00e5 de kan reservere vasketid hjemmefra.\" \/>\n<meta name=\"robots\" content=\"index, follow, max-snippet:-1, max-image-preview:large, max-video-preview:-1\" \/>\n<link rel=\"canonical\" href=\"https:\/\/www.electroluxprofessional.com\/dk\/vision-gronningen\/\" \/>\n<meta property=\"og:locale\" content=\"da_DK\" \/>\n<meta property=\"og:type\" content=\"article\" \/>\n<meta property=\"og:title\" content=\"Gr\u00f8nningens bestyrelse valgt ELS Vision fra Electrolux Professional\" \/>\n<meta property=\"og:description\" content=\"Beboerne booker, betaler og starter vasketure med ELS VisionTM. De har ogs\u00e5 webbooking modul, s\u00e5 de kan reservere vasketid hjemmefra.\" \/>\n<meta property=\"og:url\" content=\"https:\/\/www.electroluxprofessional.com\/dk\/vision-gronningen\/\" \/>\n<meta property=\"og:site_name\" content=\"Electrolux Professional Danmark\" \/>\n<meta property=\"article:modified_time\" content=\"2021-04-21T09:21:28+00:00\" \/>\n<meta name=\"twitter:card\" content=\"summary_large_image\" \/>\n<meta name=\"twitter:label1\" content=\"Estimeret l\u00e6setid\" \/>\n\t<meta name=\"twitter:data1\" content=\"8 minutter\" \/>\n<script type=\"application\/ld+json\" class=\"yoast-schema-graph\">{\"@context\":\"https:\/\/schema.org\",\"@graph\":[{\"@type\":\"WebPage\",\"@id\":\"https:\/\/www.electroluxprofessional.com\/dk\/vision-gronningen\/\",\"url\":\"https:\/\/www.electroluxprofessional.com\/dk\/vision-gronningen\/\",\"name\":\"Gr\u00f8nningens bestyrelse valgt ELS Vision fra Electrolux Professional\",\"isPartOf\":{\"@id\":\"https:\/\/www.electroluxprofessional.com\/dk\/#website\"},\"datePublished\":\"2021-04-20T14:17:27+00:00\",\"dateModified\":\"2021-04-21T09:21:28+00:00\",\"description\":\"Beboerne booker, betaler og starter vasketure med ELS VisionTM. De har ogs\u00e5 webbooking modul, s\u00e5 de kan reservere vasketid hjemmefra.\",\"breadcrumb\":{\"@id\":\"https:\/\/www.electroluxprofessional.com\/dk\/vision-gronningen\/#breadcrumb\"},\"inLanguage\":\"da-DK\",\"potentialAction\":[{\"@type\":\"ReadAction\",\"target\":[\"https:\/\/www.electroluxprofessional.com\/dk\/vision-gronningen\/\"]}]},{\"@type\":\"BreadcrumbList\",\"@id\":\"https:\/\/www.electroluxprofessional.com\/dk\/vision-gronningen\/#breadcrumb\",\"itemListElement\":[{\"@type\":\"ListItem\",\"position\":1,\"name\":\"Home\",\"item\":\"https:\/\/www.electroluxprofessional.com\/dk\/\"},{\"@type\":\"ListItem\",\"position\":2,\"name\":\"CASE: Gr\u00f8nningen, Helsing\u00f8r\"}]},{\"@type\":\"WebSite\",\"@id\":\"https:\/\/www.electroluxprofessional.com\/dk\/#website\",\"url\":\"https:\/\/www.electroluxprofessional.com\/dk\/\",\"name\":\"Electrolux Professional Danmark\",\"description\":\"\",\"potentialAction\":[{\"@type\":\"SearchAction\",\"target\":{\"@type\":\"EntryPoint\",\"urlTemplate\":\"https:\/\/www.electroluxprofessional.com\/dk\/?src={search_term_string}\"},\"query-input\":\"required name=search_term_string\"}],\"inLanguage\":\"da-DK\"}]}<\/script>\n<!-- \/ Yoast SEO plugin. -->","yoast_head_json":{"title":"Gr\u00f8nningens bestyrelse valgt ELS Vision fra Electrolux Professional","description":"Beboerne booker, betaler og starter vasketure med ELS VisionTM. De har ogs\u00e5 webbooking modul, s\u00e5 de kan reservere vasketid hjemmefra.","robots":{"index":"index","follow":"follow","max-snippet":"max-snippet:-1","max-image-preview":"max-image-preview:large","max-video-preview":"max-video-preview:-1"},"canonical":"https:\/\/www.electroluxprofessional.com\/dk\/vision-gronningen\/","og_locale":"da_DK","og_type":"article","og_title":"Gr\u00f8nningens bestyrelse valgt ELS Vision fra Electrolux Professional","og_description":"Beboerne booker, betaler og starter vasketure med ELS VisionTM. De har ogs\u00e5 webbooking modul, s\u00e5 de kan reservere vasketid hjemmefra.","og_url":"https:\/\/www.electroluxprofessional.com\/dk\/vision-gronningen\/","og_site_name":"Electrolux Professional Danmark","article_modified_time":"2021-04-21T09:21:28+00:00","twitter_card":"summary_large_image","twitter_misc":{"Estimeret l\u00e6setid":"8 minutter"},"schema":{"@context":"https:\/\/schema.org","@graph":[{"@type":"WebPage","@id":"https:\/\/www.electroluxprofessional.com\/dk\/vision-gronningen\/","url":"https:\/\/www.electroluxprofessional.com\/dk\/vision-gronningen\/","name":"Gr\u00f8nningens bestyrelse valgt ELS Vision fra Electrolux Professional","isPartOf":{"@id":"https:\/\/www.electroluxprofessional.com\/dk\/#website"},"datePublished":"2021-04-20T14:17:27+00:00","dateModified":"2021-04-21T09:21:28+00:00","description":"Beboerne booker, betaler og starter vasketure med ELS VisionTM. De har ogs\u00e5 webbooking modul, s\u00e5 de kan reservere vasketid hjemmefra.","breadcrumb":{"@id":"https:\/\/www.electroluxprofessional.com\/dk\/vision-gronningen\/#breadcrumb"},"inLanguage":"da-DK","potentialAction":[{"@type":"ReadAction","target":["https:\/\/www.electroluxprofessional.com\/dk\/vision-gronningen\/"]}]},{"@type":"BreadcrumbList","@id":"https:\/\/www.electroluxprofessional.com\/dk\/vision-gronningen\/#breadcrumb","itemListElement":[{"@type":"ListItem","position":1,"name":"Home","item":"https:\/\/www.electroluxprofessional.com\/dk\/"},{"@type":"ListItem","position":2,"name":"CASE: Gr\u00f8nningen, Helsing\u00f8r"}]},{"@type":"WebSite","@id":"https:\/\/www.electroluxprofessional.com\/dk\/#website","url":"https:\/\/www.electroluxprofessional.com\/dk\/","name":"Electrolux Professional Danmark","description":"","potentialAction":[{"@type":"SearchAction","target":{"@type":"EntryPoint","urlTemplate":"https:\/\/www.electroluxprofessional.com\/dk\/?src={search_term_string}"},"query-input":"required name=search_term_string"}],"inLanguage":"da-DK"}]}},"_links":{"self":[{"href":"https:\/\/www.electroluxprofessional.com\/dk\/wp-json\/wp\/v2\/pages\/6281"}],"collection":[{"href":"https:\/\/www.electroluxprofessional.com\/dk\/wp-json\/wp\/v2\/pages"}],"about":[{"href":"https:\/\/www.electroluxprofessional.com\/dk\/wp-json\/wp\/v2\/types\/page"}],"author":[{"embeddable":true,"href":"https:\/\/www.electroluxprofessional.com\/dk\/wp-json\/wp\/v2\/users\/64"}],"replies":[{"embeddable":true,"href":"https:\/\/www.electroluxprofessional.com\/dk\/wp-json\/wp\/v2\/comments?post=6281"}],"version-history":[{"count":40,"href":"https:\/\/www.electroluxprofessional.com\/dk\/wp-json\/wp\/v2\/pages\/6281\/revisions"}],"predecessor-version":[{"id":19860,"href":"https:\/\/www.electroluxprofessional.com\/dk\/wp-json\/wp\/v2\/pages\/6281\/revisions\/19860"}],"wp:attachment":[{"href":"https:\/\/www.electroluxprofessional.com\/dk\/wp-json\/wp\/v2\/media?parent=6281"}],"curies":[{"name":"wp","href":"https:\/\/api.w.org\/{rel}","templated":true}]}}