{"id":6234,"date":"2021-04-26T20:20:03","date_gmt":"2021-04-26T20:20:03","guid":{"rendered":"https:\/\/www.electroluxprofessional.com\/dk\/?page_id=6234"},"modified":"2026-03-17T14:35:53","modified_gmt":"2026-03-17T14:35:53","slug":"one-demand-gadehavegaard","status":"publish","type":"page","link":"https:\/\/www.electroluxprofessional.com\/dk\/one-demand-gadehavegaard\/","title":{"rendered":"CASE: Gadehaveg\u00e5rd, Taastrup"},"content":{"rendered":"<p>[vc_row css=&#8221;.vc_custom_1619518301858{padding-top: 40px !important;background-color: #dadfe1 !important;}&#8221;][vc_column][elx_heading font_container=&#8221;h1&#8243; text_color=&#8221;electrolux-blue&#8221; text_align=&#8221;text-left&#8221; css=&#8221;.vc_custom_1576746448905{margin-top: 50px !important;margin-bottom: 50px !important;}&#8221;]Driftsleder om brugerbetalt vaskeri:<br \/>\n\u201dVi sparer 1000 mandetimer.\u201d[\/elx_heading][vc_row_inner][vc_column_inner offset=&#8221;vc_hidden-xs&#8221;][vc_empty_space height=&#8221;50px&#8221;][\/vc_column_inner][\/vc_row_inner][vc_row_inner][vc_column_inner offset=&#8221;vc_hidden-lg vc_hidden-md vc_hidden-sm&#8221;][vc_empty_space height=&#8221;30px&#8221;][\/vc_column_inner][\/vc_row_inner][\/vc_column][\/vc_row][vc_row][vc_column offset=&#8221;vc_hidden-xs&#8221;][vc_empty_space][\/vc_column][\/vc_row][vc_row][vc_column width=&#8221;2\/3&#8243;][vc_row_inner][vc_column_inner css=&#8221;.vc_custom_1528724889787{padding-right: 30px !important;padding-left: 0px !important;}&#8221;][vc_empty_space][vc_column_text css=&#8221;.vc_custom_1603290993945{margin-bottom: 30px !important;}&#8221; el_class=&#8221;p-16&#8243;]Boligforeningen Gadehaveg\u00e5rd har indf\u00f8rt brugerbetalt vaskeri. Som landets \u00f8vrige boligforeninger er Gadehaveg\u00e5rd nemlig ogs\u00e5 presset af kravet om, at sektorens samlede driftsudgifter i 2020 skal v\u00e6re 1,6 milliarder kroner lavere end i 2014. En Electrolux OnE Demand l\u00f8sning, udf\u00f8rt i samarbejde med vores partner Pay Per Wash, i Gadehaveg\u00e5rds tre vaskerier er et stort skridt p\u00e5 vejen til driftsbesparelser.<\/p>\n<p>\u2013 Jeg sparer ca. 1.000 mandetimer om \u00e5ret, fordi mine folk ikke l\u00e6ngere st\u00e5r for reng\u00f8ring, administration, fejlfinding p\u00e5 maskiner osv. Vi har slet ikke noget at g\u00f8re med vaskerierne l\u00e6ngere, forklarer afdelingens Driftsleder Ole Nielsen.<br \/>\n<a href=\"#taastrupvideo\">Se video om OnE Demand fra Gadehaveg\u00e5rd<\/a>[\/vc_column_text][vc_empty_space][elx_button button_text=&#8221;KONTAKT OS OG F\u00c5 ET KONKRET TILBUD&#8221; button_display_block=&#8221;display_block_on&#8221; button_alignment=&#8221;align_center&#8221; button_link=&#8221;url:https%3A%2F%2Fwww.electroluxprofessional.com%2Fdk%2Fkontakt%2F&#8221; css=&#8221;.vc_custom_1773758150264{padding-right: 40px !important;padding-left: 40px !important;}&#8221;][vc_empty_space height=&#8221;40px&#8221;][vc_column_text el_class=&#8221;p-16&#8243;]<\/p>\n<h6>Sparer 830.000 kr. p\u00e5 driftsbudgettet<\/h6>\n<p>Gadehaveg\u00e5rds tre vaskerier tr\u00e6ngte til nye maskiner. Ole Nielsen og bestyrelsen h\u00f8rte om brugerbetalt vaskeri og sonderede markedet. F\u00f8rst havde de g\u00e5et efter en l\u00f8sning, hvor boligforeningen skulle indk\u00f8be maskinerne og selv afholde alle driftsomkostninger. Men s\u00e5 indhentede de tre tilbud og endte med at v\u00e6lge Pay Per Wash TOTAL. Nu er alle vaskeriets driftsudgifter inkluderet i vaskeprisen \u2013 selv vand, el, reng\u00f8ring og forsikringer.<\/p>\n<p>\u2013 Vi var ude og kigge hos flere forskellige leverand\u00f8rer. For vi kunne godt se, at det kunne blive en rigtig god forretning for os. Vi valgte Pay Per Wash TOTAL, da de b\u00e5de havde den bedste og mest fremtidssikre aftale og den billigste vaskepris. Vi sparer 830.000 kr. p\u00e5 driftsbudgettet med det her totalkoncept. Og vi skal heller ikke s\u00e6tte penge af til k\u00f8b af nye maskiner, da aftalen k\u00f8rer i 10 \u00e5r. Vi forventer, at det ogs\u00e5 bliver den fremtidige l\u00f8sning, n\u00e5r vi om 10 \u00e5r skal indg\u00e5 en ny aftale, fort\u00e6ller han.[\/vc_column_text][\/vc_column_inner][\/vc_row_inner][\/vc_column][vc_column width=&#8221;1\/3&#8243; offset=&#8221;vc_hidden-sm vc_hidden-xs&#8221; css=&#8221;.vc_custom_1528720946604{padding-right: 10px !important;padding-left: 10px !important;}&#8221;][vc_empty_space][vc_single_image image=&#8221;6278&#8243; img_size=&#8221;full&#8221;][vc_column_text el_class=&#8221;p-14&#8243; css=&#8221;.vc_custom_1576746862289{padding-top: 20px !important;padding-right: 20px !important;padding-bottom: 30px !important;padding-left: 30px !important;background-color: #2acbd3 !important;}&#8221;]<\/p>\n<h6>Gadehaveg\u00e5rd, Taastrup<\/h6>\n<p>Gadehaveg\u00e5rd er en afdeling i DFB (Danske Funktion\u00e6rers Boligselskab).<\/p>\n<p>Omkring halvdelen af beboerne i de 986 lejligheder vasker t\u00f8j i de tre vaskerier, som hver er udstyret med op til 13 splinternye Line 5000 maskiner fra Electrolux Professional.<\/p>\n<p>I begyndelsen af 2017 besluttede bestyrelsen, at de tre nye vaskerier skulle v\u00e6re en OnE Demand TOTAL l\u00f8sning fra Electrolux. Dvs. ALT er inkluderet i den pris den enkelte beboer betaler for en vask: Udgifterne til maskink\u00f8b, drift, vaskemiddel, el, vand, service, reng\u00f8ring m.v. Opgaven blev udf\u00f8r i samarbejde med vores partner Pay-Per-Wash.<\/p>\n<p>Vaskepriser: 10-16,75 kr. afh\u00e6ngigt af vasketype.[\/vc_column_text][\/vc_column][\/vc_row][vc_row content_placement=&#8221;top&#8221; css=&#8221;.vc_custom_1528720263092{margin-top: 0px !important;}&#8221;][vc_column width=&#8221;2\/3&#8243;][vc_row_inner][vc_column_inner css=&#8221;.vc_custom_1528725102547{padding-right: 30px !important;padding-left: 0px !important;}&#8221;][vc_empty_space height=&#8221;20px&#8221;][vc_column_text el_class=&#8221;p-16&#8243;]<\/p>\n<h6>Prisen pr. vask er lavere end f\u00f8r<\/h6>\n<p>Beboerne har ogs\u00e5 taget godt imod de nye vaskerier med Pay Per Wash og gl\u00e6der sig over, at prisen for en vask er lavere end i det gamle f\u00e6llesvaskeri. Nu s\u00e6tter de penge ind p\u00e5 hver deres konto.<\/p>\n<p>\u2013 Det fungerer godt. Der var lidt startvanskeligheder, som der er med alt nyt. Men firmaet har v\u00e6ret gode til at hj\u00e6lpe beboerne. Og alle har forst\u00e5else for, at det er mere retf\u00e6rdigt, at det kun er de beboere, der vasker dernede, som betaler for det, fastsl\u00e5r Ole Nielsen.[\/vc_column_text][vc_empty_space height=&#8221;40px&#8221;][elx_button button_text=&#8221;SE DE MANGE L\u00d8SNINGER MED ONE DEMAND&#8221; button_display_block=&#8221;display_block_on&#8221; button_alignment=&#8221;align_center&#8221; button_link=&#8221;url:https%3A%2F%2Fwww.electroluxprofessional.com%2Fdk%2Fone-demand-pay-per-use%2F|||&#8221; css=&#8221;.vc_custom_1583489526394{margin-top: 50px !important;}&#8221;][vc_column_text css_animation=&#8221;fadeInDown&#8221; el_class=&#8221;p-16&#8243; css=&#8221;.vc_custom_1583489395609{margin-top: 0px !important;}&#8221;]<center>Har du sp\u00f8rgsm\u00e5l \u2013 eller \u00f8nsker du et tilbud?<br \/>\n<strong><a href=\"https:\/\/www.electroluxprofessional.com\/dk\/kontakt\">Kontakt Electrolux Professional her,<\/a><\/strong> eller ring til os p\u00e5 63 76 22 20.<\/center>[\/vc_column_text][\/vc_column_inner][\/vc_row_inner][\/vc_column][vc_column width=&#8221;1\/3&#8243;][vc_empty_space height=&#8221;12px&#8221;][vc_row_inner css=&#8221;.vc_custom_1528725786613{margin-right: 0px !important;padding-right: 0px !important;padding-left: 0px !important;}&#8221;][vc_column_inner css=&#8221;.vc_custom_1528725602098{margin-right: 0px !important;padding-right: 0px !important;}&#8221;][vc_single_image image=&#8221;18927&#8243; img_size=&#8221;full&#8221;][vc_column_text el_class=&#8221;p-14&#8243; css=&#8221;.vc_custom_1619518661189{margin-top: 10px !important;}&#8221;]Line 6000 varmepumpe tumbler TD6-14 og vaskemaskine WH6-7 med Compass Pro[\/vc_column_text][vc_empty_space height=&#8221;10px&#8221;][elx_button button_text=&#8221;L\u00e6s mere om Electrolux Professionals vaskerimaskiner&#8221; button_style=&#8221;icon&#8221; button_display_block=&#8221;display_block_on&#8221; button_link=&#8221;url:https%3A%2F%2Fwww.electroluxprofessional.com%2Fdk%2Fdriftsbesparelser%2Fbilligere-og-groennere%2F|title:Billigere%20og%20gr%C3%B8nnere%20med%20Line%206000||&#8221;][\/vc_column_inner][\/vc_row_inner][vc_row_inner][vc_column_inner offset=&#8221;vc_hidden-lg vc_hidden-md vc_hidden-sm&#8221;][vc_empty_space][\/vc_column_inner][\/vc_row_inner][vc_row_inner only_for_logged_in=&#8221;true&#8221;][vc_column_inner offset=&#8221;vc_hidden-lg vc_hidden-md vc_hidden-sm vc_hidden-xs&#8221;][vc_column_text][vc_raw_html el_class=&#8221;.video#bgvid&#8221;]JTNDdmlkZW8lMjBjb250cm9scyUzRCUyMmNvbnRyb2xzJTIyJTIwaWQlM0QlMjJiZ3ZpZCUyMiUyMHdpZHRoJTNEJTIyMTAwJTI1JTIyJTIwaGVpZ2h0JTNEJTIyMTAwJTI1JTIyJTNFJTBBJTIwJTIwJTIwJTIwJTIwJTIwJTIwJTIwJTIwJTIwJTIwJTIwJTNDc291cmNlJTIwc3JjJTNEJTIyaHR0cHMlM0ElMkYlMkZ3d3cueW91dHViZS5jb20lMkZlbWJlZCUyRjZpeVpxVGM2OEtrJTNGcmVsJTNEMCUyNmFtcCUzQnNob3dpbmZvJTNEMCUyMiUzRSUwQSUyMCUyMCUyMCUyMCUyMCUyMCUyMCUyMCUzQyUyRnZpZGVvJTNFJTBBJTBBJTNDaWZyYW1lJTIwd2lkdGglM0QlMjI1NjAlMjIlMjBoZWlnaHQlM0QlMjIzMTUlMjIlMjBzcmMlM0QlMjJodHRwcyUzQSUyRiUyRnd3dy55b3V0dWJlLmNvbSUyRmVtYmVkJTJGNml5WnFUYzY4S2slM0ZyZWwlM0QwJTI2YW1wJTNCc2hvd2luZm8lM0QwJTIyJTIwZnJhbWVib3JkZXIlM0QlMjIwJTIyJTIwYWxsb3clM0QlMjJhdXRvcGxheSUzQiUyMGVuY3J5cHRlZC1tZWRpYSUyMiUyMGFsbG93ZnVsbHNjcmVlbiUzRSUzQyUyRmlmcmFtZSUzRQ==[\/vc_raw_html][\/vc_column_text][\/vc_column_inner][\/vc_row_inner][\/vc_column][\/vc_row][vc_row css=&#8221;.vc_custom_1619518325601{background-color: #dadfe1 !important;}&#8221;][vc_column width=&#8221;1\/2&#8243; offset=&#8221;vc_hidden-lg vc_hidden-md vc_hidden-sm&#8221;][elx_video_block background_image=&#8221;5476&#8243; video_link=&#8221;https:\/\/www.youtube.com\/watch?v=MlcsYTqocuc&#8221; minimum_height=&#8221;180px&#8221;][\/vc_column][vc_column width=&#8221;1\/2&#8243; css=&#8221;.vc_custom_1528805936135{padding-left: 60px !important;}&#8221; offset=&#8221;vc_hidden-lg vc_hidden-md vc_hidden-sm&#8221;][vc_empty_space height=&#8221;50px&#8221;][vc_column_text css=&#8221;.vc_custom_1580470869783{padding-right: 50px !important;}&#8221;]<span style=\"font-size: 16px;\">Beboerne har taget godt imod de nye vaskerier med OnE Demand og gl\u00e6der sig over, at prisen for en vask er lavere end i det gamle f\u00e6llesvaskeri.<\/span>[\/vc_column_text][vc_column_text el_class=&#8221;p-16&#8243;]<a href=\"https:\/\/youtu.be\/MlcsYTqocuc\">Se video med Driftsleder Ole Nielsen og medlem af bestyrelsen Alice Jensen \u203a<\/a>[\/vc_column_text][\/vc_column][\/vc_row][vc_row css=&#8221;.vc_custom_1631532147037{margin-top: 60px !important;background-color: #dadfe1 !important;}&#8221; el_id=&#8221;taastrupvideo&#8221;][vc_column width=&#8221;1\/2&#8243; offset=&#8221;vc_hidden-xs&#8221;][elx_video_block background_image=&#8221;5476&#8243; video_link=&#8221;https:\/\/www.youtube.com\/watch?v=MlcsYTqocuc&#8221; minimum_height=&#8221;300px&#8221;][\/vc_column][vc_column width=&#8221;1\/2&#8243; css=&#8221;.vc_custom_1528805996669{padding-left: 60px !important;}&#8221; offset=&#8221;vc_hidden-xs&#8221;][vc_empty_space height=&#8221;50px&#8221;][vc_column_text css=&#8221;.vc_custom_1580470862434{padding-right: 50px !important;}&#8221;]<span style=\"font-size: 21px;\">Beboerne har taget godt imod de nye vaskerier med OnE Demand og gl\u00e6der sig over, at prisen for en vask er lavere end i det gamle f\u00e6llesvaskeri.<\/span>[\/vc_column_text][vc_column_text el_class=&#8221;p-16&#8243; css=&#8221;.vc_custom_1631532002981{margin-top: 20px !important;}&#8221;]<a href=\"https:\/\/youtu.be\/MlcsYTqocuc\" target=\"_blank\" rel=\"noopener noreferrer\">Se video med Driftsleder Ole Nielsen og medlem af bestyrelsen Alice Jensen \u203a<\/a>[\/vc_column_text][\/vc_column][\/vc_row][vc_row][vc_column][vc_empty_space height=&#8221;60px&#8221;][\/vc_column][\/vc_row]<\/p>\n","protected":false},"excerpt":{"rendered":"<p>[vc_row css=&#8221;.vc_custom_1619518301858{padding-top: 40px !important;background-color: #dadfe1 !important;}&#8221;][vc_column][elx_heading font_container=&#8221;h1&#8243; text_color=&#8221;electrolux-blue&#8221; text_align=&#8221;text-left&#8221; css=&#8221;.vc_custom_1576746448905{margin-top: 50px !important;margin-bottom: 50px !important;}&#8221;]Driftsleder om brugerbetalt vaskeri: \u201dVi sparer 1000 mandetimer.\u201d[\/elx_heading][vc_row_inner][vc_column_inner offset=&#8221;vc_hidden-xs&#8221;][vc_empty_space height=&#8221;50px&#8221;][\/vc_column_inner][\/vc_row_inner][vc_row_inner][vc_column_inner offset=&#8221;vc_hidden-lg vc_hidden-md vc_hidden-sm&#8221;][vc_empty_space height=&#8221;30px&#8221;][\/vc_column_inner][\/vc_row_inner][\/vc_column][\/vc_row][vc_row][vc_column offset=&#8221;vc_hidden-xs&#8221;][vc_empty_space][\/vc_column][\/vc_row][vc_row][vc_column width=&#8221;2\/3&#8243;][vc_row_inner][vc_column_inner css=&#8221;.vc_custom_1528724889787{padding-right: 30px !important;padding-left: 0px !important;}&#8221;][vc_empty_space][vc_column_text css=&#8221;.vc_custom_1603290993945{margin-bottom: 30px !important;}&#8221; el_class=&#8221;p-16&#8243;]Boligforeningen Gadehaveg\u00e5rd har indf\u00f8rt brugerbetalt vaskeri. Som landets \u00f8vrige boligforeninger er Gadehaveg\u00e5rd nemlig ogs\u00e5 presset af kravet om, [&hellip;]<\/p>\n","protected":false},"author":64,"featured_media":0,"parent":0,"menu_order":0,"comment_status":"closed","ping_status":"closed","template":"","meta":{"footnotes":""},"class_list":["post-6234","page","type-page","status-publish","hentry"],"acf":[],"yoast_head":"<!-- This site is optimized with the Yoast SEO plugin v23.3 - https:\/\/yoast.com\/wordpress\/plugins\/seo\/ -->\n<title>Brugerbetalt vaskeri \u2013 Electrolux Professional OnE Demand<\/title>\n<meta name=\"description\" content=\"Boligforeningen Gadehaveg\u00e5rd i Taastrup fik to nye vaskerier fra Electrolux Professional OnE Demand \u2013 et brugerbetalt vaskeri, som betales pr. vask. Gadehaveg\u00e5rd sparer nu 1.000 mandetimer om \u00e5ret til reng\u00f8ring, administration og fejlfinding p\u00e5 maskiner. Se videointerview med Driftsleder Ole Nielsen her\" \/>\n<meta name=\"robots\" content=\"index, follow, max-snippet:-1, max-image-preview:large, max-video-preview:-1\" \/>\n<link rel=\"canonical\" href=\"https:\/\/www.electroluxprofessional.com\/dk\/one-demand-gadehavegaard\/\" \/>\n<meta property=\"og:locale\" content=\"da_DK\" \/>\n<meta property=\"og:type\" content=\"article\" \/>\n<meta property=\"og:title\" content=\"Brugerbetalt vaskeri \u2013 Electrolux Professional OnE Demand\" \/>\n<meta property=\"og:description\" content=\"Boligforeningen Gadehaveg\u00e5rd i Taastrup fik to nye vaskerier fra Electrolux Professional OnE Demand \u2013 et brugerbetalt vaskeri, som betales pr. vask. Gadehaveg\u00e5rd sparer nu 1.000 mandetimer om \u00e5ret til reng\u00f8ring, administration og fejlfinding p\u00e5 maskiner. Se videointerview med Driftsleder Ole Nielsen her\" \/>\n<meta property=\"og:url\" content=\"https:\/\/www.electroluxprofessional.com\/dk\/one-demand-gadehavegaard\/\" \/>\n<meta property=\"og:site_name\" content=\"Electrolux Professional Danmark\" \/>\n<meta property=\"article:modified_time\" content=\"2026-03-17T14:35:53+00:00\" \/>\n<meta name=\"twitter:card\" content=\"summary_large_image\" \/>\n<meta name=\"twitter:label1\" content=\"Estimeret l\u00e6setid\" \/>\n\t<meta name=\"twitter:data1\" content=\"7 minutter\" \/>\n<script type=\"application\/ld+json\" class=\"yoast-schema-graph\">{\"@context\":\"https:\/\/schema.org\",\"@graph\":[{\"@type\":\"WebPage\",\"@id\":\"https:\/\/www.electroluxprofessional.com\/dk\/one-demand-gadehavegaard\/\",\"url\":\"https:\/\/www.electroluxprofessional.com\/dk\/one-demand-gadehavegaard\/\",\"name\":\"Brugerbetalt vaskeri \u2013 Electrolux Professional OnE Demand\",\"isPartOf\":{\"@id\":\"https:\/\/www.electroluxprofessional.com\/dk\/#website\"},\"datePublished\":\"2021-04-26T20:20:03+00:00\",\"dateModified\":\"2026-03-17T14:35:53+00:00\",\"description\":\"Boligforeningen Gadehaveg\u00e5rd i Taastrup fik to nye vaskerier fra Electrolux Professional OnE Demand \u2013 et brugerbetalt vaskeri, som betales pr. vask. Gadehaveg\u00e5rd sparer nu 1.000 mandetimer om \u00e5ret til reng\u00f8ring, administration og fejlfinding p\u00e5 maskiner. Se videointerview med Driftsleder Ole Nielsen her\",\"breadcrumb\":{\"@id\":\"https:\/\/www.electroluxprofessional.com\/dk\/one-demand-gadehavegaard\/#breadcrumb\"},\"inLanguage\":\"da-DK\",\"potentialAction\":[{\"@type\":\"ReadAction\",\"target\":[\"https:\/\/www.electroluxprofessional.com\/dk\/one-demand-gadehavegaard\/\"]}]},{\"@type\":\"BreadcrumbList\",\"@id\":\"https:\/\/www.electroluxprofessional.com\/dk\/one-demand-gadehavegaard\/#breadcrumb\",\"itemListElement\":[{\"@type\":\"ListItem\",\"position\":1,\"name\":\"Home\",\"item\":\"https:\/\/www.electroluxprofessional.com\/dk\/\"},{\"@type\":\"ListItem\",\"position\":2,\"name\":\"CASE: Gadehaveg\u00e5rd, Taastrup\"}]},{\"@type\":\"WebSite\",\"@id\":\"https:\/\/www.electroluxprofessional.com\/dk\/#website\",\"url\":\"https:\/\/www.electroluxprofessional.com\/dk\/\",\"name\":\"Electrolux Professional Danmark\",\"description\":\"\",\"potentialAction\":[{\"@type\":\"SearchAction\",\"target\":{\"@type\":\"EntryPoint\",\"urlTemplate\":\"https:\/\/www.electroluxprofessional.com\/dk\/?src={search_term_string}\"},\"query-input\":\"required name=search_term_string\"}],\"inLanguage\":\"da-DK\"}]}<\/script>\n<!-- \/ Yoast SEO plugin. -->","yoast_head_json":{"title":"Brugerbetalt vaskeri \u2013 Electrolux Professional OnE Demand","description":"Boligforeningen Gadehaveg\u00e5rd i Taastrup fik to nye vaskerier fra Electrolux Professional OnE Demand \u2013 et brugerbetalt vaskeri, som betales pr. vask. Gadehaveg\u00e5rd sparer nu 1.000 mandetimer om \u00e5ret til reng\u00f8ring, administration og fejlfinding p\u00e5 maskiner. Se videointerview med Driftsleder Ole Nielsen her","robots":{"index":"index","follow":"follow","max-snippet":"max-snippet:-1","max-image-preview":"max-image-preview:large","max-video-preview":"max-video-preview:-1"},"canonical":"https:\/\/www.electroluxprofessional.com\/dk\/one-demand-gadehavegaard\/","og_locale":"da_DK","og_type":"article","og_title":"Brugerbetalt vaskeri \u2013 Electrolux Professional OnE Demand","og_description":"Boligforeningen Gadehaveg\u00e5rd i Taastrup fik to nye vaskerier fra Electrolux Professional OnE Demand \u2013 et brugerbetalt vaskeri, som betales pr. vask. Gadehaveg\u00e5rd sparer nu 1.000 mandetimer om \u00e5ret til reng\u00f8ring, administration og fejlfinding p\u00e5 maskiner. Se videointerview med Driftsleder Ole Nielsen her","og_url":"https:\/\/www.electroluxprofessional.com\/dk\/one-demand-gadehavegaard\/","og_site_name":"Electrolux Professional Danmark","article_modified_time":"2026-03-17T14:35:53+00:00","twitter_card":"summary_large_image","twitter_misc":{"Estimeret l\u00e6setid":"7 minutter"},"schema":{"@context":"https:\/\/schema.org","@graph":[{"@type":"WebPage","@id":"https:\/\/www.electroluxprofessional.com\/dk\/one-demand-gadehavegaard\/","url":"https:\/\/www.electroluxprofessional.com\/dk\/one-demand-gadehavegaard\/","name":"Brugerbetalt vaskeri \u2013 Electrolux Professional OnE Demand","isPartOf":{"@id":"https:\/\/www.electroluxprofessional.com\/dk\/#website"},"datePublished":"2021-04-26T20:20:03+00:00","dateModified":"2026-03-17T14:35:53+00:00","description":"Boligforeningen Gadehaveg\u00e5rd i Taastrup fik to nye vaskerier fra Electrolux Professional OnE Demand \u2013 et brugerbetalt vaskeri, som betales pr. vask. Gadehaveg\u00e5rd sparer nu 1.000 mandetimer om \u00e5ret til reng\u00f8ring, administration og fejlfinding p\u00e5 maskiner. Se videointerview med Driftsleder Ole Nielsen her","breadcrumb":{"@id":"https:\/\/www.electroluxprofessional.com\/dk\/one-demand-gadehavegaard\/#breadcrumb"},"inLanguage":"da-DK","potentialAction":[{"@type":"ReadAction","target":["https:\/\/www.electroluxprofessional.com\/dk\/one-demand-gadehavegaard\/"]}]},{"@type":"BreadcrumbList","@id":"https:\/\/www.electroluxprofessional.com\/dk\/one-demand-gadehavegaard\/#breadcrumb","itemListElement":[{"@type":"ListItem","position":1,"name":"Home","item":"https:\/\/www.electroluxprofessional.com\/dk\/"},{"@type":"ListItem","position":2,"name":"CASE: Gadehaveg\u00e5rd, Taastrup"}]},{"@type":"WebSite","@id":"https:\/\/www.electroluxprofessional.com\/dk\/#website","url":"https:\/\/www.electroluxprofessional.com\/dk\/","name":"Electrolux Professional Danmark","description":"","potentialAction":[{"@type":"SearchAction","target":{"@type":"EntryPoint","urlTemplate":"https:\/\/www.electroluxprofessional.com\/dk\/?src={search_term_string}"},"query-input":"required name=search_term_string"}],"inLanguage":"da-DK"}]}},"_links":{"self":[{"href":"https:\/\/www.electroluxprofessional.com\/dk\/wp-json\/wp\/v2\/pages\/6234"}],"collection":[{"href":"https:\/\/www.electroluxprofessional.com\/dk\/wp-json\/wp\/v2\/pages"}],"about":[{"href":"https:\/\/www.electroluxprofessional.com\/dk\/wp-json\/wp\/v2\/types\/page"}],"author":[{"embeddable":true,"href":"https:\/\/www.electroluxprofessional.com\/dk\/wp-json\/wp\/v2\/users\/64"}],"replies":[{"embeddable":true,"href":"https:\/\/www.electroluxprofessional.com\/dk\/wp-json\/wp\/v2\/comments?post=6234"}],"version-history":[{"count":76,"href":"https:\/\/www.electroluxprofessional.com\/dk\/wp-json\/wp\/v2\/pages\/6234\/revisions"}],"predecessor-version":[{"id":32120,"href":"https:\/\/www.electroluxprofessional.com\/dk\/wp-json\/wp\/v2\/pages\/6234\/revisions\/32120"}],"wp:attachment":[{"href":"https:\/\/www.electroluxprofessional.com\/dk\/wp-json\/wp\/v2\/media?parent=6234"}],"curies":[{"name":"wp","href":"https:\/\/api.w.org\/{rel}","templated":true}]}}