{"id":6163,"date":"2025-08-10T12:17:26","date_gmt":"2025-08-10T12:17:26","guid":{"rendered":"https:\/\/www.electroluxprofessional.com\/dk\/?page_id=6163"},"modified":"2025-09-10T10:33:06","modified_gmt":"2025-09-10T10:33:06","slug":"billigere-og-groennere","status":"publish","type":"page","link":"https:\/\/www.electroluxprofessional.com\/dk\/driftsbesparelser\/billigere-og-groennere\/","title":{"rendered":"Billigere og gr\u00f8nnere med Line 6000"},"content":{"rendered":"<p>[vc_row css=&#8221;.vc_custom_1619424425695{background-color: #dadfe1 !important;}&#8221;][vc_column][elx_heading font_container=&#8221;h1&#8243; text_color=&#8221;electrolux-blue&#8221; text_align=&#8221;text-left&#8221; css=&#8221;.vc_custom_1622706237158{margin-bottom: 50px !important;}&#8221;]<\/p>\n<h1 style=\"line-height: 1.2em;\">Derfor vasker du billigere og gr\u00f8nnere med Line 6000 fra Electrolux Professional<\/h1>\n<p>[\/elx_heading][vc_empty_space][\/vc_column][\/vc_row][vc_row css=&#8221;.vc_custom_1577454584719{margin-bottom: 20px !important;}&#8221;][vc_column offset=&#8221;vc_hidden-xs&#8221;][vc_empty_space height=&#8221;50px&#8221;][vc_column_text el_class=&#8221;p-16&#8243;]Her er forklaringen p\u00e5, at det betaler sig at udskifte vaskeriets gamle maskiner med nye Line 6000 fra Electrolux Professional:[\/vc_column_text][\/vc_column][\/vc_row][vc_row css=&#8221;.vc_custom_1583488393095{margin-top: 32px !important;}&#8221;][vc_column width=&#8221;1\/2&#8243; offset=&#8221;vc_hidden-xs&#8221;][vc_column_text el_class=&#8221;p-16&#8243; css=&#8221;.vc_custom_1528459709777{padding-top: 40px !important;}&#8221;]<\/p>\n<h4>Power Balance forl\u00e6nger maskinens levetid<\/h4>\n<p>Ved centrifugering m\u00e5 en vaskemaskine ikke komme i ubalance. Sker det, f\u00e5r det konsekvenser: Mere st\u00f8j, flere reparationer og\u00a0kortere maskinlevetid.\u00a0Power Balance forhindrer denne ubalance ved centrifugering.[\/vc_column_text][\/vc_column][vc_column width=&#8221;1\/2&#8243; offset=&#8221;vc_hidden-xs&#8221;][vc_single_image image=&#8221;6118&#8243; img_size=&#8221;full&#8221;][\/vc_column][\/vc_row][vc_row css=&#8221;.vc_custom_1529497072919{margin-top: 40px !important;}&#8221;][vc_column width=&#8221;1\/2&#8243; offset=&#8221;vc_hidden-xs&#8221;][vc_single_image image=&#8221;6202&#8243; img_size=&#8221;full&#8221;][\/vc_column][vc_column width=&#8221;1\/2&#8243; offset=&#8221;vc_hidden-xs&#8221;][vc_column_text el_class=&#8221;p-16&#8243; css=&#8221;.vc_custom_1529494636669{padding-top: 80px !important;}&#8221;]<\/p>\n<h4>AS (Automatic Saving)<\/h4>\n<p>Vandforbruget tilpasses t\u00f8jm\u00e6ngden og holdes derved p\u00e5 et minimum. Samtidig undg\u00e5s s\u00e6berester i t\u00f8jet.[\/vc_column_text][\/vc_column][\/vc_row][vc_row css=&#8221;.vc_custom_1529497089412{margin-top: 40px !important;}&#8221;][vc_column width=&#8221;1\/2&#8243; offset=&#8221;vc_hidden-xs&#8221;][vc_column_text el_class=&#8221;p-16&#8243; css=&#8221;.vc_custom_1741786893453{padding-top: 80px !important;}&#8221;]<\/p>\n<h4>Automatisk s\u00e6bedosering<\/h4>\n<p>S\u00e6beforbruget tilpasses vandstand og t\u00f8j\u00adm\u00e6ngde, s\u00e5 milj\u00f8et sk\u00e5nes mest muligt. <strong><a href=\"https:\/\/www.electroluxprofessional.com\/dk\/automatisk-saebedosering\/\">Se flere fordele ved automatisk s\u00e6bedosering \u203a<\/a><\/strong>[\/vc_column_text][\/vc_column][vc_column width=&#8221;1\/2&#8243; offset=&#8221;vc_hidden-xs&#8221;][vc_single_image image=&#8221;23648&#8243; img_size=&#8221;full&#8221;][\/vc_column][\/vc_row][vc_row css=&#8221;.vc_custom_1529497098876{margin-top: 40px !important;}&#8221;][vc_column width=&#8221;1\/2&#8243; offset=&#8221;vc_hidden-xs&#8221;][vc_single_image image=&#8221;6207&#8243; img_size=&#8221;full&#8221;][\/vc_column][vc_column width=&#8221;1\/2&#8243; offset=&#8221;vc_hidden-xs&#8221;][vc_column_text el_class=&#8221;p-16&#8243; css=&#8221;.vc_custom_1755178551240{padding-top: 80px !important;}&#8221;]<\/p>\n<h4>RMC (restfugtighedsm\u00e5ler)<\/h4>\n<p>T\u00f8rretumbleren stopper automatisk, n\u00e5r t\u00f8jet er t\u00f8rt.<br \/>\n<strong><a href=\"https:\/\/www.electroluxprofessional.com\/dk\/line-6000-toerretumblere\/\">Se de intelligente Line 6000 t\u00f8rretumblere \u203a<\/a><\/strong>[\/vc_column_text][\/vc_column][\/vc_row][vc_row css=&#8221;.vc_custom_1529497107069{margin-top: 40px !important;}&#8221;][vc_column width=&#8221;1\/2&#8243; offset=&#8221;vc_hidden-xs&#8221;][vc_column_text el_class=&#8221;p-16&#8243; css=&#8221;.vc_custom_1528458291323{padding-top: 40px !important;}&#8221;]<\/p>\n<h4>Speed Soak Drum \u2013\u00a0mindre slid p\u00e5 t\u00f8jet<\/h4>\n<p>Vandet spr\u00f8jtes ind i t\u00f8jet, s\u00e5 det straks bliver v\u00e5dt. Herved undg\u00e5s slid ved tromlerotation med t\u00f8rt t\u00f8j i tromlen. <strong>\u00a0<\/strong>Al grus og skidt skylles hurtigt ud af maskinen gennem tromlens 5 mm store huller \u2013 og ligger derfor ikke og slider p\u00e5 t\u00f8jet.[\/vc_column_text][\/vc_column][vc_column width=&#8221;1\/2&#8243; offset=&#8221;vc_hidden-xs&#8221;][vc_single_image image=&#8221;6122&#8243; img_size=&#8221;full&#8221;][\/vc_column][\/vc_row][vc_row css=&#8221;.vc_custom_1529497114708{margin-top: 40px !important;}&#8221;][vc_column width=&#8221;1\/2&#8243; offset=&#8221;vc_hidden-xs&#8221;][vc_single_image image=&#8221;6204&#8243; img_size=&#8221;full&#8221;][\/vc_column][vc_column width=&#8221;1\/2&#8243; offset=&#8221;vc_hidden-xs&#8221;][vc_column_text el_class=&#8221;p-16&#8243; css=&#8221;.vc_custom_1731924430914{padding-top: 40px !important;}&#8221;]<\/p>\n<h4>Spar allermest med varmepumpe tumbler<\/h4>\n<p>Vil du sk\u00e5ne milj\u00f8et mest muligt, skal du v\u00e6lge en varmepumpe tumbler, som genvinder varmen. Den bruger op til 70 % mindre energi end traditionelle tumblere. F\u00e5s bl.a. i en kompakt model til 10 kilo t\u00f8j.<br \/>\n<strong><a href=\"https:\/\/www.electroluxprofessional.com\/dk\/varmepumpe-tumblere\/\">L\u00e6s mere \u203a<\/a><\/strong>[\/vc_column_text][\/vc_column][\/vc_row][vc_row css=&#8221;.vc_custom_1529497456984{margin-top: -80px !important;padding-top: 0px !important;}&#8221;][vc_column offset=&#8221;vc_hidden-lg vc_hidden-md vc_hidden-sm&#8221;][vc_column_text el_class=&#8221;p-16&#8243;]Her er forklaringen p\u00e5, at det betaler sig at udskifte vaskeriets gamle maskiner med nye Line 5000 fra Electrolux Professional:[\/vc_column_text][vc_single_image image=&#8221;6118&#8243; img_size=&#8221;full&#8221;][vc_column_text el_class=&#8221;p-16&#8243;]<\/p>\n<h4>Power Balance forl\u00e6nger maskinens levetid<\/h4>\n<p>Ved centrifugering m\u00e5 en vaskemaskine ikke komme i ubalance. Sker det, f\u00e5r det konsekvenser: Mere st\u00f8j, flere reparationer og\u00a0kortere maskinlevetid.\u00a0Power Balance forhindrer denne ubalance ved centrifugering.[\/vc_column_text][vc_single_image image=&#8221;6202&#8243; img_size=&#8221;full&#8221;][vc_column_text el_class=&#8221;p-16&#8243;]<\/p>\n<h4>AS (Automatic Saving)<\/h4>\n<p>Vandforbruget tilpasses t\u00f8jm\u00e6ngden og holdes derved p\u00e5 et minimum. Samtidig undg\u00e5s s\u00e6berester i t\u00f8jet.[\/vc_column_text][vc_single_image image=&#8221;6812&#8243; img_size=&#8221;full&#8221;][vc_column_text el_class=&#8221;p-16&#8243;]<\/p>\n<h4>Automatisk s\u00e6bedosering<\/h4>\n<p>S\u00e6beforbruget tilpasses vandstand og t\u00f8j\u00adm\u00e6ngde, s\u00e5 milj\u00f8et sk\u00e5nes mest muligt. <strong><a href=\"https:\/\/www.electroluxprofessional.com\/dk\/automatisk-saebedosering\/\">Se flere fordele ved automatisk s\u00e6bedosering \u203a<\/a><\/strong>[\/vc_column_text][vc_single_image image=&#8221;6207&#8243; img_size=&#8221;full&#8221;][vc_column_text el_class=&#8221;p-16&#8243;]<\/p>\n<h4>RMC (restfugtighedsm\u00e5ler)<\/h4>\n<p>T\u00f8rretumbleren stopper automatisk, n\u00e5r t\u00f8jet er t\u00f8rt.<br \/>\n<strong><a href=\"https:\/\/www.electroluxprofessional.com\/dk\/line-6000-toerretumblere\/\">Se de nye intelligente Line 6000 t\u00f8rretumblere \u203a<\/a><\/strong>[\/vc_column_text][vc_single_image image=&#8221;6122&#8243; img_size=&#8221;full&#8221;][vc_column_text el_class=&#8221;p-16&#8243;]<\/p>\n<h4>Speed Soak Drum \u2013\u00a0mindre slid p\u00e5 t\u00f8jet<\/h4>\n<p>Vandet spr\u00f8jtes ind i t\u00f8jet, s\u00e5 det straks bliver v\u00e5dt. Herved undg\u00e5s slid ved tromlerotation med t\u00f8rt t\u00f8j i tromlen. <strong>\u00a0<\/strong>Al grus og skidt skylles hurtigt ud af maskinen gennem tromlens 5 mm store huller \u2013 og ligger derfor ikke og slider p\u00e5 t\u00f8jet.[\/vc_column_text][vc_single_image image=&#8221;6204&#8243; img_size=&#8221;full&#8221;][vc_column_text el_class=&#8221;p-16&#8243;]<\/p>\n<h4>Spar allermest med varmepumpe tumbler<\/h4>\n<p>Vil du sk\u00e5ne milj\u00f8et mest muligt, skal du v\u00e6lge en varmepumpe tumbler, som genvinder varmen. Den bruger op til 70 % mindre energi end traditionelle tumblere. F\u00e5s bl.a. i en kompakt model til 10 kilo t\u00f8j. <strong><a href=\"https:\/\/www.electroluxprofessional.com\/dk\/varmepumpe-tumblere\/\">L\u00e6s mere \u203a<\/a><\/strong>[\/vc_column_text][\/vc_column][\/vc_row][vc_row][vc_column css=&#8221;.vc_custom_1616076296932{margin-top: 60px !important;border-top-width: 1px !important;border-top-color: #dadfe1 !important;border-top-style: solid !important;}&#8221;][vc_empty_space][\/vc_column][\/vc_row][vc_row css=&#8221;.vc_custom_1528459134738{margin-top: 0px !important;margin-right: 0px !important;margin-bottom: 0px !important;margin-left: 0px !important;border-top-width: 0px !important;border-right-width: 0px !important;border-bottom-width: 0px !important;border-left-width: 0px !important;padding-top: 0px !important;padding-right: 0px !important;padding-bottom: 0px !important;padding-left: 0px !important;}&#8221;][vc_column width=&#8221;1\/2&#8243;][vc_row_inner][vc_column_inner width=&#8221;2\/3&#8243;][vc_empty_space height=&#8221;5px&#8221;][\/vc_column_inner][vc_column_inner width=&#8221;1\/3&#8243;][vc_empty_space height=&#8221;5px&#8221;][\/vc_column_inner][\/vc_row_inner][\/vc_column][vc_column width=&#8221;1\/2&#8243;][vc_column_text css=&#8221;.vc_custom_1528450892106{margin-top: -15px !important;padding-right: 10px !important;padding-bottom: 0px !important;padding-left: 10px !important;}&#8221;]<\/p>\n<h4 class=\"widget-title\">Hold dig ajour p\u00e5 vaskerifronten<\/h4>\n<p>[\/vc_column_text][vc_column_text css_animation=&#8221;none&#8221; el_class=&#8221;p-16&#8243; css=&#8221;.vc_custom_1616076137360{margin-top: 10px !important;margin-right: 10px !important;margin-bottom: 20px !important;margin-left: 10px !important;}&#8221;]F\u00e5 e-mails med nyheder, tilbud, konkurrencer, tips og gode r\u00e5d om professionelle vaskeril\u00f8sninger fra Electrolux Professional.[\/vc_column_text][vc_row_inner el_id=&#8221;tilmeldingsformular&#8221;][vc_column_inner css=&#8221;.vc_custom_1583409443365{margin-right: -20px !important;margin-left: -15px !important;}&#8221;][elx_o2000_mailchimp_form language=&#8221;dk&#8221; listid=&#8221;eed2270662&#8243;][\/vc_column_inner][\/vc_row_inner][\/vc_column][\/vc_row][vc_row][vc_column][vc_empty_space height=&#8221;60px&#8221;][\/vc_column][\/vc_row]<\/p>\n","protected":false},"excerpt":{"rendered":"<p>[vc_row css=&#8221;.vc_custom_1619424425695{background-color: #dadfe1 !important;}&#8221;][vc_column][elx_heading font_container=&#8221;h1&#8243; text_color=&#8221;electrolux-blue&#8221; text_align=&#8221;text-left&#8221; css=&#8221;.vc_custom_1622706237158{margin-bottom: 50px !important;}&#8221;] Derfor vasker du billigere og gr\u00f8nnere med Line 6000 fra Electrolux Professional [\/elx_heading][vc_empty_space][\/vc_column][\/vc_row][vc_row css=&#8221;.vc_custom_1577454584719{margin-bottom: 20px !important;}&#8221;][vc_column offset=&#8221;vc_hidden-xs&#8221;][vc_empty_space height=&#8221;50px&#8221;][vc_column_text el_class=&#8221;p-16&#8243;]Her er forklaringen p\u00e5, at det betaler sig at udskifte vaskeriets gamle maskiner med nye Line 6000 fra Electrolux Professional:[\/vc_column_text][\/vc_column][\/vc_row][vc_row css=&#8221;.vc_custom_1583488393095{margin-top: 32px !important;}&#8221;][vc_column width=&#8221;1\/2&#8243; offset=&#8221;vc_hidden-xs&#8221;][vc_column_text el_class=&#8221;p-16&#8243; css=&#8221;.vc_custom_1528459709777{padding-top: [&hellip;]<\/p>\n","protected":false},"author":64,"featured_media":0,"parent":6139,"menu_order":0,"comment_status":"closed","ping_status":"closed","template":"","meta":{"footnotes":""},"class_list":["post-6163","page","type-page","status-publish","hentry"],"acf":[],"yoast_head":"<!-- This site is optimized with the Yoast SEO plugin v23.3 - https:\/\/yoast.com\/wordpress\/plugins\/seo\/ -->\n<title>Vask gr\u00f8nnere med maskiner fra Electrolux Professional<\/title>\n<meta name=\"description\" content=\"Her er forklaringen p\u00e5, at det betaler sig at udskifte vaskeriets gamle maskiner med Line 6000 fra Electrolux Professional\" \/>\n<meta name=\"robots\" content=\"index, follow, max-snippet:-1, max-image-preview:large, max-video-preview:-1\" \/>\n<link rel=\"canonical\" href=\"https:\/\/www.electroluxprofessional.com\/dk\/driftsbesparelser\/billigere-og-groennere\/\" \/>\n<meta property=\"og:locale\" content=\"da_DK\" \/>\n<meta property=\"og:type\" content=\"article\" \/>\n<meta property=\"og:title\" content=\"Vask gr\u00f8nnere med maskiner fra Electrolux Professional\" \/>\n<meta property=\"og:description\" content=\"Her er forklaringen p\u00e5, at det betaler sig at udskifte vaskeriets gamle maskiner med Line 6000 fra Electrolux Professional\" \/>\n<meta property=\"og:url\" content=\"https:\/\/www.electroluxprofessional.com\/dk\/driftsbesparelser\/billigere-og-groennere\/\" \/>\n<meta property=\"og:site_name\" content=\"Electrolux Professional Danmark\" \/>\n<meta property=\"article:modified_time\" content=\"2025-09-10T10:33:06+00:00\" \/>\n<meta name=\"twitter:card\" content=\"summary_large_image\" \/>\n<meta name=\"twitter:label1\" content=\"Estimeret l\u00e6setid\" \/>\n\t<meta name=\"twitter:data1\" content=\"6 minutter\" \/>\n<script type=\"application\/ld+json\" class=\"yoast-schema-graph\">{\"@context\":\"https:\/\/schema.org\",\"@graph\":[{\"@type\":\"WebPage\",\"@id\":\"https:\/\/www.electroluxprofessional.com\/dk\/driftsbesparelser\/billigere-og-groennere\/\",\"url\":\"https:\/\/www.electroluxprofessional.com\/dk\/driftsbesparelser\/billigere-og-groennere\/\",\"name\":\"Vask gr\u00f8nnere med maskiner fra Electrolux Professional\",\"isPartOf\":{\"@id\":\"https:\/\/www.electroluxprofessional.com\/dk\/#website\"},\"datePublished\":\"2025-08-10T12:17:26+00:00\",\"dateModified\":\"2025-09-10T10:33:06+00:00\",\"description\":\"Her er forklaringen p\u00e5, at det betaler sig at udskifte vaskeriets gamle maskiner med Line 6000 fra Electrolux Professional\",\"breadcrumb\":{\"@id\":\"https:\/\/www.electroluxprofessional.com\/dk\/driftsbesparelser\/billigere-og-groennere\/#breadcrumb\"},\"inLanguage\":\"da-DK\",\"potentialAction\":[{\"@type\":\"ReadAction\",\"target\":[\"https:\/\/www.electroluxprofessional.com\/dk\/driftsbesparelser\/billigere-og-groennere\/\"]}]},{\"@type\":\"BreadcrumbList\",\"@id\":\"https:\/\/www.electroluxprofessional.com\/dk\/driftsbesparelser\/billigere-og-groennere\/#breadcrumb\",\"itemListElement\":[{\"@type\":\"ListItem\",\"position\":1,\"name\":\"Home\",\"item\":\"https:\/\/www.electroluxprofessional.com\/dk\/\"},{\"@type\":\"ListItem\",\"position\":2,\"name\":\"Driftsbesparelser\",\"item\":\"https:\/\/www.electroluxprofessional.com\/dk\/driftsbesparelser\/\"},{\"@type\":\"ListItem\",\"position\":3,\"name\":\"Billigere og gr\u00f8nnere med Line 6000\"}]},{\"@type\":\"WebSite\",\"@id\":\"https:\/\/www.electroluxprofessional.com\/dk\/#website\",\"url\":\"https:\/\/www.electroluxprofessional.com\/dk\/\",\"name\":\"Electrolux Professional Danmark\",\"description\":\"\",\"potentialAction\":[{\"@type\":\"SearchAction\",\"target\":{\"@type\":\"EntryPoint\",\"urlTemplate\":\"https:\/\/www.electroluxprofessional.com\/dk\/?src={search_term_string}\"},\"query-input\":\"required name=search_term_string\"}],\"inLanguage\":\"da-DK\"}]}<\/script>\n<!-- \/ Yoast SEO plugin. -->","yoast_head_json":{"title":"Vask gr\u00f8nnere med maskiner fra Electrolux Professional","description":"Her er forklaringen p\u00e5, at det betaler sig at udskifte vaskeriets gamle maskiner med Line 6000 fra Electrolux Professional","robots":{"index":"index","follow":"follow","max-snippet":"max-snippet:-1","max-image-preview":"max-image-preview:large","max-video-preview":"max-video-preview:-1"},"canonical":"https:\/\/www.electroluxprofessional.com\/dk\/driftsbesparelser\/billigere-og-groennere\/","og_locale":"da_DK","og_type":"article","og_title":"Vask gr\u00f8nnere med maskiner fra Electrolux Professional","og_description":"Her er forklaringen p\u00e5, at det betaler sig at udskifte vaskeriets gamle maskiner med Line 6000 fra Electrolux Professional","og_url":"https:\/\/www.electroluxprofessional.com\/dk\/driftsbesparelser\/billigere-og-groennere\/","og_site_name":"Electrolux Professional Danmark","article_modified_time":"2025-09-10T10:33:06+00:00","twitter_card":"summary_large_image","twitter_misc":{"Estimeret l\u00e6setid":"6 minutter"},"schema":{"@context":"https:\/\/schema.org","@graph":[{"@type":"WebPage","@id":"https:\/\/www.electroluxprofessional.com\/dk\/driftsbesparelser\/billigere-og-groennere\/","url":"https:\/\/www.electroluxprofessional.com\/dk\/driftsbesparelser\/billigere-og-groennere\/","name":"Vask gr\u00f8nnere med maskiner fra Electrolux Professional","isPartOf":{"@id":"https:\/\/www.electroluxprofessional.com\/dk\/#website"},"datePublished":"2025-08-10T12:17:26+00:00","dateModified":"2025-09-10T10:33:06+00:00","description":"Her er forklaringen p\u00e5, at det betaler sig at udskifte vaskeriets gamle maskiner med Line 6000 fra Electrolux Professional","breadcrumb":{"@id":"https:\/\/www.electroluxprofessional.com\/dk\/driftsbesparelser\/billigere-og-groennere\/#breadcrumb"},"inLanguage":"da-DK","potentialAction":[{"@type":"ReadAction","target":["https:\/\/www.electroluxprofessional.com\/dk\/driftsbesparelser\/billigere-og-groennere\/"]}]},{"@type":"BreadcrumbList","@id":"https:\/\/www.electroluxprofessional.com\/dk\/driftsbesparelser\/billigere-og-groennere\/#breadcrumb","itemListElement":[{"@type":"ListItem","position":1,"name":"Home","item":"https:\/\/www.electroluxprofessional.com\/dk\/"},{"@type":"ListItem","position":2,"name":"Driftsbesparelser","item":"https:\/\/www.electroluxprofessional.com\/dk\/driftsbesparelser\/"},{"@type":"ListItem","position":3,"name":"Billigere og gr\u00f8nnere med Line 6000"}]},{"@type":"WebSite","@id":"https:\/\/www.electroluxprofessional.com\/dk\/#website","url":"https:\/\/www.electroluxprofessional.com\/dk\/","name":"Electrolux Professional Danmark","description":"","potentialAction":[{"@type":"SearchAction","target":{"@type":"EntryPoint","urlTemplate":"https:\/\/www.electroluxprofessional.com\/dk\/?src={search_term_string}"},"query-input":"required name=search_term_string"}],"inLanguage":"da-DK"}]}},"_links":{"self":[{"href":"https:\/\/www.electroluxprofessional.com\/dk\/wp-json\/wp\/v2\/pages\/6163"}],"collection":[{"href":"https:\/\/www.electroluxprofessional.com\/dk\/wp-json\/wp\/v2\/pages"}],"about":[{"href":"https:\/\/www.electroluxprofessional.com\/dk\/wp-json\/wp\/v2\/types\/page"}],"author":[{"embeddable":true,"href":"https:\/\/www.electroluxprofessional.com\/dk\/wp-json\/wp\/v2\/users\/64"}],"replies":[{"embeddable":true,"href":"https:\/\/www.electroluxprofessional.com\/dk\/wp-json\/wp\/v2\/comments?post=6163"}],"version-history":[{"count":67,"href":"https:\/\/www.electroluxprofessional.com\/dk\/wp-json\/wp\/v2\/pages\/6163\/revisions"}],"predecessor-version":[{"id":30426,"href":"https:\/\/www.electroluxprofessional.com\/dk\/wp-json\/wp\/v2\/pages\/6163\/revisions\/30426"}],"up":[{"embeddable":true,"href":"https:\/\/www.electroluxprofessional.com\/dk\/wp-json\/wp\/v2\/pages\/6139"}],"wp:attachment":[{"href":"https:\/\/www.electroluxprofessional.com\/dk\/wp-json\/wp\/v2\/media?parent=6163"}],"curies":[{"name":"wp","href":"https:\/\/api.w.org\/{rel}","templated":true}]}}