{"id":6139,"date":"2022-06-09T09:32:55","date_gmt":"2022-06-09T09:32:55","guid":{"rendered":"https:\/\/www.electroluxprofessional.com\/dk\/?page_id=6139"},"modified":"2025-03-12T13:55:18","modified_gmt":"2025-03-12T13:55:18","slug":"driftsbesparelser","status":"publish","type":"page","link":"https:\/\/www.electroluxprofessional.com\/dk\/driftsbesparelser\/","title":{"rendered":"Driftsbesparelser"},"content":{"rendered":"<p>[vc_row css=&#8221;.vc_custom_1618925004261{background-color: #dadfe1 !important;}&#8221;][vc_column][vc_empty_space height=&#8221;50px&#8221;][elx_heading font_container=&#8221;h1&#8243; text_color=&#8221;electrolux-blue&#8221; text_align=&#8221;text-left&#8221; css=&#8221;.vc_custom_1528445224407{margin-top: 50px !important;margin-bottom: 50px !important;}&#8221;]Derfor opn\u00e5r du store driftsbesparelser[\/elx_heading][vc_empty_space height=&#8221;50px&#8221;][\/vc_column][\/vc_row][vc_row css=&#8221;.vc_custom_1618925018756{margin-top: 60px !important;}&#8221;][vc_column width=&#8221;1\/2&#8243;][vc_row_inner][vc_column_inner offset=&#8221;vc_hidden-xs&#8221;][vc_empty_space height=&#8221;20px&#8221;][\/vc_column_inner][\/vc_row_inner][vc_column_text css=&#8221;.vc_custom_1648795788778{margin-bottom: 30px !important;}&#8221; el_class=&#8221;p-16&#8243;]V\u00e6lger du vaskerimaskiner fra Electrolux Professional, kommer dine omkostninger til vand og str\u00f8m helt i bund. Og maskinernes robuste konstruktion giver h\u00f8j driftssikkerhed, lang levetid og lave omkostninger til vedligeholdelse.<\/p>\n<p>Milj\u00f8et nyder ogs\u00e5 godt af Electrolux Professionals energivenlige maskiner med k\u00e6mpe besparelser p\u00e5 vand og str\u00f8m \u2013 og dermed lavere CO<sub>2<\/sub>-udslip.[\/vc_column_text][vc_empty_space][elx_button button_text=&#8221;FIND DEN VASKERIL\u00d8SNING, DER PASSER TIL DIN BRANCHE&#8221; button_style=&#8221;default&#8221; button_display_block=&#8221;display_block_on&#8221; button_link=&#8221;url:https%3A%2F%2Fwww.electroluxprofessional.com%2Fdk%2Fvaskeriloesninger%2F|title:Vaskeril%C3%B8sninger|target:_blank&#8221; css=&#8221;.vc_custom_1654843212574{padding-right: 20px !important;padding-left: 20px !important;}&#8221;][\/vc_column][vc_column width=&#8221;1\/2&#8243;][vc_row_inner][vc_column_inner offset=&#8221;vc_hidden-lg vc_hidden-md vc_hidden-sm&#8221;][vc_empty_space height=&#8221;20px&#8221;][\/vc_column_inner][\/vc_row_inner][vc_empty_space height=&#8221;20px&#8221;][vc_single_image image=&#8221;6114&#8243; img_size=&#8221;full&#8221;][\/vc_column][\/vc_row][vc_row css=&#8221;.vc_custom_1618924921688{margin-top: 60px !important;}&#8221;][vc_column][vc_row_inner][vc_column_inner css=&#8221;.vc_custom_1577453924252{padding-bottom: 30px !important;background-color: #dadfe1 !important;}&#8221;][vc_column_text el_class=&#8221;p-16&#8243; css=&#8221;.vc_custom_1741787715126{padding-top: 30px !important;padding-left: 15px !important;}&#8221;]<strong><a style=\"color: #009abf;\" href=\"https:\/\/www.electroluxprofessional.com\/dk\/billigere-og-groennere\/\">DERFOR VASKER DU BILLIGERE OG GR\u00d8NNERE MED PROFESSIONELLE MASKINER FRA ELECTROLUX PROFESSIONAL &gt;<\/a><\/strong><\/p>\n<p><strong><a style=\"color: #009abf;\" href=\"https:\/\/www.electroluxprofessional.com\/dk\/reparere-gamle-maskiner\/\">HVORN\u00c5R BETALER DET SIG IKKE AT REPARERE DIN GAMLE MASKINE &gt;<\/a><\/strong><\/p>\n<p><strong><a style=\"color: #009abf;\" href=\"https:\/\/www.electroluxprofessional.com\/dk\/automatisk-saebedosering\/\">SPAR VASKEMIDDEL MED AUTOMATISK S\u00c6BEDOSERING &gt;<\/a><\/strong><\/p>\n<p><strong><a style=\"color: #009abf;\" href=\"https:\/\/www.electroluxprofessional.com\/dk\/driftsbesparelser\/levetidsomkostninger\/\">HVAD ER EN MASKINES LEVETIDSOMKOSTNINGER? &gt;<\/a><\/strong><\/p>\n<p><strong><a style=\"color: #009abf;\" href=\"https:\/\/www.electroluxprofessional.com\/dk\/driftsbesparelser\/regneeksempel\/\">SE REGNEEKSEMPEL &gt;<\/a><\/strong>[\/vc_column_text][\/vc_column_inner][\/vc_row_inner][\/vc_column][\/vc_row][vc_row][vc_column width=&#8221;1\/2&#8243;][vc_empty_space][\/vc_column][vc_column width=&#8221;1\/2&#8243;][\/vc_column][\/vc_row]<\/p>\n","protected":false},"excerpt":{"rendered":"<p>[vc_row css=&#8221;.vc_custom_1618925004261{background-color: #dadfe1 !important;}&#8221;][vc_column][vc_empty_space height=&#8221;50px&#8221;][elx_heading font_container=&#8221;h1&#8243; text_color=&#8221;electrolux-blue&#8221; text_align=&#8221;text-left&#8221; css=&#8221;.vc_custom_1528445224407{margin-top: 50px !important;margin-bottom: 50px !important;}&#8221;]Derfor opn\u00e5r du store driftsbesparelser[\/elx_heading][vc_empty_space height=&#8221;50px&#8221;][\/vc_column][\/vc_row][vc_row css=&#8221;.vc_custom_1618925018756{margin-top: 60px !important;}&#8221;][vc_column width=&#8221;1\/2&#8243;][vc_row_inner][vc_column_inner offset=&#8221;vc_hidden-xs&#8221;][vc_empty_space height=&#8221;20px&#8221;][\/vc_column_inner][\/vc_row_inner][vc_column_text css=&#8221;.vc_custom_1648795788778{margin-bottom: 30px !important;}&#8221; el_class=&#8221;p-16&#8243;]V\u00e6lger du vaskerimaskiner fra Electrolux Professional, kommer dine omkostninger til vand og str\u00f8m helt i bund. Og maskinernes robuste konstruktion giver h\u00f8j driftssikkerhed, lang levetid og lave omkostninger [&hellip;]<\/p>\n","protected":false},"author":64,"featured_media":0,"parent":0,"menu_order":0,"comment_status":"closed","ping_status":"closed","template":"","meta":{"footnotes":""},"class_list":["post-6139","page","type-page","status-publish","hentry"],"acf":[],"yoast_head":"<!-- This site is optimized with the Yoast SEO plugin v23.3 - https:\/\/yoast.com\/wordpress\/plugins\/seo\/ -->\n<title>Store driftsbesparelser med Line 6000 vaskerimaskiner<\/title>\n<meta name=\"description\" content=\"Opn\u00e5 driftsbesparelser der kan m\u00e6rkes. Vaskerimaskinerne fra Electrolux Professional er robust konstrueret. Det giver h\u00f8j driftssikkerhed, lang levetid og lave omkostninger til vedligeholdelse.\" \/>\n<meta name=\"robots\" content=\"index, follow, max-snippet:-1, max-image-preview:large, max-video-preview:-1\" \/>\n<link rel=\"canonical\" href=\"https:\/\/www.electroluxprofessional.com\/dk\/driftsbesparelser\/\" \/>\n<meta property=\"og:locale\" content=\"da_DK\" \/>\n<meta property=\"og:type\" content=\"article\" \/>\n<meta property=\"og:title\" content=\"Store driftsbesparelser med Line 6000 vaskerimaskiner\" \/>\n<meta property=\"og:description\" content=\"Opn\u00e5 driftsbesparelser der kan m\u00e6rkes. Vaskerimaskinerne fra Electrolux Professional er robust konstrueret. Det giver h\u00f8j driftssikkerhed, lang levetid og lave omkostninger til vedligeholdelse.\" \/>\n<meta property=\"og:url\" content=\"https:\/\/www.electroluxprofessional.com\/dk\/driftsbesparelser\/\" \/>\n<meta property=\"og:site_name\" content=\"Electrolux Professional Danmark\" \/>\n<meta property=\"article:modified_time\" content=\"2025-03-12T13:55:18+00:00\" \/>\n<meta name=\"twitter:card\" content=\"summary_large_image\" \/>\n<meta name=\"twitter:label1\" content=\"Estimeret l\u00e6setid\" \/>\n\t<meta name=\"twitter:data1\" content=\"2 minutter\" \/>\n<script type=\"application\/ld+json\" class=\"yoast-schema-graph\">{\"@context\":\"https:\/\/schema.org\",\"@graph\":[{\"@type\":\"WebPage\",\"@id\":\"https:\/\/www.electroluxprofessional.com\/dk\/driftsbesparelser\/\",\"url\":\"https:\/\/www.electroluxprofessional.com\/dk\/driftsbesparelser\/\",\"name\":\"Store driftsbesparelser med Line 6000 vaskerimaskiner\",\"isPartOf\":{\"@id\":\"https:\/\/www.electroluxprofessional.com\/dk\/#website\"},\"datePublished\":\"2022-06-09T09:32:55+00:00\",\"dateModified\":\"2025-03-12T13:55:18+00:00\",\"description\":\"Opn\u00e5 driftsbesparelser der kan m\u00e6rkes. Vaskerimaskinerne fra Electrolux Professional er robust konstrueret. Det giver h\u00f8j driftssikkerhed, lang levetid og lave omkostninger til vedligeholdelse.\",\"breadcrumb\":{\"@id\":\"https:\/\/www.electroluxprofessional.com\/dk\/driftsbesparelser\/#breadcrumb\"},\"inLanguage\":\"da-DK\",\"potentialAction\":[{\"@type\":\"ReadAction\",\"target\":[\"https:\/\/www.electroluxprofessional.com\/dk\/driftsbesparelser\/\"]}]},{\"@type\":\"BreadcrumbList\",\"@id\":\"https:\/\/www.electroluxprofessional.com\/dk\/driftsbesparelser\/#breadcrumb\",\"itemListElement\":[{\"@type\":\"ListItem\",\"position\":1,\"name\":\"Home\",\"item\":\"https:\/\/www.electroluxprofessional.com\/dk\/\"},{\"@type\":\"ListItem\",\"position\":2,\"name\":\"Driftsbesparelser\"}]},{\"@type\":\"WebSite\",\"@id\":\"https:\/\/www.electroluxprofessional.com\/dk\/#website\",\"url\":\"https:\/\/www.electroluxprofessional.com\/dk\/\",\"name\":\"Electrolux Professional Danmark\",\"description\":\"\",\"potentialAction\":[{\"@type\":\"SearchAction\",\"target\":{\"@type\":\"EntryPoint\",\"urlTemplate\":\"https:\/\/www.electroluxprofessional.com\/dk\/?src={search_term_string}\"},\"query-input\":\"required name=search_term_string\"}],\"inLanguage\":\"da-DK\"}]}<\/script>\n<!-- \/ Yoast SEO plugin. -->","yoast_head_json":{"title":"Store driftsbesparelser med Line 6000 vaskerimaskiner","description":"Opn\u00e5 driftsbesparelser der kan m\u00e6rkes. Vaskerimaskinerne fra Electrolux Professional er robust konstrueret. Det giver h\u00f8j driftssikkerhed, lang levetid og lave omkostninger til vedligeholdelse.","robots":{"index":"index","follow":"follow","max-snippet":"max-snippet:-1","max-image-preview":"max-image-preview:large","max-video-preview":"max-video-preview:-1"},"canonical":"https:\/\/www.electroluxprofessional.com\/dk\/driftsbesparelser\/","og_locale":"da_DK","og_type":"article","og_title":"Store driftsbesparelser med Line 6000 vaskerimaskiner","og_description":"Opn\u00e5 driftsbesparelser der kan m\u00e6rkes. Vaskerimaskinerne fra Electrolux Professional er robust konstrueret. Det giver h\u00f8j driftssikkerhed, lang levetid og lave omkostninger til vedligeholdelse.","og_url":"https:\/\/www.electroluxprofessional.com\/dk\/driftsbesparelser\/","og_site_name":"Electrolux Professional Danmark","article_modified_time":"2025-03-12T13:55:18+00:00","twitter_card":"summary_large_image","twitter_misc":{"Estimeret l\u00e6setid":"2 minutter"},"schema":{"@context":"https:\/\/schema.org","@graph":[{"@type":"WebPage","@id":"https:\/\/www.electroluxprofessional.com\/dk\/driftsbesparelser\/","url":"https:\/\/www.electroluxprofessional.com\/dk\/driftsbesparelser\/","name":"Store driftsbesparelser med Line 6000 vaskerimaskiner","isPartOf":{"@id":"https:\/\/www.electroluxprofessional.com\/dk\/#website"},"datePublished":"2022-06-09T09:32:55+00:00","dateModified":"2025-03-12T13:55:18+00:00","description":"Opn\u00e5 driftsbesparelser der kan m\u00e6rkes. Vaskerimaskinerne fra Electrolux Professional er robust konstrueret. Det giver h\u00f8j driftssikkerhed, lang levetid og lave omkostninger til vedligeholdelse.","breadcrumb":{"@id":"https:\/\/www.electroluxprofessional.com\/dk\/driftsbesparelser\/#breadcrumb"},"inLanguage":"da-DK","potentialAction":[{"@type":"ReadAction","target":["https:\/\/www.electroluxprofessional.com\/dk\/driftsbesparelser\/"]}]},{"@type":"BreadcrumbList","@id":"https:\/\/www.electroluxprofessional.com\/dk\/driftsbesparelser\/#breadcrumb","itemListElement":[{"@type":"ListItem","position":1,"name":"Home","item":"https:\/\/www.electroluxprofessional.com\/dk\/"},{"@type":"ListItem","position":2,"name":"Driftsbesparelser"}]},{"@type":"WebSite","@id":"https:\/\/www.electroluxprofessional.com\/dk\/#website","url":"https:\/\/www.electroluxprofessional.com\/dk\/","name":"Electrolux Professional Danmark","description":"","potentialAction":[{"@type":"SearchAction","target":{"@type":"EntryPoint","urlTemplate":"https:\/\/www.electroluxprofessional.com\/dk\/?src={search_term_string}"},"query-input":"required name=search_term_string"}],"inLanguage":"da-DK"}]}},"_links":{"self":[{"href":"https:\/\/www.electroluxprofessional.com\/dk\/wp-json\/wp\/v2\/pages\/6139"}],"collection":[{"href":"https:\/\/www.electroluxprofessional.com\/dk\/wp-json\/wp\/v2\/pages"}],"about":[{"href":"https:\/\/www.electroluxprofessional.com\/dk\/wp-json\/wp\/v2\/types\/page"}],"author":[{"embeddable":true,"href":"https:\/\/www.electroluxprofessional.com\/dk\/wp-json\/wp\/v2\/users\/64"}],"replies":[{"embeddable":true,"href":"https:\/\/www.electroluxprofessional.com\/dk\/wp-json\/wp\/v2\/comments?post=6139"}],"version-history":[{"count":30,"href":"https:\/\/www.electroluxprofessional.com\/dk\/wp-json\/wp\/v2\/pages\/6139\/revisions"}],"predecessor-version":[{"id":29334,"href":"https:\/\/www.electroluxprofessional.com\/dk\/wp-json\/wp\/v2\/pages\/6139\/revisions\/29334"}],"wp:attachment":[{"href":"https:\/\/www.electroluxprofessional.com\/dk\/wp-json\/wp\/v2\/media?parent=6139"}],"curies":[{"name":"wp","href":"https:\/\/api.w.org\/{rel}","templated":true}]}}