{"id":5707,"date":"2025-09-02T12:19:50","date_gmt":"2025-09-02T12:19:50","guid":{"rendered":"https:\/\/www.electroluxprofessional.com\/dk\/?page_id=5707"},"modified":"2025-09-03T13:45:41","modified_gmt":"2025-09-03T13:45:41","slug":"booking-og-vaskeristyring","status":"publish","type":"page","link":"https:\/\/www.electroluxprofessional.com\/dk\/booking-og-vaskeristyring\/","title":{"rendered":"Booking og vaskeristyring"},"content":{"rendered":"<p>[vc_row][vc_column width=&#8221;2\/3&#8243;][vc_empty_space][elx_heading font_container=&#8221;h1&#8243; text_color=&#8221;electrolux-blue&#8221; text_align=&#8221;text-left&#8221; css=&#8221;.vc_custom_1527755030861{margin-top: 50px !important;margin-bottom: 50px !important;}&#8221;]Booking og vaskeristyring[\/elx_heading][vc_empty_space][vc_column_text el_class=&#8221;p-16&#8243;]<strong>Med ELS Vision\u2122 f\u00e5r du markedets enkleste og mest brugervenlige digitale vaskeristyring. Administrator og vicev\u00e6rt kan oven i k\u00f8bet bruge systemet til at kommunikere med ejendommens beboere.<\/strong>[\/vc_column_text][\/vc_column][vc_column width=&#8221;1\/3&#8243; offset=&#8221;vc_hidden-sm vc_hidden-xs&#8221;][vc_empty_space][vc_single_image image=&#8221;5131&#8243; img_size=&#8221;80&#215;96&#8243; css_animation=&#8221;fadeInLeft&#8221; css=&#8221;.vc_custom_1527758357954{margin-top: 20px !important;}&#8221;][\/vc_column][vc_column css=&#8221;.vc_custom_1646742525744{margin-top: 60px !important;border-top-width: 1px !important;padding-top: 40px !important;border-top-color: #dadfe1 !important;border-top-style: solid !important;}&#8221;][vc_empty_space height=&#8221;10px&#8221;][\/vc_column][\/vc_row][vc_row][vc_column width=&#8221;2\/3&#8243;][vc_empty_space height=&#8221;40px&#8221;][vc_column_text css=&#8221;.vc_custom_1527754523779{margin-bottom: 30px !important;}&#8221; el_class=&#8221;p-16&#8243;]<\/p>\n<h4>Nemt og hurtigt at booke vasketid<\/h4>\n<p>Beboerne booker vasketid p\u00e5 en sk\u00e6rm i vaskeriet med en lille chipbrik, som er kodet med hver enkelt vaskeribrugers data. N\u00e5r vasketuren er slut, tr\u00e6kkes forbruget p\u00e5 huslejekontoen.<\/p>\n<h4>To-vejs kommunikation p\u00e5 kryds og tv\u00e6rs<\/h4>\n<p>Varmemester, beboere, administrator\/inspekt\u00f8r og bestyrelse kan sende individuelle beskeder eller samme information til alle beboere p\u00e5 \u00e9n gang. De ser beskederne p\u00e5 den store l\u00e6sevenlige sk\u00e6rm i vaskeriet \u2013 eller i en app p\u00e5 mobil, tablet eller PC. I slipper alts\u00e5 for mange e-mails, l\u00f8se breve og sedler p\u00e5 en opslagstavle.[\/vc_column_text][\/vc_column][vc_column width=&#8221;1\/3&#8243;][vc_row_inner][vc_column_inner offset=&#8221;vc_hidden-lg vc_hidden-md vc_hidden-sm&#8221;][vc_empty_space height=&#8221;80px&#8221;][\/vc_column_inner][\/vc_row_inner][vc_single_image image=&#8221;16990&#8243; img_size=&#8221;210&#215;374&#8243; alignment=&#8221;center&#8221; css=&#8221;.vc_custom_1598952552269{margin-top: -102px !important;}&#8221;][vc_column_text css=&#8221;.vc_custom_1598945257098{margin-top: -15px !important;margin-bottom: 20px !important;}&#8221;]<\/p>\n<h5>ELS Vision\u2122<br \/>\n\u2013 nu med touch sk\u00e6rm<\/h5>\n<p>[\/vc_column_text][\/vc_column][\/vc_row][vc_row disable_element=&#8221;yes&#8221;][vc_column width=&#8221;2\/3&#8243;][vc_column_text css=&#8221;.vc_custom_1527754523779{margin-bottom: 30px !important;}&#8221; el_class=&#8221;p-16&#8243;]<\/p>\n<h4>Nemt og hurtigt at booke vasketid<\/h4>\n<p>Beboerne booker vasketid p\u00e5 en sk\u00e6rm i vaskeriet med en lille chipbrik, som er kodet med hver enkelt vaskeribrugers data. N\u00e5r vasketuren er slut, tr\u00e6kkes forbruget p\u00e5 huslejekontoen.<\/p>\n<h4>To-vejs kommunikation p\u00e5 kryds og tv\u00e6rs<\/h4>\n<p>Varmemester, beboere, administrator\/inspekt\u00f8r og bestyrelse kan sende individuelle beskeder eller samme information til alle beboere p\u00e5 \u00e9n gang. De ser beskederne p\u00e5 den store l\u00e6sevenlige sk\u00e6rm i vaskeriet \u2013 eller i en app p\u00e5 mobil, tablet eller PC. I slipper alts\u00e5 for mange e-mails, l\u00f8se breve og sedler p\u00e5 en opslagstavle.[\/vc_column_text][vc_empty_space height=&#8221;20px&#8221;][elx_button button_text=&#8221;SE DEMOVIDEO \u203a&#8221; button_link=&#8221;url:https%3A%2F%2Fwww.youtube.com%2Fwatch%3Fv%3D2DeF8cCMp5U%26feature%3Dyoutu.be|title:Se%20video%20om%20ELS%20Vision||&#8221;][vc_empty_space height=&#8221;40px&#8221;][\/vc_column][vc_column width=&#8221;1\/3&#8243;][vc_row_inner][vc_column_inner offset=&#8221;vc_hidden-lg vc_hidden-md vc_hidden-sm&#8221;][vc_empty_space height=&#8221;20px&#8221;][\/vc_column_inner][\/vc_row_inner][vc_single_image image=&#8221;16990&#8243; img_size=&#8221;210&#215;374&#8243; alignment=&#8221;center&#8221; css=&#8221;.vc_custom_1598952552269{margin-top: -102px !important;}&#8221;][vc_empty_space height=&#8221;40px&#8221;][\/vc_column][\/vc_row][vc_row css=&#8221;.vc_custom_1607436990410{margin-top: 40px !important;}&#8221;][vc_column width=&#8221;2\/3&#8243;][vc_row_inner el_class=&#8221;bag&#8221;][vc_column_inner css=&#8221;.vc_custom_1577452875229{padding-top: 20px !important;padding-right: 20px !important;padding-bottom: 80px !important;padding-left: 20px !important;background-color: #dadfe1 !important;}&#8221;][vc_column_text el_class=&#8221;p-16&#8243; css=&#8221;.vc_custom_1529572601894{padding-top: 45px !important;padding-right: 20px !important;padding-bottom: 20px !important;padding-left: 20px !important;}&#8221;]<\/p>\n<h4>Tilvalg til ELS Vision\u2122:<\/h4>\n<p>[\/vc_column_text][vc_column_text el_class=&#8221;p-16&#8243; css=&#8221;.vc_custom_1529572532526{margin-top: 10px !important;padding-right: 20px !important;padding-left: 20px !important;}&#8221;]<strong>Webbooking og app<\/strong>: Med webbooking modulet eller Vision app\u2019en kan beboerne bestille nye vasketider hjemmefra, f\u00e5 besked, n\u00e5r vasken er f\u00e6rdig \u2013 og se, hvor meget de har vasket for. De kan ogs\u00e5 modtage information (individuelle eller f\u00e6lles beskeder) fra varmemester, bestyrelse og administrator.<\/p>\n<p><strong>Adgangskontrol:<\/strong> Til hovedd\u00f8r, vaskeri, cykelk\u00e6lder, festlokale og andre f\u00e6llesrum.<\/p>\n<p><strong>Driftsoverv\u00e5gning<\/strong>: Fx statistik med log-information, fejlkoder etc.[\/vc_column_text][\/vc_column_inner][\/vc_row_inner][\/vc_column][vc_column width=&#8221;1\/3&#8243;][vc_single_image image=&#8221;5847&#8243; img_size=&#8221;full&#8221; onclick=&#8221;custom_link&#8221;][\/vc_column][\/vc_row][vc_row][vc_column width=&#8221;2\/3&#8243; offset=&#8221;vc_hidden-xs&#8221;][vc_empty_space height=&#8221;110px&#8221;][vc_row_inner][vc_column_inner width=&#8221;1\/12&#8243;][vc_empty_space][\/vc_column_inner][vc_column_inner width=&#8221;5\/6&#8243;][vc_column_text]<\/p>\n<p style=\"text-align: center;\"><a class=\"button\" style=\"text-decoration: none;\" href=\"https:\/\/www.electroluxprofessional.com\/dk\/kontakt\/\">H\u00d8R MERE OM ELS-VISION<sup>TM<\/sup> ELLER F\u00c5 ET TILBUD<\/a><\/p>\n<p>[\/vc_column_text][vc_column_text css_animation=&#8221;slideInDown&#8221; el_class=&#8221;p-16&#8243; css=&#8221;.vc_custom_1756907108770{margin-bottom: 20px !important;}&#8221;]<\/p>\n<p style=\"text-align: center;\">Har du sp\u00f8rgsm\u00e5l, <strong><a href=\"https:\/\/www.electroluxprofessional.com\/dk\/kontakt\/\">s\u00e5 klik her<\/a><\/strong> eller ring til os p\u00e5 tlf. <strong>63 76 22 20<\/strong>.<\/p>\n<p>[\/vc_column_text][\/vc_column_inner][vc_column_inner width=&#8221;1\/12&#8243;][vc_empty_space][\/vc_column_inner][\/vc_row_inner][vc_empty_space height=&#8221;60px&#8221;][\/vc_column][vc_column width=&#8221;1\/3&#8243; offset=&#8221;vc_hidden-xs&#8221;][vc_empty_space][vc_row_inner][vc_column_inner width=&#8221;1\/2&#8243;][vc_single_image image=&#8221;5790&#8243; img_size=&#8221;full&#8221; alignment=&#8221;right&#8221;][\/vc_column_inner][vc_column_inner width=&#8221;1\/2&#8243; css=&#8221;.vc_custom_1527772889197{padding-top: 20px !important;}&#8221;][vc_column_text css_animation=&#8221;bounceIn&#8221; el_class=&#8221;p-16&#8243; css=&#8221;.vc_custom_1583486174612{padding-top: 40px !important;}&#8221;]<a href=\"https:\/\/www.electroluxprofessional.com\/dk\/vision-app\/\">S\u00e5dan downloader du ELS Vision app p\u00e5 iPhone og Android \u203a<\/a>[\/vc_column_text][\/vc_column_inner][\/vc_row_inner][vc_empty_space][\/vc_column][\/vc_row][vc_row][vc_column width=&#8221;2\/3&#8243; offset=&#8221;vc_hidden-lg vc_hidden-md vc_hidden-sm&#8221;][vc_empty_space][vc_column_text]<\/p>\n<p style=\"text-align: center;\"><a class=\"button\" style=\"text-decoration: none;\" href=\"https:\/\/www.electroluxprofessional.com\/dk\/kontakt\/\">H\u00d8R MERE OM ELS-VISION<sup>TM<\/sup> ELLER F\u00c5 ET TILBUD<\/a><\/p>\n<p>[\/vc_column_text][vc_column_text css_animation=&#8221;slideInDown&#8221; el_class=&#8221;p-16&#8243; css=&#8221;.vc_custom_1756907099926{margin-bottom: 20px !important;}&#8221;]<\/p>\n<p style=\"text-align: center;\">Har du sp\u00f8rgsm\u00e5l, <strong><a href=\"https:\/\/www.electroluxprofessional.com\/dk\/kontakt\/\">s\u00e5 klik her<\/a><\/strong> eller ring til os p\u00e5 tlf. <strong>63 76 22 20<\/strong>.<\/p>\n<p>[\/vc_column_text][\/vc_column][vc_column width=&#8221;1\/3&#8243; offset=&#8221;vc_hidden-lg vc_hidden-md vc_hidden-sm&#8221;][vc_row_inner][vc_column_inner width=&#8221;2\/3&#8243;][vc_single_image image=&#8221;5790&#8243; img_size=&#8221;full&#8221;][\/vc_column_inner][vc_column_inner width=&#8221;1\/3&#8243;][\/vc_column_inner][\/vc_row_inner][\/vc_column][\/vc_row][vc_row gap=&#8221;20&#8243; css=&#8221;.vc_custom_1607436911747{margin-right: 0px !important;margin-bottom: 40px !important;margin-left: 0px !important;padding-top: 0px !important;padding-right: 0px !important;padding-left: 0px !important;}&#8221;][vc_column reveal_effect=&#8221;&#8221; width=&#8221;2\/3&#8243; css=&#8221;.vc_custom_1525176649356{margin-right: 0px !important;border-right-width: 0px !important;padding-right: 0px !important;padding-bottom: 0px !important;padding-left: 20px !important;border-right-color: #ffffff !important;}&#8221;][elx_heading font_container=&#8221;h4&#8243; font_size=&#8221;h4&#8243; text_color=&#8221;electrolux-blue&#8221; text_align=&#8221;text-left&#8221; css=&#8221;.vc_custom_1599039222122{margin-top: 0px !important;padding-top: 0px !important;padding-right: 0px !important;}&#8221;]Se hvad andre siger om Electrolux Professionals bookingsystem[\/elx_heading][vc_row_inner gap=&#8221;20&#8243; css=&#8221;.vc_custom_1527837805939{margin-top: -25px !important;margin-right: 0px !important;border-right-width: 0px !important;padding-right: 0px !important;padding-left: 0px !important;border-right-color: #ffffff !important;}&#8221;][vc_column_inner width=&#8221;1\/2&#8243; css=&#8221;.vc_custom_1525174051954{margin-right: 0px !important;margin-left: 0px !important;padding-right: 0px !important;padding-left: 10px !important;}&#8221;][elx_video_block background_image=&#8221;5791&#8243; video_link=&#8221;https:\/\/www.youtube.com\/watch?v=yHOqy19TZTc&#8221; minimum_height=&#8221;180px&#8221;][vc_column_text el_class=&#8221;p-16&#8243; css=&#8221;.vc_custom_1528794714290{margin-top: 10px !important;}&#8221;]\u201dVi kan informere en enkelt beboer, om at der kommer en h\u00e5ndv\u00e6rker i hans lejlighed.\u201d<br \/>\n<a href=\"https:\/\/www.electroluxprofessional.com\/dk\/vision-gronningen\/\">Se videointerview med bestyrelsesformand<\/a>[\/vc_column_text][\/vc_column_inner][vc_column_inner width=&#8221;1\/2&#8243; css=&#8221;.vc_custom_1525174037166{margin-right: 0px !important;margin-left: 0px !important;border-right-width: 0px !important;padding-right: 0px !important;padding-left: 10px !important;}&#8221;][vc_single_image image=&#8221;5807&#8243; img_size=&#8221;359&#215;182&#8243; alignment=&#8221;center&#8221; onclick=&#8221;custom_link&#8221; css=&#8221;.vc_custom_1528901433177{margin-top: 0px !important;margin-right: 0px !important;margin-bottom: 0px !important;margin-left: 0px !important;padding-right: 0px !important;padding-left: 0px !important;}&#8221; link=&#8221;https:\/\/www.electroluxprofessional.com\/dk\/vivabolig-aalborg\/&#8221;][vc_column_text el_class=&#8221;p-16&#8243; css=&#8221;.vc_custom_1528901421114{margin-top: 13px !important;}&#8221;]\u201dSystemet er simpelt hen s\u00e5 brugervenligt.\u201d<\/p>\n<p><a href=\"https:\/\/www.electroluxprofessional.com\/dk\/vivabolig-aalborg\/\">Se interview med teamleder i boligforening<\/a>[\/vc_column_text][\/vc_column_inner][\/vc_row_inner][\/vc_column][vc_column reveal_effect=&#8221;&#8221; width=&#8221;1\/3&#8243; css=&#8221;.vc_custom_1607438937740{margin-top: 95px !important;border-top-width: 1px !important;border-right-width: 1px !important;border-bottom-width: 1px !important;border-left-width: 1px !important;padding-top: 30px !important;padding-right: 10px !important;padding-bottom: 20px !important;padding-left: 15px !important;border-left-color: #cea941 !important;border-left-style: solid !important;border-right-color: #cea941 !important;border-right-style: solid !important;border-top-color: #cea941 !important;border-top-style: solid !important;border-bottom-color: #cea941 !important;border-bottom-style: solid !important;}&#8221;][vc_column_text css=&#8221;.vc_custom_1525173150554{margin-top: 20px !important;margin-right: 10px !important;margin-bottom: 10px !important;margin-left: 10px !important;}&#8221;]<\/p>\n<h4 class=\"widget-title\">Hold dig ajour p\u00e5 vaskerifronten<\/h4>\n<p>[\/vc_column_text][vc_column_text css_animation=&#8221;none&#8221; el_class=&#8221;p-16&#8243; css=&#8221;.vc_custom_1525171600178{margin-right: 10px !important;margin-bottom: 20px !important;margin-left: 10px !important;}&#8221;]F\u00e5 e-mails med nyheder, tilbud, konkurrencer, tips og gode r\u00e5d om professionelle vaskeril\u00f8sninger fra Electrolux Professional.[\/vc_column_text][elx_o2000_mailchimp_form language=&#8221;dk&#8221; listid=&#8221;eed2270662&#8243;][\/vc_column][\/vc_row]<\/p>\n","protected":false},"excerpt":{"rendered":"<p>[vc_row][vc_column width=&#8221;2\/3&#8243;][vc_empty_space][elx_heading font_container=&#8221;h1&#8243; text_color=&#8221;electrolux-blue&#8221; text_align=&#8221;text-left&#8221; css=&#8221;.vc_custom_1527755030861{margin-top: 50px !important;margin-bottom: 50px !important;}&#8221;]Booking og vaskeristyring[\/elx_heading][vc_empty_space][vc_column_text el_class=&#8221;p-16&#8243;]Med ELS Vision\u2122 f\u00e5r du markedets enkleste og mest brugervenlige digitale vaskeristyring. Administrator og vicev\u00e6rt kan oven i k\u00f8bet bruge systemet til at kommunikere med ejendommens beboere.[\/vc_column_text][\/vc_column][vc_column width=&#8221;1\/3&#8243; offset=&#8221;vc_hidden-sm vc_hidden-xs&#8221;][vc_empty_space][vc_single_image image=&#8221;5131&#8243; img_size=&#8221;80&#215;96&#8243; css_animation=&#8221;fadeInLeft&#8221; css=&#8221;.vc_custom_1527758357954{margin-top: 20px !important;}&#8221;][\/vc_column][vc_column css=&#8221;.vc_custom_1646742525744{margin-top: 60px !important;border-top-width: 1px !important;padding-top: 40px !important;border-top-color: [&hellip;]<\/p>\n","protected":false},"author":64,"featured_media":0,"parent":0,"menu_order":0,"comment_status":"closed","ping_status":"closed","template":"","meta":{"footnotes":""},"class_list":["post-5707","page","type-page","status-publish","hentry"],"acf":[],"yoast_head":"<!-- This site is optimized with the Yoast SEO plugin v23.3 - https:\/\/yoast.com\/wordpress\/plugins\/seo\/ -->\n<title>Med ELS Vision f\u00e5r du markedets mest brugervenlige vaskeristyring<\/title>\n<meta name=\"description\" content=\"Udover vaskeristyring og booking af vasketure, kan varmemester, beboere, administrator\/inspekt\u00f8r og bestyrelse kan sende individuelle beskeder eller samme information til alle beboere p\u00e5 \u00e9n gang.\" \/>\n<meta name=\"robots\" content=\"index, follow, max-snippet:-1, max-image-preview:large, max-video-preview:-1\" \/>\n<link rel=\"canonical\" href=\"https:\/\/www.electroluxprofessional.com\/dk\/booking-og-vaskeristyring\/\" \/>\n<meta property=\"og:locale\" content=\"da_DK\" \/>\n<meta property=\"og:type\" content=\"article\" \/>\n<meta property=\"og:title\" content=\"Med ELS Vision f\u00e5r du markedets mest brugervenlige vaskeristyring\" \/>\n<meta property=\"og:description\" content=\"Udover vaskeristyring og booking af vasketure, kan varmemester, beboere, administrator\/inspekt\u00f8r og bestyrelse kan sende individuelle beskeder eller samme information til alle beboere p\u00e5 \u00e9n gang.\" \/>\n<meta property=\"og:url\" content=\"https:\/\/www.electroluxprofessional.com\/dk\/booking-og-vaskeristyring\/\" \/>\n<meta property=\"og:site_name\" content=\"Electrolux Professional Danmark\" \/>\n<meta property=\"article:modified_time\" content=\"2025-09-03T13:45:41+00:00\" \/>\n<meta name=\"twitter:card\" content=\"summary_large_image\" \/>\n<meta name=\"twitter:label1\" content=\"Estimeret l\u00e6setid\" \/>\n\t<meta name=\"twitter:data1\" content=\"4 minutter\" \/>\n<script type=\"application\/ld+json\" class=\"yoast-schema-graph\">{\"@context\":\"https:\/\/schema.org\",\"@graph\":[{\"@type\":\"WebPage\",\"@id\":\"https:\/\/www.electroluxprofessional.com\/dk\/booking-og-vaskeristyring\/\",\"url\":\"https:\/\/www.electroluxprofessional.com\/dk\/booking-og-vaskeristyring\/\",\"name\":\"Med ELS Vision f\u00e5r du markedets mest brugervenlige vaskeristyring\",\"isPartOf\":{\"@id\":\"https:\/\/www.electroluxprofessional.com\/dk\/#website\"},\"datePublished\":\"2025-09-02T12:19:50+00:00\",\"dateModified\":\"2025-09-03T13:45:41+00:00\",\"description\":\"Udover vaskeristyring og booking af vasketure, kan varmemester, beboere, administrator\/inspekt\u00f8r og bestyrelse kan sende individuelle beskeder eller samme information til alle beboere p\u00e5 \u00e9n gang.\",\"breadcrumb\":{\"@id\":\"https:\/\/www.electroluxprofessional.com\/dk\/booking-og-vaskeristyring\/#breadcrumb\"},\"inLanguage\":\"da-DK\",\"potentialAction\":[{\"@type\":\"ReadAction\",\"target\":[\"https:\/\/www.electroluxprofessional.com\/dk\/booking-og-vaskeristyring\/\"]}]},{\"@type\":\"BreadcrumbList\",\"@id\":\"https:\/\/www.electroluxprofessional.com\/dk\/booking-og-vaskeristyring\/#breadcrumb\",\"itemListElement\":[{\"@type\":\"ListItem\",\"position\":1,\"name\":\"Home\",\"item\":\"https:\/\/www.electroluxprofessional.com\/dk\/\"},{\"@type\":\"ListItem\",\"position\":2,\"name\":\"Booking og vaskeristyring\"}]},{\"@type\":\"WebSite\",\"@id\":\"https:\/\/www.electroluxprofessional.com\/dk\/#website\",\"url\":\"https:\/\/www.electroluxprofessional.com\/dk\/\",\"name\":\"Electrolux Professional Danmark\",\"description\":\"\",\"potentialAction\":[{\"@type\":\"SearchAction\",\"target\":{\"@type\":\"EntryPoint\",\"urlTemplate\":\"https:\/\/www.electroluxprofessional.com\/dk\/?src={search_term_string}\"},\"query-input\":\"required name=search_term_string\"}],\"inLanguage\":\"da-DK\"}]}<\/script>\n<!-- \/ Yoast SEO plugin. -->","yoast_head_json":{"title":"Med ELS Vision f\u00e5r du markedets mest brugervenlige vaskeristyring","description":"Udover vaskeristyring og booking af vasketure, kan varmemester, beboere, administrator\/inspekt\u00f8r og bestyrelse kan sende individuelle beskeder eller samme information til alle beboere p\u00e5 \u00e9n gang.","robots":{"index":"index","follow":"follow","max-snippet":"max-snippet:-1","max-image-preview":"max-image-preview:large","max-video-preview":"max-video-preview:-1"},"canonical":"https:\/\/www.electroluxprofessional.com\/dk\/booking-og-vaskeristyring\/","og_locale":"da_DK","og_type":"article","og_title":"Med ELS Vision f\u00e5r du markedets mest brugervenlige vaskeristyring","og_description":"Udover vaskeristyring og booking af vasketure, kan varmemester, beboere, administrator\/inspekt\u00f8r og bestyrelse kan sende individuelle beskeder eller samme information til alle beboere p\u00e5 \u00e9n gang.","og_url":"https:\/\/www.electroluxprofessional.com\/dk\/booking-og-vaskeristyring\/","og_site_name":"Electrolux Professional Danmark","article_modified_time":"2025-09-03T13:45:41+00:00","twitter_card":"summary_large_image","twitter_misc":{"Estimeret l\u00e6setid":"4 minutter"},"schema":{"@context":"https:\/\/schema.org","@graph":[{"@type":"WebPage","@id":"https:\/\/www.electroluxprofessional.com\/dk\/booking-og-vaskeristyring\/","url":"https:\/\/www.electroluxprofessional.com\/dk\/booking-og-vaskeristyring\/","name":"Med ELS Vision f\u00e5r du markedets mest brugervenlige vaskeristyring","isPartOf":{"@id":"https:\/\/www.electroluxprofessional.com\/dk\/#website"},"datePublished":"2025-09-02T12:19:50+00:00","dateModified":"2025-09-03T13:45:41+00:00","description":"Udover vaskeristyring og booking af vasketure, kan varmemester, beboere, administrator\/inspekt\u00f8r og bestyrelse kan sende individuelle beskeder eller samme information til alle beboere p\u00e5 \u00e9n gang.","breadcrumb":{"@id":"https:\/\/www.electroluxprofessional.com\/dk\/booking-og-vaskeristyring\/#breadcrumb"},"inLanguage":"da-DK","potentialAction":[{"@type":"ReadAction","target":["https:\/\/www.electroluxprofessional.com\/dk\/booking-og-vaskeristyring\/"]}]},{"@type":"BreadcrumbList","@id":"https:\/\/www.electroluxprofessional.com\/dk\/booking-og-vaskeristyring\/#breadcrumb","itemListElement":[{"@type":"ListItem","position":1,"name":"Home","item":"https:\/\/www.electroluxprofessional.com\/dk\/"},{"@type":"ListItem","position":2,"name":"Booking og vaskeristyring"}]},{"@type":"WebSite","@id":"https:\/\/www.electroluxprofessional.com\/dk\/#website","url":"https:\/\/www.electroluxprofessional.com\/dk\/","name":"Electrolux Professional Danmark","description":"","potentialAction":[{"@type":"SearchAction","target":{"@type":"EntryPoint","urlTemplate":"https:\/\/www.electroluxprofessional.com\/dk\/?src={search_term_string}"},"query-input":"required name=search_term_string"}],"inLanguage":"da-DK"}]}},"_links":{"self":[{"href":"https:\/\/www.electroluxprofessional.com\/dk\/wp-json\/wp\/v2\/pages\/5707"}],"collection":[{"href":"https:\/\/www.electroluxprofessional.com\/dk\/wp-json\/wp\/v2\/pages"}],"about":[{"href":"https:\/\/www.electroluxprofessional.com\/dk\/wp-json\/wp\/v2\/types\/page"}],"author":[{"embeddable":true,"href":"https:\/\/www.electroluxprofessional.com\/dk\/wp-json\/wp\/v2\/users\/64"}],"replies":[{"embeddable":true,"href":"https:\/\/www.electroluxprofessional.com\/dk\/wp-json\/wp\/v2\/comments?post=5707"}],"version-history":[{"count":127,"href":"https:\/\/www.electroluxprofessional.com\/dk\/wp-json\/wp\/v2\/pages\/5707\/revisions"}],"predecessor-version":[{"id":30357,"href":"https:\/\/www.electroluxprofessional.com\/dk\/wp-json\/wp\/v2\/pages\/5707\/revisions\/30357"}],"wp:attachment":[{"href":"https:\/\/www.electroluxprofessional.com\/dk\/wp-json\/wp\/v2\/media?parent=5707"}],"curies":[{"name":"wp","href":"https:\/\/api.w.org\/{rel}","templated":true}]}}