{"id":5468,"date":"2025-08-17T10:16:38","date_gmt":"2025-08-17T10:16:38","guid":{"rendered":"https:\/\/www.electroluxprofessional.com\/dk\/?page_id=5468"},"modified":"2025-11-05T18:29:26","modified_gmt":"2025-11-05T18:29:26","slug":"faellesvaskeri","status":"publish","type":"page","link":"https:\/\/www.electroluxprofessional.com\/dk\/faellesvaskeri\/","title":{"rendered":"Boligforening"},"content":{"rendered":"<p>[vc_row full_width=&#8221;electroluxpro-full-width-no-padding&#8221;][vc_column][elx_hero_slider label_text_color=&#8221;inherit&#8221; images=&#8221;19076&#8243;][elx_heading font_size=&#8221;h2&#8243; text_color=&#8221;inherit&#8221;]Boligforening &#8211; f\u00e6llesvaskeri[\/elx_heading][vc_column_text css=&#8221;.vc_custom_1644417812924{margin-bottom: -5px !important;}&#8221; el_class=&#8221;p-16&#8243;]Med Electrolux Professional f\u00e5r I et driftssikkert f\u00e6llesvaskeri, der vasker beboernes t\u00f8j effektivt de n\u00e6ste mange \u00e5r.[\/vc_column_text][\/elx_hero_slider][\/vc_column][\/vc_row][vc_row css=&#8221;.vc_custom_1581504494692{margin-top: 60px !important;}&#8221;][vc_column][elx_heading font_container=&#8221;h1&#8243; font_size=&#8221;h1&#8243; text_color=&#8221;electrolux-blue&#8221; text_align=&#8221;text-left&#8221; css=&#8221;.vc_custom_1581500005932{margin-top: 50px !important;margin-bottom: 50px !important;}&#8221;]<strong>F\u00e5 det bedste f\u00e6llesvaskeri \u2013 for alle parter<\/strong>[\/elx_heading][vc_row_inner][vc_column_inner offset=&#8221;vc_hidden-xs&#8221;][vc_empty_space][\/vc_column_inner][\/vc_row_inner][vc_row_inner full_width=&#8221;electroluxpro-container-no-padding&#8221; css=&#8221;.vc_custom_1644418973234{margin-top: 20px !important;}&#8221;][vc_column_inner width=&#8221;2\/3&#8243;][vc_column_text el_class=&#8221;p-16&#8243;]Med <em>Line 6000 Compass Pro<\/em> fra Electrolux Professional i din boligforeningen f\u00e5r I maskiner, som er designet specielt til f\u00e6llesvaskerier. Derfor er alle glade: Beboere, varmemester, inspekt\u00f8r og bestyrelse.[\/vc_column_text][\/vc_column_inner][vc_column_inner width=&#8221;1\/3&#8243; offset=&#8221;vc_hidden-lg vc_hidden-md vc_hidden-sm&#8221; css=&#8221;.vc_custom_1644419230324{margin-top: 32px !important;}&#8221;][vc_single_image image=&#8221;23270&#8243; img_size=&#8221;full&#8221;][\/vc_column_inner][\/vc_row_inner][\/vc_column][\/vc_row][vc_row css=&#8221;.vc_custom_1644419053662{margin-top: 40px !important;}&#8221;][vc_column width=&#8221;7\/12&#8243;][vc_column_text css=&#8221;.vc_custom_1644416451013{margin-bottom: 30px !important;}&#8221;]<\/p>\n<h2>Jeres fordele ved et f\u00e6llesvaskeri<br \/>\nfra Electrolux Professional:<\/h2>\n<p>[\/vc_column_text][elx_step number=&#8221;1&#8243; title=&#8221;<strong>Beboerne<\/strong> kan booke vasketider og vaske deres t\u00f8j nemt og billigt.<br \/>\nDe starter maskinen i tre enkle step med programv\u00e6lgeren Compass Pro.&#8221; extra_class=&#8221;p-16-lineh&#8221;][elx_step number=&#8221;2&#8243; title=&#8221;<strong>Varmemester, inspekt\u00f8r og bestyrelse<\/strong> f\u00e5r et vaskeri, der k\u00f8rer af sig selv<br \/>\n\u2013 med et minimum af vedligeholdelse og besv\u00e6r.&#8221; extra_class=&#8221;p-16-lineh&#8221;][elx_step number=&#8221;3&#8243; title=&#8221;<strong>Din boligforening<\/strong> f\u00e5r maskiner, som bruger et minimum af vand og str\u00f8m.<br \/>\nDerfor sparer I mange penge p\u00e5 driftsbudgettet.&#8221; extra_class=&#8221;p-16-lineh&#8221;][vc_empty_space height=&#8221;30px&#8221;][elx_button button_text=&#8221;Beregn besparelser i dit vaskeri&#8221; button_style=&#8221;default&#8221; button_display_block=&#8221;display_block_on&#8221; button_link=&#8221;url:https%3A%2F%2Fwww.electroluxprofessional.com%2Fdk%2Fgaranti-for-driftsbesparelser%2F%23calculator|title:Beregn%20besparelser%20i%20dit%20vaskeri|target:%20_blank|&#8221; css=&#8221;.vc_custom_1644415353269{padding-right: 60px !important;padding-left: 60px !important;}&#8221;][\/vc_column][vc_column width=&#8221;5\/12&#8243;][vc_row_inner full_width=&#8221;electroluxpro-container-no-padding&#8221;][vc_column_inner offset=&#8221;vc_hidden-xs&#8221;][vc_single_image image=&#8221;23270&#8243; img_size=&#8221;full&#8221;][\/vc_column_inner][\/vc_row_inner][vc_row_inner full_width=&#8221;electroluxpro-container-no-padding&#8221; css=&#8221;.vc_custom_1644418073578{margin-top: 30px !important;padding-top: 15px !important;padding-right: 30px !important;padding-bottom: 15px !important;padding-left: 30px !important;background-color: #14133b !important;}&#8221;][vc_column_inner][vc_column_text css=&#8221;.vc_custom_1619166328653{background-color: #041e41 !important;}&#8221; el_class=&#8221;p-16-white&#8221;]<\/p>\n<h6>H\u00f8r andre boligforeningers erfaringer med deres f\u00e6llesvaskeri<\/h6>\n<p>[\/vc_column_text][elx_button button_text=&#8221;Se videointerviews&#8221; button_style=&#8221;icon&#8221; button_display_block=&#8221;display_block_on&#8221; button_link=&#8221;url:https%3A%2F%2Fwww.electroluxprofessional.com%2Fdk%2Ffaellesvaskeri%2F%23cases|||&#8221;][\/vc_column_inner][\/vc_row_inner][\/vc_column][\/vc_row][vc_row css=&#8221;.vc_custom_1644419400702{margin-top: 32px !important;margin-bottom: 40px !important;}&#8221;][vc_column reveal_effect=&#8221;&#8221; css=&#8221;.vc_custom_1644419365357{margin-top: 60px !important;border-top-width: 1px !important;padding-top: 20px !important;border-top-color: #dadfe1 !important;border-top-style: solid !important;}&#8221; offset=&#8221;vc_hidden-xs&#8221;][vc_empty_space height=&#8221;20px&#8221;][\/vc_column][\/vc_row][vc_row][vc_column width=&#8221;1\/2&#8243; offset=&#8221;vc_hidden-xs&#8221;][vc_single_image image=&#8221;19906&#8243; img_size=&#8221;full&#8221;][\/vc_column][vc_column reveal_effect=&#8221;&#8221; width=&#8221;5\/12&#8243; offset=&#8221;vc_hidden-xs&#8221;][vc_column_text el_class=&#8221;p-16&#8243;]<\/p>\n<h2>Drej \u2013 klik \u2013 tryk!<\/h2>\n<p>Med programv\u00e6lgeren Compass Pro starter du maskinen i tre enkle step:\u00a0<b>Drej \u2013 klik \u2013 tryk! <\/b><\/p>\n<p>N\u00e5r I k\u00f8ber maskinen, kan I v\u00e6lge mellem 55 forskellige programmer. Og displayet kan \u201ctale\u201d 18 forskellige sprog.[\/vc_column_text][\/vc_column][vc_column width=&#8221;1\/12&#8243;][\/vc_column][\/vc_row][vc_row css=&#8221;.vc_custom_1644419687071{margin-top: -50px !important;}&#8221;][vc_column width=&#8221;1\/2&#8243; offset=&#8221;vc_hidden-lg vc_hidden-md vc_hidden-sm&#8221;][vc_column_text el_class=&#8221;p-16&#8243;]<\/p>\n<h2>Drej \u2013 klik \u2013 tryk!<\/h2>\n<p>Med programv\u00e6lgeren Compass Pro starter du maskinen i tre enkle step:\u00a0<b>Drej \u2013 klik \u2013 tryk! <\/b><\/p>\n<p>N\u00e5r I k\u00f8ber maskinen, kan I v\u00e6lge mellem 55 forskellige programmer. Og displayet kan \u201ctale\u201d 18 forskellige sprog.[\/vc_column_text][\/vc_column][vc_column reveal_effect=&#8221;&#8221; width=&#8221;1\/2&#8243; offset=&#8221;vc_hidden-lg vc_hidden-md vc_hidden-sm&#8221;][vc_single_image image=&#8221;19906&#8243; img_size=&#8221;full&#8221; css=&#8221;.vc_custom_1644419696594{margin-top: 30px !important;}&#8221;][\/vc_column][\/vc_row][vc_row][vc_column reveal_effect=&#8221;&#8221; css=&#8221;.vc_custom_1619171043357{margin-top: 60px !important;border-top-width: 1px !important;padding-top: 20px !important;border-top-color: #dadfe1 !important;border-top-style: solid !important;}&#8221; offset=&#8221;vc_hidden-xs&#8221;][vc_empty_space height=&#8221;30px&#8221;][\/vc_column][\/vc_row][vc_row][vc_column width=&#8221;1\/2&#8243;][vc_empty_space height=&#8221;30px&#8221;][vc_row_inner][vc_column_inner offset=&#8221;vc_hidden-xs&#8221;][vc_empty_space height=&#8221;50px&#8221;][\/vc_column_inner][\/vc_row_inner][vc_column_text css=&#8221;.vc_custom_1644416425537{margin-bottom: 30px !important;}&#8221;]<\/p>\n<h2>F\u00e5 de helt rigtige maskiner til jeres f\u00e6llesvaskeri<\/h2>\n<p>[\/vc_column_text][vc_column_text el_class=&#8221;p-16&#8243;]Electrolux Professional er landets f\u00f8rende ekspert inden for professionelle vaskerimaskiner. Det betyder, at du finder markedets st\u00f8rste sortiment her. Derfor kan du nemt finde en l\u00f8sning, som passer pr\u00e6cist til den kapacitet, der er behov for i dit f\u00e6llesvaskeri. Hvad skal du overveje f\u00f8r du k\u00f8ber? <a style=\"color: #2acbd3;\" href=\"https:\/\/www.electroluxprofessional.com\/dk\/faellesvaskeri\/#guiden\">Se guide<\/a><\/p>\n<p><a style=\"color: #041e41;\" href=\"https:\/\/mypro.electroluxprofessional.dk\/vaskemaskine-faellesvaskeri-boligforening-og-camping\/\">Vasker I mindre end tre gange dagligt? S\u00e5 er Electrolux Professional myPRO m\u00e5ske den bedste l\u00f8sning. <strong>Se fordele ved myPRO<\/strong><\/a>[\/vc_column_text][elx_button button_text=&#8221;Find maskiner til dit f\u00e6llesvaskeri&#8221; button_style=&#8221;icon&#8221; button_display_block=&#8221;display_block_on&#8221; button_link=&#8221;url:https%3A%2F%2Fwww.electroluxprofessional.com%2Fdk%2Ffaellesvaskeri%2F%23produkter|||&#8221; css=&#8221;.vc_custom_1644416620520{margin-top: 30px !important;}&#8221;][vc_empty_space height=&#8221;20px&#8221;][vc_row_inner][vc_column_inner offset=&#8221;vc_hidden-xs&#8221;][vc_empty_space height=&#8221;10px&#8221;][\/vc_column_inner][\/vc_row_inner][elx_o2000_contact_us s=&#8221;H\u00f8r mere eller f\u00e5 et tilbud&#8221; flag_hide_request_type=&#8221;true&#8221; country=&#8221;Denmark&#8221; b=&#8221;laundry&#8221; compact_view=&#8221;1&#8243; text_color=&#8221;#14133B&#8221; thanks=&#8221;Tak for din interesse! Vi kontakter dig snarest.&#8221; button_mode=&#8221;true&#8221; postion_button=&#8221;text-left&#8221; postion_button_mobile=&#8221;text-left-mobile&#8221; text_btn_contact=&#8221;H\u00f8r mere eller f\u00e5 et tilbud&#8221;][vc_empty_space height=&#8221;26px&#8221;][vc_column_text css=&#8221;.vc_custom_1615216902682{margin-top: 20px !important;}&#8221; el_class=&#8221;p-14&#8243;]<\/p>\n<p style=\"text-align: left;\">Har du sp\u00f8rgsm\u00e5l, er du velkommen til at ringe til os p\u00e5 tlf. 63 76 22 20.<\/p>\n<p>[\/vc_column_text][\/vc_column][vc_column width=&#8221;1\/2&#8243;][vc_row_inner][vc_column_inner offset=&#8221;vc_hidden-lg vc_hidden-md vc_hidden-sm&#8221;][vc_empty_space][\/vc_column_inner][\/vc_row_inner][vc_single_image image=&#8221;18927&#8243; img_size=&#8221;full&#8221; onclick=&#8221;custom_link&#8221; img_link_target=&#8221;_blank&#8221; css=&#8221;.vc_custom_1755525449073{margin-top: 10px !important;padding-right: 20px !important;padding-left: 20px !important;}&#8221; link=&#8221;https:\/\/www.electroluxprofessional.com\/dk\/industrivaskemaskiner\/&#8221;][vc_column_text el_class=&#8221;p-14&#8243;]Line 6000 varmepumpe tumbler TD6-14 og vaskemaskine WH6-7 med Compass Pro[\/vc_column_text][vc_empty_space height=&#8221;10px&#8221;][\/vc_column][\/vc_row][vc_row css=&#8221;.vc_custom_1619166462878{margin-top: 40px !important;}&#8221; el_id=&#8221;cases&#8221;][vc_column css=&#8221;.vc_custom_1614176508366{border-top-width: 1px !important;padding-top: 32px !important;border-top-color: #dadfe1 !important;border-top-style: solid !important;}&#8221;][vc_empty_space height=&#8221;10px&#8221;][\/vc_column][\/vc_row][vc_row css=&#8221;.vc_custom_1614177125654{margin-top: 32px !important;}&#8221;][vc_column][elx_heading text_color=&#8221;inherit&#8221;]Se hvad andre siger om deres Electrolux Professional vaskerier[\/elx_heading][\/vc_column][\/vc_row][vc_row css=&#8221;.vc_custom_1614177880035{margin-top: 22px !important;}&#8221;][vc_column reveal_effect=&#8221;&#8221; width=&#8221;2\/3&#8243; css=&#8221;.vc_custom_1614177062900{margin-top: 20px !important;margin-right: 0px !important;border-right-width: 0px !important;padding-right: 0px !important;padding-bottom: 0px !important;padding-left: 20px !important;border-right-color: #ffffff !important;}&#8221;][vc_row_inner gap=&#8221;20&#8243; css=&#8221;.vc_custom_1580732898210{margin-top: -20px !important;margin-right: 0px !important;border-right-width: 0px !important;padding-right: 0px !important;padding-left: 0px !important;border-right-color: #ffffff !important;}&#8221;][vc_column_inner width=&#8221;1\/2&#8243;][elx_video_block background_image=&#8221;5476&#8243; video_link=&#8221;https:\/\/www.youtube.com\/watch?v=MlcsYTqocuc&#8221; minimum_height=&#8221;180px&#8221;][vc_column_text el_class=&#8221;p-16&#8243; css=&#8221;.vc_custom_1581511477339{margin-top: 10px !important;}&#8221;]\u201d Jeg sparer ca. 1.000 mandetimer om \u00e5ret.\u201d<br \/>\n<a href=\"https:\/\/www.electroluxprofessional.com\/dk\/one-demand-gadehavegaard\/#taastrupvideo\">Se video om boligforening, der har valgt pay-per-use l\u00f8sning OnE Demand<\/a>[\/vc_column_text][vc_empty_space height=&#8221;40px&#8221;][elx_video_block background_image=&#8221;5237&#8243; video_link=&#8221;https:\/\/www.youtube.com\/watch?v=URHN5sWMKNk&#8221; minimum_height=&#8221;180px&#8221;][vc_column_text el_class=&#8221;p-16&#8243; css=&#8221;.vc_custom_1631532363396{margin-top: 10px !important;}&#8221;]&#8221;Vigtigt at have tillid til leverand\u00f8ren.&#8221;<br \/>\n<a href=\"https:\/\/www.electroluxprofessional.com\/dk\/vision-gronningen\/\">Se videointerview med bestyrelseformand<\/a>[\/vc_column_text][\/vc_column_inner][vc_column_inner width=&#8221;1\/2&#8243;][elx_video_block background_image=&#8221;5235&#8243; video_link=&#8221;https:\/\/www.youtube.com\/watch?v=RlH2RYqtW3I&#8221; minimum_height=&#8221;180px&#8221;][vc_column_text el_class=&#8221;p-16&#8243; css=&#8221;.vc_custom_1602847244824{margin-top: 10px !important;}&#8221;]&#8221;Vi sparer flere hundredetusinde kroner p\u00e5 str\u00f8mforbruget.&#8221;<br \/>\n<a href=\"https:\/\/www.electroluxprofessional.com\/dk\/vaskeri\/\">Se video med bestyrelsesmedlem<\/a>[\/vc_column_text][vc_empty_space height=&#8221;40px&#8221;][elx_video_block background_image=&#8221;30340&#8243; video_link=&#8221;https:\/\/www.youtube.com\/watch?time_continue=1&amp;v=4897j2MBBa8&#8243; minimum_height=&#8221;180px&#8221;][vc_column_text el_class=&#8221;p-16&#8243; css=&#8221;.vc_custom_1756899778572{margin-top: 10px !important;}&#8221;]\u201dInvesteringen i nye maskiner tjener sig selv hjem p\u00e5 fem \u00e5r\u201d<strong><br \/>\n<\/strong><a href=\"https:\/\/www.electroluxprofessional.com\/dk\/maskiner-tjener-sig-selv-hjem\/\">Se videointerview med foreningens serviceleder<\/a>[\/vc_column_text][\/vc_column_inner][\/vc_row_inner][\/vc_column][vc_column width=&#8221;1\/3&#8243;][vc_row_inner][vc_column_inner offset=&#8221;vc_hidden-lg vc_hidden-md vc_hidden-sm&#8221;][vc_empty_space][\/vc_column_inner][\/vc_row_inner][vc_column_text css=&#8221;.vc_custom_1614177336554{margin-right: 10px !important;margin-bottom: 10px !important;margin-left: 10px !important;}&#8221;]<\/p>\n<h4 class=\"widget-title\">Hold dig ajour p\u00e5 vaskerifronten<\/h4>\n<p>[\/vc_column_text][vc_column_text css_animation=&#8221;none&#8221; el_class=&#8221;p-16&#8243; css=&#8221;.vc_custom_1525171600178{margin-right: 10px !important;margin-bottom: 20px !important;margin-left: 10px !important;}&#8221;]F\u00e5 e-mails med nyheder, tilbud, konkurrencer, tips og gode r\u00e5d om professionelle vaskeril\u00f8sninger fra Electrolux Professional.[\/vc_column_text][elx_o2000_mailchimp_form language=&#8221;dk&#8221; listid=&#8221;eed2270662&#8243;][\/vc_column][\/vc_row][vc_row el_id=&#8221;guiden&#8221;][vc_column][vc_column_text][\/vc_column_text][vc_empty_space height=&#8221;50px&#8221;][\/vc_column][\/vc_row][vc_row css=&#8221;.vc_custom_1621345446840{margin-top: 40px !important;}&#8221;][vc_column css=&#8221;.vc_custom_1614176508366{border-top-width: 1px !important;padding-top: 32px !important;border-top-color: #dadfe1 !important;border-top-style: solid !important;}&#8221;][vc_empty_space height=&#8221;10px&#8221;][\/vc_column][\/vc_row][vc_row][vc_column reveal_effect=&#8221;&#8221; width=&#8221;1\/5&#8243;][vc_empty_space height=&#8221;10px&#8221;][\/vc_column][vc_column width=&#8221;3\/5&#8243;][vc_empty_space][elx_heading font_size=&#8221;h2&#8243; text_color=&#8221;inherit&#8221; text_align=&#8221;text-center&#8221;]Guide til k\u00f8b af maskiner i f\u00e6llesvaskeri[\/elx_heading][vc_column_text el_class=&#8221;p-16&#8243; css=&#8221;.vc_custom_1753788416987{padding-right: 20px !important;}&#8221;]<strong>Se her hvad du skal t\u00e6nke p\u00e5, n\u00e5r maskinerne i vaskeriet skal udskiftes \u2013 uanset om det er en enkel professionel vaskemaskine eller et komplet vaskeri. Du finder ogs\u00e5 en guide med forskellige forslag til finansiering af jeres vaskeri.<\/strong>[\/vc_column_text][elx_button button_text=&#8221;Guide i 10 punkter&#8221; button_display_block=&#8221;display_block_on&#8221; button_alignment=&#8221;align_center&#8221; button_link=&#8221;url:https%3A%2F%2Fwww.electroluxprofessional.com%2Fdk%2Fguide-til-koeb-2025%2F|title:Guide%20til%20k%C3%B8b%20%E2%80%93%2010%20punkter&#8221; css=&#8221;.vc_custom_1753788492120{margin-top: 40px !important;}&#8221;][\/vc_column][vc_column width=&#8221;1\/5&#8243;][\/vc_column][\/vc_row][vc_row only_for_logged_in=&#8221;true&#8221; el_id=&#8221;produkter&#8221;][vc_column][vc_empty_space height=&#8221;60px&#8221;][\/vc_column][\/vc_row]<\/p>\n","protected":false},"excerpt":{"rendered":"<p>[vc_row full_width=&#8221;electroluxpro-full-width-no-padding&#8221;][vc_column][elx_hero_slider label_text_color=&#8221;inherit&#8221; images=&#8221;19076&#8243;][elx_heading font_size=&#8221;h2&#8243; text_color=&#8221;inherit&#8221;]Boligforening &#8211; f\u00e6llesvaskeri[\/elx_heading][vc_column_text css=&#8221;.vc_custom_1644417812924{margin-bottom: -5px !important;}&#8221; el_class=&#8221;p-16&#8243;]Med Electrolux Professional f\u00e5r I et driftssikkert f\u00e6llesvaskeri, der vasker beboernes t\u00f8j effektivt de n\u00e6ste mange \u00e5r.[\/vc_column_text][\/elx_hero_slider][\/vc_column][\/vc_row][vc_row css=&#8221;.vc_custom_1581504494692{margin-top: 60px !important;}&#8221;][vc_column][elx_heading font_container=&#8221;h1&#8243; font_size=&#8221;h1&#8243; text_color=&#8221;electrolux-blue&#8221; text_align=&#8221;text-left&#8221; css=&#8221;.vc_custom_1581500005932{margin-top: 50px !important;margin-bottom: 50px !important;}&#8221;]F\u00e5 det bedste f\u00e6llesvaskeri \u2013 for alle parter[\/elx_heading][vc_row_inner][vc_column_inner offset=&#8221;vc_hidden-xs&#8221;][vc_empty_space][\/vc_column_inner][\/vc_row_inner][vc_row_inner full_width=&#8221;electroluxpro-container-no-padding&#8221; css=&#8221;.vc_custom_1644418973234{margin-top: 20px !important;}&#8221;][vc_column_inner width=&#8221;2\/3&#8243;][vc_column_text el_class=&#8221;p-16&#8243;]Med Line [&hellip;]<\/p>\n","protected":false},"author":64,"featured_media":0,"parent":0,"menu_order":0,"comment_status":"closed","ping_status":"closed","template":"","meta":{"footnotes":""},"class_list":["post-5468","page","type-page","status-publish","hentry"],"acf":[],"yoast_head":"<!-- This site is optimized with the Yoast SEO plugin v23.3 - https:\/\/yoast.com\/wordpress\/plugins\/seo\/ -->\n<title>Find nye maskiner til din boligforenings f\u00e6llesvaskeri. Se 3 fordele<\/title>\n<meta name=\"description\" content=\"Hos os f\u00e5r du driftssikre og effektive maskiner til jeres f\u00e6llesvaskeri. Se alle jeres fordele og f\u00e5 en guide til k\u00f8b.\" \/>\n<meta name=\"robots\" content=\"index, follow, max-snippet:-1, max-image-preview:large, max-video-preview:-1\" \/>\n<link rel=\"canonical\" href=\"https:\/\/www.electroluxprofessional.com\/dk\/faellesvaskeri\/\" \/>\n<meta property=\"og:locale\" content=\"da_DK\" \/>\n<meta property=\"og:type\" content=\"article\" \/>\n<meta property=\"og:title\" content=\"Find nye maskiner til din boligforenings f\u00e6llesvaskeri. Se 3 fordele\" \/>\n<meta property=\"og:description\" content=\"Hos os f\u00e5r du driftssikre og effektive maskiner til jeres f\u00e6llesvaskeri. Se alle jeres fordele og f\u00e5 en guide til k\u00f8b.\" \/>\n<meta property=\"og:url\" content=\"https:\/\/www.electroluxprofessional.com\/dk\/faellesvaskeri\/\" \/>\n<meta property=\"og:site_name\" content=\"Electrolux Professional Danmark\" \/>\n<meta property=\"article:modified_time\" content=\"2025-11-05T18:29:26+00:00\" \/>\n<meta name=\"twitter:card\" content=\"summary_large_image\" \/>\n<meta name=\"twitter:label1\" content=\"Estimeret l\u00e6setid\" \/>\n\t<meta name=\"twitter:data1\" content=\"5 minutter\" \/>\n<script type=\"application\/ld+json\" class=\"yoast-schema-graph\">{\"@context\":\"https:\/\/schema.org\",\"@graph\":[{\"@type\":\"WebPage\",\"@id\":\"https:\/\/www.electroluxprofessional.com\/dk\/faellesvaskeri\/\",\"url\":\"https:\/\/www.electroluxprofessional.com\/dk\/faellesvaskeri\/\",\"name\":\"Find nye maskiner til din boligforenings f\u00e6llesvaskeri. Se 3 fordele\",\"isPartOf\":{\"@id\":\"https:\/\/www.electroluxprofessional.com\/dk\/#website\"},\"datePublished\":\"2025-08-17T10:16:38+00:00\",\"dateModified\":\"2025-11-05T18:29:26+00:00\",\"description\":\"Hos os f\u00e5r du driftssikre og effektive maskiner til jeres f\u00e6llesvaskeri. Se alle jeres fordele og f\u00e5 en guide til k\u00f8b.\",\"breadcrumb\":{\"@id\":\"https:\/\/www.electroluxprofessional.com\/dk\/faellesvaskeri\/#breadcrumb\"},\"inLanguage\":\"da-DK\",\"potentialAction\":[{\"@type\":\"ReadAction\",\"target\":[\"https:\/\/www.electroluxprofessional.com\/dk\/faellesvaskeri\/\"]}]},{\"@type\":\"BreadcrumbList\",\"@id\":\"https:\/\/www.electroluxprofessional.com\/dk\/faellesvaskeri\/#breadcrumb\",\"itemListElement\":[{\"@type\":\"ListItem\",\"position\":1,\"name\":\"Home\",\"item\":\"https:\/\/www.electroluxprofessional.com\/dk\/\"},{\"@type\":\"ListItem\",\"position\":2,\"name\":\"Boligforening\"}]},{\"@type\":\"WebSite\",\"@id\":\"https:\/\/www.electroluxprofessional.com\/dk\/#website\",\"url\":\"https:\/\/www.electroluxprofessional.com\/dk\/\",\"name\":\"Electrolux Professional Danmark\",\"description\":\"\",\"potentialAction\":[{\"@type\":\"SearchAction\",\"target\":{\"@type\":\"EntryPoint\",\"urlTemplate\":\"https:\/\/www.electroluxprofessional.com\/dk\/?src={search_term_string}\"},\"query-input\":\"required name=search_term_string\"}],\"inLanguage\":\"da-DK\"}]}<\/script>\n<!-- \/ Yoast SEO plugin. -->","yoast_head_json":{"title":"Find nye maskiner til din boligforenings f\u00e6llesvaskeri. Se 3 fordele","description":"Hos os f\u00e5r du driftssikre og effektive maskiner til jeres f\u00e6llesvaskeri. Se alle jeres fordele og f\u00e5 en guide til k\u00f8b.","robots":{"index":"index","follow":"follow","max-snippet":"max-snippet:-1","max-image-preview":"max-image-preview:large","max-video-preview":"max-video-preview:-1"},"canonical":"https:\/\/www.electroluxprofessional.com\/dk\/faellesvaskeri\/","og_locale":"da_DK","og_type":"article","og_title":"Find nye maskiner til din boligforenings f\u00e6llesvaskeri. Se 3 fordele","og_description":"Hos os f\u00e5r du driftssikre og effektive maskiner til jeres f\u00e6llesvaskeri. Se alle jeres fordele og f\u00e5 en guide til k\u00f8b.","og_url":"https:\/\/www.electroluxprofessional.com\/dk\/faellesvaskeri\/","og_site_name":"Electrolux Professional Danmark","article_modified_time":"2025-11-05T18:29:26+00:00","twitter_card":"summary_large_image","twitter_misc":{"Estimeret l\u00e6setid":"5 minutter"},"schema":{"@context":"https:\/\/schema.org","@graph":[{"@type":"WebPage","@id":"https:\/\/www.electroluxprofessional.com\/dk\/faellesvaskeri\/","url":"https:\/\/www.electroluxprofessional.com\/dk\/faellesvaskeri\/","name":"Find nye maskiner til din boligforenings f\u00e6llesvaskeri. Se 3 fordele","isPartOf":{"@id":"https:\/\/www.electroluxprofessional.com\/dk\/#website"},"datePublished":"2025-08-17T10:16:38+00:00","dateModified":"2025-11-05T18:29:26+00:00","description":"Hos os f\u00e5r du driftssikre og effektive maskiner til jeres f\u00e6llesvaskeri. Se alle jeres fordele og f\u00e5 en guide til k\u00f8b.","breadcrumb":{"@id":"https:\/\/www.electroluxprofessional.com\/dk\/faellesvaskeri\/#breadcrumb"},"inLanguage":"da-DK","potentialAction":[{"@type":"ReadAction","target":["https:\/\/www.electroluxprofessional.com\/dk\/faellesvaskeri\/"]}]},{"@type":"BreadcrumbList","@id":"https:\/\/www.electroluxprofessional.com\/dk\/faellesvaskeri\/#breadcrumb","itemListElement":[{"@type":"ListItem","position":1,"name":"Home","item":"https:\/\/www.electroluxprofessional.com\/dk\/"},{"@type":"ListItem","position":2,"name":"Boligforening"}]},{"@type":"WebSite","@id":"https:\/\/www.electroluxprofessional.com\/dk\/#website","url":"https:\/\/www.electroluxprofessional.com\/dk\/","name":"Electrolux Professional Danmark","description":"","potentialAction":[{"@type":"SearchAction","target":{"@type":"EntryPoint","urlTemplate":"https:\/\/www.electroluxprofessional.com\/dk\/?src={search_term_string}"},"query-input":"required name=search_term_string"}],"inLanguage":"da-DK"}]}},"_links":{"self":[{"href":"https:\/\/www.electroluxprofessional.com\/dk\/wp-json\/wp\/v2\/pages\/5468"}],"collection":[{"href":"https:\/\/www.electroluxprofessional.com\/dk\/wp-json\/wp\/v2\/pages"}],"about":[{"href":"https:\/\/www.electroluxprofessional.com\/dk\/wp-json\/wp\/v2\/types\/page"}],"author":[{"embeddable":true,"href":"https:\/\/www.electroluxprofessional.com\/dk\/wp-json\/wp\/v2\/users\/64"}],"replies":[{"embeddable":true,"href":"https:\/\/www.electroluxprofessional.com\/dk\/wp-json\/wp\/v2\/comments?post=5468"}],"version-history":[{"count":147,"href":"https:\/\/www.electroluxprofessional.com\/dk\/wp-json\/wp\/v2\/pages\/5468\/revisions"}],"predecessor-version":[{"id":30807,"href":"https:\/\/www.electroluxprofessional.com\/dk\/wp-json\/wp\/v2\/pages\/5468\/revisions\/30807"}],"wp:attachment":[{"href":"https:\/\/www.electroluxprofessional.com\/dk\/wp-json\/wp\/v2\/media?parent=5468"}],"curies":[{"name":"wp","href":"https:\/\/api.w.org\/{rel}","templated":true}]}}