{"id":5430,"date":"2025-08-17T12:12:32","date_gmt":"2025-08-17T12:12:32","guid":{"rendered":"https:\/\/www.electroluxprofessional.com\/dk\/?page_id=5430"},"modified":"2025-08-18T14:02:12","modified_gmt":"2025-08-18T14:02:12","slug":"vask-af-arbejdstoej","status":"publish","type":"page","link":"https:\/\/www.electroluxprofessional.com\/dk\/vask-af-arbejdstoej\/","title":{"rendered":"Virksomhed"},"content":{"rendered":"<p>[vc_row full_width=&#8221;electroluxpro-full-width-no-padding&#8221;][vc_column][elx_hero_slider label_text_color=&#8221;inherit&#8221; images=&#8221;5447&#8243;][elx_heading font_container=&#8221;h4&#8243; font_size=&#8221;h4&#8243; text_color=&#8221;inherit&#8221; css=&#8221;.vc_custom_1574688731999{margin-top: -40px !important;margin-bottom: -20px !important;}&#8221;]Virksomhed<br \/>\n&#8211; vask af arbejdst\u00f8j[\/elx_heading][vc_column_text css=&#8221;.vc_custom_1614610823546{margin-bottom: -10px !important;}&#8221;]Med Electrolux Professional f\u00e5r din virksomhed driftssikre maskiner, der vasker arbejdst\u00f8j hurtigt og effektivt.[\/vc_column_text][\/elx_hero_slider][\/vc_column][\/vc_row][vc_row css=&#8221;.vc_custom_1725952134194{margin-top: 60px !important;}&#8221;][vc_column][elx_heading font_container=&#8221;h1&#8243; font_size=&#8221;h1&#8243; text_color=&#8221;electrolux-blue&#8221; text_align=&#8221;text-left&#8221; css=&#8221;.vc_custom_1725952203931{margin-top: 50px !important;margin-bottom: 50px !important;}&#8221;]<strong>Vask af arbejdst\u00f8j: 100%\u00a0rent\u00a0p\u00e5 rekordtid<\/strong>[\/elx_heading][\/vc_column][\/vc_row][vc_row css=&#8221;.vc_custom_1725952095875{margin-top: 60px !important;}&#8221;][vc_column width=&#8221;2\/3&#8243;][vc_column_text el_class=&#8221;p-16&#8243;]Som professionel leder b\u00f8r du ikke g\u00e5 p\u00e5 kompromis med hverken kvalitet, driftssikkerhed eller hygiejne, n\u00e5r det g\u00e6lder vask af arbejdst\u00f8j, h\u00e5ndkl\u00e6der m.m. Du f\u00e5r 4 fordele, hvis du v\u00e6lger maskiner fra Electrolux Professional:[\/vc_column_text][vc_column_text css=&#8221;.vc_custom_1725952105334{margin-bottom: 10px !important;padding-top: 20px !important;}&#8221;]<\/p>\n<h4>Dine 4 fordele ved vaskemaskiner fra Electrolux Professional:<\/h4>\n<p>[\/vc_column_text][vc_column_text el_class=&#8221;p-16&#8243;]<strong>1. H\u00f8j driftssikkerhed:<\/strong> Industrimaskiner er mere robuste og holder mindst tre gange l\u00e6ngere end husholdningsmaskiner.<\/p>\n<p><strong>2. Vask af arbejdst\u00f8j p\u00e5 den halve tid:<\/strong> Op til 50% hurtigere end husholdningsmaskiner.<\/p>\n<p><strong>3. Specialprogrammer:<\/strong> Maskinerne kan programmeres pr\u00e6cist til jeres behov. For eksempel et specialprogram til s\u00e6rligt snavset arbejdst\u00f8j eller til vask af reng\u00f8ringsklude og mopper. <a href=\"https:\/\/www.electroluxprofessional.com\/dk\/industrivaskemaskiner\/\">Se\u00a0maskiner med desinfektionsprogram<\/a><\/p>\n<p><strong>4. Milj\u00f8venlige maskiner:<\/strong> Electrolux Professionals maskiner vasker med et minimum forbrug af el og vand. <a href=\"https:\/\/www.electroluxprofessional.com\/dk\/garanti-for-driftsbesparelser\/\">Beregn dine besparelser<\/a>[\/vc_column_text][\/vc_column][vc_column width=&#8221;1\/3&#8243;][vc_single_image image=&#8221;5450&#8243; img_size=&#8221;full&#8221;][\/vc_column][\/vc_row][vc_row css=&#8221;.vc_custom_1577443275062{margin-top: 40px !important;}&#8221;][vc_column width=&#8221;2\/3&#8243;][\/vc_column][vc_column width=&#8221;1\/3&#8243;][vc_row_inner][vc_column_inner offset=&#8221;vc_hidden-lg vc_hidden-md vc_hidden-sm&#8221;][vc_empty_space height=&#8221;40px&#8221;][\/vc_column_inner][\/vc_row_inner][vc_empty_space height=&#8221;10px&#8221;][\/vc_column][\/vc_row][vc_row css=&#8221;.vc_custom_1722330132570{margin-top: 40px !important;padding-top: 40px !important;padding-bottom: 40px !important;background-color: #dadfe1 !important;}&#8221;][vc_column width=&#8221;1\/12&#8243;][vc_empty_space][\/vc_column][vc_column width=&#8221;5\/6&#8243;][vc_column_text css=&#8221;.vc_custom_1722330163164{margin-bottom: 40px !important;}&#8221;]<\/p>\n<h2>V\u00e6lg maskiner med specialprogrammer til vask af arbejdst\u00f8j<\/h2>\n<p>[\/vc_column_text][vc_column_text el_class=&#8221;p-16&#8243;]Electrolux Professional er landets f\u00f8rende ekspert inden for professionelle vaskerimaskiner og har markedets st\u00f8rste sortiment. Derfor kan du nemt finde en l\u00f8sning, som passer pr\u00e6cist til jeres krav til kvalitet og hygiejne.[\/vc_column_text][vc_column_text el_class=&#8221;p-16&#8243; css=&#8221;.vc_custom_1722432995094{margin-top: 10px !important;}&#8221;]Er du landmand og har behov for at vaske malkeklude? <a href=\"https:\/\/www.electroluxprofessional.com\/dk\/vask-af-malkeklude\/\"><strong>Se de fordele en specialprogrammeret malkekludsmaskine giver dig<\/strong><\/a>[\/vc_column_text][vc_empty_space height=&#8221;40px&#8221;][elx_o2000_contact_us s=&#8221;Kontakt fra siden: Vask af arbejdst\u00f8j\/virksomheder&#8221; request_type=&#8221;Quotation&#8221; flag_hide_request_type=&#8221;true&#8221; country=&#8221;Denmark&#8221; b=&#8221;laundry&#8221; compact_view=&#8221;1&#8243; text_color=&#8221;#14133B&#8221; button_mode=&#8221;true&#8221; postion_button=&#8221;text-center&#8221; postion_button_mobile=&#8221;text-left-mobile&#8221; text_btn_contact=&#8221;H\u00f8r mere eller f\u00e5 et tilbud&#8221;][vc_column_text css_animation=&#8221;none&#8221; el_class=&#8221;p-14&#8243; css=&#8221;.vc_custom_1722330219416{margin-top: 20px !important;margin-bottom: 20px !important;padding-top: 0px !important;}&#8221;]<\/p>\n<p style=\"text-align: center;\">Har du sp\u00f8rgsm\u00e5l, er du velkommen til at ringe til os p\u00e5 tlf. 63 76 22 20.<\/p>\n<p>[\/vc_column_text][\/vc_column][vc_column width=&#8221;1\/12&#8243;][\/vc_column][\/vc_row][vc_row full_width=&#8221;electroluxpro-full-width&#8221; css=&#8221;.vc_custom_1618999286782{margin-top: 60px !important;border-top-width: 1px !important;padding-top: 40px !important;border-top-color: #dadfe1 !important;border-top-style: solid !important;}&#8221;][vc_column][elx_heading font_container=&#8221;h3&#8243; font_size=&#8221;h3&#8243; text_color=&#8221;electrolux-blue&#8221; text_align=&#8221;text-center&#8221; css=&#8221;.vc_custom_1618999303402{margin-top: 0px !important;padding-top: 0px !important;padding-right: 0px !important;}&#8221;]Se hvad andre siger om deres Electrolux Professional vaskerier[\/elx_heading][\/vc_column][\/vc_row][vc_row gap=&#8221;20&#8243; matched_labels=&#8221;&#8221; css=&#8221;.vc_custom_1755525671649{margin-top: 60px !important;margin-right: 0px !important;margin-bottom: 60px !important;margin-left: 0px !important;padding-right: 0px !important;padding-left: 0px !important;}&#8221;][vc_column reveal_effect=&#8221;&#8221; width=&#8221;2\/3&#8243; css=&#8221;.vc_custom_1525176649356{margin-right: 0px !important;border-right-width: 0px !important;padding-right: 0px !important;padding-bottom: 0px !important;padding-left: 20px !important;border-right-color: #ffffff !important;}&#8221;][vc_row_inner gap=&#8221;20&#8243; css=&#8221;.vc_custom_1722427715853{margin-right: 0px !important;border-right-width: 0px !important;padding-right: 0px !important;padding-left: 0px !important;border-right-color: #ffffff !important;}&#8221;][vc_column_inner width=&#8221;1\/2&#8243; css=&#8221;.vc_custom_1525174051954{margin-right: 0px !important;margin-left: 0px !important;padding-right: 0px !important;padding-left: 10px !important;}&#8221;][elx_video_block background_image=&#8221;5237&#8243; video_link=&#8221;https:\/\/www.youtube.com\/watch?v=URHN5sWMKNk&amp;feature=youtu.be&#8221; minimum_height=&#8221;180px&#8221;][vc_column_text el_class=&#8221;p-16&#8243; css=&#8221;.vc_custom_1535626678999{margin-top: 10px !important;}&#8221;]&#8221;Vigtigt at have tillid til vaskerileverand\u00f8ren.&#8221;<br \/>\n<a href=\"https:\/\/www.electroluxprofessional.com\/dk\/vision-gronningen\/\">Se videointerview med bestyrelsesformand<\/a>[\/vc_column_text][vc_empty_space][elx_video_block background_image=&#8221;5235&#8243; video_link=&#8221;https:\/\/www.youtube.com\/watch?v=RlH2RYqtW3I&amp;feature=youtu.be&#8221; minimum_height=&#8221;180px&#8221;][vc_column_text el_class=&#8221;p-16&#8243; css=&#8221;.vc_custom_1725951839324{margin-top: 10px !important;}&#8221;]&#8221;Vi sparer flere hundredetusinde kroner p\u00e5 str\u00f8mforbruget.&#8221;<br \/>\n<a href=\"https:\/\/www.electroluxprofessional.com\/dk\/vaskeri\/\">Se video med bestyrelsesmedlem<\/a>[\/vc_column_text][\/vc_column_inner][vc_column_inner width=&#8221;1\/2&#8243; css=&#8221;.vc_custom_1525174037166{margin-right: 0px !important;margin-left: 0px !important;border-right-width: 0px !important;padding-right: 0px !important;padding-left: 10px !important;}&#8221;][vc_column_text css=&#8221;.vc_custom_1722427754768{padding-top: 20px !important;padding-right: 20px !important;padding-bottom: 20px !important;padding-left: 20px !important;background-color: #041e41 !important;}&#8221; el_class=&#8221;p-16-white&#8221;]<strong>F\u00c5 NYE MASKINER UDEN INVESTERING<\/strong><\/p>\n<p>Med Electrolux Professional OnE Demand f\u00e5r din klinik nye vaskemaskiner stillet til r\u00e5dighed. Maskink\u00f8b, drift og vedligeholdelse betales pr. vask.<\/p>\n<p><a href=\"https:\/\/www.electroluxprofessional.com\/dk\/one-demand-pay-per-use\/\">Se hvordan det kan lade sig g\u00f8re<\/a>[\/vc_column_text][\/vc_column_inner][\/vc_row_inner][\/vc_column][vc_column width=&#8221;1\/3&#8243; css=&#8221;.vc_custom_1524667530556{margin-left: 0px !important;}&#8221;][vc_column_text css=&#8221;.vc_custom_1722427905215{margin-right: 10px !important;margin-bottom: 10px !important;margin-left: 10px !important;}&#8221;]<\/p>\n<h4 class=\"widget-title\">Hold dig ajour p\u00e5 vaskerifronten<\/h4>\n<p>[\/vc_column_text][vc_column_text css_animation=&#8221;none&#8221; el_class=&#8221;p-16&#8243; css=&#8221;.vc_custom_1528895207163{margin-right: 10px !important;margin-bottom: 20px !important;margin-left: 10px !important;}&#8221;]F\u00e5 e-mails med nyheder, tilbud, konkurrencer, tips og gode r\u00e5d om professionelle vaskeril\u00f8sninger fra Electrolux Professional.[\/vc_column_text][elx_o2000_mailchimp_form language=&#8221;dk&#8221; listid=&#8221;eed2270662&#8243;][\/vc_column][\/vc_row]<\/p>\n","protected":false},"excerpt":{"rendered":"<p>[vc_row full_width=&#8221;electroluxpro-full-width-no-padding&#8221;][vc_column][elx_hero_slider label_text_color=&#8221;inherit&#8221; images=&#8221;5447&#8243;][elx_heading font_container=&#8221;h4&#8243; font_size=&#8221;h4&#8243; text_color=&#8221;inherit&#8221; css=&#8221;.vc_custom_1574688731999{margin-top: -40px !important;margin-bottom: -20px !important;}&#8221;]Virksomhed &#8211; vask af arbejdst\u00f8j[\/elx_heading][vc_column_text css=&#8221;.vc_custom_1614610823546{margin-bottom: -10px !important;}&#8221;]Med Electrolux Professional f\u00e5r din virksomhed driftssikre maskiner, der vasker arbejdst\u00f8j hurtigt og effektivt.[\/vc_column_text][\/elx_hero_slider][\/vc_column][\/vc_row][vc_row css=&#8221;.vc_custom_1725952134194{margin-top: 60px !important;}&#8221;][vc_column][elx_heading font_container=&#8221;h1&#8243; font_size=&#8221;h1&#8243; text_color=&#8221;electrolux-blue&#8221; text_align=&#8221;text-left&#8221; css=&#8221;.vc_custom_1725952203931{margin-top: 50px !important;margin-bottom: 50px !important;}&#8221;]Vask af arbejdst\u00f8j: 100%\u00a0rent\u00a0p\u00e5 rekordtid[\/elx_heading][\/vc_column][\/vc_row][vc_row css=&#8221;.vc_custom_1725952095875{margin-top: 60px !important;}&#8221;][vc_column width=&#8221;2\/3&#8243;][vc_column_text el_class=&#8221;p-16&#8243;]Som professionel leder [&hellip;]<\/p>\n","protected":false},"author":64,"featured_media":0,"parent":0,"menu_order":0,"comment_status":"closed","ping_status":"closed","template":"","meta":{"footnotes":""},"class_list":["post-5430","page","type-page","status-publish","hentry"],"acf":[],"yoast_head":"<!-- This site is optimized with the Yoast SEO plugin v23.3 - https:\/\/yoast.com\/wordpress\/plugins\/seo\/ -->\n<title>Vask af arbejdst\u00f8j: F\u00e5 det 100 pct. rent p\u00e5 rekordtid.<\/title>\n<meta name=\"description\" content=\"Med Electrolux Professional f\u00e5r din virksomhed driftssikre maskiner, der vasker arbejdst\u00f8j hurtigt og effektivt. 100 pct. rent p\u00e5 rekordtid!\" \/>\n<meta name=\"robots\" content=\"index, follow, max-snippet:-1, max-image-preview:large, max-video-preview:-1\" \/>\n<link rel=\"canonical\" href=\"https:\/\/www.electroluxprofessional.com\/dk\/vask-af-arbejdstoej\/\" \/>\n<meta property=\"og:locale\" content=\"da_DK\" \/>\n<meta property=\"og:type\" content=\"article\" \/>\n<meta property=\"og:title\" content=\"Vask af arbejdst\u00f8j: F\u00e5 det 100 pct. rent p\u00e5 rekordtid.\" \/>\n<meta property=\"og:description\" content=\"Med Electrolux Professional f\u00e5r din virksomhed driftssikre maskiner, der vasker arbejdst\u00f8j hurtigt og effektivt. 100 pct. rent p\u00e5 rekordtid!\" \/>\n<meta property=\"og:url\" content=\"https:\/\/www.electroluxprofessional.com\/dk\/vask-af-arbejdstoej\/\" \/>\n<meta property=\"og:site_name\" content=\"Electrolux Professional Danmark\" \/>\n<meta property=\"article:modified_time\" content=\"2025-08-18T14:02:12+00:00\" \/>\n<meta name=\"twitter:card\" content=\"summary_large_image\" \/>\n<meta name=\"twitter:label1\" content=\"Estimeret l\u00e6setid\" \/>\n\t<meta name=\"twitter:data1\" content=\"4 minutter\" \/>\n<script type=\"application\/ld+json\" class=\"yoast-schema-graph\">{\"@context\":\"https:\/\/schema.org\",\"@graph\":[{\"@type\":\"WebPage\",\"@id\":\"https:\/\/www.electroluxprofessional.com\/dk\/vask-af-arbejdstoej\/\",\"url\":\"https:\/\/www.electroluxprofessional.com\/dk\/vask-af-arbejdstoej\/\",\"name\":\"Vask af arbejdst\u00f8j: F\u00e5 det 100 pct. rent p\u00e5 rekordtid.\",\"isPartOf\":{\"@id\":\"https:\/\/www.electroluxprofessional.com\/dk\/#website\"},\"datePublished\":\"2025-08-17T12:12:32+00:00\",\"dateModified\":\"2025-08-18T14:02:12+00:00\",\"description\":\"Med Electrolux Professional f\u00e5r din virksomhed driftssikre maskiner, der vasker arbejdst\u00f8j hurtigt og effektivt. 100 pct. rent p\u00e5 rekordtid!\",\"breadcrumb\":{\"@id\":\"https:\/\/www.electroluxprofessional.com\/dk\/vask-af-arbejdstoej\/#breadcrumb\"},\"inLanguage\":\"da-DK\",\"potentialAction\":[{\"@type\":\"ReadAction\",\"target\":[\"https:\/\/www.electroluxprofessional.com\/dk\/vask-af-arbejdstoej\/\"]}]},{\"@type\":\"BreadcrumbList\",\"@id\":\"https:\/\/www.electroluxprofessional.com\/dk\/vask-af-arbejdstoej\/#breadcrumb\",\"itemListElement\":[{\"@type\":\"ListItem\",\"position\":1,\"name\":\"Home\",\"item\":\"https:\/\/www.electroluxprofessional.com\/dk\/\"},{\"@type\":\"ListItem\",\"position\":2,\"name\":\"Virksomhed\"}]},{\"@type\":\"WebSite\",\"@id\":\"https:\/\/www.electroluxprofessional.com\/dk\/#website\",\"url\":\"https:\/\/www.electroluxprofessional.com\/dk\/\",\"name\":\"Electrolux Professional Danmark\",\"description\":\"\",\"potentialAction\":[{\"@type\":\"SearchAction\",\"target\":{\"@type\":\"EntryPoint\",\"urlTemplate\":\"https:\/\/www.electroluxprofessional.com\/dk\/?src={search_term_string}\"},\"query-input\":\"required name=search_term_string\"}],\"inLanguage\":\"da-DK\"}]}<\/script>\n<!-- \/ Yoast SEO plugin. -->","yoast_head_json":{"title":"Vask af arbejdst\u00f8j: F\u00e5 det 100 pct. rent p\u00e5 rekordtid.","description":"Med Electrolux Professional f\u00e5r din virksomhed driftssikre maskiner, der vasker arbejdst\u00f8j hurtigt og effektivt. 100 pct. rent p\u00e5 rekordtid!","robots":{"index":"index","follow":"follow","max-snippet":"max-snippet:-1","max-image-preview":"max-image-preview:large","max-video-preview":"max-video-preview:-1"},"canonical":"https:\/\/www.electroluxprofessional.com\/dk\/vask-af-arbejdstoej\/","og_locale":"da_DK","og_type":"article","og_title":"Vask af arbejdst\u00f8j: F\u00e5 det 100 pct. rent p\u00e5 rekordtid.","og_description":"Med Electrolux Professional f\u00e5r din virksomhed driftssikre maskiner, der vasker arbejdst\u00f8j hurtigt og effektivt. 100 pct. rent p\u00e5 rekordtid!","og_url":"https:\/\/www.electroluxprofessional.com\/dk\/vask-af-arbejdstoej\/","og_site_name":"Electrolux Professional Danmark","article_modified_time":"2025-08-18T14:02:12+00:00","twitter_card":"summary_large_image","twitter_misc":{"Estimeret l\u00e6setid":"4 minutter"},"schema":{"@context":"https:\/\/schema.org","@graph":[{"@type":"WebPage","@id":"https:\/\/www.electroluxprofessional.com\/dk\/vask-af-arbejdstoej\/","url":"https:\/\/www.electroluxprofessional.com\/dk\/vask-af-arbejdstoej\/","name":"Vask af arbejdst\u00f8j: F\u00e5 det 100 pct. rent p\u00e5 rekordtid.","isPartOf":{"@id":"https:\/\/www.electroluxprofessional.com\/dk\/#website"},"datePublished":"2025-08-17T12:12:32+00:00","dateModified":"2025-08-18T14:02:12+00:00","description":"Med Electrolux Professional f\u00e5r din virksomhed driftssikre maskiner, der vasker arbejdst\u00f8j hurtigt og effektivt. 100 pct. rent p\u00e5 rekordtid!","breadcrumb":{"@id":"https:\/\/www.electroluxprofessional.com\/dk\/vask-af-arbejdstoej\/#breadcrumb"},"inLanguage":"da-DK","potentialAction":[{"@type":"ReadAction","target":["https:\/\/www.electroluxprofessional.com\/dk\/vask-af-arbejdstoej\/"]}]},{"@type":"BreadcrumbList","@id":"https:\/\/www.electroluxprofessional.com\/dk\/vask-af-arbejdstoej\/#breadcrumb","itemListElement":[{"@type":"ListItem","position":1,"name":"Home","item":"https:\/\/www.electroluxprofessional.com\/dk\/"},{"@type":"ListItem","position":2,"name":"Virksomhed"}]},{"@type":"WebSite","@id":"https:\/\/www.electroluxprofessional.com\/dk\/#website","url":"https:\/\/www.electroluxprofessional.com\/dk\/","name":"Electrolux Professional Danmark","description":"","potentialAction":[{"@type":"SearchAction","target":{"@type":"EntryPoint","urlTemplate":"https:\/\/www.electroluxprofessional.com\/dk\/?src={search_term_string}"},"query-input":"required name=search_term_string"}],"inLanguage":"da-DK"}]}},"_links":{"self":[{"href":"https:\/\/www.electroluxprofessional.com\/dk\/wp-json\/wp\/v2\/pages\/5430"}],"collection":[{"href":"https:\/\/www.electroluxprofessional.com\/dk\/wp-json\/wp\/v2\/pages"}],"about":[{"href":"https:\/\/www.electroluxprofessional.com\/dk\/wp-json\/wp\/v2\/types\/page"}],"author":[{"embeddable":true,"href":"https:\/\/www.electroluxprofessional.com\/dk\/wp-json\/wp\/v2\/users\/64"}],"replies":[{"embeddable":true,"href":"https:\/\/www.electroluxprofessional.com\/dk\/wp-json\/wp\/v2\/comments?post=5430"}],"version-history":[{"count":79,"href":"https:\/\/www.electroluxprofessional.com\/dk\/wp-json\/wp\/v2\/pages\/5430\/revisions"}],"predecessor-version":[{"id":30098,"href":"https:\/\/www.electroluxprofessional.com\/dk\/wp-json\/wp\/v2\/pages\/5430\/revisions\/30098"}],"wp:attachment":[{"href":"https:\/\/www.electroluxprofessional.com\/dk\/wp-json\/wp\/v2\/media?parent=5430"}],"curies":[{"name":"wp","href":"https:\/\/api.w.org\/{rel}","templated":true}]}}