{"id":5392,"date":"2024-07-30T08:43:04","date_gmt":"2024-07-30T08:43:04","guid":{"rendered":"https:\/\/www.electroluxprofessional.com\/dk\/?page_id=5392"},"modified":"2024-09-10T06:51:09","modified_gmt":"2024-09-10T06:51:09","slug":"klinik","status":"publish","type":"page","link":"https:\/\/www.electroluxprofessional.com\/dk\/klinik\/","title":{"rendered":"Klinik"},"content":{"rendered":"<p>[vc_row full_width=&#8221;electroluxpro-full-width-no-padding&#8221;][vc_column][elx_hero_slider label_text_color=&#8221;inherit&#8221; images=&#8221;5413&#8243;][elx_heading font_container=&#8221;h4&#8243; font_size=&#8221;h4&#8243; text_color=&#8221;inherit&#8221;]Klinik[\/elx_heading][vc_column_text css=&#8221;.vc_custom_1528900734834{margin-bottom: -10px !important;}&#8221;]<span style=\"font-size: 20px;\">Med Electrolux Professional kan du vaske klinikt\u00f8j og h\u00e5ndkl\u00e6der 100 pct. bakteriefrit. Og du overholder NIR-reglerne*<\/span><\/p>\n<p class=\"p-12\">*) NIR \u2013 Nationale Infektionshygiejniske Retningslinjer udarbejdet af Central Enhed for Infektionshygiejne (CEI). Statens Serum Institut, 2015.<\/p>\n<p>[\/vc_column_text][\/elx_hero_slider][\/vc_column][\/vc_row][vc_row][vc_column][vc_empty_space height=&#8221;50px&#8221;][elx_heading font_container=&#8221;h1&#8243; font_size=&#8221;h1&#8243; text_color=&#8221;electrolux-blue&#8221; text_align=&#8221;text-left&#8221; css=&#8221;.vc_custom_1634030968134{margin-top: 50px !important;margin-bottom: 50px !important;}&#8221;]<strong>Dit vasket\u00f8j bliver 100 pct. rent p\u00e5 rekordtid<\/strong>[\/elx_heading][vc_empty_space][vc_row_inner full_width=&#8221;electroluxpro-container-no-padding&#8221;][vc_column_inner width=&#8221;2\/3&#8243;][vc_column_text el_class=&#8221;p-16&#8243;]Som ansvarlig for en tandl\u00e6geklinik eller anden klinik b\u00f8r du ikke g\u00e5 p\u00e5 kompromis med kvalitet og hygiejne ved fx at vaske klinikt\u00f8j, h\u00e5ndkl\u00e6der, lagner m.m. i en husholdningsmaskine.[\/vc_column_text][\/vc_column_inner][vc_column_inner width=&#8221;1\/3&#8243;][\/vc_column_inner][\/vc_row_inner][\/vc_column][\/vc_row][vc_row css=&#8221;.vc_custom_1577441454304{margin-top: 40px !important;}&#8221;][vc_column width=&#8221;2\/3&#8243;][vc_empty_space height=&#8221;40px&#8221;][elx_heading font_size=&#8221;h4&#8243; text_color=&#8221;inherit&#8221;]Dine fordele ved vaskemaskiner fra Electrolux Professional:[\/elx_heading][vc_empty_space height=&#8221;10px&#8221;][vc_column_text el_class=&#8221;p-16&#8243; css=&#8221;.vc_custom_1648797568870{margin-bottom: 32px !important;}&#8221;]<strong>1. Rent og hygiejnisk:<\/strong> Maskinerne har desinfektionsprogrammer med NIR-garanti. Du f\u00e5r certifikat p\u00e5, at vaskemaskinen overholder NIR-reglerne*. Der er specialmaskiner til tandklinikker og \u00f8jenl\u00e6ger.<\/p>\n<p><strong>2. H\u00f8j driftssikkerhed:<\/strong> Industrimaskiner er mere robuste og holder mindst tre gange l\u00e6ngere end husholdningsmaskiner.<\/p>\n<p><strong>3. Vask p\u00e5 den halve tid:<\/strong> Op til 50% hurtigere end husholdningsmaskiner.<\/p>\n<p><strong>4. Milj\u00f8venlige maskiner:<\/strong> Electrolux Professionals maskiner vasker med et minimum forbrug af el og vand.[\/vc_column_text][\/vc_column][vc_column width=&#8221;1\/3&#8243;][vc_single_image image=&#8221;18921&#8243; img_size=&#8221;full&#8221; css=&#8221;.vc_custom_1611747549444{padding-top: 10px !important;}&#8221;][\/vc_column][\/vc_row][vc_row css=&#8221;.vc_custom_1722330975027{margin-top: 60px !important;padding-top: 50px !important;padding-bottom: 60px !important;background-color: #dadfe1 !important;}&#8221;][vc_column reveal_effect=&#8221;&#8221; el_class=&#8221;center&#8221;][elx_heading font_container=&#8221;h3&#8243; font_size=&#8221;h3&#8243; text_color=&#8221;inherit&#8221; css=&#8221;.vc_custom_1722331095898{padding-bottom: 20px !important;}&#8221;]F\u00e5 de helt rigtige maskiner til jeres behov[\/elx_heading][vc_empty_space height=&#8221;20px&#8221;][vc_column_text el_class=&#8221;p-16&#8243;]Electrolux Professional er landets f\u00f8rende ekspert inden for professionelle vaskerimaskiner og har markedets st\u00f8rste sortiment. Derfor kan du nemt finde en l\u00f8sning, som passer pr\u00e6cist til jeres vaskebehov og krav til hygiejne.[\/vc_column_text][vc_empty_space height=&#8221;40px&#8221;][elx_o2000_contact_us s=&#8221;Henvendelse fra Klinik-siden&#8221; request_type=&#8221;Quotation&#8221; country=&#8221;Denmark&#8221; b=&#8221;laundry&#8221; compact_view=&#8221;1&#8243; text_color=&#8221;#14133B&#8221; button_mode=&#8221;true&#8221; postion_button=&#8221;text-center&#8221; postion_button_mobile=&#8221;text-left-mobile&#8221; text_btn_contact=&#8221;H\u00f8r mere eller f\u00e5 et tilbud&#8221;][vc_column_text el_class=&#8221;p-16&#8243; css=&#8221;.vc_custom_1686902595970{margin-top: 20px !important;}&#8221;]<\/p>\n<p style=\"text-align: center;\">Har du sp\u00f8rgsm\u00e5l, er du velkommen til at ringe til os p\u00e5 tlf. 63 76 22 20.<\/p>\n<p>[\/vc_column_text][\/vc_column][\/vc_row][vc_row full_width=&#8221;electroluxpro-full-width&#8221; css=&#8221;.vc_custom_1618929128384{margin-top: 20px !important;}&#8221;][vc_column reveal_effect=&#8221;&#8221; css=&#8221;.vc_custom_1722331002974{margin-top: 60px !important;}&#8221;][elx_heading font_container=&#8221;h3&#8243; font_size=&#8221;h3&#8243; text_color=&#8221;inherit&#8221; text_align=&#8221;text-center&#8221;]Se hvad andre siger om deres Electrolux Professional vaskerier[\/elx_heading][\/vc_column][\/vc_row][vc_row gap=&#8221;20&#8243; css=&#8221;.vc_custom_1722428031469{margin-top: 60px !important;margin-right: 0px !important;margin-left: 0px !important;padding-right: 0px !important;padding-left: 0px !important;}&#8221;][vc_column reveal_effect=&#8221;&#8221; width=&#8221;2\/3&#8243; css=&#8221;.vc_custom_1525176649356{margin-right: 0px !important;border-right-width: 0px !important;padding-right: 0px !important;padding-bottom: 0px !important;padding-left: 20px !important;border-right-color: #ffffff !important;}&#8221;][vc_row_inner gap=&#8221;20&#8243; css=&#8221;.vc_custom_1722427715853{margin-right: 0px !important;border-right-width: 0px !important;padding-right: 0px !important;padding-left: 0px !important;border-right-color: #ffffff !important;}&#8221;][vc_column_inner width=&#8221;1\/2&#8243; css=&#8221;.vc_custom_1525174051954{margin-right: 0px !important;margin-left: 0px !important;padding-right: 0px !important;padding-left: 10px !important;}&#8221;][elx_video_block background_image=&#8221;5237&#8243; video_link=&#8221;https:\/\/www.youtube.com\/watch?v=URHN5sWMKNk&amp;feature=youtu.be&#8221; minimum_height=&#8221;180px&#8221;][vc_column_text el_class=&#8221;p-16&#8243; css=&#8221;.vc_custom_1535626678999{margin-top: 10px !important;}&#8221;]&#8221;Vigtigt at have tillid til vaskerileverand\u00f8ren.&#8221;<br \/>\n<a href=\"https:\/\/www.electroluxprofessional.com\/dk\/vision-gronningen\/\">Se videointerview med bestyrelsesformand<\/a>[\/vc_column_text][vc_empty_space][elx_video_block background_image=&#8221;5235&#8243; video_link=&#8221;https:\/\/www.youtube.com\/watch?v=RlH2RYqtW3I&amp;feature=youtu.be&#8221; minimum_height=&#8221;180px&#8221;][vc_column_text el_class=&#8221;p-16&#8243; css=&#8221;.vc_custom_1725950123878{margin-top: 10px !important;}&#8221;]&#8221;Vi sparer flere hundredetusinde kroner p\u00e5 str\u00f8mforbruget.&#8221;<br \/>\n<a href=\"https:\/\/www.electroluxprofessional.com\/dk\/vaskeri\/\">Se video med bestyrelsesmedlem<\/a>[\/vc_column_text][\/vc_column_inner][vc_column_inner width=&#8221;1\/2&#8243; css=&#8221;.vc_custom_1525174037166{margin-right: 0px !important;margin-left: 0px !important;border-right-width: 0px !important;padding-right: 0px !important;padding-left: 10px !important;}&#8221;][vc_column_text css=&#8221;.vc_custom_1722427754768{padding-top: 20px !important;padding-right: 20px !important;padding-bottom: 20px !important;padding-left: 20px !important;background-color: #041e41 !important;}&#8221; el_class=&#8221;p-16-white&#8221;]<strong>F\u00c5 NYE MASKINER UDEN INVESTERING<\/strong><\/p>\n<p>Med Electrolux Professional OnE Demand f\u00e5r din klinik nye vaskemaskiner stillet til r\u00e5dighed. Maskink\u00f8b, drift og vedligeholdelse betales pr. vask.<\/p>\n<p><a href=\"https:\/\/www.electroluxprofessional.com\/dk\/one-demand-pay-per-use\/\">Se hvordan det kan lade sig g\u00f8re<\/a>[\/vc_column_text][\/vc_column_inner][\/vc_row_inner][\/vc_column][vc_column width=&#8221;1\/3&#8243; css=&#8221;.vc_custom_1524667530556{margin-left: 0px !important;}&#8221;][vc_column_text css=&#8221;.vc_custom_1722427905215{margin-right: 10px !important;margin-bottom: 10px !important;margin-left: 10px !important;}&#8221;]<\/p>\n<h4 class=\"widget-title\">Hold dig ajour p\u00e5 vaskerifronten<\/h4>\n<p>[\/vc_column_text][vc_column_text css_animation=&#8221;none&#8221; el_class=&#8221;p-16&#8243; css=&#8221;.vc_custom_1528895207163{margin-right: 10px !important;margin-bottom: 20px !important;margin-left: 10px !important;}&#8221;]F\u00e5 e-mails med nyheder, tilbud, konkurrencer, tips og gode r\u00e5d om professionelle vaskeril\u00f8sninger fra Electrolux Professional.[\/vc_column_text][elx_o2000_mailchimp_form language=&#8221;dk&#8221; listid=&#8221;eed2270662&#8243;][\/vc_column][\/vc_row][vc_row][vc_column][vc_empty_space height=&#8221;50px&#8221;][\/vc_column][\/vc_row]<\/p>\n","protected":false},"excerpt":{"rendered":"<p>[vc_row full_width=&#8221;electroluxpro-full-width-no-padding&#8221;][vc_column][elx_hero_slider label_text_color=&#8221;inherit&#8221; images=&#8221;5413&#8243;][elx_heading font_container=&#8221;h4&#8243; font_size=&#8221;h4&#8243; text_color=&#8221;inherit&#8221;]Klinik[\/elx_heading][vc_column_text css=&#8221;.vc_custom_1528900734834{margin-bottom: -10px !important;}&#8221;]Med Electrolux Professional kan du vaske klinikt\u00f8j og h\u00e5ndkl\u00e6der 100 pct. bakteriefrit. Og du overholder NIR-reglerne* *) NIR \u2013 Nationale Infektionshygiejniske Retningslinjer udarbejdet af Central Enhed for Infektionshygiejne (CEI). Statens Serum Institut, 2015. [\/vc_column_text][\/elx_hero_slider][\/vc_column][\/vc_row][vc_row][vc_column][vc_empty_space height=&#8221;50px&#8221;][elx_heading font_container=&#8221;h1&#8243; font_size=&#8221;h1&#8243; text_color=&#8221;electrolux-blue&#8221; text_align=&#8221;text-left&#8221; css=&#8221;.vc_custom_1634030968134{margin-top: 50px !important;margin-bottom: 50px !important;}&#8221;]Dit vasket\u00f8j bliver [&hellip;]<\/p>\n","protected":false},"author":64,"featured_media":0,"parent":0,"menu_order":0,"comment_status":"closed","ping_status":"closed","template":"","meta":{"footnotes":""},"class_list":["post-5392","page","type-page","status-publish","hentry"],"acf":[],"yoast_head":"<!-- This site is optimized with the Yoast SEO plugin v23.3 - https:\/\/yoast.com\/wordpress\/plugins\/seo\/ -->\n<title>Vask af klinikt\u00f8j - Overhold NIR 100 pct .med Electrolux Professionel<\/title>\n<meta name=\"description\" content=\"Med Electrolux Professional kan du vaske klinikt\u00f8j og h\u00e5ndkl\u00e6der 100 pct. bakteriefrit. Og du overholder NIR-reglerne 100 pct. Maskinerne har desinfektionsprogrammer med NIR-garanti. Du f\u00e5r certifikat p\u00e5, at vaskemaskinen overholder NIR-reglerne\" \/>\n<meta name=\"robots\" content=\"index, follow, max-snippet:-1, max-image-preview:large, max-video-preview:-1\" \/>\n<link rel=\"canonical\" href=\"https:\/\/www.electroluxprofessional.com\/dk\/klinik\/\" \/>\n<meta property=\"og:locale\" content=\"da_DK\" \/>\n<meta property=\"og:type\" content=\"article\" \/>\n<meta property=\"og:title\" content=\"Vask af klinikt\u00f8j - Overhold NIR 100 pct .med Electrolux Professionel\" \/>\n<meta property=\"og:description\" content=\"Med Electrolux Professional kan du vaske klinikt\u00f8j og h\u00e5ndkl\u00e6der 100 pct. bakteriefrit. Og du overholder NIR-reglerne 100 pct. Maskinerne har desinfektionsprogrammer med NIR-garanti. Du f\u00e5r certifikat p\u00e5, at vaskemaskinen overholder NIR-reglerne\" \/>\n<meta property=\"og:url\" content=\"https:\/\/www.electroluxprofessional.com\/dk\/klinik\/\" \/>\n<meta property=\"og:site_name\" content=\"Electrolux Professional Danmark\" \/>\n<meta property=\"article:modified_time\" content=\"2024-09-10T06:51:09+00:00\" \/>\n<meta name=\"twitter:card\" content=\"summary_large_image\" \/>\n<meta name=\"twitter:label1\" content=\"Estimeret l\u00e6setid\" \/>\n\t<meta name=\"twitter:data1\" content=\"4 minutter\" \/>\n<script type=\"application\/ld+json\" class=\"yoast-schema-graph\">{\"@context\":\"https:\/\/schema.org\",\"@graph\":[{\"@type\":\"WebPage\",\"@id\":\"https:\/\/www.electroluxprofessional.com\/dk\/klinik\/\",\"url\":\"https:\/\/www.electroluxprofessional.com\/dk\/klinik\/\",\"name\":\"Vask af klinikt\u00f8j - Overhold NIR 100 pct .med Electrolux Professionel\",\"isPartOf\":{\"@id\":\"https:\/\/www.electroluxprofessional.com\/dk\/#website\"},\"datePublished\":\"2024-07-30T08:43:04+00:00\",\"dateModified\":\"2024-09-10T06:51:09+00:00\",\"description\":\"Med Electrolux Professional kan du vaske klinikt\u00f8j og h\u00e5ndkl\u00e6der 100 pct. bakteriefrit. Og du overholder NIR-reglerne 100 pct. Maskinerne har desinfektionsprogrammer med NIR-garanti. Du f\u00e5r certifikat p\u00e5, at vaskemaskinen overholder NIR-reglerne\",\"breadcrumb\":{\"@id\":\"https:\/\/www.electroluxprofessional.com\/dk\/klinik\/#breadcrumb\"},\"inLanguage\":\"da-DK\",\"potentialAction\":[{\"@type\":\"ReadAction\",\"target\":[\"https:\/\/www.electroluxprofessional.com\/dk\/klinik\/\"]}]},{\"@type\":\"BreadcrumbList\",\"@id\":\"https:\/\/www.electroluxprofessional.com\/dk\/klinik\/#breadcrumb\",\"itemListElement\":[{\"@type\":\"ListItem\",\"position\":1,\"name\":\"Home\",\"item\":\"https:\/\/www.electroluxprofessional.com\/dk\/\"},{\"@type\":\"ListItem\",\"position\":2,\"name\":\"Klinik\"}]},{\"@type\":\"WebSite\",\"@id\":\"https:\/\/www.electroluxprofessional.com\/dk\/#website\",\"url\":\"https:\/\/www.electroluxprofessional.com\/dk\/\",\"name\":\"Electrolux Professional Danmark\",\"description\":\"\",\"potentialAction\":[{\"@type\":\"SearchAction\",\"target\":{\"@type\":\"EntryPoint\",\"urlTemplate\":\"https:\/\/www.electroluxprofessional.com\/dk\/?src={search_term_string}\"},\"query-input\":\"required name=search_term_string\"}],\"inLanguage\":\"da-DK\"}]}<\/script>\n<!-- \/ Yoast SEO plugin. -->","yoast_head_json":{"title":"Vask af klinikt\u00f8j - Overhold NIR 100 pct .med Electrolux Professionel","description":"Med Electrolux Professional kan du vaske klinikt\u00f8j og h\u00e5ndkl\u00e6der 100 pct. bakteriefrit. Og du overholder NIR-reglerne 100 pct. Maskinerne har desinfektionsprogrammer med NIR-garanti. Du f\u00e5r certifikat p\u00e5, at vaskemaskinen overholder NIR-reglerne","robots":{"index":"index","follow":"follow","max-snippet":"max-snippet:-1","max-image-preview":"max-image-preview:large","max-video-preview":"max-video-preview:-1"},"canonical":"https:\/\/www.electroluxprofessional.com\/dk\/klinik\/","og_locale":"da_DK","og_type":"article","og_title":"Vask af klinikt\u00f8j - Overhold NIR 100 pct .med Electrolux Professionel","og_description":"Med Electrolux Professional kan du vaske klinikt\u00f8j og h\u00e5ndkl\u00e6der 100 pct. bakteriefrit. Og du overholder NIR-reglerne 100 pct. Maskinerne har desinfektionsprogrammer med NIR-garanti. Du f\u00e5r certifikat p\u00e5, at vaskemaskinen overholder NIR-reglerne","og_url":"https:\/\/www.electroluxprofessional.com\/dk\/klinik\/","og_site_name":"Electrolux Professional Danmark","article_modified_time":"2024-09-10T06:51:09+00:00","twitter_card":"summary_large_image","twitter_misc":{"Estimeret l\u00e6setid":"4 minutter"},"schema":{"@context":"https:\/\/schema.org","@graph":[{"@type":"WebPage","@id":"https:\/\/www.electroluxprofessional.com\/dk\/klinik\/","url":"https:\/\/www.electroluxprofessional.com\/dk\/klinik\/","name":"Vask af klinikt\u00f8j - Overhold NIR 100 pct .med Electrolux Professionel","isPartOf":{"@id":"https:\/\/www.electroluxprofessional.com\/dk\/#website"},"datePublished":"2024-07-30T08:43:04+00:00","dateModified":"2024-09-10T06:51:09+00:00","description":"Med Electrolux Professional kan du vaske klinikt\u00f8j og h\u00e5ndkl\u00e6der 100 pct. bakteriefrit. Og du overholder NIR-reglerne 100 pct. Maskinerne har desinfektionsprogrammer med NIR-garanti. Du f\u00e5r certifikat p\u00e5, at vaskemaskinen overholder NIR-reglerne","breadcrumb":{"@id":"https:\/\/www.electroluxprofessional.com\/dk\/klinik\/#breadcrumb"},"inLanguage":"da-DK","potentialAction":[{"@type":"ReadAction","target":["https:\/\/www.electroluxprofessional.com\/dk\/klinik\/"]}]},{"@type":"BreadcrumbList","@id":"https:\/\/www.electroluxprofessional.com\/dk\/klinik\/#breadcrumb","itemListElement":[{"@type":"ListItem","position":1,"name":"Home","item":"https:\/\/www.electroluxprofessional.com\/dk\/"},{"@type":"ListItem","position":2,"name":"Klinik"}]},{"@type":"WebSite","@id":"https:\/\/www.electroluxprofessional.com\/dk\/#website","url":"https:\/\/www.electroluxprofessional.com\/dk\/","name":"Electrolux Professional Danmark","description":"","potentialAction":[{"@type":"SearchAction","target":{"@type":"EntryPoint","urlTemplate":"https:\/\/www.electroluxprofessional.com\/dk\/?src={search_term_string}"},"query-input":"required name=search_term_string"}],"inLanguage":"da-DK"}]}},"_links":{"self":[{"href":"https:\/\/www.electroluxprofessional.com\/dk\/wp-json\/wp\/v2\/pages\/5392"}],"collection":[{"href":"https:\/\/www.electroluxprofessional.com\/dk\/wp-json\/wp\/v2\/pages"}],"about":[{"href":"https:\/\/www.electroluxprofessional.com\/dk\/wp-json\/wp\/v2\/types\/page"}],"author":[{"embeddable":true,"href":"https:\/\/www.electroluxprofessional.com\/dk\/wp-json\/wp\/v2\/users\/64"}],"replies":[{"embeddable":true,"href":"https:\/\/www.electroluxprofessional.com\/dk\/wp-json\/wp\/v2\/comments?post=5392"}],"version-history":[{"count":82,"href":"https:\/\/www.electroluxprofessional.com\/dk\/wp-json\/wp\/v2\/pages\/5392\/revisions"}],"predecessor-version":[{"id":28484,"href":"https:\/\/www.electroluxprofessional.com\/dk\/wp-json\/wp\/v2\/pages\/5392\/revisions\/28484"}],"wp:attachment":[{"href":"https:\/\/www.electroluxprofessional.com\/dk\/wp-json\/wp\/v2\/media?parent=5392"}],"curies":[{"name":"wp","href":"https:\/\/api.w.org\/{rel}","templated":true}]}}