{"id":5377,"date":"2025-08-06T06:59:27","date_gmt":"2025-08-06T06:59:27","guid":{"rendered":"https:\/\/www.electroluxprofessional.com\/dk\/?page_id=5377"},"modified":"2025-11-05T18:30:08","modified_gmt":"2025-11-05T18:30:08","slug":"plejesektor","status":"publish","type":"page","link":"https:\/\/www.electroluxprofessional.com\/dk\/plejesektor\/","title":{"rendered":"Plejesektor"},"content":{"rendered":"<p>[vc_row full_width=&#8221;electroluxpro-full-width-no-padding&#8221;][vc_column][elx_hero_slider label_text_color=&#8221;inherit&#8221; images=&#8221;5388&#8243;][elx_heading font_container=&#8221;h4&#8243; font_size=&#8221;h4&#8243; text_color=&#8221;inherit&#8221;]Plejesektor[\/elx_heading][vc_column_text css=&#8221;.vc_custom_1617018949671{margin-bottom: -5px !important;}&#8221;]Med Electrolux Professional kan du vaske arbejdst\u00f8j, duge og linned p\u00e5 desinfektionsprogram.[\/vc_column_text][\/elx_hero_slider][\/vc_column][\/vc_row][vc_row css=&#8221;.vc_custom_1631091247371{margin-top: 60px !important;}&#8221;][vc_column][elx_heading font_container=&#8221;h1&#8243; font_size=&#8221;h1&#8243; text_color=&#8221;electrolux-blue&#8221; text_align=&#8221;text-left&#8221; css=&#8221;.vc_custom_1617020486047{margin-top: 50px !important;margin-bottom: 50px !important;}&#8221;]<strong>Du f\u00e5r rent, desinficeret vasket\u00f8j p\u00e5 rekordtid<\/strong>[\/elx_heading][\/vc_column][\/vc_row][vc_row css=&#8221;.vc_custom_1631091270648{margin-top: 40px !important;}&#8221;][vc_column][vc_column_text el_class=&#8221;p-16&#8243;]Som ansvarlig for et plejehjem eller lignende b\u00f8r du ikke g\u00e5 p\u00e5 kompromis med hygiejnen ved fx at vaske arbejdst\u00f8j og linned i en husholdningsmaskine. Alle <a href=\"https:\/\/www.electroluxprofessional.com\/dk\/industrivaskemaskiner\/\">Line 6000 vaskemaskiner fra Electrolux Professional<\/a> har desinfektionsprogram som standard.[\/vc_column_text][\/vc_column][\/vc_row][vc_row css=&#8221;.vc_custom_1631172896870{margin-top: 60px !important;}&#8221;][vc_column width=&#8221;6\/12&#8243;][vc_empty_space height=&#8221;10px&#8221;][elx_heading text_color=&#8221;inherit&#8221;]Dine fordele ved vaskemaskiner fra Electrolux Professional:[\/elx_heading][vc_empty_space][vc_column_text el_class=&#8221;p-16&#8243;]<strong>1. Rent og hygiejnisk:<\/strong> Maskinerne kan programmeres til specielle behov, fx desinfektionsprogram eller program til s\u00e6rligt genstridige pletter.<\/p>\n<p><strong>2. Desinfektionsprogrammer:<\/strong> Garanterer at dit vasket\u00f8j er effektivt desinficeret i alle cyklusser for et sikkert resultat. Programmerne er udviklet i samarbejde med det svenske RISE institut.<\/p>\n<p><strong>3. H\u00f8j driftssikkerhed:<\/strong> Industrimaskiner er mere robuste og holder mindst tre gange l\u00e6ngere end husholdningsmaskiner.<\/p>\n<p><strong>4. Klimavenlige maskiner:<\/strong> Electrolux Professionals maskiner vasker med et minimum forbrug af el og vand.[\/vc_column_text][vc_empty_space height=&#8221;50px&#8221;][elx_o2000_contact_us s=&#8221;Kontakt fra: Plejesektor-siden&#8221; request_type=&#8221;Quotation&#8221; flag_hide_request_type=&#8221;true&#8221; country=&#8221;Denmark&#8221; compact_view=&#8221;1&#8243; text_color=&#8221;#14133B&#8221; thanks=&#8221;Tak for din henvendelse. Vi kontakter dig snarest.&#8221; button_mode=&#8221;true&#8221; text_btn_contact=&#8221;H\u00f8r mere eller f\u00e5 et tilbud&#8221;][vc_column_text el_class=&#8221;p-16&#8243; css=&#8221;.vc_custom_1722331229774{margin-top: 20px !important;}&#8221;]<\/p>\n<p style=\"text-align: left;\">Har du sp\u00f8rgsm\u00e5l, er du velkommen til at ringe til os p\u00e5 tlf. 63 76 22 20.<\/p>\n<p>[\/vc_column_text][\/vc_column][vc_column width=&#8221;1\/12&#8243;][vc_empty_space height=&#8221;20px&#8221;][\/vc_column][vc_column width=&#8221;5\/12&#8243;][elx_image_block background_image=&#8221;19661&#8243; vert_back_position=&#8221;top&#8221; minimum_height=&#8221;650px&#8221;][\/vc_column][\/vc_row][vc_row css=&#8221;.vc_custom_1631172402352{margin-top: 60px !important;padding-top: 32px !important;padding-bottom: 32px !important;background-color: #041e41 !important;}&#8221;][vc_column width=&#8221;7\/12&#8243; css=&#8221;.vc_custom_1631174954239{padding-top: 40px !important;padding-right: 20px !important;}&#8221;][elx_heading text_color=&#8221;white&#8221;]F\u00e5 de helt rigtige maskiner til jeres behov[\/elx_heading][vc_column_text el_class=&#8221;p-16-white&#8221; css=&#8221;.vc_custom_1631174937861{margin-top: 32px !important;}&#8221;]Electrolux Professional er landets f\u00f8rende ekspert inden for professionelle vaskerimaskiner og har markedets st\u00f8rste sortiment. Derfor kan du nemt finde en l\u00f8sning, som passer pr\u00e6cist til jeres behov og krav til hygiejne.<\/p>\n<p>Vores samarbejde med RISE handler om at identificere og validere de mest velegnede processer, der inaktiverer patogene mikroorganismer i tekstiler i vaskeprocessen.<\/p>\n<p><strong><a href=\"https:\/\/www.electroluxprofessional.com\/dk\/rise-sikkert-vaskeri\/\">L\u00e6s mere om vores desinfektionsprogrammer<\/a><\/strong>[\/vc_column_text][\/vc_column][vc_column width=&#8221;1\/12&#8243;][vc_empty_space height=&#8221;20px&#8221;][\/vc_column][vc_column width=&#8221;4\/12&#8243; css=&#8221;.vc_custom_1631175059476{padding-right: 44px !important;padding-left: 44px !important;}&#8221;][vc_single_image image=&#8221;21482&#8243; img_size=&#8221;full&#8221; onclick=&#8221;custom_link&#8221; img_link_target=&#8221;_blank&#8221; link=&#8221;http:\/\/https:\/\/www.electroluxprofessional.com\/dk\/professionel-vaskemaskine-line-6000\/&#8221;][\/vc_column][\/vc_row][vc_row css=&#8221;.vc_custom_1631188726167{margin-top: 60px !important;}&#8221; el_id=&#8221;video&#8221;][vc_column reveal_effect=&#8221;&#8221; css=&#8221;.vc_custom_1617024796304{border-top-width: 1px !important;border-top-color: #dadfe1 !important;border-top-style: solid !important;}&#8221;][vc_empty_space][\/vc_column][\/vc_row][vc_row full_width=&#8221;electroluxpro-full-width&#8221;][vc_column][elx_heading font_container=&#8221;h3&#8243; font_size=&#8221;h3&#8243; text_color=&#8221;electrolux-blue&#8221; text_align=&#8221;text-center&#8221; css=&#8221;.vc_custom_1618999602205{margin-top: 0px !important;padding-top: 0px !important;padding-right: 0px !important;}&#8221;]Se hvad andre siger om deres Electrolux Professional vaskerier[\/elx_heading][\/vc_column][\/vc_row][vc_row gap=&#8221;20&#8243; css=&#8221;.vc_custom_1617024826203{margin-top: 20px !important;margin-right: 0px !important;margin-left: 0px !important;padding-top: 0px !important;padding-right: 0px !important;padding-left: 0px !important;}&#8221;][vc_column reveal_effect=&#8221;&#8221; width=&#8221;2\/3&#8243; css=&#8221;.vc_custom_1525176649356{margin-right: 0px !important;border-right-width: 0px !important;padding-right: 0px !important;padding-bottom: 0px !important;padding-left: 20px !important;border-right-color: #ffffff !important;}&#8221;][vc_row_inner gap=&#8221;20&#8243; css=&#8221;.vc_custom_1618999647917{margin-top: 20px !important;margin-right: 0px !important;border-right-width: 0px !important;padding-right: 0px !important;padding-left: 0px !important;border-right-color: #ffffff !important;}&#8221;][vc_column_inner width=&#8221;1\/2&#8243; css=&#8221;.vc_custom_1525174051954{margin-right: 0px !important;margin-left: 0px !important;padding-right: 0px !important;padding-left: 10px !important;}&#8221;][vc_single_image image=&#8221;5379&#8243; img_size=&#8221;355x180px&#8221; onclick=&#8221;custom_link&#8221; img_link_target=&#8221;_blank&#8221; css=&#8221;.vc_custom_1631090891631{padding-right: 0px !important;padding-left: 0px !important;}&#8221; link=&#8221;https:\/\/mypro.electroluxprofessional.dk\/referencer\/tandteknisk-klinik-roende\/&#8221;][vc_column_text el_class=&#8221;p-16&#8243; css=&#8221;.vc_custom_1631107547862{margin-top: 10px !important;}&#8221;]&#8221;Vaskemaskinen leveres med et certifikat, som garanterer, at den holder 80\u00b0 i minimum 10 min. S\u00e5 hygiejnen er i top!&#8221;<\/p>\n<p><strong><a href=\"https:\/\/mypro.electroluxprofessional.dk\/referencer\/tandteknisk-klinik-roende\/\" target=\"_blank\" rel=\"noopener noreferrer\">Se interview med en klinisk tandtekniker \u203a<\/a><\/strong>[\/vc_column_text][\/vc_column_inner][vc_column_inner width=&#8221;1\/2&#8243; css=&#8221;.vc_custom_1525174037166{margin-right: 0px !important;margin-left: 0px !important;border-right-width: 0px !important;padding-right: 0px !important;padding-left: 10px !important;}&#8221;][elx_video_block background_image=&#8221;7981&#8243; video_link=&#8221;https:\/\/www.youtube.com\/watch?v=PABSOLZMrS8&#8243; minimum_height=&#8221;180px&#8221;][vc_column_text el_class=&#8221;p-16&#8243; css=&#8221;.vc_custom_1631107558864{margin-top: 10px !important;}&#8221;]Beboerne i 102 \u00e6ldreboliger i Bristol f\u00e5r vasket deres t\u00f8j og linned i et effektivt vaskeri fra Electrolux Professional.<\/p>\n<p><strong><a href=\"https:\/\/www.youtube.com\/watch?v=PABSOLZMrS8\">Se videointerview med teamleder Julie Miles \u203a<\/a><\/strong>[\/vc_column_text][vc_column_text el_class=&#8221;p-14&#8243;](engelsktalende, med undertekster p\u00e5 engelsk)[\/vc_column_text][\/vc_column_inner][\/vc_row_inner][vc_empty_space height=&#8221;40px&#8221;][vc_row_inner full_width=&#8221;electroluxpro-container-no-padding&#8221; content_placement=&#8221;middle&#8221; css=&#8221;.vc_custom_1631175649594{margin-right: 32px !important;padding-top: 15px !important;padding-right: 32px !important;padding-bottom: 15px !important;padding-left: 10px !important;background-color: #dadfe1 !important;}&#8221;][vc_column_inner width=&#8221;1\/4&#8243; css=&#8221;.vc_custom_1631111467731{padding-right: 40px !important;padding-left: 10px !important;}&#8221;][vc_single_image image=&#8221;21480&#8243; img_size=&#8221;105&#215;106&#8243; style=&#8221;vc_box_circle&#8221;][\/vc_column_inner][vc_column_inner width=&#8221;3\/4&#8243; css=&#8221;.vc_custom_1631111430070{padding-right: 40px !important;}&#8221;][vc_column_text css=&#8221;.vc_custom_1631171680814{padding-top: 25px !important;padding-right: 40px !important;padding-bottom: 25px !important;}&#8221; el_class=&#8221;p-14&#8243;]Electrolux Professional er igen blevet udn\u00e6vnt til Elite Leverand\u00f8r til det offentlige i 2021. Det er andet \u00e5r i tr\u00e6k, at vi modtager denne h\u00e6der.[\/vc_column_text][\/vc_column_inner][\/vc_row_inner][\/vc_column][vc_column width=&#8221;1\/3&#8243; css=&#8221;.vc_custom_1631171857012{padding-top: 10px !important;}&#8221;][vc_column_text css=&#8221;.vc_custom_1631171905406{margin-top: 20px !important;margin-right: 10px !important;margin-bottom: 10px !important;margin-left: 13px !important;}&#8221;]<\/p>\n<h4 class=\"widget-title\">Hold dig ajour p\u00e5 vaskerifronten<\/h4>\n<p>[\/vc_column_text][vc_column_text css_animation=&#8221;none&#8221; el_class=&#8221;p-16&#8243; css=&#8221;.vc_custom_1631171916123{margin-top: 10px !important;margin-right: 10px !important;margin-bottom: 10px !important;margin-left: 13px !important;}&#8221;]<a href=\"https:\/\/www.electroluxprofessional.com\/dk\/ajour-paa-vaskerifronten\/\">F\u00e5 e-mails<\/a> med nyheder, tilbud, konkurrencer, tips og gode r\u00e5d om professionelle vaskeril\u00f8sninger fra Electrolux Professional.[\/vc_column_text][elx_o2000_mailchimp_form language=&#8221;dk&#8221; listid=&#8221;eed2270662&#8243;][\/vc_column][\/vc_row][vc_row][vc_column][vc_empty_space height=&#8221;50px&#8221;][\/vc_column][\/vc_row]<\/p>\n","protected":false},"excerpt":{"rendered":"<p>[vc_row full_width=&#8221;electroluxpro-full-width-no-padding&#8221;][vc_column][elx_hero_slider label_text_color=&#8221;inherit&#8221; images=&#8221;5388&#8243;][elx_heading font_container=&#8221;h4&#8243; font_size=&#8221;h4&#8243; text_color=&#8221;inherit&#8221;]Plejesektor[\/elx_heading][vc_column_text css=&#8221;.vc_custom_1617018949671{margin-bottom: -5px !important;}&#8221;]Med Electrolux Professional kan du vaske arbejdst\u00f8j, duge og linned p\u00e5 desinfektionsprogram.[\/vc_column_text][\/elx_hero_slider][\/vc_column][\/vc_row][vc_row css=&#8221;.vc_custom_1631091247371{margin-top: 60px !important;}&#8221;][vc_column][elx_heading font_container=&#8221;h1&#8243; font_size=&#8221;h1&#8243; text_color=&#8221;electrolux-blue&#8221; text_align=&#8221;text-left&#8221; css=&#8221;.vc_custom_1617020486047{margin-top: 50px !important;margin-bottom: 50px !important;}&#8221;]Du f\u00e5r rent, desinficeret vasket\u00f8j p\u00e5 rekordtid[\/elx_heading][\/vc_column][\/vc_row][vc_row css=&#8221;.vc_custom_1631091270648{margin-top: 40px !important;}&#8221;][vc_column][vc_column_text el_class=&#8221;p-16&#8243;]Som ansvarlig for et plejehjem eller lignende b\u00f8r du ikke g\u00e5 p\u00e5 kompromis [&hellip;]<\/p>\n","protected":false},"author":64,"featured_media":0,"parent":0,"menu_order":0,"comment_status":"closed","ping_status":"closed","template":"","meta":{"footnotes":""},"class_list":["post-5377","page","type-page","status-publish","hentry"],"acf":[],"yoast_head":"<!-- This site is optimized with the Yoast SEO plugin v23.3 - https:\/\/yoast.com\/wordpress\/plugins\/seo\/ -->\n<title>Vaskel\u00f8sninger til plejesektoren - Electrolux Professional<\/title>\n<meta name=\"description\" content=\"Som ansvarlig for et plejehjem eller lignende b\u00f8r du ikke g\u00e5 p\u00e5 kompromis med kvalitet og hygiejne ved fx at vaske arbejdst\u00f8j og linned i en husholdningsmaskine.\" \/>\n<meta name=\"robots\" content=\"index, follow, max-snippet:-1, max-image-preview:large, max-video-preview:-1\" \/>\n<link rel=\"canonical\" href=\"https:\/\/www.electroluxprofessional.com\/dk\/plejesektor\/\" \/>\n<meta property=\"og:locale\" content=\"da_DK\" \/>\n<meta property=\"og:type\" content=\"article\" \/>\n<meta property=\"og:title\" content=\"Vaskel\u00f8sninger til plejesektoren - Electrolux Professional\" \/>\n<meta property=\"og:description\" content=\"Som ansvarlig for et plejehjem eller lignende b\u00f8r du ikke g\u00e5 p\u00e5 kompromis med kvalitet og hygiejne ved fx at vaske arbejdst\u00f8j og linned i en husholdningsmaskine.\" \/>\n<meta property=\"og:url\" content=\"https:\/\/www.electroluxprofessional.com\/dk\/plejesektor\/\" \/>\n<meta property=\"og:site_name\" content=\"Electrolux Professional Danmark\" \/>\n<meta property=\"article:modified_time\" content=\"2025-11-05T18:30:08+00:00\" \/>\n<meta name=\"twitter:card\" content=\"summary_large_image\" \/>\n<meta name=\"twitter:label1\" content=\"Estimeret l\u00e6setid\" \/>\n\t<meta name=\"twitter:data1\" content=\"4 minutter\" \/>\n<script type=\"application\/ld+json\" class=\"yoast-schema-graph\">{\"@context\":\"https:\/\/schema.org\",\"@graph\":[{\"@type\":\"WebPage\",\"@id\":\"https:\/\/www.electroluxprofessional.com\/dk\/plejesektor\/\",\"url\":\"https:\/\/www.electroluxprofessional.com\/dk\/plejesektor\/\",\"name\":\"Vaskel\u00f8sninger til plejesektoren - Electrolux Professional\",\"isPartOf\":{\"@id\":\"https:\/\/www.electroluxprofessional.com\/dk\/#website\"},\"datePublished\":\"2025-08-06T06:59:27+00:00\",\"dateModified\":\"2025-11-05T18:30:08+00:00\",\"description\":\"Som ansvarlig for et plejehjem eller lignende b\u00f8r du ikke g\u00e5 p\u00e5 kompromis med kvalitet og hygiejne ved fx at vaske arbejdst\u00f8j og linned i en husholdningsmaskine.\",\"breadcrumb\":{\"@id\":\"https:\/\/www.electroluxprofessional.com\/dk\/plejesektor\/#breadcrumb\"},\"inLanguage\":\"da-DK\",\"potentialAction\":[{\"@type\":\"ReadAction\",\"target\":[\"https:\/\/www.electroluxprofessional.com\/dk\/plejesektor\/\"]}]},{\"@type\":\"BreadcrumbList\",\"@id\":\"https:\/\/www.electroluxprofessional.com\/dk\/plejesektor\/#breadcrumb\",\"itemListElement\":[{\"@type\":\"ListItem\",\"position\":1,\"name\":\"Home\",\"item\":\"https:\/\/www.electroluxprofessional.com\/dk\/\"},{\"@type\":\"ListItem\",\"position\":2,\"name\":\"Plejesektor\"}]},{\"@type\":\"WebSite\",\"@id\":\"https:\/\/www.electroluxprofessional.com\/dk\/#website\",\"url\":\"https:\/\/www.electroluxprofessional.com\/dk\/\",\"name\":\"Electrolux Professional Danmark\",\"description\":\"\",\"potentialAction\":[{\"@type\":\"SearchAction\",\"target\":{\"@type\":\"EntryPoint\",\"urlTemplate\":\"https:\/\/www.electroluxprofessional.com\/dk\/?src={search_term_string}\"},\"query-input\":\"required name=search_term_string\"}],\"inLanguage\":\"da-DK\"}]}<\/script>\n<!-- \/ Yoast SEO plugin. -->","yoast_head_json":{"title":"Vaskel\u00f8sninger til plejesektoren - Electrolux Professional","description":"Som ansvarlig for et plejehjem eller lignende b\u00f8r du ikke g\u00e5 p\u00e5 kompromis med kvalitet og hygiejne ved fx at vaske arbejdst\u00f8j og linned i en husholdningsmaskine.","robots":{"index":"index","follow":"follow","max-snippet":"max-snippet:-1","max-image-preview":"max-image-preview:large","max-video-preview":"max-video-preview:-1"},"canonical":"https:\/\/www.electroluxprofessional.com\/dk\/plejesektor\/","og_locale":"da_DK","og_type":"article","og_title":"Vaskel\u00f8sninger til plejesektoren - Electrolux Professional","og_description":"Som ansvarlig for et plejehjem eller lignende b\u00f8r du ikke g\u00e5 p\u00e5 kompromis med kvalitet og hygiejne ved fx at vaske arbejdst\u00f8j og linned i en husholdningsmaskine.","og_url":"https:\/\/www.electroluxprofessional.com\/dk\/plejesektor\/","og_site_name":"Electrolux Professional Danmark","article_modified_time":"2025-11-05T18:30:08+00:00","twitter_card":"summary_large_image","twitter_misc":{"Estimeret l\u00e6setid":"4 minutter"},"schema":{"@context":"https:\/\/schema.org","@graph":[{"@type":"WebPage","@id":"https:\/\/www.electroluxprofessional.com\/dk\/plejesektor\/","url":"https:\/\/www.electroluxprofessional.com\/dk\/plejesektor\/","name":"Vaskel\u00f8sninger til plejesektoren - Electrolux Professional","isPartOf":{"@id":"https:\/\/www.electroluxprofessional.com\/dk\/#website"},"datePublished":"2025-08-06T06:59:27+00:00","dateModified":"2025-11-05T18:30:08+00:00","description":"Som ansvarlig for et plejehjem eller lignende b\u00f8r du ikke g\u00e5 p\u00e5 kompromis med kvalitet og hygiejne ved fx at vaske arbejdst\u00f8j og linned i en husholdningsmaskine.","breadcrumb":{"@id":"https:\/\/www.electroluxprofessional.com\/dk\/plejesektor\/#breadcrumb"},"inLanguage":"da-DK","potentialAction":[{"@type":"ReadAction","target":["https:\/\/www.electroluxprofessional.com\/dk\/plejesektor\/"]}]},{"@type":"BreadcrumbList","@id":"https:\/\/www.electroluxprofessional.com\/dk\/plejesektor\/#breadcrumb","itemListElement":[{"@type":"ListItem","position":1,"name":"Home","item":"https:\/\/www.electroluxprofessional.com\/dk\/"},{"@type":"ListItem","position":2,"name":"Plejesektor"}]},{"@type":"WebSite","@id":"https:\/\/www.electroluxprofessional.com\/dk\/#website","url":"https:\/\/www.electroluxprofessional.com\/dk\/","name":"Electrolux Professional Danmark","description":"","potentialAction":[{"@type":"SearchAction","target":{"@type":"EntryPoint","urlTemplate":"https:\/\/www.electroluxprofessional.com\/dk\/?src={search_term_string}"},"query-input":"required name=search_term_string"}],"inLanguage":"da-DK"}]}},"_links":{"self":[{"href":"https:\/\/www.electroluxprofessional.com\/dk\/wp-json\/wp\/v2\/pages\/5377"}],"collection":[{"href":"https:\/\/www.electroluxprofessional.com\/dk\/wp-json\/wp\/v2\/pages"}],"about":[{"href":"https:\/\/www.electroluxprofessional.com\/dk\/wp-json\/wp\/v2\/types\/page"}],"author":[{"embeddable":true,"href":"https:\/\/www.electroluxprofessional.com\/dk\/wp-json\/wp\/v2\/users\/64"}],"replies":[{"embeddable":true,"href":"https:\/\/www.electroluxprofessional.com\/dk\/wp-json\/wp\/v2\/comments?post=5377"}],"version-history":[{"count":55,"href":"https:\/\/www.electroluxprofessional.com\/dk\/wp-json\/wp\/v2\/pages\/5377\/revisions"}],"predecessor-version":[{"id":30809,"href":"https:\/\/www.electroluxprofessional.com\/dk\/wp-json\/wp\/v2\/pages\/5377\/revisions\/30809"}],"wp:attachment":[{"href":"https:\/\/www.electroluxprofessional.com\/dk\/wp-json\/wp\/v2\/media?parent=5377"}],"curies":[{"name":"wp","href":"https:\/\/api.w.org\/{rel}","templated":true}]}}