{"id":4583,"date":"2020-03-03T07:24:18","date_gmt":"2020-03-03T07:24:18","guid":{"rendered":"https:\/\/www.electroluxprofessional.com\/?page_id=8563"},"modified":"2025-11-05T16:58:03","modified_gmt":"2025-11-05T16:58:03","slug":"koekkenventilation","status":"publish","type":"page","link":"https:\/\/www.electroluxprofessional.com\/dk\/koekkenventilation\/","title":{"rendered":"K\u00f8kkenventilation"},"content":{"rendered":"<p>[vc_row full_width=&#8221;electroluxpro-full-width-no-padding&#8221;][vc_column][elx_hero_slider label_text_color=&#8221;inherit&#8221; images=&#8221;4582&#8243;][elx_heading font_container=&#8221;h1&#8243; font_size=&#8221;h2&#8243; text_color=&#8221;inherit&#8221;]Professionel k\u00f8kkenventilation[\/elx_heading][\/elx_hero_slider][\/vc_column][\/vc_row][vc_row][vc_column][vc_empty_space height=&#8221;64px&#8221;][\/vc_column][\/vc_row][vc_row][vc_column width=&#8221;1\/2&#8243;][elx_heading font_size=&#8221;h1&#8243; text_color=&#8221;inherit&#8221;]Dimensioneret til dit behov[\/elx_heading][vc_empty_space][vc_column_text el_class=&#8221;p-16&#8243;]N\u00e5r dit professionelle k\u00f8kken kr\u00e6ver en alsidig, kraftfuld og innovativ k\u00f8kkenventilation, er Electrolux Professional\u2019s emh\u00e6tte serie din ideelle f\u00f8lgesvend.<\/p>\n<p>Vores produktsortiment til professionel k\u00f8kkenventilation har forskellige dimensioner, der opfylder dine specifikke behov og er udstyret med rustfrit st\u00e5l labyrintfiltre.[\/vc_column_text][\/vc_column][vc_column width=&#8221;1\/2&#8243;][vc_single_image image=&#8221;19545&#8243; img_size=&#8221;full&#8221; css=&#8221;.vc_custom_1616590425626{margin-top: 32px !important;}&#8221;][\/vc_column][\/vc_row][vc_row][vc_column][vc_empty_space height=&#8221;50px&#8221;][\/vc_column][\/vc_row][vc_row][vc_column][elx_heading font_container=&#8221;h3&#8243; text_color=&#8221;inherit&#8221; text_align=&#8221;text-center&#8221;]F\u00e5 mere at vide om Electrolux Professional k\u00f8kkenventilation[\/elx_heading][vc_empty_space height=&#8221;22px&#8221;][elx_o2000_contact_us r=&#8221;Jeg vil gerne vide mere om Electrolux k\u00f8kkenventilation. Kontakt mig venligst.&#8221; s=&#8221;Ang\u00e5ende k\u00f8kkenventilation&#8221; country=&#8221;Denmark&#8221; l=&#8221;dk&#8221; e=&#8221;steen.rasmussen@electroluxprofessional.com&#8221; container=&#8221;elxcontactus1487167533&#8243;][vc_empty_space][\/vc_column][\/vc_row]<\/p>\n","protected":false},"excerpt":{"rendered":"<p>[vc_row full_width=&#8221;electroluxpro-full-width-no-padding&#8221;][vc_column][elx_hero_slider label_text_color=&#8221;inherit&#8221; images=&#8221;4582&#8243;][elx_heading font_container=&#8221;h1&#8243; font_size=&#8221;h2&#8243; text_color=&#8221;inherit&#8221;]Professionel k\u00f8kkenventilation[\/elx_heading][\/elx_hero_slider][\/vc_column][\/vc_row][vc_row][vc_column][vc_empty_space height=&#8221;64px&#8221;][\/vc_column][\/vc_row][vc_row][vc_column width=&#8221;1\/2&#8243;][elx_heading font_size=&#8221;h1&#8243; text_color=&#8221;inherit&#8221;]Dimensioneret til dit behov[\/elx_heading][vc_empty_space][vc_column_text el_class=&#8221;p-16&#8243;]N\u00e5r dit professionelle k\u00f8kken kr\u00e6ver en alsidig, kraftfuld og innovativ k\u00f8kkenventilation, er Electrolux Professional\u2019s emh\u00e6tte serie din ideelle f\u00f8lgesvend. Vores produktsortiment til professionel k\u00f8kkenventilation har forskellige dimensioner, der opfylder dine specifikke behov og er udstyret med rustfrit st\u00e5l labyrintfiltre.[\/vc_column_text][\/vc_column][vc_column width=&#8221;1\/2&#8243;][vc_single_image [&hellip;]<\/p>\n","protected":false},"author":3,"featured_media":2508,"parent":0,"menu_order":0,"comment_status":"closed","ping_status":"closed","template":"","meta":{"footnotes":""},"class_list":["post-4583","page","type-page","status-publish","has-post-thumbnail","hentry"],"acf":[],"yoast_head":"<!-- This site is optimized with the Yoast SEO plugin v23.3 - https:\/\/yoast.com\/wordpress\/plugins\/seo\/ -->\n<title>K\u00f8kkenventilation til det professionelle k\u00f8kken med profesionelle krav<\/title>\n<meta name=\"description\" content=\"Et professionelt k\u00f8kken kr\u00e6ver en alsidig, kraftfuld og innovativ k\u00f8kkenventilation. Produktsortimentet fra Electrolux Professional har forskellige dimensioner, der kan opfylde de specifikke behov du har i dit k\u00f8kken og er udstyret med rustfrit st\u00e5l labyrintfiltre.\" \/>\n<meta name=\"robots\" content=\"index, follow, max-snippet:-1, max-image-preview:large, max-video-preview:-1\" \/>\n<link rel=\"canonical\" href=\"https:\/\/www.electroluxprofessional.com\/dk\/koekkenventilation\/\" \/>\n<meta property=\"og:locale\" content=\"da_DK\" \/>\n<meta property=\"og:type\" content=\"article\" \/>\n<meta property=\"og:title\" content=\"K\u00f8kkenventilation til det professionelle k\u00f8kken med profesionelle krav\" \/>\n<meta property=\"og:description\" content=\"Et professionelt k\u00f8kken kr\u00e6ver en alsidig, kraftfuld og innovativ k\u00f8kkenventilation. Produktsortimentet fra Electrolux Professional har forskellige dimensioner, der kan opfylde de specifikke behov du har i dit k\u00f8kken og er udstyret med rustfrit st\u00e5l labyrintfiltre.\" \/>\n<meta property=\"og:url\" content=\"https:\/\/www.electroluxprofessional.com\/dk\/koekkenventilation\/\" \/>\n<meta property=\"og:site_name\" content=\"Electrolux Professional Danmark\" \/>\n<meta property=\"article:modified_time\" content=\"2025-11-05T16:58:03+00:00\" \/>\n<meta property=\"og:image\" content=\"https:\/\/www.electroluxprofessional.com\/dk\/wp-content\/uploads\/2017\/02\/ventilation.jpg\" \/>\n\t<meta property=\"og:image:width\" content=\"2000\" \/>\n\t<meta property=\"og:image:height\" content=\"1145\" \/>\n\t<meta property=\"og:image:type\" content=\"image\/jpeg\" \/>\n<meta name=\"twitter:card\" content=\"summary_large_image\" \/>\n<meta name=\"twitter:label1\" content=\"Estimeret l\u00e6setid\" \/>\n\t<meta name=\"twitter:data1\" content=\"1 minut\" \/>\n<script type=\"application\/ld+json\" class=\"yoast-schema-graph\">{\"@context\":\"https:\/\/schema.org\",\"@graph\":[{\"@type\":\"WebPage\",\"@id\":\"https:\/\/www.electroluxprofessional.com\/dk\/koekkenventilation\/\",\"url\":\"https:\/\/www.electroluxprofessional.com\/dk\/koekkenventilation\/\",\"name\":\"K\u00f8kkenventilation til det professionelle k\u00f8kken med profesionelle krav\",\"isPartOf\":{\"@id\":\"https:\/\/www.electroluxprofessional.com\/dk\/#website\"},\"primaryImageOfPage\":{\"@id\":\"https:\/\/www.electroluxprofessional.com\/dk\/koekkenventilation\/#primaryimage\"},\"image\":{\"@id\":\"https:\/\/www.electroluxprofessional.com\/dk\/koekkenventilation\/#primaryimage\"},\"thumbnailUrl\":\"https:\/\/www.electroluxprofessional.com\/dk\/wp-content\/uploads\/2017\/02\/ventilation.jpg\",\"datePublished\":\"2020-03-03T07:24:18+00:00\",\"dateModified\":\"2025-11-05T16:58:03+00:00\",\"description\":\"Et professionelt k\u00f8kken kr\u00e6ver en alsidig, kraftfuld og innovativ k\u00f8kkenventilation. Produktsortimentet fra Electrolux Professional har forskellige dimensioner, der kan opfylde de specifikke behov du har i dit k\u00f8kken og er udstyret med rustfrit st\u00e5l labyrintfiltre.\",\"breadcrumb\":{\"@id\":\"https:\/\/www.electroluxprofessional.com\/dk\/koekkenventilation\/#breadcrumb\"},\"inLanguage\":\"da-DK\",\"potentialAction\":[{\"@type\":\"ReadAction\",\"target\":[\"https:\/\/www.electroluxprofessional.com\/dk\/koekkenventilation\/\"]}]},{\"@type\":\"ImageObject\",\"inLanguage\":\"da-DK\",\"@id\":\"https:\/\/www.electroluxprofessional.com\/dk\/koekkenventilation\/#primaryimage\",\"url\":\"https:\/\/www.electroluxprofessional.com\/dk\/wp-content\/uploads\/2017\/02\/ventilation.jpg\",\"contentUrl\":\"https:\/\/www.electroluxprofessional.com\/dk\/wp-content\/uploads\/2017\/02\/ventilation.jpg\",\"width\":2000,\"height\":1145,\"caption\":\"ventilation\"},{\"@type\":\"BreadcrumbList\",\"@id\":\"https:\/\/www.electroluxprofessional.com\/dk\/koekkenventilation\/#breadcrumb\",\"itemListElement\":[{\"@type\":\"ListItem\",\"position\":1,\"name\":\"Home\",\"item\":\"https:\/\/www.electroluxprofessional.com\/dk\/\"},{\"@type\":\"ListItem\",\"position\":2,\"name\":\"K\u00f8kkenventilation\"}]},{\"@type\":\"WebSite\",\"@id\":\"https:\/\/www.electroluxprofessional.com\/dk\/#website\",\"url\":\"https:\/\/www.electroluxprofessional.com\/dk\/\",\"name\":\"Electrolux Professional Danmark\",\"description\":\"\",\"potentialAction\":[{\"@type\":\"SearchAction\",\"target\":{\"@type\":\"EntryPoint\",\"urlTemplate\":\"https:\/\/www.electroluxprofessional.com\/dk\/?src={search_term_string}\"},\"query-input\":\"required name=search_term_string\"}],\"inLanguage\":\"da-DK\"}]}<\/script>\n<!-- \/ Yoast SEO plugin. -->","yoast_head_json":{"title":"K\u00f8kkenventilation til det professionelle k\u00f8kken med profesionelle krav","description":"Et professionelt k\u00f8kken kr\u00e6ver en alsidig, kraftfuld og innovativ k\u00f8kkenventilation. Produktsortimentet fra Electrolux Professional har forskellige dimensioner, der kan opfylde de specifikke behov du har i dit k\u00f8kken og er udstyret med rustfrit st\u00e5l labyrintfiltre.","robots":{"index":"index","follow":"follow","max-snippet":"max-snippet:-1","max-image-preview":"max-image-preview:large","max-video-preview":"max-video-preview:-1"},"canonical":"https:\/\/www.electroluxprofessional.com\/dk\/koekkenventilation\/","og_locale":"da_DK","og_type":"article","og_title":"K\u00f8kkenventilation til det professionelle k\u00f8kken med profesionelle krav","og_description":"Et professionelt k\u00f8kken kr\u00e6ver en alsidig, kraftfuld og innovativ k\u00f8kkenventilation. Produktsortimentet fra Electrolux Professional har forskellige dimensioner, der kan opfylde de specifikke behov du har i dit k\u00f8kken og er udstyret med rustfrit st\u00e5l labyrintfiltre.","og_url":"https:\/\/www.electroluxprofessional.com\/dk\/koekkenventilation\/","og_site_name":"Electrolux Professional Danmark","article_modified_time":"2025-11-05T16:58:03+00:00","og_image":[{"width":2000,"height":1145,"url":"https:\/\/www.electroluxprofessional.com\/dk\/wp-content\/uploads\/2017\/02\/ventilation.jpg","type":"image\/jpeg"}],"twitter_card":"summary_large_image","twitter_misc":{"Estimeret l\u00e6setid":"1 minut"},"schema":{"@context":"https:\/\/schema.org","@graph":[{"@type":"WebPage","@id":"https:\/\/www.electroluxprofessional.com\/dk\/koekkenventilation\/","url":"https:\/\/www.electroluxprofessional.com\/dk\/koekkenventilation\/","name":"K\u00f8kkenventilation til det professionelle k\u00f8kken med profesionelle krav","isPartOf":{"@id":"https:\/\/www.electroluxprofessional.com\/dk\/#website"},"primaryImageOfPage":{"@id":"https:\/\/www.electroluxprofessional.com\/dk\/koekkenventilation\/#primaryimage"},"image":{"@id":"https:\/\/www.electroluxprofessional.com\/dk\/koekkenventilation\/#primaryimage"},"thumbnailUrl":"https:\/\/www.electroluxprofessional.com\/dk\/wp-content\/uploads\/2017\/02\/ventilation.jpg","datePublished":"2020-03-03T07:24:18+00:00","dateModified":"2025-11-05T16:58:03+00:00","description":"Et professionelt k\u00f8kken kr\u00e6ver en alsidig, kraftfuld og innovativ k\u00f8kkenventilation. Produktsortimentet fra Electrolux Professional har forskellige dimensioner, der kan opfylde de specifikke behov du har i dit k\u00f8kken og er udstyret med rustfrit st\u00e5l labyrintfiltre.","breadcrumb":{"@id":"https:\/\/www.electroluxprofessional.com\/dk\/koekkenventilation\/#breadcrumb"},"inLanguage":"da-DK","potentialAction":[{"@type":"ReadAction","target":["https:\/\/www.electroluxprofessional.com\/dk\/koekkenventilation\/"]}]},{"@type":"ImageObject","inLanguage":"da-DK","@id":"https:\/\/www.electroluxprofessional.com\/dk\/koekkenventilation\/#primaryimage","url":"https:\/\/www.electroluxprofessional.com\/dk\/wp-content\/uploads\/2017\/02\/ventilation.jpg","contentUrl":"https:\/\/www.electroluxprofessional.com\/dk\/wp-content\/uploads\/2017\/02\/ventilation.jpg","width":2000,"height":1145,"caption":"ventilation"},{"@type":"BreadcrumbList","@id":"https:\/\/www.electroluxprofessional.com\/dk\/koekkenventilation\/#breadcrumb","itemListElement":[{"@type":"ListItem","position":1,"name":"Home","item":"https:\/\/www.electroluxprofessional.com\/dk\/"},{"@type":"ListItem","position":2,"name":"K\u00f8kkenventilation"}]},{"@type":"WebSite","@id":"https:\/\/www.electroluxprofessional.com\/dk\/#website","url":"https:\/\/www.electroluxprofessional.com\/dk\/","name":"Electrolux Professional Danmark","description":"","potentialAction":[{"@type":"SearchAction","target":{"@type":"EntryPoint","urlTemplate":"https:\/\/www.electroluxprofessional.com\/dk\/?src={search_term_string}"},"query-input":"required name=search_term_string"}],"inLanguage":"da-DK"}]}},"_links":{"self":[{"href":"https:\/\/www.electroluxprofessional.com\/dk\/wp-json\/wp\/v2\/pages\/4583"}],"collection":[{"href":"https:\/\/www.electroluxprofessional.com\/dk\/wp-json\/wp\/v2\/pages"}],"about":[{"href":"https:\/\/www.electroluxprofessional.com\/dk\/wp-json\/wp\/v2\/types\/page"}],"author":[{"embeddable":true,"href":"https:\/\/www.electroluxprofessional.com\/dk\/wp-json\/wp\/v2\/users\/3"}],"replies":[{"embeddable":true,"href":"https:\/\/www.electroluxprofessional.com\/dk\/wp-json\/wp\/v2\/comments?post=4583"}],"version-history":[{"count":25,"href":"https:\/\/www.electroluxprofessional.com\/dk\/wp-json\/wp\/v2\/pages\/4583\/revisions"}],"predecessor-version":[{"id":30752,"href":"https:\/\/www.electroluxprofessional.com\/dk\/wp-json\/wp\/v2\/pages\/4583\/revisions\/30752"}],"wp:featuredmedia":[{"embeddable":true,"href":"https:\/\/www.electroluxprofessional.com\/dk\/wp-json\/wp\/v2\/media\/2508"}],"wp:attachment":[{"href":"https:\/\/www.electroluxprofessional.com\/dk\/wp-json\/wp\/v2\/media?parent=4583"}],"curies":[{"name":"wp","href":"https:\/\/api.w.org\/{rel}","templated":true}]}}