{"id":3956,"date":"2021-10-02T14:18:38","date_gmt":"2021-10-02T14:18:38","guid":{"rendered":"http:\/\/professional.electrolux.se\/?page_id=2333"},"modified":"2025-06-04T10:13:58","modified_gmt":"2025-06-04T10:13:58","slug":"forhandlere-service","status":"publish","type":"page","link":"https:\/\/www.electroluxprofessional.com\/dk\/forhandlere-service\/","title":{"rendered":"Salg &#038; service"},"content":{"rendered":"<p>[vc_row full_width=&#8221;electroluxpro-container-no-padding&#8221; css=&#8221;.vc_custom_1633097804431{padding: 40px !important;background-color: #dadfe1 !important;}&#8221;][vc_column][vc_row_inner full_width=&#8221;electroluxpro-container-no-padding&#8221;][vc_column_inner][elx_heading font_container=&#8221;h1&#8243; font_size=&#8221;h1&#8243; text_color=&#8221;electrolux-blue&#8221; text_align=&#8221;text-center&#8221;]Support, service &amp; salg[\/elx_heading][\/vc_column_inner][\/vc_row_inner][\/vc_column][\/vc_row][vc_row gap=&#8221;35&#8243;][vc_column width=&#8221;1\/2&#8243; offset=&#8221;vc_hidden-xs&#8221;][vc_empty_space height=&#8221;50px&#8221;][vc_column_text css=&#8221;.vc_custom_1579265777296{padding-top: 2px !important;padding-right: 30px !important;padding-bottom: 28px !important;padding-left: 30px !important;}&#8221;]<\/p>\n<h2>Stork\u00f8kkenl\u00f8sninger<\/h2>\n<p>[\/vc_column_text][vc_column_text el_class=&#8221;p-16&#8243; css=&#8221;.vc_custom_1587553236358{margin-top: 32px !important;}&#8221;]<\/p>\n<h4>Service &amp; reservedele<\/h4>\n<p><strong>Sj\u00e6lland<\/strong><br \/>\nPro Stork\u00f8kken \u2013 telefon: <a href=\"tel:46983800\">4698 3800<\/a><br \/>\nMail: <a href=\"mailto:kontakt@prostorkoekken.dk\">kontakt@prostorkoekken.dk<\/a><\/p>\n<h4>Service &amp; reservedele<\/h4>\n<p><strong>Jylland &amp; Fyn<\/strong><br \/>\nP.E Kristensen \u2013 telefon: <a href=\"tel:96340656\">9634 0656<\/a><br \/>\nMail: <a href=\"mailto:de@pe-kristensen.dk\">de@pe-kristensen.dk<\/a><\/p>\n<h4>Salg<\/h4>\n<p>Telefon: <a href=\"tel:87403500\">8740 3500<\/a><br \/>\nMail: <a href=\"mailto:storkokken@electroluxprofessional.com\">storkokken@electroluxprofessional.com<\/a>[\/vc_column_text][\/vc_column][vc_column width=&#8221;1\/2&#8243; offset=&#8221;vc_hidden-xs&#8221;][vc_empty_space height=&#8221;50px&#8221;][vc_column_text css=&#8221;.vc_custom_1579265762269{padding-top: 2px !important;padding-right: 30px !important;padding-bottom: 28px !important;padding-left: 30px !important;}&#8221;]<\/p>\n<h2>Vaskeril\u00f8sninger<\/h2>\n<p>[\/vc_column_text][vc_column_text el_class=&#8221;p-16&#8243; css=&#8221;.vc_custom_1633095420585{margin-top: 32px !important;}&#8221;]<\/p>\n<h4>Service<\/h4>\n<p>Telefon: <a style=\"color: #009abf;\" href=\"tel:63762221\">6376 2221<\/a><br \/>\nMail: <a style=\"color: #009abf;\" href=\"mailto:service.dk@electroluxprofessional.com\">service.dk@electroluxprofessional.com<\/a><\/p>\n<h4>Reservedele<\/h4>\n<p>Telefon: <a style=\"color: #009abf;\" href=\"tel:63762222\">6376 2222<\/a><br \/>\nMail: <a style=\"color: #009abf;\" href=\"mailto:reservedele.dk@electroluxprofessional.com\">reservedele.dk@electroluxprofessional.com<\/a><\/p>\n<h4>Salg<\/h4>\n<p>Telefon: <a style=\"color: #009abf;\" href=\"tel:63762220\">6376 2220<\/a><br \/>\nMail: <a style=\"color: #009abf;\" href=\"mailto:salg.dk@electroluxprofessional.com\">salg.dk@electroluxprofessional.com<\/a>[\/vc_column_text][\/vc_column][\/vc_row][vc_row css=&#8221;.vc_custom_1577709958319{margin-top: 40px !important;}&#8221;][vc_column offset=&#8221;vc_hidden-xs&#8221;][vc_column_text el_class=&#8221;p-16&#8243;]Anvend menuen nedenfor til at finde n\u00e6rmeste salgs- og servicepartner.[\/vc_column_text][vc_empty_space height=&#8221;20px&#8221;][elx_o2000_locator cf=&#8221;Denmark&#8221; l=&#8221;dk&#8221; container=&#8221;elxlocator1494576595&#8243; request=&#8221;Jeg vil gerne kontaktes vedr\u00f8rende {{acs}}&#8221;][vc_empty_space height=&#8221;50px&#8221;][\/vc_column][\/vc_row][vc_row custom_color_row=&#8221;bg-row-light-blue&#8221; css=&#8221;.vc_custom_1739176875824{background-color: #e9eff5 !important;}&#8221;][vc_column][vc_empty_space][elx_heading font_size=&#8221;h4&#8243; text_color=&#8221;electrolux-blue&#8221; text_align=&#8221;text-left&#8221;]Bliv en certificeret servicepartner! [\/elx_heading][vc_empty_space height=&#8221;10px&#8221;][vc_column_text]<span class=\"TextRun SCXW81954183 BCX0\" data-contrast=\"none\"><span class=\"NormalTextRun SCXW81954183 BCX0\">Bliv en del af vores certificerede servicenetv\u00e6rk! Udvid din forretning ved at blive en autoriseret servicepartner. F\u00e5 adgang til eksklusiv tr\u00e6ning, support og v\u00e6kstmuligheder.\u00a0<\/span><\/span><span class=\"EOP SCXW81954183 BCX0\" data-ccp-props=\"{&quot;134233117&quot;:true,&quot;201341983&quot;:0,&quot;335557856&quot;:16777215,&quot;335559739&quot;:0,&quot;335559740&quot;:240}\">\u00a0<\/span>[\/vc_column_text][vc_empty_space height=&#8221;25px&#8221;][elx_o2000_contact_us request_type=&#8221;Customer support&#8221; button_mode=&#8221;true&#8221; button_style=&#8221;secondary&#8221; postion_button=&#8221;text-left&#8221; postion_button_mobile=&#8221;text-left-mobile&#8221; text_btn_contact=&#8221;Ans\u00f8g i dag!&#8221; r=&#8221;Jeg vil gerne kontaktes for at blive din servicepartner. Tak.&#8221;][vc_empty_space height=&#8221;40px&#8221;][\/vc_column][\/vc_row]<\/p>\n","protected":false},"excerpt":{"rendered":"<p>[vc_row full_width=&#8221;electroluxpro-container-no-padding&#8221; css=&#8221;.vc_custom_1633097804431{padding: 40px !important;background-color: #dadfe1 !important;}&#8221;][vc_column][vc_row_inner full_width=&#8221;electroluxpro-container-no-padding&#8221;][vc_column_inner][elx_heading font_container=&#8221;h1&#8243; font_size=&#8221;h1&#8243; text_color=&#8221;electrolux-blue&#8221; text_align=&#8221;text-center&#8221;]Support, service &amp; salg[\/elx_heading][\/vc_column_inner][\/vc_row_inner][\/vc_column][\/vc_row][vc_row gap=&#8221;35&#8243;][vc_column width=&#8221;1\/2&#8243; offset=&#8221;vc_hidden-xs&#8221;][vc_empty_space height=&#8221;50px&#8221;][vc_column_text css=&#8221;.vc_custom_1579265777296{padding-top: 2px !important;padding-right: 30px !important;padding-bottom: 28px !important;padding-left: 30px !important;}&#8221;] Stork\u00f8kkenl\u00f8sninger [\/vc_column_text][vc_column_text el_class=&#8221;p-16&#8243; css=&#8221;.vc_custom_1587553236358{margin-top: 32px !important;}&#8221;] Service &amp; reservedele Sj\u00e6lland Pro Stork\u00f8kken \u2013 telefon: 4698 3800 Mail: kontakt@prostorkoekken.dk Service &amp; reservedele Jylland &amp; Fyn P.E Kristensen \u2013 [&hellip;]<\/p>\n","protected":false},"author":4,"featured_media":0,"parent":0,"menu_order":0,"comment_status":"closed","ping_status":"closed","template":"","meta":{"footnotes":""},"class_list":["post-3956","page","type-page","status-publish","hentry"],"acf":[],"yoast_head":"<!-- This site is optimized with the Yoast SEO plugin v23.3 - https:\/\/yoast.com\/wordpress\/plugins\/seo\/ -->\n<title>Support, service og salg af professionelle k\u00f8kken-og vaskeril\u00f8sninger<\/title>\n<meta name=\"description\" content=\"Support, service og salg. Kontakt Electrolux Professional for professionelle k\u00f8kken- eller vaskeril\u00f8sninger. Til restaurant, hotel og caf\u00e9 eller boligforening, service og industri eller offentlige institutioner.\" \/>\n<meta name=\"robots\" content=\"index, follow, max-snippet:-1, max-image-preview:large, max-video-preview:-1\" \/>\n<link rel=\"canonical\" href=\"https:\/\/www.electroluxprofessional.com\/dk\/forhandlere-service\/\" \/>\n<meta property=\"og:locale\" content=\"da_DK\" \/>\n<meta property=\"og:type\" content=\"article\" \/>\n<meta property=\"og:title\" content=\"Support, service og salg af professionelle k\u00f8kken-og vaskeril\u00f8sninger\" \/>\n<meta property=\"og:description\" content=\"Support, service og salg. Kontakt Electrolux Professional for professionelle k\u00f8kken- eller vaskeril\u00f8sninger. Til restaurant, hotel og caf\u00e9 eller boligforening, service og industri eller offentlige institutioner.\" \/>\n<meta property=\"og:url\" content=\"https:\/\/www.electroluxprofessional.com\/dk\/forhandlere-service\/\" \/>\n<meta property=\"og:site_name\" content=\"Electrolux Professional Danmark\" \/>\n<meta property=\"article:modified_time\" content=\"2025-06-04T10:13:58+00:00\" \/>\n<meta name=\"twitter:card\" content=\"summary_large_image\" \/>\n<meta name=\"twitter:label1\" content=\"Estimeret l\u00e6setid\" \/>\n\t<meta name=\"twitter:data1\" content=\"1 minut\" \/>\n<script type=\"application\/ld+json\" class=\"yoast-schema-graph\">{\"@context\":\"https:\/\/schema.org\",\"@graph\":[{\"@type\":\"WebPage\",\"@id\":\"https:\/\/www.electroluxprofessional.com\/dk\/forhandlere-service\/\",\"url\":\"https:\/\/www.electroluxprofessional.com\/dk\/forhandlere-service\/\",\"name\":\"Support, service og salg af professionelle k\u00f8kken-og vaskeril\u00f8sninger\",\"isPartOf\":{\"@id\":\"https:\/\/www.electroluxprofessional.com\/dk\/#website\"},\"datePublished\":\"2021-10-02T14:18:38+00:00\",\"dateModified\":\"2025-06-04T10:13:58+00:00\",\"description\":\"Support, service og salg. Kontakt Electrolux Professional for professionelle k\u00f8kken- eller vaskeril\u00f8sninger. Til restaurant, hotel og caf\u00e9 eller boligforening, service og industri eller offentlige institutioner.\",\"breadcrumb\":{\"@id\":\"https:\/\/www.electroluxprofessional.com\/dk\/forhandlere-service\/#breadcrumb\"},\"inLanguage\":\"da-DK\",\"potentialAction\":[{\"@type\":\"ReadAction\",\"target\":[\"https:\/\/www.electroluxprofessional.com\/dk\/forhandlere-service\/\"]}]},{\"@type\":\"BreadcrumbList\",\"@id\":\"https:\/\/www.electroluxprofessional.com\/dk\/forhandlere-service\/#breadcrumb\",\"itemListElement\":[{\"@type\":\"ListItem\",\"position\":1,\"name\":\"Home\",\"item\":\"https:\/\/www.electroluxprofessional.com\/dk\/\"},{\"@type\":\"ListItem\",\"position\":2,\"name\":\"Salg &#038; service\"}]},{\"@type\":\"WebSite\",\"@id\":\"https:\/\/www.electroluxprofessional.com\/dk\/#website\",\"url\":\"https:\/\/www.electroluxprofessional.com\/dk\/\",\"name\":\"Electrolux Professional Danmark\",\"description\":\"\",\"potentialAction\":[{\"@type\":\"SearchAction\",\"target\":{\"@type\":\"EntryPoint\",\"urlTemplate\":\"https:\/\/www.electroluxprofessional.com\/dk\/?src={search_term_string}\"},\"query-input\":\"required name=search_term_string\"}],\"inLanguage\":\"da-DK\"}]}<\/script>\n<!-- \/ Yoast SEO plugin. -->","yoast_head_json":{"title":"Support, service og salg af professionelle k\u00f8kken-og vaskeril\u00f8sninger","description":"Support, service og salg. Kontakt Electrolux Professional for professionelle k\u00f8kken- eller vaskeril\u00f8sninger. Til restaurant, hotel og caf\u00e9 eller boligforening, service og industri eller offentlige institutioner.","robots":{"index":"index","follow":"follow","max-snippet":"max-snippet:-1","max-image-preview":"max-image-preview:large","max-video-preview":"max-video-preview:-1"},"canonical":"https:\/\/www.electroluxprofessional.com\/dk\/forhandlere-service\/","og_locale":"da_DK","og_type":"article","og_title":"Support, service og salg af professionelle k\u00f8kken-og vaskeril\u00f8sninger","og_description":"Support, service og salg. Kontakt Electrolux Professional for professionelle k\u00f8kken- eller vaskeril\u00f8sninger. Til restaurant, hotel og caf\u00e9 eller boligforening, service og industri eller offentlige institutioner.","og_url":"https:\/\/www.electroluxprofessional.com\/dk\/forhandlere-service\/","og_site_name":"Electrolux Professional Danmark","article_modified_time":"2025-06-04T10:13:58+00:00","twitter_card":"summary_large_image","twitter_misc":{"Estimeret l\u00e6setid":"1 minut"},"schema":{"@context":"https:\/\/schema.org","@graph":[{"@type":"WebPage","@id":"https:\/\/www.electroluxprofessional.com\/dk\/forhandlere-service\/","url":"https:\/\/www.electroluxprofessional.com\/dk\/forhandlere-service\/","name":"Support, service og salg af professionelle k\u00f8kken-og vaskeril\u00f8sninger","isPartOf":{"@id":"https:\/\/www.electroluxprofessional.com\/dk\/#website"},"datePublished":"2021-10-02T14:18:38+00:00","dateModified":"2025-06-04T10:13:58+00:00","description":"Support, service og salg. Kontakt Electrolux Professional for professionelle k\u00f8kken- eller vaskeril\u00f8sninger. Til restaurant, hotel og caf\u00e9 eller boligforening, service og industri eller offentlige institutioner.","breadcrumb":{"@id":"https:\/\/www.electroluxprofessional.com\/dk\/forhandlere-service\/#breadcrumb"},"inLanguage":"da-DK","potentialAction":[{"@type":"ReadAction","target":["https:\/\/www.electroluxprofessional.com\/dk\/forhandlere-service\/"]}]},{"@type":"BreadcrumbList","@id":"https:\/\/www.electroluxprofessional.com\/dk\/forhandlere-service\/#breadcrumb","itemListElement":[{"@type":"ListItem","position":1,"name":"Home","item":"https:\/\/www.electroluxprofessional.com\/dk\/"},{"@type":"ListItem","position":2,"name":"Salg &#038; service"}]},{"@type":"WebSite","@id":"https:\/\/www.electroluxprofessional.com\/dk\/#website","url":"https:\/\/www.electroluxprofessional.com\/dk\/","name":"Electrolux Professional Danmark","description":"","potentialAction":[{"@type":"SearchAction","target":{"@type":"EntryPoint","urlTemplate":"https:\/\/www.electroluxprofessional.com\/dk\/?src={search_term_string}"},"query-input":"required name=search_term_string"}],"inLanguage":"da-DK"}]}},"_links":{"self":[{"href":"https:\/\/www.electroluxprofessional.com\/dk\/wp-json\/wp\/v2\/pages\/3956"}],"collection":[{"href":"https:\/\/www.electroluxprofessional.com\/dk\/wp-json\/wp\/v2\/pages"}],"about":[{"href":"https:\/\/www.electroluxprofessional.com\/dk\/wp-json\/wp\/v2\/types\/page"}],"author":[{"embeddable":true,"href":"https:\/\/www.electroluxprofessional.com\/dk\/wp-json\/wp\/v2\/users\/4"}],"replies":[{"embeddable":true,"href":"https:\/\/www.electroluxprofessional.com\/dk\/wp-json\/wp\/v2\/comments?post=3956"}],"version-history":[{"count":48,"href":"https:\/\/www.electroluxprofessional.com\/dk\/wp-json\/wp\/v2\/pages\/3956\/revisions"}],"predecessor-version":[{"id":29672,"href":"https:\/\/www.electroluxprofessional.com\/dk\/wp-json\/wp\/v2\/pages\/3956\/revisions\/29672"}],"wp:attachment":[{"href":"https:\/\/www.electroluxprofessional.com\/dk\/wp-json\/wp\/v2\/media?parent=3956"}],"curies":[{"name":"wp","href":"https:\/\/api.w.org\/{rel}","templated":true}]}}